{"id":55822,"date":"2018-04-06T15:40:50","date_gmt":"2018-04-06T12:40:50","guid":{"rendered":"https:\/\/sanatate.md\/?page_id=55822"},"modified":"2018-04-06T15:40:50","modified_gmt":"2018-04-06T12:40:50","slug":"anemia-anemie","status":"publish","type":"page","link":"https:\/\/sanatate.md\/ro\/boli-si-tratament\/boli-comune\/anemia-anemie\/","title":{"rendered":"Anemia (anemie)"},"content":{"rendered":"<p>\u00cen mod clasic, anemia se define\u015fte ca fiind sc\u0103derea hemoglobinei \u015fi a hematocritului sub valorile normale corespunz\u0103toare v\u00e2rstei \u015fi sexului.<\/p>\n<p>Hemoglobina este o protein\u0103 complex\u0103 (care con\u0163ine fier), ce reprezint\u0103 cea mai important\u0103 component\u0103 a globulelor ro\u015fii din s\u00e2nge numite hematii sau eritrocite. Hematocritul reprezint\u0103 raportul dintre volumul hematiilor \u015fi volumul plasmatic exprimat procentual.\u00a0Exper\u021bii consider\u0103, c\u0103 anemia nu este o boal\u0103 separat\u0103, ci unul dintre semnele altor boli, \u00een care corpul de fier este insuficient.<\/p>\n<p>Adesea, o astfel de stare este consecin\u0163\u0103 a unei diete stricte, atunci c\u00e2nd organismul nu prime\u0219te suficiente elemente nutritive, ceea ce duce ulterior la anemie. Dup\u0103 interven\u021bia chirurgical\u0103 pentru \u00eendep\u0103rtarea p\u0103r\u021bii din stomac, absorb\u021bia sistemului digestiv este afectat\u0103, ceea ce duce \u0219i la o stare de deficit de fier. O stare boln\u0103vicioas\u0103 vine dup\u0103 o mul\u021bime de pierderi de s\u00e2nge: acest lucru este tipic femeilor cu menstrua\u021bie profund\u0103, pacien\u021bilor cu ulcer gastric \u0219i duodenal, alte boli \u00een care este posibil\u0103 s\u00e2ngerarea.<\/p>\n<p>Anemia hemolitic\u0103 se dezvolt\u0103 ca rezultat al distrugerii prea rapide a celulelor ro\u0219ii din s\u00e2nge, iar anemia de siclemie este declan\u0219at\u0103 de producerea de hemoglobin\u0103 anormal\u0103 \u00een organism.<\/p>\n<p>Dac\u0103 exist\u0103 o suspiciune de anemie, este necesar s\u0103 se consulte un medic \u0219i s\u0103 se efectueze studiile necesare, deoarece anemia produce complica\u0163ii &#8212; determin\u0103 o sc\u0103dere a rezisten\u021bei, reduce propriet\u0103\u021bile protectoare ale corpului. O stare boln\u0103vicioas\u0103 poate avertiza despre prezen\u021ba unor patologii grave \u00een organism. Pentru a confirma diagnosticul, este suficient un test de s\u00e2nge.<\/p>\n<h3>Cauzele<\/h3>\n<p>Cauza principal\u0103 a apari\u0163iei bolii este deficien\u021ba fierului, a vitaminei B12 sau a acidului folic. Lipsa fierului poate fi declan\u0219at\u0103 prin s\u00e2ngerare intern\u0103 sau extern\u0103, lu\u00e2nd anumite medicamente (de exemplu, acid acetilsalicilic, ibuprofen), tumori maligne.<\/p>\n<h3>Simptomele<\/h3>\n<p>Semnele unei afec\u021biuni dureroase sunt:<br \/>\n\u2022 paloarea palid\u0103 a pielii;<br \/>\n\u2022 oboseala crescut\u0103;<br \/>\n\u2022 sl\u0103biciunea general\u0103;<br \/>\n\u2022 &#8220;musculi\u0163e&#8221; \u00een ochi;<br \/>\n\u2022 dificult\u0103\u021bi de respira\u021bie;<br \/>\n\u2022 puls \u00eendesit.<\/p>\n<p>Dac\u0103 starea a ap\u0103rut pe fondul lipsei de acid folic, pacientul poate dezvolta stomatit\u0103, inflama\u021bia limbii, exist\u0103 o u\u0219oar\u0103 furnic\u0103tur\u0103 la nivelul m\u00e2inilor \u0219i picioarelor.<\/p>\n<h3>Grade de stare morbid\u0103<\/h3>\n<p>Speciali\u0219tii disting 3 grade de boal\u0103, care sunt determinate prin teste de laborator la nivelul hemoglobinei din s\u00e2nge:<br \/>\n\u2022 grad u\u0219or &#8211; hemoglobin\u0103 u\u0219or redus\u0103 (la b\u0103rba\u021bi de la 100 la 120 g \/ l, la femei de la 90 la 110 g \/ l); \u00een acest caz, o diet\u0103 suficient de \u00eembog\u0103\u021bit\u0103 cu fier \u0219i indicatorii vor reveni la normal, dac\u0103 cauza este eliminat\u0103;<br \/>\n\u2022 nivel mediu &#8211; hemoglobina de la 70 la 80 g \/ l; pacientul e ame\u021bit, devine slab; \u00cen acest grad, este indicat\u0103 terapia care con\u021bine fier;<br \/>\n\u2022 al treilea grad sever &#8211; hemoglobina sub 70 g \/ l, exist\u0103 schimb\u0103ri \u00een activitatea inimii, s\u00e2ngele este diluat, starea general\u0103 este sever\u0103.<\/p>\n<h3>Cum s\u0103 preveni\u021bi anemia<\/h3>\n<p>Este necesar s\u0103 se includ\u0103 \u00een diet\u0103 legume verzi, verde\u0163uri, care vor oferi organismului acid folic. P\u00e2inea este grosier\u0103, la micul dejun se iau cereale, de asemenea, cu un nivel ridicat de acid folic.<\/p>\n<p>Alimentele cu con\u021binut ridicat de fier v\u0103 vor proteja de deficitul de fier din organism. Nu abuza\u021bi cu b\u0103uturile care con\u021bin cofein\u0103, \u00een special \u00een timpul meselor, deoarece interfereaz\u0103 cu absorb\u021bia normal\u0103 a fierului. Femeile, care sufer\u0103 de menstrua\u021bie grav\u0103 \u0219i viitoarele mame, ar trebui s\u0103 consulte un medic referitor la administrarea suplimentelor de fier.<\/p>\n<h3>Tratamentul<\/h3>\n<p>Medicul recomand\u0103 teste \u0219i studii necesare, evalueaz\u0103 starea pacientului, determin\u0103 cauza st\u0103rii bolii \u0219i prescrie tratamentul.<br \/>\nPacien\u021bilor cu deficien\u021b\u0103 de fier le sunt recomandate medicamente cu con\u021binut de fier. \u00cen cazul \u00een care este clarificat\u0103 starea bolnavului se efectueaz\u0103 tratamentul. Dac\u0103 \u00een organism nu e suficient\u0103 vitamina B12, ea este injectat\u0103.<br \/>\nLa copii, o atare stare apare pe fundalul invaziei helmintice, a\u0219a c\u0103 trebuie efectuat tratamentul antiparazitar.<br \/>\nDac\u0103 anemia este asociat\u0103 cu o pierdere mare de s\u00e2nge &#8211; este indicat\u0103 o transfuzie de s\u00e2nge.<br \/>\nFemeilor gravide le sunt prescrise suplimente de fier \u0219i acid folic.<\/p>\n<h3>Profilaxia<\/h3>\n<p>\u00cen scopul prevenirii este necesar s\u0103 se \u00eembog\u0103\u021beasc\u0103 dieta cu alimente bogate \u00een fier (legume, fructe, ficat, p\u00e2ine grosier\u0103, salat\u0103, fasole, carne slab\u0103 etc.). E necesar\u0103 prevenirea invaziei helmintice la copii. Tratarea tuturor bolilor, care pot provoca o afec\u021biune dureroas\u0103, trebuie f\u0103cut\u0103 la timp.<br \/>\nE important s\u0103 evita\u021bi contactul cu substan\u021bele otr\u0103vitoare, nocive \u0219i toxice.<\/p>\n<p>&nbsp;<\/p>\n","protected":false},"excerpt":{"rendered":"<p>\u00cen mod clasic, anemia se define\u015fte ca fiind sc\u0103derea hemoglobinei \u015fi a hematocritului sub valorile normale corespunz\u0103toare v\u00e2rstei \u015fi sexului. Hemoglobina este o protein\u0103 complex\u0103 (care con\u0163ine fier), ce reprezint\u0103 cea mai important\u0103 component\u0103 a globulelor ro\u015fii din s\u00e2nge numite hematii sau eritrocite. Hematocritul reprezint\u0103 raportul dintre volumul hematiilor \u015fi volumul plasmatic exprimat procentual.\u00a0Exper\u021bii consider\u0103, [&hellip;]<\/p>\n","protected":false},"author":28,"featured_media":0,"parent":53020,"menu_order":0,"comment_status":"closed","ping_status":"closed","template":"","meta":{"inline_featured_image":false,"footnotes":""},"class_list":["post-55822","page","type-page","status-publish"],"yoast_head":"<!-- This site is optimized with the Yoast SEO plugin v27.3 - https:\/\/yoast.com\/product\/yoast-seo-wordpress\/ -->\n<title>Anemia (anemie)<\/title>\n<meta name=\"description\" content=\"\u00cen mod clasic, anemia se define\u015fte ca fiind sc\u0103derea hemoglobinei \u015fi a hematocritului sub valorile normale corespunz\u0103toare v\u00e2rstei \u015fi sexului.\" \/>\n<meta name=\"robots\" content=\"index, follow, max-snippet:-1, max-image-preview:large, max-video-preview:-1\" \/>\n<link rel=\"canonical\" href=\"https:\/\/sanatate.md\/ro\/boli-si-tratament\/boli-comune\/anemia-anemie\/\" \/>\n<meta property=\"og:locale\" content=\"ro_RO\" \/>\n<meta property=\"og:type\" content=\"article\" \/>\n<meta property=\"og:title\" content=\"Anemia (anemie)\" \/>\n<meta property=\"og:description\" content=\"\u00cen mod clasic, anemia se define\u015fte ca fiind sc\u0103derea hemoglobinei \u015fi a hematocritului sub valorile normale corespunz\u0103toare v\u00e2rstei \u015fi sexului.\" \/>\n<meta property=\"og:url\" content=\"https:\/\/sanatate.md\/ro\/boli-si-tratament\/boli-comune\/anemia-anemie\/\" \/>\n<meta property=\"og:site_name\" content=\"Sanatate.md\" \/>\n<meta name=\"twitter:card\" content=\"summary_large_image\" \/>\n<meta name=\"twitter:label1\" content=\"Timp estimat pentru citire\" \/>\n\t<meta name=\"twitter:data1\" content=\"4 minute\" \/>\n<script type=\"application\/ld+json\" class=\"yoast-schema-graph\">{\"@context\":\"https:\\\/\\\/schema.org\",\"@graph\":[{\"@type\":\"WebPage\",\"@id\":\"https:\\\/\\\/sanatate.md\\\/ro\\\/boli-si-tratament\\\/boli-comune\\\/anemia-anemie\\\/\",\"url\":\"https:\\\/\\\/sanatate.md\\\/ro\\\/boli-si-tratament\\\/boli-comune\\\/anemia-anemie\\\/\",\"name\":\"Anemia (anemie)\",\"isPartOf\":{\"@id\":\"https:\\\/\\\/sanatate.md\\\/ro\\\/#website\"},\"datePublished\":\"2018-04-06T12:40:50+00:00\",\"description\":\"\u00cen mod clasic, anemia se define\u015fte ca fiind sc\u0103derea hemoglobinei \u015fi a hematocritului sub valorile normale corespunz\u0103toare v\u00e2rstei \u015fi sexului.\",\"breadcrumb\":{\"@id\":\"https:\\\/\\\/sanatate.md\\\/ro\\\/boli-si-tratament\\\/boli-comune\\\/anemia-anemie\\\/#breadcrumb\"},\"inLanguage\":\"ro-RO\",\"potentialAction\":[{\"@type\":\"ReadAction\",\"target\":[\"https:\\\/\\\/sanatate.md\\\/ro\\\/boli-si-tratament\\\/boli-comune\\\/anemia-anemie\\\/\"]}]},{\"@type\":\"BreadcrumbList\",\"@id\":\"https:\\\/\\\/sanatate.md\\\/ro\\\/boli-si-tratament\\\/boli-comune\\\/anemia-anemie\\\/#breadcrumb\",\"itemListElement\":[{\"@type\":\"ListItem\",\"position\":1,\"name\":\"\u0413\u043b\u0430\u0432\u043d\u0430\u044f \u0441\u0442\u0440\u0430\u043d\u0438\u0446\u0430\",\"item\":\"https:\\\/\\\/sanatate.md\\\/ro\\\/\"},{\"@type\":\"ListItem\",\"position\":2,\"name\":\"Boli si tratament\",\"item\":\"https:\\\/\\\/sanatate.md\\\/ro\\\/boli-si-tratament\\\/\"},{\"@type\":\"ListItem\",\"position\":3,\"name\":\"Boli comune\",\"item\":\"https:\\\/\\\/sanatate.md\\\/ro\\\/boli-si-tratament\\\/boli-comune\\\/\"},{\"@type\":\"ListItem\",\"position\":4,\"name\":\"Anemia (anemie)\"}]},{\"@type\":\"WebSite\",\"@id\":\"https:\\\/\\\/sanatate.md\\\/ro\\\/#website\",\"url\":\"https:\\\/\\\/sanatate.md\\\/ro\\\/\",\"name\":\"Sanatate.md\",\"description\":\"\u0416\u0443\u0440\u043d\u0430\u043b \u0434\u043b\u044f \u0432\u0441\u0435\u0439 \u0441\u0435\u043c\u044c\u0438 \u0432 \u041c\u043e\u043b\u0434\u043e\u0432\u0435\",\"publisher\":{\"@id\":\"https:\\\/\\\/sanatate.md\\\/ro\\\/#organization\"},\"potentialAction\":[{\"@type\":\"SearchAction\",\"target\":{\"@type\":\"EntryPoint\",\"urlTemplate\":\"https:\\\/\\\/sanatate.md\\\/ro\\\/?s={search_term_string}\"},\"query-input\":{\"@type\":\"PropertyValueSpecification\",\"valueRequired\":true,\"valueName\":\"search_term_string\"}}],\"inLanguage\":\"ro-RO\"},{\"@type\":\"Organization\",\"@id\":\"https:\\\/\\\/sanatate.md\\\/ro\\\/#organization\",\"name\":\"SANATATE\",\"url\":\"https:\\\/\\\/sanatate.md\\\/ro\\\/\",\"logo\":{\"@type\":\"ImageObject\",\"inLanguage\":\"ro-RO\",\"@id\":\"https:\\\/\\\/sanatate.md\\\/ro\\\/#\\\/schema\\\/logo\\\/image\\\/\",\"url\":\"https:\\\/\\\/sanatate.md\\\/wp-content\\\/uploads\\\/2022\\\/01\\\/sanatate-logo.svg\",\"contentUrl\":\"https:\\\/\\\/sanatate.md\\\/wp-content\\\/uploads\\\/2022\\\/01\\\/sanatate-logo.svg\",\"width\":\"1024\",\"height\":\"1024\",\"caption\":\"SANATATE\"},\"image\":{\"@id\":\"https:\\\/\\\/sanatate.md\\\/ro\\\/#\\\/schema\\\/logo\\\/image\\\/\"}}]}<\/script>\n<!-- \/ Yoast SEO plugin. -->","yoast_head_json":{"title":"Anemia (anemie)","description":"\u00cen mod clasic, anemia se define\u015fte ca fiind sc\u0103derea hemoglobinei \u015fi a hematocritului sub valorile normale corespunz\u0103toare v\u00e2rstei \u015fi sexului.","robots":{"index":"index","follow":"follow","max-snippet":"max-snippet:-1","max-image-preview":"max-image-preview:large","max-video-preview":"max-video-preview:-1"},"canonical":"https:\/\/sanatate.md\/ro\/boli-si-tratament\/boli-comune\/anemia-anemie\/","og_locale":"ro_RO","og_type":"article","og_title":"Anemia (anemie)","og_description":"\u00cen mod clasic, anemia se define\u015fte ca fiind sc\u0103derea hemoglobinei \u015fi a hematocritului sub valorile normale corespunz\u0103toare v\u00e2rstei \u015fi sexului.","og_url":"https:\/\/sanatate.md\/ro\/boli-si-tratament\/boli-comune\/anemia-anemie\/","og_site_name":"Sanatate.md","twitter_card":"summary_large_image","twitter_misc":{"Timp estimat pentru citire":"4 minute"},"schema":{"@context":"https:\/\/schema.org","@graph":[{"@type":"WebPage","@id":"https:\/\/sanatate.md\/ro\/boli-si-tratament\/boli-comune\/anemia-anemie\/","url":"https:\/\/sanatate.md\/ro\/boli-si-tratament\/boli-comune\/anemia-anemie\/","name":"Anemia (anemie)","isPartOf":{"@id":"https:\/\/sanatate.md\/ro\/#website"},"datePublished":"2018-04-06T12:40:50+00:00","description":"\u00cen mod clasic, anemia se define\u015fte ca fiind sc\u0103derea hemoglobinei \u015fi a hematocritului sub valorile normale corespunz\u0103toare v\u00e2rstei \u015fi sexului.","breadcrumb":{"@id":"https:\/\/sanatate.md\/ro\/boli-si-tratament\/boli-comune\/anemia-anemie\/#breadcrumb"},"inLanguage":"ro-RO","potentialAction":[{"@type":"ReadAction","target":["https:\/\/sanatate.md\/ro\/boli-si-tratament\/boli-comune\/anemia-anemie\/"]}]},{"@type":"BreadcrumbList","@id":"https:\/\/sanatate.md\/ro\/boli-si-tratament\/boli-comune\/anemia-anemie\/#breadcrumb","itemListElement":[{"@type":"ListItem","position":1,"name":"\u0413\u043b\u0430\u0432\u043d\u0430\u044f \u0441\u0442\u0440\u0430\u043d\u0438\u0446\u0430","item":"https:\/\/sanatate.md\/ro\/"},{"@type":"ListItem","position":2,"name":"Boli si tratament","item":"https:\/\/sanatate.md\/ro\/boli-si-tratament\/"},{"@type":"ListItem","position":3,"name":"Boli comune","item":"https:\/\/sanatate.md\/ro\/boli-si-tratament\/boli-comune\/"},{"@type":"ListItem","position":4,"name":"Anemia (anemie)"}]},{"@type":"WebSite","@id":"https:\/\/sanatate.md\/ro\/#website","url":"https:\/\/sanatate.md\/ro\/","name":"Sanatate.md","description":"\u0416\u0443\u0440\u043d\u0430\u043b \u0434\u043b\u044f \u0432\u0441\u0435\u0439 \u0441\u0435\u043c\u044c\u0438 \u0432 \u041c\u043e\u043b\u0434\u043e\u0432\u0435","publisher":{"@id":"https:\/\/sanatate.md\/ro\/#organization"},"potentialAction":[{"@type":"SearchAction","target":{"@type":"EntryPoint","urlTemplate":"https:\/\/sanatate.md\/ro\/?s={search_term_string}"},"query-input":{"@type":"PropertyValueSpecification","valueRequired":true,"valueName":"search_term_string"}}],"inLanguage":"ro-RO"},{"@type":"Organization","@id":"https:\/\/sanatate.md\/ro\/#organization","name":"SANATATE","url":"https:\/\/sanatate.md\/ro\/","logo":{"@type":"ImageObject","inLanguage":"ro-RO","@id":"https:\/\/sanatate.md\/ro\/#\/schema\/logo\/image\/","url":"https:\/\/sanatate.md\/wp-content\/uploads\/2022\/01\/sanatate-logo.svg","contentUrl":"https:\/\/sanatate.md\/wp-content\/uploads\/2022\/01\/sanatate-logo.svg","width":"1024","height":"1024","caption":"SANATATE"},"image":{"@id":"https:\/\/sanatate.md\/ro\/#\/schema\/logo\/image\/"}}]}},"_links":{"self":[{"href":"https:\/\/sanatate.md\/ro\/wp-json\/wp\/v2\/pages\/55822","targetHints":{"allow":["GET"]}}],"collection":[{"href":"https:\/\/sanatate.md\/ro\/wp-json\/wp\/v2\/pages"}],"about":[{"href":"https:\/\/sanatate.md\/ro\/wp-json\/wp\/v2\/types\/page"}],"author":[{"embeddable":true,"href":"https:\/\/sanatate.md\/ro\/wp-json\/wp\/v2\/users\/28"}],"replies":[{"embeddable":true,"href":"https:\/\/sanatate.md\/ro\/wp-json\/wp\/v2\/comments?post=55822"}],"version-history":[{"count":0,"href":"https:\/\/sanatate.md\/ro\/wp-json\/wp\/v2\/pages\/55822\/revisions"}],"up":[{"embeddable":true,"href":"https:\/\/sanatate.md\/ro\/wp-json\/wp\/v2\/pages\/53020"}],"wp:attachment":[{"href":"https:\/\/sanatate.md\/ro\/wp-json\/wp\/v2\/media?parent=55822"}],"curies":[{"name":"wp","href":"https:\/\/api.w.org\/{rel}","templated":true}]}}