{"id":55833,"date":"2018-04-06T16:22:18","date_gmt":"2018-04-06T13:22:18","guid":{"rendered":"https:\/\/sanatate.md\/?page_id=55833"},"modified":"2018-04-06T16:22:18","modified_gmt":"2018-04-06T13:22:18","slug":"angiomul","status":"publish","type":"page","link":"https:\/\/sanatate.md\/ro\/boli-si-tratament\/bolile-chirurgicale\/angiomul\/","title":{"rendered":"Angiomul"},"content":{"rendered":"<p>Este o boal\u0103 de tip tumoral a vaselor sangvine sau limfatice, o dilatare a acestora. De obicei angiomul este benign. O persoan\u0103 se poate na\u015fte cu acest tip de leziune \u2013 congenital\u0103 \u2013 dar agioamele apar \u015fi \u00een copilarie sau la v\u00e2rsta adult\u0103. Ele se pot situa la nivelul pielii sau mucoaselor (plane, stelate, capilaro-venoase, proeminente) sau la nivelul unor organe interne, structuri nervoase superioare \u2013 aceast\u0103 localizare fiind greu de observat \u015fi deci, o complica\u0163ie de tip hemoragic, e mai greu de tratat.<\/p>\n<p>De multe ori, angiomul regreseaz\u0103. Este important\u0103 supravegherea, pentru c\u0103 orice modificare\u00a0a aspectului \u015fi m\u0103rimii lui s\u0103 fie transmis\u0103 medicului. Cele situate \u00een zone sau \u00een vecin\u0103tatea unor organe, pe care le pot deranja, dac\u0103 \u00ee\u015fi modific\u0103 volumul, se pot \u00eendep\u0103rta chirurgical sau cu laser.<\/p>\n<h3>Ttipurile<\/h3>\n<p>Angiomul poate cre\u0219te at\u00e2t pe piele c\u00e2t \u0219i pe organele interne.\u00a0\u00cen func\u021bie de aceast\u0103 sunt urm\u0103toarele tipuri:<\/p>\n<ul>\n<li>Angiomul cavernos este o cavitate pulsatorie, umplut\u0103 cu s\u00e2nge, are o suprafa\u021b\u0103 tuberoas\u0103 \u0219i se extinde u\u0219or deasupra pielii.\u00a0Are o nuan\u021b\u0103 ro\u0219ie \u00eenchis\u0103 sau burgund\u0103.\u00a0De multe ori apare pe piele, mai pu\u021bin frecvent \u00een \u021besutul subcutanat.\u00a0La palparea tumorii se pot observa cheaguri dense, globulare.<br \/>\nO caracteristic\u0103 a acestui angiom este elasticitatea lui &#8211; atunci c\u00e2nd se ap\u0103sat\u0103 pe el, parc\u0103 se mic\u015foreaz\u0103 \u00een volum, iar apoi apare din nou.\u00a0Aceasta se explic\u0103 prin fluxul de s\u00e2nge din cavitatea sa.\u00a0Dac\u0103 acest tip de angiom este format pe creier, exist\u0103 riscul de hemoragie \u00een cavitatea craniului.<\/li>\n<li>Angiomul venos &#8211; are mai multe cavit\u0103\u021bi (caverne) conectate una la cealalt\u0103. Pere\u0163ii dintre aceste compartimentehsunt foarte sub\u021biri. Deseori se dezvolt\u0103 \u00een \u021besutul subcutanat \u0219i \u00een mu\u0219chi.\u00a0O caracteristic\u0103 a angiomului venos este tendin\u021ba de cre\u0219tere autonom\u0103.<\/li>\n<li>Angiomul ramificat este cel mai rar tip de neoplasme de acest tip.\u00a0Este reprezentat de plexul arterelor l\u0103rgite. Caracteristica sa este pulsa\u021bia \u0219i tremurul la palpare, iar la auscultare se men\u0163ioneaz\u0103 zgomote.\u00a0Deoarece are mai multe plexuri vasculare dec\u00e2t al\u0163i angiomi, cea mai mic\u0103 traum\u0103 duce la s\u00e2nger\u0103ri profunde. Este situat cel mai adesea pe membre.<\/li>\n<li>Angiomul capilar este cea mai simpl\u0103 form\u0103 de angiom, care const\u0103 din capilare, artere \u0219i vene mici.\u00a0\u00cen func\u021bie de natura originii, poate fi de culoare ro\u0219ie sau cianotic\u0103.<\/li>\n<li>Angiomul combinat este un tip mixt de angiom, adesea localizat pe piele.\u00a0Natura \u0219i tipul lui depind de angiomul asociat, care este mai mare.<\/li>\n<\/ul>\n<h3>Motivele<\/h3>\n<p>Nu a fost g\u0103sit\u0103 cauza exact\u0103 \u0219i final\u0103 a cre\u0219terii lor. Cu toate acestea, conform observa\u021biilor, ei au adesea un caracter \u00eenn\u0103scut.\u00a0Judec\u00e2nd dup\u0103 aceste observa\u021bii, schimb\u0103rile \u00een sistemul vascular apar \u00eenc\u0103 in uter.\u00a0F\u0103tul dezvolt\u0103 o \u00eentrerupere a leg\u0103turii dintre tranzi\u021bia arteriolelor la venule.\u00a0Se formeaz\u0103 malforma\u021bii arterio-venoase, adic\u0103 atunci c\u00e2nd artera la direct este conectat\u0103 la ven\u0103.\u00a0M\u0103rirea dimensiunii tumorii apare datorit\u0103 cre\u0219terii vaselor din interiorul tumorii, ceea ce duce la o cre\u0219terea dimensiunii acesteia.\u00a0Cu c\u00e2t e mai mare angiomul, cu at\u00e2t mai multe vase de s\u00e2nge are \u00een cavitate sa.<\/p>\n<p>Sunt, de asemenea, tumori care se dezvolt\u0103 datorit\u0103 bolilor existente.\u00a0Se cunoa\u015fte un num\u0103r de factori, care pot afecta cre\u0219terea angiomului:<\/p>\n<ul>\n<li>Traume frecvente sau extinse.<\/li>\n<li>Stresurile, surmenajele constante.<\/li>\n<li>Consumul de alcool \u00een timpul sarcinii.<\/li>\n<li>Efectul anumitor medicamente asupra f\u0103tului.<\/li>\n<\/ul>\n<h3>Simptomele<\/h3>\n<p>Imaginea clinic\u0103 a angiomului depinde direct de loca\u021bia, dimensiunea, natura lui.\u00a0Trebuie remarcat faptul, c\u0103 angiomul detectat la nou-n\u0103scut are proprietatea de a cre\u0219te intens.\u00a0S-a observat c\u0103, timp de trei luni, cre\u0219te cu 1 &#8211; 2 mm.<\/p>\n<h3>Se disting urm\u0103toarele locuri de localizare:<\/h3>\n<p>Angiomul pielii \u0219i \u021besutului subcutanat.\u00a0Adesea el e cavernos sau venos.\u00a0Este, de obicei, un defect cosmetic.\u00a0Dar, \u00een cazul, \u00een care este situat pe organele interne, poate provoca probleme grave &#8211; digestive, de respira\u021bie, tulbur\u0103ri de urinare \u0219i defecare, probleme de vedere.<\/p>\n<p>Angiomul osului &#8211; de multe ori exist\u0103 angiomii caverno\u0219i: ei se localizeaz\u0103 pe lobul frontal al craniului, \u00een coloana vertebral\u0103, \u00een oasele pelvene.\u00a0Simptomele caracteristice sunt durerea, disconfortul, deformarea scheletului, fracturile frecvente.<\/p>\n<p>Angiomul pe organele interne are simptome \u00een func\u021bie de locul localiz\u0103rii.\u00a0De exemplu, angiomul ficatului d\u0103 durere \u00een partea dreapt\u0103, grea\u021b\u0103 \u0219i v\u0103rs\u0103turi biliare frecvente, desfunc\u0163ia ficatului \u0219i organelor din jur, hepatit\u0103, ficat m\u0103rit, presiunea asupra tractului digestiv.\u00a0Dac\u0103 angiomul este localizat \u00een gur\u0103 sau \u00een faringe, el cauzeaz\u0103 tulbur\u0103ri de vorbire \u0219i disconfort la ingerarea alimentelor.<\/p>\n<p>Despre angiomul creierului trebuie de vorbit separat. El provoac\u0103 foarte multe probleme grave.\u00a0Dac\u0103 dimensiunea lui este mic\u0103 &#8211; imaginea clinic\u0103 poate s\u0103 lipseasc\u0103 cu totul.<\/p>\n<p>Dar concomitent cu cre\u0219terea dimensiunii, el poate provoca urm\u0103toarele simptome:<\/p>\n<ul>\n<li>Hemiparez\u0103 \u0219i paraparez\u0103.<\/li>\n<li>Afec\u021biuni vizuale.<\/li>\n<li>Cefaleea, care poate trece \u00een cronic\u0103 \u0219i care nu resc\u0163ioneaz\u0103 la analgezice.<\/li>\n<li>Perturbarea coordon\u0103rii \u00een timpul mi\u0219c\u0103rii \u0219i probleme de vorbire.<\/li>\n<li>Cre\u0219terea presiunii arteriale \u0219i intracraniene.<\/li>\n<li>Presiunea asupra nervilor apropia\u021bi poate duce la atrofia lor, ceea ce cauzeaz\u0103 probleme \u0219i mai mari.<\/li>\n<li>Riscul de s\u00e2ngerare \u00een membrana creierului.\u00a0Adesea, acest lucru se \u00eent\u00e2mpl\u0103 \u00een prezen\u021ba angiomului venos.<\/li>\n<\/ul>\n<h3>Exist\u0103 simptome generale, care sunt prezente la oricare tip de angiom:<\/h3>\n<ul>\n<li>Senza\u021bie de greutate, mai ales la nivelul extremit\u0103\u021bilor.<\/li>\n<li>Hiperhidroza sau transpira\u021bia crescut\u0103.<\/li>\n<li>Stare boln\u0103vicioas\u0103.<\/li>\n<\/ul>\n<h3>Diagnosticarea<\/h3>\n<p>Angiomul de la suprafa\u021b\u0103 nu este greu de diagnosticat. El are form\u0103 \u0219i culoare caracteristice. Cunosc\u00e2nd toate aceste diferen\u021be, pute\u021bi determina \u0219i componen\u0163a caracteristic\u0103 a forma\u0163iei.<\/p>\n<p>Identificarea unui angiom localizat \u00een cavitatea corpului uman necesit\u0103 eforturi suplimentare:<\/p>\n<p>\u2022 Angiomul osos este detectat, utiliz\u00e2nd raze X.<br \/>\n\u2022 Cei localiza\u021bi pe organele interne sunt diagnostica\u021bi prin angiografie.<br \/>\n\u2022 Studiul UZD v\u0103 permite s\u0103 determina\u021bi ad\u00e2ncimea locului de angiom \u0219i componentele acestuia.<br \/>\n\u2022 Punc\u021bia diagnostic\u0103 se face rar, deoarece poate duce la s\u00e2ngerare.<\/p>\n<h3>Tratamentul<\/h3>\n<p>Tratamentul de urgen\u021b\u0103 este indicat, dac\u0103 acesta cre\u0219te intensiv, se poate &#8220;sparge&#8221;, are deja dimensiuni mari, exist\u0103 s\u00e2nger\u0103ri. Atunci c\u00e2nd se elimin\u0103 angiomul, el este str\u00e2ns legat &#8211; se efectueaz\u0103 embolizarea angiomului pentru a opri aprovizionarea lui cu s\u00e2nge \u0219i se \u00eendep\u0103rteaz\u0103 prin metoda exciziei complete p\u00e2n\u0103 \u00een \u021besuturile s\u0103n\u0103toase. Aceast\u0103 metod\u0103 ajut\u0103 la prevenirea s\u00e2nger\u0103rii.<\/p>\n<p>Este folosit\u0103, de asemenea, radioterapia. Se utilizeaz\u0103 atunci, c\u00e2nd tumoarea se afl\u0103 \u00een zonele greu accesibile ale creierului sau dac\u0103 este foarte mare.<br \/>\nAngioamul mic extern este eliminat prin electrocoagulare, criodestruc\u021bie (\u00eenghe\u021bare) \u0219i laser. Angiomul extern se poate mic\u015fora prin utilizarea de medicamente hormonale, cum ar fi prednizolonul.<\/p>\n<p>Angiomul poate, de asemenea, s\u0103 se &#8220;auto-vindece&#8221;. Cheagurile de s\u00e2nge, care se formeaz\u0103 \u00een el, pot bloca \u00een mod independent fluxul sangvin \u0219i pot preveni cre\u0219terea \u0219i dezvoltarea angiomului.<\/p>\n","protected":false},"excerpt":{"rendered":"<p>Este o boal\u0103 de tip tumoral a vaselor sangvine sau limfatice, o dilatare a acestora. De obicei angiomul este benign. O persoan\u0103 se poate na\u015fte cu acest tip de leziune \u2013 congenital\u0103 \u2013 dar agioamele apar \u015fi \u00een copilarie sau la v\u00e2rsta adult\u0103. Ele se pot situa la nivelul pielii sau mucoaselor (plane, stelate, capilaro-venoase, [&hellip;]<\/p>\n","protected":false},"author":28,"featured_media":0,"parent":53032,"menu_order":0,"comment_status":"closed","ping_status":"closed","template":"","meta":{"inline_featured_image":false,"footnotes":""},"class_list":["post-55833","page","type-page","status-publish"],"yoast_head":"<!-- This site is optimized with the Yoast SEO plugin v27.3 - https:\/\/yoast.com\/product\/yoast-seo-wordpress\/ -->\n<title>Angiomul<\/title>\n<meta name=\"description\" content=\"Este o boal\u0103 de tip tumoral a vaselor sangvine sau limfatice, o dilatare a acestora. De obicei angiomul este benign.\" \/>\n<meta name=\"robots\" content=\"index, follow, max-snippet:-1, max-image-preview:large, max-video-preview:-1\" \/>\n<link rel=\"canonical\" href=\"https:\/\/sanatate.md\/ro\/boli-si-tratament\/bolile-chirurgicale\/angiomul\/\" \/>\n<meta property=\"og:locale\" content=\"ro_RO\" \/>\n<meta property=\"og:type\" content=\"article\" \/>\n<meta property=\"og:title\" content=\"Angiomul\" \/>\n<meta property=\"og:description\" content=\"Este o boal\u0103 de tip tumoral a vaselor sangvine sau limfatice, o dilatare a acestora. De obicei angiomul este benign.\" \/>\n<meta property=\"og:url\" content=\"https:\/\/sanatate.md\/ro\/boli-si-tratament\/bolile-chirurgicale\/angiomul\/\" \/>\n<meta property=\"og:site_name\" content=\"Sanatate.md\" \/>\n<meta name=\"twitter:card\" content=\"summary_large_image\" \/>\n<meta name=\"twitter:label1\" content=\"Timp estimat pentru citire\" \/>\n\t<meta name=\"twitter:data1\" content=\"6 minute\" \/>\n<script type=\"application\/ld+json\" class=\"yoast-schema-graph\">{\"@context\":\"https:\\\/\\\/schema.org\",\"@graph\":[{\"@type\":\"WebPage\",\"@id\":\"https:\\\/\\\/sanatate.md\\\/ro\\\/boli-si-tratament\\\/bolile-chirurgicale\\\/angiomul\\\/\",\"url\":\"https:\\\/\\\/sanatate.md\\\/ro\\\/boli-si-tratament\\\/bolile-chirurgicale\\\/angiomul\\\/\",\"name\":\"Angiomul\",\"isPartOf\":{\"@id\":\"https:\\\/\\\/sanatate.md\\\/ro\\\/#website\"},\"datePublished\":\"2018-04-06T13:22:18+00:00\",\"description\":\"Este o boal\u0103 de tip tumoral a vaselor sangvine sau limfatice, o dilatare a acestora. De obicei angiomul este benign.\",\"breadcrumb\":{\"@id\":\"https:\\\/\\\/sanatate.md\\\/ro\\\/boli-si-tratament\\\/bolile-chirurgicale\\\/angiomul\\\/#breadcrumb\"},\"inLanguage\":\"ro-RO\",\"potentialAction\":[{\"@type\":\"ReadAction\",\"target\":[\"https:\\\/\\\/sanatate.md\\\/ro\\\/boli-si-tratament\\\/bolile-chirurgicale\\\/angiomul\\\/\"]}]},{\"@type\":\"BreadcrumbList\",\"@id\":\"https:\\\/\\\/sanatate.md\\\/ro\\\/boli-si-tratament\\\/bolile-chirurgicale\\\/angiomul\\\/#breadcrumb\",\"itemListElement\":[{\"@type\":\"ListItem\",\"position\":1,\"name\":\"\u0413\u043b\u0430\u0432\u043d\u0430\u044f \u0441\u0442\u0440\u0430\u043d\u0438\u0446\u0430\",\"item\":\"https:\\\/\\\/sanatate.md\\\/ro\\\/\"},{\"@type\":\"ListItem\",\"position\":2,\"name\":\"Boli si tratament\",\"item\":\"https:\\\/\\\/sanatate.md\\\/ro\\\/boli-si-tratament\\\/\"},{\"@type\":\"ListItem\",\"position\":3,\"name\":\"Bolile chirurgicale\",\"item\":\"https:\\\/\\\/sanatate.md\\\/ro\\\/boli-si-tratament\\\/bolile-chirurgicale\\\/\"},{\"@type\":\"ListItem\",\"position\":4,\"name\":\"Angiomul\"}]},{\"@type\":\"WebSite\",\"@id\":\"https:\\\/\\\/sanatate.md\\\/ro\\\/#website\",\"url\":\"https:\\\/\\\/sanatate.md\\\/ro\\\/\",\"name\":\"Sanatate.md\",\"description\":\"\u0416\u0443\u0440\u043d\u0430\u043b \u0434\u043b\u044f \u0432\u0441\u0435\u0439 \u0441\u0435\u043c\u044c\u0438 \u0432 \u041c\u043e\u043b\u0434\u043e\u0432\u0435\",\"publisher\":{\"@id\":\"https:\\\/\\\/sanatate.md\\\/ro\\\/#organization\"},\"potentialAction\":[{\"@type\":\"SearchAction\",\"target\":{\"@type\":\"EntryPoint\",\"urlTemplate\":\"https:\\\/\\\/sanatate.md\\\/ro\\\/?s={search_term_string}\"},\"query-input\":{\"@type\":\"PropertyValueSpecification\",\"valueRequired\":true,\"valueName\":\"search_term_string\"}}],\"inLanguage\":\"ro-RO\"},{\"@type\":\"Organization\",\"@id\":\"https:\\\/\\\/sanatate.md\\\/ro\\\/#organization\",\"name\":\"SANATATE\",\"url\":\"https:\\\/\\\/sanatate.md\\\/ro\\\/\",\"logo\":{\"@type\":\"ImageObject\",\"inLanguage\":\"ro-RO\",\"@id\":\"https:\\\/\\\/sanatate.md\\\/ro\\\/#\\\/schema\\\/logo\\\/image\\\/\",\"url\":\"https:\\\/\\\/sanatate.md\\\/wp-content\\\/uploads\\\/2022\\\/01\\\/sanatate-logo.svg\",\"contentUrl\":\"https:\\\/\\\/sanatate.md\\\/wp-content\\\/uploads\\\/2022\\\/01\\\/sanatate-logo.svg\",\"width\":\"1024\",\"height\":\"1024\",\"caption\":\"SANATATE\"},\"image\":{\"@id\":\"https:\\\/\\\/sanatate.md\\\/ro\\\/#\\\/schema\\\/logo\\\/image\\\/\"}}]}<\/script>\n<!-- \/ Yoast SEO plugin. -->","yoast_head_json":{"title":"Angiomul","description":"Este o boal\u0103 de tip tumoral a vaselor sangvine sau limfatice, o dilatare a acestora. De obicei angiomul este benign.","robots":{"index":"index","follow":"follow","max-snippet":"max-snippet:-1","max-image-preview":"max-image-preview:large","max-video-preview":"max-video-preview:-1"},"canonical":"https:\/\/sanatate.md\/ro\/boli-si-tratament\/bolile-chirurgicale\/angiomul\/","og_locale":"ro_RO","og_type":"article","og_title":"Angiomul","og_description":"Este o boal\u0103 de tip tumoral a vaselor sangvine sau limfatice, o dilatare a acestora. De obicei angiomul este benign.","og_url":"https:\/\/sanatate.md\/ro\/boli-si-tratament\/bolile-chirurgicale\/angiomul\/","og_site_name":"Sanatate.md","twitter_card":"summary_large_image","twitter_misc":{"Timp estimat pentru citire":"6 minute"},"schema":{"@context":"https:\/\/schema.org","@graph":[{"@type":"WebPage","@id":"https:\/\/sanatate.md\/ro\/boli-si-tratament\/bolile-chirurgicale\/angiomul\/","url":"https:\/\/sanatate.md\/ro\/boli-si-tratament\/bolile-chirurgicale\/angiomul\/","name":"Angiomul","isPartOf":{"@id":"https:\/\/sanatate.md\/ro\/#website"},"datePublished":"2018-04-06T13:22:18+00:00","description":"Este o boal\u0103 de tip tumoral a vaselor sangvine sau limfatice, o dilatare a acestora. De obicei angiomul este benign.","breadcrumb":{"@id":"https:\/\/sanatate.md\/ro\/boli-si-tratament\/bolile-chirurgicale\/angiomul\/#breadcrumb"},"inLanguage":"ro-RO","potentialAction":[{"@type":"ReadAction","target":["https:\/\/sanatate.md\/ro\/boli-si-tratament\/bolile-chirurgicale\/angiomul\/"]}]},{"@type":"BreadcrumbList","@id":"https:\/\/sanatate.md\/ro\/boli-si-tratament\/bolile-chirurgicale\/angiomul\/#breadcrumb","itemListElement":[{"@type":"ListItem","position":1,"name":"\u0413\u043b\u0430\u0432\u043d\u0430\u044f \u0441\u0442\u0440\u0430\u043d\u0438\u0446\u0430","item":"https:\/\/sanatate.md\/ro\/"},{"@type":"ListItem","position":2,"name":"Boli si tratament","item":"https:\/\/sanatate.md\/ro\/boli-si-tratament\/"},{"@type":"ListItem","position":3,"name":"Bolile chirurgicale","item":"https:\/\/sanatate.md\/ro\/boli-si-tratament\/bolile-chirurgicale\/"},{"@type":"ListItem","position":4,"name":"Angiomul"}]},{"@type":"WebSite","@id":"https:\/\/sanatate.md\/ro\/#website","url":"https:\/\/sanatate.md\/ro\/","name":"Sanatate.md","description":"\u0416\u0443\u0440\u043d\u0430\u043b \u0434\u043b\u044f \u0432\u0441\u0435\u0439 \u0441\u0435\u043c\u044c\u0438 \u0432 \u041c\u043e\u043b\u0434\u043e\u0432\u0435","publisher":{"@id":"https:\/\/sanatate.md\/ro\/#organization"},"potentialAction":[{"@type":"SearchAction","target":{"@type":"EntryPoint","urlTemplate":"https:\/\/sanatate.md\/ro\/?s={search_term_string}"},"query-input":{"@type":"PropertyValueSpecification","valueRequired":true,"valueName":"search_term_string"}}],"inLanguage":"ro-RO"},{"@type":"Organization","@id":"https:\/\/sanatate.md\/ro\/#organization","name":"SANATATE","url":"https:\/\/sanatate.md\/ro\/","logo":{"@type":"ImageObject","inLanguage":"ro-RO","@id":"https:\/\/sanatate.md\/ro\/#\/schema\/logo\/image\/","url":"https:\/\/sanatate.md\/wp-content\/uploads\/2022\/01\/sanatate-logo.svg","contentUrl":"https:\/\/sanatate.md\/wp-content\/uploads\/2022\/01\/sanatate-logo.svg","width":"1024","height":"1024","caption":"SANATATE"},"image":{"@id":"https:\/\/sanatate.md\/ro\/#\/schema\/logo\/image\/"}}]}},"_links":{"self":[{"href":"https:\/\/sanatate.md\/ro\/wp-json\/wp\/v2\/pages\/55833","targetHints":{"allow":["GET"]}}],"collection":[{"href":"https:\/\/sanatate.md\/ro\/wp-json\/wp\/v2\/pages"}],"about":[{"href":"https:\/\/sanatate.md\/ro\/wp-json\/wp\/v2\/types\/page"}],"author":[{"embeddable":true,"href":"https:\/\/sanatate.md\/ro\/wp-json\/wp\/v2\/users\/28"}],"replies":[{"embeddable":true,"href":"https:\/\/sanatate.md\/ro\/wp-json\/wp\/v2\/comments?post=55833"}],"version-history":[{"count":0,"href":"https:\/\/sanatate.md\/ro\/wp-json\/wp\/v2\/pages\/55833\/revisions"}],"up":[{"embeddable":true,"href":"https:\/\/sanatate.md\/ro\/wp-json\/wp\/v2\/pages\/53032"}],"wp:attachment":[{"href":"https:\/\/sanatate.md\/ro\/wp-json\/wp\/v2\/media?parent=55833"}],"curies":[{"name":"wp","href":"https:\/\/api.w.org\/{rel}","templated":true}]}}