{"id":55839,"date":"2018-04-06T16:33:19","date_gmt":"2018-04-06T13:33:19","guid":{"rendered":"https:\/\/sanatate.md\/?page_id=55839"},"modified":"2018-04-06T16:33:19","modified_gmt":"2018-04-06T13:33:19","slug":"socul-anafilactic","status":"publish","type":"page","link":"https:\/\/sanatate.md\/ro\/boli-si-tratament\/boli-alergice\/socul-anafilactic\/","title":{"rendered":"\u0218ocul anafilactic"},"content":{"rendered":"<p>Anafilaxia (SA) este un sindrom clinic reprezentat de o reac\u0163ie allergic\u0103 sever\u0103, brutal\u0103, acut\u0103, care se declan\u015feaz\u0103 de factori etiologici multipli \u015fi apare imediat, \u00een c\u00e2teva minute dup\u0103 administrarea antigenului specific. Se manifest\u0103 printr-o mare varietate de simptome \u015fi poate pune \u00een pericol via\u0163a persoanei sensibilizate.<\/p>\n<p>O diferen\u021b\u0103 caracteristic\u0103 de alte reac\u021bii alergice este c\u0103 aceast\u0103 boal\u0103 afecteaz\u0103 mai multe organe \u0219i sisteme, ceea ce duce la starea general\u0103 a pacientului de instabilitate.\u00a0F\u0103r\u0103 un tratament adecvat \u0219i eficient consecin\u0163ele pot fi fatale (de multe ori derivate din utilizarea medicamentelor), care necesit\u0103 deja o resuscitare cardio \u2013 pulmonar\u0103.<\/p>\n<h3>Motivele<\/h3>\n<p>Baza pentru dezvoltarea de \u0219oc anafilactic este formarea de anticorpi, care se leag\u0103 de alergen (la contactul repetat \u00een organism) \u0219i conduce la formarea urm\u0103toarelor substan\u021be biologice, ca histaminele, prostaglandinele \u0219i altele.\u00a0 Atunci, c\u00e2nd se formeaz\u0103 aceste substan\u021be, se dezvolt\u0103 clinica unui \u0219oc anafilactic.<\/p>\n<p>Printre alergenii, care pot dezvolta aceast\u0103 patologie, sunt:<\/p>\n<ul>\n<li>Utilizarea medicamentelor f\u0103r\u0103 efectuarea \u00een prealabil a unui test alergic.\u00a0De regul\u0103, reac\u021bia de acest tip are loc pentru antibiotice (in special, la penicilin\u0103 \u015fi tetraciclin\u0103), medicamentele antiinflamatoare netiroidiene (Ketoprofen, Aspirin\u0103), de conversie a angiogeniei enzime &#8211; medicamente care sunt folosite \u00een tratamentul hipertensiunii (Enap, Enalapril, Captopril), anestezice, utilizate pentru\u00a0interven\u021bii chirurgicale (Ketamin, Thiopental, Propofol).<\/li>\n<li>Exist\u0103 cazuri fixate \u00een dezvoltarea anafilaxiei dup\u0103 aplicarea de vaccinuri sau seruri, utilizarea de substan\u021be de contrast, folosite \u00een timpul examin\u0103rilor radiologice.<\/li>\n<li>\u00cen\u0163ep\u0103turi de insecte, \u00een special de albine, viespi.Trebuie remarcat faptul, c\u0103 \u0219ocul poate s\u0103 nu se declan\u015feze cu prima mu\u0219c\u0103tur\u0103, \u00een\u0163ep\u0103tur\u0103. Dar cu a doua, mai ales \u00een cazul, \u00een care au fost \u00een\u0163ep\u0103turi multiple, siguran\u0163a dezvolt\u0103rii \u0219ocului anafilactic cre\u0219te de mai multe ori.<\/li>\n<li>Mu\u0219c\u0103turi de animale, \u00een special a celor s\u0103lbatice. Se includ mu\u0219c\u0103turile de \u0219erpi, broa\u0219te, \u0219op\u00e2rle, specii exotice de animale.\u00a0Dezvoltarea patologiei e provocat\u0103 de p\u0103trunderea \u00een organismul uman al unui venin animal sau a unei substan\u021be biologice.<\/li>\n<li>Contact cu latex &#8211; m\u0103nu\u0219i, catetere, contraceptive.<\/li>\n<li>Alimentele &#8211; \u00een special aditivilor alimentari \u0219i a OMG-urilor, care \u00een lumea modern\u0103 sunt prezente \u00een fiecare produs.\u00a0Persoanele cu alergii, dup\u0103 consumarea acestor produse, de regul\u0103, fac \u015foc anafilactic.\u00a0 \u015eocul poate fi provocat de derivatele de nuci (arahide, migdale, nucu\u015foare), fructe de mare (pe\u0219te de mare, crabi), fructe, \u00een special citrice (portocale,laim), banan\u0103, zmeur\u0103, rodie \u0219i altele.<\/li>\n<\/ul>\n<h3>Simptomele<\/h3>\n<p>Simptomele \u0219i severitatea afec\u021biunii depinde de caracteristicile organismului, statusul imun, bolile deja existente, metoda p\u0103trunderii materialului alergic \u00een organism.\u00a0\u00cen func\u021bie de factorii enumera\u021bi, reac\u021bia se poate dezvolta ca un fulger, peste c\u00e2teva ore sau chiar o zi.<br \/>\nSimptomele caracteristice ale \u0219ocului anafilactic este reac\u0163ia sistemului cardio &#8211; vascular (sc\u0103derea tensiunii arteriale, sl\u0103biciune, le\u0219in, aritmie, colaps, infarct miocardic), al sistemului respirator (dispnee, bronhospasm, disfonie si dezvoltarea asfixiei) \u0219i al sistemului nervos central: cefalee\u00a0durere, excitare, sentiment de team\u0103 pe fundalul de scurtare a respira\u021biei, anxietate \u0219i altele.<\/p>\n<p>Dezvoltarea simptomelor de mai sus au 4 grade de severitate:<\/p>\n<ul>\n<li>1 grad &#8211; tensiune arterial\u0103 sc\u0103zut\u0103, usc\u0103ciune la nivelul g\u00e2tului, tuse, anxietate.\u00a0Condi\u021bia general\u0103 este satisf\u0103c\u0103toare.<\/li>\n<li>al 2 grad &#8211; clinica are o imagine mai pronun\u0163at\u0103.\u00a0Tensiunea arterial\u0103 ajunge la 80 (60) \/ 40, exist\u0103 o sl\u0103biciune general\u0103, dispnee de repaus, usc\u0103ciune \u00een g\u00e2t, ame\u021beli, cefalee u\u0219oar\u0103, inghi\u0163ire \u0219i vorbire defectuoas\u0103.\u00a0Exist\u0103, de asemenea, o erup\u021bie \u0219i otita lui Quincke.<\/li>\n<li>al 3 grad &#8211; este caracterizat de o sc\u0103dere critic\u0103 a tensiunii arteriale &#8211; p\u00e2n\u0103 la 40\/0.\u00a0Starea general\u0103: adesea pacientul este incon\u0219tient, transpira\u0163ia e rece \u0219i lipicioas\u0103, pulsul devine rapid \u0219i \u00eentrerupt, pupilele sunt dilatate.\u00a0 Se pot dezvolta crampe.<\/li>\n<li>al 4 grad &#8211; dezvoltarea fulger a clinicii. Pacientul este \u00eentr-o stare de moarte clinic\u0103: lipsa activit\u0103\u021bii cardiace \u0219i a pulsului la periferie (la artera radial\u0103), lipsa respira\u021biei, sc\u0103derea tensiunii arteriale la nivelul 0, pacientul este incon\u0219tient.\u00a0Este necesar\u0103, c\u00e2t mai cur\u00e2nd posibil\u0103 resuscitarea (CPR).<\/li>\n<\/ul>\n<p>Dup\u0103 \u0219ocul anafilactic se detest\u0103 sl\u0103biciune, durere \u00een inim\u0103, grea\u021b\u0103 \u0219i dureri abdominale.\u00a0Extinderea acestei st\u0103ri dezvolt\u0103 astmul, hepatita, miocardita (inflama\u021bia mu\u0219chiului inimii) \u0219i alte complica\u021bii.<\/p>\n<p>\u0218ocul anafilactic la copii se dezvolt\u0103 mai rapid, dec\u00e2t la adul\u021bi.\u00a0Acest lucru se datoreaz\u0103 faptului, c\u0103 organismul copiilor nu este pe deplin dezvoltat.\u00a0Organele \u0219i sistemele sale nu sunt complet formate, ceea ce duce la manifest\u0103ri acute.\u00a0Trebuie remarcat faptul, c\u0103 dezvoltarea de anafilaxie se \u00eent\u00e2mpl\u0103 adesea, c\u00e2nd contactul e primar cu alergenul, iar la adul\u021bi \u2013 la secundar.\u00a0Cea mai frecvent\u0103 cauz\u0103 a dezvolt\u0103rii \u0219ocurilor sunt medicamentele \u0219i vaccinurile, precum \u0219i fructele.<\/p>\n<h3>Diagnosticarea<\/h3>\n<p>Principala metod\u0103 pentru diagnosticare a dezvolt\u0103rii \u0219ocului anafilactic este detectarea \u0219i eliminarea alergenului.\u00a0Aceasta include:<\/p>\n<ul>\n<li>Anamnezul alergiei.<\/li>\n<li>Test\u0103ri ale pielii.<\/li>\n<li>Analiza imunoglobulinelor.<\/li>\n<\/ul>\n<p>Dar aceste proceduri se efectueaz\u0103 numai dup\u0103 serviciile asisten\u021bei medicale de urgen\u021b\u0103.<\/p>\n<h3>Tratamentul<\/h3>\n<p>Primul ajutor \u00een cazul \u0219ocului anafilactic se efectueaz\u0103 la apari\u021bia simptomelor fulger, care ofer\u0103 exper\u021bilor minute pentru a face diagnosticul corect \u0219i tratamentul de urgen\u021b\u0103.<\/p>\n<p>Ajutorul de urgen\u0163\u0103 include:<\/p>\n<ul>\n<li>Opri\u021bi p\u0103trunderea alergenului \u00een corpul pacientului.<\/li>\n<li>Pacientul trebuie culcat cu picioarele ridicate.<\/li>\n<li>Se \u00eentroduce intravenos solu\u021bie de adrenalin\u0103 de 0,1% &#8211; 0,3-0,5 ml \u00een 20 ml de solu\u021bie salin\u0103.<\/li>\n<li>Se face detoxificarea organismului cu perfuzarea unei solu\u021bii de reopoliglucin\u0103, glucoz\u0103 5%, poliglucin\u0103.<\/li>\n<li>Introducerea de medicamente hormonale &#8211; Prednizolon, Dexametazon.<\/li>\n<li>\u00cen continuare &#8211; introducerea a 2-3 ml solu\u021bie perfuzabil\u0103 de Dimedrol pe cale intravenoas\u0103.<\/li>\n<li>\u00cen prezen\u021ba bronhospasmului \u2013 se administreaz\u0103 Salbutamol \u0219i intravenos Eufillin.<\/li>\n<li>Toate activit\u0103\u021bile anterioare sunt efectuate cu inhalarea oxigenului umezit.<\/li>\n<li>Dac\u0103 pacientul este \u00eentr-o stare de deces clinic, ini\u021bierea tratamentului implic\u0103 RCP.<\/li>\n<\/ul>\n<p>Acest lucru \u00eel fac lucr\u0103torii medicali. Persoana \u00een atare stare, este necesar de al izolat\u0103 de contactul cu alergentul. Apela\u021bi la echipa de resuscitare de urgen\u021b\u0103, pacientul \u00eel culca\u0163i \u00eentr-o pozi\u021bie stabil\u0103, \u00eentoarce\u0163i-i capul la o parte, pentru a preveni aspirarea vomei, asigura\u0163ii aer proasp\u0103t \u0219i debarasa\u0163i-l de hainele str\u00eens mulate pe corp.\u00a0Dac\u0103 este posibil, da\u021b-ii un medicament antihistaminic &#8211; Tavegil, Suprastin \u0219i a\u0219tepta\u021bi sosirea unei echipe de ambulan\u021b\u0103.<\/p>\n<p>\u00cen condi\u0163iile de spital, pacientului i se dau antihistaminice, i se asigur\u0103 respirarea cu oxigen \u0219i se efectueaz\u0103 terapia simptomatic\u0103.\u00a0Tratamentul se efectueaz\u0103 \u00een unitatea de terapie intensiv\u0103.<\/p>\n","protected":false},"excerpt":{"rendered":"<p>Anafilaxia (SA) este un sindrom clinic reprezentat de o reac\u0163ie allergic\u0103 sever\u0103, brutal\u0103, acut\u0103, care se declan\u015feaz\u0103 de factori etiologici multipli \u015fi apare imediat, \u00een c\u00e2teva minute dup\u0103 administrarea antigenului specific. Se manifest\u0103 printr-o mare varietate de simptome \u015fi poate pune \u00een pericol via\u0163a persoanei sensibilizate. O diferen\u021b\u0103 caracteristic\u0103 de alte reac\u021bii alergice este c\u0103 [&hellip;]<\/p>\n","protected":false},"author":28,"featured_media":0,"parent":38228,"menu_order":0,"comment_status":"closed","ping_status":"closed","template":"","meta":{"inline_featured_image":false,"footnotes":""},"class_list":["post-55839","page","type-page","status-publish"],"yoast_head":"<!-- This site is optimized with the Yoast SEO plugin v27.3 - https:\/\/yoast.com\/product\/yoast-seo-wordpress\/ -->\n<title>\u0218ocul anafilactic<\/title>\n<meta name=\"description\" content=\"Anafilaxia (SA) este un sindrom clinic reprezentat de o reac\u0163ie allergic\u0103 sever\u0103, brutal\u0103, acut\u0103, care se declan\u015feaz\u0103 de factori etiologici multipli \u015fi apare imediat, \u00een c\u00e2teva minute dup\u0103 administrarea antigenului specific\" \/>\n<meta name=\"robots\" content=\"index, follow, max-snippet:-1, max-image-preview:large, max-video-preview:-1\" \/>\n<link rel=\"canonical\" href=\"https:\/\/sanatate.md\/ro\/boli-si-tratament\/boli-alergice\/socul-anafilactic\/\" \/>\n<meta property=\"og:locale\" content=\"ro_RO\" \/>\n<meta property=\"og:type\" content=\"article\" \/>\n<meta property=\"og:title\" content=\"\u0218ocul anafilactic\" \/>\n<meta property=\"og:description\" content=\"Anafilaxia (SA) este un sindrom clinic reprezentat de o reac\u0163ie allergic\u0103 sever\u0103, brutal\u0103, acut\u0103, care se declan\u015feaz\u0103 de factori etiologici multipli \u015fi apare imediat, \u00een c\u00e2teva minute dup\u0103 administrarea antigenului specific\" \/>\n<meta property=\"og:url\" content=\"https:\/\/sanatate.md\/ro\/boli-si-tratament\/boli-alergice\/socul-anafilactic\/\" \/>\n<meta property=\"og:site_name\" content=\"Sanatate.md\" \/>\n<meta name=\"twitter:card\" content=\"summary_large_image\" \/>\n<meta name=\"twitter:label1\" content=\"Timp estimat pentru citire\" \/>\n\t<meta name=\"twitter:data1\" content=\"5 minute\" \/>\n<script type=\"application\/ld+json\" class=\"yoast-schema-graph\">{\"@context\":\"https:\\\/\\\/schema.org\",\"@graph\":[{\"@type\":\"WebPage\",\"@id\":\"https:\\\/\\\/sanatate.md\\\/ro\\\/boli-si-tratament\\\/boli-alergice\\\/socul-anafilactic\\\/\",\"url\":\"https:\\\/\\\/sanatate.md\\\/ro\\\/boli-si-tratament\\\/boli-alergice\\\/socul-anafilactic\\\/\",\"name\":\"\u0218ocul anafilactic\",\"isPartOf\":{\"@id\":\"https:\\\/\\\/sanatate.md\\\/ro\\\/#website\"},\"datePublished\":\"2018-04-06T13:33:19+00:00\",\"description\":\"Anafilaxia (SA) este un sindrom clinic reprezentat de o reac\u0163ie allergic\u0103 sever\u0103, brutal\u0103, acut\u0103, care se declan\u015feaz\u0103 de factori etiologici multipli \u015fi apare imediat, \u00een c\u00e2teva minute dup\u0103 administrarea antigenului specific\",\"breadcrumb\":{\"@id\":\"https:\\\/\\\/sanatate.md\\\/ro\\\/boli-si-tratament\\\/boli-alergice\\\/socul-anafilactic\\\/#breadcrumb\"},\"inLanguage\":\"ro-RO\",\"potentialAction\":[{\"@type\":\"ReadAction\",\"target\":[\"https:\\\/\\\/sanatate.md\\\/ro\\\/boli-si-tratament\\\/boli-alergice\\\/socul-anafilactic\\\/\"]}]},{\"@type\":\"BreadcrumbList\",\"@id\":\"https:\\\/\\\/sanatate.md\\\/ro\\\/boli-si-tratament\\\/boli-alergice\\\/socul-anafilactic\\\/#breadcrumb\",\"itemListElement\":[{\"@type\":\"ListItem\",\"position\":1,\"name\":\"\u0413\u043b\u0430\u0432\u043d\u0430\u044f \u0441\u0442\u0440\u0430\u043d\u0438\u0446\u0430\",\"item\":\"https:\\\/\\\/sanatate.md\\\/ro\\\/\"},{\"@type\":\"ListItem\",\"position\":2,\"name\":\"Boli si tratament\",\"item\":\"https:\\\/\\\/sanatate.md\\\/ro\\\/boli-si-tratament\\\/\"},{\"@type\":\"ListItem\",\"position\":3,\"name\":\"Boli alergice\",\"item\":\"https:\\\/\\\/sanatate.md\\\/ro\\\/boli-si-tratament\\\/boli-alergice\\\/\"},{\"@type\":\"ListItem\",\"position\":4,\"name\":\"\u0218ocul anafilactic\"}]},{\"@type\":\"WebSite\",\"@id\":\"https:\\\/\\\/sanatate.md\\\/ro\\\/#website\",\"url\":\"https:\\\/\\\/sanatate.md\\\/ro\\\/\",\"name\":\"Sanatate.md\",\"description\":\"\u0416\u0443\u0440\u043d\u0430\u043b \u0434\u043b\u044f \u0432\u0441\u0435\u0439 \u0441\u0435\u043c\u044c\u0438 \u0432 \u041c\u043e\u043b\u0434\u043e\u0432\u0435\",\"publisher\":{\"@id\":\"https:\\\/\\\/sanatate.md\\\/ro\\\/#organization\"},\"potentialAction\":[{\"@type\":\"SearchAction\",\"target\":{\"@type\":\"EntryPoint\",\"urlTemplate\":\"https:\\\/\\\/sanatate.md\\\/ro\\\/?s={search_term_string}\"},\"query-input\":{\"@type\":\"PropertyValueSpecification\",\"valueRequired\":true,\"valueName\":\"search_term_string\"}}],\"inLanguage\":\"ro-RO\"},{\"@type\":\"Organization\",\"@id\":\"https:\\\/\\\/sanatate.md\\\/ro\\\/#organization\",\"name\":\"SANATATE\",\"url\":\"https:\\\/\\\/sanatate.md\\\/ro\\\/\",\"logo\":{\"@type\":\"ImageObject\",\"inLanguage\":\"ro-RO\",\"@id\":\"https:\\\/\\\/sanatate.md\\\/ro\\\/#\\\/schema\\\/logo\\\/image\\\/\",\"url\":\"https:\\\/\\\/sanatate.md\\\/wp-content\\\/uploads\\\/2022\\\/01\\\/sanatate-logo.svg\",\"contentUrl\":\"https:\\\/\\\/sanatate.md\\\/wp-content\\\/uploads\\\/2022\\\/01\\\/sanatate-logo.svg\",\"width\":\"1024\",\"height\":\"1024\",\"caption\":\"SANATATE\"},\"image\":{\"@id\":\"https:\\\/\\\/sanatate.md\\\/ro\\\/#\\\/schema\\\/logo\\\/image\\\/\"}}]}<\/script>\n<!-- \/ Yoast SEO plugin. -->","yoast_head_json":{"title":"\u0218ocul anafilactic","description":"Anafilaxia (SA) este un sindrom clinic reprezentat de o reac\u0163ie allergic\u0103 sever\u0103, brutal\u0103, acut\u0103, care se declan\u015feaz\u0103 de factori etiologici multipli \u015fi apare imediat, \u00een c\u00e2teva minute dup\u0103 administrarea antigenului specific","robots":{"index":"index","follow":"follow","max-snippet":"max-snippet:-1","max-image-preview":"max-image-preview:large","max-video-preview":"max-video-preview:-1"},"canonical":"https:\/\/sanatate.md\/ro\/boli-si-tratament\/boli-alergice\/socul-anafilactic\/","og_locale":"ro_RO","og_type":"article","og_title":"\u0218ocul anafilactic","og_description":"Anafilaxia (SA) este un sindrom clinic reprezentat de o reac\u0163ie allergic\u0103 sever\u0103, brutal\u0103, acut\u0103, care se declan\u015feaz\u0103 de factori etiologici multipli \u015fi apare imediat, \u00een c\u00e2teva minute dup\u0103 administrarea antigenului specific","og_url":"https:\/\/sanatate.md\/ro\/boli-si-tratament\/boli-alergice\/socul-anafilactic\/","og_site_name":"Sanatate.md","twitter_card":"summary_large_image","twitter_misc":{"Timp estimat pentru citire":"5 minute"},"schema":{"@context":"https:\/\/schema.org","@graph":[{"@type":"WebPage","@id":"https:\/\/sanatate.md\/ro\/boli-si-tratament\/boli-alergice\/socul-anafilactic\/","url":"https:\/\/sanatate.md\/ro\/boli-si-tratament\/boli-alergice\/socul-anafilactic\/","name":"\u0218ocul anafilactic","isPartOf":{"@id":"https:\/\/sanatate.md\/ro\/#website"},"datePublished":"2018-04-06T13:33:19+00:00","description":"Anafilaxia (SA) este un sindrom clinic reprezentat de o reac\u0163ie allergic\u0103 sever\u0103, brutal\u0103, acut\u0103, care se declan\u015feaz\u0103 de factori etiologici multipli \u015fi apare imediat, \u00een c\u00e2teva minute dup\u0103 administrarea antigenului specific","breadcrumb":{"@id":"https:\/\/sanatate.md\/ro\/boli-si-tratament\/boli-alergice\/socul-anafilactic\/#breadcrumb"},"inLanguage":"ro-RO","potentialAction":[{"@type":"ReadAction","target":["https:\/\/sanatate.md\/ro\/boli-si-tratament\/boli-alergice\/socul-anafilactic\/"]}]},{"@type":"BreadcrumbList","@id":"https:\/\/sanatate.md\/ro\/boli-si-tratament\/boli-alergice\/socul-anafilactic\/#breadcrumb","itemListElement":[{"@type":"ListItem","position":1,"name":"\u0413\u043b\u0430\u0432\u043d\u0430\u044f \u0441\u0442\u0440\u0430\u043d\u0438\u0446\u0430","item":"https:\/\/sanatate.md\/ro\/"},{"@type":"ListItem","position":2,"name":"Boli si tratament","item":"https:\/\/sanatate.md\/ro\/boli-si-tratament\/"},{"@type":"ListItem","position":3,"name":"Boli alergice","item":"https:\/\/sanatate.md\/ro\/boli-si-tratament\/boli-alergice\/"},{"@type":"ListItem","position":4,"name":"\u0218ocul anafilactic"}]},{"@type":"WebSite","@id":"https:\/\/sanatate.md\/ro\/#website","url":"https:\/\/sanatate.md\/ro\/","name":"Sanatate.md","description":"\u0416\u0443\u0440\u043d\u0430\u043b \u0434\u043b\u044f \u0432\u0441\u0435\u0439 \u0441\u0435\u043c\u044c\u0438 \u0432 \u041c\u043e\u043b\u0434\u043e\u0432\u0435","publisher":{"@id":"https:\/\/sanatate.md\/ro\/#organization"},"potentialAction":[{"@type":"SearchAction","target":{"@type":"EntryPoint","urlTemplate":"https:\/\/sanatate.md\/ro\/?s={search_term_string}"},"query-input":{"@type":"PropertyValueSpecification","valueRequired":true,"valueName":"search_term_string"}}],"inLanguage":"ro-RO"},{"@type":"Organization","@id":"https:\/\/sanatate.md\/ro\/#organization","name":"SANATATE","url":"https:\/\/sanatate.md\/ro\/","logo":{"@type":"ImageObject","inLanguage":"ro-RO","@id":"https:\/\/sanatate.md\/ro\/#\/schema\/logo\/image\/","url":"https:\/\/sanatate.md\/wp-content\/uploads\/2022\/01\/sanatate-logo.svg","contentUrl":"https:\/\/sanatate.md\/wp-content\/uploads\/2022\/01\/sanatate-logo.svg","width":"1024","height":"1024","caption":"SANATATE"},"image":{"@id":"https:\/\/sanatate.md\/ro\/#\/schema\/logo\/image\/"}}]}},"_links":{"self":[{"href":"https:\/\/sanatate.md\/ro\/wp-json\/wp\/v2\/pages\/55839","targetHints":{"allow":["GET"]}}],"collection":[{"href":"https:\/\/sanatate.md\/ro\/wp-json\/wp\/v2\/pages"}],"about":[{"href":"https:\/\/sanatate.md\/ro\/wp-json\/wp\/v2\/types\/page"}],"author":[{"embeddable":true,"href":"https:\/\/sanatate.md\/ro\/wp-json\/wp\/v2\/users\/28"}],"replies":[{"embeddable":true,"href":"https:\/\/sanatate.md\/ro\/wp-json\/wp\/v2\/comments?post=55839"}],"version-history":[{"count":0,"href":"https:\/\/sanatate.md\/ro\/wp-json\/wp\/v2\/pages\/55839\/revisions"}],"up":[{"embeddable":true,"href":"https:\/\/sanatate.md\/ro\/wp-json\/wp\/v2\/pages\/38228"}],"wp:attachment":[{"href":"https:\/\/sanatate.md\/ro\/wp-json\/wp\/v2\/media?parent=55839"}],"curies":[{"name":"wp","href":"https:\/\/api.w.org\/{rel}","templated":true}]}}