{"id":57084,"date":"2018-05-03T12:43:13","date_gmt":"2018-05-03T09:43:13","guid":{"rendered":"https:\/\/sanatate.md\/?page_id=57084"},"modified":"2018-05-03T12:43:13","modified_gmt":"2018-05-03T09:43:13","slug":"aversiunea-sexuala","status":"publish","type":"page","link":"https:\/\/sanatate.md\/ro\/boli-si-tratament\/tulburari-sexuale\/aversiunea-sexuala\/","title":{"rendered":"Aversiunea sexual\u0103"},"content":{"rendered":"<p>Aversiunea sexual\u0103 este una din cele mai grave forme a disfunc\u021biei sexuale. Disfunc\u021bia \u00een cauz\u0103 este o stare care se caracterizeaz\u0103 prin viceversa libidoului. Statistica manifest\u0103rii acestei disfunc\u021bii \u00eenc\u0103 n-a fost studiat\u0103 p\u00e2n\u0103 la cap\u0103t deoarece dup\u0103 ajutorul medical se adreseaz\u0103 un num\u0103r ne\u00e2nsemnat de pacien\u021bi care sufer\u0103 de patologia dat\u0103. Cu c\u00e2t aversiunea sexual\u0103 se dezvolt\u0103 mai tare cu at\u00e2t mai mult majoritatea reprezentantelor sexului frumos \u00eencep s\u0103 refuze contactele sexuale cu partenerul sau so\u021bul s\u0103u ceea ce duce la apari\u021bia unor situa\u021bii de conflict sau chiar \u0219i la divor\u021b.<\/p>\n<h3>Cauzele apari\u021biei<\/h3>\n<p>Cauzele apari\u021biei disfunc\u021biei sexuale \u00een cauz\u0103 pot fi urm\u0103toarele:<\/p>\n<p>\u2022 Mirosul nepl\u0103cut;<br \/>\n\u2022 Starea de ebrietate a partenerului;<br \/>\n\u2022 Diferite forme de comportament ca de exemplu:vulgaritatea, melancolia, frica \u0219.a.m.d.<\/p>\n<p>Asemenea factori pot fi at\u00e2t de scurt\u0103 durat\u0103 c\u00e2t \u0219i destul de \u00eendelunga\u021bi ceea ce p\u00e2n\u0103 la urm\u0103 aduce p\u00e2n\u0103 la o dezam\u0103gire total\u0103 fa\u021b\u0103 de partener.<\/p>\n<h3>Simptome<\/h3>\n<p>Situa\u021bia dat\u0103 devine cu timpul pentru ambii parteneri greu de suportat.Femeia sau b\u0103rbatul care au o respingere total\u0103 fa\u021b\u0103 de partenerul s\u0103u pot s\u0103 preia chiar \u0219i o atingere u\u0219oar\u0103 foarte inopinat.<\/p>\n<p>\u00cen unele cazuri senza\u021bia de aversiune sexual\u0103 se poate limita doar numai la factorii iritan\u021bi \u00een timpul intimit\u0103\u021bii ca de exemplu: vizuali sau olfactivi.<\/p>\n<p>\u00cen cazul \u00een care aversiunea sexual\u0103 se manifest\u0103 printr-o form\u0103 acut\u0103 atunci dezgustul fa\u021b\u0103 de partener poate ap\u0103rea nu numai \u00een momentul \u00een care au loc atingerile, ci \u0219i atunci c\u00e2nd \u00ee\u021bi aduci aminte de el. P\u00e2n\u0103 la urm\u0103 cuplurile \u00eencep s\u0103 doarm\u0103 separat sau peste o perioad\u0103 oarecare nu mai tr\u0103iesc \u00eempreun\u0103.<\/p>\n<p>\u00cen majoritatea cazurilor aversiunea \u00eencepe s\u0103 apar\u0103 treptat,dar sunt \u0219i cazuri c\u00e2nd aceasta se manifest\u0103 brusc. \u00cen cazul \u00een care o femeie sesizeaz\u0103 dezgustul b\u0103rbatului fa\u021b\u0103 de sine la ea scade nivelul de autoapreciere \u0219i acest fapt se preia drept o aversiune fa\u021b\u0103 de feminitatea \u0219i atrac\u021bia sa.<\/p>\n<p>De regul\u0103 cauzele unui a\u0219a fel de comportament la b\u0103rbat femeia le explic\u0103 prin faptul c\u0103 la el a ap\u0103rut altcineva pe care o are drept obiect sexual. \u00cen unele cazuri femeia poate \u00eenvinov\u0103\u021bi b\u0103rbatul de homosexualism. \u00cen a\u0219a situa\u021bii femeia \u00eencepe s\u0103 caute o confirmare a feminit\u0103\u021bii \u0219i atrac\u021biei sale la al\u021bi b\u0103rba\u021bi.<\/p>\n<p>Aversiunea sexual\u0103: tratament<\/p>\n<p>\u00cen cazul \u00een care cuplurile sau perechile care au rela\u021bii \u00eendelungate nu trateaz\u0103 disfunc\u021bia sexual\u0103 \u00een cauz\u0103 aceasta la r\u00e2ndul s\u0103u poate duce la \u00eencheierea rela\u021biilor.Solu\u021bionarea cea mai optimal\u0103 a problemei date este adresarea dup\u0103 ajutor la un medic sexopatolog \u0219i psihoterapeut.<\/p>\n<p>&nbsp;<\/p>\n","protected":false},"excerpt":{"rendered":"<p>Aversiunea sexual\u0103 este una din cele mai grave forme a disfunc\u021biei sexuale. Disfunc\u021bia \u00een cauz\u0103 este o stare care se caracterizeaz\u0103 prin viceversa libidoului. Statistica manifest\u0103rii acestei disfunc\u021bii \u00eenc\u0103 n-a fost studiat\u0103 p\u00e2n\u0103 la cap\u0103t deoarece dup\u0103 ajutorul medical se adreseaz\u0103 un num\u0103r ne\u00e2nsemnat de pacien\u021bi care sufer\u0103 de patologia dat\u0103. Cu c\u00e2t aversiunea sexual\u0103 [&hellip;]<\/p>\n","protected":false},"author":28,"featured_media":0,"parent":52952,"menu_order":0,"comment_status":"closed","ping_status":"closed","template":"","meta":{"inline_featured_image":false,"footnotes":""},"class_list":["post-57084","page","type-page","status-publish"],"yoast_head":"<!-- This site is optimized with the Yoast SEO plugin v27.3 - https:\/\/yoast.com\/product\/yoast-seo-wordpress\/ -->\n<title>Aversiunea sexual\u0103<\/title>\n<meta name=\"description\" content=\"Aversiunea sexual\u0103 este una din cele mai grave forme a disfunc\u021biei sexuale. Disfunc\u021bia \u00een cauz\u0103 este o stare care se caracterizeaz\u0103 prin viceversa libidoului.\" \/>\n<meta name=\"robots\" content=\"index, follow, max-snippet:-1, max-image-preview:large, max-video-preview:-1\" \/>\n<link rel=\"canonical\" href=\"https:\/\/sanatate.md\/ro\/boli-si-tratament\/tulburari-sexuale\/aversiunea-sexuala\/\" \/>\n<meta property=\"og:locale\" content=\"ro_RO\" \/>\n<meta property=\"og:type\" content=\"article\" \/>\n<meta property=\"og:title\" content=\"Aversiunea sexual\u0103\" \/>\n<meta property=\"og:description\" content=\"Aversiunea sexual\u0103 este una din cele mai grave forme a disfunc\u021biei sexuale. Disfunc\u021bia \u00een cauz\u0103 este o stare care se caracterizeaz\u0103 prin viceversa libidoului.\" \/>\n<meta property=\"og:url\" content=\"https:\/\/sanatate.md\/ro\/boli-si-tratament\/tulburari-sexuale\/aversiunea-sexuala\/\" \/>\n<meta property=\"og:site_name\" content=\"Sanatate.md\" \/>\n<meta name=\"twitter:card\" content=\"summary_large_image\" \/>\n<meta name=\"twitter:label1\" content=\"Timp estimat pentru citire\" \/>\n\t<meta name=\"twitter:data1\" content=\"2 minute\" \/>\n<script type=\"application\/ld+json\" class=\"yoast-schema-graph\">{\"@context\":\"https:\\\/\\\/schema.org\",\"@graph\":[{\"@type\":\"WebPage\",\"@id\":\"https:\\\/\\\/sanatate.md\\\/ro\\\/boli-si-tratament\\\/tulburari-sexuale\\\/aversiunea-sexuala\\\/\",\"url\":\"https:\\\/\\\/sanatate.md\\\/ro\\\/boli-si-tratament\\\/tulburari-sexuale\\\/aversiunea-sexuala\\\/\",\"name\":\"Aversiunea sexual\u0103\",\"isPartOf\":{\"@id\":\"https:\\\/\\\/sanatate.md\\\/ro\\\/#website\"},\"datePublished\":\"2018-05-03T09:43:13+00:00\",\"description\":\"Aversiunea sexual\u0103 este una din cele mai grave forme a disfunc\u021biei sexuale. Disfunc\u021bia \u00een cauz\u0103 este o stare care se caracterizeaz\u0103 prin viceversa libidoului.\",\"breadcrumb\":{\"@id\":\"https:\\\/\\\/sanatate.md\\\/ro\\\/boli-si-tratament\\\/tulburari-sexuale\\\/aversiunea-sexuala\\\/#breadcrumb\"},\"inLanguage\":\"ro-RO\",\"potentialAction\":[{\"@type\":\"ReadAction\",\"target\":[\"https:\\\/\\\/sanatate.md\\\/ro\\\/boli-si-tratament\\\/tulburari-sexuale\\\/aversiunea-sexuala\\\/\"]}]},{\"@type\":\"BreadcrumbList\",\"@id\":\"https:\\\/\\\/sanatate.md\\\/ro\\\/boli-si-tratament\\\/tulburari-sexuale\\\/aversiunea-sexuala\\\/#breadcrumb\",\"itemListElement\":[{\"@type\":\"ListItem\",\"position\":1,\"name\":\"\u0413\u043b\u0430\u0432\u043d\u0430\u044f \u0441\u0442\u0440\u0430\u043d\u0438\u0446\u0430\",\"item\":\"https:\\\/\\\/sanatate.md\\\/ro\\\/\"},{\"@type\":\"ListItem\",\"position\":2,\"name\":\"Boli si tratament\",\"item\":\"https:\\\/\\\/sanatate.md\\\/ro\\\/boli-si-tratament\\\/\"},{\"@type\":\"ListItem\",\"position\":3,\"name\":\"Tulbur\u0103ri sexuale\",\"item\":\"https:\\\/\\\/sanatate.md\\\/ro\\\/boli-si-tratament\\\/tulburari-sexuale\\\/\"},{\"@type\":\"ListItem\",\"position\":4,\"name\":\"Aversiunea sexual\u0103\"}]},{\"@type\":\"WebSite\",\"@id\":\"https:\\\/\\\/sanatate.md\\\/ro\\\/#website\",\"url\":\"https:\\\/\\\/sanatate.md\\\/ro\\\/\",\"name\":\"Sanatate.md\",\"description\":\"\u0416\u0443\u0440\u043d\u0430\u043b \u0434\u043b\u044f \u0432\u0441\u0435\u0439 \u0441\u0435\u043c\u044c\u0438 \u0432 \u041c\u043e\u043b\u0434\u043e\u0432\u0435\",\"publisher\":{\"@id\":\"https:\\\/\\\/sanatate.md\\\/ro\\\/#organization\"},\"potentialAction\":[{\"@type\":\"SearchAction\",\"target\":{\"@type\":\"EntryPoint\",\"urlTemplate\":\"https:\\\/\\\/sanatate.md\\\/ro\\\/?s={search_term_string}\"},\"query-input\":{\"@type\":\"PropertyValueSpecification\",\"valueRequired\":true,\"valueName\":\"search_term_string\"}}],\"inLanguage\":\"ro-RO\"},{\"@type\":\"Organization\",\"@id\":\"https:\\\/\\\/sanatate.md\\\/ro\\\/#organization\",\"name\":\"SANATATE\",\"url\":\"https:\\\/\\\/sanatate.md\\\/ro\\\/\",\"logo\":{\"@type\":\"ImageObject\",\"inLanguage\":\"ro-RO\",\"@id\":\"https:\\\/\\\/sanatate.md\\\/ro\\\/#\\\/schema\\\/logo\\\/image\\\/\",\"url\":\"https:\\\/\\\/sanatate.md\\\/wp-content\\\/uploads\\\/2022\\\/01\\\/sanatate-logo.svg\",\"contentUrl\":\"https:\\\/\\\/sanatate.md\\\/wp-content\\\/uploads\\\/2022\\\/01\\\/sanatate-logo.svg\",\"width\":\"1024\",\"height\":\"1024\",\"caption\":\"SANATATE\"},\"image\":{\"@id\":\"https:\\\/\\\/sanatate.md\\\/ro\\\/#\\\/schema\\\/logo\\\/image\\\/\"}}]}<\/script>\n<!-- \/ Yoast SEO plugin. -->","yoast_head_json":{"title":"Aversiunea sexual\u0103","description":"Aversiunea sexual\u0103 este una din cele mai grave forme a disfunc\u021biei sexuale. Disfunc\u021bia \u00een cauz\u0103 este o stare care se caracterizeaz\u0103 prin viceversa libidoului.","robots":{"index":"index","follow":"follow","max-snippet":"max-snippet:-1","max-image-preview":"max-image-preview:large","max-video-preview":"max-video-preview:-1"},"canonical":"https:\/\/sanatate.md\/ro\/boli-si-tratament\/tulburari-sexuale\/aversiunea-sexuala\/","og_locale":"ro_RO","og_type":"article","og_title":"Aversiunea sexual\u0103","og_description":"Aversiunea sexual\u0103 este una din cele mai grave forme a disfunc\u021biei sexuale. Disfunc\u021bia \u00een cauz\u0103 este o stare care se caracterizeaz\u0103 prin viceversa libidoului.","og_url":"https:\/\/sanatate.md\/ro\/boli-si-tratament\/tulburari-sexuale\/aversiunea-sexuala\/","og_site_name":"Sanatate.md","twitter_card":"summary_large_image","twitter_misc":{"Timp estimat pentru citire":"2 minute"},"schema":{"@context":"https:\/\/schema.org","@graph":[{"@type":"WebPage","@id":"https:\/\/sanatate.md\/ro\/boli-si-tratament\/tulburari-sexuale\/aversiunea-sexuala\/","url":"https:\/\/sanatate.md\/ro\/boli-si-tratament\/tulburari-sexuale\/aversiunea-sexuala\/","name":"Aversiunea sexual\u0103","isPartOf":{"@id":"https:\/\/sanatate.md\/ro\/#website"},"datePublished":"2018-05-03T09:43:13+00:00","description":"Aversiunea sexual\u0103 este una din cele mai grave forme a disfunc\u021biei sexuale. Disfunc\u021bia \u00een cauz\u0103 este o stare care se caracterizeaz\u0103 prin viceversa libidoului.","breadcrumb":{"@id":"https:\/\/sanatate.md\/ro\/boli-si-tratament\/tulburari-sexuale\/aversiunea-sexuala\/#breadcrumb"},"inLanguage":"ro-RO","potentialAction":[{"@type":"ReadAction","target":["https:\/\/sanatate.md\/ro\/boli-si-tratament\/tulburari-sexuale\/aversiunea-sexuala\/"]}]},{"@type":"BreadcrumbList","@id":"https:\/\/sanatate.md\/ro\/boli-si-tratament\/tulburari-sexuale\/aversiunea-sexuala\/#breadcrumb","itemListElement":[{"@type":"ListItem","position":1,"name":"\u0413\u043b\u0430\u0432\u043d\u0430\u044f \u0441\u0442\u0440\u0430\u043d\u0438\u0446\u0430","item":"https:\/\/sanatate.md\/ro\/"},{"@type":"ListItem","position":2,"name":"Boli si tratament","item":"https:\/\/sanatate.md\/ro\/boli-si-tratament\/"},{"@type":"ListItem","position":3,"name":"Tulbur\u0103ri sexuale","item":"https:\/\/sanatate.md\/ro\/boli-si-tratament\/tulburari-sexuale\/"},{"@type":"ListItem","position":4,"name":"Aversiunea sexual\u0103"}]},{"@type":"WebSite","@id":"https:\/\/sanatate.md\/ro\/#website","url":"https:\/\/sanatate.md\/ro\/","name":"Sanatate.md","description":"\u0416\u0443\u0440\u043d\u0430\u043b \u0434\u043b\u044f \u0432\u0441\u0435\u0439 \u0441\u0435\u043c\u044c\u0438 \u0432 \u041c\u043e\u043b\u0434\u043e\u0432\u0435","publisher":{"@id":"https:\/\/sanatate.md\/ro\/#organization"},"potentialAction":[{"@type":"SearchAction","target":{"@type":"EntryPoint","urlTemplate":"https:\/\/sanatate.md\/ro\/?s={search_term_string}"},"query-input":{"@type":"PropertyValueSpecification","valueRequired":true,"valueName":"search_term_string"}}],"inLanguage":"ro-RO"},{"@type":"Organization","@id":"https:\/\/sanatate.md\/ro\/#organization","name":"SANATATE","url":"https:\/\/sanatate.md\/ro\/","logo":{"@type":"ImageObject","inLanguage":"ro-RO","@id":"https:\/\/sanatate.md\/ro\/#\/schema\/logo\/image\/","url":"https:\/\/sanatate.md\/wp-content\/uploads\/2022\/01\/sanatate-logo.svg","contentUrl":"https:\/\/sanatate.md\/wp-content\/uploads\/2022\/01\/sanatate-logo.svg","width":"1024","height":"1024","caption":"SANATATE"},"image":{"@id":"https:\/\/sanatate.md\/ro\/#\/schema\/logo\/image\/"}}]}},"_links":{"self":[{"href":"https:\/\/sanatate.md\/ro\/wp-json\/wp\/v2\/pages\/57084","targetHints":{"allow":["GET"]}}],"collection":[{"href":"https:\/\/sanatate.md\/ro\/wp-json\/wp\/v2\/pages"}],"about":[{"href":"https:\/\/sanatate.md\/ro\/wp-json\/wp\/v2\/types\/page"}],"author":[{"embeddable":true,"href":"https:\/\/sanatate.md\/ro\/wp-json\/wp\/v2\/users\/28"}],"replies":[{"embeddable":true,"href":"https:\/\/sanatate.md\/ro\/wp-json\/wp\/v2\/comments?post=57084"}],"version-history":[{"count":0,"href":"https:\/\/sanatate.md\/ro\/wp-json\/wp\/v2\/pages\/57084\/revisions"}],"up":[{"embeddable":true,"href":"https:\/\/sanatate.md\/ro\/wp-json\/wp\/v2\/pages\/52952"}],"wp:attachment":[{"href":"https:\/\/sanatate.md\/ro\/wp-json\/wp\/v2\/media?parent=57084"}],"curies":[{"name":"wp","href":"https:\/\/api.w.org\/{rel}","templated":true}]}}