{"id":57089,"date":"2018-05-03T12:54:53","date_gmt":"2018-05-03T09:54:53","guid":{"rendered":"https:\/\/sanatate.md\/?page_id=57089"},"modified":"2018-05-03T12:54:53","modified_gmt":"2018-05-03T09:54:53","slug":"fisurarea-uretrei","status":"publish","type":"page","link":"https:\/\/sanatate.md\/ro\/boli-si-tratament\/boli-urologice\/fisurarea-uretrei\/","title":{"rendered":"Fisurarea uretrei"},"content":{"rendered":"<p>Fisurarea uretrei adesea se \u00eent\u00e2lne\u0219te la reprezentan\u021bii genului masculin, la femei aceasta este diagnosticat\u0103 mai rar. Aceasta depinde de structura anatomic\u0103 a uretrei. La b\u0103rba\u021bi uretra are o lungime de circa dou\u0103zeci \u0219i trei de centimetri, iar la femei aceasta are o lungime de aproximativ doi centimetri.<\/p>\n<h3>Cauzele apari\u021biei<\/h3>\n<p>Cauzele fisur\u0103rii interne:<br \/>\n\u2022 Trauma din regiunea perineului;<br \/>\n\u2022 Diagnosticarea incorect\u0103;<br \/>\n\u2022 Fracturarea organului genital (fisurarea uretrei la b\u0103rba\u021bi).<\/p>\n<h3>Grade de afectare a uretrei<\/h3>\n<p>Se disting cinci grade de afectare a uretrei:<\/p>\n<p>\u2022 Lovitura f\u0103r\u0103 uzurparea integrit\u0103\u021bii uretrei;<br \/>\n\u2022 Extensia care se caracterizeaz\u0103 prin m\u0103rirea uretrei f\u0103r\u0103 anume schimb\u0103ri ale integrit\u0103\u021bii stratului cutanat;<br \/>\n\u2022 Fisurarea par\u021bial\u0103 care se caracterizeaz\u0103 prin existen\u021ba unui defect \u00een o zon\u0103 anume,dar nu pe \u00eentreaga suparafa\u021b\u0103;<br \/>\n\u2022 Fisurarea total\u0103 pe toat\u0103 suprafa\u021ba (p\u00e2n\u0103 la doi centimetri);<br \/>\n\u2022 Fisurarea absolut\u0103 a uretrei pe toat\u0103 suprafa\u021ba (mai mult de doi centimetri).<\/p>\n<h3>Fisurarea uretrei: simptome<\/h3>\n<p>Simptome:<br \/>\n\u2022 Uretroraghia;<br \/>\n\u2022 Dureri strdente \u00een regiunea perineului \u00een timpul procesului de urinare;<br \/>\n\u2022 Re\u021binerea ne\u00e2nsemnat\u0103 sau absolut\u0103 a excre\u021biei urinei;<br \/>\n\u2022 Inflama\u021bia \u00een \u021besuturile perineului dup\u0103 o perioad\u0103 anumit\u0103 de dup\u0103 traumare (simptomul c\u00e2nd are loc trauma uretrei la femei-urohematoma).<\/p>\n<p>Atunci c\u00e2nd are loc fisurarea absolut\u0103 a uretrei excre\u021bia urineinu are loc de loc .\u00cen unele cazuri din orificiul uretrei pot picura pic\u0103turi de s\u00e2nge.La fel poate s\u0103 curg\u0103 o cantitate neesen\u021bial\u0103 de s\u00e2nge chiar \u0219i atunci c\u00e2nd realiz\u0103m o u\u0219oar\u0103 ap\u0103sare \u00een regiunea uretrei. \u00cen acest caz nu se recomand\u0103 s\u0103 realiz\u0103m cateterizarea la domiciliu, ci s\u0103 ne adres\u0103m la medic.<\/p>\n<p>Dac\u0103 a avut loc o fisurare par\u021bial\u0103 atunci medicul va putea pune un cateter \u00een vezica urinar\u0103.Prima urin\u0103 cu amestec de s\u00e2nge va fi \u00eenlocuit\u0103 mai apoi cu urin\u0103 curat\u0103 \u0219i dup\u0103 aceasta va avea loc cur\u0103\u021barea deplin\u0103 a vezicii urinare.<\/p>\n<h3>Diagnosticarea<\/h3>\n<p>Metodologia cea mai exact\u0103 care ne d\u0103 posibilitatea s\u0103 stabilim diagnoza maladiei \u00een cauz\u0103 este uretrografia. Procedura este realizat\u0103 de c\u0103tre medic \u00een condi\u021bii de sta\u021bionar \u0219i diagnoza este pus\u0103 dup\u0103 ce a fost evacuat total lichidul contrastant din uretr\u0103. La fel uretrografia ne permite s\u0103 determin\u0103m nivelul de extensie a uretrei.<\/p>\n<h3>Fisurarea uretrei la b\u0103rba\u021bi: consecin\u021be<\/h3>\n<p>Una dintre consecin\u021bele fisur\u0103rii absolute a uretrei este p\u0103trunderea urinei \u00een \u021besuturile organelor din apropiere ceea ce duce la apari\u021bia diferitor complica\u021bii.<\/p>\n<h3>Fisurarea uretrei: tratament<\/h3>\n<p>\u00cen cazul \u00een care se determin\u0103 faptul c\u0103 la pacientul cu uretra fisurat\u0103 vezica urinar\u0103 este pronun\u021bat supraaglomerat\u0103 este nevoie de realizat acupunctura prin stratul cutanat din regiunea pubisului. Persoana c are are uretra fisurat\u0103 trebuie imediat internat\u0103 \u00een sec\u021bia de urologie.<\/p>\n<p>\u00cen dependen\u021b\u0103 de momentul c\u00e2nd a avut loc fisurarea uretrei \u0219i c\u00e2t timp a trecut de atunci \u0219i de leziunile existente pe l\u00e2ng\u0103 aceasta, urologul execut\u0103 reticularea primar\u0103 a uretrei \u0219i pune un drenaj la perineu cu hematom\u0103 urologic\u0103 \u0219i la vezica urinar\u0103.<\/p>\n<p>Dac\u0103 au trecut mai mult de \u0219ase ore dup\u0103 fisurare atunci se realizeaz\u0103 epi\u021bestomia apunctiv\u0103 prin stratul cutanat \u0219i se pune un canal de drenaj urahematomal la perineu.<\/p>\n<p>&nbsp;<\/p>\n","protected":false},"excerpt":{"rendered":"<p>Fisurarea uretrei adesea se \u00eent\u00e2lne\u0219te la reprezentan\u021bii genului masculin, la femei aceasta este diagnosticat\u0103 mai rar. Aceasta depinde de structura anatomic\u0103 a uretrei. La b\u0103rba\u021bi uretra are o lungime de circa dou\u0103zeci \u0219i trei de centimetri, iar la femei aceasta are o lungime de aproximativ doi centimetri. Cauzele apari\u021biei Cauzele fisur\u0103rii interne: \u2022 Trauma din [&hellip;]<\/p>\n","protected":false},"author":28,"featured_media":0,"parent":53029,"menu_order":0,"comment_status":"closed","ping_status":"closed","template":"","meta":{"inline_featured_image":false,"footnotes":""},"class_list":["post-57089","page","type-page","status-publish"],"yoast_head":"<!-- This site is optimized with the Yoast SEO plugin v27.3 - https:\/\/yoast.com\/product\/yoast-seo-wordpress\/ -->\n<title>Fisurarea uretrei<\/title>\n<meta name=\"description\" content=\"Fisurarea uretrei adesea se \u00eent\u00e2lne\u0219te la reprezentan\u021bii genului masculin, la femei aceasta este diagnosticat\u0103 mai rar.\" \/>\n<meta name=\"robots\" content=\"index, follow, max-snippet:-1, max-image-preview:large, max-video-preview:-1\" \/>\n<link rel=\"canonical\" href=\"https:\/\/sanatate.md\/ro\/boli-si-tratament\/boli-urologice\/fisurarea-uretrei\/\" \/>\n<meta property=\"og:locale\" content=\"ro_RO\" \/>\n<meta property=\"og:type\" content=\"article\" \/>\n<meta property=\"og:title\" content=\"Fisurarea uretrei\" \/>\n<meta property=\"og:description\" content=\"Fisurarea uretrei adesea se \u00eent\u00e2lne\u0219te la reprezentan\u021bii genului masculin, la femei aceasta este diagnosticat\u0103 mai rar.\" \/>\n<meta property=\"og:url\" content=\"https:\/\/sanatate.md\/ro\/boli-si-tratament\/boli-urologice\/fisurarea-uretrei\/\" \/>\n<meta property=\"og:site_name\" content=\"Sanatate.md\" \/>\n<meta name=\"twitter:card\" content=\"summary_large_image\" \/>\n<meta name=\"twitter:label1\" content=\"Timp estimat pentru citire\" \/>\n\t<meta name=\"twitter:data1\" content=\"3 minute\" \/>\n<script type=\"application\/ld+json\" class=\"yoast-schema-graph\">{\"@context\":\"https:\\\/\\\/schema.org\",\"@graph\":[{\"@type\":\"WebPage\",\"@id\":\"https:\\\/\\\/sanatate.md\\\/ro\\\/boli-si-tratament\\\/boli-urologice\\\/fisurarea-uretrei\\\/\",\"url\":\"https:\\\/\\\/sanatate.md\\\/ro\\\/boli-si-tratament\\\/boli-urologice\\\/fisurarea-uretrei\\\/\",\"name\":\"Fisurarea uretrei\",\"isPartOf\":{\"@id\":\"https:\\\/\\\/sanatate.md\\\/ro\\\/#website\"},\"datePublished\":\"2018-05-03T09:54:53+00:00\",\"description\":\"Fisurarea uretrei adesea se \u00eent\u00e2lne\u0219te la reprezentan\u021bii genului masculin, la femei aceasta este diagnosticat\u0103 mai rar.\",\"breadcrumb\":{\"@id\":\"https:\\\/\\\/sanatate.md\\\/ro\\\/boli-si-tratament\\\/boli-urologice\\\/fisurarea-uretrei\\\/#breadcrumb\"},\"inLanguage\":\"ro-RO\",\"potentialAction\":[{\"@type\":\"ReadAction\",\"target\":[\"https:\\\/\\\/sanatate.md\\\/ro\\\/boli-si-tratament\\\/boli-urologice\\\/fisurarea-uretrei\\\/\"]}]},{\"@type\":\"BreadcrumbList\",\"@id\":\"https:\\\/\\\/sanatate.md\\\/ro\\\/boli-si-tratament\\\/boli-urologice\\\/fisurarea-uretrei\\\/#breadcrumb\",\"itemListElement\":[{\"@type\":\"ListItem\",\"position\":1,\"name\":\"\u0413\u043b\u0430\u0432\u043d\u0430\u044f \u0441\u0442\u0440\u0430\u043d\u0438\u0446\u0430\",\"item\":\"https:\\\/\\\/sanatate.md\\\/ro\\\/\"},{\"@type\":\"ListItem\",\"position\":2,\"name\":\"Boli si tratament\",\"item\":\"https:\\\/\\\/sanatate.md\\\/ro\\\/boli-si-tratament\\\/\"},{\"@type\":\"ListItem\",\"position\":3,\"name\":\"Boli urologice\",\"item\":\"https:\\\/\\\/sanatate.md\\\/ro\\\/boli-si-tratament\\\/boli-urologice\\\/\"},{\"@type\":\"ListItem\",\"position\":4,\"name\":\"Fisurarea uretrei\"}]},{\"@type\":\"WebSite\",\"@id\":\"https:\\\/\\\/sanatate.md\\\/ro\\\/#website\",\"url\":\"https:\\\/\\\/sanatate.md\\\/ro\\\/\",\"name\":\"Sanatate.md\",\"description\":\"\u0416\u0443\u0440\u043d\u0430\u043b \u0434\u043b\u044f \u0432\u0441\u0435\u0439 \u0441\u0435\u043c\u044c\u0438 \u0432 \u041c\u043e\u043b\u0434\u043e\u0432\u0435\",\"publisher\":{\"@id\":\"https:\\\/\\\/sanatate.md\\\/ro\\\/#organization\"},\"potentialAction\":[{\"@type\":\"SearchAction\",\"target\":{\"@type\":\"EntryPoint\",\"urlTemplate\":\"https:\\\/\\\/sanatate.md\\\/ro\\\/?s={search_term_string}\"},\"query-input\":{\"@type\":\"PropertyValueSpecification\",\"valueRequired\":true,\"valueName\":\"search_term_string\"}}],\"inLanguage\":\"ro-RO\"},{\"@type\":\"Organization\",\"@id\":\"https:\\\/\\\/sanatate.md\\\/ro\\\/#organization\",\"name\":\"SANATATE\",\"url\":\"https:\\\/\\\/sanatate.md\\\/ro\\\/\",\"logo\":{\"@type\":\"ImageObject\",\"inLanguage\":\"ro-RO\",\"@id\":\"https:\\\/\\\/sanatate.md\\\/ro\\\/#\\\/schema\\\/logo\\\/image\\\/\",\"url\":\"https:\\\/\\\/sanatate.md\\\/wp-content\\\/uploads\\\/2022\\\/01\\\/sanatate-logo.svg\",\"contentUrl\":\"https:\\\/\\\/sanatate.md\\\/wp-content\\\/uploads\\\/2022\\\/01\\\/sanatate-logo.svg\",\"width\":\"1024\",\"height\":\"1024\",\"caption\":\"SANATATE\"},\"image\":{\"@id\":\"https:\\\/\\\/sanatate.md\\\/ro\\\/#\\\/schema\\\/logo\\\/image\\\/\"}}]}<\/script>\n<!-- \/ Yoast SEO plugin. -->","yoast_head_json":{"title":"Fisurarea uretrei","description":"Fisurarea uretrei adesea se \u00eent\u00e2lne\u0219te la reprezentan\u021bii genului masculin, la femei aceasta este diagnosticat\u0103 mai rar.","robots":{"index":"index","follow":"follow","max-snippet":"max-snippet:-1","max-image-preview":"max-image-preview:large","max-video-preview":"max-video-preview:-1"},"canonical":"https:\/\/sanatate.md\/ro\/boli-si-tratament\/boli-urologice\/fisurarea-uretrei\/","og_locale":"ro_RO","og_type":"article","og_title":"Fisurarea uretrei","og_description":"Fisurarea uretrei adesea se \u00eent\u00e2lne\u0219te la reprezentan\u021bii genului masculin, la femei aceasta este diagnosticat\u0103 mai rar.","og_url":"https:\/\/sanatate.md\/ro\/boli-si-tratament\/boli-urologice\/fisurarea-uretrei\/","og_site_name":"Sanatate.md","twitter_card":"summary_large_image","twitter_misc":{"Timp estimat pentru citire":"3 minute"},"schema":{"@context":"https:\/\/schema.org","@graph":[{"@type":"WebPage","@id":"https:\/\/sanatate.md\/ro\/boli-si-tratament\/boli-urologice\/fisurarea-uretrei\/","url":"https:\/\/sanatate.md\/ro\/boli-si-tratament\/boli-urologice\/fisurarea-uretrei\/","name":"Fisurarea uretrei","isPartOf":{"@id":"https:\/\/sanatate.md\/ro\/#website"},"datePublished":"2018-05-03T09:54:53+00:00","description":"Fisurarea uretrei adesea se \u00eent\u00e2lne\u0219te la reprezentan\u021bii genului masculin, la femei aceasta este diagnosticat\u0103 mai rar.","breadcrumb":{"@id":"https:\/\/sanatate.md\/ro\/boli-si-tratament\/boli-urologice\/fisurarea-uretrei\/#breadcrumb"},"inLanguage":"ro-RO","potentialAction":[{"@type":"ReadAction","target":["https:\/\/sanatate.md\/ro\/boli-si-tratament\/boli-urologice\/fisurarea-uretrei\/"]}]},{"@type":"BreadcrumbList","@id":"https:\/\/sanatate.md\/ro\/boli-si-tratament\/boli-urologice\/fisurarea-uretrei\/#breadcrumb","itemListElement":[{"@type":"ListItem","position":1,"name":"\u0413\u043b\u0430\u0432\u043d\u0430\u044f \u0441\u0442\u0440\u0430\u043d\u0438\u0446\u0430","item":"https:\/\/sanatate.md\/ro\/"},{"@type":"ListItem","position":2,"name":"Boli si tratament","item":"https:\/\/sanatate.md\/ro\/boli-si-tratament\/"},{"@type":"ListItem","position":3,"name":"Boli urologice","item":"https:\/\/sanatate.md\/ro\/boli-si-tratament\/boli-urologice\/"},{"@type":"ListItem","position":4,"name":"Fisurarea uretrei"}]},{"@type":"WebSite","@id":"https:\/\/sanatate.md\/ro\/#website","url":"https:\/\/sanatate.md\/ro\/","name":"Sanatate.md","description":"\u0416\u0443\u0440\u043d\u0430\u043b \u0434\u043b\u044f \u0432\u0441\u0435\u0439 \u0441\u0435\u043c\u044c\u0438 \u0432 \u041c\u043e\u043b\u0434\u043e\u0432\u0435","publisher":{"@id":"https:\/\/sanatate.md\/ro\/#organization"},"potentialAction":[{"@type":"SearchAction","target":{"@type":"EntryPoint","urlTemplate":"https:\/\/sanatate.md\/ro\/?s={search_term_string}"},"query-input":{"@type":"PropertyValueSpecification","valueRequired":true,"valueName":"search_term_string"}}],"inLanguage":"ro-RO"},{"@type":"Organization","@id":"https:\/\/sanatate.md\/ro\/#organization","name":"SANATATE","url":"https:\/\/sanatate.md\/ro\/","logo":{"@type":"ImageObject","inLanguage":"ro-RO","@id":"https:\/\/sanatate.md\/ro\/#\/schema\/logo\/image\/","url":"https:\/\/sanatate.md\/wp-content\/uploads\/2022\/01\/sanatate-logo.svg","contentUrl":"https:\/\/sanatate.md\/wp-content\/uploads\/2022\/01\/sanatate-logo.svg","width":"1024","height":"1024","caption":"SANATATE"},"image":{"@id":"https:\/\/sanatate.md\/ro\/#\/schema\/logo\/image\/"}}]}},"_links":{"self":[{"href":"https:\/\/sanatate.md\/ro\/wp-json\/wp\/v2\/pages\/57089","targetHints":{"allow":["GET"]}}],"collection":[{"href":"https:\/\/sanatate.md\/ro\/wp-json\/wp\/v2\/pages"}],"about":[{"href":"https:\/\/sanatate.md\/ro\/wp-json\/wp\/v2\/types\/page"}],"author":[{"embeddable":true,"href":"https:\/\/sanatate.md\/ro\/wp-json\/wp\/v2\/users\/28"}],"replies":[{"embeddable":true,"href":"https:\/\/sanatate.md\/ro\/wp-json\/wp\/v2\/comments?post=57089"}],"version-history":[{"count":0,"href":"https:\/\/sanatate.md\/ro\/wp-json\/wp\/v2\/pages\/57089\/revisions"}],"up":[{"embeddable":true,"href":"https:\/\/sanatate.md\/ro\/wp-json\/wp\/v2\/pages\/53029"}],"wp:attachment":[{"href":"https:\/\/sanatate.md\/ro\/wp-json\/wp\/v2\/media?parent=57089"}],"curies":[{"name":"wp","href":"https:\/\/api.w.org\/{rel}","templated":true}]}}