{"id":57391,"date":"2018-05-09T13:44:11","date_gmt":"2018-05-09T10:44:11","guid":{"rendered":"https:\/\/sanatate.md\/?page_id=57391"},"modified":"2018-05-09T13:44:11","modified_gmt":"2018-05-09T10:44:11","slug":"sindromul-gilbert","status":"publish","type":"page","link":"https:\/\/sanatate.md\/ro\/boli-si-tratament\/boli-ale-tractului-gastro-intestinal\/sindromul-gilbert\/","title":{"rendered":"Sindromul Gilbert"},"content":{"rendered":"<p>Sindromul Gilbert este o maladie a ficatului care se caracterizeaz\u0103 prin un defect al genei care particip\u0103 la procesele de schimb ale bilirubinei \u00een organismul omenesc \u0219i drept rezultat are loc m\u0103rirea nivelului de bilirubin\u0103 indirect\u0103 \u00een serul s\u00e2ngelui \u00een leg\u0103tur\u0103 cu expunerea genei de form\u0103 anormal\u0103 la factorii transform\u0103rii acesteia.<\/p>\n<h3>Cauzele apari\u021biei<\/h3>\n<p>Sindromul genetic Gilbert este numit astfel de unii medici deoarece maladia \u00een cauz\u0103 poart\u0103 un caracter ereditar.Sindromul \u00een cauz\u0103 este caracterizat prin tipul recesiv de mo\u0219tenire adic\u0103: gena s\u0103n\u0103toas\u0103 compenseaz\u0103 anomalia genei sale deci a dublorului \u0219i influen\u021beaz\u0103 \u00een mod cople\u0219itor asupra activit\u0103\u021bii sale.<\/p>\n<p>Se consider\u0103 c\u0103 gena sindromului Gilbert se poate de mo\u0219tenit mai ales atunci c\u00e2nd ambii p\u0103rin\u021bi au fost posesorii genei anormale (a\u0219a numitul sindromul homozigotic al lui Gilbert la posesia c\u0103ruia se manifest\u0103 simptomatica clinic\u0103). \u00cen cazul \u00een care un p\u0103rinte a fost s\u0103n\u0103tos, iar cel\u0103lalt a avut gena anormal\u0103 atunci copilul va fi practic s\u0103n\u0103tos, \u00eens\u0103 va fi purt\u0103torul genei date adic\u0103 va fi posesorul tipului de mo\u0219tenire heterozigotic\u0103.<\/p>\n<h3>Simptome<\/h3>\n<p>Clinica maladiei \u00een cauz\u0103 adeseori poart\u0103 un caracter slab accentuat. Boala are un caracter cronic cu acutiz\u0103ri periodice care se manifest\u0103 la to\u021bi \u00een mod diferit \u0219i \u00een diferite perioade ale anului sub influen\u021ba diferitor factori ca: fumatul, consumul b\u0103uturilor alcoolice, stresurile, primirea preparatelor medicamentoase \u0219i bolile concomitente.<br \/>\nSindromul Gilbert afecteaz\u0103 ficatul, cre\u00e2nd condi\u021bii ce duc la m\u0103rirea nivelului de bilirubin\u0103 \u0219i prin urmare la apari\u021bia simptomaticii clinice.<\/p>\n<p>Simptomul esential al maladiei \u00een cauz\u0103 este apari\u021bia icterului slab de determinat.La unele persoane dezv\u0103luirea maladiei \u00een cauz\u0103 se limiteaz\u0103 doar la aceasta,iar la al\u021bii acest icter persist\u0103 toat\u0103 via\u021ba. Cel mai des icterul e u\u0219or de observat pe globii oculari a\u0219a numitul icter al sclerului,mai rar acesta se manifest\u0103 pe stratul cutanat.<\/p>\n<p>Simptome generale:<\/p>\n<p>\u2022 Sl\u0103biciune general\u0103 a organismului;<br \/>\n\u2022 Le\u0219inuri;<br \/>\n\u2022 B\u0103t\u0103i de inim\u0103 frecvente;<br \/>\n\u2022 Transpira\u021bie rece pe timp de noapte;<br \/>\n\u2022 Senza\u021bii de durere \u00een \u021besuturile musculare.<\/p>\n<p>La fel se mai observ\u0103 \u0219i disfunc\u021bii ale sistemului digestiv ca:<\/p>\n<p>\u2022 Senza\u021biile de durere \u0219i spazmele \u00een hipocondrul drept;<br \/>\n\u2022 Gust metallic sau de am\u0103r\u0103ciune \u00een cavitatea bucal\u0103;<br \/>\n\u2022 Arsurile;<br \/>\n\u2022 Pierderea poftei de m\u0103ncare ce nu arareori duce la anorexie;<br \/>\n\u2022 Constipa\u021biile,diareea;<br \/>\n\u2022 Balonarea abdomenului urmate de eructa\u021bii sau meteorism;<br \/>\n\u2022 Gre\u021burile \u0219i reflexele de vom\u0103 la vederea dulciurilor.<br \/>\nLa fel se observ\u0103 \u0219i depresiile,atacurile de panic\u0103 \u0219i ac\u021biunile asociative,nervozitatea.<\/p>\n<h3>Diagnosticare<\/h3>\n<p>Tehnologiile contemporane ne ofer\u0103 posibilitatea de a realiza diagnosticarea numai c\u0103 e nevoie de mult timp pentru a exclude alte maladii posibile ale ficatului.<br \/>\nPrin urmare analiza genetic\u0103 la sindromul Gilbert este cea mai optimal\u0103 deoarece ea ne permite s\u0103 depist\u0103m devierile genetice ale ADN\u2013ului \u0219i respectiv \u0219i acea gen\u0103 anormal\u0103.<br \/>\nSindromul Gilbert \u0219i bilirubina sunt direct legate. Pentru determinarea nivelului ridicat de bilirubin\u0103 indirect\u0103 se efectuiaz\u0103 analiza general\u0103 a s\u00e2ngelui prin intermediul c\u0103reia se depisteaz\u0103 eritrocitele imature ceea ce indic\u0103 un nivel ridicat de bilirubin\u0103. Dup\u0103 aceeea se realizeaz\u0103 analiza biochimic\u0103 a s\u00e2ngelui (s\u00e2ngele din ven\u0103).<\/p>\n<p>La fel se efectuiaz\u0103 o serie de investiga\u021bii nu mai pu\u021bin importante ca:<\/p>\n<p>\u2022 Analiza general\u0103 a urinei;<br \/>\n\u2022 Analiza la aminotransferaz\u0103;<br \/>\n\u2022 Analiza la gama-glutamiptranspeptidaz\u0103,<br \/>\n\u2022 Testul la timpul ptrombin \u0219i indicele ptrombin;<br \/>\n\u2022 Marcherii la hepatitele A, B, C, D, E, G, TTV;<br \/>\n\u2022 Ultrasonografia glandei tiroide;<br \/>\n\u2022 Analizele la hormonii glandei tiroide;<br \/>\n\u2022 Ultrasonografia ficatului;<br \/>\n\u2022 Analiza serului de s\u00e2nge la determinarea nivelului de fier,indicii transferinei,feritinei.<\/p>\n<p>Sindromul Gilbert \u0219i hepatita sunt ni\u0219te maladii care sunt foarte asem\u0103n\u0103toare conform tabloului clinic \u0219i din aceast\u0103 cauz\u0103 atunci c\u00e2nd are loc colectarea anamnezei \u0219i realizarea analizelor se face o diagnosticare diferen\u021biat\u0103 a acestor boli pentru a pune diagnoza corect\u0103 \u0219i respectiv pentru a indica tratamentul necesar.<\/p>\n<h3>Tratament<\/h3>\n<p>Tratamentul este complex: el include \u00een sine primirea preparatelor medicamentoase \u0219i respectarea dietei care este indicat\u0103 de c\u0103tre medicul-hepatolog.<\/p>\n<p>Se indic\u0103 urm\u0103toarele preparate ca:<\/p>\n<p>\u2022 Preparatele antiepileptice pentru sc\u0103derea nivelului de bilirubin\u0103 \u00een s\u00e2nge;<br \/>\n\u2022 Coleretice ca: Aloholul, Liobilul, Rivanolul \u0219i multe altele,<br \/>\n\u2022 Hepatoprotectoare ca: Carsilul, Esen\u021biale, Gheptrapul,<br \/>\n\u2022 Enterosorbente (preparatele se indic\u0103 pentru intensificarea elimin\u0103rii bilirubinei din intestin).Printre acestea sunt: Smecta, C\u0103rbunele activat, C\u0103rbunele alb, Lactofiltrumul \u0219i Enterosgelul.<br \/>\n\u2022 Preparatele enzimatice ca: Festalul. Mezimul.<\/p>\n<p>La fel se mai indic\u0103 \u0219i o terapie simptomatic\u0103.<\/p>\n<p>Dieta \u00een cazul sindromului Gilbert se indic\u0103 de medic strict individual pentru fiecare pacient, reie\u0219ind din rezultatele analizelor \u0219i av\u00e2nd \u00een considera\u021bie datele obiective \u0219i subiective. De obicei se indic\u0103 dieta nr. 5, \u00eens\u0103 din ea se pot elimina sau din contra ad\u0103uga anumite produse. Dieta e necesar\u0103 pentru ca preparatele medicamentoase indicate s\u0103-\u0219i fac\u0103 efectul \u0219i pentru ca nici un alt factor s\u0103 nu scad\u0103 ac\u021biunea acestora. Aceast\u0103 diet\u0103 nu este pe gustul tuturoa \u0219i chiar s\u0103 li se par\u0103 cam am\u0103ruie, \u00eens\u0103 ea trebuie \u021binut\u0103 neap\u0103rat.<\/p>\n<h3>Sindromul Gilbert \u0219i sarcina. Ce trebuie de \u0219tiut?<\/h3>\n<p>Trebuie de remarcat faptul c\u0103 aceste dou\u0103 concepte nu se exclud reciproc adic\u0103 aceasta nu ar fi o c auz\u0103 ca s\u0103 se refuze de la posibilitatea de a r\u0103m\u00e2ne \u00eens\u0103rcinat\u0103. Trebuie doar de luat \u00een considera\u021bie anumite particularit\u0103\u021bi \u00een timpul planific\u0103rii sarcinii \u0219i de discutat \u00een mod obligatoriu \u00eentrebarea dat\u0103 cu medicul curant \u0219i cu ginecologul.<\/p>\n<p>&nbsp;<\/p>\n","protected":false},"excerpt":{"rendered":"<p>Sindromul Gilbert este o maladie a ficatului care se caracterizeaz\u0103 prin un defect al genei care particip\u0103 la procesele de schimb ale bilirubinei \u00een organismul omenesc \u0219i drept rezultat are loc m\u0103rirea nivelului de bilirubin\u0103 indirect\u0103 \u00een serul s\u00e2ngelui \u00een leg\u0103tur\u0103 cu expunerea genei de form\u0103 anormal\u0103 la factorii transform\u0103rii acesteia. Cauzele apari\u021biei Sindromul genetic [&hellip;]<\/p>\n","protected":false},"author":28,"featured_media":0,"parent":52944,"menu_order":0,"comment_status":"closed","ping_status":"closed","template":"","meta":{"inline_featured_image":false,"footnotes":""},"class_list":["post-57391","page","type-page","status-publish"],"yoast_head":"<!-- This site is optimized with the Yoast SEO plugin v27.3 - https:\/\/yoast.com\/product\/yoast-seo-wordpress\/ -->\n<title>Sindromul Gilbert<\/title>\n<meta name=\"description\" content=\"Sindromul Gilbert este o maladie a ficatului care se caracterizeaz\u0103 prin un defect al genei care particip\u0103 la procesele de schimb ale bilirubinei \u00een organismul omenesc\" \/>\n<meta name=\"robots\" content=\"index, follow, max-snippet:-1, max-image-preview:large, max-video-preview:-1\" \/>\n<link rel=\"canonical\" href=\"https:\/\/sanatate.md\/ro\/boli-si-tratament\/boli-ale-tractului-gastro-intestinal\/sindromul-gilbert\/\" \/>\n<meta property=\"og:locale\" content=\"ro_RO\" \/>\n<meta property=\"og:type\" content=\"article\" \/>\n<meta property=\"og:title\" content=\"Sindromul Gilbert\" \/>\n<meta property=\"og:description\" content=\"Sindromul Gilbert este o maladie a ficatului care se caracterizeaz\u0103 prin un defect al genei care particip\u0103 la procesele de schimb ale bilirubinei \u00een organismul omenesc\" \/>\n<meta property=\"og:url\" content=\"https:\/\/sanatate.md\/ro\/boli-si-tratament\/boli-ale-tractului-gastro-intestinal\/sindromul-gilbert\/\" \/>\n<meta property=\"og:site_name\" content=\"Sanatate.md\" \/>\n<meta name=\"twitter:card\" content=\"summary_large_image\" \/>\n<meta name=\"twitter:label1\" content=\"Timp estimat pentru citire\" \/>\n\t<meta name=\"twitter:data1\" content=\"5 minute\" \/>\n<script type=\"application\/ld+json\" class=\"yoast-schema-graph\">{\"@context\":\"https:\\\/\\\/schema.org\",\"@graph\":[{\"@type\":\"WebPage\",\"@id\":\"https:\\\/\\\/sanatate.md\\\/ro\\\/boli-si-tratament\\\/boli-ale-tractului-gastro-intestinal\\\/sindromul-gilbert\\\/\",\"url\":\"https:\\\/\\\/sanatate.md\\\/ro\\\/boli-si-tratament\\\/boli-ale-tractului-gastro-intestinal\\\/sindromul-gilbert\\\/\",\"name\":\"Sindromul Gilbert\",\"isPartOf\":{\"@id\":\"https:\\\/\\\/sanatate.md\\\/ro\\\/#website\"},\"datePublished\":\"2018-05-09T10:44:11+00:00\",\"description\":\"Sindromul Gilbert este o maladie a ficatului care se caracterizeaz\u0103 prin un defect al genei care particip\u0103 la procesele de schimb ale bilirubinei \u00een organismul omenesc\",\"breadcrumb\":{\"@id\":\"https:\\\/\\\/sanatate.md\\\/ro\\\/boli-si-tratament\\\/boli-ale-tractului-gastro-intestinal\\\/sindromul-gilbert\\\/#breadcrumb\"},\"inLanguage\":\"ro-RO\",\"potentialAction\":[{\"@type\":\"ReadAction\",\"target\":[\"https:\\\/\\\/sanatate.md\\\/ro\\\/boli-si-tratament\\\/boli-ale-tractului-gastro-intestinal\\\/sindromul-gilbert\\\/\"]}]},{\"@type\":\"BreadcrumbList\",\"@id\":\"https:\\\/\\\/sanatate.md\\\/ro\\\/boli-si-tratament\\\/boli-ale-tractului-gastro-intestinal\\\/sindromul-gilbert\\\/#breadcrumb\",\"itemListElement\":[{\"@type\":\"ListItem\",\"position\":1,\"name\":\"\u0413\u043b\u0430\u0432\u043d\u0430\u044f \u0441\u0442\u0440\u0430\u043d\u0438\u0446\u0430\",\"item\":\"https:\\\/\\\/sanatate.md\\\/ro\\\/\"},{\"@type\":\"ListItem\",\"position\":2,\"name\":\"Boli si tratament\",\"item\":\"https:\\\/\\\/sanatate.md\\\/ro\\\/boli-si-tratament\\\/\"},{\"@type\":\"ListItem\",\"position\":3,\"name\":\"Boli ale tractului gastro-intestinal\",\"item\":\"https:\\\/\\\/sanatate.md\\\/ro\\\/boli-si-tratament\\\/boli-ale-tractului-gastro-intestinal\\\/\"},{\"@type\":\"ListItem\",\"position\":4,\"name\":\"Sindromul Gilbert\"}]},{\"@type\":\"WebSite\",\"@id\":\"https:\\\/\\\/sanatate.md\\\/ro\\\/#website\",\"url\":\"https:\\\/\\\/sanatate.md\\\/ro\\\/\",\"name\":\"Sanatate.md\",\"description\":\"\u0416\u0443\u0440\u043d\u0430\u043b \u0434\u043b\u044f \u0432\u0441\u0435\u0439 \u0441\u0435\u043c\u044c\u0438 \u0432 \u041c\u043e\u043b\u0434\u043e\u0432\u0435\",\"publisher\":{\"@id\":\"https:\\\/\\\/sanatate.md\\\/ro\\\/#organization\"},\"potentialAction\":[{\"@type\":\"SearchAction\",\"target\":{\"@type\":\"EntryPoint\",\"urlTemplate\":\"https:\\\/\\\/sanatate.md\\\/ro\\\/?s={search_term_string}\"},\"query-input\":{\"@type\":\"PropertyValueSpecification\",\"valueRequired\":true,\"valueName\":\"search_term_string\"}}],\"inLanguage\":\"ro-RO\"},{\"@type\":\"Organization\",\"@id\":\"https:\\\/\\\/sanatate.md\\\/ro\\\/#organization\",\"name\":\"SANATATE\",\"url\":\"https:\\\/\\\/sanatate.md\\\/ro\\\/\",\"logo\":{\"@type\":\"ImageObject\",\"inLanguage\":\"ro-RO\",\"@id\":\"https:\\\/\\\/sanatate.md\\\/ro\\\/#\\\/schema\\\/logo\\\/image\\\/\",\"url\":\"https:\\\/\\\/sanatate.md\\\/wp-content\\\/uploads\\\/2022\\\/01\\\/sanatate-logo.svg\",\"contentUrl\":\"https:\\\/\\\/sanatate.md\\\/wp-content\\\/uploads\\\/2022\\\/01\\\/sanatate-logo.svg\",\"width\":\"1024\",\"height\":\"1024\",\"caption\":\"SANATATE\"},\"image\":{\"@id\":\"https:\\\/\\\/sanatate.md\\\/ro\\\/#\\\/schema\\\/logo\\\/image\\\/\"}}]}<\/script>\n<!-- \/ Yoast SEO plugin. -->","yoast_head_json":{"title":"Sindromul Gilbert","description":"Sindromul Gilbert este o maladie a ficatului care se caracterizeaz\u0103 prin un defect al genei care particip\u0103 la procesele de schimb ale bilirubinei \u00een organismul omenesc","robots":{"index":"index","follow":"follow","max-snippet":"max-snippet:-1","max-image-preview":"max-image-preview:large","max-video-preview":"max-video-preview:-1"},"canonical":"https:\/\/sanatate.md\/ro\/boli-si-tratament\/boli-ale-tractului-gastro-intestinal\/sindromul-gilbert\/","og_locale":"ro_RO","og_type":"article","og_title":"Sindromul Gilbert","og_description":"Sindromul Gilbert este o maladie a ficatului care se caracterizeaz\u0103 prin un defect al genei care particip\u0103 la procesele de schimb ale bilirubinei \u00een organismul omenesc","og_url":"https:\/\/sanatate.md\/ro\/boli-si-tratament\/boli-ale-tractului-gastro-intestinal\/sindromul-gilbert\/","og_site_name":"Sanatate.md","twitter_card":"summary_large_image","twitter_misc":{"Timp estimat pentru citire":"5 minute"},"schema":{"@context":"https:\/\/schema.org","@graph":[{"@type":"WebPage","@id":"https:\/\/sanatate.md\/ro\/boli-si-tratament\/boli-ale-tractului-gastro-intestinal\/sindromul-gilbert\/","url":"https:\/\/sanatate.md\/ro\/boli-si-tratament\/boli-ale-tractului-gastro-intestinal\/sindromul-gilbert\/","name":"Sindromul Gilbert","isPartOf":{"@id":"https:\/\/sanatate.md\/ro\/#website"},"datePublished":"2018-05-09T10:44:11+00:00","description":"Sindromul Gilbert este o maladie a ficatului care se caracterizeaz\u0103 prin un defect al genei care particip\u0103 la procesele de schimb ale bilirubinei \u00een organismul omenesc","breadcrumb":{"@id":"https:\/\/sanatate.md\/ro\/boli-si-tratament\/boli-ale-tractului-gastro-intestinal\/sindromul-gilbert\/#breadcrumb"},"inLanguage":"ro-RO","potentialAction":[{"@type":"ReadAction","target":["https:\/\/sanatate.md\/ro\/boli-si-tratament\/boli-ale-tractului-gastro-intestinal\/sindromul-gilbert\/"]}]},{"@type":"BreadcrumbList","@id":"https:\/\/sanatate.md\/ro\/boli-si-tratament\/boli-ale-tractului-gastro-intestinal\/sindromul-gilbert\/#breadcrumb","itemListElement":[{"@type":"ListItem","position":1,"name":"\u0413\u043b\u0430\u0432\u043d\u0430\u044f \u0441\u0442\u0440\u0430\u043d\u0438\u0446\u0430","item":"https:\/\/sanatate.md\/ro\/"},{"@type":"ListItem","position":2,"name":"Boli si tratament","item":"https:\/\/sanatate.md\/ro\/boli-si-tratament\/"},{"@type":"ListItem","position":3,"name":"Boli ale tractului gastro-intestinal","item":"https:\/\/sanatate.md\/ro\/boli-si-tratament\/boli-ale-tractului-gastro-intestinal\/"},{"@type":"ListItem","position":4,"name":"Sindromul Gilbert"}]},{"@type":"WebSite","@id":"https:\/\/sanatate.md\/ro\/#website","url":"https:\/\/sanatate.md\/ro\/","name":"Sanatate.md","description":"\u0416\u0443\u0440\u043d\u0430\u043b \u0434\u043b\u044f \u0432\u0441\u0435\u0439 \u0441\u0435\u043c\u044c\u0438 \u0432 \u041c\u043e\u043b\u0434\u043e\u0432\u0435","publisher":{"@id":"https:\/\/sanatate.md\/ro\/#organization"},"potentialAction":[{"@type":"SearchAction","target":{"@type":"EntryPoint","urlTemplate":"https:\/\/sanatate.md\/ro\/?s={search_term_string}"},"query-input":{"@type":"PropertyValueSpecification","valueRequired":true,"valueName":"search_term_string"}}],"inLanguage":"ro-RO"},{"@type":"Organization","@id":"https:\/\/sanatate.md\/ro\/#organization","name":"SANATATE","url":"https:\/\/sanatate.md\/ro\/","logo":{"@type":"ImageObject","inLanguage":"ro-RO","@id":"https:\/\/sanatate.md\/ro\/#\/schema\/logo\/image\/","url":"https:\/\/sanatate.md\/wp-content\/uploads\/2022\/01\/sanatate-logo.svg","contentUrl":"https:\/\/sanatate.md\/wp-content\/uploads\/2022\/01\/sanatate-logo.svg","width":"1024","height":"1024","caption":"SANATATE"},"image":{"@id":"https:\/\/sanatate.md\/ro\/#\/schema\/logo\/image\/"}}]}},"_links":{"self":[{"href":"https:\/\/sanatate.md\/ro\/wp-json\/wp\/v2\/pages\/57391","targetHints":{"allow":["GET"]}}],"collection":[{"href":"https:\/\/sanatate.md\/ro\/wp-json\/wp\/v2\/pages"}],"about":[{"href":"https:\/\/sanatate.md\/ro\/wp-json\/wp\/v2\/types\/page"}],"author":[{"embeddable":true,"href":"https:\/\/sanatate.md\/ro\/wp-json\/wp\/v2\/users\/28"}],"replies":[{"embeddable":true,"href":"https:\/\/sanatate.md\/ro\/wp-json\/wp\/v2\/comments?post=57391"}],"version-history":[{"count":0,"href":"https:\/\/sanatate.md\/ro\/wp-json\/wp\/v2\/pages\/57391\/revisions"}],"up":[{"embeddable":true,"href":"https:\/\/sanatate.md\/ro\/wp-json\/wp\/v2\/pages\/52944"}],"wp:attachment":[{"href":"https:\/\/sanatate.md\/ro\/wp-json\/wp\/v2\/media?parent=57391"}],"curies":[{"name":"wp","href":"https:\/\/api.w.org\/{rel}","templated":true}]}}