{"id":57404,"date":"2018-05-09T15:02:40","date_gmt":"2018-05-09T12:02:40","guid":{"rendered":"https:\/\/sanatate.md\/?page_id=57404"},"modified":"2018-05-09T15:02:40","modified_gmt":"2018-05-09T12:02:40","slug":"analism","status":"publish","type":"page","link":"https:\/\/sanatate.md\/ro\/boli-si-tratament\/tulburari-sexuale\/analism\/","title":{"rendered":"Analism"},"content":{"rendered":"<p>Analismul se caracterizeaz\u0103 prin atingerea satisfac\u021biei sexuale \u0219i a orgasmului prin stimularea mecanic\u0103 a rectului sau prin coitul anal.\u00a0\u00cen cele mai multe cazuri, un astfel de procedeu are loc \u00een rela\u021biile heterosexuale sau homosexuale, \u0219i uneori &#8211; ca o masturbare anal\u0103.<\/p>\n<p>Stimularea suplimentar\u0103 difer\u0103 de actul sexual obi\u0219nuit (de exemplu, folosind efectul degetului pe peretele vaginal prin anus, procedur\u0103 care o face un b\u0103rbat cu o femeie in timpul actului sexual).<\/p>\n<h3>Factori<\/h3>\n<p>Contactul anal poate fi declan\u0219at de urm\u0103torii factori:<\/p>\n<ul>\n<li>homosexualitatea;<\/li>\n<li>bisexualitatea;<\/li>\n<li>fixarea anal\u0103 &#8211; o stare care se datoreaz\u0103 psihologic din copil\u0103rie;<\/li>\n<li>nevoia de a folosi un agent patogen suplimentar sau un fel de stimulare, care se \u00eent\u00e2mpl\u0103 atunci c\u00e2nd partenerii sexuali nu sunt \u00een form\u0103;<\/li>\n<li>conformism;<\/li>\n<li>moda sexuala;<\/li>\n<li>posibilitatea de a evita sarcina.<\/li>\n<\/ul>\n<h3>Simptomatologia<\/h3>\n<p>Este o form\u0103 a activit\u0103\u021bii sexuale \u015fi conform clasific\u0103rii, aceast\u0103 form\u0103 se refer\u0103 la comportamentul sexual netradi\u021bional.\u00a0De asemenea, exist\u0103 diferite tipuri de deschideri a anusului, care sunt folosite ca elemente de m\u00e2ng\u00e2iere preliminar\u0103. Stimularea sfincterului poate \u00eenso\u021bi actul sexual tradi\u021bional, atunci c\u00e2nd partenera are o dimensiune mare a vaginului.<\/p>\n<p>La unele cupluri, care sunt obi\u0219nui\u021bi s\u0103 fac\u0103 sex frecvent, sexul anal este de obicei periodic.\u00a0Aceast\u0103 metod\u0103 este adesea folosit\u0103 atunci, c\u00e2nd femeia are zile critice.<br \/>\nPe timpuri aceast\u0103 metod\u0103 era considerat\u0103 cea mai neobi\u0219nuit\u0103 \u0219i dezgust\u0103toare de perversiune sexual\u0103.\u00a0Pentru faptul practic\u0103rii acestui tip de sex, marchizul de Sade, fiind condamnat \u00een Evul Mediu la moarte, a sc\u0103pat de ea \u00een mod miraculos.<\/p>\n<h3>Tratamentul<\/h3>\n<p>Psihoterapia este unica metod\u0103 de tratament.<\/p>\n","protected":false},"excerpt":{"rendered":"<p>Analismul se caracterizeaz\u0103 prin atingerea satisfac\u021biei sexuale \u0219i a orgasmului prin stimularea mecanic\u0103 a rectului sau prin coitul anal.\u00a0\u00cen cele mai multe cazuri, un astfel de procedeu are loc \u00een rela\u021biile heterosexuale sau homosexuale, \u0219i uneori &#8211; ca o masturbare anal\u0103. Stimularea suplimentar\u0103 difer\u0103 de actul sexual obi\u0219nuit (de exemplu, folosind efectul degetului pe peretele [&hellip;]<\/p>\n","protected":false},"author":28,"featured_media":0,"parent":52952,"menu_order":0,"comment_status":"closed","ping_status":"closed","template":"","meta":{"inline_featured_image":false,"footnotes":""},"class_list":["post-57404","page","type-page","status-publish"],"yoast_head":"<!-- This site is optimized with the Yoast SEO plugin v27.3 - https:\/\/yoast.com\/product\/yoast-seo-wordpress\/ -->\n<title>Analism<\/title>\n<meta name=\"description\" content=\"Analismul se caracterizeaz\u0103 prin atingerea satisfac\u021biei sexuale \u0219i a orgasmului prin stimularea mecanic\u0103 a rectului sau prin coitul anal.\" \/>\n<meta name=\"robots\" content=\"index, follow, max-snippet:-1, max-image-preview:large, max-video-preview:-1\" \/>\n<link rel=\"canonical\" href=\"https:\/\/sanatate.md\/ro\/boli-si-tratament\/tulburari-sexuale\/analism\/\" \/>\n<meta property=\"og:locale\" content=\"ro_RO\" \/>\n<meta property=\"og:type\" content=\"article\" \/>\n<meta property=\"og:title\" content=\"Analism\" \/>\n<meta property=\"og:description\" content=\"Analismul se caracterizeaz\u0103 prin atingerea satisfac\u021biei sexuale \u0219i a orgasmului prin stimularea mecanic\u0103 a rectului sau prin coitul anal.\" \/>\n<meta property=\"og:url\" content=\"https:\/\/sanatate.md\/ro\/boli-si-tratament\/tulburari-sexuale\/analism\/\" \/>\n<meta property=\"og:site_name\" content=\"Sanatate.md\" \/>\n<meta name=\"twitter:card\" content=\"summary_large_image\" \/>\n<meta name=\"twitter:label1\" content=\"Timp estimat pentru citire\" \/>\n\t<meta name=\"twitter:data1\" content=\"1 minut\" \/>\n<script type=\"application\/ld+json\" class=\"yoast-schema-graph\">{\"@context\":\"https:\\\/\\\/schema.org\",\"@graph\":[{\"@type\":\"WebPage\",\"@id\":\"https:\\\/\\\/sanatate.md\\\/ro\\\/boli-si-tratament\\\/tulburari-sexuale\\\/analism\\\/\",\"url\":\"https:\\\/\\\/sanatate.md\\\/ro\\\/boli-si-tratament\\\/tulburari-sexuale\\\/analism\\\/\",\"name\":\"Analism\",\"isPartOf\":{\"@id\":\"https:\\\/\\\/sanatate.md\\\/ro\\\/#website\"},\"datePublished\":\"2018-05-09T12:02:40+00:00\",\"description\":\"Analismul se caracterizeaz\u0103 prin atingerea satisfac\u021biei sexuale \u0219i a orgasmului prin stimularea mecanic\u0103 a rectului sau prin coitul anal.\",\"breadcrumb\":{\"@id\":\"https:\\\/\\\/sanatate.md\\\/ro\\\/boli-si-tratament\\\/tulburari-sexuale\\\/analism\\\/#breadcrumb\"},\"inLanguage\":\"ro-RO\",\"potentialAction\":[{\"@type\":\"ReadAction\",\"target\":[\"https:\\\/\\\/sanatate.md\\\/ro\\\/boli-si-tratament\\\/tulburari-sexuale\\\/analism\\\/\"]}]},{\"@type\":\"BreadcrumbList\",\"@id\":\"https:\\\/\\\/sanatate.md\\\/ro\\\/boli-si-tratament\\\/tulburari-sexuale\\\/analism\\\/#breadcrumb\",\"itemListElement\":[{\"@type\":\"ListItem\",\"position\":1,\"name\":\"\u0413\u043b\u0430\u0432\u043d\u0430\u044f \u0441\u0442\u0440\u0430\u043d\u0438\u0446\u0430\",\"item\":\"https:\\\/\\\/sanatate.md\\\/ro\\\/\"},{\"@type\":\"ListItem\",\"position\":2,\"name\":\"Boli si tratament\",\"item\":\"https:\\\/\\\/sanatate.md\\\/ro\\\/boli-si-tratament\\\/\"},{\"@type\":\"ListItem\",\"position\":3,\"name\":\"Tulbur\u0103ri sexuale\",\"item\":\"https:\\\/\\\/sanatate.md\\\/ro\\\/boli-si-tratament\\\/tulburari-sexuale\\\/\"},{\"@type\":\"ListItem\",\"position\":4,\"name\":\"Analism\"}]},{\"@type\":\"WebSite\",\"@id\":\"https:\\\/\\\/sanatate.md\\\/ro\\\/#website\",\"url\":\"https:\\\/\\\/sanatate.md\\\/ro\\\/\",\"name\":\"Sanatate.md\",\"description\":\"\u0416\u0443\u0440\u043d\u0430\u043b \u0434\u043b\u044f \u0432\u0441\u0435\u0439 \u0441\u0435\u043c\u044c\u0438 \u0432 \u041c\u043e\u043b\u0434\u043e\u0432\u0435\",\"publisher\":{\"@id\":\"https:\\\/\\\/sanatate.md\\\/ro\\\/#organization\"},\"potentialAction\":[{\"@type\":\"SearchAction\",\"target\":{\"@type\":\"EntryPoint\",\"urlTemplate\":\"https:\\\/\\\/sanatate.md\\\/ro\\\/?s={search_term_string}\"},\"query-input\":{\"@type\":\"PropertyValueSpecification\",\"valueRequired\":true,\"valueName\":\"search_term_string\"}}],\"inLanguage\":\"ro-RO\"},{\"@type\":\"Organization\",\"@id\":\"https:\\\/\\\/sanatate.md\\\/ro\\\/#organization\",\"name\":\"SANATATE\",\"url\":\"https:\\\/\\\/sanatate.md\\\/ro\\\/\",\"logo\":{\"@type\":\"ImageObject\",\"inLanguage\":\"ro-RO\",\"@id\":\"https:\\\/\\\/sanatate.md\\\/ro\\\/#\\\/schema\\\/logo\\\/image\\\/\",\"url\":\"https:\\\/\\\/sanatate.md\\\/wp-content\\\/uploads\\\/2022\\\/01\\\/sanatate-logo.svg\",\"contentUrl\":\"https:\\\/\\\/sanatate.md\\\/wp-content\\\/uploads\\\/2022\\\/01\\\/sanatate-logo.svg\",\"width\":\"1024\",\"height\":\"1024\",\"caption\":\"SANATATE\"},\"image\":{\"@id\":\"https:\\\/\\\/sanatate.md\\\/ro\\\/#\\\/schema\\\/logo\\\/image\\\/\"}}]}<\/script>\n<!-- \/ Yoast SEO plugin. -->","yoast_head_json":{"title":"Analism","description":"Analismul se caracterizeaz\u0103 prin atingerea satisfac\u021biei sexuale \u0219i a orgasmului prin stimularea mecanic\u0103 a rectului sau prin coitul anal.","robots":{"index":"index","follow":"follow","max-snippet":"max-snippet:-1","max-image-preview":"max-image-preview:large","max-video-preview":"max-video-preview:-1"},"canonical":"https:\/\/sanatate.md\/ro\/boli-si-tratament\/tulburari-sexuale\/analism\/","og_locale":"ro_RO","og_type":"article","og_title":"Analism","og_description":"Analismul se caracterizeaz\u0103 prin atingerea satisfac\u021biei sexuale \u0219i a orgasmului prin stimularea mecanic\u0103 a rectului sau prin coitul anal.","og_url":"https:\/\/sanatate.md\/ro\/boli-si-tratament\/tulburari-sexuale\/analism\/","og_site_name":"Sanatate.md","twitter_card":"summary_large_image","twitter_misc":{"Timp estimat pentru citire":"1 minut"},"schema":{"@context":"https:\/\/schema.org","@graph":[{"@type":"WebPage","@id":"https:\/\/sanatate.md\/ro\/boli-si-tratament\/tulburari-sexuale\/analism\/","url":"https:\/\/sanatate.md\/ro\/boli-si-tratament\/tulburari-sexuale\/analism\/","name":"Analism","isPartOf":{"@id":"https:\/\/sanatate.md\/ro\/#website"},"datePublished":"2018-05-09T12:02:40+00:00","description":"Analismul se caracterizeaz\u0103 prin atingerea satisfac\u021biei sexuale \u0219i a orgasmului prin stimularea mecanic\u0103 a rectului sau prin coitul anal.","breadcrumb":{"@id":"https:\/\/sanatate.md\/ro\/boli-si-tratament\/tulburari-sexuale\/analism\/#breadcrumb"},"inLanguage":"ro-RO","potentialAction":[{"@type":"ReadAction","target":["https:\/\/sanatate.md\/ro\/boli-si-tratament\/tulburari-sexuale\/analism\/"]}]},{"@type":"BreadcrumbList","@id":"https:\/\/sanatate.md\/ro\/boli-si-tratament\/tulburari-sexuale\/analism\/#breadcrumb","itemListElement":[{"@type":"ListItem","position":1,"name":"\u0413\u043b\u0430\u0432\u043d\u0430\u044f \u0441\u0442\u0440\u0430\u043d\u0438\u0446\u0430","item":"https:\/\/sanatate.md\/ro\/"},{"@type":"ListItem","position":2,"name":"Boli si tratament","item":"https:\/\/sanatate.md\/ro\/boli-si-tratament\/"},{"@type":"ListItem","position":3,"name":"Tulbur\u0103ri sexuale","item":"https:\/\/sanatate.md\/ro\/boli-si-tratament\/tulburari-sexuale\/"},{"@type":"ListItem","position":4,"name":"Analism"}]},{"@type":"WebSite","@id":"https:\/\/sanatate.md\/ro\/#website","url":"https:\/\/sanatate.md\/ro\/","name":"Sanatate.md","description":"\u0416\u0443\u0440\u043d\u0430\u043b \u0434\u043b\u044f \u0432\u0441\u0435\u0439 \u0441\u0435\u043c\u044c\u0438 \u0432 \u041c\u043e\u043b\u0434\u043e\u0432\u0435","publisher":{"@id":"https:\/\/sanatate.md\/ro\/#organization"},"potentialAction":[{"@type":"SearchAction","target":{"@type":"EntryPoint","urlTemplate":"https:\/\/sanatate.md\/ro\/?s={search_term_string}"},"query-input":{"@type":"PropertyValueSpecification","valueRequired":true,"valueName":"search_term_string"}}],"inLanguage":"ro-RO"},{"@type":"Organization","@id":"https:\/\/sanatate.md\/ro\/#organization","name":"SANATATE","url":"https:\/\/sanatate.md\/ro\/","logo":{"@type":"ImageObject","inLanguage":"ro-RO","@id":"https:\/\/sanatate.md\/ro\/#\/schema\/logo\/image\/","url":"https:\/\/sanatate.md\/wp-content\/uploads\/2022\/01\/sanatate-logo.svg","contentUrl":"https:\/\/sanatate.md\/wp-content\/uploads\/2022\/01\/sanatate-logo.svg","width":"1024","height":"1024","caption":"SANATATE"},"image":{"@id":"https:\/\/sanatate.md\/ro\/#\/schema\/logo\/image\/"}}]}},"_links":{"self":[{"href":"https:\/\/sanatate.md\/ro\/wp-json\/wp\/v2\/pages\/57404","targetHints":{"allow":["GET"]}}],"collection":[{"href":"https:\/\/sanatate.md\/ro\/wp-json\/wp\/v2\/pages"}],"about":[{"href":"https:\/\/sanatate.md\/ro\/wp-json\/wp\/v2\/types\/page"}],"author":[{"embeddable":true,"href":"https:\/\/sanatate.md\/ro\/wp-json\/wp\/v2\/users\/28"}],"replies":[{"embeddable":true,"href":"https:\/\/sanatate.md\/ro\/wp-json\/wp\/v2\/comments?post=57404"}],"version-history":[{"count":0,"href":"https:\/\/sanatate.md\/ro\/wp-json\/wp\/v2\/pages\/57404\/revisions"}],"up":[{"embeddable":true,"href":"https:\/\/sanatate.md\/ro\/wp-json\/wp\/v2\/pages\/52952"}],"wp:attachment":[{"href":"https:\/\/sanatate.md\/ro\/wp-json\/wp\/v2\/media?parent=57404"}],"curies":[{"name":"wp","href":"https:\/\/api.w.org\/{rel}","templated":true}]}}