{"id":57413,"date":"2018-05-09T15:59:04","date_gmt":"2018-05-09T12:59:04","guid":{"rendered":"https:\/\/sanatate.md\/?page_id=57413"},"modified":"2018-05-09T15:59:04","modified_gmt":"2018-05-09T12:59:04","slug":"anchiloza-articulatiei-temporomandibulare","status":"publish","type":"page","link":"https:\/\/sanatate.md\/ro\/boli-si-tratament\/boli-ale-dintilor-si-ale-cavitatii-bucale\/anchiloza-articulatiei-temporomandibulare\/","title":{"rendered":"Anchiloza articula\u021biei temporomandibulare"},"content":{"rendered":"<p>Anchiloza articula\u021biei temporomandibulare este o mobilitate anormal\u0103 sc\u0103zut\u0103 sau imobilitate a mandibulei, provocat\u0103 de fuziunea suprafe\u021belor articula\u021biilor. Condi\u021bia dureroas\u0103 este diagnosticat\u0103 destul de des. \u00cen 80% din cazuri, boala afecteaz\u0103 copiii \u0219i adolescen\u021bii, iar la b\u0103rba\u021bi este diagnosticat\u0103 de 2 ori mai frecvent dec\u00e2t la femei.<\/p>\n<h3>Simptomele<\/h3>\n<p>Semnele bolii sunt:<\/p>\n<p>\u2022 deschiderea incomplet\u0103 a gurii;<br \/>\n\u2022 maxilarul inferior deformat;<br \/>\n\u2022 forma fe\u021bei asimetric\u0103;<br \/>\n\u2022 \u00eenc\u0103lcarea mu\u0219c\u0103turii, func\u021biei respiratorii, de mestecare, de vorbire.<\/p>\n<p>Principala pl\u00e2ngere a pacien\u021bilor &#8211; incapacitatea de a deschide complet gura, ne putin\u0163a persoanei de a lua alimente solide \u0219i s\u0103 vorbeasc\u0103 clar. Pacien\u021bii consum\u0103, de regul\u0103, doar alimente lichide, care trec prin spa\u021biul dintre din\u021bi.<\/p>\n<p>\u00cen caz de vom\u0103, masele se adun\u0103 \u00een cavitatea bucal\u0103, ceea ce amenin\u021b\u0103 cu sufocare.<br \/>\nDac\u0103 boala apare \u00een copil\u0103rie, este complicat\u0103 de deformarea oaselor faciale, deformarea din\u021bilor, curbura ocluziunii \u0219i problemele cu denti\u021bia.<\/p>\n<p>Starea dureroas\u0103 pe o singur\u0103 parte poate provoca deplasarea mijlocului fe\u021bei spre leziune, ceea ce duce la o mu\u0219c\u0103tur\u0103 transversal\u0103. Cu o afec\u021biune bilateral\u0103, b\u0103rbia este deplasat\u0103 ad\u00e2nc \u00een fa\u021b\u0103, treimea inferioar\u0103 a fe\u021bei \u00eent\u00e2rzie \u00een dezvoltare, se formeaz\u0103 fa\u021ba a\u0219a-numit\u0103 &#8220;pas\u0103re&#8221;.\u00a0Nutri\u021bia insuficient\u0103 la copii poate duce la hipotrofie \u0219i \u00eent\u00e2rzierea dezvolt\u0103rii psihice \u0219i fizice.<\/p>\n<p>Pacien\u021bii sunt, de asemenea, deranja\u021bi de respira\u021bie, \u00een timpul somnului, limbajul persistent, sfor\u0103itul \u0219i apnee \u00een timpul nop\u021bii.<br \/>\nPacientul nu poate respecta igiena oral\u0103, care cauzeaz\u0103 formarea pl\u0103cii \u0219i a pietrelor pe din\u021bi, dezvoltarea bolilor dentare (carii, parodontit\u0103, gingivit\u0103).<\/p>\n<h3>Cauzele bolii<\/h3>\n<p>Condi\u021bia dureroas\u0103 \u00een majoritatea cazurilor este o consecin\u021b\u0103 a proceselor inflamatorii purulente \u0219i a bolilor articulare sau a organelor ORL plasate \u00een apropiere. Cauza bolii devine adesea sepsisul la nou-n\u0103scu\u021bi. Se formeaz\u0103 focare purulente \u00een articula\u021bii \u0219i \u00een unele oase.<br \/>\nUnul dintre motive poate fi diverse trame.<\/p>\n<p>Ca rezultat al procesului inflamator, articula\u021biile sunt lipsite de acoperire cartilaginoas\u0103, apare granularea, care \u00een cele din urm\u0103 cre\u0219te \u0219i se compacteaz\u0103, form\u00e2nd o cicatrice (anchiloz\u0103 fibroas\u0103). Osificarea \u0163esutului conjunctiv duce la o fuziune osoas\u0103 real\u0103 a procesului condilar \u0219i a osului temporal.<\/p>\n<h3>Clasificarea<\/h3>\n<p>Speciali\u0219tii disting mai multe tipuri de anchiloz\u0103.<\/p>\n<p>\u00cen func\u021bie de etiologie:<br \/>\n\u2022 congenital &#8211; este rar diagnosticat \u0219i este combinat cu diferite patologii ale dezvolt\u0103rii maxilarului;<br \/>\n\u2022 dob\u00eendit.<br \/>\n\u00cen func\u021bie de zona leziunii:<br \/>\n\u2022 unilateral &#8211; 93% din cazuri;<br \/>\n\u2022 pe ambele p\u0103r\u0163i ale fe\u021bei .<br \/>\n\u00cen func\u021bie de natura patologiei articula\u021biilor:<br \/>\n\u2022 fibros;<br \/>\n\u2022 sub form\u0103 de chist.<br \/>\n\u00cen func\u021bie de gradul de deteriorare:<br \/>\n\u2022 par\u021bial\u0103 &#8211; \u00een cazul bolii, r\u0103m\u00e2n por\u0163iuni ale \u021besuturilor intacte;<br \/>\n\u2022 deplin\u0103 &#8211; maxilarul inferior este integral imobiliar.<\/p>\n<h3>Diagnosticul<\/h3>\n<p>Diagnosticul se bazeaz\u0103 pe examinare: pacientul este limitat de a deschide cavitatea oral\u0103 (amplitudinea nu dep\u0103\u0219e\u0219te 1 cm), fa\u021ba este asimetric\u0103.<br \/>\nSe fac investiga\u0163ii cu raze X.<br \/>\nAfec\u021biunea dureroas\u0103 trebuie diferen\u021biat\u0103 de malign\u0103, cicatrici post-traumatice, miozit\u0103 osificant\u0103 etc.<\/p>\n<h3>Tatamentul<\/h3>\n<p>\u00cen stadiul ini\u021bial se folosesc metode conservatoare de tratament:<br \/>\n\u2022 fizioterapie;<br \/>\n\u2022 hidrocortizonul sub form\u0103 de injec\u021bii (intraarticulare);<br \/>\n\u2022 mecanoterapie.<\/p>\n<p>Uneori se efectueaz\u0103 o remediere &#8211; f\u0103lcile se mi\u0219c\u0103 separat prin for\u021b\u0103 sau se disec\u0103 prin cus\u0103turi fibroase. Procedura se efectueaz\u0103 sub anestezie.<br \/>\nO stare morbid\u0103 stabil\u0103 \u0219i fibroas\u0103 este tratat\u0103 exclusiv chirurgical. Corec\u021bia operativ\u0103 este conceput\u0103 pentru a elimina deformarea fe\u021bei \u0219i pentru a restabili func\u021bionarea normal\u0103 a maxilarului inferior.<\/p>\n<p>Perioada de reabilitare necesit\u0103 o interven\u021bie ortodontic\u0103 activ\u0103 pentru a normaliza pozi\u021bia din\u021bilor \u0219i mu\u0219c\u0103turii.<br \/>\nUneori, pacien\u021bii dup\u0103 terminarea cre\u0219terii oaselor scheletului fe\u021bei, au nevoie de chirurgie plastic\u0103.<\/p>\n<h3>Prognoza \u0219i prevenirea st\u0103rii bolii<\/h3>\n<p>Dac\u0103 patologia nu este eliminat\u0103 pe cale chirurgical\u0103, deformarea oaselor fe\u0163ei \u0219i func\u021bionalitatea lor devin ireversibil\u0103.<br \/>\nOpera\u021biile contemporane permite s\u0103 fie corectat\u0103 patologia \u0219i \u00eembun\u0103t\u0103\u021bit\u0103 mult estetica fe\u021bei. Din p\u0103cate, recidivele bolii sunt adesea observate, ceea ce indic\u0103 necesitatea dezvolt\u0103rii de noi metode de tratament.<br \/>\nPrevenirea unei st\u0103ri dureroase const\u0103 \u00een prevenirea traumelor, a bolilor purpurative-septice ale maxilarului inferior.<\/p>\n<p>&nbsp;<\/p>\n","protected":false},"excerpt":{"rendered":"<p>Anchiloza articula\u021biei temporomandibulare este o mobilitate anormal\u0103 sc\u0103zut\u0103 sau imobilitate a mandibulei, provocat\u0103 de fuziunea suprafe\u021belor articula\u021biilor. Condi\u021bia dureroas\u0103 este diagnosticat\u0103 destul de des. \u00cen 80% din cazuri, boala afecteaz\u0103 copiii \u0219i adolescen\u021bii, iar la b\u0103rba\u021bi este diagnosticat\u0103 de 2 ori mai frecvent dec\u00e2t la femei. Simptomele Semnele bolii sunt: \u2022 deschiderea incomplet\u0103 a gurii; [&hellip;]<\/p>\n","protected":false},"author":28,"featured_media":0,"parent":52993,"menu_order":0,"comment_status":"closed","ping_status":"closed","template":"","meta":{"inline_featured_image":false,"footnotes":""},"class_list":["post-57413","page","type-page","status-publish"],"yoast_head":"<!-- This site is optimized with the Yoast SEO plugin v27.3 - https:\/\/yoast.com\/product\/yoast-seo-wordpress\/ -->\n<title>Anchiloza articula\u021biei temporomandibulare<\/title>\n<meta name=\"description\" content=\"Anchiloza articula\u021biei temporomandibulare este o mobilitate anormal\u0103 sc\u0103zut\u0103 sau imobilitate a mandibulei, provocat\u0103 de fuziunea suprafe\u021belor articula\u021biilor.\" \/>\n<meta name=\"robots\" content=\"index, follow, max-snippet:-1, max-image-preview:large, max-video-preview:-1\" \/>\n<link rel=\"canonical\" href=\"https:\/\/sanatate.md\/ro\/boli-si-tratament\/boli-ale-dintilor-si-ale-cavitatii-bucale\/anchiloza-articulatiei-temporomandibulare\/\" \/>\n<meta property=\"og:locale\" content=\"ro_RO\" \/>\n<meta property=\"og:type\" content=\"article\" \/>\n<meta property=\"og:title\" content=\"Anchiloza articula\u021biei temporomandibulare\" \/>\n<meta property=\"og:description\" content=\"Anchiloza articula\u021biei temporomandibulare este o mobilitate anormal\u0103 sc\u0103zut\u0103 sau imobilitate a mandibulei, provocat\u0103 de fuziunea suprafe\u021belor articula\u021biilor.\" \/>\n<meta property=\"og:url\" content=\"https:\/\/sanatate.md\/ro\/boli-si-tratament\/boli-ale-dintilor-si-ale-cavitatii-bucale\/anchiloza-articulatiei-temporomandibulare\/\" \/>\n<meta property=\"og:site_name\" content=\"Sanatate.md\" \/>\n<meta name=\"twitter:card\" content=\"summary_large_image\" \/>\n<meta name=\"twitter:label1\" content=\"Timp estimat pentru citire\" \/>\n\t<meta name=\"twitter:data1\" content=\"3 minute\" \/>\n<script type=\"application\/ld+json\" class=\"yoast-schema-graph\">{\"@context\":\"https:\\\/\\\/schema.org\",\"@graph\":[{\"@type\":\"WebPage\",\"@id\":\"https:\\\/\\\/sanatate.md\\\/ro\\\/boli-si-tratament\\\/boli-ale-dintilor-si-ale-cavitatii-bucale\\\/anchiloza-articulatiei-temporomandibulare\\\/\",\"url\":\"https:\\\/\\\/sanatate.md\\\/ro\\\/boli-si-tratament\\\/boli-ale-dintilor-si-ale-cavitatii-bucale\\\/anchiloza-articulatiei-temporomandibulare\\\/\",\"name\":\"Anchiloza articula\u021biei temporomandibulare\",\"isPartOf\":{\"@id\":\"https:\\\/\\\/sanatate.md\\\/ro\\\/#website\"},\"datePublished\":\"2018-05-09T12:59:04+00:00\",\"description\":\"Anchiloza articula\u021biei temporomandibulare este o mobilitate anormal\u0103 sc\u0103zut\u0103 sau imobilitate a mandibulei, provocat\u0103 de fuziunea suprafe\u021belor articula\u021biilor.\",\"breadcrumb\":{\"@id\":\"https:\\\/\\\/sanatate.md\\\/ro\\\/boli-si-tratament\\\/boli-ale-dintilor-si-ale-cavitatii-bucale\\\/anchiloza-articulatiei-temporomandibulare\\\/#breadcrumb\"},\"inLanguage\":\"ro-RO\",\"potentialAction\":[{\"@type\":\"ReadAction\",\"target\":[\"https:\\\/\\\/sanatate.md\\\/ro\\\/boli-si-tratament\\\/boli-ale-dintilor-si-ale-cavitatii-bucale\\\/anchiloza-articulatiei-temporomandibulare\\\/\"]}]},{\"@type\":\"BreadcrumbList\",\"@id\":\"https:\\\/\\\/sanatate.md\\\/ro\\\/boli-si-tratament\\\/boli-ale-dintilor-si-ale-cavitatii-bucale\\\/anchiloza-articulatiei-temporomandibulare\\\/#breadcrumb\",\"itemListElement\":[{\"@type\":\"ListItem\",\"position\":1,\"name\":\"\u0413\u043b\u0430\u0432\u043d\u0430\u044f \u0441\u0442\u0440\u0430\u043d\u0438\u0446\u0430\",\"item\":\"https:\\\/\\\/sanatate.md\\\/ro\\\/\"},{\"@type\":\"ListItem\",\"position\":2,\"name\":\"Boli si tratament\",\"item\":\"https:\\\/\\\/sanatate.md\\\/ro\\\/boli-si-tratament\\\/\"},{\"@type\":\"ListItem\",\"position\":3,\"name\":\"Boli ale din\u021bilor \u0219i ale cavit\u0103\u021bii bucale\",\"item\":\"https:\\\/\\\/sanatate.md\\\/ro\\\/boli-si-tratament\\\/boli-ale-dintilor-si-ale-cavitatii-bucale\\\/\"},{\"@type\":\"ListItem\",\"position\":4,\"name\":\"Anchiloza articula\u021biei temporomandibulare\"}]},{\"@type\":\"WebSite\",\"@id\":\"https:\\\/\\\/sanatate.md\\\/ro\\\/#website\",\"url\":\"https:\\\/\\\/sanatate.md\\\/ro\\\/\",\"name\":\"Sanatate.md\",\"description\":\"\u0416\u0443\u0440\u043d\u0430\u043b \u0434\u043b\u044f \u0432\u0441\u0435\u0439 \u0441\u0435\u043c\u044c\u0438 \u0432 \u041c\u043e\u043b\u0434\u043e\u0432\u0435\",\"publisher\":{\"@id\":\"https:\\\/\\\/sanatate.md\\\/ro\\\/#organization\"},\"potentialAction\":[{\"@type\":\"SearchAction\",\"target\":{\"@type\":\"EntryPoint\",\"urlTemplate\":\"https:\\\/\\\/sanatate.md\\\/ro\\\/?s={search_term_string}\"},\"query-input\":{\"@type\":\"PropertyValueSpecification\",\"valueRequired\":true,\"valueName\":\"search_term_string\"}}],\"inLanguage\":\"ro-RO\"},{\"@type\":\"Organization\",\"@id\":\"https:\\\/\\\/sanatate.md\\\/ro\\\/#organization\",\"name\":\"SANATATE\",\"url\":\"https:\\\/\\\/sanatate.md\\\/ro\\\/\",\"logo\":{\"@type\":\"ImageObject\",\"inLanguage\":\"ro-RO\",\"@id\":\"https:\\\/\\\/sanatate.md\\\/ro\\\/#\\\/schema\\\/logo\\\/image\\\/\",\"url\":\"https:\\\/\\\/sanatate.md\\\/wp-content\\\/uploads\\\/2022\\\/01\\\/sanatate-logo.svg\",\"contentUrl\":\"https:\\\/\\\/sanatate.md\\\/wp-content\\\/uploads\\\/2022\\\/01\\\/sanatate-logo.svg\",\"width\":\"1024\",\"height\":\"1024\",\"caption\":\"SANATATE\"},\"image\":{\"@id\":\"https:\\\/\\\/sanatate.md\\\/ro\\\/#\\\/schema\\\/logo\\\/image\\\/\"}}]}<\/script>\n<!-- \/ Yoast SEO plugin. -->","yoast_head_json":{"title":"Anchiloza articula\u021biei temporomandibulare","description":"Anchiloza articula\u021biei temporomandibulare este o mobilitate anormal\u0103 sc\u0103zut\u0103 sau imobilitate a mandibulei, provocat\u0103 de fuziunea suprafe\u021belor articula\u021biilor.","robots":{"index":"index","follow":"follow","max-snippet":"max-snippet:-1","max-image-preview":"max-image-preview:large","max-video-preview":"max-video-preview:-1"},"canonical":"https:\/\/sanatate.md\/ro\/boli-si-tratament\/boli-ale-dintilor-si-ale-cavitatii-bucale\/anchiloza-articulatiei-temporomandibulare\/","og_locale":"ro_RO","og_type":"article","og_title":"Anchiloza articula\u021biei temporomandibulare","og_description":"Anchiloza articula\u021biei temporomandibulare este o mobilitate anormal\u0103 sc\u0103zut\u0103 sau imobilitate a mandibulei, provocat\u0103 de fuziunea suprafe\u021belor articula\u021biilor.","og_url":"https:\/\/sanatate.md\/ro\/boli-si-tratament\/boli-ale-dintilor-si-ale-cavitatii-bucale\/anchiloza-articulatiei-temporomandibulare\/","og_site_name":"Sanatate.md","twitter_card":"summary_large_image","twitter_misc":{"Timp estimat pentru citire":"3 minute"},"schema":{"@context":"https:\/\/schema.org","@graph":[{"@type":"WebPage","@id":"https:\/\/sanatate.md\/ro\/boli-si-tratament\/boli-ale-dintilor-si-ale-cavitatii-bucale\/anchiloza-articulatiei-temporomandibulare\/","url":"https:\/\/sanatate.md\/ro\/boli-si-tratament\/boli-ale-dintilor-si-ale-cavitatii-bucale\/anchiloza-articulatiei-temporomandibulare\/","name":"Anchiloza articula\u021biei temporomandibulare","isPartOf":{"@id":"https:\/\/sanatate.md\/ro\/#website"},"datePublished":"2018-05-09T12:59:04+00:00","description":"Anchiloza articula\u021biei temporomandibulare este o mobilitate anormal\u0103 sc\u0103zut\u0103 sau imobilitate a mandibulei, provocat\u0103 de fuziunea suprafe\u021belor articula\u021biilor.","breadcrumb":{"@id":"https:\/\/sanatate.md\/ro\/boli-si-tratament\/boli-ale-dintilor-si-ale-cavitatii-bucale\/anchiloza-articulatiei-temporomandibulare\/#breadcrumb"},"inLanguage":"ro-RO","potentialAction":[{"@type":"ReadAction","target":["https:\/\/sanatate.md\/ro\/boli-si-tratament\/boli-ale-dintilor-si-ale-cavitatii-bucale\/anchiloza-articulatiei-temporomandibulare\/"]}]},{"@type":"BreadcrumbList","@id":"https:\/\/sanatate.md\/ro\/boli-si-tratament\/boli-ale-dintilor-si-ale-cavitatii-bucale\/anchiloza-articulatiei-temporomandibulare\/#breadcrumb","itemListElement":[{"@type":"ListItem","position":1,"name":"\u0413\u043b\u0430\u0432\u043d\u0430\u044f \u0441\u0442\u0440\u0430\u043d\u0438\u0446\u0430","item":"https:\/\/sanatate.md\/ro\/"},{"@type":"ListItem","position":2,"name":"Boli si tratament","item":"https:\/\/sanatate.md\/ro\/boli-si-tratament\/"},{"@type":"ListItem","position":3,"name":"Boli ale din\u021bilor \u0219i ale cavit\u0103\u021bii bucale","item":"https:\/\/sanatate.md\/ro\/boli-si-tratament\/boli-ale-dintilor-si-ale-cavitatii-bucale\/"},{"@type":"ListItem","position":4,"name":"Anchiloza articula\u021biei temporomandibulare"}]},{"@type":"WebSite","@id":"https:\/\/sanatate.md\/ro\/#website","url":"https:\/\/sanatate.md\/ro\/","name":"Sanatate.md","description":"\u0416\u0443\u0440\u043d\u0430\u043b \u0434\u043b\u044f \u0432\u0441\u0435\u0439 \u0441\u0435\u043c\u044c\u0438 \u0432 \u041c\u043e\u043b\u0434\u043e\u0432\u0435","publisher":{"@id":"https:\/\/sanatate.md\/ro\/#organization"},"potentialAction":[{"@type":"SearchAction","target":{"@type":"EntryPoint","urlTemplate":"https:\/\/sanatate.md\/ro\/?s={search_term_string}"},"query-input":{"@type":"PropertyValueSpecification","valueRequired":true,"valueName":"search_term_string"}}],"inLanguage":"ro-RO"},{"@type":"Organization","@id":"https:\/\/sanatate.md\/ro\/#organization","name":"SANATATE","url":"https:\/\/sanatate.md\/ro\/","logo":{"@type":"ImageObject","inLanguage":"ro-RO","@id":"https:\/\/sanatate.md\/ro\/#\/schema\/logo\/image\/","url":"https:\/\/sanatate.md\/wp-content\/uploads\/2022\/01\/sanatate-logo.svg","contentUrl":"https:\/\/sanatate.md\/wp-content\/uploads\/2022\/01\/sanatate-logo.svg","width":"1024","height":"1024","caption":"SANATATE"},"image":{"@id":"https:\/\/sanatate.md\/ro\/#\/schema\/logo\/image\/"}}]}},"_links":{"self":[{"href":"https:\/\/sanatate.md\/ro\/wp-json\/wp\/v2\/pages\/57413","targetHints":{"allow":["GET"]}}],"collection":[{"href":"https:\/\/sanatate.md\/ro\/wp-json\/wp\/v2\/pages"}],"about":[{"href":"https:\/\/sanatate.md\/ro\/wp-json\/wp\/v2\/types\/page"}],"author":[{"embeddable":true,"href":"https:\/\/sanatate.md\/ro\/wp-json\/wp\/v2\/users\/28"}],"replies":[{"embeddable":true,"href":"https:\/\/sanatate.md\/ro\/wp-json\/wp\/v2\/comments?post=57413"}],"version-history":[{"count":0,"href":"https:\/\/sanatate.md\/ro\/wp-json\/wp\/v2\/pages\/57413\/revisions"}],"up":[{"embeddable":true,"href":"https:\/\/sanatate.md\/ro\/wp-json\/wp\/v2\/pages\/52993"}],"wp:attachment":[{"href":"https:\/\/sanatate.md\/ro\/wp-json\/wp\/v2\/media?parent=57413"}],"curies":[{"name":"wp","href":"https:\/\/api.w.org\/{rel}","templated":true}]}}