{"id":59451,"date":"2018-05-31T14:42:40","date_gmt":"2018-05-31T11:42:40","guid":{"rendered":"https:\/\/sanatate.md\/?page_id=59451"},"modified":"2018-05-31T14:42:40","modified_gmt":"2018-05-31T11:42:40","slug":"splenomegalia","status":"publish","type":"page","link":"https:\/\/sanatate.md\/ro\/boli-si-tratament\/boli-ale-tractului-gastro-intestinal\/splenomegalia\/","title":{"rendered":"Splenomegalia"},"content":{"rendered":"<p>M\u0103rirea splinei (splenomegalie) este o boal\u0103 secundar\u0103, un semn primar al unor boli mai grave.<\/p>\n<h3>Cauzele<\/h3>\n<p>Splenomegalia nu este o boal\u0103, ci un simptom al unei alte boli.<\/p>\n<p>Printre principalele cauze se disting:<br \/>\n\u2022 infec\u021bii: febra tifoid\u0103, sepsisul, tuberculoza, bruceloza, sifilisul, mononucleoza infectioas\u0103, endocardita, hepatitele infec\u0163ioase;<br \/>\n\u2022 ciroz\u0103: splenomegalia nu este at\u00e2t de viu exprimat\u0103, durerile sunt prezente sub coastele din dreapta;<br \/>\n\u2022 micoze sau boli fungide \u2014 blastomicoza, histoplasmoza;<br \/>\n\u2022 anemie: hemolitic\u0103 (atunci c\u00e2nd celulele ro\u015fii din sange sunt distruse \u00een interiorul unui vas de s\u00e2nge), trombocitopenia, nociv\u0103 (deficit de vitamina B12 \u00een leg\u0103tur\u0103 cu problemele tractului gastro-intestinal, ceea ce duce la anemie);<br \/>\n\u2022 trombocitopenie \u2013 splenomegalia este motiv de reducere a nivelului de trombocite, cu consecin\u021ba sc\u0103derii imunit\u0103\u021bii;<br \/>\n\u2022 boli ale organelor hematopoietice: limfoame, care au propriet\u0103\u021bi de cre\u0219tere \u0219i progresare rapid\u0103, leucemii acute \u0219i cronice;<br \/>\n\u2022 boli ale \u021besutului conjunctiv \u2013 lupusul eritematos sistemic, sindromul Felti;<br \/>\n\u2022 chist, abcesul splinei;<br \/>\n\u2022 boli de acumulare \u2013 amiloidoza, sarcoidoza;<br \/>\n\u2022 boli de s\u00e2nge \u2013 septicemia (infec\u021bie a s\u00e2ngelui), hemoglobinopatia;<br \/>\n\u2022 splenomegalia pancreatic\u0103 \u2013 apare \u00een tumori pancreatice;<br \/>\n\u2022 splenomegalia renal\u0103 \u2013 apare \u00een caz de \u00eenc\u0103lcare a proceselor de filtrare, reabsorb\u021bia \u0219i secre\u021bia rinichilor, \u00een care apar modific\u0103ri hemodinamice \u00een s\u00e2nge, ceea ce duce la o cre\u0219tere a splinei.<\/p>\n<h3>Tipuri de splenomegalii:<\/h3>\n<p>\u2022 inflamatoare \u2013 apare \u00een procesele inflamatorii \u0219i se caracterizeaz\u0103 prin inflamarea \u021besutului splinei.<br \/>\n\u2022 neinflamatoare \u2013 se caracterizeaz\u0103 prin \u00eenc\u0103lcarea func\u021biile splinei, f\u0103r\u0103 prezen\u0163a unui proces inflamator.<br \/>\n\u2022 sever\u0103 \u2014 splenomegalia, manifestat\u0103 acut.<br \/>\n\u2022 moderat\u0103 \u2013 cu tabloul clinic neexprimat.<\/p>\n<h3>Splenomegalia \u00een timpul sarcinii<\/h3>\n<p>Se manifest\u0103 ca o anemie hemolitic\u0103, la fel cu splenomegalia la nou-n\u0103scu\u021bi, apare din acela\u0219i motiv \u2013 anemia congenital\u0103 hemolitic\u0103 la nou-n\u0103scu\u021bi. \u00cen primele luni de via\u021b\u0103 a copilul din cauza de \u00eenc\u0103lcare a metabolismului fierului se produce ciroz\u0103 hepatic\u0103, ceea ce duce la hepatomegalie, splenomegalie \u0219i la sl\u0103biciune muscular\u0103, \u00eent\u00e2rziere \u00een dezvoltare, care trebuie identificat\u0103 de timpuriu.<\/p>\n<h3>Splenomegalia: simptome<\/h3>\n<p>Deoarece aceast\u0103 boal\u0103 este \u00een cele mai multe cazuri un simptom, \u0219i semnele ei vor fi diferite, \u00een func\u021bie de diagnosticul de baz\u0103.<\/p>\n<h3>Semnele splenomegaliei inflamatorii<\/h3>\n<p>\u2022 temperatura ridicat\u0103 a corpului \u2013 mai mult de 39*;<br \/>\n\u2022 durere acut\u0103 \u00een partea din st\u00e2nga a coastelor;<br \/>\n\u2022 grea\u021b\u0103 manifestat\u0103 rar, v\u0103rs\u0103turi, dispepsie (indigestie);<br \/>\n\u2022 prin palpare \u00een proiec\u021bia splinei vor fi depistate semne dureroase.<br \/>\nSemnele splenomegaliei ne inflamatorii<br \/>\n\u2022 temperatura corpului va fi nu mai mare de 37,7*, care se manifest\u0103 foarte rar, \u00een cele mai multe cazuri, aceast\u0103 form\u0103 decurge, cu temperatur\u0103 normal\u0103;<br \/>\n\u2022 o durere slab\u0103, s\u00e2c\u00e2itoare, \u00een partea din st\u00e2nga;<br \/>\n\u2022 o durere neidentificat\u0103 la palpare.<\/p>\n<p>Semnele splenomegaliei moderate sunt similare cu a celei ne inflamatorii, cu o manifestare asem\u0103n\u0103toare a simptomelor. Cea exprimat\u0103 acut decurgere grav, ca cea inflamatorie.<\/p>\n<p>Simptomele comune sunt:<\/p>\n<p>\u2022 m\u0103rirea splinei (se consider\u0103 c\u0103 de la 1 g de reducere a hemoglobinei, splina se m\u0103re\u0219te cu 2 centimetri mai jos de arcul coastei);<br \/>\n\u2022 la cre\u0219terea dimensiunilor ficatului (hepatomegalie) splenomegalia nu este at\u00e2t de pronun\u0163at\u0103, deoarece problemele ficatului sunt exprimate mai puternic, iar problemele splinei sunt determinate \u00een timpul examin\u0103rii generale \u0219i de laborator.<br \/>\n\u2022 modificarea indicilor de s\u00e2nge, care depind de boala de baz\u0103;<br \/>\n\u2022 durere \u00een partea din st\u00e2nga.<\/p>\n<h3>Splenomegalia: diagnosticarea<\/h3>\n<p>\u00cencepe cu colectarea de anamnez\u0103 a bolii, a vie\u021bii (dac\u0103 a fost mai devreme o astfel de stare, a avut boli infec\u021bioase, a vizitat \u021b\u0103ri exotice, are obiceiuri proaste), cu scopul de a clarifica motivele, c\u00e2nd, cum \u0219i \u00een ce condi\u021bii a ap\u0103rut durerea sub coaste, sl\u0103biciunea general\u0103, febra. \u00cen continuare se efectueaz\u0103 o inspec\u021bie general\u0103 a pacientului, pentru a determina dimensiunile \u0219i prezen\u0163a durerii.<br \/>\nE necesar\u0103 consultarea altor speciali\u0219ti pentru a determina cauzele.<\/p>\n<p>\u0218i, \u00een sf\u00e2r\u0219it, un complex de investiga\u021bii instrumentale \u015fi de laborator:<\/p>\n<p>\u2022 se examineaz\u0103 organele cavit\u0103\u021bii abdominale, este determinat\u0103 starea ficatului, vezicii biliare, pancreasului. Se stabilesc dimensiunile splinei.<br \/>\n\u2022 Tomografia computerizat\u0103 a organelor abdominale \u2014 pentru a detecta tumori, chisturi pe splin\u0103, dar \u0219i la alte organe.<br \/>\n\u2022 punc\u021bia lombar\u0103 \u2013 \u00een caz de suspiciune de cancer de s\u00e2nge, sepsis.<br \/>\n\u2022 analiza general\u0103 a s\u00e2ngelui \u2013 pentru a determina prezen\u021ba anemiei, cre\u0219terea num\u0103rului de leucocite.<br \/>\n\u2022 analiza biochimic\u0103 a s\u00e2ngelui \u2013 afi\u0219eaz\u0103 starea ficatului, dar, de asemenea, \u015fi starea pancreasului.<br \/>\n\u2022 analiza general\u0103 a urinei \u2014 pentru a determina cum func\u021bioneaz\u0103 rinichii \u015fi tractul urinar, starea sistemului de reproducere.<br \/>\n\u2022 analiza maselor fecale pentru a exclude prezen\u021ba de viermi.<br \/>\nSplenomegalia: tratamentul<br \/>\n\u00cencepe cu tratamentul acestei probleme, care sunt adev\u0103ratul motiv al m\u0103ririi splinei:<br \/>\n\u2022 se administreaz\u0103 medicamente antibacteriene \u00een cauzele bacteriene;<br \/>\n\u2022 se \u00eendep\u0103rteaz\u0103 \u0219i se trateaz\u0103 tumorile maligne, prin interven\u021bii chirurgicale \u0219i administrarea medicamentelor antitumorale;<br \/>\n\u2022 se iau preparate de fier \u0219i vitamine \u00een caz de anemie;<br \/>\n\u2022 medicamente hormonale, ca terapie anti-inflamatoare.<\/p>\n<p>Dac\u0103 starea pacientului este grav\u0103, iar dimensiunile splinei critice, pe cale de a se rupe, medicii recurg la metoda de urgen\u021b\u0103 \u2013 de eliminare a splinei, pentru a preveni riscul de rupere a ei \u0219i a complica\u021biilor ulterioare.<\/p>\n<h3>Prevenirea bolii<\/h3>\n<p>Deoarece nu exist\u0103 un singur motiv, deci nici o prevenire, ca atare, nu are. Trebuie s\u0103 ne amintim de pericolul fumatului \u0219i al alcoolului, s\u0103 renun\u021b\u0103m la ele, s\u0103 monitoriz\u0103m starea general\u0103 a organismului, de a efectua examin\u0103rile preventive la medici.<\/p>\n<p>&nbsp;<\/p>\n","protected":false},"excerpt":{"rendered":"<p>M\u0103rirea splinei (splenomegalie) este o boal\u0103 secundar\u0103, un semn primar al unor boli mai grave. Cauzele Splenomegalia nu este o boal\u0103, ci un simptom al unei alte boli. Printre principalele cauze se disting: \u2022 infec\u021bii: febra tifoid\u0103, sepsisul, tuberculoza, bruceloza, sifilisul, mononucleoza infectioas\u0103, endocardita, hepatitele infec\u0163ioase; \u2022 ciroz\u0103: splenomegalia nu este at\u00e2t de viu exprimat\u0103, [&hellip;]<\/p>\n","protected":false},"author":28,"featured_media":0,"parent":52944,"menu_order":0,"comment_status":"closed","ping_status":"closed","template":"","meta":{"inline_featured_image":false,"footnotes":""},"class_list":["post-59451","page","type-page","status-publish"],"yoast_head":"<!-- This site is optimized with the Yoast SEO plugin v27.3 - https:\/\/yoast.com\/product\/yoast-seo-wordpress\/ -->\n<title>Splenomegalia<\/title>\n<meta name=\"description\" content=\"M\u0103rirea splinei (splenomegalie) este o boal\u0103 secundar\u0103, un semn primar al unor boli mai grave.\" \/>\n<meta name=\"robots\" content=\"index, follow, max-snippet:-1, max-image-preview:large, max-video-preview:-1\" \/>\n<link rel=\"canonical\" href=\"https:\/\/sanatate.md\/ro\/boli-si-tratament\/boli-ale-tractului-gastro-intestinal\/splenomegalia\/\" \/>\n<meta property=\"og:locale\" content=\"ro_RO\" \/>\n<meta property=\"og:type\" content=\"article\" \/>\n<meta property=\"og:title\" content=\"Splenomegalia\" \/>\n<meta property=\"og:description\" content=\"M\u0103rirea splinei (splenomegalie) este o boal\u0103 secundar\u0103, un semn primar al unor boli mai grave.\" \/>\n<meta property=\"og:url\" content=\"https:\/\/sanatate.md\/ro\/boli-si-tratament\/boli-ale-tractului-gastro-intestinal\/splenomegalia\/\" \/>\n<meta property=\"og:site_name\" content=\"Sanatate.md\" \/>\n<meta name=\"twitter:card\" content=\"summary_large_image\" \/>\n<meta name=\"twitter:label1\" content=\"Timp estimat pentru citire\" \/>\n\t<meta name=\"twitter:data1\" content=\"4 minute\" \/>\n<script type=\"application\/ld+json\" class=\"yoast-schema-graph\">{\"@context\":\"https:\\\/\\\/schema.org\",\"@graph\":[{\"@type\":\"WebPage\",\"@id\":\"https:\\\/\\\/sanatate.md\\\/ro\\\/boli-si-tratament\\\/boli-ale-tractului-gastro-intestinal\\\/splenomegalia\\\/\",\"url\":\"https:\\\/\\\/sanatate.md\\\/ro\\\/boli-si-tratament\\\/boli-ale-tractului-gastro-intestinal\\\/splenomegalia\\\/\",\"name\":\"Splenomegalia\",\"isPartOf\":{\"@id\":\"https:\\\/\\\/sanatate.md\\\/ro\\\/#website\"},\"datePublished\":\"2018-05-31T11:42:40+00:00\",\"description\":\"M\u0103rirea splinei (splenomegalie) este o boal\u0103 secundar\u0103, un semn primar al unor boli mai grave.\",\"breadcrumb\":{\"@id\":\"https:\\\/\\\/sanatate.md\\\/ro\\\/boli-si-tratament\\\/boli-ale-tractului-gastro-intestinal\\\/splenomegalia\\\/#breadcrumb\"},\"inLanguage\":\"ro-RO\",\"potentialAction\":[{\"@type\":\"ReadAction\",\"target\":[\"https:\\\/\\\/sanatate.md\\\/ro\\\/boli-si-tratament\\\/boli-ale-tractului-gastro-intestinal\\\/splenomegalia\\\/\"]}]},{\"@type\":\"BreadcrumbList\",\"@id\":\"https:\\\/\\\/sanatate.md\\\/ro\\\/boli-si-tratament\\\/boli-ale-tractului-gastro-intestinal\\\/splenomegalia\\\/#breadcrumb\",\"itemListElement\":[{\"@type\":\"ListItem\",\"position\":1,\"name\":\"\u0413\u043b\u0430\u0432\u043d\u0430\u044f \u0441\u0442\u0440\u0430\u043d\u0438\u0446\u0430\",\"item\":\"https:\\\/\\\/sanatate.md\\\/ro\\\/\"},{\"@type\":\"ListItem\",\"position\":2,\"name\":\"Boli si tratament\",\"item\":\"https:\\\/\\\/sanatate.md\\\/ro\\\/boli-si-tratament\\\/\"},{\"@type\":\"ListItem\",\"position\":3,\"name\":\"Boli ale tractului gastro-intestinal\",\"item\":\"https:\\\/\\\/sanatate.md\\\/ro\\\/boli-si-tratament\\\/boli-ale-tractului-gastro-intestinal\\\/\"},{\"@type\":\"ListItem\",\"position\":4,\"name\":\"Splenomegalia\"}]},{\"@type\":\"WebSite\",\"@id\":\"https:\\\/\\\/sanatate.md\\\/ro\\\/#website\",\"url\":\"https:\\\/\\\/sanatate.md\\\/ro\\\/\",\"name\":\"Sanatate.md\",\"description\":\"\u0416\u0443\u0440\u043d\u0430\u043b \u0434\u043b\u044f \u0432\u0441\u0435\u0439 \u0441\u0435\u043c\u044c\u0438 \u0432 \u041c\u043e\u043b\u0434\u043e\u0432\u0435\",\"publisher\":{\"@id\":\"https:\\\/\\\/sanatate.md\\\/ro\\\/#organization\"},\"potentialAction\":[{\"@type\":\"SearchAction\",\"target\":{\"@type\":\"EntryPoint\",\"urlTemplate\":\"https:\\\/\\\/sanatate.md\\\/ro\\\/?s={search_term_string}\"},\"query-input\":{\"@type\":\"PropertyValueSpecification\",\"valueRequired\":true,\"valueName\":\"search_term_string\"}}],\"inLanguage\":\"ro-RO\"},{\"@type\":\"Organization\",\"@id\":\"https:\\\/\\\/sanatate.md\\\/ro\\\/#organization\",\"name\":\"SANATATE\",\"url\":\"https:\\\/\\\/sanatate.md\\\/ro\\\/\",\"logo\":{\"@type\":\"ImageObject\",\"inLanguage\":\"ro-RO\",\"@id\":\"https:\\\/\\\/sanatate.md\\\/ro\\\/#\\\/schema\\\/logo\\\/image\\\/\",\"url\":\"https:\\\/\\\/sanatate.md\\\/wp-content\\\/uploads\\\/2022\\\/01\\\/sanatate-logo.svg\",\"contentUrl\":\"https:\\\/\\\/sanatate.md\\\/wp-content\\\/uploads\\\/2022\\\/01\\\/sanatate-logo.svg\",\"width\":\"1024\",\"height\":\"1024\",\"caption\":\"SANATATE\"},\"image\":{\"@id\":\"https:\\\/\\\/sanatate.md\\\/ro\\\/#\\\/schema\\\/logo\\\/image\\\/\"}}]}<\/script>\n<!-- \/ Yoast SEO plugin. -->","yoast_head_json":{"title":"Splenomegalia","description":"M\u0103rirea splinei (splenomegalie) este o boal\u0103 secundar\u0103, un semn primar al unor boli mai grave.","robots":{"index":"index","follow":"follow","max-snippet":"max-snippet:-1","max-image-preview":"max-image-preview:large","max-video-preview":"max-video-preview:-1"},"canonical":"https:\/\/sanatate.md\/ro\/boli-si-tratament\/boli-ale-tractului-gastro-intestinal\/splenomegalia\/","og_locale":"ro_RO","og_type":"article","og_title":"Splenomegalia","og_description":"M\u0103rirea splinei (splenomegalie) este o boal\u0103 secundar\u0103, un semn primar al unor boli mai grave.","og_url":"https:\/\/sanatate.md\/ro\/boli-si-tratament\/boli-ale-tractului-gastro-intestinal\/splenomegalia\/","og_site_name":"Sanatate.md","twitter_card":"summary_large_image","twitter_misc":{"Timp estimat pentru citire":"4 minute"},"schema":{"@context":"https:\/\/schema.org","@graph":[{"@type":"WebPage","@id":"https:\/\/sanatate.md\/ro\/boli-si-tratament\/boli-ale-tractului-gastro-intestinal\/splenomegalia\/","url":"https:\/\/sanatate.md\/ro\/boli-si-tratament\/boli-ale-tractului-gastro-intestinal\/splenomegalia\/","name":"Splenomegalia","isPartOf":{"@id":"https:\/\/sanatate.md\/ro\/#website"},"datePublished":"2018-05-31T11:42:40+00:00","description":"M\u0103rirea splinei (splenomegalie) este o boal\u0103 secundar\u0103, un semn primar al unor boli mai grave.","breadcrumb":{"@id":"https:\/\/sanatate.md\/ro\/boli-si-tratament\/boli-ale-tractului-gastro-intestinal\/splenomegalia\/#breadcrumb"},"inLanguage":"ro-RO","potentialAction":[{"@type":"ReadAction","target":["https:\/\/sanatate.md\/ro\/boli-si-tratament\/boli-ale-tractului-gastro-intestinal\/splenomegalia\/"]}]},{"@type":"BreadcrumbList","@id":"https:\/\/sanatate.md\/ro\/boli-si-tratament\/boli-ale-tractului-gastro-intestinal\/splenomegalia\/#breadcrumb","itemListElement":[{"@type":"ListItem","position":1,"name":"\u0413\u043b\u0430\u0432\u043d\u0430\u044f \u0441\u0442\u0440\u0430\u043d\u0438\u0446\u0430","item":"https:\/\/sanatate.md\/ro\/"},{"@type":"ListItem","position":2,"name":"Boli si tratament","item":"https:\/\/sanatate.md\/ro\/boli-si-tratament\/"},{"@type":"ListItem","position":3,"name":"Boli ale tractului gastro-intestinal","item":"https:\/\/sanatate.md\/ro\/boli-si-tratament\/boli-ale-tractului-gastro-intestinal\/"},{"@type":"ListItem","position":4,"name":"Splenomegalia"}]},{"@type":"WebSite","@id":"https:\/\/sanatate.md\/ro\/#website","url":"https:\/\/sanatate.md\/ro\/","name":"Sanatate.md","description":"\u0416\u0443\u0440\u043d\u0430\u043b \u0434\u043b\u044f \u0432\u0441\u0435\u0439 \u0441\u0435\u043c\u044c\u0438 \u0432 \u041c\u043e\u043b\u0434\u043e\u0432\u0435","publisher":{"@id":"https:\/\/sanatate.md\/ro\/#organization"},"potentialAction":[{"@type":"SearchAction","target":{"@type":"EntryPoint","urlTemplate":"https:\/\/sanatate.md\/ro\/?s={search_term_string}"},"query-input":{"@type":"PropertyValueSpecification","valueRequired":true,"valueName":"search_term_string"}}],"inLanguage":"ro-RO"},{"@type":"Organization","@id":"https:\/\/sanatate.md\/ro\/#organization","name":"SANATATE","url":"https:\/\/sanatate.md\/ro\/","logo":{"@type":"ImageObject","inLanguage":"ro-RO","@id":"https:\/\/sanatate.md\/ro\/#\/schema\/logo\/image\/","url":"https:\/\/sanatate.md\/wp-content\/uploads\/2022\/01\/sanatate-logo.svg","contentUrl":"https:\/\/sanatate.md\/wp-content\/uploads\/2022\/01\/sanatate-logo.svg","width":"1024","height":"1024","caption":"SANATATE"},"image":{"@id":"https:\/\/sanatate.md\/ro\/#\/schema\/logo\/image\/"}}]}},"_links":{"self":[{"href":"https:\/\/sanatate.md\/ro\/wp-json\/wp\/v2\/pages\/59451","targetHints":{"allow":["GET"]}}],"collection":[{"href":"https:\/\/sanatate.md\/ro\/wp-json\/wp\/v2\/pages"}],"about":[{"href":"https:\/\/sanatate.md\/ro\/wp-json\/wp\/v2\/types\/page"}],"author":[{"embeddable":true,"href":"https:\/\/sanatate.md\/ro\/wp-json\/wp\/v2\/users\/28"}],"replies":[{"embeddable":true,"href":"https:\/\/sanatate.md\/ro\/wp-json\/wp\/v2\/comments?post=59451"}],"version-history":[{"count":0,"href":"https:\/\/sanatate.md\/ro\/wp-json\/wp\/v2\/pages\/59451\/revisions"}],"up":[{"embeddable":true,"href":"https:\/\/sanatate.md\/ro\/wp-json\/wp\/v2\/pages\/52944"}],"wp:attachment":[{"href":"https:\/\/sanatate.md\/ro\/wp-json\/wp\/v2\/media?parent=59451"}],"curies":[{"name":"wp","href":"https:\/\/api.w.org\/{rel}","templated":true}]}}