{"id":59455,"date":"2018-05-31T14:56:23","date_gmt":"2018-05-31T11:56:23","guid":{"rendered":"https:\/\/sanatate.md\/?page_id=59455"},"modified":"2018-05-31T14:56:23","modified_gmt":"2018-05-31T11:56:23","slug":"vitiligo","status":"publish","type":"page","link":"https:\/\/sanatate.md\/ro\/boli-si-tratament\/boli-de-piele\/vitiligo\/","title":{"rendered":"Vitiligo"},"content":{"rendered":"<p>Vitiligo este o boal\u0103 destul de rar\u0103 \u0219i dificil\u0103 \u00een tratamentul asociat cu dispari\u021bia pigmentului melanina pe unele por\u0163iuni ale pielii. Boala afecteaz\u0103 locuitorii de pe toate continentele, cu toate acestea, ea nu este infec\u021bioas\u0103 \u0219i nu are o etiologie genetic\u0103, de\u0219i predispozi\u021bia ereditar\u0103 este posibil\u0103.<\/p>\n<p>Se poate de protejat de boal\u0103, dac\u0103 nu faci arsuri, traume, interven\u021bii chirurgicale \u0219i pielea nu e supus\u0103 impactului negativ al razelor ultraviolete.<br \/>\nPrimele pete pe piele apar \u00een copil\u0103rie sau \u00een adolescen\u021b\u0103, odat\u0103 cu debutul de menopauz\u0103 precoce, iar \u00een unele cazuri, \u00een timpul sarcinii, dup\u0103 avort sau na\u0219tere.<\/p>\n<h3>Cauzele bolii<\/h3>\n<p>Oamenii de \u015ftiin\u0163\u0103 consider\u0103 stresul principalul motiv pentru apari\u021bia petelor, dar, \u00een paralel cu acestea, ele indic\u0103 unele motive \u00een func\u021bionarea organismului.<\/p>\n<p>Exist\u0103 o varietate de cauze de apari\u0163ie a vitiligo:<br \/>\n\u2022 tulbur\u0103ri \u00een func\u021bionarea organelor interne \u0219i a glandelor endocrine;<br \/>\n\u2022 tulbur\u0103ri \u00een func\u021bionarea sistemului imunitar;<br \/>\n\u2022 otr\u0103vire cu substan\u021be toxice;<br \/>\n\u2022 boli infec\u021bioase;<br \/>\n\u2022 infectarea cu parazi\u021bii animalelor (ascaride \u015fi viermi);<br \/>\n\u2022 arsuri solare \u0219i leziuni;<br \/>\n\u2022 tulbur\u0103ri ale sistemului nervos.<br \/>\nPielea, lipsit\u0103 de pigment, face din ce \u00een ce mai multe pete, are o \u00eenf\u0103\u0163i\u015fare ne estetic\u0103. Boala devine cronic\u0103.<\/p>\n<h3>Simptomele<\/h3>\n<p>Boala afecteaz\u0103, \u00een egal\u0103 m\u0103sur\u0103, \u0219i copii, \u0219i adul\u021bi. Petele albe afecteaz\u0103 pielea, mai des se localizeaz\u0103 \u00een zonele deschise: \u00een jurul gurii \u0219i a ochilor, pe picioare \u0219i m\u00e2ini, pe g\u00e2t, pe cutele genitale externe.<br \/>\nUneori, petele vechi se pigmenteaz\u0103, dar apar altele noi. La unii pacien\u021bi boala progreseaz\u0103 rapid, de\u0219i vitiligo nu decoloreaz\u0103 toate tegumentele.<\/p>\n<p>Dac\u0103 vitiligo au ap\u0103rut pe cap, p\u0103rul, de asemenea, \u00ee\u0219i pierde culoarea. Vara petele se \u00eenro\u015fesc \u0219i pe fondul pielei bronzate, devin tot mai vizibile. Sunt cunoscute cazuri c\u00e2nd petele dispar de la sine, f\u0103r\u0103 tratament, dar acest lucru se \u00eent\u00e2mpl\u0103 foarte rar.<br \/>\nBoala, \u00een cazuri rare, se combin\u0103 cu alte boli de piele, nu mai pu\u021bin grave: psoriazisul, eczemele, leziunile focale ale cheliei. De obicei, la asemenea pacien\u021bi se depisteaz\u0103 deregl\u0103ri ale func\u021biei hepatice, intestinale sau de stomac.<\/p>\n<p>Vitiligo adesea decurge paralel cu boli ale sistemului nervos, a disfunc\u021biei glandei pituitare sau a glandelor sexuale. Lipsa de vitamine, de tirozin\u0103 \u0219i acizilor nucleici, de asemenea, provoac\u0103 dezvoltarea bolii. \u00cenc\u0103lcarea schimbului de fermen\u0163i \u00een organism duce la cre\u0219terea nivelului grupului de sulfhidra\u0163i, influen\u0163\u00e2nd activitatea tirozinazei, care contribuie la formarea de melanin\u0103.<\/p>\n<p>&nbsp;<\/p>\n","protected":false},"excerpt":{"rendered":"<p>Vitiligo este o boal\u0103 destul de rar\u0103 \u0219i dificil\u0103 \u00een tratamentul asociat cu dispari\u021bia pigmentului melanina pe unele por\u0163iuni ale pielii. Boala afecteaz\u0103 locuitorii de pe toate continentele, cu toate acestea, ea nu este infec\u021bioas\u0103 \u0219i nu are o etiologie genetic\u0103, de\u0219i predispozi\u021bia ereditar\u0103 este posibil\u0103. Se poate de protejat de boal\u0103, dac\u0103 nu faci [&hellip;]<\/p>\n","protected":false},"author":28,"featured_media":0,"parent":38239,"menu_order":0,"comment_status":"closed","ping_status":"closed","template":"","meta":{"inline_featured_image":false,"footnotes":""},"class_list":["post-59455","page","type-page","status-publish"],"yoast_head":"<!-- This site is optimized with the Yoast SEO plugin v27.3 - https:\/\/yoast.com\/product\/yoast-seo-wordpress\/ -->\n<title>Vitiligo<\/title>\n<meta name=\"description\" content=\"Vitiligo este o boal\u0103 destul de rar\u0103 \u0219i dificil\u0103 \u00een tratamentul asociat cu dispari\u021bia pigmentului melanina pe unele por\u0163iuni ale pielii.\" \/>\n<meta name=\"robots\" content=\"index, follow, max-snippet:-1, max-image-preview:large, max-video-preview:-1\" \/>\n<link rel=\"canonical\" href=\"https:\/\/sanatate.md\/ro\/boli-si-tratament\/boli-de-piele\/vitiligo\/\" \/>\n<meta property=\"og:locale\" content=\"ro_RO\" \/>\n<meta property=\"og:type\" content=\"article\" \/>\n<meta property=\"og:title\" content=\"Vitiligo\" \/>\n<meta property=\"og:description\" content=\"Vitiligo este o boal\u0103 destul de rar\u0103 \u0219i dificil\u0103 \u00een tratamentul asociat cu dispari\u021bia pigmentului melanina pe unele por\u0163iuni ale pielii.\" \/>\n<meta property=\"og:url\" content=\"https:\/\/sanatate.md\/ro\/boli-si-tratament\/boli-de-piele\/vitiligo\/\" \/>\n<meta property=\"og:site_name\" content=\"Sanatate.md\" \/>\n<meta name=\"twitter:card\" content=\"summary_large_image\" \/>\n<meta name=\"twitter:label1\" content=\"Timp estimat pentru citire\" \/>\n\t<meta name=\"twitter:data1\" content=\"2 minute\" \/>\n<script type=\"application\/ld+json\" class=\"yoast-schema-graph\">{\"@context\":\"https:\\\/\\\/schema.org\",\"@graph\":[{\"@type\":\"WebPage\",\"@id\":\"https:\\\/\\\/sanatate.md\\\/ro\\\/boli-si-tratament\\\/boli-de-piele\\\/vitiligo\\\/\",\"url\":\"https:\\\/\\\/sanatate.md\\\/ro\\\/boli-si-tratament\\\/boli-de-piele\\\/vitiligo\\\/\",\"name\":\"Vitiligo\",\"isPartOf\":{\"@id\":\"https:\\\/\\\/sanatate.md\\\/ro\\\/#website\"},\"datePublished\":\"2018-05-31T11:56:23+00:00\",\"description\":\"Vitiligo este o boal\u0103 destul de rar\u0103 \u0219i dificil\u0103 \u00een tratamentul asociat cu dispari\u021bia pigmentului melanina pe unele por\u0163iuni ale pielii.\",\"breadcrumb\":{\"@id\":\"https:\\\/\\\/sanatate.md\\\/ro\\\/boli-si-tratament\\\/boli-de-piele\\\/vitiligo\\\/#breadcrumb\"},\"inLanguage\":\"ro-RO\",\"potentialAction\":[{\"@type\":\"ReadAction\",\"target\":[\"https:\\\/\\\/sanatate.md\\\/ro\\\/boli-si-tratament\\\/boli-de-piele\\\/vitiligo\\\/\"]}]},{\"@type\":\"BreadcrumbList\",\"@id\":\"https:\\\/\\\/sanatate.md\\\/ro\\\/boli-si-tratament\\\/boli-de-piele\\\/vitiligo\\\/#breadcrumb\",\"itemListElement\":[{\"@type\":\"ListItem\",\"position\":1,\"name\":\"\u0413\u043b\u0430\u0432\u043d\u0430\u044f \u0441\u0442\u0440\u0430\u043d\u0438\u0446\u0430\",\"item\":\"https:\\\/\\\/sanatate.md\\\/ro\\\/\"},{\"@type\":\"ListItem\",\"position\":2,\"name\":\"Boli si tratament\",\"item\":\"https:\\\/\\\/sanatate.md\\\/ro\\\/boli-si-tratament\\\/\"},{\"@type\":\"ListItem\",\"position\":3,\"name\":\"Boli de piele\",\"item\":\"https:\\\/\\\/sanatate.md\\\/ro\\\/boli-si-tratament\\\/boli-de-piele\\\/\"},{\"@type\":\"ListItem\",\"position\":4,\"name\":\"Vitiligo\"}]},{\"@type\":\"WebSite\",\"@id\":\"https:\\\/\\\/sanatate.md\\\/ro\\\/#website\",\"url\":\"https:\\\/\\\/sanatate.md\\\/ro\\\/\",\"name\":\"Sanatate.md\",\"description\":\"\u0416\u0443\u0440\u043d\u0430\u043b \u0434\u043b\u044f \u0432\u0441\u0435\u0439 \u0441\u0435\u043c\u044c\u0438 \u0432 \u041c\u043e\u043b\u0434\u043e\u0432\u0435\",\"publisher\":{\"@id\":\"https:\\\/\\\/sanatate.md\\\/ro\\\/#organization\"},\"potentialAction\":[{\"@type\":\"SearchAction\",\"target\":{\"@type\":\"EntryPoint\",\"urlTemplate\":\"https:\\\/\\\/sanatate.md\\\/ro\\\/?s={search_term_string}\"},\"query-input\":{\"@type\":\"PropertyValueSpecification\",\"valueRequired\":true,\"valueName\":\"search_term_string\"}}],\"inLanguage\":\"ro-RO\"},{\"@type\":\"Organization\",\"@id\":\"https:\\\/\\\/sanatate.md\\\/ro\\\/#organization\",\"name\":\"SANATATE\",\"url\":\"https:\\\/\\\/sanatate.md\\\/ro\\\/\",\"logo\":{\"@type\":\"ImageObject\",\"inLanguage\":\"ro-RO\",\"@id\":\"https:\\\/\\\/sanatate.md\\\/ro\\\/#\\\/schema\\\/logo\\\/image\\\/\",\"url\":\"https:\\\/\\\/sanatate.md\\\/wp-content\\\/uploads\\\/2022\\\/01\\\/sanatate-logo.svg\",\"contentUrl\":\"https:\\\/\\\/sanatate.md\\\/wp-content\\\/uploads\\\/2022\\\/01\\\/sanatate-logo.svg\",\"width\":\"1024\",\"height\":\"1024\",\"caption\":\"SANATATE\"},\"image\":{\"@id\":\"https:\\\/\\\/sanatate.md\\\/ro\\\/#\\\/schema\\\/logo\\\/image\\\/\"}}]}<\/script>\n<!-- \/ Yoast SEO plugin. -->","yoast_head_json":{"title":"Vitiligo","description":"Vitiligo este o boal\u0103 destul de rar\u0103 \u0219i dificil\u0103 \u00een tratamentul asociat cu dispari\u021bia pigmentului melanina pe unele por\u0163iuni ale pielii.","robots":{"index":"index","follow":"follow","max-snippet":"max-snippet:-1","max-image-preview":"max-image-preview:large","max-video-preview":"max-video-preview:-1"},"canonical":"https:\/\/sanatate.md\/ro\/boli-si-tratament\/boli-de-piele\/vitiligo\/","og_locale":"ro_RO","og_type":"article","og_title":"Vitiligo","og_description":"Vitiligo este o boal\u0103 destul de rar\u0103 \u0219i dificil\u0103 \u00een tratamentul asociat cu dispari\u021bia pigmentului melanina pe unele por\u0163iuni ale pielii.","og_url":"https:\/\/sanatate.md\/ro\/boli-si-tratament\/boli-de-piele\/vitiligo\/","og_site_name":"Sanatate.md","twitter_card":"summary_large_image","twitter_misc":{"Timp estimat pentru citire":"2 minute"},"schema":{"@context":"https:\/\/schema.org","@graph":[{"@type":"WebPage","@id":"https:\/\/sanatate.md\/ro\/boli-si-tratament\/boli-de-piele\/vitiligo\/","url":"https:\/\/sanatate.md\/ro\/boli-si-tratament\/boli-de-piele\/vitiligo\/","name":"Vitiligo","isPartOf":{"@id":"https:\/\/sanatate.md\/ro\/#website"},"datePublished":"2018-05-31T11:56:23+00:00","description":"Vitiligo este o boal\u0103 destul de rar\u0103 \u0219i dificil\u0103 \u00een tratamentul asociat cu dispari\u021bia pigmentului melanina pe unele por\u0163iuni ale pielii.","breadcrumb":{"@id":"https:\/\/sanatate.md\/ro\/boli-si-tratament\/boli-de-piele\/vitiligo\/#breadcrumb"},"inLanguage":"ro-RO","potentialAction":[{"@type":"ReadAction","target":["https:\/\/sanatate.md\/ro\/boli-si-tratament\/boli-de-piele\/vitiligo\/"]}]},{"@type":"BreadcrumbList","@id":"https:\/\/sanatate.md\/ro\/boli-si-tratament\/boli-de-piele\/vitiligo\/#breadcrumb","itemListElement":[{"@type":"ListItem","position":1,"name":"\u0413\u043b\u0430\u0432\u043d\u0430\u044f \u0441\u0442\u0440\u0430\u043d\u0438\u0446\u0430","item":"https:\/\/sanatate.md\/ro\/"},{"@type":"ListItem","position":2,"name":"Boli si tratament","item":"https:\/\/sanatate.md\/ro\/boli-si-tratament\/"},{"@type":"ListItem","position":3,"name":"Boli de piele","item":"https:\/\/sanatate.md\/ro\/boli-si-tratament\/boli-de-piele\/"},{"@type":"ListItem","position":4,"name":"Vitiligo"}]},{"@type":"WebSite","@id":"https:\/\/sanatate.md\/ro\/#website","url":"https:\/\/sanatate.md\/ro\/","name":"Sanatate.md","description":"\u0416\u0443\u0440\u043d\u0430\u043b \u0434\u043b\u044f \u0432\u0441\u0435\u0439 \u0441\u0435\u043c\u044c\u0438 \u0432 \u041c\u043e\u043b\u0434\u043e\u0432\u0435","publisher":{"@id":"https:\/\/sanatate.md\/ro\/#organization"},"potentialAction":[{"@type":"SearchAction","target":{"@type":"EntryPoint","urlTemplate":"https:\/\/sanatate.md\/ro\/?s={search_term_string}"},"query-input":{"@type":"PropertyValueSpecification","valueRequired":true,"valueName":"search_term_string"}}],"inLanguage":"ro-RO"},{"@type":"Organization","@id":"https:\/\/sanatate.md\/ro\/#organization","name":"SANATATE","url":"https:\/\/sanatate.md\/ro\/","logo":{"@type":"ImageObject","inLanguage":"ro-RO","@id":"https:\/\/sanatate.md\/ro\/#\/schema\/logo\/image\/","url":"https:\/\/sanatate.md\/wp-content\/uploads\/2022\/01\/sanatate-logo.svg","contentUrl":"https:\/\/sanatate.md\/wp-content\/uploads\/2022\/01\/sanatate-logo.svg","width":"1024","height":"1024","caption":"SANATATE"},"image":{"@id":"https:\/\/sanatate.md\/ro\/#\/schema\/logo\/image\/"}}]}},"_links":{"self":[{"href":"https:\/\/sanatate.md\/ro\/wp-json\/wp\/v2\/pages\/59455","targetHints":{"allow":["GET"]}}],"collection":[{"href":"https:\/\/sanatate.md\/ro\/wp-json\/wp\/v2\/pages"}],"about":[{"href":"https:\/\/sanatate.md\/ro\/wp-json\/wp\/v2\/types\/page"}],"author":[{"embeddable":true,"href":"https:\/\/sanatate.md\/ro\/wp-json\/wp\/v2\/users\/28"}],"replies":[{"embeddable":true,"href":"https:\/\/sanatate.md\/ro\/wp-json\/wp\/v2\/comments?post=59455"}],"version-history":[{"count":0,"href":"https:\/\/sanatate.md\/ro\/wp-json\/wp\/v2\/pages\/59455\/revisions"}],"up":[{"embeddable":true,"href":"https:\/\/sanatate.md\/ro\/wp-json\/wp\/v2\/pages\/38239"}],"wp:attachment":[{"href":"https:\/\/sanatate.md\/ro\/wp-json\/wp\/v2\/media?parent=59455"}],"curies":[{"name":"wp","href":"https:\/\/api.w.org\/{rel}","templated":true}]}}