{"id":59572,"date":"2018-06-01T16:41:25","date_gmt":"2018-06-01T13:41:25","guid":{"rendered":"https:\/\/sanatate.md\/?page_id=59572"},"modified":"2018-06-01T16:41:25","modified_gmt":"2018-06-01T13:41:25","slug":"atelia","status":"publish","type":"page","link":"https:\/\/sanatate.md\/ro\/boli-si-tratament\/boli-ale-glandelor-mamare\/atelia\/","title":{"rendered":"Atelia"},"content":{"rendered":"<p>Atelia este o stare patologic\u0103 care se manifest\u0103 prin lipsa total\u0103 a sf\u00e2rcurilor.Maladia dat\u0103 este foarte rar\u0103 \u0219i \u00een majoritatea cazurilor este \u00eent\u00e2lnit\u0103 \u00een complex cu procesele hipertrofice \u00een glandele mamare. Atelia la b\u0103rba\u021bi se \u00eent\u00e2lne\u0219te mai rar dec\u00e2t la femei.<\/p>\n<p>E necesar ca \u00eencep\u0103nd cu v\u00e2rsta juvenil\u0103 s\u0103 le \u00eenv\u0103\u021b\u0103m pe fete s\u0103 frecventeze regulat medicii mai ales medicul-mamolog,indiferent de v\u00e2rst\u0103. O vizit\u0103 la acest medic trebuie realizat\u0103 \u00een c\u00e2teva etape:<\/p>\n<p>\u2022 Prima etap\u0103 const\u0103 \u00een colectarea anamnezei \u0219i se determin\u0103 faptul dac\u0103 femeia face parte din grupul de risc,ce ereditate are. La fel se iau \u00een considerare particularit\u0103\u021bile hormonale \u0219i ginecologice ale pacientei.<br \/>\n\u2022 A doua etap\u0103 include examinarea medicului care determin\u0103 simetria glandelor mamare \u0219i dac\u0103 persist\u0103 anume elimin\u0103ri din sf\u00e2rcuri,examineaz\u0103 ganglionii limfatici din zona axilar\u0103,starea pielii,depisteaz\u0103 zonele deformate \u0219i alte devieri patologice. \u00cen procesul de palpare, este diagnosticat\u0103 moliciunea glandelor mamare.<br \/>\n\u2022 Etapa a treia const\u0103 din investigarea ultrasonografic\u0103.<\/p>\n<h3>Simptome<\/h3>\n<p>Particularitatea esn\u021bial\u0103 a st\u0103rii patologice \u00een cauz\u0103 este lipsa deplin\u0103 a sf\u00e2rcurilor.<\/p>\n<h3>Tratament<\/h3>\n<p>Din punct de vedere estetic medicina contemporan\u0103 ne propune c\u00e2teva variante. Metoda esn\u021bial\u0103 const\u0103 din formarea prin intermediul chirurgiei plastice a sf\u00e2rcurilor din stratul cutanat al glandelor mamare ale pacientei. Apoi se poate realiza un tatuaj cosmetic. A\u0219a metod\u0103 ne ofer\u0103 posibilitatea de a forma totalmente conturul unui sf\u00e2rc natural.<\/p>\n<h3>M\u0103suri profilactice<\/h3>\n<p>Fetele trebuie s\u0103 fie obi\u0219nuite s\u0103 viziteze medicul-mamolog deja de la v\u00e2rsta de 10 ani \u0219i astfel lor nu le va fi fric\u0103 s\u0103-l viziteze deja la o v\u00e2rst\u0103 mai \u00eenaintat\u0103. Chiar dac\u0103 glandele mamare se dezvolt\u0103 normal \u00een perioada reproductiv\u0103 c\u00e2nd este necesar de al\u0103ptat copilul cu s\u00e2nul pot ap\u0103rea probleme din cauza sf\u00e2rcurilor netede \u0219i retractate.<\/p>\n","protected":false},"excerpt":{"rendered":"<p>Atelia este o stare patologic\u0103 care se manifest\u0103 prin lipsa total\u0103 a sf\u00e2rcurilor.Maladia dat\u0103 este foarte rar\u0103 \u0219i \u00een majoritatea cazurilor este \u00eent\u00e2lnit\u0103 \u00een complex cu procesele hipertrofice \u00een glandele mamare. Atelia la b\u0103rba\u021bi se \u00eent\u00e2lne\u0219te mai rar dec\u00e2t la femei. E necesar ca \u00eencep\u0103nd cu v\u00e2rsta juvenil\u0103 s\u0103 le \u00eenv\u0103\u021b\u0103m pe fete s\u0103 frecventeze [&hellip;]<\/p>\n","protected":false},"author":28,"featured_media":0,"parent":52996,"menu_order":0,"comment_status":"closed","ping_status":"closed","template":"","meta":{"inline_featured_image":false,"footnotes":""},"class_list":["post-59572","page","type-page","status-publish"],"yoast_head":"<!-- This site is optimized with the Yoast SEO plugin v27.3 - https:\/\/yoast.com\/product\/yoast-seo-wordpress\/ -->\n<title>Atelia<\/title>\n<meta name=\"description\" content=\"Atelia este o stare patologic\u0103 care se manifest\u0103 prin lipsa total\u0103 a sf\u00e2rcurilor.Maladia dat\u0103 este foarte rar\u0103 \u0219i \u00een majoritatea cazurilor este \u00eent\u00e2lnit\u0103 \u00een complex cu procesele hipertrofice \u00een glandele mamare.\" \/>\n<meta name=\"robots\" content=\"index, follow, max-snippet:-1, max-image-preview:large, max-video-preview:-1\" \/>\n<link rel=\"canonical\" href=\"https:\/\/sanatate.md\/ro\/boli-si-tratament\/boli-ale-glandelor-mamare\/atelia\/\" \/>\n<meta property=\"og:locale\" content=\"ro_RO\" \/>\n<meta property=\"og:type\" content=\"article\" \/>\n<meta property=\"og:title\" content=\"Atelia\" \/>\n<meta property=\"og:description\" content=\"Atelia este o stare patologic\u0103 care se manifest\u0103 prin lipsa total\u0103 a sf\u00e2rcurilor.Maladia dat\u0103 este foarte rar\u0103 \u0219i \u00een majoritatea cazurilor este \u00eent\u00e2lnit\u0103 \u00een complex cu procesele hipertrofice \u00een glandele mamare.\" \/>\n<meta property=\"og:url\" content=\"https:\/\/sanatate.md\/ro\/boli-si-tratament\/boli-ale-glandelor-mamare\/atelia\/\" \/>\n<meta property=\"og:site_name\" content=\"Sanatate.md\" \/>\n<meta name=\"twitter:card\" content=\"summary_large_image\" \/>\n<meta name=\"twitter:label1\" content=\"Timp estimat pentru citire\" \/>\n\t<meta name=\"twitter:data1\" content=\"2 minute\" \/>\n<script type=\"application\/ld+json\" class=\"yoast-schema-graph\">{\"@context\":\"https:\\\/\\\/schema.org\",\"@graph\":[{\"@type\":\"WebPage\",\"@id\":\"https:\\\/\\\/sanatate.md\\\/ro\\\/boli-si-tratament\\\/boli-ale-glandelor-mamare\\\/atelia\\\/\",\"url\":\"https:\\\/\\\/sanatate.md\\\/ro\\\/boli-si-tratament\\\/boli-ale-glandelor-mamare\\\/atelia\\\/\",\"name\":\"Atelia\",\"isPartOf\":{\"@id\":\"https:\\\/\\\/sanatate.md\\\/ro\\\/#website\"},\"datePublished\":\"2018-06-01T13:41:25+00:00\",\"description\":\"Atelia este o stare patologic\u0103 care se manifest\u0103 prin lipsa total\u0103 a sf\u00e2rcurilor.Maladia dat\u0103 este foarte rar\u0103 \u0219i \u00een majoritatea cazurilor este \u00eent\u00e2lnit\u0103 \u00een complex cu procesele hipertrofice \u00een glandele mamare.\",\"breadcrumb\":{\"@id\":\"https:\\\/\\\/sanatate.md\\\/ro\\\/boli-si-tratament\\\/boli-ale-glandelor-mamare\\\/atelia\\\/#breadcrumb\"},\"inLanguage\":\"ro-RO\",\"potentialAction\":[{\"@type\":\"ReadAction\",\"target\":[\"https:\\\/\\\/sanatate.md\\\/ro\\\/boli-si-tratament\\\/boli-ale-glandelor-mamare\\\/atelia\\\/\"]}]},{\"@type\":\"BreadcrumbList\",\"@id\":\"https:\\\/\\\/sanatate.md\\\/ro\\\/boli-si-tratament\\\/boli-ale-glandelor-mamare\\\/atelia\\\/#breadcrumb\",\"itemListElement\":[{\"@type\":\"ListItem\",\"position\":1,\"name\":\"\u0413\u043b\u0430\u0432\u043d\u0430\u044f \u0441\u0442\u0440\u0430\u043d\u0438\u0446\u0430\",\"item\":\"https:\\\/\\\/sanatate.md\\\/ro\\\/\"},{\"@type\":\"ListItem\",\"position\":2,\"name\":\"Boli si tratament\",\"item\":\"https:\\\/\\\/sanatate.md\\\/ro\\\/boli-si-tratament\\\/\"},{\"@type\":\"ListItem\",\"position\":3,\"name\":\"Boli ale glandelor mamare\",\"item\":\"https:\\\/\\\/sanatate.md\\\/ro\\\/boli-si-tratament\\\/boli-ale-glandelor-mamare\\\/\"},{\"@type\":\"ListItem\",\"position\":4,\"name\":\"Atelia\"}]},{\"@type\":\"WebSite\",\"@id\":\"https:\\\/\\\/sanatate.md\\\/ro\\\/#website\",\"url\":\"https:\\\/\\\/sanatate.md\\\/ro\\\/\",\"name\":\"Sanatate.md\",\"description\":\"\u0416\u0443\u0440\u043d\u0430\u043b \u0434\u043b\u044f \u0432\u0441\u0435\u0439 \u0441\u0435\u043c\u044c\u0438 \u0432 \u041c\u043e\u043b\u0434\u043e\u0432\u0435\",\"publisher\":{\"@id\":\"https:\\\/\\\/sanatate.md\\\/ro\\\/#organization\"},\"potentialAction\":[{\"@type\":\"SearchAction\",\"target\":{\"@type\":\"EntryPoint\",\"urlTemplate\":\"https:\\\/\\\/sanatate.md\\\/ro\\\/?s={search_term_string}\"},\"query-input\":{\"@type\":\"PropertyValueSpecification\",\"valueRequired\":true,\"valueName\":\"search_term_string\"}}],\"inLanguage\":\"ro-RO\"},{\"@type\":\"Organization\",\"@id\":\"https:\\\/\\\/sanatate.md\\\/ro\\\/#organization\",\"name\":\"SANATATE\",\"url\":\"https:\\\/\\\/sanatate.md\\\/ro\\\/\",\"logo\":{\"@type\":\"ImageObject\",\"inLanguage\":\"ro-RO\",\"@id\":\"https:\\\/\\\/sanatate.md\\\/ro\\\/#\\\/schema\\\/logo\\\/image\\\/\",\"url\":\"https:\\\/\\\/sanatate.md\\\/wp-content\\\/uploads\\\/2022\\\/01\\\/sanatate-logo.svg\",\"contentUrl\":\"https:\\\/\\\/sanatate.md\\\/wp-content\\\/uploads\\\/2022\\\/01\\\/sanatate-logo.svg\",\"width\":\"1024\",\"height\":\"1024\",\"caption\":\"SANATATE\"},\"image\":{\"@id\":\"https:\\\/\\\/sanatate.md\\\/ro\\\/#\\\/schema\\\/logo\\\/image\\\/\"}}]}<\/script>\n<!-- \/ Yoast SEO plugin. -->","yoast_head_json":{"title":"Atelia","description":"Atelia este o stare patologic\u0103 care se manifest\u0103 prin lipsa total\u0103 a sf\u00e2rcurilor.Maladia dat\u0103 este foarte rar\u0103 \u0219i \u00een majoritatea cazurilor este \u00eent\u00e2lnit\u0103 \u00een complex cu procesele hipertrofice \u00een glandele mamare.","robots":{"index":"index","follow":"follow","max-snippet":"max-snippet:-1","max-image-preview":"max-image-preview:large","max-video-preview":"max-video-preview:-1"},"canonical":"https:\/\/sanatate.md\/ro\/boli-si-tratament\/boli-ale-glandelor-mamare\/atelia\/","og_locale":"ro_RO","og_type":"article","og_title":"Atelia","og_description":"Atelia este o stare patologic\u0103 care se manifest\u0103 prin lipsa total\u0103 a sf\u00e2rcurilor.Maladia dat\u0103 este foarte rar\u0103 \u0219i \u00een majoritatea cazurilor este \u00eent\u00e2lnit\u0103 \u00een complex cu procesele hipertrofice \u00een glandele mamare.","og_url":"https:\/\/sanatate.md\/ro\/boli-si-tratament\/boli-ale-glandelor-mamare\/atelia\/","og_site_name":"Sanatate.md","twitter_card":"summary_large_image","twitter_misc":{"Timp estimat pentru citire":"2 minute"},"schema":{"@context":"https:\/\/schema.org","@graph":[{"@type":"WebPage","@id":"https:\/\/sanatate.md\/ro\/boli-si-tratament\/boli-ale-glandelor-mamare\/atelia\/","url":"https:\/\/sanatate.md\/ro\/boli-si-tratament\/boli-ale-glandelor-mamare\/atelia\/","name":"Atelia","isPartOf":{"@id":"https:\/\/sanatate.md\/ro\/#website"},"datePublished":"2018-06-01T13:41:25+00:00","description":"Atelia este o stare patologic\u0103 care se manifest\u0103 prin lipsa total\u0103 a sf\u00e2rcurilor.Maladia dat\u0103 este foarte rar\u0103 \u0219i \u00een majoritatea cazurilor este \u00eent\u00e2lnit\u0103 \u00een complex cu procesele hipertrofice \u00een glandele mamare.","breadcrumb":{"@id":"https:\/\/sanatate.md\/ro\/boli-si-tratament\/boli-ale-glandelor-mamare\/atelia\/#breadcrumb"},"inLanguage":"ro-RO","potentialAction":[{"@type":"ReadAction","target":["https:\/\/sanatate.md\/ro\/boli-si-tratament\/boli-ale-glandelor-mamare\/atelia\/"]}]},{"@type":"BreadcrumbList","@id":"https:\/\/sanatate.md\/ro\/boli-si-tratament\/boli-ale-glandelor-mamare\/atelia\/#breadcrumb","itemListElement":[{"@type":"ListItem","position":1,"name":"\u0413\u043b\u0430\u0432\u043d\u0430\u044f \u0441\u0442\u0440\u0430\u043d\u0438\u0446\u0430","item":"https:\/\/sanatate.md\/ro\/"},{"@type":"ListItem","position":2,"name":"Boli si tratament","item":"https:\/\/sanatate.md\/ro\/boli-si-tratament\/"},{"@type":"ListItem","position":3,"name":"Boli ale glandelor mamare","item":"https:\/\/sanatate.md\/ro\/boli-si-tratament\/boli-ale-glandelor-mamare\/"},{"@type":"ListItem","position":4,"name":"Atelia"}]},{"@type":"WebSite","@id":"https:\/\/sanatate.md\/ro\/#website","url":"https:\/\/sanatate.md\/ro\/","name":"Sanatate.md","description":"\u0416\u0443\u0440\u043d\u0430\u043b \u0434\u043b\u044f \u0432\u0441\u0435\u0439 \u0441\u0435\u043c\u044c\u0438 \u0432 \u041c\u043e\u043b\u0434\u043e\u0432\u0435","publisher":{"@id":"https:\/\/sanatate.md\/ro\/#organization"},"potentialAction":[{"@type":"SearchAction","target":{"@type":"EntryPoint","urlTemplate":"https:\/\/sanatate.md\/ro\/?s={search_term_string}"},"query-input":{"@type":"PropertyValueSpecification","valueRequired":true,"valueName":"search_term_string"}}],"inLanguage":"ro-RO"},{"@type":"Organization","@id":"https:\/\/sanatate.md\/ro\/#organization","name":"SANATATE","url":"https:\/\/sanatate.md\/ro\/","logo":{"@type":"ImageObject","inLanguage":"ro-RO","@id":"https:\/\/sanatate.md\/ro\/#\/schema\/logo\/image\/","url":"https:\/\/sanatate.md\/wp-content\/uploads\/2022\/01\/sanatate-logo.svg","contentUrl":"https:\/\/sanatate.md\/wp-content\/uploads\/2022\/01\/sanatate-logo.svg","width":"1024","height":"1024","caption":"SANATATE"},"image":{"@id":"https:\/\/sanatate.md\/ro\/#\/schema\/logo\/image\/"}}]}},"_links":{"self":[{"href":"https:\/\/sanatate.md\/ro\/wp-json\/wp\/v2\/pages\/59572","targetHints":{"allow":["GET"]}}],"collection":[{"href":"https:\/\/sanatate.md\/ro\/wp-json\/wp\/v2\/pages"}],"about":[{"href":"https:\/\/sanatate.md\/ro\/wp-json\/wp\/v2\/types\/page"}],"author":[{"embeddable":true,"href":"https:\/\/sanatate.md\/ro\/wp-json\/wp\/v2\/users\/28"}],"replies":[{"embeddable":true,"href":"https:\/\/sanatate.md\/ro\/wp-json\/wp\/v2\/comments?post=59572"}],"version-history":[{"count":0,"href":"https:\/\/sanatate.md\/ro\/wp-json\/wp\/v2\/pages\/59572\/revisions"}],"up":[{"embeddable":true,"href":"https:\/\/sanatate.md\/ro\/wp-json\/wp\/v2\/pages\/52996"}],"wp:attachment":[{"href":"https:\/\/sanatate.md\/ro\/wp-json\/wp\/v2\/media?parent=59572"}],"curies":[{"name":"wp","href":"https:\/\/api.w.org\/{rel}","templated":true}]}}