{"id":59576,"date":"2018-06-01T16:51:08","date_gmt":"2018-06-01T13:51:08","guid":{"rendered":"https:\/\/sanatate.md\/?page_id=59576"},"modified":"2018-06-01T16:55:04","modified_gmt":"2018-06-01T13:55:04","slug":"ictusul-venos","status":"publish","type":"page","link":"https:\/\/sanatate.md\/ro\/boli-si-tratament\/boli-neurologice\/ictusul-venos\/","title":{"rendered":"Ictusul venos"},"content":{"rendered":"<p>Ictusul venos (staza venoas\u0103) este o maladie care este legat\u0103 de nivelul ridicat de coagubilitate a s\u00e2ngelui.<\/p>\n<h3>Cauzele apari\u021biei<\/h3>\n<p>De obicei maladia dat\u0103 poate ap\u0103rea pe fonul urm\u0103toarelor ipostaze:<\/p>\n<p>\u2022 Perioada sarcinii;<br \/>\n\u2022 Perioada de dup\u0103 na\u0219tere;<br \/>\n\u2022 Utilizarea contraceptivelor orale;<br \/>\n\u2022 Amplificarea sindromului antifosfolipidic;<br \/>\n\u2022 Insuficien\u021ba de proteine \u0219i a vitaminelor B \u0219i C \u00een organism;<br \/>\n\u2022 Anemia siclemie.<\/p>\n<p>Cauza principal\u0103 a apari\u021biei maladiei \u00een cauz\u0103 este coagularea tipului venos de s\u00e2nge care curge lent. \u00cen cazuri rare boala poate ap\u0103rea dup\u0103 o anumit\u0103 traum\u0103, deshidratare, maladiile infec\u021bioase suportate, oncologie. La fel se poate dezvolta ocluzia sinusitei transversale pe fonul procesului inflamator al urechii medii. Apari\u021bia trombozei sinusului de tip caustenic poate ap\u0103rea \u00een urma suport\u0103rii unei infec\u021bii intracerebrale.<\/p>\n<p>\u00cen cazul ictusului venos pot fi afectate venele corticale \u0219i sinusurile intracraniene.Cel mai des icterul venos se localizeaz\u0103 \u00een sinusita sagital\u0103 care este localizat\u0103 \u00een partea superioar\u0103.<\/p>\n<h3>Simptome<\/h3>\n<p>Simptomele esen\u021biale:<br \/>\n\u2022 Durerile de cap;<br \/>\n\u2022 Parapereza-sl\u0103biciuni \u00een membrele inferioare bilaterale (atunci c\u00e2nd este afectat\u0103 sinusita sagital\u0103 localizat\u0103 \u00een partea superioar\u0103);<br \/>\n\u2022 Hemipareza-paralizia muscular\u0103;<br \/>\n\u2022 stupoarea;<br \/>\n\u2022 reflexurile de vom\u0103,gre\u021burile;<br \/>\n\u2022 convulsiile;<br \/>\n\u2022 inflama\u021bia \u00een regiunea discului nervului sistemului vizual;<br \/>\n\u2022 oftalmopareza;<br \/>\n\u2022 midrioza;<br \/>\n\u2022 chemoza.<\/p>\n<h3>Diagnosticare<\/h3>\n<p>Pentru determinarea zonelor afectate de ictusul venos e nevoie de realizat tomografia computerizat\u0103 \u0219i prin rezonan\u021b\u0103 magnetic\u0103. TRM se realizeaz\u0103 pentru depistarea ocluziei venoase \u00eens\u0103 din cauza vibr\u0103rii anatomice metoda dat\u0103 \u00een unele cazuri poate fi pi\u021bin informativ\u0103.<\/p>\n<p>La fel speciali\u0219tii recomand\u0103 ca s\u0103 fie realizat\u0103 venografia cateterizat\u0103 care va permite studiul minu\u021bios al st\u0103rii fluxului venos \u00een cazul \u00een care este indicat\u0103 terapia trombolitic\u0103.<\/p>\n<h3>Tratament<\/h3>\n<p>\u00cen tratament este indicat\u0103 primirea anticoagulantelor care trebuie luate cu o mare aten\u021bie deoarece pot ap\u0103rea s\u00e2nger\u0103rile secundare. Metodele cele mai eficace \u00een tratarea maladiei date sunt urm\u0103toarele:<br \/>\n\u2022 hidratarea;<br \/>\n\u2022 terapia intravenoas\u0103 de tip trombolitic (se indic\u0103 \u00een cazul sinusitei sagitale localizate superior );<br \/>\n\u2022 primirea agen\u021bilor antiplachetari (Aspirina);<br \/>\n\u2022 terapia cu antibiotice (\u00een cazul proceselor inflamatorii \u0219i infec\u021bioase)<\/p>\n<p>\u00cen cazul \u00een care se ia un tratament corect peste c\u00e2teva s\u0103pt\u0103m\u00e2ni \u00een majoritatea cazurilor survine \u00eens\u0103n\u0103to\u0219irea deplin\u0103.<\/p>\n<p>&nbsp;<\/p>\n","protected":false},"excerpt":{"rendered":"<p>Ictusul venos (staza venoas\u0103) este o maladie care este legat\u0103 de nivelul ridicat de coagubilitate a s\u00e2ngelui. Cauzele apari\u021biei De obicei maladia dat\u0103 poate ap\u0103rea pe fonul urm\u0103toarelor ipostaze: \u2022 Perioada sarcinii; \u2022 Perioada de dup\u0103 na\u0219tere; \u2022 Utilizarea contraceptivelor orale; \u2022 Amplificarea sindromului antifosfolipidic; \u2022 Insuficien\u021ba de proteine \u0219i a vitaminelor B \u0219i C [&hellip;]<\/p>\n","protected":false},"author":28,"featured_media":0,"parent":52978,"menu_order":0,"comment_status":"closed","ping_status":"closed","template":"","meta":{"inline_featured_image":false,"footnotes":""},"class_list":["post-59576","page","type-page","status-publish"],"yoast_head":"<!-- This site is optimized with the Yoast SEO plugin v27.3 - https:\/\/yoast.com\/product\/yoast-seo-wordpress\/ -->\n<title>Ictusul venos<\/title>\n<meta name=\"description\" content=\"Ictusul venos(staza venoas\u0103) este o maladie care este legat\u0103 de nivelul ridicat de coagubilitate a s\u00e2ngelui.\" \/>\n<meta name=\"robots\" content=\"index, follow, max-snippet:-1, max-image-preview:large, max-video-preview:-1\" \/>\n<link rel=\"canonical\" href=\"https:\/\/sanatate.md\/ro\/boli-si-tratament\/boli-neurologice\/ictusul-venos\/\" \/>\n<meta property=\"og:locale\" content=\"ro_RO\" \/>\n<meta property=\"og:type\" content=\"article\" \/>\n<meta property=\"og:title\" content=\"Ictusul venos\" \/>\n<meta property=\"og:description\" content=\"Ictusul venos(staza venoas\u0103) este o maladie care este legat\u0103 de nivelul ridicat de coagubilitate a s\u00e2ngelui.\" \/>\n<meta property=\"og:url\" content=\"https:\/\/sanatate.md\/ro\/boli-si-tratament\/boli-neurologice\/ictusul-venos\/\" \/>\n<meta property=\"og:site_name\" content=\"Sanatate.md\" \/>\n<meta property=\"article:modified_time\" content=\"2018-06-01T13:55:04+00:00\" \/>\n<meta name=\"twitter:card\" content=\"summary_large_image\" \/>\n<meta name=\"twitter:label1\" content=\"Timp estimat pentru citire\" \/>\n\t<meta name=\"twitter:data1\" content=\"2 minute\" \/>\n<script type=\"application\/ld+json\" class=\"yoast-schema-graph\">{\"@context\":\"https:\\\/\\\/schema.org\",\"@graph\":[{\"@type\":\"WebPage\",\"@id\":\"https:\\\/\\\/sanatate.md\\\/ro\\\/boli-si-tratament\\\/boli-neurologice\\\/ictusul-venos\\\/\",\"url\":\"https:\\\/\\\/sanatate.md\\\/ro\\\/boli-si-tratament\\\/boli-neurologice\\\/ictusul-venos\\\/\",\"name\":\"Ictusul venos\",\"isPartOf\":{\"@id\":\"https:\\\/\\\/sanatate.md\\\/ro\\\/#website\"},\"datePublished\":\"2018-06-01T13:51:08+00:00\",\"dateModified\":\"2018-06-01T13:55:04+00:00\",\"description\":\"Ictusul venos(staza venoas\u0103) este o maladie care este legat\u0103 de nivelul ridicat de coagubilitate a s\u00e2ngelui.\",\"breadcrumb\":{\"@id\":\"https:\\\/\\\/sanatate.md\\\/ro\\\/boli-si-tratament\\\/boli-neurologice\\\/ictusul-venos\\\/#breadcrumb\"},\"inLanguage\":\"ro-RO\",\"potentialAction\":[{\"@type\":\"ReadAction\",\"target\":[\"https:\\\/\\\/sanatate.md\\\/ro\\\/boli-si-tratament\\\/boli-neurologice\\\/ictusul-venos\\\/\"]}]},{\"@type\":\"BreadcrumbList\",\"@id\":\"https:\\\/\\\/sanatate.md\\\/ro\\\/boli-si-tratament\\\/boli-neurologice\\\/ictusul-venos\\\/#breadcrumb\",\"itemListElement\":[{\"@type\":\"ListItem\",\"position\":1,\"name\":\"\u0413\u043b\u0430\u0432\u043d\u0430\u044f \u0441\u0442\u0440\u0430\u043d\u0438\u0446\u0430\",\"item\":\"https:\\\/\\\/sanatate.md\\\/ro\\\/\"},{\"@type\":\"ListItem\",\"position\":2,\"name\":\"Boli si tratament\",\"item\":\"https:\\\/\\\/sanatate.md\\\/ro\\\/boli-si-tratament\\\/\"},{\"@type\":\"ListItem\",\"position\":3,\"name\":\"Boli neurologice\",\"item\":\"https:\\\/\\\/sanatate.md\\\/ro\\\/boli-si-tratament\\\/boli-neurologice\\\/\"},{\"@type\":\"ListItem\",\"position\":4,\"name\":\"Ictusul venos\"}]},{\"@type\":\"WebSite\",\"@id\":\"https:\\\/\\\/sanatate.md\\\/ro\\\/#website\",\"url\":\"https:\\\/\\\/sanatate.md\\\/ro\\\/\",\"name\":\"Sanatate.md\",\"description\":\"\u0416\u0443\u0440\u043d\u0430\u043b \u0434\u043b\u044f \u0432\u0441\u0435\u0439 \u0441\u0435\u043c\u044c\u0438 \u0432 \u041c\u043e\u043b\u0434\u043e\u0432\u0435\",\"publisher\":{\"@id\":\"https:\\\/\\\/sanatate.md\\\/ro\\\/#organization\"},\"potentialAction\":[{\"@type\":\"SearchAction\",\"target\":{\"@type\":\"EntryPoint\",\"urlTemplate\":\"https:\\\/\\\/sanatate.md\\\/ro\\\/?s={search_term_string}\"},\"query-input\":{\"@type\":\"PropertyValueSpecification\",\"valueRequired\":true,\"valueName\":\"search_term_string\"}}],\"inLanguage\":\"ro-RO\"},{\"@type\":\"Organization\",\"@id\":\"https:\\\/\\\/sanatate.md\\\/ro\\\/#organization\",\"name\":\"SANATATE\",\"url\":\"https:\\\/\\\/sanatate.md\\\/ro\\\/\",\"logo\":{\"@type\":\"ImageObject\",\"inLanguage\":\"ro-RO\",\"@id\":\"https:\\\/\\\/sanatate.md\\\/ro\\\/#\\\/schema\\\/logo\\\/image\\\/\",\"url\":\"https:\\\/\\\/sanatate.md\\\/wp-content\\\/uploads\\\/2022\\\/01\\\/sanatate-logo.svg\",\"contentUrl\":\"https:\\\/\\\/sanatate.md\\\/wp-content\\\/uploads\\\/2022\\\/01\\\/sanatate-logo.svg\",\"width\":\"1024\",\"height\":\"1024\",\"caption\":\"SANATATE\"},\"image\":{\"@id\":\"https:\\\/\\\/sanatate.md\\\/ro\\\/#\\\/schema\\\/logo\\\/image\\\/\"}}]}<\/script>\n<!-- \/ Yoast SEO plugin. -->","yoast_head_json":{"title":"Ictusul venos","description":"Ictusul venos(staza venoas\u0103) este o maladie care este legat\u0103 de nivelul ridicat de coagubilitate a s\u00e2ngelui.","robots":{"index":"index","follow":"follow","max-snippet":"max-snippet:-1","max-image-preview":"max-image-preview:large","max-video-preview":"max-video-preview:-1"},"canonical":"https:\/\/sanatate.md\/ro\/boli-si-tratament\/boli-neurologice\/ictusul-venos\/","og_locale":"ro_RO","og_type":"article","og_title":"Ictusul venos","og_description":"Ictusul venos(staza venoas\u0103) este o maladie care este legat\u0103 de nivelul ridicat de coagubilitate a s\u00e2ngelui.","og_url":"https:\/\/sanatate.md\/ro\/boli-si-tratament\/boli-neurologice\/ictusul-venos\/","og_site_name":"Sanatate.md","article_modified_time":"2018-06-01T13:55:04+00:00","twitter_card":"summary_large_image","twitter_misc":{"Timp estimat pentru citire":"2 minute"},"schema":{"@context":"https:\/\/schema.org","@graph":[{"@type":"WebPage","@id":"https:\/\/sanatate.md\/ro\/boli-si-tratament\/boli-neurologice\/ictusul-venos\/","url":"https:\/\/sanatate.md\/ro\/boli-si-tratament\/boli-neurologice\/ictusul-venos\/","name":"Ictusul venos","isPartOf":{"@id":"https:\/\/sanatate.md\/ro\/#website"},"datePublished":"2018-06-01T13:51:08+00:00","dateModified":"2018-06-01T13:55:04+00:00","description":"Ictusul venos(staza venoas\u0103) este o maladie care este legat\u0103 de nivelul ridicat de coagubilitate a s\u00e2ngelui.","breadcrumb":{"@id":"https:\/\/sanatate.md\/ro\/boli-si-tratament\/boli-neurologice\/ictusul-venos\/#breadcrumb"},"inLanguage":"ro-RO","potentialAction":[{"@type":"ReadAction","target":["https:\/\/sanatate.md\/ro\/boli-si-tratament\/boli-neurologice\/ictusul-venos\/"]}]},{"@type":"BreadcrumbList","@id":"https:\/\/sanatate.md\/ro\/boli-si-tratament\/boli-neurologice\/ictusul-venos\/#breadcrumb","itemListElement":[{"@type":"ListItem","position":1,"name":"\u0413\u043b\u0430\u0432\u043d\u0430\u044f \u0441\u0442\u0440\u0430\u043d\u0438\u0446\u0430","item":"https:\/\/sanatate.md\/ro\/"},{"@type":"ListItem","position":2,"name":"Boli si tratament","item":"https:\/\/sanatate.md\/ro\/boli-si-tratament\/"},{"@type":"ListItem","position":3,"name":"Boli neurologice","item":"https:\/\/sanatate.md\/ro\/boli-si-tratament\/boli-neurologice\/"},{"@type":"ListItem","position":4,"name":"Ictusul venos"}]},{"@type":"WebSite","@id":"https:\/\/sanatate.md\/ro\/#website","url":"https:\/\/sanatate.md\/ro\/","name":"Sanatate.md","description":"\u0416\u0443\u0440\u043d\u0430\u043b \u0434\u043b\u044f \u0432\u0441\u0435\u0439 \u0441\u0435\u043c\u044c\u0438 \u0432 \u041c\u043e\u043b\u0434\u043e\u0432\u0435","publisher":{"@id":"https:\/\/sanatate.md\/ro\/#organization"},"potentialAction":[{"@type":"SearchAction","target":{"@type":"EntryPoint","urlTemplate":"https:\/\/sanatate.md\/ro\/?s={search_term_string}"},"query-input":{"@type":"PropertyValueSpecification","valueRequired":true,"valueName":"search_term_string"}}],"inLanguage":"ro-RO"},{"@type":"Organization","@id":"https:\/\/sanatate.md\/ro\/#organization","name":"SANATATE","url":"https:\/\/sanatate.md\/ro\/","logo":{"@type":"ImageObject","inLanguage":"ro-RO","@id":"https:\/\/sanatate.md\/ro\/#\/schema\/logo\/image\/","url":"https:\/\/sanatate.md\/wp-content\/uploads\/2022\/01\/sanatate-logo.svg","contentUrl":"https:\/\/sanatate.md\/wp-content\/uploads\/2022\/01\/sanatate-logo.svg","width":"1024","height":"1024","caption":"SANATATE"},"image":{"@id":"https:\/\/sanatate.md\/ro\/#\/schema\/logo\/image\/"}}]}},"_links":{"self":[{"href":"https:\/\/sanatate.md\/ro\/wp-json\/wp\/v2\/pages\/59576","targetHints":{"allow":["GET"]}}],"collection":[{"href":"https:\/\/sanatate.md\/ro\/wp-json\/wp\/v2\/pages"}],"about":[{"href":"https:\/\/sanatate.md\/ro\/wp-json\/wp\/v2\/types\/page"}],"author":[{"embeddable":true,"href":"https:\/\/sanatate.md\/ro\/wp-json\/wp\/v2\/users\/28"}],"replies":[{"embeddable":true,"href":"https:\/\/sanatate.md\/ro\/wp-json\/wp\/v2\/comments?post=59576"}],"version-history":[{"count":0,"href":"https:\/\/sanatate.md\/ro\/wp-json\/wp\/v2\/pages\/59576\/revisions"}],"up":[{"embeddable":true,"href":"https:\/\/sanatate.md\/ro\/wp-json\/wp\/v2\/pages\/52978"}],"wp:attachment":[{"href":"https:\/\/sanatate.md\/ro\/wp-json\/wp\/v2\/media?parent=59576"}],"curies":[{"name":"wp","href":"https:\/\/api.w.org\/{rel}","templated":true}]}}