{"id":61459,"date":"2018-06-22T15:23:51","date_gmt":"2018-06-22T12:23:51","guid":{"rendered":"https:\/\/sanatate.md\/?page_id=61459"},"modified":"2018-10-03T16:37:57","modified_gmt":"2018-10-03T13:37:57","slug":"beurer","status":"publish","type":"page","link":"https:\/\/sanatate.md\/ro\/beurer\/","title":{"rendered":"Beurer"},"content":{"rendered":"<div class=\"wpb-content-wrapper\"><div id=\"tdi_1\" class=\"tdc-row\"><div class=\"vc_row tdi_2  wpb_row td-pb-row\" >\n<style scoped>\n\/* custom css - generated by TagDiv Composer *\/\n\n\/* custom css - generated by TagDiv Composer *\/\n.tdi_2,\r\n                .tdi_2 .tdc-columns{\r\n                    min-height: 0;\r\n                }.tdi_2,\r\n\t\t\t\t.tdi_2 .tdc-columns{\r\n\t\t\t\t    display: block;\r\n\t\t\t\t}.tdi_2 .tdc-columns{\r\n\t\t\t\t    width: 100%;\r\n\t\t\t\t}.tdi_2:before,\r\n\t\t\t\t.tdi_2:after{\r\n\t\t\t\t    display: table;\r\n\t\t\t\t}\n<\/style><div class=\"vc_column tdi_4  wpb_column vc_column_container tdc-column td-pb-span12\">\n<style scoped>\n\/* custom css - generated by TagDiv Composer *\/\n\n\/* custom css - generated by TagDiv Composer *\/\n.tdi_4{\r\n                    vertical-align: baseline;\r\n                }.tdi_4 > .wpb_wrapper,\r\n\t\t\t\t.tdi_4 > .wpb_wrapper > .tdc-elements{\r\n\t\t\t\t    display: block;\r\n\t\t\t\t}.tdi_4 > .wpb_wrapper > .tdc-elements{\r\n\t\t\t\t    width: 100%;\r\n\t\t\t\t}.tdi_4 > .wpb_wrapper > .vc_row_inner{\r\n\t\t\t\t    width: auto;\r\n\t\t\t\t}.tdi_4 > .wpb_wrapper{\r\n\t\t\t\t    width: auto;\r\n\t\t\t\t    height: auto;\r\n\t\t\t\t}\n<\/style><div class=\"wpb_wrapper\" >[vc_single_image image=&#8221;62760&#8243; img_size=&#8221;full&#8221; alignment=&#8221;center&#8221;][vc_tta_tabs style=&#8221;flat&#8221; shape=&#8221;square&#8221; color=&#8221;orange&#8221; active_section=&#8221;1&#8243; no_fill_content_area=&#8221;true&#8221;][vc_tta_section title=&#8221;Descriere&#8221; tab_id=&#8221;Descriere&#8221;]<div class=\"wpb_wrapper td_block_empty_space td_block_wrap vc_empty_space tdi_6 \"  style=\"height: 32px\"><\/div>[vc_column_text]<img loading=\"lazy\" decoding=\"async\" class=\"alignright\" src=\"https:\/\/sanatate.md\/wp-content\/uploads\/2018\/07\/beurer2-1024x1024.jpg\" alt=\"Beurer: \u0432\u0441\u0451 \u0434\u043b\u044f \u0432\u0430\u0448\u0435\u0433\u043e \u0437\u0434\u043e\u0440\u043e\u0432\u044c\u044f \u0438 \u0445\u043e\u0440\u043e\u0448\u0435\u0433\u043e \u0441\u0430\u043c\u043e\u0447\u0443\u0432\u0441\u0442\u0432\u0438\u044f!\" width=\"417\" height=\"417\" \/><strong>Compania BEURER<\/strong>\u00a0\u2013 este lider de pia\u021b\u0103 \u00een segmentul de s\u0103n\u0103tate, frumuse\u021be \u0219i confort.\r\nPrintre produsele oferite de c\u0103tre compania BEURER pute\u021bi g\u0103si produse prev\u0103zute pentru toate v\u00eerstele:de la copiii mici p\u00een\u0103 la oamenii \u00een etate, la fel \u0219i totul ce este necesar unui stil de via\u021b\u0103 modern \u0219i echilibrat.\r\n\r\nMarca BEURER ne ofer\u0103 produsele necesare pentru \u00eengrijire, controlul activit\u0103\u021bii, alimenta\u021biei \u0219i greut\u0103\u021bii, diagnostic\u0103rii tensiunii \u0219i a nivelului de zah\u0103r din s\u00e2nge \u0219i pentru men\u021binerea nivelului de via\u021b\u0103 \u00een stil wellness. Majoritatea produselor sunt certificate \u00een conformitate cu normele \u00d6ko-Tex Standard 100.\r\n\r\nProdusele de \u00eenalt\u0103 calitate ale companiei BEURER au fost men\u021bionate cu o mul\u021bime de premii printre care premiul fondului german Stiftung Warentest \u0219i premiul Plus X Award \u00een nominaliz\u0103rile \u00abInova\u021biune\u00bb, \u00abDesign\u00bb \u0219i \u00abComoditate de utilizare\u00bb.\r\n\r\nAnume \u00een acest fel compania BEURER continu\u0103 s\u0103-\u0219i men\u021bin\u0103 marca la un nivel \u00eenalt \u0219i produce doar m\u0103rfuri utile, necesare \u0219i de \u00eenalt\u0103 calitate.[\/vc_column_text][\/vc_tta_section][vc_tta_section title=&#8221;Nout\u0103\u021bi&#8221; tab_id=&#8221;Noutati&#8221;]<div class=\"wpb_wrapper td_block_empty_space td_block_wrap vc_empty_space tdi_8 \"  style=\"height: 32px\"><\/div>[\/vc_tta_section][vc_tta_section title=&#8221;M\u0103rfuri pentru casa&#8221; tab_id=&#8221;marfuri-pentru-casa&#8221;]<div class=\"wpb_wrapper td_block_empty_space td_block_wrap vc_empty_space tdi_10 \"  style=\"height: 32px\"><\/div>[\/vc_tta_section][vc_tta_section title=&#8221;M\u0103rfuri pentru copii&#8221; tab_id=&#8221;marfuri-pentru-copii&#8221;]<div class=\"wpb_wrapper td_block_empty_space td_block_wrap vc_empty_space tdi_12 \"  style=\"height: 32px\"><\/div>[\/vc_tta_section][vc_tta_section title=&#8221;Tehnic\u0103 medical\u0103&#8221; tab_id=&#8221;tehnica-medicala&#8221;]<div class=\"wpb_wrapper td_block_empty_space td_block_wrap vc_empty_space tdi_14 \"  style=\"height: 32px\"><\/div>[\/vc_tta_section][vc_tta_section title=&#8221;Video&#8221; tab_id=&#8221;video&#8221;]<div class=\"wpb_wrapper td_block_empty_space td_block_wrap vc_empty_space tdi_16 \"  style=\"height: 32px\"><\/div><div class=\"vc_row_inner tdi_18  vc_row vc_inner wpb_row td-pb-row\" >\n<style scoped>\n\/* custom css - generated by TagDiv Composer *\/\n\n\/* custom css - generated by TagDiv Composer *\/\n.tdi_18{\r\n                    position: relative !important;\r\n                    top: 0;\r\n                    transform: none;\r\n                    -webkit-transform: none;\r\n                }.tdi_18,\r\n\t\t\t\t.tdi_18 .tdc-inner-columns{\r\n\t\t\t\t    display: block;\r\n\t\t\t\t}.tdi_18 .tdc-inner-columns{\r\n\t\t\t\t    width: 100%;\r\n\t\t\t\t}\n<\/style><div class=\"vc_column_inner tdi_20  wpb_column vc_column_container tdc-inner-column td-pb-span4\">\n<style scoped>\n\/* custom css - generated by TagDiv Composer *\/\n\n\/* custom css - generated by TagDiv Composer *\/\n.tdi_20{\r\n                    vertical-align: baseline;\r\n                }.tdi_20 .vc_column-inner > .wpb_wrapper,\r\n\t\t\t\t.tdi_20 .vc_column-inner > .wpb_wrapper .tdc-elements{\r\n\t\t\t\t    display: block;\r\n\t\t\t\t}.tdi_20 .vc_column-inner > .wpb_wrapper .tdc-elements{\r\n\t\t\t\t    width: 100%;\r\n\t\t\t\t}\n<\/style><div class=\"vc_column-inner\"><div class=\"wpb_wrapper\" ><\/div><\/div><\/div><div class=\"vc_column_inner tdi_22  wpb_column vc_column_container tdc-inner-column td-pb-span4\">\n<style scoped>\n\/* custom css - generated by TagDiv Composer *\/\n\n\/* custom css - generated by TagDiv Composer *\/\n.tdi_22{\r\n                    vertical-align: baseline;\r\n                }.tdi_22 .vc_column-inner > .wpb_wrapper,\r\n\t\t\t\t.tdi_22 .vc_column-inner > .wpb_wrapper .tdc-elements{\r\n\t\t\t\t    display: block;\r\n\t\t\t\t}.tdi_22 .vc_column-inner > .wpb_wrapper .tdc-elements{\r\n\t\t\t\t    width: 100%;\r\n\t\t\t\t}\n<\/style><div class=\"vc_column-inner\"><div class=\"wpb_wrapper\" ><\/div><\/div><\/div><\/div>[\/vc_tta_section][vc_tta_section title=&#8221;Contacte&#8221; tab_id=&#8221;Contacte&#8221;]<div class=\"wpb_wrapper td_block_empty_space td_block_wrap vc_empty_space tdi_24 \"  style=\"height: 32px\"><\/div>[vc_column_text]\r\n<h2><i class=\"fa fa-map-marker\"><\/i> Chi\u0219in\u0103u, str. Calea Orheiului, 103\/3<\/h2>\r\n<h2><span style=\"color: #4db2ec;\"><i class=\"fa fa-phone\"><\/i> 022 406 406<\/span><\/h2>\r\n[\/vc_column_text][vc_gmaps link=&#8221;#E-8_JTNDaWZyYW1lJTIwc3JjJTNEJTIyaHR0cHMlM0ElMkYlMkZ3d3cuZ29vZ2xlLmNvbSUyRm1hcHMlMkZlbWJlZCUzRnBiJTNEJTIxMW0xOCUyMTFtMTIlMjExbTMlMjExZDI3MTguMTc4NDkyNTA0MTYyNSUyMTJkMjguODUwNDg3OTQzMDUyNjg0JTIxM2Q0Ny4wNTYzNDg4NTg0NTQ4NzUlMjEybTMlMjExZjAlMjEyZjAlMjEzZjAlMjEzbTIlMjExaTEwMjQlMjEyaTc2OCUyMTRmMTMuMSUyMTNtMyUyMTFtMiUyMTFzMHg0MGM5N2QxYjUzY2EyODg3JTI1M0EweGExOGM3NTcxZjE3NjJiNDklMjEyelUzUnlZV1JoSUVOaGJHVmhJRTl5YUdWcGRXeDFhU0F4TURNc0lFTm9hY2laYVc3RWczVXNJTkNjMEw3UXU5QzAwTDdRc3RDdyUyMTVlMCUyMTNtMiUyMTFzcnUlMjEycyUyMTR2MTQ4NjQ4MzU5NjU4MyUyMiUyMHdpZHRoJTNEJTIyNjAwJTIyJTIwaGVpZ2h0JTNEJTIyNDUwJTIyJTIwZnJhbWVib3JkZXIlM0QlMjIwJTIyJTIwc3R5bGUlM0QlMjJib3JkZXIlM0EwJTIyJTIwYWxsb3dmdWxsc2NyZWVuJTNFJTNDJTJGaWZyYW1lJTNF&#8221;][\/vc_tta_section][\/vc_tta_tabs]<\/div><\/div><\/div><\/div><\/div>","protected":false},"excerpt":{"rendered":"[vc_single_image image=\"62760\" img_size=\"full\" alignment=\"center\"][vc_tta_tabs style=\"flat\" shape=\"square\" color=\"orange\" active_section=\"1\" no_fill_content_area=\"true\"][vc_tta_section title=\"Descriere\" tab_id=\"Descriere\"][vc_column_text]Compania BEURER\u00a0\u2013 este lider de pia\u021b\u0103 \u00een segmentul de s\u0103n\u0103tate, frumuse\u021be \u0219i confort. Printre produsele oferite de c\u0103tre compania BEURER pute\u021bi g\u0103si produse prev\u0103zute pentru toate v\u00eerstele:de la copiii mici p\u00een\u0103 la oamenii \u00een etate, la fel \u0219i totul ce este necesar unui stil de [...]","protected":false},"author":28,"featured_media":80400,"parent":0,"menu_order":0,"comment_status":"closed","ping_status":"closed","template":"","meta":{"inline_featured_image":false,"footnotes":""},"class_list":["post-61459","page","type-page","status-publish","has-post-thumbnail"],"yoast_head":"<!-- This site is optimized with the Yoast SEO plugin v27.3 - https:\/\/yoast.com\/product\/yoast-seo-wordpress\/ -->\n<title>Beurer | Sanatate.md<\/title>\n<meta name=\"robots\" content=\"index, follow, max-snippet:-1, max-image-preview:large, max-video-preview:-1\" \/>\n<link rel=\"canonical\" href=\"https:\/\/sanatate.md\/ro\/beurer\/\" \/>\n<meta property=\"og:locale\" content=\"ro_RO\" \/>\n<meta property=\"og:type\" content=\"article\" \/>\n<meta property=\"og:title\" content=\"Beurer | Sanatate.md\" \/>\n<meta property=\"og:url\" content=\"https:\/\/sanatate.md\/ro\/beurer\/\" \/>\n<meta property=\"og:site_name\" content=\"Sanatate.md\" \/>\n<meta property=\"article:modified_time\" content=\"2018-10-03T13:37:57+00:00\" \/>\n<meta property=\"og:image\" content=\"https:\/\/sanatate.md\/wp-content\/uploads\/2020\/06\/beurer_22.jpg\" \/>\n\t<meta property=\"og:image:width\" content=\"1181\" \/>\n\t<meta property=\"og:image:height\" content=\"800\" \/>\n\t<meta property=\"og:image:type\" content=\"image\/jpeg\" \/>\n<meta name=\"twitter:card\" content=\"summary_large_image\" \/>\n<meta name=\"twitter:label1\" content=\"Timp estimat pentru citire\" \/>\n\t<meta name=\"twitter:data1\" content=\"2 minute\" \/>\n<script type=\"application\/ld+json\" class=\"yoast-schema-graph\">{\"@context\":\"https:\\\/\\\/schema.org\",\"@graph\":[{\"@type\":\"WebPage\",\"@id\":\"https:\\\/\\\/sanatate.md\\\/ro\\\/beurer\\\/\",\"url\":\"https:\\\/\\\/sanatate.md\\\/ro\\\/beurer\\\/\",\"name\":\"Beurer | Sanatate.md\",\"isPartOf\":{\"@id\":\"https:\\\/\\\/sanatate.md\\\/ro\\\/#website\"},\"primaryImageOfPage\":{\"@id\":\"https:\\\/\\\/sanatate.md\\\/ro\\\/beurer\\\/#primaryimage\"},\"image\":{\"@id\":\"https:\\\/\\\/sanatate.md\\\/ro\\\/beurer\\\/#primaryimage\"},\"thumbnailUrl\":\"https:\\\/\\\/sanatate.md\\\/wp-content\\\/uploads\\\/2020\\\/06\\\/beurer_22.jpg\",\"datePublished\":\"2018-06-22T12:23:51+00:00\",\"dateModified\":\"2018-10-03T13:37:57+00:00\",\"breadcrumb\":{\"@id\":\"https:\\\/\\\/sanatate.md\\\/ro\\\/beurer\\\/#breadcrumb\"},\"inLanguage\":\"ro-RO\",\"potentialAction\":[{\"@type\":\"ReadAction\",\"target\":[\"https:\\\/\\\/sanatate.md\\\/ro\\\/beurer\\\/\"]}]},{\"@type\":\"ImageObject\",\"inLanguage\":\"ro-RO\",\"@id\":\"https:\\\/\\\/sanatate.md\\\/ro\\\/beurer\\\/#primaryimage\",\"url\":\"https:\\\/\\\/sanatate.md\\\/wp-content\\\/uploads\\\/2020\\\/06\\\/beurer_22.jpg\",\"contentUrl\":\"https:\\\/\\\/sanatate.md\\\/wp-content\\\/uploads\\\/2020\\\/06\\\/beurer_22.jpg\",\"width\":1181,\"height\":800},{\"@type\":\"BreadcrumbList\",\"@id\":\"https:\\\/\\\/sanatate.md\\\/ro\\\/beurer\\\/#breadcrumb\",\"itemListElement\":[{\"@type\":\"ListItem\",\"position\":1,\"name\":\"\u0413\u043b\u0430\u0432\u043d\u0430\u044f \u0441\u0442\u0440\u0430\u043d\u0438\u0446\u0430\",\"item\":\"https:\\\/\\\/sanatate.md\\\/ro\\\/\"},{\"@type\":\"ListItem\",\"position\":2,\"name\":\"Beurer\"}]},{\"@type\":\"WebSite\",\"@id\":\"https:\\\/\\\/sanatate.md\\\/ro\\\/#website\",\"url\":\"https:\\\/\\\/sanatate.md\\\/ro\\\/\",\"name\":\"Sanatate.md\",\"description\":\"\u0416\u0443\u0440\u043d\u0430\u043b \u0434\u043b\u044f \u0432\u0441\u0435\u0439 \u0441\u0435\u043c\u044c\u0438 \u0432 \u041c\u043e\u043b\u0434\u043e\u0432\u0435\",\"publisher\":{\"@id\":\"https:\\\/\\\/sanatate.md\\\/ro\\\/#organization\"},\"potentialAction\":[{\"@type\":\"SearchAction\",\"target\":{\"@type\":\"EntryPoint\",\"urlTemplate\":\"https:\\\/\\\/sanatate.md\\\/ro\\\/?s={search_term_string}\"},\"query-input\":{\"@type\":\"PropertyValueSpecification\",\"valueRequired\":true,\"valueName\":\"search_term_string\"}}],\"inLanguage\":\"ro-RO\"},{\"@type\":\"Organization\",\"@id\":\"https:\\\/\\\/sanatate.md\\\/ro\\\/#organization\",\"name\":\"SANATATE\",\"url\":\"https:\\\/\\\/sanatate.md\\\/ro\\\/\",\"logo\":{\"@type\":\"ImageObject\",\"inLanguage\":\"ro-RO\",\"@id\":\"https:\\\/\\\/sanatate.md\\\/ro\\\/#\\\/schema\\\/logo\\\/image\\\/\",\"url\":\"https:\\\/\\\/sanatate.md\\\/wp-content\\\/uploads\\\/2022\\\/01\\\/sanatate-logo.svg\",\"contentUrl\":\"https:\\\/\\\/sanatate.md\\\/wp-content\\\/uploads\\\/2022\\\/01\\\/sanatate-logo.svg\",\"width\":\"1024\",\"height\":\"1024\",\"caption\":\"SANATATE\"},\"image\":{\"@id\":\"https:\\\/\\\/sanatate.md\\\/ro\\\/#\\\/schema\\\/logo\\\/image\\\/\"}}]}<\/script>\n<!-- \/ Yoast SEO plugin. -->","yoast_head_json":{"title":"Beurer | Sanatate.md","robots":{"index":"index","follow":"follow","max-snippet":"max-snippet:-1","max-image-preview":"max-image-preview:large","max-video-preview":"max-video-preview:-1"},"canonical":"https:\/\/sanatate.md\/ro\/beurer\/","og_locale":"ro_RO","og_type":"article","og_title":"Beurer | Sanatate.md","og_url":"https:\/\/sanatate.md\/ro\/beurer\/","og_site_name":"Sanatate.md","article_modified_time":"2018-10-03T13:37:57+00:00","og_image":[{"width":1181,"height":800,"url":"https:\/\/sanatate.md\/wp-content\/uploads\/2020\/06\/beurer_22.jpg","type":"image\/jpeg"}],"twitter_card":"summary_large_image","twitter_misc":{"Timp estimat pentru citire":"2 minute"},"schema":{"@context":"https:\/\/schema.org","@graph":[{"@type":"WebPage","@id":"https:\/\/sanatate.md\/ro\/beurer\/","url":"https:\/\/sanatate.md\/ro\/beurer\/","name":"Beurer | Sanatate.md","isPartOf":{"@id":"https:\/\/sanatate.md\/ro\/#website"},"primaryImageOfPage":{"@id":"https:\/\/sanatate.md\/ro\/beurer\/#primaryimage"},"image":{"@id":"https:\/\/sanatate.md\/ro\/beurer\/#primaryimage"},"thumbnailUrl":"https:\/\/sanatate.md\/wp-content\/uploads\/2020\/06\/beurer_22.jpg","datePublished":"2018-06-22T12:23:51+00:00","dateModified":"2018-10-03T13:37:57+00:00","breadcrumb":{"@id":"https:\/\/sanatate.md\/ro\/beurer\/#breadcrumb"},"inLanguage":"ro-RO","potentialAction":[{"@type":"ReadAction","target":["https:\/\/sanatate.md\/ro\/beurer\/"]}]},{"@type":"ImageObject","inLanguage":"ro-RO","@id":"https:\/\/sanatate.md\/ro\/beurer\/#primaryimage","url":"https:\/\/sanatate.md\/wp-content\/uploads\/2020\/06\/beurer_22.jpg","contentUrl":"https:\/\/sanatate.md\/wp-content\/uploads\/2020\/06\/beurer_22.jpg","width":1181,"height":800},{"@type":"BreadcrumbList","@id":"https:\/\/sanatate.md\/ro\/beurer\/#breadcrumb","itemListElement":[{"@type":"ListItem","position":1,"name":"\u0413\u043b\u0430\u0432\u043d\u0430\u044f \u0441\u0442\u0440\u0430\u043d\u0438\u0446\u0430","item":"https:\/\/sanatate.md\/ro\/"},{"@type":"ListItem","position":2,"name":"Beurer"}]},{"@type":"WebSite","@id":"https:\/\/sanatate.md\/ro\/#website","url":"https:\/\/sanatate.md\/ro\/","name":"Sanatate.md","description":"\u0416\u0443\u0440\u043d\u0430\u043b \u0434\u043b\u044f \u0432\u0441\u0435\u0439 \u0441\u0435\u043c\u044c\u0438 \u0432 \u041c\u043e\u043b\u0434\u043e\u0432\u0435","publisher":{"@id":"https:\/\/sanatate.md\/ro\/#organization"},"potentialAction":[{"@type":"SearchAction","target":{"@type":"EntryPoint","urlTemplate":"https:\/\/sanatate.md\/ro\/?s={search_term_string}"},"query-input":{"@type":"PropertyValueSpecification","valueRequired":true,"valueName":"search_term_string"}}],"inLanguage":"ro-RO"},{"@type":"Organization","@id":"https:\/\/sanatate.md\/ro\/#organization","name":"SANATATE","url":"https:\/\/sanatate.md\/ro\/","logo":{"@type":"ImageObject","inLanguage":"ro-RO","@id":"https:\/\/sanatate.md\/ro\/#\/schema\/logo\/image\/","url":"https:\/\/sanatate.md\/wp-content\/uploads\/2022\/01\/sanatate-logo.svg","contentUrl":"https:\/\/sanatate.md\/wp-content\/uploads\/2022\/01\/sanatate-logo.svg","width":"1024","height":"1024","caption":"SANATATE"},"image":{"@id":"https:\/\/sanatate.md\/ro\/#\/schema\/logo\/image\/"}}]}},"_links":{"self":[{"href":"https:\/\/sanatate.md\/ro\/wp-json\/wp\/v2\/pages\/61459","targetHints":{"allow":["GET"]}}],"collection":[{"href":"https:\/\/sanatate.md\/ro\/wp-json\/wp\/v2\/pages"}],"about":[{"href":"https:\/\/sanatate.md\/ro\/wp-json\/wp\/v2\/types\/page"}],"author":[{"embeddable":true,"href":"https:\/\/sanatate.md\/ro\/wp-json\/wp\/v2\/users\/28"}],"replies":[{"embeddable":true,"href":"https:\/\/sanatate.md\/ro\/wp-json\/wp\/v2\/comments?post=61459"}],"version-history":[{"count":0,"href":"https:\/\/sanatate.md\/ro\/wp-json\/wp\/v2\/pages\/61459\/revisions"}],"wp:featuredmedia":[{"embeddable":true,"href":"https:\/\/sanatate.md\/ro\/wp-json\/wp\/v2\/media\/80400"}],"wp:attachment":[{"href":"https:\/\/sanatate.md\/ro\/wp-json\/wp\/v2\/media?parent=61459"}],"curies":[{"name":"wp","href":"https:\/\/api.w.org\/{rel}","templated":true}]}}