{"id":63459,"date":"2018-07-31T12:28:32","date_gmt":"2018-07-31T09:28:32","guid":{"rendered":"https:\/\/sanatate.md\/?page_id=63459"},"modified":"2018-07-31T12:57:10","modified_gmt":"2018-07-31T09:57:10","slug":"cistul-conjunctival","status":"publish","type":"page","link":"https:\/\/sanatate.md\/ro\/boli-si-tratament\/boli-ale-ochiului\/cistul-conjunctival\/","title":{"rendered":"Chistul conjunctival"},"content":{"rendered":"<p>Chistul conjunctival se caracterizeaz\u0103 prin faptul c\u0103 pe conjunctiv\u0103 se formeaz\u0103 o jonc\u021biune transparent\u0103 de \u021besut care acoper\u0103 suprafa\u021ba ochiului din exterior. Conjunctiva produce o substan\u021b\u0103 lichid\u0103 lacrimal\u0103, care face posibil\u0103 umezirea suprafe\u021bei ochilor.<\/p>\n<h3>Chistul conjunctival: cauze<\/h3>\n<p>Chistul conjunctival al pleoapei se poate forma ca urmare a unor astfel demanifest\u0103ri:<br \/>\n\u2022 Conjunctivitit\u0103;<br \/>\n\u2022 Felurite procese inflamatorii suportate sau infec\u021bii \u00een sistemul ocular;<br \/>\n\u2022 sclerete;<br \/>\n\u2022 traume.<br \/>\nUneori chistul poate ap\u0103rea \u0219i f\u0103r\u0103 anume cauze.<\/p>\n<h3>Tipuri<\/h3>\n<p>Exist\u0103 urm\u0103toarele tipuri de chisturi:<br \/>\n\u2022 chistul de reten\u021bie al conjunctivului;<br \/>\n\u2022 chistul conjunctiv bulbar;<br \/>\n\u2022 chistul conjunctival la nou-n\u0103scu\u021bi etc.<\/p>\n<h3>Diagnosticare<\/h3>\n<p>Diagnosticul nu este dificil deoarece chistul este clar vizibil \u00een timpul examin\u0103rii vizuale. Chistul este un tubercul mic pe membrana ocular\u0103, nu are un efect incomod asupra func\u021bion\u0103rii sistemului vizual.<br \/>\n\u00cen unele cazuri chistul este vizualizat pentru o perioad\u0103 scurt\u0103 de timp dup\u0103 trezire (uneori pe parcursul a c\u00e2teva ore) apoi dispare f\u0103r\u0103 urme \u0219i apare din nou a doua zi.<\/p>\n<h3>Chistul conjunctival: tratament<\/h3>\n<p>Alegerea metodei de tratare a acestei boli depinde de localizarea chistului, loca\u021bie \u0219i dimensiune.Dac\u0103 o astfel de neoplasm\u0103 a ap\u0103rut dup\u0103 o boal\u0103 infec\u021bioas\u0103 atunci se necesit\u0103 utilizarea agen\u021bilor antiinflamatori. \u00cen toate celelalte cazuri se recomand\u0103 \u00eenl\u0103turarea chistului conjunctiv.<\/p>\n<p>Chisturile mici sunt excizate prin intermediul laserului.\u00cen procesul interven\u021biei cu laser e important ca s\u0103 se \u00eenl\u0103ture totalmente pere\u021bii chistului deoarece \u00een alt az apare pericolul recuren\u021bei bolii \u00een acela\u0219i loc.<\/p>\n<p>Interven\u021bia chirurgical\u0103 se realizeaz\u0103 \u00eentr-o institu\u021bie medical\u0103 sub anestezie de tip local sub form\u0103 de picur\u0103turi. Recuperarea dup\u0103 interven\u021bie este rapid\u0103 deoarece dup\u0103 asemenea interven\u021bie practic nu apare nici o complica\u021bie.<\/p>\n<p>Uneori astfel de chisturi pot disp\u0103rea de la sine \u0219i anume din aceast\u0103 cauz\u0103 medicii adesea recomand\u0103 ca chistul s\u0103 nu fie \u00eenl\u0103turat, ci de a\u0219teptat \u0219i de urm\u0103rit o perioad\u0103 oarecare starea ochiului. Poate ap\u0103rea probabilitatea ca chistul s\u0103 dispar\u0103 de la sine \u0219i atunci \u00een mod automat va disp\u0103rea necesitatea de a realiza o interven\u021bie chirurgical\u0103.<\/p>\n","protected":false},"excerpt":{"rendered":"<p>Chistul conjunctival se caracterizeaz\u0103 prin faptul c\u0103 pe conjunctiv\u0103 se formeaz\u0103 o jonc\u021biune transparent\u0103 de \u021besut care acoper\u0103 suprafa\u021ba ochiului din exterior. Conjunctiva produce o substan\u021b\u0103 lichid\u0103 lacrimal\u0103, care face posibil\u0103 umezirea suprafe\u021bei ochilor. Chistul conjunctival: cauze Chistul conjunctival al pleoapei se poate forma ca urmare a unor astfel demanifest\u0103ri: \u2022 Conjunctivitit\u0103; \u2022 Felurite procese [&hellip;]<\/p>\n","protected":false},"author":28,"featured_media":0,"parent":52990,"menu_order":0,"comment_status":"closed","ping_status":"closed","template":"","meta":{"inline_featured_image":false,"footnotes":""},"class_list":["post-63459","page","type-page","status-publish"],"yoast_head":"<!-- This site is optimized with the Yoast SEO plugin v27.3 - https:\/\/yoast.com\/product\/yoast-seo-wordpress\/ -->\n<title>Cistul conjunctival<\/title>\n<meta name=\"description\" content=\"Chistul conjunctival se caracterizeaz\u0103 prin faptul c\u0103 pe conjunctiv\u0103 se formeaz\u0103 o jonc\u021biune transparent\u0103 de \u021besut care acoper\u0103 suprafa\u021ba ochiului din exterior.\" \/>\n<meta name=\"robots\" content=\"index, follow, max-snippet:-1, max-image-preview:large, max-video-preview:-1\" \/>\n<link rel=\"canonical\" href=\"https:\/\/sanatate.md\/ro\/boli-si-tratament\/boli-ale-ochiului\/cistul-conjunctival\/\" \/>\n<meta property=\"og:locale\" content=\"ro_RO\" \/>\n<meta property=\"og:type\" content=\"article\" \/>\n<meta property=\"og:title\" content=\"Cistul conjunctival\" \/>\n<meta property=\"og:description\" content=\"Chistul conjunctival se caracterizeaz\u0103 prin faptul c\u0103 pe conjunctiv\u0103 se formeaz\u0103 o jonc\u021biune transparent\u0103 de \u021besut care acoper\u0103 suprafa\u021ba ochiului din exterior.\" \/>\n<meta property=\"og:url\" content=\"https:\/\/sanatate.md\/ro\/boli-si-tratament\/boli-ale-ochiului\/cistul-conjunctival\/\" \/>\n<meta property=\"og:site_name\" content=\"Sanatate.md\" \/>\n<meta property=\"article:modified_time\" content=\"2018-07-31T09:57:10+00:00\" \/>\n<meta name=\"twitter:card\" content=\"summary_large_image\" \/>\n<meta name=\"twitter:label1\" content=\"Timp estimat pentru citire\" \/>\n\t<meta name=\"twitter:data1\" content=\"2 minute\" \/>\n<script type=\"application\/ld+json\" class=\"yoast-schema-graph\">{\"@context\":\"https:\\\/\\\/schema.org\",\"@graph\":[{\"@type\":\"WebPage\",\"@id\":\"https:\\\/\\\/sanatate.md\\\/ro\\\/boli-si-tratament\\\/boli-ale-ochiului\\\/cistul-conjunctival\\\/\",\"url\":\"https:\\\/\\\/sanatate.md\\\/ro\\\/boli-si-tratament\\\/boli-ale-ochiului\\\/cistul-conjunctival\\\/\",\"name\":\"Cistul conjunctival\",\"isPartOf\":{\"@id\":\"https:\\\/\\\/sanatate.md\\\/ro\\\/#website\"},\"datePublished\":\"2018-07-31T09:28:32+00:00\",\"dateModified\":\"2018-07-31T09:57:10+00:00\",\"description\":\"Chistul conjunctival se caracterizeaz\u0103 prin faptul c\u0103 pe conjunctiv\u0103 se formeaz\u0103 o jonc\u021biune transparent\u0103 de \u021besut care acoper\u0103 suprafa\u021ba ochiului din exterior.\",\"breadcrumb\":{\"@id\":\"https:\\\/\\\/sanatate.md\\\/ro\\\/boli-si-tratament\\\/boli-ale-ochiului\\\/cistul-conjunctival\\\/#breadcrumb\"},\"inLanguage\":\"ro-RO\",\"potentialAction\":[{\"@type\":\"ReadAction\",\"target\":[\"https:\\\/\\\/sanatate.md\\\/ro\\\/boli-si-tratament\\\/boli-ale-ochiului\\\/cistul-conjunctival\\\/\"]}]},{\"@type\":\"BreadcrumbList\",\"@id\":\"https:\\\/\\\/sanatate.md\\\/ro\\\/boli-si-tratament\\\/boli-ale-ochiului\\\/cistul-conjunctival\\\/#breadcrumb\",\"itemListElement\":[{\"@type\":\"ListItem\",\"position\":1,\"name\":\"\u0413\u043b\u0430\u0432\u043d\u0430\u044f \u0441\u0442\u0440\u0430\u043d\u0438\u0446\u0430\",\"item\":\"https:\\\/\\\/sanatate.md\\\/ro\\\/\"},{\"@type\":\"ListItem\",\"position\":2,\"name\":\"Boli si tratament\",\"item\":\"https:\\\/\\\/sanatate.md\\\/ro\\\/boli-si-tratament\\\/\"},{\"@type\":\"ListItem\",\"position\":3,\"name\":\"Boli ale ochiului\",\"item\":\"https:\\\/\\\/sanatate.md\\\/ro\\\/boli-si-tratament\\\/boli-ale-ochiului\\\/\"},{\"@type\":\"ListItem\",\"position\":4,\"name\":\"Chistul conjunctival\"}]},{\"@type\":\"WebSite\",\"@id\":\"https:\\\/\\\/sanatate.md\\\/ro\\\/#website\",\"url\":\"https:\\\/\\\/sanatate.md\\\/ro\\\/\",\"name\":\"Sanatate.md\",\"description\":\"\u0416\u0443\u0440\u043d\u0430\u043b \u0434\u043b\u044f \u0432\u0441\u0435\u0439 \u0441\u0435\u043c\u044c\u0438 \u0432 \u041c\u043e\u043b\u0434\u043e\u0432\u0435\",\"publisher\":{\"@id\":\"https:\\\/\\\/sanatate.md\\\/ro\\\/#organization\"},\"potentialAction\":[{\"@type\":\"SearchAction\",\"target\":{\"@type\":\"EntryPoint\",\"urlTemplate\":\"https:\\\/\\\/sanatate.md\\\/ro\\\/?s={search_term_string}\"},\"query-input\":{\"@type\":\"PropertyValueSpecification\",\"valueRequired\":true,\"valueName\":\"search_term_string\"}}],\"inLanguage\":\"ro-RO\"},{\"@type\":\"Organization\",\"@id\":\"https:\\\/\\\/sanatate.md\\\/ro\\\/#organization\",\"name\":\"SANATATE\",\"url\":\"https:\\\/\\\/sanatate.md\\\/ro\\\/\",\"logo\":{\"@type\":\"ImageObject\",\"inLanguage\":\"ro-RO\",\"@id\":\"https:\\\/\\\/sanatate.md\\\/ro\\\/#\\\/schema\\\/logo\\\/image\\\/\",\"url\":\"https:\\\/\\\/sanatate.md\\\/wp-content\\\/uploads\\\/2022\\\/01\\\/sanatate-logo.svg\",\"contentUrl\":\"https:\\\/\\\/sanatate.md\\\/wp-content\\\/uploads\\\/2022\\\/01\\\/sanatate-logo.svg\",\"width\":\"1024\",\"height\":\"1024\",\"caption\":\"SANATATE\"},\"image\":{\"@id\":\"https:\\\/\\\/sanatate.md\\\/ro\\\/#\\\/schema\\\/logo\\\/image\\\/\"}}]}<\/script>\n<!-- \/ Yoast SEO plugin. -->","yoast_head_json":{"title":"Cistul conjunctival","description":"Chistul conjunctival se caracterizeaz\u0103 prin faptul c\u0103 pe conjunctiv\u0103 se formeaz\u0103 o jonc\u021biune transparent\u0103 de \u021besut care acoper\u0103 suprafa\u021ba ochiului din exterior.","robots":{"index":"index","follow":"follow","max-snippet":"max-snippet:-1","max-image-preview":"max-image-preview:large","max-video-preview":"max-video-preview:-1"},"canonical":"https:\/\/sanatate.md\/ro\/boli-si-tratament\/boli-ale-ochiului\/cistul-conjunctival\/","og_locale":"ro_RO","og_type":"article","og_title":"Cistul conjunctival","og_description":"Chistul conjunctival se caracterizeaz\u0103 prin faptul c\u0103 pe conjunctiv\u0103 se formeaz\u0103 o jonc\u021biune transparent\u0103 de \u021besut care acoper\u0103 suprafa\u021ba ochiului din exterior.","og_url":"https:\/\/sanatate.md\/ro\/boli-si-tratament\/boli-ale-ochiului\/cistul-conjunctival\/","og_site_name":"Sanatate.md","article_modified_time":"2018-07-31T09:57:10+00:00","twitter_card":"summary_large_image","twitter_misc":{"Timp estimat pentru citire":"2 minute"},"schema":{"@context":"https:\/\/schema.org","@graph":[{"@type":"WebPage","@id":"https:\/\/sanatate.md\/ro\/boli-si-tratament\/boli-ale-ochiului\/cistul-conjunctival\/","url":"https:\/\/sanatate.md\/ro\/boli-si-tratament\/boli-ale-ochiului\/cistul-conjunctival\/","name":"Cistul conjunctival","isPartOf":{"@id":"https:\/\/sanatate.md\/ro\/#website"},"datePublished":"2018-07-31T09:28:32+00:00","dateModified":"2018-07-31T09:57:10+00:00","description":"Chistul conjunctival se caracterizeaz\u0103 prin faptul c\u0103 pe conjunctiv\u0103 se formeaz\u0103 o jonc\u021biune transparent\u0103 de \u021besut care acoper\u0103 suprafa\u021ba ochiului din exterior.","breadcrumb":{"@id":"https:\/\/sanatate.md\/ro\/boli-si-tratament\/boli-ale-ochiului\/cistul-conjunctival\/#breadcrumb"},"inLanguage":"ro-RO","potentialAction":[{"@type":"ReadAction","target":["https:\/\/sanatate.md\/ro\/boli-si-tratament\/boli-ale-ochiului\/cistul-conjunctival\/"]}]},{"@type":"BreadcrumbList","@id":"https:\/\/sanatate.md\/ro\/boli-si-tratament\/boli-ale-ochiului\/cistul-conjunctival\/#breadcrumb","itemListElement":[{"@type":"ListItem","position":1,"name":"\u0413\u043b\u0430\u0432\u043d\u0430\u044f \u0441\u0442\u0440\u0430\u043d\u0438\u0446\u0430","item":"https:\/\/sanatate.md\/ro\/"},{"@type":"ListItem","position":2,"name":"Boli si tratament","item":"https:\/\/sanatate.md\/ro\/boli-si-tratament\/"},{"@type":"ListItem","position":3,"name":"Boli ale ochiului","item":"https:\/\/sanatate.md\/ro\/boli-si-tratament\/boli-ale-ochiului\/"},{"@type":"ListItem","position":4,"name":"Chistul conjunctival"}]},{"@type":"WebSite","@id":"https:\/\/sanatate.md\/ro\/#website","url":"https:\/\/sanatate.md\/ro\/","name":"Sanatate.md","description":"\u0416\u0443\u0440\u043d\u0430\u043b \u0434\u043b\u044f \u0432\u0441\u0435\u0439 \u0441\u0435\u043c\u044c\u0438 \u0432 \u041c\u043e\u043b\u0434\u043e\u0432\u0435","publisher":{"@id":"https:\/\/sanatate.md\/ro\/#organization"},"potentialAction":[{"@type":"SearchAction","target":{"@type":"EntryPoint","urlTemplate":"https:\/\/sanatate.md\/ro\/?s={search_term_string}"},"query-input":{"@type":"PropertyValueSpecification","valueRequired":true,"valueName":"search_term_string"}}],"inLanguage":"ro-RO"},{"@type":"Organization","@id":"https:\/\/sanatate.md\/ro\/#organization","name":"SANATATE","url":"https:\/\/sanatate.md\/ro\/","logo":{"@type":"ImageObject","inLanguage":"ro-RO","@id":"https:\/\/sanatate.md\/ro\/#\/schema\/logo\/image\/","url":"https:\/\/sanatate.md\/wp-content\/uploads\/2022\/01\/sanatate-logo.svg","contentUrl":"https:\/\/sanatate.md\/wp-content\/uploads\/2022\/01\/sanatate-logo.svg","width":"1024","height":"1024","caption":"SANATATE"},"image":{"@id":"https:\/\/sanatate.md\/ro\/#\/schema\/logo\/image\/"}}]}},"_links":{"self":[{"href":"https:\/\/sanatate.md\/ro\/wp-json\/wp\/v2\/pages\/63459","targetHints":{"allow":["GET"]}}],"collection":[{"href":"https:\/\/sanatate.md\/ro\/wp-json\/wp\/v2\/pages"}],"about":[{"href":"https:\/\/sanatate.md\/ro\/wp-json\/wp\/v2\/types\/page"}],"author":[{"embeddable":true,"href":"https:\/\/sanatate.md\/ro\/wp-json\/wp\/v2\/users\/28"}],"replies":[{"embeddable":true,"href":"https:\/\/sanatate.md\/ro\/wp-json\/wp\/v2\/comments?post=63459"}],"version-history":[{"count":0,"href":"https:\/\/sanatate.md\/ro\/wp-json\/wp\/v2\/pages\/63459\/revisions"}],"up":[{"embeddable":true,"href":"https:\/\/sanatate.md\/ro\/wp-json\/wp\/v2\/pages\/52990"}],"wp:attachment":[{"href":"https:\/\/sanatate.md\/ro\/wp-json\/wp\/v2\/media?parent=63459"}],"curies":[{"name":"wp","href":"https:\/\/api.w.org\/{rel}","templated":true}]}}