{"id":63465,"date":"2018-07-31T12:51:53","date_gmt":"2018-07-31T09:51:53","guid":{"rendered":"https:\/\/sanatate.md\/?page_id=63465"},"modified":"2018-07-31T12:51:53","modified_gmt":"2018-07-31T09:51:53","slug":"deformari-ale-cutiei-toracice","status":"publish","type":"page","link":"https:\/\/sanatate.md\/ro\/boli-si-tratament\/boli-ale-sistemului-musculo-scheletic-traumatisme\/deformari-ale-cutiei-toracice\/","title":{"rendered":"Deform\u0103ri ale cutiei toracice"},"content":{"rendered":"<p>Deformarea cutiei toracice este de dou\u0103 tipuri:<\/p>\n<p>1. Deformarea dob\u00e2ndit\u0103 apare pe fundalul dezvolt\u0103rii unor astfel de boli cum ar fi:<br \/>\n\u2022 tuberculoza;<br \/>\n\u2022 traumatisme ale cutiei toracice;<br \/>\n\u2022 rahitismul;<br \/>\n\u2022 bolile pulmonare.<\/p>\n<p>2. Deformarea \u00eenn\u0103scut\u0103 poate avea urm\u0103toarele forme:<br \/>\n\u2022 plat\u0103;<br \/>\n\u2022 \u00een form\u0103 de p\u00e2lnie;<br \/>\n\u2022 \u00een form\u0103 de chil\u0103.<\/p>\n<p>Majoritatea cazurilor a maladiei date se caracterizeaz\u0103 prin dezvoltarea deform\u0103rii date sub form\u0103 de p\u00e2lnie care se manifest\u0103 prin indentarea. Osului din piept \u00een coloana vertebral\u0103. Deformarea sub form\u0103 de p\u00e2lnie din punct de vedere vizual este v\u0103zut\u0103 ca o ad\u00e2ncire a p\u0103r\u021bii superioare a peretelui abdominal \u0219i a p\u0103r\u021bii inferioare a sternului.<br \/>\nP\u0103r\u021bile laterale ale acestei depresiuni constau din cartilagii nervoase care sunt situate sub un unghi drept. Astfel pieptul este extins, iar \u00eendoirea sec\u021biunii toracice este \u0441onsiderabil observat\u0103 din punct de vedere vizual.<\/p>\n<h3>Cauzele apari\u021biei<\/h3>\n<p>Cauzele apari\u021biei deform\u0103rii cutiei toracice sub form\u0103 de p\u00e2lnie o constituie dezvoltarea patologic\u0103 a cartilagiului osos \u0219i a diafragmei.Aceast\u0103 deformare nu este doar un defect cosmetic, ci \u0219i o stare c\u0103reia ar trebui s\u0103-i acord\u0103m o aten\u021bie deosebit\u0103. Dezvoltarea necorespunz\u0103toare a sternului poate provoca comprimarea \u0219i deplasarea organelor interne \u0219i drept urmare a acestui fapt pot ap\u0103rea perturb\u0103ri \u00een func\u021bionarea acestora. De asemenea \u00een cazul dat e posibil\u0103 sc\u0103derea indicelui maxim al tensiunii arteriale \u0219i m\u0103rirea indicelui minim la fel adesea se m\u0103re\u0219te \u0219i tensiunea \u00een venele mari.<\/p>\n<p>La stadiul incipient de dezvoltare a maladiei copilul se simte normal \u00eens\u0103 cu timpul deformarea \u00eencepe s\u0103 se dezvolte mai acut. Aceasta se manifest\u0103 prin faptul c\u0103 apar \u00eent\u00e2rzieri \u00een dezvoltarea fizic\u0103, tulbur\u0103ri ale sistemului vegetativ \u0219i perturb\u0103ri \u00een func\u021bionarea pl\u0103m\u00e2nilor.<\/p>\n<p>Piscul acestei boli se manifest\u0103 la v\u00e2rsta de trei ani. Deformarea sub form\u0103 de p\u00e2lnie este clasificat\u0103 \u00een func\u021bie de m\u0103rimea p\u00e2lniei \u0219i de simetria form\u0103rii. \u00cen dependen\u021b\u0103 de m\u0103rimea p\u00e2lniei depinde dinamica de schimbare a locului inimii \u00een o m\u0103sur\u0103 mai mare sau mai mic\u0103.<\/p>\n<p>Exist\u0103 trei grade de ad\u00e2ncime a p\u00e2lniei:<br \/>\n\u2022 gradul unu \u2013 p\u00e2n\u0103 la doi centimetri (f\u0103r\u0103 deplasarea inimii);<br \/>\n\u2022 gradul doi \u2013 p\u00e2n\u0103 la patru centimetri (inima poate fi deplasat\u0103 lateral cu trei centimetri);<br \/>\n\u2022 gradul trei \u2013 mai mult de patru centimetri (inima poate fi deplasat\u0103 la mai mult de trei centimetri distan\u021b\u0103).<\/p>\n<p>\u00cen func\u021bie de starea pacientului \u0219i de procesul de dezvoltare al maladiei \u00een cauz\u0103 putem distinge urm\u0103toarele stadii:<br \/>\n\u2022 de compensare;<br \/>\n\u2022 de decompensare;<br \/>\n\u2022 de subcompensare.<\/p>\n<h3>Tratare<\/h3>\n<p>Tratarea prin intermediul metodelor conservative a deform\u0103rii sub form\u0103 de p\u00e2lnie este posibil\u0103 numai atunci c\u00e2nd se manifest\u0103 primul grad de dezvoltare al acestei boli \u0219i ea la r\u00e2ndul s\u0103u nu va permite dezvoltarea celorlalte stadii. Asemenea tratament const\u0103 din:<br \/>\n\u2022 gimnastic\u0103 special\u0103;<br \/>\n\u2022 practicarea sportului ca: \u00eenotul, canotajul, baschetul.<\/p>\n<p>Ceea ce \u021bine de stadiul doi \u0219i trei al maladiei \u00een cauz\u0103 \u00een cazul dat se prescrie un tratament prin intermediul interven\u021biei chirurgicale. Interven\u021bia \u00een cauz\u0103 este prescris\u0103 unui copil care cuprinde v\u00e2rsta de la trei p\u00e2n\u0103 la paisprezece ani. \u00cenainte de interven\u021bie copilul trebuie neap\u0103rat examinat cu scopul ca s\u0103 se depisteze acele maladii care au provocat procesul de deformare.<br \/>\n\u00cenainte de efectuarea interven\u021biei se necesit\u0103 realizarea unui tratament prin intermediul metodei conservative.<br \/>\nChirurgia contemporan\u0103 ne propune mai mult de dou\u0103zeci de modalit\u0103\u021bi de realizare a interven\u021biei respective. Cea mai frecvent\u0103 interven\u021bie este a\u0219a nmita interven\u021bie Lexer care const\u0103 din urm\u0103toarele: se taie sternul de la nervuri de la nivelul \u021besuturilor cartilaginoase \u00een jurul axei sale \u0219i apoi se coase prin a\u0219a numita metod\u0103 \u201edin afar\u0103\u201e. Apoi se realizeaz\u0103 rezec\u021bia doar a unei p\u0103r\u021bi din articula\u021biile cartilaginoase ale coastelor urmat\u0103 de tragerea cutiei toracice.<\/p>\n<h3>Deformarea \u00een form\u0103 de chil\u0103<\/h3>\n<p>Aceast\u0103 form\u0103 mai este numit\u0103 \u0219i piept de pui. Asemenea form\u0103 se caracterizeaz\u0103 prin cre\u0219terea dimensiunii antero-posterioare a sternului. Toracele iese \u00een fa\u021b\u0103 \u0219i coastele sunt ata\u0219ate sub un unghi ascu\u021bit. Din punct de vedere vizual aceast\u0103 deforma\u021bie arat\u0103 ca un piept de pui sau ca fundul unei b\u0103rci r\u0103sturnate.<\/p>\n<p>Acest tip de deformare foarte rar este \u00eenn\u0103scut\u0103 mai des ea apare \u00een urma tuberculozei coloanei vertebrale, rahitismului sau a altor boli. La aceast\u0103 form\u0103 de deformare practic nu au fost diagnosticate tulbur\u0103ri \u00een func\u021bionarea organelor interne.<\/p>\n<h3>Tratamentul deform\u0103rii formei de fisur\u0103<\/h3>\n<p>\u00cen primul r\u00e2nd se necesit\u0103 tratarea bolii subiacente. Metodele de tratare a acestei patologii includ:<br \/>\n\u2022 fizioterapiile;<br \/>\n\u2022 exerci\u021biile terapeutice;<br \/>\n\u2022 \u00eenotul.<\/p>\n<p>\u00cen cazul \u00een care starea pacientului se \u00eenr\u0103ut\u0103\u021be\u0219te \u0219i se manifest\u0103 tulbur\u0103ri \u00een func\u021bionarea sistemului cardiovascular se recomand\u0103 realizarea unei interven\u021bii chirurgicale de toracoplastie &#8211; plastic\u0103 pe stern.<\/p>\n","protected":false},"excerpt":{"rendered":"<p>Deformarea cutiei toracice este de dou\u0103 tipuri: 1. Deformarea dob\u00e2ndit\u0103 apare pe fundalul dezvolt\u0103rii unor astfel de boli cum ar fi: \u2022 tuberculoza; \u2022 traumatisme ale cutiei toracice; \u2022 rahitismul; \u2022 bolile pulmonare. 2. Deformarea \u00eenn\u0103scut\u0103 poate avea urm\u0103toarele forme: \u2022 plat\u0103; \u2022 \u00een form\u0103 de p\u00e2lnie; \u2022 \u00een form\u0103 de chil\u0103. Majoritatea cazurilor a [&hellip;]<\/p>\n","protected":false},"author":28,"featured_media":0,"parent":52975,"menu_order":0,"comment_status":"closed","ping_status":"closed","template":"","meta":{"inline_featured_image":false,"footnotes":""},"class_list":["post-63465","page","type-page","status-publish"],"yoast_head":"<!-- This site is optimized with the Yoast SEO plugin v27.3 - https:\/\/yoast.com\/product\/yoast-seo-wordpress\/ -->\n<title>Deform\u0103ri ale cutiei toracice<\/title>\n<meta name=\"description\" content=\"Majoritatea cazurilor a maladiei date se caracterizeaz\u0103 prin dezvoltarea deform\u0103rii date sub form\u0103 de p\u00e2lnie care se manifest\u0103 prin indentarea.\" \/>\n<meta name=\"robots\" content=\"index, follow, max-snippet:-1, max-image-preview:large, max-video-preview:-1\" \/>\n<link rel=\"canonical\" href=\"https:\/\/sanatate.md\/ro\/boli-si-tratament\/boli-ale-sistemului-musculo-scheletic-traumatisme\/deformari-ale-cutiei-toracice\/\" \/>\n<meta property=\"og:locale\" content=\"ro_RO\" \/>\n<meta property=\"og:type\" content=\"article\" \/>\n<meta property=\"og:title\" content=\"Deform\u0103ri ale cutiei toracice\" \/>\n<meta property=\"og:description\" content=\"Majoritatea cazurilor a maladiei date se caracterizeaz\u0103 prin dezvoltarea deform\u0103rii date sub form\u0103 de p\u00e2lnie care se manifest\u0103 prin indentarea.\" \/>\n<meta property=\"og:url\" content=\"https:\/\/sanatate.md\/ro\/boli-si-tratament\/boli-ale-sistemului-musculo-scheletic-traumatisme\/deformari-ale-cutiei-toracice\/\" \/>\n<meta property=\"og:site_name\" content=\"Sanatate.md\" \/>\n<meta name=\"twitter:card\" content=\"summary_large_image\" \/>\n<meta name=\"twitter:label1\" content=\"Timp estimat pentru citire\" \/>\n\t<meta name=\"twitter:data1\" content=\"4 minute\" \/>\n<script type=\"application\/ld+json\" class=\"yoast-schema-graph\">{\"@context\":\"https:\\\/\\\/schema.org\",\"@graph\":[{\"@type\":\"WebPage\",\"@id\":\"https:\\\/\\\/sanatate.md\\\/ro\\\/boli-si-tratament\\\/boli-ale-sistemului-musculo-scheletic-traumatisme\\\/deformari-ale-cutiei-toracice\\\/\",\"url\":\"https:\\\/\\\/sanatate.md\\\/ro\\\/boli-si-tratament\\\/boli-ale-sistemului-musculo-scheletic-traumatisme\\\/deformari-ale-cutiei-toracice\\\/\",\"name\":\"Deform\u0103ri ale cutiei toracice\",\"isPartOf\":{\"@id\":\"https:\\\/\\\/sanatate.md\\\/ro\\\/#website\"},\"datePublished\":\"2018-07-31T09:51:53+00:00\",\"description\":\"Majoritatea cazurilor a maladiei date se caracterizeaz\u0103 prin dezvoltarea deform\u0103rii date sub form\u0103 de p\u00e2lnie care se manifest\u0103 prin indentarea.\",\"breadcrumb\":{\"@id\":\"https:\\\/\\\/sanatate.md\\\/ro\\\/boli-si-tratament\\\/boli-ale-sistemului-musculo-scheletic-traumatisme\\\/deformari-ale-cutiei-toracice\\\/#breadcrumb\"},\"inLanguage\":\"ro-RO\",\"potentialAction\":[{\"@type\":\"ReadAction\",\"target\":[\"https:\\\/\\\/sanatate.md\\\/ro\\\/boli-si-tratament\\\/boli-ale-sistemului-musculo-scheletic-traumatisme\\\/deformari-ale-cutiei-toracice\\\/\"]}]},{\"@type\":\"BreadcrumbList\",\"@id\":\"https:\\\/\\\/sanatate.md\\\/ro\\\/boli-si-tratament\\\/boli-ale-sistemului-musculo-scheletic-traumatisme\\\/deformari-ale-cutiei-toracice\\\/#breadcrumb\",\"itemListElement\":[{\"@type\":\"ListItem\",\"position\":1,\"name\":\"\u0413\u043b\u0430\u0432\u043d\u0430\u044f \u0441\u0442\u0440\u0430\u043d\u0438\u0446\u0430\",\"item\":\"https:\\\/\\\/sanatate.md\\\/ro\\\/\"},{\"@type\":\"ListItem\",\"position\":2,\"name\":\"Boli si tratament\",\"item\":\"https:\\\/\\\/sanatate.md\\\/ro\\\/boli-si-tratament\\\/\"},{\"@type\":\"ListItem\",\"position\":3,\"name\":\"Boli ale sistemului musculo-scheletic, traumatisme\",\"item\":\"https:\\\/\\\/sanatate.md\\\/ro\\\/boli-si-tratament\\\/boli-ale-sistemului-musculo-scheletic-traumatisme\\\/\"},{\"@type\":\"ListItem\",\"position\":4,\"name\":\"Deform\u0103ri ale cutiei toracice\"}]},{\"@type\":\"WebSite\",\"@id\":\"https:\\\/\\\/sanatate.md\\\/ro\\\/#website\",\"url\":\"https:\\\/\\\/sanatate.md\\\/ro\\\/\",\"name\":\"Sanatate.md\",\"description\":\"\u0416\u0443\u0440\u043d\u0430\u043b \u0434\u043b\u044f \u0432\u0441\u0435\u0439 \u0441\u0435\u043c\u044c\u0438 \u0432 \u041c\u043e\u043b\u0434\u043e\u0432\u0435\",\"publisher\":{\"@id\":\"https:\\\/\\\/sanatate.md\\\/ro\\\/#organization\"},\"potentialAction\":[{\"@type\":\"SearchAction\",\"target\":{\"@type\":\"EntryPoint\",\"urlTemplate\":\"https:\\\/\\\/sanatate.md\\\/ro\\\/?s={search_term_string}\"},\"query-input\":{\"@type\":\"PropertyValueSpecification\",\"valueRequired\":true,\"valueName\":\"search_term_string\"}}],\"inLanguage\":\"ro-RO\"},{\"@type\":\"Organization\",\"@id\":\"https:\\\/\\\/sanatate.md\\\/ro\\\/#organization\",\"name\":\"SANATATE\",\"url\":\"https:\\\/\\\/sanatate.md\\\/ro\\\/\",\"logo\":{\"@type\":\"ImageObject\",\"inLanguage\":\"ro-RO\",\"@id\":\"https:\\\/\\\/sanatate.md\\\/ro\\\/#\\\/schema\\\/logo\\\/image\\\/\",\"url\":\"https:\\\/\\\/sanatate.md\\\/wp-content\\\/uploads\\\/2022\\\/01\\\/sanatate-logo.svg\",\"contentUrl\":\"https:\\\/\\\/sanatate.md\\\/wp-content\\\/uploads\\\/2022\\\/01\\\/sanatate-logo.svg\",\"width\":\"1024\",\"height\":\"1024\",\"caption\":\"SANATATE\"},\"image\":{\"@id\":\"https:\\\/\\\/sanatate.md\\\/ro\\\/#\\\/schema\\\/logo\\\/image\\\/\"}}]}<\/script>\n<!-- \/ Yoast SEO plugin. -->","yoast_head_json":{"title":"Deform\u0103ri ale cutiei toracice","description":"Majoritatea cazurilor a maladiei date se caracterizeaz\u0103 prin dezvoltarea deform\u0103rii date sub form\u0103 de p\u00e2lnie care se manifest\u0103 prin indentarea.","robots":{"index":"index","follow":"follow","max-snippet":"max-snippet:-1","max-image-preview":"max-image-preview:large","max-video-preview":"max-video-preview:-1"},"canonical":"https:\/\/sanatate.md\/ro\/boli-si-tratament\/boli-ale-sistemului-musculo-scheletic-traumatisme\/deformari-ale-cutiei-toracice\/","og_locale":"ro_RO","og_type":"article","og_title":"Deform\u0103ri ale cutiei toracice","og_description":"Majoritatea cazurilor a maladiei date se caracterizeaz\u0103 prin dezvoltarea deform\u0103rii date sub form\u0103 de p\u00e2lnie care se manifest\u0103 prin indentarea.","og_url":"https:\/\/sanatate.md\/ro\/boli-si-tratament\/boli-ale-sistemului-musculo-scheletic-traumatisme\/deformari-ale-cutiei-toracice\/","og_site_name":"Sanatate.md","twitter_card":"summary_large_image","twitter_misc":{"Timp estimat pentru citire":"4 minute"},"schema":{"@context":"https:\/\/schema.org","@graph":[{"@type":"WebPage","@id":"https:\/\/sanatate.md\/ro\/boli-si-tratament\/boli-ale-sistemului-musculo-scheletic-traumatisme\/deformari-ale-cutiei-toracice\/","url":"https:\/\/sanatate.md\/ro\/boli-si-tratament\/boli-ale-sistemului-musculo-scheletic-traumatisme\/deformari-ale-cutiei-toracice\/","name":"Deform\u0103ri ale cutiei toracice","isPartOf":{"@id":"https:\/\/sanatate.md\/ro\/#website"},"datePublished":"2018-07-31T09:51:53+00:00","description":"Majoritatea cazurilor a maladiei date se caracterizeaz\u0103 prin dezvoltarea deform\u0103rii date sub form\u0103 de p\u00e2lnie care se manifest\u0103 prin indentarea.","breadcrumb":{"@id":"https:\/\/sanatate.md\/ro\/boli-si-tratament\/boli-ale-sistemului-musculo-scheletic-traumatisme\/deformari-ale-cutiei-toracice\/#breadcrumb"},"inLanguage":"ro-RO","potentialAction":[{"@type":"ReadAction","target":["https:\/\/sanatate.md\/ro\/boli-si-tratament\/boli-ale-sistemului-musculo-scheletic-traumatisme\/deformari-ale-cutiei-toracice\/"]}]},{"@type":"BreadcrumbList","@id":"https:\/\/sanatate.md\/ro\/boli-si-tratament\/boli-ale-sistemului-musculo-scheletic-traumatisme\/deformari-ale-cutiei-toracice\/#breadcrumb","itemListElement":[{"@type":"ListItem","position":1,"name":"\u0413\u043b\u0430\u0432\u043d\u0430\u044f \u0441\u0442\u0440\u0430\u043d\u0438\u0446\u0430","item":"https:\/\/sanatate.md\/ro\/"},{"@type":"ListItem","position":2,"name":"Boli si tratament","item":"https:\/\/sanatate.md\/ro\/boli-si-tratament\/"},{"@type":"ListItem","position":3,"name":"Boli ale sistemului musculo-scheletic, traumatisme","item":"https:\/\/sanatate.md\/ro\/boli-si-tratament\/boli-ale-sistemului-musculo-scheletic-traumatisme\/"},{"@type":"ListItem","position":4,"name":"Deform\u0103ri ale cutiei toracice"}]},{"@type":"WebSite","@id":"https:\/\/sanatate.md\/ro\/#website","url":"https:\/\/sanatate.md\/ro\/","name":"Sanatate.md","description":"\u0416\u0443\u0440\u043d\u0430\u043b \u0434\u043b\u044f \u0432\u0441\u0435\u0439 \u0441\u0435\u043c\u044c\u0438 \u0432 \u041c\u043e\u043b\u0434\u043e\u0432\u0435","publisher":{"@id":"https:\/\/sanatate.md\/ro\/#organization"},"potentialAction":[{"@type":"SearchAction","target":{"@type":"EntryPoint","urlTemplate":"https:\/\/sanatate.md\/ro\/?s={search_term_string}"},"query-input":{"@type":"PropertyValueSpecification","valueRequired":true,"valueName":"search_term_string"}}],"inLanguage":"ro-RO"},{"@type":"Organization","@id":"https:\/\/sanatate.md\/ro\/#organization","name":"SANATATE","url":"https:\/\/sanatate.md\/ro\/","logo":{"@type":"ImageObject","inLanguage":"ro-RO","@id":"https:\/\/sanatate.md\/ro\/#\/schema\/logo\/image\/","url":"https:\/\/sanatate.md\/wp-content\/uploads\/2022\/01\/sanatate-logo.svg","contentUrl":"https:\/\/sanatate.md\/wp-content\/uploads\/2022\/01\/sanatate-logo.svg","width":"1024","height":"1024","caption":"SANATATE"},"image":{"@id":"https:\/\/sanatate.md\/ro\/#\/schema\/logo\/image\/"}}]}},"_links":{"self":[{"href":"https:\/\/sanatate.md\/ro\/wp-json\/wp\/v2\/pages\/63465","targetHints":{"allow":["GET"]}}],"collection":[{"href":"https:\/\/sanatate.md\/ro\/wp-json\/wp\/v2\/pages"}],"about":[{"href":"https:\/\/sanatate.md\/ro\/wp-json\/wp\/v2\/types\/page"}],"author":[{"embeddable":true,"href":"https:\/\/sanatate.md\/ro\/wp-json\/wp\/v2\/users\/28"}],"replies":[{"embeddable":true,"href":"https:\/\/sanatate.md\/ro\/wp-json\/wp\/v2\/comments?post=63465"}],"version-history":[{"count":0,"href":"https:\/\/sanatate.md\/ro\/wp-json\/wp\/v2\/pages\/63465\/revisions"}],"up":[{"embeddable":true,"href":"https:\/\/sanatate.md\/ro\/wp-json\/wp\/v2\/pages\/52975"}],"wp:attachment":[{"href":"https:\/\/sanatate.md\/ro\/wp-json\/wp\/v2\/media?parent=63465"}],"curies":[{"name":"wp","href":"https:\/\/api.w.org\/{rel}","templated":true}]}}