{"id":64418,"date":"2018-08-20T15:36:03","date_gmt":"2018-08-20T12:36:03","guid":{"rendered":"https:\/\/sanatate.md\/?page_id=64418"},"modified":"2018-08-20T15:36:03","modified_gmt":"2018-08-20T12:36:03","slug":"trichomonaza","status":"publish","type":"page","link":"https:\/\/sanatate.md\/ro\/boli-si-tratament\/boli-venerice\/trichomonaza\/","title":{"rendered":"Trichomonaza"},"content":{"rendered":"<p>Trichomonaza este o maladie a unui grup infec\u021bios cu procese inflamatorii. Boala este transmis\u0103 \u00een majoritatea cazurilor sexual. Agentul este trichomonas, care, dac\u0103 este ingerat, provoac\u0103 inflama\u021bie \u00een sistemul urogenital.<\/p>\n<p>La \u00eenceputul secolului XX, medicii au descris trichomonaza ca o boal\u0103 transmis\u0103 \u00een timpul actului sexual. P\u00e2n\u0103 \u00een prezent aceast\u0103 boal\u0103, \u00een func\u021bie de frecven\u021ba diagnosticului, a dep\u0103\u0219it gonoreea \u0219i sifilisul. Potrivit datelor statistice, aproximativ 300 de milioane de oameni sufer\u0103 de aceast\u0103 maladie \u00een fiecare an.<\/p>\n<h3>Transmiterea \u0219i caracteristicile bolii la b\u0103rba\u021bi<\/h3>\n<p>Conform cercet\u0103rilor medicale, practic \u00een timpul sexului oral sau anal nu se transmite infec\u021bia. Trichomonas \u00ee\u015fi poate continua ciclul de via\u021b\u0103 \u0219i \u00een afara corpului uman \u00een condi\u021bii de umiditate, fapt care permite posibilitatea de a lua trichomonaza, de exemplu, folosind prosoape umede sau bure\u021bi utiliza\u0163i de c\u0103tre pacient.<\/p>\n<p>Perioada de incuba\u021bie dureaz\u0103 \u00eentre 7 \u0219i 28 de zile. Trichomonas, care nimere\u015fte \u00een organismul b\u0103rbatului, cu ajutorul ventuzelor se prinde \u00een uretr\u0103 sau \u00een organele sistemului de reproducere \u0219i \u00eencepe faza de \u00eenmul\u0163ire activ\u0103. La un num\u0103r mare de trichomonaze, \u00eencepe deteriorarea conexiunilor celulare ale corpului.<\/p>\n<p>La b\u0103rba\u021bi se inflameaz\u0103 uretra \u0219i glanda prostatic\u0103. Astfel se dezvolt\u0103 uretrita \u0219i prostatita. Principalul pericol al acestei boli pentru b\u0103rba\u021bi este faptul c\u0103, de regul\u0103, trichomonaza poate s\u0103 apar\u0103 f\u0103r\u0103 simptome. Dar dac\u0103 \u00een timpul urin\u0103rii persoana simte durere sau senza\u021bie de arsur\u0103, ar trebui s\u0103 consulte un medic \u0219i s\u0103 fac\u0103 testele necesare. Trichomonasisul poate duce la infertilitate masculin\u0103, deoarece trichomonazele au capacitatea de a se alimenta cu micronutrien\u021bii din spermatozoizi.<\/p>\n<p>Trichomonazele sunt capabile s\u0103 re\u021bin\u0103 al\u0103turi microorganismele gonococi \u0219i treponeme, care produc gonoree \u0219i sifilis. Aceast\u0103 vecin\u0103tate duce la faptul, c\u0103 bacteriile devin absolut inaccesibile medicamentelor puternice. Aceasta \u00eenseamn\u0103 c\u0103, dac\u0103 pacientul nu scap\u0103 de trichomonaze, nu pot fi vindecate \u015fi alte boli cu transmitere sexual\u0103.<\/p>\n<h3>Cauzele<\/h3>\n<p>Cauzele apari\u021biei:<br \/>\n\u2022 rela\u021bii sexuale \u00eent\u00e2mpl\u0103toare;<br \/>\n\u2022 absen\u021ba contraceptivelor \u00een timpul actului sexual;<br \/>\n\u2022 utilizarea produselor de igien\u0103 ale altor persoane;<br \/>\n\u2022 vizitarea b\u0103ilor comune \u0219i a locurilor sanitare.<\/p>\n<h3>Simptomele<\/h3>\n<p>\u00cen majoritatea cazurilor trichomonaza decurge f\u0103r\u0103 simptome sau are semne \u0219terse.<br \/>\nSemnele caracteristice:<br \/>\n\u2022 secre\u021bii spumoase sau purulente de culoare gri-verde cu miros nepl\u0103cut din uretr\u0103;<br \/>\n\u2022 senza\u021bie de durere, arsur\u0103 la urinare;<br \/>\n\u2022 o u\u0219oar\u0103 cre\u0219tere a temperaturii corpului \u00een limitele de 37 de grade;<br \/>\n\u2022 stare general\u0103 sl\u0103bit\u0103.<br \/>\nIntensitatea secre\u0163iei \u00een cele mai multe cazuri este observat\u0103 \u00een stadiul ini\u021bial al bolii, iar apoi poate disp\u0103rea, \u00eens\u0103 aceasta nu \u00eenseamn\u0103 c\u0103 a avut loc recuperarea. Boala poate duce la trichomonie cronic\u0103, iar \u00een forme mai neglijate se poate dezvolta prostatita.<\/p>\n<h3>Diagnosticarea<\/h3>\n<p>Metodele de diagnostic:<br \/>\n\u2022 colectarea \u0219i analiza manifest\u0103rilor clinice;<br \/>\n\u2022 examin\u0103ri generale, urologice, ginecologice, care vor permite determinarea simptomatologiei \u0219i a prezen\u021bei proceselor inflamatorii;<br \/>\n\u2022 diagnosticul PCR, care permite identificarea genelor trichomonas \u00een secre\u021biile vaginale, precum \u0219i secre\u021biile din cervical \u0219i uretr\u0103.<\/p>\n<p>Analizele:<br \/>\n\u2022 un test imunosorbant, care va detecta anticorpi la bacteriile trichomonazelor din s\u00e2nge;<br \/>\n\u2022 analiza microscopic\u0103 a frotiurilor;<br \/>\n\u2022 cultura bacterian\u0103 cu detectarea rezisten\u021bei bacteriene la antibiotice.<\/p>\n<h3>Formele<\/h3>\n<p>\u00cen func\u021bie de momentul infect\u0103rii, trichomonaza se clasific\u0103 dup\u0103 formele:<br \/>\n\u2022 proasp\u0103t\u0103 (p\u00e2n\u0103 la 2 luni);<br \/>\n\u2022 cronic\u0103 (peste 2 luni).<\/p>\n<p>Trichomonaza de form\u0103 proasp\u0103t\u0103 poate avea subspeciile:<br \/>\n\u2022 Trichomonaz\u0103 acut\u0103, caracterizat\u0103 prin simptome pronun\u021bate;<br \/>\n\u2022 subacut\u0103 &#8211; cu semne mai pu\u021bin semnificative ale bolii;<br \/>\n\u2022 cronic\u0103 &#8211; cu simptomatologie u\u0219oar\u0103.<\/p>\n<p>Trichomonasul de form\u0103 cronic\u0103 poate fi necomplicat \u0219i complicat.<\/p>\n<h3>Tratamentul<\/h3>\n<p>La manifestarea primelor semne ale bolii &#8212; consulta\u021bi un specialist. De asemenea, se recomand\u0103 efectuarea unui examen dup\u0103 un act sexual neprotejat.<\/p>\n<p>Dac\u0103 au trecut mai pu\u021bin de dou\u0103 luni de la momentul infec\u021biei, sunt prescrise medicamentele din grupul antiprotozoic. La trecerea bolii \u00een form\u0103 cronic\u0103 se recomand\u0103 un curs medical, stabilit dup\u0103 imunostimulare.<\/p>\n<p>\u00cen general, tratamentul bolii se efectueaz\u0103 cu ajutorul unor medicamente specifice. Cursul de tratament ar trebui s\u0103 fie urmat de ambii parteneri. \u00cen timpul cursului terapeutic este necesar s\u0103 se ab\u021bin\u0103 de la acte sexuale \u0219i de la consumul de alcool. Tratamentul este prescris pentru toate formele \u0219i tipurile de trachomonie.<br \/>\nParalel cu medicamente de tratament sistemic trebuie utiliza\u0163i \u0219i agen\u021bii locali, de exemplu, introducerea in uretr\u0103 a anumitor medicamente. Pentru a testa eficacitatea tratamentului se recomand\u0103 s\u0103 efectueze un control de laborator de diagnostic dup\u0103 14 zile de la \u00eenceperea cursului tratamentului.<\/p>\n<h3>Consecin\u021bele bolii<\/h3>\n<p>\u00cen cazul c\u00e2nd tratamentul e \u00eent\u00e2rziat sau \u00een genere nu a fost \u00eenceput trihomonaza poate duce la mai multe complica\u021bii:<br \/>\n\u2022 procese inflamatorii \u00een glanda prostatic\u0103;<br \/>\n\u2022 balanit\u0103;<br \/>\n\u2022 orhit\u0103;<br \/>\n\u2022 procese inflamatorii \u00een testicule.<\/p>\n<h3>M\u0103surile de profilaxie<\/h3>\n<p>Prevenirea bolii respective:<br \/>\n\u2022 excluderea posibilit\u0103\u021bii de participare la acte sexuale ocazionale, inclusiv rela\u021bii sexuale cu prostituate, dependen\u021bi de droguri, precum \u0219i cu oameni, care au via\u021ba sexual\u0103 neconven\u021bional\u0103 (transvesti\u0163i, gay, lesbiene);<br \/>\n\u2022 utilizarea contraceptivelor \u00een timpul actului sexual;<br \/>\n\u2022 respectarea igienei personale;<br \/>\n\u2022 analizele de laborator ale ambilor parteneri sexuali pentru prezen\u021ba infec\u021biilor cu transmitere sexual\u0103;<br \/>\n\u2022 Consultarea unui urolog cel pu\u021bin o dat\u0103 pe an.<\/p>\n<p>M\u0103sura principal\u0103 de prevenire a oric\u0103rei boli cu transmitere sexual\u0103 este fidelitatea partenerilor sexuali.<\/p>\n","protected":false},"excerpt":{"rendered":"<p>Trichomonaza este o maladie a unui grup infec\u021bios cu procese inflamatorii. Boala este transmis\u0103 \u00een majoritatea cazurilor sexual. Agentul este trichomonas, care, dac\u0103 este ingerat, provoac\u0103 inflama\u021bie \u00een sistemul urogenital. La \u00eenceputul secolului XX, medicii au descris trichomonaza ca o boal\u0103 transmis\u0103 \u00een timpul actului sexual. P\u00e2n\u0103 \u00een prezent aceast\u0103 boal\u0103, \u00een func\u021bie de frecven\u021ba [&hellip;]<\/p>\n","protected":false},"author":28,"featured_media":0,"parent":43639,"menu_order":0,"comment_status":"closed","ping_status":"closed","template":"","meta":{"inline_featured_image":false,"footnotes":""},"class_list":["post-64418","page","type-page","status-publish"],"yoast_head":"<!-- This site is optimized with the Yoast SEO plugin v27.3 - https:\/\/yoast.com\/product\/yoast-seo-wordpress\/ -->\n<title>Trichomonaza: \u0441auzele, simptomele \u0219i tratament<\/title>\n<meta name=\"description\" content=\"Trichomonaza este o maladie a unui grup infec\u021bios cu procese inflamatorii. Boala este transmis\u0103 \u00een majoritatea cazurilor sexual.\" \/>\n<meta name=\"robots\" content=\"index, follow, max-snippet:-1, max-image-preview:large, max-video-preview:-1\" \/>\n<link rel=\"canonical\" href=\"https:\/\/sanatate.md\/ro\/boli-si-tratament\/boli-venerice\/trichomonaza\/\" \/>\n<meta property=\"og:locale\" content=\"ro_RO\" \/>\n<meta property=\"og:type\" content=\"article\" \/>\n<meta property=\"og:title\" content=\"Trichomonaza: \u0441auzele, simptomele \u0219i tratament\" \/>\n<meta property=\"og:description\" content=\"Trichomonaza este o maladie a unui grup infec\u021bios cu procese inflamatorii. Boala este transmis\u0103 \u00een majoritatea cazurilor sexual.\" \/>\n<meta property=\"og:url\" content=\"https:\/\/sanatate.md\/ro\/boli-si-tratament\/boli-venerice\/trichomonaza\/\" \/>\n<meta property=\"og:site_name\" content=\"Sanatate.md\" \/>\n<meta name=\"twitter:card\" content=\"summary_large_image\" \/>\n<meta name=\"twitter:label1\" content=\"Timp estimat pentru citire\" \/>\n\t<meta name=\"twitter:data1\" content=\"4 minute\" \/>\n<script type=\"application\/ld+json\" class=\"yoast-schema-graph\">{\"@context\":\"https:\\\/\\\/schema.org\",\"@graph\":[{\"@type\":\"WebPage\",\"@id\":\"https:\\\/\\\/sanatate.md\\\/ro\\\/boli-si-tratament\\\/boli-venerice\\\/trichomonaza\\\/\",\"url\":\"https:\\\/\\\/sanatate.md\\\/ro\\\/boli-si-tratament\\\/boli-venerice\\\/trichomonaza\\\/\",\"name\":\"Trichomonaza: \u0441auzele, simptomele \u0219i tratament\",\"isPartOf\":{\"@id\":\"https:\\\/\\\/sanatate.md\\\/ro\\\/#website\"},\"datePublished\":\"2018-08-20T12:36:03+00:00\",\"description\":\"Trichomonaza este o maladie a unui grup infec\u021bios cu procese inflamatorii. Boala este transmis\u0103 \u00een majoritatea cazurilor sexual.\",\"breadcrumb\":{\"@id\":\"https:\\\/\\\/sanatate.md\\\/ro\\\/boli-si-tratament\\\/boli-venerice\\\/trichomonaza\\\/#breadcrumb\"},\"inLanguage\":\"ro-RO\",\"potentialAction\":[{\"@type\":\"ReadAction\",\"target\":[\"https:\\\/\\\/sanatate.md\\\/ro\\\/boli-si-tratament\\\/boli-venerice\\\/trichomonaza\\\/\"]}]},{\"@type\":\"BreadcrumbList\",\"@id\":\"https:\\\/\\\/sanatate.md\\\/ro\\\/boli-si-tratament\\\/boli-venerice\\\/trichomonaza\\\/#breadcrumb\",\"itemListElement\":[{\"@type\":\"ListItem\",\"position\":1,\"name\":\"\u0413\u043b\u0430\u0432\u043d\u0430\u044f \u0441\u0442\u0440\u0430\u043d\u0438\u0446\u0430\",\"item\":\"https:\\\/\\\/sanatate.md\\\/ro\\\/\"},{\"@type\":\"ListItem\",\"position\":2,\"name\":\"Boli si tratament\",\"item\":\"https:\\\/\\\/sanatate.md\\\/ro\\\/boli-si-tratament\\\/\"},{\"@type\":\"ListItem\",\"position\":3,\"name\":\"Boli venerice\",\"item\":\"https:\\\/\\\/sanatate.md\\\/ro\\\/boli-si-tratament\\\/boli-venerice\\\/\"},{\"@type\":\"ListItem\",\"position\":4,\"name\":\"Trichomonaza\"}]},{\"@type\":\"WebSite\",\"@id\":\"https:\\\/\\\/sanatate.md\\\/ro\\\/#website\",\"url\":\"https:\\\/\\\/sanatate.md\\\/ro\\\/\",\"name\":\"Sanatate.md\",\"description\":\"\u0416\u0443\u0440\u043d\u0430\u043b \u0434\u043b\u044f \u0432\u0441\u0435\u0439 \u0441\u0435\u043c\u044c\u0438 \u0432 \u041c\u043e\u043b\u0434\u043e\u0432\u0435\",\"publisher\":{\"@id\":\"https:\\\/\\\/sanatate.md\\\/ro\\\/#organization\"},\"potentialAction\":[{\"@type\":\"SearchAction\",\"target\":{\"@type\":\"EntryPoint\",\"urlTemplate\":\"https:\\\/\\\/sanatate.md\\\/ro\\\/?s={search_term_string}\"},\"query-input\":{\"@type\":\"PropertyValueSpecification\",\"valueRequired\":true,\"valueName\":\"search_term_string\"}}],\"inLanguage\":\"ro-RO\"},{\"@type\":\"Organization\",\"@id\":\"https:\\\/\\\/sanatate.md\\\/ro\\\/#organization\",\"name\":\"SANATATE\",\"url\":\"https:\\\/\\\/sanatate.md\\\/ro\\\/\",\"logo\":{\"@type\":\"ImageObject\",\"inLanguage\":\"ro-RO\",\"@id\":\"https:\\\/\\\/sanatate.md\\\/ro\\\/#\\\/schema\\\/logo\\\/image\\\/\",\"url\":\"https:\\\/\\\/sanatate.md\\\/wp-content\\\/uploads\\\/2022\\\/01\\\/sanatate-logo.svg\",\"contentUrl\":\"https:\\\/\\\/sanatate.md\\\/wp-content\\\/uploads\\\/2022\\\/01\\\/sanatate-logo.svg\",\"width\":\"1024\",\"height\":\"1024\",\"caption\":\"SANATATE\"},\"image\":{\"@id\":\"https:\\\/\\\/sanatate.md\\\/ro\\\/#\\\/schema\\\/logo\\\/image\\\/\"}}]}<\/script>\n<!-- \/ Yoast SEO plugin. -->","yoast_head_json":{"title":"Trichomonaza: \u0441auzele, simptomele \u0219i tratament","description":"Trichomonaza este o maladie a unui grup infec\u021bios cu procese inflamatorii. Boala este transmis\u0103 \u00een majoritatea cazurilor sexual.","robots":{"index":"index","follow":"follow","max-snippet":"max-snippet:-1","max-image-preview":"max-image-preview:large","max-video-preview":"max-video-preview:-1"},"canonical":"https:\/\/sanatate.md\/ro\/boli-si-tratament\/boli-venerice\/trichomonaza\/","og_locale":"ro_RO","og_type":"article","og_title":"Trichomonaza: \u0441auzele, simptomele \u0219i tratament","og_description":"Trichomonaza este o maladie a unui grup infec\u021bios cu procese inflamatorii. Boala este transmis\u0103 \u00een majoritatea cazurilor sexual.","og_url":"https:\/\/sanatate.md\/ro\/boli-si-tratament\/boli-venerice\/trichomonaza\/","og_site_name":"Sanatate.md","twitter_card":"summary_large_image","twitter_misc":{"Timp estimat pentru citire":"4 minute"},"schema":{"@context":"https:\/\/schema.org","@graph":[{"@type":"WebPage","@id":"https:\/\/sanatate.md\/ro\/boli-si-tratament\/boli-venerice\/trichomonaza\/","url":"https:\/\/sanatate.md\/ro\/boli-si-tratament\/boli-venerice\/trichomonaza\/","name":"Trichomonaza: \u0441auzele, simptomele \u0219i tratament","isPartOf":{"@id":"https:\/\/sanatate.md\/ro\/#website"},"datePublished":"2018-08-20T12:36:03+00:00","description":"Trichomonaza este o maladie a unui grup infec\u021bios cu procese inflamatorii. Boala este transmis\u0103 \u00een majoritatea cazurilor sexual.","breadcrumb":{"@id":"https:\/\/sanatate.md\/ro\/boli-si-tratament\/boli-venerice\/trichomonaza\/#breadcrumb"},"inLanguage":"ro-RO","potentialAction":[{"@type":"ReadAction","target":["https:\/\/sanatate.md\/ro\/boli-si-tratament\/boli-venerice\/trichomonaza\/"]}]},{"@type":"BreadcrumbList","@id":"https:\/\/sanatate.md\/ro\/boli-si-tratament\/boli-venerice\/trichomonaza\/#breadcrumb","itemListElement":[{"@type":"ListItem","position":1,"name":"\u0413\u043b\u0430\u0432\u043d\u0430\u044f \u0441\u0442\u0440\u0430\u043d\u0438\u0446\u0430","item":"https:\/\/sanatate.md\/ro\/"},{"@type":"ListItem","position":2,"name":"Boli si tratament","item":"https:\/\/sanatate.md\/ro\/boli-si-tratament\/"},{"@type":"ListItem","position":3,"name":"Boli venerice","item":"https:\/\/sanatate.md\/ro\/boli-si-tratament\/boli-venerice\/"},{"@type":"ListItem","position":4,"name":"Trichomonaza"}]},{"@type":"WebSite","@id":"https:\/\/sanatate.md\/ro\/#website","url":"https:\/\/sanatate.md\/ro\/","name":"Sanatate.md","description":"\u0416\u0443\u0440\u043d\u0430\u043b \u0434\u043b\u044f \u0432\u0441\u0435\u0439 \u0441\u0435\u043c\u044c\u0438 \u0432 \u041c\u043e\u043b\u0434\u043e\u0432\u0435","publisher":{"@id":"https:\/\/sanatate.md\/ro\/#organization"},"potentialAction":[{"@type":"SearchAction","target":{"@type":"EntryPoint","urlTemplate":"https:\/\/sanatate.md\/ro\/?s={search_term_string}"},"query-input":{"@type":"PropertyValueSpecification","valueRequired":true,"valueName":"search_term_string"}}],"inLanguage":"ro-RO"},{"@type":"Organization","@id":"https:\/\/sanatate.md\/ro\/#organization","name":"SANATATE","url":"https:\/\/sanatate.md\/ro\/","logo":{"@type":"ImageObject","inLanguage":"ro-RO","@id":"https:\/\/sanatate.md\/ro\/#\/schema\/logo\/image\/","url":"https:\/\/sanatate.md\/wp-content\/uploads\/2022\/01\/sanatate-logo.svg","contentUrl":"https:\/\/sanatate.md\/wp-content\/uploads\/2022\/01\/sanatate-logo.svg","width":"1024","height":"1024","caption":"SANATATE"},"image":{"@id":"https:\/\/sanatate.md\/ro\/#\/schema\/logo\/image\/"}}]}},"_links":{"self":[{"href":"https:\/\/sanatate.md\/ro\/wp-json\/wp\/v2\/pages\/64418","targetHints":{"allow":["GET"]}}],"collection":[{"href":"https:\/\/sanatate.md\/ro\/wp-json\/wp\/v2\/pages"}],"about":[{"href":"https:\/\/sanatate.md\/ro\/wp-json\/wp\/v2\/types\/page"}],"author":[{"embeddable":true,"href":"https:\/\/sanatate.md\/ro\/wp-json\/wp\/v2\/users\/28"}],"replies":[{"embeddable":true,"href":"https:\/\/sanatate.md\/ro\/wp-json\/wp\/v2\/comments?post=64418"}],"version-history":[{"count":0,"href":"https:\/\/sanatate.md\/ro\/wp-json\/wp\/v2\/pages\/64418\/revisions"}],"up":[{"embeddable":true,"href":"https:\/\/sanatate.md\/ro\/wp-json\/wp\/v2\/pages\/43639"}],"wp:attachment":[{"href":"https:\/\/sanatate.md\/ro\/wp-json\/wp\/v2\/media?parent=64418"}],"curies":[{"name":"wp","href":"https:\/\/api.w.org\/{rel}","templated":true}]}}