{"id":64424,"date":"2018-08-20T15:51:08","date_gmt":"2018-08-20T12:51:08","guid":{"rendered":"https:\/\/sanatate.md\/?page_id=64424"},"modified":"2018-08-20T15:51:08","modified_gmt":"2018-08-20T12:51:08","slug":"trichotilomania","status":"publish","type":"page","link":"https:\/\/sanatate.md\/ro\/boli-si-tratament\/afectiuni-psihice\/trichotilomania\/","title":{"rendered":"Trichotilomania"},"content":{"rendered":"<p>Trichotilomania este o form\u0103 de tulburare mintal\u0103 \u0219i se manifesta \u00eentr-o dorin\u021b\u0103 obsesiv\u0103 de a-\u0219i scoate p\u0103rul. \u00cen majoritatea cazurilor, acest lucru afecteaz\u0103 zona capului \u0219i a fe\u021bei, \u00eens\u0103 exist\u0103 cazuri, c\u00e2nd persoana \u00ee\u0219i smulge p\u0103rul \u015fi \u00een alte locuri: pe piept, pe bra\u021be \u0219i picioare, \u00een regiunea axilar\u0103, pubian\u0103, perianal\u0103. Pacientul rupe p\u0103rul cu propriile sale unghii, pensete \u015fi alte dispozitive mecanice. Boala poate provoca pierderea complet\u0103 a p\u0103rului, deteriorarea pielii, infec\u021bia etc. Exper\u021bii cred, c\u0103 accesul apare adesea pe fondul stresului la persoanele dezechilibrate. B\u0103rba\u021bii bolesc de dou\u0103 ori mai rar dec\u00e2t femeile.<\/p>\n<p>Smulgerea p\u0103rului este adesea precedat\u0103 de o puternic\u0103 tensiune \u0219i dorin\u021b\u0103 emo\u021bional\u0103. Dup\u0103 ce a efectuat acest lucru, persoana simte o u\u0219urarea \u0219i un sentiment de satisfac\u021bie. De obicei, pacientul efectueaz\u0103 procedura atunci c\u00e2nd este singur, \u00een timp ce se uit\u0103 la televizor, cite\u0219te o carte sau revist\u0103, face o baie etc. Aceast\u0103 ocupa\u021bie poate fi rezultatul stresului sau depresiei, o stare proast\u0103, dar mul\u021bi pacien\u021bi \u00ee\u0219i pot rupe p\u0103rul, afl\u00e2ndu-se \u00eentr-o stare de tihn\u0103 absolut\u0103. Potrivit statisticilor, 10% dintre pacien\u021bi, dup\u0103 ce rup p\u0103rul, \u00eel m\u0103n\u00e2nc\u0103. Aceast\u0103 patologie dureroas\u0103 se nume\u0219te tricofagie \u0219i duce la formarea de cheaguri de p\u0103r \u00een stomac \u0219i intestine, care este rezultatul \u00eenfund\u0103rii lor \u0219i poate provoca moartea.<\/p>\n<p>Pacien\u021bii \u00eencearc\u0103 s\u0103 ascund\u0103 de cei din jur zonele afectate ale corpului &#8212; cu p\u0103l\u0103rii, e\u0219arfe, haine cu m\u00e2neci lungi. Trichotilomania genelor \u0219i spr\u00e2ncenelor este ascuns\u0103 de c\u0103tre pacien\u021bi. De multe ori ei recurg la restabilirea lor pe cale cosmetic\u0103, f\u0103c\u00e2nd tatuaj \u00een locul sprancenelor rupte.<\/p>\n<p>Termenul &#8220;trichotilomania&#8221; a fost folosit pentru prima dat\u0103 \u00een anul 1880 \u015fi boala a fost categorisit\u0103 la grupul de nevroze obsesiv-compulsive, deoarece omul \u00ee\u0219i rupe parul la \u00eenceput \u00een mod inten\u021bionat, iar \u00een cele din urm\u0103 o face incon\u0219tient. Tulburarea trichotilomaniei duce la alopecie par\u021bial\u0103 sau complet\u0103.<\/p>\n<h3>Tipurile de boli<\/h3>\n<p>Exist\u0103 4 tipuri:<br \/>\n1. Form\u0103 pediatric\u0103 &#8211; cea mai des diagnosticat\u0103 la v\u00e2rsta 2 &#8211; 6 ani. Copilul \u00ee\u0219i poate rupe p\u0103rul chiar \u0219i prin somn. \u00cen cele mai multe cazuri starea boln\u0103vicioas\u0103 trece de la sine \u0219i nu necesit\u0103 tratament special.<br \/>\n2. Forma adolescent\u0103 &#8211; se dezvolt\u0103 \u00een adolescen\u021b\u0103, se desf\u0103\u0219oar\u0103 \u00een mod cronic, este marcat\u0103 de recidive constante pe fundalul nevrozelor, tulbur\u0103rilor organice ale creierului.<br \/>\n3. Bidominal &#8211; maladia se manifest\u0103 prin dou\u0103 erup\u0163ii &#8212; \u00een copil\u0103rie \u0219i adolescen\u021b\u0103.<br \/>\n4. Form\u0103 serioas\u0103 &#8211; afecteaz\u0103 \u00een cele mai multe cazuri femeile la maturitate, boala are form\u0103 cronic\u0103, cu recurente \u00een mod constant.<\/p>\n<p>Speciali\u0219tii clasific\u0103 boala \u0219i dup\u0103 particularit\u0103\u021bile procesului de \u00eendep\u0103rtare a p\u0103rului:<br \/>\n1. Ruperea automat\u0103 &#8211; pacientul smulge p\u0103rul \u00een mod incon\u0219tient, \u00een timp ce urm\u0103re\u0219te un film, f\u0103c\u00e2nd alte lucruri care \u00eel pasioneaz\u0103. El nu-\u0219i d\u0103 seama de ac\u021biunile sale \u0219i reac\u021bioneaz\u0103 straniu, cu ne\u00eencredere, nedumerire la observa\u0163iile altora.<br \/>\n2. Ac\u021biune con\u0219tient\u0103 &#8211; o persoan\u0103 se concentreaz\u0103 complet pe ac\u021biune, o transform\u0103 \u00een ritual. El poate folosi dispozitive mecanice, p\u0103rul rupt este folosit \u00eentr-un anumit fel.<br \/>\n3. Condi\u021bie combinat\u0103 &#8211; pacientul face con\u0219tient aceast\u0103 procedur\u0103 diminea\u021ba sau seara, dup\u0103 baie. \u00centr-o perioad\u0103 de stres emo\u021bional, \u00ee\u0219i scoate p\u0103rul \u00een mod incon\u0219tient.<\/p>\n<p><strong>Motivele<\/strong><\/p>\n<p>Speciali\u0219tii nu pot stabili \u00eentotdeauna cu exactitate motivele, dar sunt cunoscu\u0163i factorii, care pot declan\u0219a dezvoltarea bolii:<br \/>\n\u2022 lipsa de fier \u0219i cupru \u00een organism;<br \/>\n\u2022 stresurile constante;<br \/>\n\u2022 schizofrenia;<br \/>\n\u2022 traumatismul cranio-cerebral;<br \/>\n\u2022 st\u0103rile depresive;<br \/>\n\u2022 contuzia;<br \/>\n\u2022 procesele inflamatorii;<br \/>\n\u2022 dezechilibrul psihic;<br \/>\n\u2022 nevrozele;<br \/>\n\u2022 tulbur\u0103rile hormonale;<br \/>\n\u2022 amigdalita cronic\u0103;<br \/>\n\u2022 alergia la medicamente.<\/p>\n<p>Boala se dezvolt\u0103 de regul\u0103 pe fondul stresului. \u00cen paralel, copilul \u00ee\u0219i poate mu\u0219ca unghiile, p\u0103rin\u021bii \u021bip\u00e2nd la el, nu \u00eentotdeauna con\u0219tientizeaz\u0103 faptul, c\u0103 aceasta este o boal\u0103 care necesit\u0103 tratament \u0219i nu doar un obicei prost sau probleme de educa\u0163ie.<br \/>\nBoala nu se dezvolt\u0103 treptat, \u00eenceputul ei este \u00eentotdeauna brusc. La fiecare pacient dimensiunea suprafe\u021belor cu p\u0103rul rupt \u0219i zonele de deteriorare sunt semnificative \u015fi difer\u0103 individual unul de cel\u0103lalt.<\/p>\n<h3>Simptomele<\/h3>\n<p>La pacient apar locuri f\u0103r\u0103 p\u0103r pe cap, uneori \u00een zona pubian\u0103, a spr\u00e2ncenelor \u0219i genelor. Pielea arat\u0103 s\u0103n\u0103tos, f\u0103r\u0103 \u00eenro\u0219ire, a\u0219a cum se \u00eent\u00e2mpl\u0103 la diferite tipuri de boli de piele.<br \/>\nLa unii pacien\u021bi, p\u0103rul devine pur \u0219i simplu mai rar, dar nu se observ\u0103 ple\u015furile. Persoana \u00ee\u0219i rupe p\u0103rul \u00een mod automat, incon\u0219tient, f\u0103r\u0103 s\u0103 se g\u00e2ndeasc\u0103 la asta, adesea \u00eentr-o stare de stres.<\/p>\n<h3>Diagnosticul<\/h3>\n<p>Specialistul efectueaz\u0103 diferen\u021bierea bolii de cea a alopeciei, sifilisului \u0219i leziunilor fungide. Dintre metodele speciale sunt folosite anchetarea \u015fi<br \/>\ntrichograma.<\/p>\n<h3>Tratamentul<\/h3>\n<p>Tratamentul este combinat, folosind diferite metode de psihoterapie cognitiv-comportamentale:<br \/>\n1. Instruirea pentru a sc\u0103pa de acest obicei &#8211; metoda se bazeaz\u0103 pe principiul c\u0103 starea boln\u0103vicioas\u0103 este o reac\u0163ie la anumite evenimente sau situa\u021bii, iar pacientul adesea nu este con\u0219tient de aceste momente. Pacientul este instruit s\u0103 fac\u0103 toate ac\u021biunile \u00een mod con\u0219tient, s\u0103 nu cedeze acestor momente de declan\u0219are.\u00a0El este \u00eenv\u0103\u0163at s\u0103 reac\u0163ioneze la aceste dorin\u0163e prin efectuarea altor ac\u021biuni, de exemplu, s\u0103 rup\u0103 \u00een buc\u0103\u021bele h\u00e2rtie.<br \/>\n2. Restructurarea cognitiv\u0103 &#8211; pacientul este \u00eenv\u0103\u021bat ca r\u0103spuns la dorin\u021ba de a-\u0219i rupe p\u0103rul s\u0103 se g\u00e2ndeasc\u0103 la altceva.<br \/>\n3. Controlul stimulentelor &#8211; utilizarea &#8220;blocantelor obi\u0219nuite&#8221; &#8211; limitarea capacit\u0103\u021bii (abilit\u0103\u021bii) unui obicei prost.<br \/>\n4. Terapia bazat\u0103 pe con\u015ftientizare &#8211; adep\u021bii acestei tehnici cred c\u0103, \u00een principiu, stresul omului const\u0103 \u00een \u00eencerc\u0103rile sale de a controla \u0219i elimina negativul g\u00e2ndurilor, imaginilor, idealurilor, dorin\u021belor. Negativul \u0219i disconfortul nu reprezint\u0103 o problem\u0103, faptul e c\u0103 persoan\u0103 dore\u0219te s\u0103 o controleze \u0219i s\u0103 o elimine \u00eentotdeauna.\u00a0Speciali\u0219tii \u00eei \u00eenva\u021b\u0103 pe pacien\u021bi s\u0103 reac\u021bioneze calm la g\u00e2ndurile nepl\u0103cute \u0219i s\u0103 rezolve problemele, dorin\u021bele f\u0103r\u0103 obiceiul patologic de a-\u0219i rupe p\u0103rul.<br \/>\n5. Psihoterapia hipnosugestiv\u0103 &#8211; tehnica combin\u0103 hipnoza \u0219i sugestia \u0219i este o metod\u0103 puternic\u0103 \u0219i cu termen nu prea lung de tratament.\u00a0Permite induc\u0163ia la nivel subcon\u015ftient pacientului a noilor motiva\u021bii comportamentale.<\/p>\n<p>Medicamente speciale pentru boal\u0103 \u00eenc\u0103 nu exist\u0103.\u00a0Pentru combaterea ei e necesar:<br \/>\n\u2022 rade\u021bi-v\u0103 pe cap;<br \/>\n\u2022 lua\u0163i sedative;<br \/>\n\u2022 consuma\u0163i vitamine, \u00een special vitamina A.<\/p>\n<p>Antidepresivele ajut\u0103 pacientul cu trichotilomanie s\u0103 ias\u0103 din starea deprimat\u0103 \u0219i s\u0103 scape de dependen\u021b\u0103.<\/p>\n","protected":false},"excerpt":{"rendered":"<p>Trichotilomania este o form\u0103 de tulburare mintal\u0103 \u0219i se manifesta \u00eentr-o dorin\u021b\u0103 obsesiv\u0103 de a-\u0219i scoate p\u0103rul. \u00cen majoritatea cazurilor, acest lucru afecteaz\u0103 zona capului \u0219i a fe\u021bei, \u00eens\u0103 exist\u0103 cazuri, c\u00e2nd persoana \u00ee\u0219i smulge p\u0103rul \u015fi \u00een alte locuri: pe piept, pe bra\u021be \u0219i picioare, \u00een regiunea axilar\u0103, pubian\u0103, perianal\u0103. Pacientul rupe p\u0103rul cu [&hellip;]<\/p>\n","protected":false},"author":28,"featured_media":0,"parent":53026,"menu_order":0,"comment_status":"closed","ping_status":"closed","template":"","meta":{"inline_featured_image":false,"footnotes":""},"class_list":["post-64424","page","type-page","status-publish"],"yoast_head":"<!-- This site is optimized with the Yoast SEO plugin v27.3 - https:\/\/yoast.com\/product\/yoast-seo-wordpress\/ -->\n<title>Trichotilomania: cauze, simptome, tratament<\/title>\n<meta name=\"robots\" content=\"index, follow, max-snippet:-1, max-image-preview:large, max-video-preview:-1\" \/>\n<link rel=\"canonical\" href=\"https:\/\/sanatate.md\/ro\/boli-si-tratament\/afectiuni-psihice\/trichotilomania\/\" \/>\n<meta property=\"og:locale\" content=\"ro_RO\" \/>\n<meta property=\"og:type\" content=\"article\" \/>\n<meta property=\"og:title\" content=\"Trichotilomania: cauze, simptome, tratament\" \/>\n<meta property=\"og:description\" content=\"Trichotilomania este o form\u0103 de tulburare mintal\u0103 \u0219i se manifesta \u00eentr-o dorin\u021b\u0103 obsesiv\u0103 de a-\u0219i scoate p\u0103rul. \u00cen majoritatea cazurilor, acest lucru afecteaz\u0103 zona capului \u0219i a fe\u021bei, \u00eens\u0103 exist\u0103 cazuri, c\u00e2nd persoana \u00ee\u0219i smulge p\u0103rul \u015fi \u00een alte locuri: pe piept, pe bra\u021be \u0219i picioare, \u00een regiunea axilar\u0103, pubian\u0103, perianal\u0103. Pacientul rupe p\u0103rul cu [&hellip;]\" \/>\n<meta property=\"og:url\" content=\"https:\/\/sanatate.md\/ro\/boli-si-tratament\/afectiuni-psihice\/trichotilomania\/\" \/>\n<meta property=\"og:site_name\" content=\"Sanatate.md\" \/>\n<meta name=\"twitter:card\" content=\"summary_large_image\" \/>\n<meta name=\"twitter:label1\" content=\"Timp estimat pentru citire\" \/>\n\t<meta name=\"twitter:data1\" content=\"6 minute\" \/>\n<script type=\"application\/ld+json\" class=\"yoast-schema-graph\">{\"@context\":\"https:\\\/\\\/schema.org\",\"@graph\":[{\"@type\":\"WebPage\",\"@id\":\"https:\\\/\\\/sanatate.md\\\/ro\\\/boli-si-tratament\\\/afectiuni-psihice\\\/trichotilomania\\\/\",\"url\":\"https:\\\/\\\/sanatate.md\\\/ro\\\/boli-si-tratament\\\/afectiuni-psihice\\\/trichotilomania\\\/\",\"name\":\"Trichotilomania: cauze, simptome, tratament\",\"isPartOf\":{\"@id\":\"https:\\\/\\\/sanatate.md\\\/ro\\\/#website\"},\"datePublished\":\"2018-08-20T12:51:08+00:00\",\"breadcrumb\":{\"@id\":\"https:\\\/\\\/sanatate.md\\\/ro\\\/boli-si-tratament\\\/afectiuni-psihice\\\/trichotilomania\\\/#breadcrumb\"},\"inLanguage\":\"ro-RO\",\"potentialAction\":[{\"@type\":\"ReadAction\",\"target\":[\"https:\\\/\\\/sanatate.md\\\/ro\\\/boli-si-tratament\\\/afectiuni-psihice\\\/trichotilomania\\\/\"]}]},{\"@type\":\"BreadcrumbList\",\"@id\":\"https:\\\/\\\/sanatate.md\\\/ro\\\/boli-si-tratament\\\/afectiuni-psihice\\\/trichotilomania\\\/#breadcrumb\",\"itemListElement\":[{\"@type\":\"ListItem\",\"position\":1,\"name\":\"\u0413\u043b\u0430\u0432\u043d\u0430\u044f \u0441\u0442\u0440\u0430\u043d\u0438\u0446\u0430\",\"item\":\"https:\\\/\\\/sanatate.md\\\/ro\\\/\"},{\"@type\":\"ListItem\",\"position\":2,\"name\":\"Boli si tratament\",\"item\":\"https:\\\/\\\/sanatate.md\\\/ro\\\/boli-si-tratament\\\/\"},{\"@type\":\"ListItem\",\"position\":3,\"name\":\"Afec\u021biuni psihice\",\"item\":\"https:\\\/\\\/sanatate.md\\\/ro\\\/boli-si-tratament\\\/afectiuni-psihice\\\/\"},{\"@type\":\"ListItem\",\"position\":4,\"name\":\"Trichotilomania\"}]},{\"@type\":\"WebSite\",\"@id\":\"https:\\\/\\\/sanatate.md\\\/ro\\\/#website\",\"url\":\"https:\\\/\\\/sanatate.md\\\/ro\\\/\",\"name\":\"Sanatate.md\",\"description\":\"\u0416\u0443\u0440\u043d\u0430\u043b \u0434\u043b\u044f \u0432\u0441\u0435\u0439 \u0441\u0435\u043c\u044c\u0438 \u0432 \u041c\u043e\u043b\u0434\u043e\u0432\u0435\",\"publisher\":{\"@id\":\"https:\\\/\\\/sanatate.md\\\/ro\\\/#organization\"},\"potentialAction\":[{\"@type\":\"SearchAction\",\"target\":{\"@type\":\"EntryPoint\",\"urlTemplate\":\"https:\\\/\\\/sanatate.md\\\/ro\\\/?s={search_term_string}\"},\"query-input\":{\"@type\":\"PropertyValueSpecification\",\"valueRequired\":true,\"valueName\":\"search_term_string\"}}],\"inLanguage\":\"ro-RO\"},{\"@type\":\"Organization\",\"@id\":\"https:\\\/\\\/sanatate.md\\\/ro\\\/#organization\",\"name\":\"SANATATE\",\"url\":\"https:\\\/\\\/sanatate.md\\\/ro\\\/\",\"logo\":{\"@type\":\"ImageObject\",\"inLanguage\":\"ro-RO\",\"@id\":\"https:\\\/\\\/sanatate.md\\\/ro\\\/#\\\/schema\\\/logo\\\/image\\\/\",\"url\":\"https:\\\/\\\/sanatate.md\\\/wp-content\\\/uploads\\\/2022\\\/01\\\/sanatate-logo.svg\",\"contentUrl\":\"https:\\\/\\\/sanatate.md\\\/wp-content\\\/uploads\\\/2022\\\/01\\\/sanatate-logo.svg\",\"width\":\"1024\",\"height\":\"1024\",\"caption\":\"SANATATE\"},\"image\":{\"@id\":\"https:\\\/\\\/sanatate.md\\\/ro\\\/#\\\/schema\\\/logo\\\/image\\\/\"}}]}<\/script>\n<!-- \/ Yoast SEO plugin. -->","yoast_head_json":{"title":"Trichotilomania: cauze, simptome, tratament","robots":{"index":"index","follow":"follow","max-snippet":"max-snippet:-1","max-image-preview":"max-image-preview:large","max-video-preview":"max-video-preview:-1"},"canonical":"https:\/\/sanatate.md\/ro\/boli-si-tratament\/afectiuni-psihice\/trichotilomania\/","og_locale":"ro_RO","og_type":"article","og_title":"Trichotilomania: cauze, simptome, tratament","og_description":"Trichotilomania este o form\u0103 de tulburare mintal\u0103 \u0219i se manifesta \u00eentr-o dorin\u021b\u0103 obsesiv\u0103 de a-\u0219i scoate p\u0103rul. \u00cen majoritatea cazurilor, acest lucru afecteaz\u0103 zona capului \u0219i a fe\u021bei, \u00eens\u0103 exist\u0103 cazuri, c\u00e2nd persoana \u00ee\u0219i smulge p\u0103rul \u015fi \u00een alte locuri: pe piept, pe bra\u021be \u0219i picioare, \u00een regiunea axilar\u0103, pubian\u0103, perianal\u0103. Pacientul rupe p\u0103rul cu [&hellip;]","og_url":"https:\/\/sanatate.md\/ro\/boli-si-tratament\/afectiuni-psihice\/trichotilomania\/","og_site_name":"Sanatate.md","twitter_card":"summary_large_image","twitter_misc":{"Timp estimat pentru citire":"6 minute"},"schema":{"@context":"https:\/\/schema.org","@graph":[{"@type":"WebPage","@id":"https:\/\/sanatate.md\/ro\/boli-si-tratament\/afectiuni-psihice\/trichotilomania\/","url":"https:\/\/sanatate.md\/ro\/boli-si-tratament\/afectiuni-psihice\/trichotilomania\/","name":"Trichotilomania: cauze, simptome, tratament","isPartOf":{"@id":"https:\/\/sanatate.md\/ro\/#website"},"datePublished":"2018-08-20T12:51:08+00:00","breadcrumb":{"@id":"https:\/\/sanatate.md\/ro\/boli-si-tratament\/afectiuni-psihice\/trichotilomania\/#breadcrumb"},"inLanguage":"ro-RO","potentialAction":[{"@type":"ReadAction","target":["https:\/\/sanatate.md\/ro\/boli-si-tratament\/afectiuni-psihice\/trichotilomania\/"]}]},{"@type":"BreadcrumbList","@id":"https:\/\/sanatate.md\/ro\/boli-si-tratament\/afectiuni-psihice\/trichotilomania\/#breadcrumb","itemListElement":[{"@type":"ListItem","position":1,"name":"\u0413\u043b\u0430\u0432\u043d\u0430\u044f \u0441\u0442\u0440\u0430\u043d\u0438\u0446\u0430","item":"https:\/\/sanatate.md\/ro\/"},{"@type":"ListItem","position":2,"name":"Boli si tratament","item":"https:\/\/sanatate.md\/ro\/boli-si-tratament\/"},{"@type":"ListItem","position":3,"name":"Afec\u021biuni psihice","item":"https:\/\/sanatate.md\/ro\/boli-si-tratament\/afectiuni-psihice\/"},{"@type":"ListItem","position":4,"name":"Trichotilomania"}]},{"@type":"WebSite","@id":"https:\/\/sanatate.md\/ro\/#website","url":"https:\/\/sanatate.md\/ro\/","name":"Sanatate.md","description":"\u0416\u0443\u0440\u043d\u0430\u043b \u0434\u043b\u044f \u0432\u0441\u0435\u0439 \u0441\u0435\u043c\u044c\u0438 \u0432 \u041c\u043e\u043b\u0434\u043e\u0432\u0435","publisher":{"@id":"https:\/\/sanatate.md\/ro\/#organization"},"potentialAction":[{"@type":"SearchAction","target":{"@type":"EntryPoint","urlTemplate":"https:\/\/sanatate.md\/ro\/?s={search_term_string}"},"query-input":{"@type":"PropertyValueSpecification","valueRequired":true,"valueName":"search_term_string"}}],"inLanguage":"ro-RO"},{"@type":"Organization","@id":"https:\/\/sanatate.md\/ro\/#organization","name":"SANATATE","url":"https:\/\/sanatate.md\/ro\/","logo":{"@type":"ImageObject","inLanguage":"ro-RO","@id":"https:\/\/sanatate.md\/ro\/#\/schema\/logo\/image\/","url":"https:\/\/sanatate.md\/wp-content\/uploads\/2022\/01\/sanatate-logo.svg","contentUrl":"https:\/\/sanatate.md\/wp-content\/uploads\/2022\/01\/sanatate-logo.svg","width":"1024","height":"1024","caption":"SANATATE"},"image":{"@id":"https:\/\/sanatate.md\/ro\/#\/schema\/logo\/image\/"}}]}},"_links":{"self":[{"href":"https:\/\/sanatate.md\/ro\/wp-json\/wp\/v2\/pages\/64424","targetHints":{"allow":["GET"]}}],"collection":[{"href":"https:\/\/sanatate.md\/ro\/wp-json\/wp\/v2\/pages"}],"about":[{"href":"https:\/\/sanatate.md\/ro\/wp-json\/wp\/v2\/types\/page"}],"author":[{"embeddable":true,"href":"https:\/\/sanatate.md\/ro\/wp-json\/wp\/v2\/users\/28"}],"replies":[{"embeddable":true,"href":"https:\/\/sanatate.md\/ro\/wp-json\/wp\/v2\/comments?post=64424"}],"version-history":[{"count":0,"href":"https:\/\/sanatate.md\/ro\/wp-json\/wp\/v2\/pages\/64424\/revisions"}],"up":[{"embeddable":true,"href":"https:\/\/sanatate.md\/ro\/wp-json\/wp\/v2\/pages\/53026"}],"wp:attachment":[{"href":"https:\/\/sanatate.md\/ro\/wp-json\/wp\/v2\/media?parent=64424"}],"curies":[{"name":"wp","href":"https:\/\/api.w.org\/{rel}","templated":true}]}}