{"id":64431,"date":"2018-08-20T16:30:47","date_gmt":"2018-08-20T13:30:47","guid":{"rendered":"https:\/\/sanatate.md\/?page_id=64431"},"modified":"2018-08-20T16:30:47","modified_gmt":"2018-08-20T13:30:47","slug":"leziunile-sfarcurilor","status":"publish","type":"page","link":"https:\/\/sanatate.md\/ro\/boli-si-tratament\/boli-ale-glandelor-mamare\/leziunile-sfarcurilor\/","title":{"rendered":"Leziunile sf\u00e2rcurilor"},"content":{"rendered":"<p>Multe tinere m\u0103mici cunosc problema sf\u00e2rcurilor cr\u0103pate, care de multe ori sunt motivul \u00eentreruperei al\u0103pt\u0103rii \u0219i trecerii la hr\u0103nirea bebelu\u015fului cu biberonul.\u00a0In majoritatea cazurilor aceast\u0103 situa\u0163ie apare \u00een procesul de hr\u0103nire, durerea se intensific\u0103, iar pe mameloane se formeaz\u0103 zg\u00e2rieturi sau cr\u0103p\u0103turi, care s\u00e2ngereaz\u0103.<\/p>\n<p>Aceast\u0103 situa\u021bie e mai u\u0219or de prevenit, dec\u00e2t de tratat.\u00a0De asemenea, leziunile date sunt locul prin care microorganismele p\u0103trund \u00een corpul feminin.\u00a0Nimerind \u00een \u0163esuturile s\u00e2nului, microbii pot provoca dezvoltarea mastopatiei \u0219i a proceselor inflamatorii.<\/p>\n<h3>Cauzele<\/h3>\n<p>Cr\u0103p\u0103turile mameloanelor \u00een timpul hr\u0103nirii apar din mai multe motive:<\/p>\n<p>1. Aplicarea incorect\u0103 a copilului la s\u00e2n \u00een procesul de al\u0103ptare este cea mai frecvent\u0103 cauz\u0103 a r\u0103nirii mamelonului \u0219i anume:<br \/>\n\u25e6 copilul a luat ini\u021bial gre\u0219it cu buzele mamelonul;<br \/>\n\u25e6 copilul ia mamelonul cu o mic\u0103 parte din areol\u0103;<br \/>\n\u25e6 ini\u021bial copilul ia corect s\u00e2nul, dar \u00een procesul hr\u0103nirii \u00eencepe s\u0103 sug\u0103 numai mamelonul;<br \/>\n\u25e6 copilul nu ia areola din partea inferioar\u0103;<br \/>\n\u25e6 c\u00e2nd \u021besutul mamar se \u00eengroa\u015f\u0103 din cauza form\u0103rii fisurilor ad\u00e2nci \u00een mamelon, copilul nu poate lua pieptul corect;<br \/>\n\u25e6 bebelu\u015ful nu suge normal pieptul pentru c\u0103 are probleme neurologice.<\/p>\n<p>Prin urmare, datorit\u0103 faptului, c\u0103 sf\u0103rcul nu este luat \u00een mod corespunz\u0103tor de c\u0103tre cerul moale al guri\u0163ei (felul \u00een care se asigur\u0103 un supt normal), iar cu partea de jos a gurii copilul supune mamelonul la \u00eentindere, frecare, ac\u0163iuni care provoac\u0103 durerii \u0219i, eventual, leziuni.<\/p>\n<p>Dac\u0103 femeia nu \u0219tie cum s\u0103 pun\u0103 copilul la s\u00e2n, astfel \u00eenc\u00e2t s\u0103 nu s\u0103 se traumeze, iar procesul de hr\u0103nire s\u0103 nu fie dureros, e necesar ajutorul unui consultant pe problemele de al\u0103ptare.<\/p>\n<p>2. Pozi\u021bia aleas\u0103 pentru hr\u0103nire e gre\u0219it\u0103.\u00a0Practic, copilul este \u0163inut departe de s\u00e2n, \u00eei este incomod s\u0103 ajung\u0103 la piept sau depune mult efort pentru a se \u00eentinde p\u00e2n\u0103 la el pentru al apuca cu guri\u0163a.\u00a0Prin urmare, este foarte important s\u0103 se aleag\u0103 o pozi\u0163ie corect\u0103 pentru a asigura accesul copilului la piept, astfel \u00eenc\u00e2t s\u0103-i fie comod.<\/p>\n<p>3. Utilizarea de sticle cu lapte cu biberoane, suzete, care modific\u0103 tehnica suptului a copilului \u015fi acesta percepe gurguiul ca pe o suzet\u0103.<\/p>\n<p>4. Retragerea gre\u0219it\u0103 a s\u00e2nului de la copil, ceea ce duce la trauma mamelonului.<\/p>\n<p>5. \u00cengrijirea incorect\u0103 a gurguilor (sp\u0103larea frecvent\u0103 a lor, folosind s\u0103pun, substan\u021be agresive la prelucrarea leziunilor), ceea ce conduce la uscarea pielii s\u00e2nului.<\/p>\n<p>6. Umiditatea s\u00e2nilor \u0219i mameloanelor apare la scurgerea laptelui, c\u00e2nd e \u00eentr-o cantitate excesiv\u0103.<\/p>\n<p>7. Sensibilitatea pielii \u00een jurul mameloanelor.\u00a0Durerea poate disp\u0103rea dup\u0103 ce pielea devine un pic mai groas\u0103, ca urmare a schimb\u0103rii epiteliului.\u00a0Din acest motiv, \u00een cazul pielii ginga\u015fe, se poate folosi o crem\u0103 contra leziunilor sf\u00e2rcurilor.<\/p>\n<p>8. Dac\u0103 pielea sf\u00e2rcurilor a fost deteriorat\u0103 dup\u0103 folosirea unui prosop aspru sau prin \u00eentinderea mamelonului.<\/p>\n<p>9. \u00cen cazul \u00een care, de\u015fi al\u0103ptarea e corect\u0103, au ap\u0103rut fisuri, ce nu se vindec\u0103 o perioad\u0103 lung\u0103 de timp sau persist\u0103 dureri, arsuri, dureri de spate \u00een procesul de hr\u0103nire, ar trebui s\u0103 se consulte cu medicul, se poate dezvolta candidoza mamelonului.<\/p>\n<p>10. Dezvoltarea spasmului \u00een conexiunile vasculare ale sf\u00e2rcurilor &#8211; vasospasm.\u00a0O femeie \u00een acest caz simte o durere arz\u0103toare dup\u0103 ce a hr\u0103nit copilul, iar mamelonul are o nuan\u021b\u0103 palid\u0103.\u00a0O astfel de durere poate dura c\u00e2teva minute, apoi sf\u00e2rcurile devin de o culoare normal\u0103, dar senza\u021biile au un caracter pulsatoriu.\u00a0\u00cen unele cazuri, sf\u00e2rcurile pot deveni din nou albe.\u00a0Pentru a u\u0219ura durerea, se recomand\u0103 s\u0103 se aplice un prosop cald la piept, sau o suflare cu usc\u0103torul de p\u0103r cu aer cald dup\u0103 ce copilul a m\u00e2ncat.<\/p>\n<p>11. Cauza apari\u021biei senza\u021biilor dureroase poate fi frenul scurt al limbii la copil.\u00a0\u00cen acest caz, medicul v\u0103 poate sf\u0103tui s\u0103 elimina\u021bi problema sau s\u0103 suferi\u021bi durere p\u00e2n\u0103 c\u00e2nd frenul se va \u00eentinde.\u00a0O astfel de patologie poate duce la probleme cu vorbirea \u00een viitor. Prin urmare, este recomandat\u0103 o interven\u021bie chirurgical\u0103 la maternitate sau dup\u0103 externare la o clinic\u0103 stomatologic\u0103 la un chirurg dentar.\u00a0Aceast\u0103 opera\u021bie este nedureroasa pentru copil, pentru ca aici sunt foarte pu\u021bine capilare de s\u00e2nge \u0219i lipsesc conexiunele vasculare nervoase.<\/p>\n<h3>Tratarea cr\u0103p\u0103turilor<\/h3>\n<p>\u00cen rezolvarea acestei probleme este necesar, \u00een primul r\u00e2nd, s\u0103 lichid\u0103m pricina,din care cauz\u0103 au ap\u0103rut.\u00a0Adesea, acest lucru poate fi suficient pentru ca s\u00e2nul s\u0103 se vindece independent, iar mama s\u0103 nu simt\u0103 durere la al\u0103ptarea \u00een continuare.<\/p>\n<p>Dac\u0103 totu\u0219i se creeaz\u0103 fisuri, care nu se vindec\u0103, se poate recurge la astfel de metode de tratament:<\/p>\n<p>1. Utilizarea garniturilor speciale din silicon.<br \/>\n2. Organizarea frecven\u021bei corecte de hran\u0103.<br \/>\n3. Uneori copilul poate fi hr\u0103nit cu laptele stors, p\u00e2n\u0103 se vor vindeca sf\u00e2rcurile.<\/p>\n<p>E necesar s\u0103 se respecte anumite reguli:<\/p>\n<ul>\n<li>scurgerea trebuie efectuat\u0103 cu m\u00e2inile, deoarece pompa de s\u00e2n spore\u0219te riscul de r\u0103nire a mamelonelor;<\/li>\n<li>golirea calitativ\u0103 \u0219i regulat\u0103 a s\u00e2nilor r\u0103ni\u021bi pentru a preveni stagnarea laptelui \u00een glandele mamare sau pentru a reduce lacta\u021bia;<\/li>\n<li>hr\u0103ni\u021bi bebelu\u0219ul cu obiecte care nu sunt potrivite pentru a suge, de exemplu, cu o sering\u0103, lingur\u0103, fapt care-l va face s\u0103 nu s\u0103 se obi\u0219nuiasc\u0103 cu biberonul sau chiar s\u0103 renun\u021be de s\u00e2n.<\/li>\n<\/ul>\n<p>O metod\u0103 eficient\u0103 de tratament este utilizarea mijloacelor cu efect de vindecare.\u00a0E foarte important \u00een acest moment s\u0103 se ab\u021bin\u0103 de la al\u0103ptare, deoarece multe medicamente sunt d\u0103un\u0103toare pentru copil. Sigur\u0103 este doar ungerea mameloanelor cu propriul lor lapte.\u00a0Pentru a face acest lucru, dup\u0103 fiecare hr\u0103nire, stoarce\u021bi o cantitate mic\u0103 de lapte \u0219i da\u021bi sf\u00e2rcurilor s\u0103 se usuce \u00een mod natural.\u00a0Dac\u0103 cr\u0103p\u0103turile nu sunt ad\u00e2nci, c\u00e2teva proceduri vor fi suficiente pentru vindecarea leziunilor, deoarece \u00een laptele matern exist\u0103 substan\u021be ce contribuie la vindecare.<\/p>\n<p>Suplimentar se utilizeaz\u0103 unguente speciale pentru vindecare, dar numai \u00een cazul leziunilor conven\u021bionale f\u0103r\u0103 acumul\u0103ri purulente. Dac\u0103 exist\u0103 puroi, e necesar s\u0103 se utilizeze unguent pe baz\u0103 de antibiotice.\u00a0E important s\u0103 se ia \u00een considerare at\u00e2t siguran\u021ba copilului, c\u00e2t \u0219i eficacitatea tratamentului.<\/p>\n<p>Se recomand\u0103 urm\u0103toarele metode:<\/p>\n<p>1. Utilizarea produselor cu con\u021binut de lanolin\u0103, care au fost cur\u0103\u021bate.\u00a0Datorit\u0103 medicamentului, sensibilitatea scade \u0219i senza\u021biile de durere dispar. Lanolina trebuie s\u0103 fie bine cur\u0103\u021bat\u0103, f\u0103r\u0103 a ad\u0103uga substan\u021be suplimentare, deoarece copilul poate face o alergie.<\/p>\n<p>2. Utilizarea cubu\u015foarelor de ghea\u0163\u0103 dintr-un decoct de coaja de stejar, care ofer\u0103 posibilitatea de a lupta cu microflora patogenic\u0103 \u0219i pentru a preveni iritarea conexiunilor de \u021besut.Tratarea mameloanelor cu o astfel de substan\u0163\u0103 va vindeca efectiv sf\u00e2rcurile \u0219i va proteja pielea ging\u00e2\u015f\u0103 de apari\u021biile repetate ale fisurilor.<\/p>\n<p>3. Utilizarea compreselor de hidrogel cu efect de vindecare va face posibil\u0103 hidratarea pielii \u0219i u\u0219urarea durerii mameloanelor \u00een intervalele dintre hr\u0103nire.\u00a0Nu se recomand\u0103 folosirea unor astfel de comprese mai mult de trei zile la r\u00e2nd, deoarece se poate dezvolta o complica\u0163ie.<\/p>\n<h3>Prevenirea<\/h3>\n<p>Ca s\u0103 nu apar\u0103 cr\u0103p\u0103turi la mameloane, se recomand\u0103 preg\u0103tirea s\u00e2nului pentru viitoarea hran\u0103 natural\u0103 deja \u00een timpul sarcinii.\u00a0Pentru aceasta este important s\u0103:<\/p>\n<p>\u2022 nu l\u0103sa\u021bi s\u0103 se usuce pielea \u00een jurul sf\u00e2rcurilor;<br \/>\n\u2022 folosi\u021bi c\u00e2t mai pu\u021bin posibil s\u0103pun pentru a v\u0103 sp\u0103la pieptul. El usuc\u0103 pielea;<br \/>\n\u2022 dup\u0103 procedurile de ap\u0103, ar trebui folosite uleiuri cosmetice naturale;<br \/>\n\u2022 \u00een timpul celei de-a opta lun\u0103 de sarcin\u0103, utiliza\u021bi geluri, care s\u0103 asigure efectul de frecare, care va fi prezent \u00een timpul aliment\u0103rii naturale.<\/p>\n<p>Medicii recomand\u0103 pe parcursul zilei s\u0103 se scoat\u0103 de cateva ori sfarcurile si s\u0103 fie \u015fterse cu o \u0163esitur\u0103 aspr\u0103, s\u0103 se fac\u0103 b\u0103i de contrast. Astfel de b\u0103i vor permite mu\u0219chilor s\u0103 se obi\u0219nuiasc\u0103 cu viitoarele contrac\u021bii.\u00a0De asemenea, \u00een sutien pot fi puse tampoane speciale, care vor freca u\u0219or sf\u00e2rcurile, f\u0103c\u00e2nd pielea mai groas\u0103.<\/p>\n","protected":false},"excerpt":{"rendered":"<p>Multe tinere m\u0103mici cunosc problema sf\u00e2rcurilor cr\u0103pate, care de multe ori sunt motivul \u00eentreruperei al\u0103pt\u0103rii \u0219i trecerii la hr\u0103nirea bebelu\u015fului cu biberonul.\u00a0In majoritatea cazurilor aceast\u0103 situa\u0163ie apare \u00een procesul de hr\u0103nire, durerea se intensific\u0103, iar pe mameloane se formeaz\u0103 zg\u00e2rieturi sau cr\u0103p\u0103turi, care s\u00e2ngereaz\u0103. Aceast\u0103 situa\u021bie e mai u\u0219or de prevenit, dec\u00e2t de tratat.\u00a0De asemenea, [&hellip;]<\/p>\n","protected":false},"author":28,"featured_media":0,"parent":52996,"menu_order":0,"comment_status":"closed","ping_status":"closed","template":"","meta":{"inline_featured_image":false,"footnotes":""},"class_list":["post-64431","page","type-page","status-publish"],"yoast_head":"<!-- This site is optimized with the Yoast SEO plugin v27.3 - https:\/\/yoast.com\/product\/yoast-seo-wordpress\/ -->\n<title>Leziunile sf\u00e2rcurilor: cfuze, tratament, prevenirea<\/title>\n<meta name=\"description\" content=\"Nimerind \u00een \u0163esuturile s\u00e2nului, microbii pot provoca dezvoltarea mastopatiei \u0219i a proceselor inflamatorii.\" \/>\n<meta name=\"robots\" content=\"index, follow, max-snippet:-1, max-image-preview:large, max-video-preview:-1\" \/>\n<link rel=\"canonical\" href=\"https:\/\/sanatate.md\/ro\/boli-si-tratament\/boli-ale-glandelor-mamare\/leziunile-sfarcurilor\/\" \/>\n<meta property=\"og:locale\" content=\"ro_RO\" \/>\n<meta property=\"og:type\" content=\"article\" \/>\n<meta property=\"og:title\" content=\"Leziunile sf\u00e2rcurilor: cfuze, tratament, prevenirea\" \/>\n<meta property=\"og:description\" content=\"Nimerind \u00een \u0163esuturile s\u00e2nului, microbii pot provoca dezvoltarea mastopatiei \u0219i a proceselor inflamatorii.\" \/>\n<meta property=\"og:url\" content=\"https:\/\/sanatate.md\/ro\/boli-si-tratament\/boli-ale-glandelor-mamare\/leziunile-sfarcurilor\/\" \/>\n<meta property=\"og:site_name\" content=\"Sanatate.md\" \/>\n<meta name=\"twitter:card\" content=\"summary_large_image\" \/>\n<meta name=\"twitter:label1\" content=\"Timp estimat pentru citire\" \/>\n\t<meta name=\"twitter:data1\" content=\"7 minute\" \/>\n<script type=\"application\/ld+json\" class=\"yoast-schema-graph\">{\"@context\":\"https:\\\/\\\/schema.org\",\"@graph\":[{\"@type\":\"WebPage\",\"@id\":\"https:\\\/\\\/sanatate.md\\\/ro\\\/boli-si-tratament\\\/boli-ale-glandelor-mamare\\\/leziunile-sfarcurilor\\\/\",\"url\":\"https:\\\/\\\/sanatate.md\\\/ro\\\/boli-si-tratament\\\/boli-ale-glandelor-mamare\\\/leziunile-sfarcurilor\\\/\",\"name\":\"Leziunile sf\u00e2rcurilor: cfuze, tratament, prevenirea\",\"isPartOf\":{\"@id\":\"https:\\\/\\\/sanatate.md\\\/ro\\\/#website\"},\"datePublished\":\"2018-08-20T13:30:47+00:00\",\"description\":\"Nimerind \u00een \u0163esuturile s\u00e2nului, microbii pot provoca dezvoltarea mastopatiei \u0219i a proceselor inflamatorii.\",\"breadcrumb\":{\"@id\":\"https:\\\/\\\/sanatate.md\\\/ro\\\/boli-si-tratament\\\/boli-ale-glandelor-mamare\\\/leziunile-sfarcurilor\\\/#breadcrumb\"},\"inLanguage\":\"ro-RO\",\"potentialAction\":[{\"@type\":\"ReadAction\",\"target\":[\"https:\\\/\\\/sanatate.md\\\/ro\\\/boli-si-tratament\\\/boli-ale-glandelor-mamare\\\/leziunile-sfarcurilor\\\/\"]}]},{\"@type\":\"BreadcrumbList\",\"@id\":\"https:\\\/\\\/sanatate.md\\\/ro\\\/boli-si-tratament\\\/boli-ale-glandelor-mamare\\\/leziunile-sfarcurilor\\\/#breadcrumb\",\"itemListElement\":[{\"@type\":\"ListItem\",\"position\":1,\"name\":\"\u0413\u043b\u0430\u0432\u043d\u0430\u044f \u0441\u0442\u0440\u0430\u043d\u0438\u0446\u0430\",\"item\":\"https:\\\/\\\/sanatate.md\\\/ro\\\/\"},{\"@type\":\"ListItem\",\"position\":2,\"name\":\"Boli si tratament\",\"item\":\"https:\\\/\\\/sanatate.md\\\/ro\\\/boli-si-tratament\\\/\"},{\"@type\":\"ListItem\",\"position\":3,\"name\":\"Boli ale glandelor mamare\",\"item\":\"https:\\\/\\\/sanatate.md\\\/ro\\\/boli-si-tratament\\\/boli-ale-glandelor-mamare\\\/\"},{\"@type\":\"ListItem\",\"position\":4,\"name\":\"Leziunile sf\u00e2rcurilor\"}]},{\"@type\":\"WebSite\",\"@id\":\"https:\\\/\\\/sanatate.md\\\/ro\\\/#website\",\"url\":\"https:\\\/\\\/sanatate.md\\\/ro\\\/\",\"name\":\"Sanatate.md\",\"description\":\"\u0416\u0443\u0440\u043d\u0430\u043b \u0434\u043b\u044f \u0432\u0441\u0435\u0439 \u0441\u0435\u043c\u044c\u0438 \u0432 \u041c\u043e\u043b\u0434\u043e\u0432\u0435\",\"publisher\":{\"@id\":\"https:\\\/\\\/sanatate.md\\\/ro\\\/#organization\"},\"potentialAction\":[{\"@type\":\"SearchAction\",\"target\":{\"@type\":\"EntryPoint\",\"urlTemplate\":\"https:\\\/\\\/sanatate.md\\\/ro\\\/?s={search_term_string}\"},\"query-input\":{\"@type\":\"PropertyValueSpecification\",\"valueRequired\":true,\"valueName\":\"search_term_string\"}}],\"inLanguage\":\"ro-RO\"},{\"@type\":\"Organization\",\"@id\":\"https:\\\/\\\/sanatate.md\\\/ro\\\/#organization\",\"name\":\"SANATATE\",\"url\":\"https:\\\/\\\/sanatate.md\\\/ro\\\/\",\"logo\":{\"@type\":\"ImageObject\",\"inLanguage\":\"ro-RO\",\"@id\":\"https:\\\/\\\/sanatate.md\\\/ro\\\/#\\\/schema\\\/logo\\\/image\\\/\",\"url\":\"https:\\\/\\\/sanatate.md\\\/wp-content\\\/uploads\\\/2022\\\/01\\\/sanatate-logo.svg\",\"contentUrl\":\"https:\\\/\\\/sanatate.md\\\/wp-content\\\/uploads\\\/2022\\\/01\\\/sanatate-logo.svg\",\"width\":\"1024\",\"height\":\"1024\",\"caption\":\"SANATATE\"},\"image\":{\"@id\":\"https:\\\/\\\/sanatate.md\\\/ro\\\/#\\\/schema\\\/logo\\\/image\\\/\"}}]}<\/script>\n<!-- \/ Yoast SEO plugin. -->","yoast_head_json":{"title":"Leziunile sf\u00e2rcurilor: cfuze, tratament, prevenirea","description":"Nimerind \u00een \u0163esuturile s\u00e2nului, microbii pot provoca dezvoltarea mastopatiei \u0219i a proceselor inflamatorii.","robots":{"index":"index","follow":"follow","max-snippet":"max-snippet:-1","max-image-preview":"max-image-preview:large","max-video-preview":"max-video-preview:-1"},"canonical":"https:\/\/sanatate.md\/ro\/boli-si-tratament\/boli-ale-glandelor-mamare\/leziunile-sfarcurilor\/","og_locale":"ro_RO","og_type":"article","og_title":"Leziunile sf\u00e2rcurilor: cfuze, tratament, prevenirea","og_description":"Nimerind \u00een \u0163esuturile s\u00e2nului, microbii pot provoca dezvoltarea mastopatiei \u0219i a proceselor inflamatorii.","og_url":"https:\/\/sanatate.md\/ro\/boli-si-tratament\/boli-ale-glandelor-mamare\/leziunile-sfarcurilor\/","og_site_name":"Sanatate.md","twitter_card":"summary_large_image","twitter_misc":{"Timp estimat pentru citire":"7 minute"},"schema":{"@context":"https:\/\/schema.org","@graph":[{"@type":"WebPage","@id":"https:\/\/sanatate.md\/ro\/boli-si-tratament\/boli-ale-glandelor-mamare\/leziunile-sfarcurilor\/","url":"https:\/\/sanatate.md\/ro\/boli-si-tratament\/boli-ale-glandelor-mamare\/leziunile-sfarcurilor\/","name":"Leziunile sf\u00e2rcurilor: cfuze, tratament, prevenirea","isPartOf":{"@id":"https:\/\/sanatate.md\/ro\/#website"},"datePublished":"2018-08-20T13:30:47+00:00","description":"Nimerind \u00een \u0163esuturile s\u00e2nului, microbii pot provoca dezvoltarea mastopatiei \u0219i a proceselor inflamatorii.","breadcrumb":{"@id":"https:\/\/sanatate.md\/ro\/boli-si-tratament\/boli-ale-glandelor-mamare\/leziunile-sfarcurilor\/#breadcrumb"},"inLanguage":"ro-RO","potentialAction":[{"@type":"ReadAction","target":["https:\/\/sanatate.md\/ro\/boli-si-tratament\/boli-ale-glandelor-mamare\/leziunile-sfarcurilor\/"]}]},{"@type":"BreadcrumbList","@id":"https:\/\/sanatate.md\/ro\/boli-si-tratament\/boli-ale-glandelor-mamare\/leziunile-sfarcurilor\/#breadcrumb","itemListElement":[{"@type":"ListItem","position":1,"name":"\u0413\u043b\u0430\u0432\u043d\u0430\u044f \u0441\u0442\u0440\u0430\u043d\u0438\u0446\u0430","item":"https:\/\/sanatate.md\/ro\/"},{"@type":"ListItem","position":2,"name":"Boli si tratament","item":"https:\/\/sanatate.md\/ro\/boli-si-tratament\/"},{"@type":"ListItem","position":3,"name":"Boli ale glandelor mamare","item":"https:\/\/sanatate.md\/ro\/boli-si-tratament\/boli-ale-glandelor-mamare\/"},{"@type":"ListItem","position":4,"name":"Leziunile sf\u00e2rcurilor"}]},{"@type":"WebSite","@id":"https:\/\/sanatate.md\/ro\/#website","url":"https:\/\/sanatate.md\/ro\/","name":"Sanatate.md","description":"\u0416\u0443\u0440\u043d\u0430\u043b \u0434\u043b\u044f \u0432\u0441\u0435\u0439 \u0441\u0435\u043c\u044c\u0438 \u0432 \u041c\u043e\u043b\u0434\u043e\u0432\u0435","publisher":{"@id":"https:\/\/sanatate.md\/ro\/#organization"},"potentialAction":[{"@type":"SearchAction","target":{"@type":"EntryPoint","urlTemplate":"https:\/\/sanatate.md\/ro\/?s={search_term_string}"},"query-input":{"@type":"PropertyValueSpecification","valueRequired":true,"valueName":"search_term_string"}}],"inLanguage":"ro-RO"},{"@type":"Organization","@id":"https:\/\/sanatate.md\/ro\/#organization","name":"SANATATE","url":"https:\/\/sanatate.md\/ro\/","logo":{"@type":"ImageObject","inLanguage":"ro-RO","@id":"https:\/\/sanatate.md\/ro\/#\/schema\/logo\/image\/","url":"https:\/\/sanatate.md\/wp-content\/uploads\/2022\/01\/sanatate-logo.svg","contentUrl":"https:\/\/sanatate.md\/wp-content\/uploads\/2022\/01\/sanatate-logo.svg","width":"1024","height":"1024","caption":"SANATATE"},"image":{"@id":"https:\/\/sanatate.md\/ro\/#\/schema\/logo\/image\/"}}]}},"_links":{"self":[{"href":"https:\/\/sanatate.md\/ro\/wp-json\/wp\/v2\/pages\/64431","targetHints":{"allow":["GET"]}}],"collection":[{"href":"https:\/\/sanatate.md\/ro\/wp-json\/wp\/v2\/pages"}],"about":[{"href":"https:\/\/sanatate.md\/ro\/wp-json\/wp\/v2\/types\/page"}],"author":[{"embeddable":true,"href":"https:\/\/sanatate.md\/ro\/wp-json\/wp\/v2\/users\/28"}],"replies":[{"embeddable":true,"href":"https:\/\/sanatate.md\/ro\/wp-json\/wp\/v2\/comments?post=64431"}],"version-history":[{"count":0,"href":"https:\/\/sanatate.md\/ro\/wp-json\/wp\/v2\/pages\/64431\/revisions"}],"up":[{"embeddable":true,"href":"https:\/\/sanatate.md\/ro\/wp-json\/wp\/v2\/pages\/52996"}],"wp:attachment":[{"href":"https:\/\/sanatate.md\/ro\/wp-json\/wp\/v2\/media?parent=64431"}],"curies":[{"name":"wp","href":"https:\/\/api.w.org\/{rel}","templated":true}]}}