{"id":65948,"date":"2018-09-27T14:29:51","date_gmt":"2018-09-27T11:29:51","guid":{"rendered":"https:\/\/sanatate.md\/?page_id=65948"},"modified":"2018-09-27T14:29:51","modified_gmt":"2018-09-27T11:29:51","slug":"nevroza","status":"publish","type":"page","link":"https:\/\/sanatate.md\/ro\/boli-si-tratament\/afectiuni-psihice\/nevroza\/","title":{"rendered":"Nevroza"},"content":{"rendered":"<p>Nevroza este o denumire general\u0103 a unui grup mare de tulbur\u0103ri mentale care se caracterizeaz\u0103 prin o decurgere prelungit\u0103.<br \/>\nSemnele de nevroz\u0103 duc la tulbur\u0103ri mentale \u0219i fizice, \u00een majoritatea cazurilor bolnavul \u00ee\u0219i pierde capacitatea de munc\u0103 pe o perioad\u0103 oarecare.<\/p>\n<h3>Cauzele nevrozei<\/h3>\n<p>Cauzele acestei maladii servesc conflictele externe \u0219i interne, stresurile, epuizarea nervoas\u0103 sau suprasolicitarea . Ce ar include \u00een sine acest termen a fost studiat \u0219i revizuit nu o singur\u0103 dat\u0103 cu o mare aten\u021bie de c\u0103tre oamenii de \u0219tiin\u021b\u0103, dar p\u00e2n\u0103 \u00een prezent \u00eei lipse\u0219te o apreciere unic\u0103 deoarece tulbur\u0103rile de caracter obsesiv-compulsiv, fobiile, maniile, nevroza care este provocat\u0103 pe fon de nelini\u0219te etc. de asemenea sunt atribuite termenului \u00een cauz\u0103. Tratamentul acestei afec\u021biuni este realizat de c\u0103tre psihiatri, neurologi \u0219i psihoterapeu\u021bi.<\/p>\n<h3>Clasificarea st\u0103rii de boal\u0103:<\/h3>\n<p>\u2022 nevroza obsesiv\u0103;<br \/>\n\u2022 nevroza \u00eenso\u021bit\u0103 de fric\u0103 sau de panic\u0103;<br \/>\n\u2022 nevroza isteric\u0103;<br \/>\n\u2022 neurastenia.<\/p>\n<p>E important ca tulbur\u0103rile de tip neurotic s\u0103 fie diferen\u021biate de tulbur\u0103rile psihice. Pentru a alege tratamentul corect e necesar de aflat \u00een mod obligatoriu etiologia bolii. Factorii psihologici sunt cauza principal\u0103 a bolii.<br \/>\nPentru bolnavi sunt caracteristice urm\u0103toarele: sindromul astenic, isteria, obsesia. Simptomele prezint\u0103 un pericol, dar nu \u00eentr-at\u00e2t de mare ca \u00een cazul bolilor psihiatrice.<\/p>\n<p>Pacien\u021bii nu manifest\u0103 halucina\u021bii, demen\u021ba nu se dezvolt\u0103 \u0219i nu se produce personalit\u0103\u021bii. Nevrozele se supun tratamentului \u0219i sunt sunt reversibile. Dac\u0103 conflictul intern sau extern care a declan\u0219at dezvoltarea nevrozei a fost rezolvat se produce auto-vindecarea.<br \/>\nCu toate acestea semnele bolii nu v\u0103 permit s\u0103 tr\u0103i\u021bi o via\u021b\u0103 deplin\u0103 \u0219i s\u0103 construi\u021bi rela\u021bii normale cu oamenii din jur.<\/p>\n<p>Pacien\u021bii sunt \u00een m\u0103sur\u0103 s\u0103 evalueze critic starea lor, dar \u00een acela\u0219i timp \u00eei sup\u0103r\u0103 enormele m\u0103cin\u0103ri suflete\u0219ti. Pacien\u021bii nu sunt izola\u021bi de societate deoarece comportamentul lor nu dep\u0103\u0219e\u0219te normele morale \u0219i sociale.<\/p>\n<h3>Simptomele acestei st\u0103ri boln\u0103vicioase sunt diferite<\/h3>\n<p>Printre ele ar fi:<\/p>\n<p>\u2022 anxietatea crescut\u0103;<br \/>\n\u2022 reducerea sau cre\u0219terea stimei de sine;<br \/>\n\u2022 incapacitatea de a duce un dialog constructiv;<br \/>\nschimb\u0103rile bru\u0219te de dispozi\u021bie;<br \/>\n\u2022 iritabilitatea;<br \/>\n\u2022 vulnerabilitatea etc.<\/p>\n<p>La pacien\u021bi sunt diagnosticate multe fobii ca de exemplu: frica de a se \u00eemboln\u0103vi de o boal\u0103 incurabil\u0103, frica de a-\u0219i ie\u0219i din min\u021bi sau de a muri de tineri etc. Uneori acestora le este fric\u0103 s\u0103 se afle \u00een societate sau \u00een preajma animalelor. Pacien\u021bii cu dificultate \u00ee\u0219i \u00eendeplinesc sarcinile de serviciu, obosesc foarte repede deoarece le sunt afectate func\u021biile mentale \u0219i au o memorie \u0219i aten\u021bie slab\u0103.<\/p>\n<p>La pacien\u021bi se mai depisteaz\u0103 \u0219i o \u00eenc\u0103lcare a somnului: incapacitatea de a adormi, somnul este superficial \u0219i nelini\u0219tit \u0219i viseaz\u0103 co\u0219maruri. Toate acestea sunt \u00eenso\u021bite de o sc\u0103dere sau o cre\u0219tere a apetitului. Pacien\u021bii sufer\u0103 de dureri fizice: dureri la nivelul abdomenului, capului sau inimii. Pe fondalul nevrozei se dezvolt\u0103 distonia vegetativ-vascular\u0103 manifestat\u0103 prin transpira\u021bie crescut\u0103, palpita\u021bii, ame\u021beli, modific\u0103ri ale tensiunii arteriale.<\/p>\n<h3>Tratarea nevrozei<\/h3>\n<p>Psihoterapia este cea mai eficient\u0103 metod\u0103 de a elimina aceast\u0103 afec\u021biune deoarece ea \u00eei permite pacientului s\u0103 \u00een\u021beleag\u0103 cauzele care au provocat boala \u0219i, de asemenea, s\u0103 g\u0103seasc\u0103 modalit\u0103\u021bile de a le \u00eenl\u0103tura.<\/p>\n<p>Nevroza se manifest\u0103 la oamenii care nu se pot adapta la lumea \u00eenconjur\u0103toare \u0219i la diferite schimb\u0103ri \u0219i care nu pot s\u0103-\u0219i formeze noi tr\u0103s\u0103turi (arhetip, nevroz\u0103, libidou). Psihoterapia poate \u00eenl\u0103tura aceste probleme \u0219i ajut\u0103 pacien\u021bii s\u0103 dob\u00e2ndeasc\u0103 abilit\u0103\u021bile necesare. Dac\u0103 boala este sever\u0103 atunci vor fi indicate antidepresive \u0219i tranchilizante.<\/p>\n<p>O mare importan\u021b\u0103 o joac\u0103 dorin\u021ba pacientului de a se vindeca \u0219i de a sc\u0103pa de ideile obsesive. Formarea autogen\u0103, medita\u021bia, auto-sugestia vor fi de un mare ajutor \u00een cazul dat.<\/p>\n<p>&nbsp;<\/p>\n","protected":false},"excerpt":{"rendered":"<p>Nevroza este o denumire general\u0103 a unui grup mare de tulbur\u0103ri mentale care se caracterizeaz\u0103 prin o decurgere prelungit\u0103. Semnele de nevroz\u0103 duc la tulbur\u0103ri mentale \u0219i fizice, \u00een majoritatea cazurilor bolnavul \u00ee\u0219i pierde capacitatea de munc\u0103 pe o perioad\u0103 oarecare. Cauzele nevrozei Cauzele acestei maladii servesc conflictele externe \u0219i interne, stresurile, epuizarea nervoas\u0103 sau [&hellip;]<\/p>\n","protected":false},"author":28,"featured_media":0,"parent":53026,"menu_order":0,"comment_status":"closed","ping_status":"closed","template":"","meta":{"inline_featured_image":false,"footnotes":""},"class_list":["post-65948","page","type-page","status-publish"],"yoast_head":"<!-- This site is optimized with the Yoast SEO plugin v27.3 - https:\/\/yoast.com\/product\/yoast-seo-wordpress\/ -->\n<title>Nevroza \u2013 o denumire general\u0103 a unui grup mare de tulbur\u0103ri mentale<\/title>\n<meta name=\"description\" content=\"Semnele de nevroz\u0103 duc la tulbur\u0103ri mentale \u0219i fizice, \u00een majoritatea cazurilor bolnavul \u00ee\u0219i pierde capacitatea de munc\u0103 pe o perioad\u0103 oarecare.\" \/>\n<meta name=\"robots\" content=\"index, follow, max-snippet:-1, max-image-preview:large, max-video-preview:-1\" \/>\n<link rel=\"canonical\" href=\"https:\/\/sanatate.md\/ro\/boli-si-tratament\/afectiuni-psihice\/nevroza\/\" \/>\n<meta property=\"og:locale\" content=\"ro_RO\" \/>\n<meta property=\"og:type\" content=\"article\" \/>\n<meta property=\"og:title\" content=\"Nevroza \u2013 o denumire general\u0103 a unui grup mare de tulbur\u0103ri mentale\" \/>\n<meta property=\"og:description\" content=\"Semnele de nevroz\u0103 duc la tulbur\u0103ri mentale \u0219i fizice, \u00een majoritatea cazurilor bolnavul \u00ee\u0219i pierde capacitatea de munc\u0103 pe o perioad\u0103 oarecare.\" \/>\n<meta property=\"og:url\" content=\"https:\/\/sanatate.md\/ro\/boli-si-tratament\/afectiuni-psihice\/nevroza\/\" \/>\n<meta property=\"og:site_name\" content=\"Sanatate.md\" \/>\n<meta name=\"twitter:card\" content=\"summary_large_image\" \/>\n<meta name=\"twitter:label1\" content=\"Timp estimat pentru citire\" \/>\n\t<meta name=\"twitter:data1\" content=\"3 minute\" \/>\n<script type=\"application\/ld+json\" class=\"yoast-schema-graph\">{\"@context\":\"https:\\\/\\\/schema.org\",\"@graph\":[{\"@type\":\"WebPage\",\"@id\":\"https:\\\/\\\/sanatate.md\\\/ro\\\/boli-si-tratament\\\/afectiuni-psihice\\\/nevroza\\\/\",\"url\":\"https:\\\/\\\/sanatate.md\\\/ro\\\/boli-si-tratament\\\/afectiuni-psihice\\\/nevroza\\\/\",\"name\":\"Nevroza \u2013 o denumire general\u0103 a unui grup mare de tulbur\u0103ri mentale\",\"isPartOf\":{\"@id\":\"https:\\\/\\\/sanatate.md\\\/ro\\\/#website\"},\"datePublished\":\"2018-09-27T11:29:51+00:00\",\"description\":\"Semnele de nevroz\u0103 duc la tulbur\u0103ri mentale \u0219i fizice, \u00een majoritatea cazurilor bolnavul \u00ee\u0219i pierde capacitatea de munc\u0103 pe o perioad\u0103 oarecare.\",\"breadcrumb\":{\"@id\":\"https:\\\/\\\/sanatate.md\\\/ro\\\/boli-si-tratament\\\/afectiuni-psihice\\\/nevroza\\\/#breadcrumb\"},\"inLanguage\":\"ro-RO\",\"potentialAction\":[{\"@type\":\"ReadAction\",\"target\":[\"https:\\\/\\\/sanatate.md\\\/ro\\\/boli-si-tratament\\\/afectiuni-psihice\\\/nevroza\\\/\"]}]},{\"@type\":\"BreadcrumbList\",\"@id\":\"https:\\\/\\\/sanatate.md\\\/ro\\\/boli-si-tratament\\\/afectiuni-psihice\\\/nevroza\\\/#breadcrumb\",\"itemListElement\":[{\"@type\":\"ListItem\",\"position\":1,\"name\":\"\u0413\u043b\u0430\u0432\u043d\u0430\u044f \u0441\u0442\u0440\u0430\u043d\u0438\u0446\u0430\",\"item\":\"https:\\\/\\\/sanatate.md\\\/ro\\\/\"},{\"@type\":\"ListItem\",\"position\":2,\"name\":\"Boli si tratament\",\"item\":\"https:\\\/\\\/sanatate.md\\\/ro\\\/boli-si-tratament\\\/\"},{\"@type\":\"ListItem\",\"position\":3,\"name\":\"Afec\u021biuni psihice\",\"item\":\"https:\\\/\\\/sanatate.md\\\/ro\\\/boli-si-tratament\\\/afectiuni-psihice\\\/\"},{\"@type\":\"ListItem\",\"position\":4,\"name\":\"Nevroza\"}]},{\"@type\":\"WebSite\",\"@id\":\"https:\\\/\\\/sanatate.md\\\/ro\\\/#website\",\"url\":\"https:\\\/\\\/sanatate.md\\\/ro\\\/\",\"name\":\"Sanatate.md\",\"description\":\"\u0416\u0443\u0440\u043d\u0430\u043b \u0434\u043b\u044f \u0432\u0441\u0435\u0439 \u0441\u0435\u043c\u044c\u0438 \u0432 \u041c\u043e\u043b\u0434\u043e\u0432\u0435\",\"publisher\":{\"@id\":\"https:\\\/\\\/sanatate.md\\\/ro\\\/#organization\"},\"potentialAction\":[{\"@type\":\"SearchAction\",\"target\":{\"@type\":\"EntryPoint\",\"urlTemplate\":\"https:\\\/\\\/sanatate.md\\\/ro\\\/?s={search_term_string}\"},\"query-input\":{\"@type\":\"PropertyValueSpecification\",\"valueRequired\":true,\"valueName\":\"search_term_string\"}}],\"inLanguage\":\"ro-RO\"},{\"@type\":\"Organization\",\"@id\":\"https:\\\/\\\/sanatate.md\\\/ro\\\/#organization\",\"name\":\"SANATATE\",\"url\":\"https:\\\/\\\/sanatate.md\\\/ro\\\/\",\"logo\":{\"@type\":\"ImageObject\",\"inLanguage\":\"ro-RO\",\"@id\":\"https:\\\/\\\/sanatate.md\\\/ro\\\/#\\\/schema\\\/logo\\\/image\\\/\",\"url\":\"https:\\\/\\\/sanatate.md\\\/wp-content\\\/uploads\\\/2022\\\/01\\\/sanatate-logo.svg\",\"contentUrl\":\"https:\\\/\\\/sanatate.md\\\/wp-content\\\/uploads\\\/2022\\\/01\\\/sanatate-logo.svg\",\"width\":\"1024\",\"height\":\"1024\",\"caption\":\"SANATATE\"},\"image\":{\"@id\":\"https:\\\/\\\/sanatate.md\\\/ro\\\/#\\\/schema\\\/logo\\\/image\\\/\"}}]}<\/script>\n<!-- \/ Yoast SEO plugin. -->","yoast_head_json":{"title":"Nevroza \u2013 o denumire general\u0103 a unui grup mare de tulbur\u0103ri mentale","description":"Semnele de nevroz\u0103 duc la tulbur\u0103ri mentale \u0219i fizice, \u00een majoritatea cazurilor bolnavul \u00ee\u0219i pierde capacitatea de munc\u0103 pe o perioad\u0103 oarecare.","robots":{"index":"index","follow":"follow","max-snippet":"max-snippet:-1","max-image-preview":"max-image-preview:large","max-video-preview":"max-video-preview:-1"},"canonical":"https:\/\/sanatate.md\/ro\/boli-si-tratament\/afectiuni-psihice\/nevroza\/","og_locale":"ro_RO","og_type":"article","og_title":"Nevroza \u2013 o denumire general\u0103 a unui grup mare de tulbur\u0103ri mentale","og_description":"Semnele de nevroz\u0103 duc la tulbur\u0103ri mentale \u0219i fizice, \u00een majoritatea cazurilor bolnavul \u00ee\u0219i pierde capacitatea de munc\u0103 pe o perioad\u0103 oarecare.","og_url":"https:\/\/sanatate.md\/ro\/boli-si-tratament\/afectiuni-psihice\/nevroza\/","og_site_name":"Sanatate.md","twitter_card":"summary_large_image","twitter_misc":{"Timp estimat pentru citire":"3 minute"},"schema":{"@context":"https:\/\/schema.org","@graph":[{"@type":"WebPage","@id":"https:\/\/sanatate.md\/ro\/boli-si-tratament\/afectiuni-psihice\/nevroza\/","url":"https:\/\/sanatate.md\/ro\/boli-si-tratament\/afectiuni-psihice\/nevroza\/","name":"Nevroza \u2013 o denumire general\u0103 a unui grup mare de tulbur\u0103ri mentale","isPartOf":{"@id":"https:\/\/sanatate.md\/ro\/#website"},"datePublished":"2018-09-27T11:29:51+00:00","description":"Semnele de nevroz\u0103 duc la tulbur\u0103ri mentale \u0219i fizice, \u00een majoritatea cazurilor bolnavul \u00ee\u0219i pierde capacitatea de munc\u0103 pe o perioad\u0103 oarecare.","breadcrumb":{"@id":"https:\/\/sanatate.md\/ro\/boli-si-tratament\/afectiuni-psihice\/nevroza\/#breadcrumb"},"inLanguage":"ro-RO","potentialAction":[{"@type":"ReadAction","target":["https:\/\/sanatate.md\/ro\/boli-si-tratament\/afectiuni-psihice\/nevroza\/"]}]},{"@type":"BreadcrumbList","@id":"https:\/\/sanatate.md\/ro\/boli-si-tratament\/afectiuni-psihice\/nevroza\/#breadcrumb","itemListElement":[{"@type":"ListItem","position":1,"name":"\u0413\u043b\u0430\u0432\u043d\u0430\u044f \u0441\u0442\u0440\u0430\u043d\u0438\u0446\u0430","item":"https:\/\/sanatate.md\/ro\/"},{"@type":"ListItem","position":2,"name":"Boli si tratament","item":"https:\/\/sanatate.md\/ro\/boli-si-tratament\/"},{"@type":"ListItem","position":3,"name":"Afec\u021biuni psihice","item":"https:\/\/sanatate.md\/ro\/boli-si-tratament\/afectiuni-psihice\/"},{"@type":"ListItem","position":4,"name":"Nevroza"}]},{"@type":"WebSite","@id":"https:\/\/sanatate.md\/ro\/#website","url":"https:\/\/sanatate.md\/ro\/","name":"Sanatate.md","description":"\u0416\u0443\u0440\u043d\u0430\u043b \u0434\u043b\u044f \u0432\u0441\u0435\u0439 \u0441\u0435\u043c\u044c\u0438 \u0432 \u041c\u043e\u043b\u0434\u043e\u0432\u0435","publisher":{"@id":"https:\/\/sanatate.md\/ro\/#organization"},"potentialAction":[{"@type":"SearchAction","target":{"@type":"EntryPoint","urlTemplate":"https:\/\/sanatate.md\/ro\/?s={search_term_string}"},"query-input":{"@type":"PropertyValueSpecification","valueRequired":true,"valueName":"search_term_string"}}],"inLanguage":"ro-RO"},{"@type":"Organization","@id":"https:\/\/sanatate.md\/ro\/#organization","name":"SANATATE","url":"https:\/\/sanatate.md\/ro\/","logo":{"@type":"ImageObject","inLanguage":"ro-RO","@id":"https:\/\/sanatate.md\/ro\/#\/schema\/logo\/image\/","url":"https:\/\/sanatate.md\/wp-content\/uploads\/2022\/01\/sanatate-logo.svg","contentUrl":"https:\/\/sanatate.md\/wp-content\/uploads\/2022\/01\/sanatate-logo.svg","width":"1024","height":"1024","caption":"SANATATE"},"image":{"@id":"https:\/\/sanatate.md\/ro\/#\/schema\/logo\/image\/"}}]}},"_links":{"self":[{"href":"https:\/\/sanatate.md\/ro\/wp-json\/wp\/v2\/pages\/65948","targetHints":{"allow":["GET"]}}],"collection":[{"href":"https:\/\/sanatate.md\/ro\/wp-json\/wp\/v2\/pages"}],"about":[{"href":"https:\/\/sanatate.md\/ro\/wp-json\/wp\/v2\/types\/page"}],"author":[{"embeddable":true,"href":"https:\/\/sanatate.md\/ro\/wp-json\/wp\/v2\/users\/28"}],"replies":[{"embeddable":true,"href":"https:\/\/sanatate.md\/ro\/wp-json\/wp\/v2\/comments?post=65948"}],"version-history":[{"count":0,"href":"https:\/\/sanatate.md\/ro\/wp-json\/wp\/v2\/pages\/65948\/revisions"}],"up":[{"embeddable":true,"href":"https:\/\/sanatate.md\/ro\/wp-json\/wp\/v2\/pages\/53026"}],"wp:attachment":[{"href":"https:\/\/sanatate.md\/ro\/wp-json\/wp\/v2\/media?parent=65948"}],"curies":[{"name":"wp","href":"https:\/\/api.w.org\/{rel}","templated":true}]}}