{"id":65956,"date":"2018-09-27T14:44:52","date_gmt":"2018-09-27T11:44:52","guid":{"rendered":"https:\/\/sanatate.md\/?page_id=65956"},"modified":"2018-09-27T14:44:52","modified_gmt":"2018-09-27T11:44:52","slug":"fistula-rectovaginala","status":"publish","type":"page","link":"https:\/\/sanatate.md\/ro\/boli-si-tratament\/boli-proctologice\/fistula-rectovaginala\/","title":{"rendered":"Fistula rectovaginal\u0103"},"content":{"rendered":"<p>Fistula rectovaginal\u0103 a vaginului este o fistul\u0103, care se afl\u0103 \u00eentre lumenul vaginului \u0219i rect. Cel mai adesea starea boln\u0103vicioas\u0103 este dob\u00e2ndit\u0103, dar se \u00eent\u00e2mpl\u0103 de asemenea s\u0103 fie \u0219i \u00eenn\u0103scut\u0103.<\/p>\n<p>Tipul form\u0103rii poate fi u\u0219or de depistat prin intermediul formei, \u00een afar\u0103 de aceasta, tratamentul bolii se realizeaz\u0103 prin metode diferite.<\/p>\n<h3>Cauzele st\u0103rii boln\u0103vicioase<\/h3>\n<p>Cauzele bolii sunt diferite:<br \/>\n\u2022 na\u0219teri prelungite \u0219i dificile;<br \/>\n\u2022 deshidratarea organismului;<br \/>\n\u2022 goluri \u0219i leziuni ale perineului;<br \/>\n\u2022 complica\u021bii dup\u0103 na\u0219terea patologic\u0103 (fistula rectovaginal\u0103 postpartum);<br \/>\n\u2022 v\u0103t\u0103m\u0103ri ale peretelui rectal \u00een timpul interven\u021biei chirurgicale:<br \/>\n\u2022 deschiderea independenta a proctitiilor acute in zona vaginal\u0103;<br \/>\n\u2022 leziuni ale septului rectovaginal;<br \/>\n\u2022 complica\u021bii ale bolii Crohn sau devicculoz\u0103 a colonului (se \u00eent\u00e2mpl\u0103 la femeile care au amputat uterul).<\/p>\n<h3>Simptomele bolii<\/h3>\n<p>Principalul simptom al bolii este eliberarea spontan\u0103 a scaunului \u0219i a gazelor din vagin. Spre deosebire de intestin, vaginul nu are un dispozitiv de blocare sub form\u0103 de mu\u0219chi, iar resturile acumulate sunt eliminate prin intermediului fistulei rectovaginale \u00een mod constant \u0219i \u00een orice cantitate. De multe ori din vagin se secreteaz\u0103 mase purulente, pacientul simte durere \u00een perineu, nu poate intra \u00een contact sexual, se dezvolt\u0103 disuria.<\/p>\n<h3>Diagnosticarea st\u0103rii de boal\u0103<\/h3>\n<p>Diagnosticul bolii poate fi realizat prin examinare ginecologic\u0103: lungimea vaginului la o femeie \u00een mediu este de 9 cm, investigarea peretelui din spate cu o oglind\u0103 nu prezint\u0103 nici o dificultate. De asemenea sunt u\u0219or de v\u0103zut sastia \u0219i elimin\u0103rile vaginale. De regul\u0103 fistula este localizat\u0103 la acela\u0219i nivel at\u00e2t \u00een rect, c\u00e2t \u0219i \u00een vagin, astfel \u00eenc\u00e2t \u00een\u0103l\u021bimea fistulei din rect este evaluat\u0103 conform examin\u0103rii ginecologice.<br \/>\nFemeile sunt supuse unei sigmoidoscopii, iar dac\u0103 este necesar este rralizat\u0103 \u0219i o colonoscopie \u0219i irrigoscopie.<\/p>\n<h3>Fistula rectovaginal\u0103: tratamentul st\u0103rii de boal\u0103<\/h3>\n<p>Interven\u021bia chirurgical\u0103 este unica metod\u0103 corect\u0103 de tratament a fistulei rectovaginale.Traumatismele traumatice acute ale septului rectovaginal se \u00eenl\u0103tur\u0103 \u00een primele optsprezece ore de la formarea acestora, ceea ce minimizeaz\u0103 riscul dezvolt\u0103rii proceselor purulente.<\/p>\n<p>Interven\u021bia const\u0103 \u00een excizia fistulei recto: \u00een timpul interven\u021biei toate \u021besuturile deteriorate vor fi disecate, apoi defectul rectal va fi suturat prin intermediul unui fir monofilament \u0219i a unui ac atraumatic. Defectele din vagin vor fi suturate cu ajutorul catgutului.<br \/>\nFistulele deja formate sunt mult mai greu de \u00eenl\u0103turat. De c\u0103tre speciali\u0219ti au fost elaborate mai mult de treizeci de tehnici opera\u021bionale \u0219i pe care anume s\u0103 o foloseasc\u0103 \u00eentr-un caz separat decid doar medicii.<\/p>\n","protected":false},"excerpt":{"rendered":"<p>Fistula rectovaginal\u0103 a vaginului este o fistul\u0103, care se afl\u0103 \u00eentre lumenul vaginului \u0219i rect. Cel mai adesea starea boln\u0103vicioas\u0103 este dob\u00e2ndit\u0103, dar se \u00eent\u00e2mpl\u0103 de asemenea s\u0103 fie \u0219i \u00eenn\u0103scut\u0103. Tipul form\u0103rii poate fi u\u0219or de depistat prin intermediul formei, \u00een afar\u0103 de aceasta, tratamentul bolii se realizeaz\u0103 prin metode diferite. Cauzele st\u0103rii boln\u0103vicioase [&hellip;]<\/p>\n","protected":false},"author":28,"featured_media":0,"parent":52984,"menu_order":0,"comment_status":"closed","ping_status":"closed","template":"","meta":{"inline_featured_image":false,"footnotes":""},"class_list":["post-65956","page","type-page","status-publish"],"yoast_head":"<!-- This site is optimized with the Yoast SEO plugin v27.3 - https:\/\/yoast.com\/product\/yoast-seo-wordpress\/ -->\n<title>Fistula rectovaginal\u0103<\/title>\n<meta name=\"description\" content=\"Fistula rectovaginal\u0103 a vaginului este o fistul\u0103, care se afl\u0103 \u00eentre lumenul vaginului \u0219i rect. Cel mai adesea starea boln\u0103vicioas\u0103 este dob\u00e2ndit\u0103, dar se \u00eent\u00e2mpl\u0103 de asemenea s\u0103 fie \u0219i \u00eenn\u0103scut\u0103.\" \/>\n<meta name=\"robots\" content=\"index, follow, max-snippet:-1, max-image-preview:large, max-video-preview:-1\" \/>\n<link rel=\"canonical\" href=\"https:\/\/sanatate.md\/ro\/boli-si-tratament\/boli-proctologice\/fistula-rectovaginala\/\" \/>\n<meta property=\"og:locale\" content=\"ro_RO\" \/>\n<meta property=\"og:type\" content=\"article\" \/>\n<meta property=\"og:title\" content=\"Fistula rectovaginal\u0103\" \/>\n<meta property=\"og:description\" content=\"Fistula rectovaginal\u0103 a vaginului este o fistul\u0103, care se afl\u0103 \u00eentre lumenul vaginului \u0219i rect. Cel mai adesea starea boln\u0103vicioas\u0103 este dob\u00e2ndit\u0103, dar se \u00eent\u00e2mpl\u0103 de asemenea s\u0103 fie \u0219i \u00eenn\u0103scut\u0103.\" \/>\n<meta property=\"og:url\" content=\"https:\/\/sanatate.md\/ro\/boli-si-tratament\/boli-proctologice\/fistula-rectovaginala\/\" \/>\n<meta property=\"og:site_name\" content=\"Sanatate.md\" \/>\n<meta name=\"twitter:card\" content=\"summary_large_image\" \/>\n<meta name=\"twitter:label1\" content=\"Timp estimat pentru citire\" \/>\n\t<meta name=\"twitter:data1\" content=\"2 minute\" \/>\n<script type=\"application\/ld+json\" class=\"yoast-schema-graph\">{\"@context\":\"https:\\\/\\\/schema.org\",\"@graph\":[{\"@type\":\"WebPage\",\"@id\":\"https:\\\/\\\/sanatate.md\\\/ro\\\/boli-si-tratament\\\/boli-proctologice\\\/fistula-rectovaginala\\\/\",\"url\":\"https:\\\/\\\/sanatate.md\\\/ro\\\/boli-si-tratament\\\/boli-proctologice\\\/fistula-rectovaginala\\\/\",\"name\":\"Fistula rectovaginal\u0103\",\"isPartOf\":{\"@id\":\"https:\\\/\\\/sanatate.md\\\/ro\\\/#website\"},\"datePublished\":\"2018-09-27T11:44:52+00:00\",\"description\":\"Fistula rectovaginal\u0103 a vaginului este o fistul\u0103, care se afl\u0103 \u00eentre lumenul vaginului \u0219i rect. Cel mai adesea starea boln\u0103vicioas\u0103 este dob\u00e2ndit\u0103, dar se \u00eent\u00e2mpl\u0103 de asemenea s\u0103 fie \u0219i \u00eenn\u0103scut\u0103.\",\"breadcrumb\":{\"@id\":\"https:\\\/\\\/sanatate.md\\\/ro\\\/boli-si-tratament\\\/boli-proctologice\\\/fistula-rectovaginala\\\/#breadcrumb\"},\"inLanguage\":\"ro-RO\",\"potentialAction\":[{\"@type\":\"ReadAction\",\"target\":[\"https:\\\/\\\/sanatate.md\\\/ro\\\/boli-si-tratament\\\/boli-proctologice\\\/fistula-rectovaginala\\\/\"]}]},{\"@type\":\"BreadcrumbList\",\"@id\":\"https:\\\/\\\/sanatate.md\\\/ro\\\/boli-si-tratament\\\/boli-proctologice\\\/fistula-rectovaginala\\\/#breadcrumb\",\"itemListElement\":[{\"@type\":\"ListItem\",\"position\":1,\"name\":\"\u0413\u043b\u0430\u0432\u043d\u0430\u044f \u0441\u0442\u0440\u0430\u043d\u0438\u0446\u0430\",\"item\":\"https:\\\/\\\/sanatate.md\\\/ro\\\/\"},{\"@type\":\"ListItem\",\"position\":2,\"name\":\"Boli si tratament\",\"item\":\"https:\\\/\\\/sanatate.md\\\/ro\\\/boli-si-tratament\\\/\"},{\"@type\":\"ListItem\",\"position\":3,\"name\":\"Boli proctologice\",\"item\":\"https:\\\/\\\/sanatate.md\\\/ro\\\/boli-si-tratament\\\/boli-proctologice\\\/\"},{\"@type\":\"ListItem\",\"position\":4,\"name\":\"Fistula rectovaginal\u0103\"}]},{\"@type\":\"WebSite\",\"@id\":\"https:\\\/\\\/sanatate.md\\\/ro\\\/#website\",\"url\":\"https:\\\/\\\/sanatate.md\\\/ro\\\/\",\"name\":\"Sanatate.md\",\"description\":\"\u0416\u0443\u0440\u043d\u0430\u043b \u0434\u043b\u044f \u0432\u0441\u0435\u0439 \u0441\u0435\u043c\u044c\u0438 \u0432 \u041c\u043e\u043b\u0434\u043e\u0432\u0435\",\"publisher\":{\"@id\":\"https:\\\/\\\/sanatate.md\\\/ro\\\/#organization\"},\"potentialAction\":[{\"@type\":\"SearchAction\",\"target\":{\"@type\":\"EntryPoint\",\"urlTemplate\":\"https:\\\/\\\/sanatate.md\\\/ro\\\/?s={search_term_string}\"},\"query-input\":{\"@type\":\"PropertyValueSpecification\",\"valueRequired\":true,\"valueName\":\"search_term_string\"}}],\"inLanguage\":\"ro-RO\"},{\"@type\":\"Organization\",\"@id\":\"https:\\\/\\\/sanatate.md\\\/ro\\\/#organization\",\"name\":\"SANATATE\",\"url\":\"https:\\\/\\\/sanatate.md\\\/ro\\\/\",\"logo\":{\"@type\":\"ImageObject\",\"inLanguage\":\"ro-RO\",\"@id\":\"https:\\\/\\\/sanatate.md\\\/ro\\\/#\\\/schema\\\/logo\\\/image\\\/\",\"url\":\"https:\\\/\\\/sanatate.md\\\/wp-content\\\/uploads\\\/2022\\\/01\\\/sanatate-logo.svg\",\"contentUrl\":\"https:\\\/\\\/sanatate.md\\\/wp-content\\\/uploads\\\/2022\\\/01\\\/sanatate-logo.svg\",\"width\":\"1024\",\"height\":\"1024\",\"caption\":\"SANATATE\"},\"image\":{\"@id\":\"https:\\\/\\\/sanatate.md\\\/ro\\\/#\\\/schema\\\/logo\\\/image\\\/\"}}]}<\/script>\n<!-- \/ Yoast SEO plugin. -->","yoast_head_json":{"title":"Fistula rectovaginal\u0103","description":"Fistula rectovaginal\u0103 a vaginului este o fistul\u0103, care se afl\u0103 \u00eentre lumenul vaginului \u0219i rect. Cel mai adesea starea boln\u0103vicioas\u0103 este dob\u00e2ndit\u0103, dar se \u00eent\u00e2mpl\u0103 de asemenea s\u0103 fie \u0219i \u00eenn\u0103scut\u0103.","robots":{"index":"index","follow":"follow","max-snippet":"max-snippet:-1","max-image-preview":"max-image-preview:large","max-video-preview":"max-video-preview:-1"},"canonical":"https:\/\/sanatate.md\/ro\/boli-si-tratament\/boli-proctologice\/fistula-rectovaginala\/","og_locale":"ro_RO","og_type":"article","og_title":"Fistula rectovaginal\u0103","og_description":"Fistula rectovaginal\u0103 a vaginului este o fistul\u0103, care se afl\u0103 \u00eentre lumenul vaginului \u0219i rect. Cel mai adesea starea boln\u0103vicioas\u0103 este dob\u00e2ndit\u0103, dar se \u00eent\u00e2mpl\u0103 de asemenea s\u0103 fie \u0219i \u00eenn\u0103scut\u0103.","og_url":"https:\/\/sanatate.md\/ro\/boli-si-tratament\/boli-proctologice\/fistula-rectovaginala\/","og_site_name":"Sanatate.md","twitter_card":"summary_large_image","twitter_misc":{"Timp estimat pentru citire":"2 minute"},"schema":{"@context":"https:\/\/schema.org","@graph":[{"@type":"WebPage","@id":"https:\/\/sanatate.md\/ro\/boli-si-tratament\/boli-proctologice\/fistula-rectovaginala\/","url":"https:\/\/sanatate.md\/ro\/boli-si-tratament\/boli-proctologice\/fistula-rectovaginala\/","name":"Fistula rectovaginal\u0103","isPartOf":{"@id":"https:\/\/sanatate.md\/ro\/#website"},"datePublished":"2018-09-27T11:44:52+00:00","description":"Fistula rectovaginal\u0103 a vaginului este o fistul\u0103, care se afl\u0103 \u00eentre lumenul vaginului \u0219i rect. Cel mai adesea starea boln\u0103vicioas\u0103 este dob\u00e2ndit\u0103, dar se \u00eent\u00e2mpl\u0103 de asemenea s\u0103 fie \u0219i \u00eenn\u0103scut\u0103.","breadcrumb":{"@id":"https:\/\/sanatate.md\/ro\/boli-si-tratament\/boli-proctologice\/fistula-rectovaginala\/#breadcrumb"},"inLanguage":"ro-RO","potentialAction":[{"@type":"ReadAction","target":["https:\/\/sanatate.md\/ro\/boli-si-tratament\/boli-proctologice\/fistula-rectovaginala\/"]}]},{"@type":"BreadcrumbList","@id":"https:\/\/sanatate.md\/ro\/boli-si-tratament\/boli-proctologice\/fistula-rectovaginala\/#breadcrumb","itemListElement":[{"@type":"ListItem","position":1,"name":"\u0413\u043b\u0430\u0432\u043d\u0430\u044f \u0441\u0442\u0440\u0430\u043d\u0438\u0446\u0430","item":"https:\/\/sanatate.md\/ro\/"},{"@type":"ListItem","position":2,"name":"Boli si tratament","item":"https:\/\/sanatate.md\/ro\/boli-si-tratament\/"},{"@type":"ListItem","position":3,"name":"Boli proctologice","item":"https:\/\/sanatate.md\/ro\/boli-si-tratament\/boli-proctologice\/"},{"@type":"ListItem","position":4,"name":"Fistula rectovaginal\u0103"}]},{"@type":"WebSite","@id":"https:\/\/sanatate.md\/ro\/#website","url":"https:\/\/sanatate.md\/ro\/","name":"Sanatate.md","description":"\u0416\u0443\u0440\u043d\u0430\u043b \u0434\u043b\u044f \u0432\u0441\u0435\u0439 \u0441\u0435\u043c\u044c\u0438 \u0432 \u041c\u043e\u043b\u0434\u043e\u0432\u0435","publisher":{"@id":"https:\/\/sanatate.md\/ro\/#organization"},"potentialAction":[{"@type":"SearchAction","target":{"@type":"EntryPoint","urlTemplate":"https:\/\/sanatate.md\/ro\/?s={search_term_string}"},"query-input":{"@type":"PropertyValueSpecification","valueRequired":true,"valueName":"search_term_string"}}],"inLanguage":"ro-RO"},{"@type":"Organization","@id":"https:\/\/sanatate.md\/ro\/#organization","name":"SANATATE","url":"https:\/\/sanatate.md\/ro\/","logo":{"@type":"ImageObject","inLanguage":"ro-RO","@id":"https:\/\/sanatate.md\/ro\/#\/schema\/logo\/image\/","url":"https:\/\/sanatate.md\/wp-content\/uploads\/2022\/01\/sanatate-logo.svg","contentUrl":"https:\/\/sanatate.md\/wp-content\/uploads\/2022\/01\/sanatate-logo.svg","width":"1024","height":"1024","caption":"SANATATE"},"image":{"@id":"https:\/\/sanatate.md\/ro\/#\/schema\/logo\/image\/"}}]}},"_links":{"self":[{"href":"https:\/\/sanatate.md\/ro\/wp-json\/wp\/v2\/pages\/65956","targetHints":{"allow":["GET"]}}],"collection":[{"href":"https:\/\/sanatate.md\/ro\/wp-json\/wp\/v2\/pages"}],"about":[{"href":"https:\/\/sanatate.md\/ro\/wp-json\/wp\/v2\/types\/page"}],"author":[{"embeddable":true,"href":"https:\/\/sanatate.md\/ro\/wp-json\/wp\/v2\/users\/28"}],"replies":[{"embeddable":true,"href":"https:\/\/sanatate.md\/ro\/wp-json\/wp\/v2\/comments?post=65956"}],"version-history":[{"count":0,"href":"https:\/\/sanatate.md\/ro\/wp-json\/wp\/v2\/pages\/65956\/revisions"}],"up":[{"embeddable":true,"href":"https:\/\/sanatate.md\/ro\/wp-json\/wp\/v2\/pages\/52984"}],"wp:attachment":[{"href":"https:\/\/sanatate.md\/ro\/wp-json\/wp\/v2\/media?parent=65956"}],"curies":[{"name":"wp","href":"https:\/\/api.w.org\/{rel}","templated":true}]}}