{"id":65960,"date":"2018-09-27T14:55:49","date_gmt":"2018-09-27T11:55:49","guid":{"rendered":"https:\/\/sanatate.md\/?page_id=65960"},"modified":"2018-09-27T14:55:49","modified_gmt":"2018-09-27T11:55:49","slug":"streptodermia","status":"publish","type":"page","link":"https:\/\/sanatate.md\/ro\/boli-si-tratament\/boli-de-piele\/streptodermia\/","title":{"rendered":"Streptodermia"},"content":{"rendered":"<p>Streptodermia este o boal\u0103 a pielii \u00een form\u0103 acut\u0103 care este cauzat\u0103 de o infec\u021bie streptococic\u0103. Pentru aceast\u0103 boal\u0103 sunt caracteristice erup\u021biile purulente care apar pe piele sub form\u0103 de pete de form\u0103 rotunjit\u0103 de nuan\u021b\u0103 roz \u0219i care au o suprafa\u021b\u0103 ce se crusteaz\u0103.<\/p>\n<h3>Cauzele apari\u021biei<\/h3>\n<p>Streptococii sunt microorganismele care intr\u0103 \u00een grupul de forma\u021biuni patogene condi\u021bionate care tr\u0103iesc pe suprafa\u021ba pielii umane. O astfel de microflor\u0103 se nume\u0219te patogenico condi\u021bionat\u0103 deoarece boala apare numai \u00een anumite condi\u021bii \u0219i anume:<\/p>\n<p>\u2022 sc\u0103derea activit\u0103\u021bii sistemului imunitar (dup\u0103 boli acute, hipotermie frecvent\u0103);<br \/>\n\u2022 c\u00e2nd apar pe piele mici r\u0103ni sau abraziuni.<\/p>\n<p>Sunt unele cazuri \u00een care pute\u021bi contagia aceast\u0103 boal\u0103 de la o persoan\u0103 bolnav\u0103 \u0219i anume aceasta se \u00eent\u00e2mpl\u0103 adesea \u00een colectivele de copii deoarece la copiii \u00eenc\u0103 nu s-a format imunitatea necesar\u0103 ca s\u0103-i apere de astfel de infec\u021bii.. Perioada de incuba\u021bie dureaz\u0103 7 zile.<\/p>\n<p>\u00cen unele cazuri streptoderma se poate dezvolta \u00eentr-o form\u0103 cronic\u0103 ca urmare a cre\u0219terii sensibilit\u0103\u021bii pielii la microbi. Acest lucru se datoreaz\u0103 unor astfel de factori ca:<\/p>\n<ul>\n<li>varicea;<\/li>\n<li>dezvoltarea diabetului zaharat;<\/li>\n<li>perioada \u00eendelungat\u0103 de supunere a membrelor la frig.<\/li>\n<\/ul>\n<h3>Tipuri<\/h3>\n<p>Exist\u0103 astfel de tipuri de streptodermie:<br \/>\n\u2022 streptodermia leziunilor profunde \u0219i superficiale;<br \/>\n\u2022 streptodermia de form\u0103 acut\u0103 \u0219i cronic\u0103.<\/p>\n<p>De asemenea mai exist\u0103 o maladie aparte care se nume\u0219te streptodermia uscat\u0103, aceasta se caracterizeaz\u0103 prin formarea superficial\u0103 a suprafe\u021belor purulente pe suprafa\u021ba pielii..<br \/>\nSimptome<\/p>\n<p>Principalul simptom al acestei boli este apari\u021bia de vezicule ro\u0219ii care se pot sparge \u0219i secreta lichid \u0219i apoi dezvolt\u0103 o crust\u0103 galben\u0103-maronie. De regul\u0103, pacientul nu manifest\u0103 anume senza\u021bii subiective, dar \u00een unele cazuri pot ap\u0103rea astfel de simptome ca:<br \/>\n\u2022 m\u00e2nc\u0103rime a pielii;<br \/>\n\u2022 usc\u0103ciune;<br \/>\n\u2022 cre\u0219terea temperaturii corpului;<br \/>\n\u2022 cre\u0219terea dimensiunii ganglionilor limfatici.<\/p>\n<p>Petele circulare streptodermice pot varia \u00een dimensiune, \u00een unele cazuri, diametrul poate ajunge treptat p\u00e2n\u0103 la 3-4 centimetri. Cele mai frecvente pete sunt localizate \u00een regiunea fe\u021bei uneori pe fese, extremit\u0103\u021bile superioare \u0219i inferioare precum \u0219i \u00een regiunea spatelui. Dup\u0103 ce petele dispar pe locul unde au fost localizate acestea apare o depigmentare temporar\u0103.<br \/>\nAceast\u0103 boal\u0103 infec\u021bioas\u0103 poate provoca o serie de complica\u021bii ce \u021bin de func\u021bionarea organelor interne \u0219i anume a sistemului cardiovascular (poate provoca miocardita) \u0219i a func\u021bion\u0103rii rinichilor (poate ap\u0103rea glomerulonefrita).<\/p>\n<p>La fel mai pot ap\u0103rea \u0219i complica\u021bii locale ca:<\/p>\n<p>\u2022 abcesele care se manifest\u0103 prin formarea de zone purulente cu contururi limitate de capsul\u0103;<\/p>\n<p>\u2022 flegmoane care se manifest\u0103 prin formarea de abcese f\u0103r\u0103 limitarea de \u021besuturile din jurul pl\u0103gii.<\/p>\n<h3>Tratament<\/h3>\n<p>Metodele de tratament le indic\u0103 un dermatolog. Copiii trebuie s\u0103 urmeze o diet\u0103 hipoalergenic\u0103 care limiteaz\u0103 consumul de alimente grase, picante \u0219i dulci. \u00cen timpul perioadei de tratament sunt interzise b\u0103i\u021bele deoarece boala se poate r\u0103sp\u00e2ndi pe tot corpul. Pielea s\u0103n\u0103toas\u0103 trebuie \u0219tears\u0103 cu lo\u021biune de musetel medicinal.<\/p>\n<p>Este necesar s\u0103 se limiteze purtarea \u00eembr\u0103c\u0103mintei sintetice \u0219i de l\u00e2n\u0103, care poate provoca transpira\u021bii active \u0219i o cre\u0219tere a num\u0103rului de zone afectate. Se recomand\u0103 ca pacien\u021bii s\u0103 poarte haine din \u021bes\u0103turi naturale.<br \/>\n\u00centr-o institu\u021bie medical\u0103 focarele infectate se deschid cu un ac steril apoi rana trebuie prelucrat\u0103 cu coloran\u021bi de anilin\u0103 de dou\u0103 ori pe zi.<\/p>\n<p>Pentru a opri cre\u0219terea focarelor infec\u021bioase, pielea s\u0103n\u0103toas\u0103 din jurul zonelor afectate trebuie prelucrat\u0103 cu alcool salicilic sau boric. Pentru a usca suprafa\u021ba care se umeze\u0219te se recomand\u0103 acoperirea suprafe\u021bei cu lapis (azotat de argint) sau Resorcinol.<\/p>\n<p>Dac\u0103 suprafe\u021bele sunt mari atunci pe cruste se vor aplica unguente antibacteriene ca:<\/p>\n<ul>\n<li>Unguent tetraciclinic;<\/li>\n<li>Fucidin;<\/li>\n<li>Unguent de levomycetin\u0103;<\/li>\n<li>Unguent de eritromicin\u0103;<\/li>\n<li>Fusiderm.<\/li>\n<\/ul>\n<p>\u00cen cazuri severe este prescris\u0103 terapia sistemic\u0103 antibiotic\u0103 (curs de tratament de la 5 p\u00e2n\u0103 la 7 zile):<\/p>\n<ul>\n<li>Amoxiclav;<\/li>\n<li>Levomycetin\u0103;<\/li>\n<li>Tetraciclin\u0103.<\/li>\n<\/ul>\n<p>Pentru a \u00eendep\u0103rta m\u00e2nc\u0103rimea sunt prescrise preparatele de ac\u021biune de desensibilizare ca:<\/p>\n<p>\u2022 Claritina;<br \/>\n\u2022 Suprastinul \u0219i altele.<br \/>\n\u2022\u00a0Simultan se administreaz\u0103 medicamente imunostimulatoare ca:<br \/>\n\u2022 Imunal;<br \/>\n\u2022 Autohemoterapia.\u0422<\/p>\n","protected":false},"excerpt":{"rendered":"<p>Streptodermia este o boal\u0103 a pielii \u00een form\u0103 acut\u0103 care este cauzat\u0103 de o infec\u021bie streptococic\u0103. Pentru aceast\u0103 boal\u0103 sunt caracteristice erup\u021biile purulente care apar pe piele sub form\u0103 de pete de form\u0103 rotunjit\u0103 de nuan\u021b\u0103 roz \u0219i care au o suprafa\u021b\u0103 ce se crusteaz\u0103. Cauzele apari\u021biei Streptococii sunt microorganismele care intr\u0103 \u00een grupul de [&hellip;]<\/p>\n","protected":false},"author":28,"featured_media":0,"parent":38239,"menu_order":0,"comment_status":"closed","ping_status":"closed","template":"","meta":{"inline_featured_image":false,"footnotes":""},"class_list":["post-65960","page","type-page","status-publish"],"yoast_head":"<!-- This site is optimized with the Yoast SEO plugin v27.3 - https:\/\/yoast.com\/product\/yoast-seo-wordpress\/ -->\n<title>Streptodermia<\/title>\n<meta name=\"description\" content=\"Streptodermia este o boal\u0103 a pielii \u00een form\u0103 acut\u0103 care este cauzat\u0103 de o infec\u021bie streptococic\u0103.\" \/>\n<meta name=\"robots\" content=\"index, follow, max-snippet:-1, max-image-preview:large, max-video-preview:-1\" \/>\n<link rel=\"canonical\" href=\"https:\/\/sanatate.md\/ro\/boli-si-tratament\/boli-de-piele\/streptodermia\/\" \/>\n<meta property=\"og:locale\" content=\"ro_RO\" \/>\n<meta property=\"og:type\" content=\"article\" \/>\n<meta property=\"og:title\" content=\"Streptodermia\" \/>\n<meta property=\"og:description\" content=\"Streptodermia este o boal\u0103 a pielii \u00een form\u0103 acut\u0103 care este cauzat\u0103 de o infec\u021bie streptococic\u0103.\" \/>\n<meta property=\"og:url\" content=\"https:\/\/sanatate.md\/ro\/boli-si-tratament\/boli-de-piele\/streptodermia\/\" \/>\n<meta property=\"og:site_name\" content=\"Sanatate.md\" \/>\n<meta name=\"twitter:card\" content=\"summary_large_image\" \/>\n<meta name=\"twitter:label1\" content=\"Timp estimat pentru citire\" \/>\n\t<meta name=\"twitter:data1\" content=\"3 minute\" \/>\n<script type=\"application\/ld+json\" class=\"yoast-schema-graph\">{\"@context\":\"https:\\\/\\\/schema.org\",\"@graph\":[{\"@type\":\"WebPage\",\"@id\":\"https:\\\/\\\/sanatate.md\\\/ro\\\/boli-si-tratament\\\/boli-de-piele\\\/streptodermia\\\/\",\"url\":\"https:\\\/\\\/sanatate.md\\\/ro\\\/boli-si-tratament\\\/boli-de-piele\\\/streptodermia\\\/\",\"name\":\"Streptodermia\",\"isPartOf\":{\"@id\":\"https:\\\/\\\/sanatate.md\\\/ro\\\/#website\"},\"datePublished\":\"2018-09-27T11:55:49+00:00\",\"description\":\"Streptodermia este o boal\u0103 a pielii \u00een form\u0103 acut\u0103 care este cauzat\u0103 de o infec\u021bie streptococic\u0103.\",\"breadcrumb\":{\"@id\":\"https:\\\/\\\/sanatate.md\\\/ro\\\/boli-si-tratament\\\/boli-de-piele\\\/streptodermia\\\/#breadcrumb\"},\"inLanguage\":\"ro-RO\",\"potentialAction\":[{\"@type\":\"ReadAction\",\"target\":[\"https:\\\/\\\/sanatate.md\\\/ro\\\/boli-si-tratament\\\/boli-de-piele\\\/streptodermia\\\/\"]}]},{\"@type\":\"BreadcrumbList\",\"@id\":\"https:\\\/\\\/sanatate.md\\\/ro\\\/boli-si-tratament\\\/boli-de-piele\\\/streptodermia\\\/#breadcrumb\",\"itemListElement\":[{\"@type\":\"ListItem\",\"position\":1,\"name\":\"\u0413\u043b\u0430\u0432\u043d\u0430\u044f \u0441\u0442\u0440\u0430\u043d\u0438\u0446\u0430\",\"item\":\"https:\\\/\\\/sanatate.md\\\/ro\\\/\"},{\"@type\":\"ListItem\",\"position\":2,\"name\":\"Boli si tratament\",\"item\":\"https:\\\/\\\/sanatate.md\\\/ro\\\/boli-si-tratament\\\/\"},{\"@type\":\"ListItem\",\"position\":3,\"name\":\"Boli de piele\",\"item\":\"https:\\\/\\\/sanatate.md\\\/ro\\\/boli-si-tratament\\\/boli-de-piele\\\/\"},{\"@type\":\"ListItem\",\"position\":4,\"name\":\"Streptodermia\"}]},{\"@type\":\"WebSite\",\"@id\":\"https:\\\/\\\/sanatate.md\\\/ro\\\/#website\",\"url\":\"https:\\\/\\\/sanatate.md\\\/ro\\\/\",\"name\":\"Sanatate.md\",\"description\":\"\u0416\u0443\u0440\u043d\u0430\u043b \u0434\u043b\u044f \u0432\u0441\u0435\u0439 \u0441\u0435\u043c\u044c\u0438 \u0432 \u041c\u043e\u043b\u0434\u043e\u0432\u0435\",\"publisher\":{\"@id\":\"https:\\\/\\\/sanatate.md\\\/ro\\\/#organization\"},\"potentialAction\":[{\"@type\":\"SearchAction\",\"target\":{\"@type\":\"EntryPoint\",\"urlTemplate\":\"https:\\\/\\\/sanatate.md\\\/ro\\\/?s={search_term_string}\"},\"query-input\":{\"@type\":\"PropertyValueSpecification\",\"valueRequired\":true,\"valueName\":\"search_term_string\"}}],\"inLanguage\":\"ro-RO\"},{\"@type\":\"Organization\",\"@id\":\"https:\\\/\\\/sanatate.md\\\/ro\\\/#organization\",\"name\":\"SANATATE\",\"url\":\"https:\\\/\\\/sanatate.md\\\/ro\\\/\",\"logo\":{\"@type\":\"ImageObject\",\"inLanguage\":\"ro-RO\",\"@id\":\"https:\\\/\\\/sanatate.md\\\/ro\\\/#\\\/schema\\\/logo\\\/image\\\/\",\"url\":\"https:\\\/\\\/sanatate.md\\\/wp-content\\\/uploads\\\/2022\\\/01\\\/sanatate-logo.svg\",\"contentUrl\":\"https:\\\/\\\/sanatate.md\\\/wp-content\\\/uploads\\\/2022\\\/01\\\/sanatate-logo.svg\",\"width\":\"1024\",\"height\":\"1024\",\"caption\":\"SANATATE\"},\"image\":{\"@id\":\"https:\\\/\\\/sanatate.md\\\/ro\\\/#\\\/schema\\\/logo\\\/image\\\/\"}}]}<\/script>\n<!-- \/ Yoast SEO plugin. -->","yoast_head_json":{"title":"Streptodermia","description":"Streptodermia este o boal\u0103 a pielii \u00een form\u0103 acut\u0103 care este cauzat\u0103 de o infec\u021bie streptococic\u0103.","robots":{"index":"index","follow":"follow","max-snippet":"max-snippet:-1","max-image-preview":"max-image-preview:large","max-video-preview":"max-video-preview:-1"},"canonical":"https:\/\/sanatate.md\/ro\/boli-si-tratament\/boli-de-piele\/streptodermia\/","og_locale":"ro_RO","og_type":"article","og_title":"Streptodermia","og_description":"Streptodermia este o boal\u0103 a pielii \u00een form\u0103 acut\u0103 care este cauzat\u0103 de o infec\u021bie streptococic\u0103.","og_url":"https:\/\/sanatate.md\/ro\/boli-si-tratament\/boli-de-piele\/streptodermia\/","og_site_name":"Sanatate.md","twitter_card":"summary_large_image","twitter_misc":{"Timp estimat pentru citire":"3 minute"},"schema":{"@context":"https:\/\/schema.org","@graph":[{"@type":"WebPage","@id":"https:\/\/sanatate.md\/ro\/boli-si-tratament\/boli-de-piele\/streptodermia\/","url":"https:\/\/sanatate.md\/ro\/boli-si-tratament\/boli-de-piele\/streptodermia\/","name":"Streptodermia","isPartOf":{"@id":"https:\/\/sanatate.md\/ro\/#website"},"datePublished":"2018-09-27T11:55:49+00:00","description":"Streptodermia este o boal\u0103 a pielii \u00een form\u0103 acut\u0103 care este cauzat\u0103 de o infec\u021bie streptococic\u0103.","breadcrumb":{"@id":"https:\/\/sanatate.md\/ro\/boli-si-tratament\/boli-de-piele\/streptodermia\/#breadcrumb"},"inLanguage":"ro-RO","potentialAction":[{"@type":"ReadAction","target":["https:\/\/sanatate.md\/ro\/boli-si-tratament\/boli-de-piele\/streptodermia\/"]}]},{"@type":"BreadcrumbList","@id":"https:\/\/sanatate.md\/ro\/boli-si-tratament\/boli-de-piele\/streptodermia\/#breadcrumb","itemListElement":[{"@type":"ListItem","position":1,"name":"\u0413\u043b\u0430\u0432\u043d\u0430\u044f \u0441\u0442\u0440\u0430\u043d\u0438\u0446\u0430","item":"https:\/\/sanatate.md\/ro\/"},{"@type":"ListItem","position":2,"name":"Boli si tratament","item":"https:\/\/sanatate.md\/ro\/boli-si-tratament\/"},{"@type":"ListItem","position":3,"name":"Boli de piele","item":"https:\/\/sanatate.md\/ro\/boli-si-tratament\/boli-de-piele\/"},{"@type":"ListItem","position":4,"name":"Streptodermia"}]},{"@type":"WebSite","@id":"https:\/\/sanatate.md\/ro\/#website","url":"https:\/\/sanatate.md\/ro\/","name":"Sanatate.md","description":"\u0416\u0443\u0440\u043d\u0430\u043b \u0434\u043b\u044f \u0432\u0441\u0435\u0439 \u0441\u0435\u043c\u044c\u0438 \u0432 \u041c\u043e\u043b\u0434\u043e\u0432\u0435","publisher":{"@id":"https:\/\/sanatate.md\/ro\/#organization"},"potentialAction":[{"@type":"SearchAction","target":{"@type":"EntryPoint","urlTemplate":"https:\/\/sanatate.md\/ro\/?s={search_term_string}"},"query-input":{"@type":"PropertyValueSpecification","valueRequired":true,"valueName":"search_term_string"}}],"inLanguage":"ro-RO"},{"@type":"Organization","@id":"https:\/\/sanatate.md\/ro\/#organization","name":"SANATATE","url":"https:\/\/sanatate.md\/ro\/","logo":{"@type":"ImageObject","inLanguage":"ro-RO","@id":"https:\/\/sanatate.md\/ro\/#\/schema\/logo\/image\/","url":"https:\/\/sanatate.md\/wp-content\/uploads\/2022\/01\/sanatate-logo.svg","contentUrl":"https:\/\/sanatate.md\/wp-content\/uploads\/2022\/01\/sanatate-logo.svg","width":"1024","height":"1024","caption":"SANATATE"},"image":{"@id":"https:\/\/sanatate.md\/ro\/#\/schema\/logo\/image\/"}}]}},"_links":{"self":[{"href":"https:\/\/sanatate.md\/ro\/wp-json\/wp\/v2\/pages\/65960","targetHints":{"allow":["GET"]}}],"collection":[{"href":"https:\/\/sanatate.md\/ro\/wp-json\/wp\/v2\/pages"}],"about":[{"href":"https:\/\/sanatate.md\/ro\/wp-json\/wp\/v2\/types\/page"}],"author":[{"embeddable":true,"href":"https:\/\/sanatate.md\/ro\/wp-json\/wp\/v2\/users\/28"}],"replies":[{"embeddable":true,"href":"https:\/\/sanatate.md\/ro\/wp-json\/wp\/v2\/comments?post=65960"}],"version-history":[{"count":0,"href":"https:\/\/sanatate.md\/ro\/wp-json\/wp\/v2\/pages\/65960\/revisions"}],"up":[{"embeddable":true,"href":"https:\/\/sanatate.md\/ro\/wp-json\/wp\/v2\/pages\/38239"}],"wp:attachment":[{"href":"https:\/\/sanatate.md\/ro\/wp-json\/wp\/v2\/media?parent=65960"}],"curies":[{"name":"wp","href":"https:\/\/api.w.org\/{rel}","templated":true}]}}