{"id":65964,"date":"2018-09-27T15:09:53","date_gmt":"2018-09-27T12:09:53","guid":{"rendered":"https:\/\/sanatate.md\/?page_id=65964"},"modified":"2018-09-27T15:09:53","modified_gmt":"2018-09-27T12:09:53","slug":"detasarea-retinei","status":"publish","type":"page","link":"https:\/\/sanatate.md\/ro\/boli-si-tratament\/boli-ale-ochiului\/detasarea-retinei\/","title":{"rendered":"Deta\u0219area retinei"},"content":{"rendered":"<p>Deta\u0219area retinei este o stare periculoas\u0103, care duce la sc\u0103derea sau pierderea vederii.<br \/>\nRetina permite s\u0103 vedem tot ce ne \u00eenconjoar\u0103. Pe ea se reprofileaz\u0103 elementele pe care le vizualiz\u0103m. Nervul optic transmite informa\u021bia creierului.<\/p>\n<p>Retina organului de vedere s\u0103n\u0103tos vine \u00een contact cu peretele vascular. \u00cen cazul \u00een care se produce deta\u0219area retinei, ca urmare a patologiei, vederea scade. \u00cen cazurile severe &#8212; poate duce la orbirea complet\u0103.<\/p>\n<h3>Prin gradul de difuziune se desting:<\/h3>\n<p>\u2022 delaminare par\u021bial\u0103 (p\u00e2n\u0103 la 1 cadran);<br \/>\n\u2022 comun\u0103 (p\u00e2n\u0103 la 2 cadrane);<br \/>\n\u2022 deta\u0219are retinian\u0103 subtotal\u0103 (p\u00e2n\u0103 la 3 cadrane);<br \/>\n\u2022 total\u0103 (exfoliere complet\u0103).<\/p>\n<p>Deta\u0219area retinei secundare a ochiului difer\u0103 de cea primar\u0103 prin faptul, c\u0103 nu e o boal\u0103 independent\u0103, ci este o complica\u021bie a patologiei principale a ochilor.<\/p>\n<h3>Cauzele deta\u0219\u0103rii retinei<\/h3>\n<p>Boala se dezvolt\u0103 ca rezultat al traumei sau miopiei, cu patologii vitreografice, retinopatie de origine diabetic\u0103, neoplasme ale ochilor, distrofie retinian\u0103 etc.<\/p>\n<p>Adesea e imposibil s\u0103 se identifice cauza st\u0103rii de boal\u0103. Factorii predispozan\u021bi sunt urm\u0103toarii:<br \/>\n\u2022 sindromul Marfan (patologia congenital\u0103 a \u021besutului conjunctiv);<br \/>\n\u2022 miopie;<br \/>\n\u2022 schimb\u0103ri de v\u00e2rst\u0103;<br \/>\n\u2022 procese inflamatorii;<br \/>\n\u2022 complica\u021bii dup\u0103 interven\u021bie chirurgical\u0103 (tratamentul cataractei);<br \/>\n\u2022 diabet zaharat (stadiul schimb\u0103rilor proliferative);<br \/>\n\u2022 ereditate.<\/p>\n<h3>Simptomele deta\u0219\u0103rii retinei<\/h3>\n<p>Simptomele unei afec\u021biuni dureroase:<br \/>\n\u2022 &#8220;giulgiu&#8221; \u00eenaintea ochilor (pacien\u021bii cred c\u0103 va trece \u0219i de multe ori se auto-trateaz\u0103, de fapt trebuie s\u0103 se adreseze urgent la medic \u0219i s\u0103-i spun\u0103 \u00een care parte a ochiului a ap\u0103rut patologia, deoarece se poate r\u0103sp\u00e2ndi \u0219i acoperi \u00eentregul ochi);<br \/>\n\u2022 apari\u021bia de sc\u00e2ntei \u0219i flash-uri \u00een ochi;<br \/>\n\u2022 \u00een cazul \u00een care centrul retinei este deteriorat &#8211; literele \u0219i obiectele \u00een cauz\u0103 sunt distorsionate, c\u0103z\u00e2nd din vedere.<br \/>\nDiagnosticarea afec\u021biunei dureroase<br \/>\n\u2022 o examinare am\u0103nun\u021bit\u0103 a ochiului de c\u0103tre un oftalmolog (folosind instrumente speciale);<br \/>\n\u2022 se verific\u0103 acuitatea vizual\u0103;<br \/>\n\u2022 viziunea lateral\u0103 este verificat\u0103 pentru a determina starea retinei la nivelul perifericului;<br \/>\n\u2022 m\u0103surarea presiunii intraocular\u0103 (reducerea indic\u0103 o patologie);<br \/>\n\u2022 inspectarea fundului ochiului;<br \/>\n\u2022 se efectuiaz\u0103 sxaminarea ochilor cu ultrasunete, metod\u0103 ce reflect\u0103 dimensiunea \u0219i starea patologiei;<br \/>\n\u2022 investigarea electrofiziologic\u0103 permite descoperirea gradului de deteriorare a celulelor nervoase ale retinei, precum \u0219i a nervului optic.<\/p>\n<h3>Tratamentul deta\u0219\u0103rii retinei<\/h3>\n<p>Starea dureroas\u0103 este tratat\u0103 exclusiv chirurgical.<br \/>\n\u00cen cazul diagnosticului deta\u0219\u0103rii retinei, opera\u021bia este reu\u0219it\u0103, dac\u0103 patologia e stabilit\u0103 \u00eentr-o faz\u0103 timpurie (eficacitatea este de la 90 la 40% sau mai pu\u021bin, \u00een func\u021bie de diagnosticarea \u00een timp util a bolii).<br \/>\nDac\u0103 procesul patologic sa r\u0103sp\u00e2ndit \u0219i retina a suferit mult timp din cauza lipsei de oxigen, va fi foarte dificil s\u0103 fie restabilit\u0103.<\/p>\n<p>Interven\u021bia chirurgical\u0103 se efectueaz\u0103 sub anestezie general\u0103 sau local\u0103.<br \/>\nMedicii folosesc un microscop pentru a detecta zona rupturii retinei \u0219i a o \u00eenchide cu un laser indus artificial sau inflama\u021bie rece. Dup\u0103 aceasta, printr- o tehnic\u0103 special\u0103, retina se fixeaz\u0103.<br \/>\n\u00cen cazul deta\u0219\u0103rii locale a retinei se folose\u0219te metoda de plombare \u00een zona de ruptur\u0103 a ei. \u00cen cazul patologiilor vitreografice se face o opera\u021bie de \u00eenlocuire: se efectueaz\u0103 vitrectomia, se \u00eendep\u0103rteaz\u0103 vitroful \u0219i \u00een loc se pune o solu\u021bie special\u0103, care asigur\u0103 o fixare a retinei cu peretele vascular.<\/p>\n<p>Dup\u0103 efectuarea procedurilor chirurgicale, pacientului i se recomand\u0103 o odihn\u0103 la pat timp de c\u00e2teva zile.<\/p>\n<p>\u00cen continuare urmeaz\u0103 s\u0103 respecte urm\u0103toarele regulile timp de 3 luni:<br \/>\n\u2022 s\u0103 nu ridice greut\u0103\u021bi;<br \/>\n\u2022 s\u0103 nu practice sportul;<br \/>\n\u2022 s\u0103 protejeze ochii de fluctua\u021biile bru\u0219te de temperatur\u0103;<br \/>\n\u2022 s\u0103 protejeze ochii de lumina soarelui (de utilizat ochelarii de soare);<br \/>\n\u2022 s\u0103 nu se aplece;<br \/>\n\u2022 s\u0103 nu fac\u0103 mi\u0219c\u0103ri bru\u0219te ale capului.<\/p>\n","protected":false},"excerpt":{"rendered":"<p>Deta\u0219area retinei este o stare periculoas\u0103, care duce la sc\u0103derea sau pierderea vederii. Retina permite s\u0103 vedem tot ce ne \u00eenconjoar\u0103. Pe ea se reprofileaz\u0103 elementele pe care le vizualiz\u0103m. Nervul optic transmite informa\u021bia creierului. Retina organului de vedere s\u0103n\u0103tos vine \u00een contact cu peretele vascular. \u00cen cazul \u00een care se produce deta\u0219area retinei, ca [&hellip;]<\/p>\n","protected":false},"author":28,"featured_media":0,"parent":52990,"menu_order":0,"comment_status":"closed","ping_status":"closed","template":"","meta":{"inline_featured_image":false,"footnotes":""},"class_list":["post-65964","page","type-page","status-publish"],"yoast_head":"<!-- This site is optimized with the Yoast SEO plugin v27.3 - https:\/\/yoast.com\/product\/yoast-seo-wordpress\/ -->\n<title>Deta\u0219area retinei<\/title>\n<meta name=\"description\" content=\"Deta\u0219area retinei este o stare periculoas\u0103, care duce la sc\u0103derea sau pierderea vederii.Retina permite s\u0103 vedem tot ce ne \u00eenconjoar\u0103.\" \/>\n<meta name=\"robots\" content=\"index, follow, max-snippet:-1, max-image-preview:large, max-video-preview:-1\" \/>\n<link rel=\"canonical\" href=\"https:\/\/sanatate.md\/ro\/boli-si-tratament\/boli-ale-ochiului\/detasarea-retinei\/\" \/>\n<meta property=\"og:locale\" content=\"ro_RO\" \/>\n<meta property=\"og:type\" content=\"article\" \/>\n<meta property=\"og:title\" content=\"Deta\u0219area retinei\" \/>\n<meta property=\"og:description\" content=\"Deta\u0219area retinei este o stare periculoas\u0103, care duce la sc\u0103derea sau pierderea vederii.Retina permite s\u0103 vedem tot ce ne \u00eenconjoar\u0103.\" \/>\n<meta property=\"og:url\" content=\"https:\/\/sanatate.md\/ro\/boli-si-tratament\/boli-ale-ochiului\/detasarea-retinei\/\" \/>\n<meta property=\"og:site_name\" content=\"Sanatate.md\" \/>\n<meta name=\"twitter:card\" content=\"summary_large_image\" \/>\n<meta name=\"twitter:label1\" content=\"Timp estimat pentru citire\" \/>\n\t<meta name=\"twitter:data1\" content=\"3 minute\" \/>\n<script type=\"application\/ld+json\" class=\"yoast-schema-graph\">{\"@context\":\"https:\\\/\\\/schema.org\",\"@graph\":[{\"@type\":\"WebPage\",\"@id\":\"https:\\\/\\\/sanatate.md\\\/ro\\\/boli-si-tratament\\\/boli-ale-ochiului\\\/detasarea-retinei\\\/\",\"url\":\"https:\\\/\\\/sanatate.md\\\/ro\\\/boli-si-tratament\\\/boli-ale-ochiului\\\/detasarea-retinei\\\/\",\"name\":\"Deta\u0219area retinei\",\"isPartOf\":{\"@id\":\"https:\\\/\\\/sanatate.md\\\/ro\\\/#website\"},\"datePublished\":\"2018-09-27T12:09:53+00:00\",\"description\":\"Deta\u0219area retinei este o stare periculoas\u0103, care duce la sc\u0103derea sau pierderea vederii.Retina permite s\u0103 vedem tot ce ne \u00eenconjoar\u0103.\",\"breadcrumb\":{\"@id\":\"https:\\\/\\\/sanatate.md\\\/ro\\\/boli-si-tratament\\\/boli-ale-ochiului\\\/detasarea-retinei\\\/#breadcrumb\"},\"inLanguage\":\"ro-RO\",\"potentialAction\":[{\"@type\":\"ReadAction\",\"target\":[\"https:\\\/\\\/sanatate.md\\\/ro\\\/boli-si-tratament\\\/boli-ale-ochiului\\\/detasarea-retinei\\\/\"]}]},{\"@type\":\"BreadcrumbList\",\"@id\":\"https:\\\/\\\/sanatate.md\\\/ro\\\/boli-si-tratament\\\/boli-ale-ochiului\\\/detasarea-retinei\\\/#breadcrumb\",\"itemListElement\":[{\"@type\":\"ListItem\",\"position\":1,\"name\":\"\u0413\u043b\u0430\u0432\u043d\u0430\u044f \u0441\u0442\u0440\u0430\u043d\u0438\u0446\u0430\",\"item\":\"https:\\\/\\\/sanatate.md\\\/ro\\\/\"},{\"@type\":\"ListItem\",\"position\":2,\"name\":\"Boli si tratament\",\"item\":\"https:\\\/\\\/sanatate.md\\\/ro\\\/boli-si-tratament\\\/\"},{\"@type\":\"ListItem\",\"position\":3,\"name\":\"Boli ale ochiului\",\"item\":\"https:\\\/\\\/sanatate.md\\\/ro\\\/boli-si-tratament\\\/boli-ale-ochiului\\\/\"},{\"@type\":\"ListItem\",\"position\":4,\"name\":\"Deta\u0219area retinei\"}]},{\"@type\":\"WebSite\",\"@id\":\"https:\\\/\\\/sanatate.md\\\/ro\\\/#website\",\"url\":\"https:\\\/\\\/sanatate.md\\\/ro\\\/\",\"name\":\"Sanatate.md\",\"description\":\"\u0416\u0443\u0440\u043d\u0430\u043b \u0434\u043b\u044f \u0432\u0441\u0435\u0439 \u0441\u0435\u043c\u044c\u0438 \u0432 \u041c\u043e\u043b\u0434\u043e\u0432\u0435\",\"publisher\":{\"@id\":\"https:\\\/\\\/sanatate.md\\\/ro\\\/#organization\"},\"potentialAction\":[{\"@type\":\"SearchAction\",\"target\":{\"@type\":\"EntryPoint\",\"urlTemplate\":\"https:\\\/\\\/sanatate.md\\\/ro\\\/?s={search_term_string}\"},\"query-input\":{\"@type\":\"PropertyValueSpecification\",\"valueRequired\":true,\"valueName\":\"search_term_string\"}}],\"inLanguage\":\"ro-RO\"},{\"@type\":\"Organization\",\"@id\":\"https:\\\/\\\/sanatate.md\\\/ro\\\/#organization\",\"name\":\"SANATATE\",\"url\":\"https:\\\/\\\/sanatate.md\\\/ro\\\/\",\"logo\":{\"@type\":\"ImageObject\",\"inLanguage\":\"ro-RO\",\"@id\":\"https:\\\/\\\/sanatate.md\\\/ro\\\/#\\\/schema\\\/logo\\\/image\\\/\",\"url\":\"https:\\\/\\\/sanatate.md\\\/wp-content\\\/uploads\\\/2022\\\/01\\\/sanatate-logo.svg\",\"contentUrl\":\"https:\\\/\\\/sanatate.md\\\/wp-content\\\/uploads\\\/2022\\\/01\\\/sanatate-logo.svg\",\"width\":\"1024\",\"height\":\"1024\",\"caption\":\"SANATATE\"},\"image\":{\"@id\":\"https:\\\/\\\/sanatate.md\\\/ro\\\/#\\\/schema\\\/logo\\\/image\\\/\"}}]}<\/script>\n<!-- \/ Yoast SEO plugin. -->","yoast_head_json":{"title":"Deta\u0219area retinei","description":"Deta\u0219area retinei este o stare periculoas\u0103, care duce la sc\u0103derea sau pierderea vederii.Retina permite s\u0103 vedem tot ce ne \u00eenconjoar\u0103.","robots":{"index":"index","follow":"follow","max-snippet":"max-snippet:-1","max-image-preview":"max-image-preview:large","max-video-preview":"max-video-preview:-1"},"canonical":"https:\/\/sanatate.md\/ro\/boli-si-tratament\/boli-ale-ochiului\/detasarea-retinei\/","og_locale":"ro_RO","og_type":"article","og_title":"Deta\u0219area retinei","og_description":"Deta\u0219area retinei este o stare periculoas\u0103, care duce la sc\u0103derea sau pierderea vederii.Retina permite s\u0103 vedem tot ce ne \u00eenconjoar\u0103.","og_url":"https:\/\/sanatate.md\/ro\/boli-si-tratament\/boli-ale-ochiului\/detasarea-retinei\/","og_site_name":"Sanatate.md","twitter_card":"summary_large_image","twitter_misc":{"Timp estimat pentru citire":"3 minute"},"schema":{"@context":"https:\/\/schema.org","@graph":[{"@type":"WebPage","@id":"https:\/\/sanatate.md\/ro\/boli-si-tratament\/boli-ale-ochiului\/detasarea-retinei\/","url":"https:\/\/sanatate.md\/ro\/boli-si-tratament\/boli-ale-ochiului\/detasarea-retinei\/","name":"Deta\u0219area retinei","isPartOf":{"@id":"https:\/\/sanatate.md\/ro\/#website"},"datePublished":"2018-09-27T12:09:53+00:00","description":"Deta\u0219area retinei este o stare periculoas\u0103, care duce la sc\u0103derea sau pierderea vederii.Retina permite s\u0103 vedem tot ce ne \u00eenconjoar\u0103.","breadcrumb":{"@id":"https:\/\/sanatate.md\/ro\/boli-si-tratament\/boli-ale-ochiului\/detasarea-retinei\/#breadcrumb"},"inLanguage":"ro-RO","potentialAction":[{"@type":"ReadAction","target":["https:\/\/sanatate.md\/ro\/boli-si-tratament\/boli-ale-ochiului\/detasarea-retinei\/"]}]},{"@type":"BreadcrumbList","@id":"https:\/\/sanatate.md\/ro\/boli-si-tratament\/boli-ale-ochiului\/detasarea-retinei\/#breadcrumb","itemListElement":[{"@type":"ListItem","position":1,"name":"\u0413\u043b\u0430\u0432\u043d\u0430\u044f \u0441\u0442\u0440\u0430\u043d\u0438\u0446\u0430","item":"https:\/\/sanatate.md\/ro\/"},{"@type":"ListItem","position":2,"name":"Boli si tratament","item":"https:\/\/sanatate.md\/ro\/boli-si-tratament\/"},{"@type":"ListItem","position":3,"name":"Boli ale ochiului","item":"https:\/\/sanatate.md\/ro\/boli-si-tratament\/boli-ale-ochiului\/"},{"@type":"ListItem","position":4,"name":"Deta\u0219area retinei"}]},{"@type":"WebSite","@id":"https:\/\/sanatate.md\/ro\/#website","url":"https:\/\/sanatate.md\/ro\/","name":"Sanatate.md","description":"\u0416\u0443\u0440\u043d\u0430\u043b \u0434\u043b\u044f \u0432\u0441\u0435\u0439 \u0441\u0435\u043c\u044c\u0438 \u0432 \u041c\u043e\u043b\u0434\u043e\u0432\u0435","publisher":{"@id":"https:\/\/sanatate.md\/ro\/#organization"},"potentialAction":[{"@type":"SearchAction","target":{"@type":"EntryPoint","urlTemplate":"https:\/\/sanatate.md\/ro\/?s={search_term_string}"},"query-input":{"@type":"PropertyValueSpecification","valueRequired":true,"valueName":"search_term_string"}}],"inLanguage":"ro-RO"},{"@type":"Organization","@id":"https:\/\/sanatate.md\/ro\/#organization","name":"SANATATE","url":"https:\/\/sanatate.md\/ro\/","logo":{"@type":"ImageObject","inLanguage":"ro-RO","@id":"https:\/\/sanatate.md\/ro\/#\/schema\/logo\/image\/","url":"https:\/\/sanatate.md\/wp-content\/uploads\/2022\/01\/sanatate-logo.svg","contentUrl":"https:\/\/sanatate.md\/wp-content\/uploads\/2022\/01\/sanatate-logo.svg","width":"1024","height":"1024","caption":"SANATATE"},"image":{"@id":"https:\/\/sanatate.md\/ro\/#\/schema\/logo\/image\/"}}]}},"_links":{"self":[{"href":"https:\/\/sanatate.md\/ro\/wp-json\/wp\/v2\/pages\/65964","targetHints":{"allow":["GET"]}}],"collection":[{"href":"https:\/\/sanatate.md\/ro\/wp-json\/wp\/v2\/pages"}],"about":[{"href":"https:\/\/sanatate.md\/ro\/wp-json\/wp\/v2\/types\/page"}],"author":[{"embeddable":true,"href":"https:\/\/sanatate.md\/ro\/wp-json\/wp\/v2\/users\/28"}],"replies":[{"embeddable":true,"href":"https:\/\/sanatate.md\/ro\/wp-json\/wp\/v2\/comments?post=65964"}],"version-history":[{"count":0,"href":"https:\/\/sanatate.md\/ro\/wp-json\/wp\/v2\/pages\/65964\/revisions"}],"up":[{"embeddable":true,"href":"https:\/\/sanatate.md\/ro\/wp-json\/wp\/v2\/pages\/52990"}],"wp:attachment":[{"href":"https:\/\/sanatate.md\/ro\/wp-json\/wp\/v2\/media?parent=65964"}],"curies":[{"name":"wp","href":"https:\/\/api.w.org\/{rel}","templated":true}]}}