{"id":65968,"date":"2018-09-27T15:17:29","date_gmt":"2018-09-27T12:17:29","guid":{"rendered":"https:\/\/sanatate.md\/?page_id=65968"},"modified":"2018-09-27T15:17:29","modified_gmt":"2018-09-27T12:17:29","slug":"vasculita","status":"publish","type":"page","link":"https:\/\/sanatate.md\/ro\/boli-si-tratament\/boli-ale-inimii-si-ale-vaselor-de-sange\/vasculita\/","title":{"rendered":"Vasculita"},"content":{"rendered":"<p>Vasculita este numele unui grup de boli, care se caracterizeaz\u0103 prin procese inflamatorii \u00een vasele de s\u00e2nge \u0219i care duc la distrugerea lor. \u00cen majoritatea cazurilor, boala se r\u0103sp\u00e2nde\u0219te \u00een mai multe organe sau \u021besuturi interne: \u00eengustarea vaselor afecteaz\u0103 \u00een mod negativ alimentarea cu s\u00e2nge a organelor interne, rezult\u00e2nd \u00een moartea \u021besuturilor. Vasculita poate ap\u0103rea \u00een orice organ.<\/p>\n<h3>Simptomatologia<\/h3>\n<p>Persoanele bolnave de vasculit\u0103 eviden\u021biaz\u0103 cele mai frecvente semne ale bolii:<br \/>\n\u2022 sl\u0103biciune general\u0103 a organismului;<br \/>\n\u2022 stare febril\u0103;<br \/>\n\u2022 lipsa apetitului;<br \/>\n\u2022 pierdere \u00een greutate;<br \/>\n\u2022 durere la nivelul articula\u021biilor;<br \/>\n\u2022 erup\u021bii pe piele.<\/p>\n<p>Simptomele bolii depind de locul \u00een care acestea apar, \u00een ce organe \u0219i care sunt cauzate de leziunea vaselor de s\u00e2nge, \u00een cazul \u00een care alimentarea cu s\u00e2nge a fost perturbat\u0103.<br \/>\nDac\u0103 sunt afectate vasele pielii, atunci \u00een cele mai multe cazuri apare o erup\u021bie pe piele; dac\u0103 cele cerebrale &#8211; se poate dezvolta un accident vascular cerebral; dac\u0103 vasele de s\u00e2nge ale inimii &#8211; apari\u021bia atacurilor de inim\u0103 cre\u0219te de mai multe ori.<\/p>\n<p>Erup\u021bia pe piele sub form\u0103 de hemoragii mici este un semn al vasculitei de tip hemoragic.<br \/>\n\u00cen unele cazuri, vasculita poate avea forma altei boli, manifest\u00e2nd simptome similare. De exemplu, acest tip de vasculit\u0103, cum ar fi artrita temporal\u0103, care apare cel mai adesea la oameni dup\u0103 cincizeci de ani, manifest\u0103 senza\u021bii dureroase \u00een regiunea parietal\u0103 sau temporal\u0103 a capului, pe occiput. Poate fi, de asemenea, \u00eentrerupt\u0103 activitatea sistemului vizual. Simptomatologia altor tipuri de vasculite poate fi \u00eenso\u021bit\u0103 de semne de sinus maxilar sau inflama\u021bie a urechii medii.<\/p>\n<h3>Diagnosticarea<\/h3>\n<p>Vasculita poate fi de dou\u0103 tipuri:<br \/>\n\u2022 tipul primar (o boal\u0103 care apare independent);<br \/>\n\u2022 tip secundar (se dezvolt\u0103 pe fundalul sepsisului, meningitei \u0219i a altor boli).<br \/>\nExist\u0103 multe sindroame care se caracterizeaz\u0103 prin declan\u0219area proceselor inflamatorii \u00een pere\u021bii arteriali de diferite calibre. De asemenea, zona afectat\u0103 d\u0103 semnale. Toate aceste caracteristici complic\u0103 \u00een mod semnificativ diagnosticul de vasculit\u0103 sistemic\u0103.<\/p>\n<p>Diagnosticul vasculitelor se efectueaz\u0103 \u00een clinici specializate pe baza metodelor:<br \/>\n\u2022 examen microscopic;<br \/>\n\u2022 studii imunologice;<br \/>\n\u2022 metode chimice \u0219i sondaje instrumentale.<br \/>\n\u2022 De asemenea, diagnosticul include:<br \/>\n\u2022 analiza complet\u0103 a urinei \u0219i a s\u00e2ngelui;<br \/>\n\u2022 angiografie;<br \/>\n\u2022 raze X;<br \/>\n\u2022 biopsie;<br \/>\n\u2022 tomografie.<\/p>\n<h3>Tratamentul<\/h3>\n<p>La primele simptome de vasculit\u0103, trebuie s\u0103 consulta\u021bi un reumatolog, care va lua un test de urin\u0103 \u0219i s\u00e2nge, va face angiografie \u0219i raze X.<br \/>\n\u00centregul ciclu de tratament va depinde de diagnosticul tipului de vasculit\u0103.<\/p>\n<p>\u00cen majoritatea cazurilor se indic\u0103:<br \/>\n\u2022 medicamente antiinflamatoare;<br \/>\n\u2022 medicamente care suprim\u0103 reac\u021biile imune (imunosupresoare);<br \/>\n\u2022 medicamente care ajut\u0103 la \u00eembun\u0103t\u0103\u021birea fluxului sanguin \u00een vase.<\/p>\n<p>\u00cen timpul tratamentului, este adesea necesar s\u0103 se examineze \u0219i s\u0103 se consulte diferi\u021bi medici, deoarece e necesar\u0103 corectarea leziunilor interne \u0219i a m\u0103surilor preventive pentru a evita complica\u021biile. E necesar\u0103 consulta\u021bia otolaringologului, oculistului, chirurgului, nefrologului, neuropatologului, terapeutului.<\/p>\n","protected":false},"excerpt":{"rendered":"<p>Vasculita este numele unui grup de boli, care se caracterizeaz\u0103 prin procese inflamatorii \u00een vasele de s\u00e2nge \u0219i care duc la distrugerea lor. \u00cen majoritatea cazurilor, boala se r\u0103sp\u00e2nde\u0219te \u00een mai multe organe sau \u021besuturi interne: \u00eengustarea vaselor afecteaz\u0103 \u00een mod negativ alimentarea cu s\u00e2nge a organelor interne, rezult\u00e2nd \u00een moartea \u021besuturilor. Vasculita poate ap\u0103rea [&hellip;]<\/p>\n","protected":false},"author":28,"featured_media":0,"parent":53002,"menu_order":0,"comment_status":"closed","ping_status":"closed","template":"","meta":{"inline_featured_image":false,"footnotes":""},"class_list":["post-65968","page","type-page","status-publish"],"yoast_head":"<!-- This site is optimized with the Yoast SEO plugin v27.3 - https:\/\/yoast.com\/product\/yoast-seo-wordpress\/ -->\n<title>Vasculita<\/title>\n<meta name=\"description\" content=\"Vasculita este numele unui grup de boli, care se caracterizeaz\u0103 prin procese inflamatorii \u00een vasele de s\u00e2nge \u0219i care duc la distrugerea lor.\" \/>\n<meta name=\"robots\" content=\"index, follow, max-snippet:-1, max-image-preview:large, max-video-preview:-1\" \/>\n<link rel=\"canonical\" href=\"https:\/\/sanatate.md\/ro\/boli-si-tratament\/boli-ale-inimii-si-ale-vaselor-de-sange\/vasculita\/\" \/>\n<meta property=\"og:locale\" content=\"ro_RO\" \/>\n<meta property=\"og:type\" content=\"article\" \/>\n<meta property=\"og:title\" content=\"Vasculita\" \/>\n<meta property=\"og:description\" content=\"Vasculita este numele unui grup de boli, care se caracterizeaz\u0103 prin procese inflamatorii \u00een vasele de s\u00e2nge \u0219i care duc la distrugerea lor.\" \/>\n<meta property=\"og:url\" content=\"https:\/\/sanatate.md\/ro\/boli-si-tratament\/boli-ale-inimii-si-ale-vaselor-de-sange\/vasculita\/\" \/>\n<meta property=\"og:site_name\" content=\"Sanatate.md\" \/>\n<meta name=\"twitter:card\" content=\"summary_large_image\" \/>\n<meta name=\"twitter:label1\" content=\"Timp estimat pentru citire\" \/>\n\t<meta name=\"twitter:data1\" content=\"2 minute\" \/>\n<script type=\"application\/ld+json\" class=\"yoast-schema-graph\">{\"@context\":\"https:\\\/\\\/schema.org\",\"@graph\":[{\"@type\":\"WebPage\",\"@id\":\"https:\\\/\\\/sanatate.md\\\/ro\\\/boli-si-tratament\\\/boli-ale-inimii-si-ale-vaselor-de-sange\\\/vasculita\\\/\",\"url\":\"https:\\\/\\\/sanatate.md\\\/ro\\\/boli-si-tratament\\\/boli-ale-inimii-si-ale-vaselor-de-sange\\\/vasculita\\\/\",\"name\":\"Vasculita\",\"isPartOf\":{\"@id\":\"https:\\\/\\\/sanatate.md\\\/ro\\\/#website\"},\"datePublished\":\"2018-09-27T12:17:29+00:00\",\"description\":\"Vasculita este numele unui grup de boli, care se caracterizeaz\u0103 prin procese inflamatorii \u00een vasele de s\u00e2nge \u0219i care duc la distrugerea lor.\",\"breadcrumb\":{\"@id\":\"https:\\\/\\\/sanatate.md\\\/ro\\\/boli-si-tratament\\\/boli-ale-inimii-si-ale-vaselor-de-sange\\\/vasculita\\\/#breadcrumb\"},\"inLanguage\":\"ro-RO\",\"potentialAction\":[{\"@type\":\"ReadAction\",\"target\":[\"https:\\\/\\\/sanatate.md\\\/ro\\\/boli-si-tratament\\\/boli-ale-inimii-si-ale-vaselor-de-sange\\\/vasculita\\\/\"]}]},{\"@type\":\"BreadcrumbList\",\"@id\":\"https:\\\/\\\/sanatate.md\\\/ro\\\/boli-si-tratament\\\/boli-ale-inimii-si-ale-vaselor-de-sange\\\/vasculita\\\/#breadcrumb\",\"itemListElement\":[{\"@type\":\"ListItem\",\"position\":1,\"name\":\"\u0413\u043b\u0430\u0432\u043d\u0430\u044f \u0441\u0442\u0440\u0430\u043d\u0438\u0446\u0430\",\"item\":\"https:\\\/\\\/sanatate.md\\\/ro\\\/\"},{\"@type\":\"ListItem\",\"position\":2,\"name\":\"Boli si tratament\",\"item\":\"https:\\\/\\\/sanatate.md\\\/ro\\\/boli-si-tratament\\\/\"},{\"@type\":\"ListItem\",\"position\":3,\"name\":\"Boli ale inimii \u0219i ale vaselor de s\u00e2nge\",\"item\":\"https:\\\/\\\/sanatate.md\\\/ro\\\/boli-si-tratament\\\/boli-ale-inimii-si-ale-vaselor-de-sange\\\/\"},{\"@type\":\"ListItem\",\"position\":4,\"name\":\"Vasculita\"}]},{\"@type\":\"WebSite\",\"@id\":\"https:\\\/\\\/sanatate.md\\\/ro\\\/#website\",\"url\":\"https:\\\/\\\/sanatate.md\\\/ro\\\/\",\"name\":\"Sanatate.md\",\"description\":\"\u0416\u0443\u0440\u043d\u0430\u043b \u0434\u043b\u044f \u0432\u0441\u0435\u0439 \u0441\u0435\u043c\u044c\u0438 \u0432 \u041c\u043e\u043b\u0434\u043e\u0432\u0435\",\"publisher\":{\"@id\":\"https:\\\/\\\/sanatate.md\\\/ro\\\/#organization\"},\"potentialAction\":[{\"@type\":\"SearchAction\",\"target\":{\"@type\":\"EntryPoint\",\"urlTemplate\":\"https:\\\/\\\/sanatate.md\\\/ro\\\/?s={search_term_string}\"},\"query-input\":{\"@type\":\"PropertyValueSpecification\",\"valueRequired\":true,\"valueName\":\"search_term_string\"}}],\"inLanguage\":\"ro-RO\"},{\"@type\":\"Organization\",\"@id\":\"https:\\\/\\\/sanatate.md\\\/ro\\\/#organization\",\"name\":\"SANATATE\",\"url\":\"https:\\\/\\\/sanatate.md\\\/ro\\\/\",\"logo\":{\"@type\":\"ImageObject\",\"inLanguage\":\"ro-RO\",\"@id\":\"https:\\\/\\\/sanatate.md\\\/ro\\\/#\\\/schema\\\/logo\\\/image\\\/\",\"url\":\"https:\\\/\\\/sanatate.md\\\/wp-content\\\/uploads\\\/2022\\\/01\\\/sanatate-logo.svg\",\"contentUrl\":\"https:\\\/\\\/sanatate.md\\\/wp-content\\\/uploads\\\/2022\\\/01\\\/sanatate-logo.svg\",\"width\":\"1024\",\"height\":\"1024\",\"caption\":\"SANATATE\"},\"image\":{\"@id\":\"https:\\\/\\\/sanatate.md\\\/ro\\\/#\\\/schema\\\/logo\\\/image\\\/\"}}]}<\/script>\n<!-- \/ Yoast SEO plugin. -->","yoast_head_json":{"title":"Vasculita","description":"Vasculita este numele unui grup de boli, care se caracterizeaz\u0103 prin procese inflamatorii \u00een vasele de s\u00e2nge \u0219i care duc la distrugerea lor.","robots":{"index":"index","follow":"follow","max-snippet":"max-snippet:-1","max-image-preview":"max-image-preview:large","max-video-preview":"max-video-preview:-1"},"canonical":"https:\/\/sanatate.md\/ro\/boli-si-tratament\/boli-ale-inimii-si-ale-vaselor-de-sange\/vasculita\/","og_locale":"ro_RO","og_type":"article","og_title":"Vasculita","og_description":"Vasculita este numele unui grup de boli, care se caracterizeaz\u0103 prin procese inflamatorii \u00een vasele de s\u00e2nge \u0219i care duc la distrugerea lor.","og_url":"https:\/\/sanatate.md\/ro\/boli-si-tratament\/boli-ale-inimii-si-ale-vaselor-de-sange\/vasculita\/","og_site_name":"Sanatate.md","twitter_card":"summary_large_image","twitter_misc":{"Timp estimat pentru citire":"2 minute"},"schema":{"@context":"https:\/\/schema.org","@graph":[{"@type":"WebPage","@id":"https:\/\/sanatate.md\/ro\/boli-si-tratament\/boli-ale-inimii-si-ale-vaselor-de-sange\/vasculita\/","url":"https:\/\/sanatate.md\/ro\/boli-si-tratament\/boli-ale-inimii-si-ale-vaselor-de-sange\/vasculita\/","name":"Vasculita","isPartOf":{"@id":"https:\/\/sanatate.md\/ro\/#website"},"datePublished":"2018-09-27T12:17:29+00:00","description":"Vasculita este numele unui grup de boli, care se caracterizeaz\u0103 prin procese inflamatorii \u00een vasele de s\u00e2nge \u0219i care duc la distrugerea lor.","breadcrumb":{"@id":"https:\/\/sanatate.md\/ro\/boli-si-tratament\/boli-ale-inimii-si-ale-vaselor-de-sange\/vasculita\/#breadcrumb"},"inLanguage":"ro-RO","potentialAction":[{"@type":"ReadAction","target":["https:\/\/sanatate.md\/ro\/boli-si-tratament\/boli-ale-inimii-si-ale-vaselor-de-sange\/vasculita\/"]}]},{"@type":"BreadcrumbList","@id":"https:\/\/sanatate.md\/ro\/boli-si-tratament\/boli-ale-inimii-si-ale-vaselor-de-sange\/vasculita\/#breadcrumb","itemListElement":[{"@type":"ListItem","position":1,"name":"\u0413\u043b\u0430\u0432\u043d\u0430\u044f \u0441\u0442\u0440\u0430\u043d\u0438\u0446\u0430","item":"https:\/\/sanatate.md\/ro\/"},{"@type":"ListItem","position":2,"name":"Boli si tratament","item":"https:\/\/sanatate.md\/ro\/boli-si-tratament\/"},{"@type":"ListItem","position":3,"name":"Boli ale inimii \u0219i ale vaselor de s\u00e2nge","item":"https:\/\/sanatate.md\/ro\/boli-si-tratament\/boli-ale-inimii-si-ale-vaselor-de-sange\/"},{"@type":"ListItem","position":4,"name":"Vasculita"}]},{"@type":"WebSite","@id":"https:\/\/sanatate.md\/ro\/#website","url":"https:\/\/sanatate.md\/ro\/","name":"Sanatate.md","description":"\u0416\u0443\u0440\u043d\u0430\u043b \u0434\u043b\u044f \u0432\u0441\u0435\u0439 \u0441\u0435\u043c\u044c\u0438 \u0432 \u041c\u043e\u043b\u0434\u043e\u0432\u0435","publisher":{"@id":"https:\/\/sanatate.md\/ro\/#organization"},"potentialAction":[{"@type":"SearchAction","target":{"@type":"EntryPoint","urlTemplate":"https:\/\/sanatate.md\/ro\/?s={search_term_string}"},"query-input":{"@type":"PropertyValueSpecification","valueRequired":true,"valueName":"search_term_string"}}],"inLanguage":"ro-RO"},{"@type":"Organization","@id":"https:\/\/sanatate.md\/ro\/#organization","name":"SANATATE","url":"https:\/\/sanatate.md\/ro\/","logo":{"@type":"ImageObject","inLanguage":"ro-RO","@id":"https:\/\/sanatate.md\/ro\/#\/schema\/logo\/image\/","url":"https:\/\/sanatate.md\/wp-content\/uploads\/2022\/01\/sanatate-logo.svg","contentUrl":"https:\/\/sanatate.md\/wp-content\/uploads\/2022\/01\/sanatate-logo.svg","width":"1024","height":"1024","caption":"SANATATE"},"image":{"@id":"https:\/\/sanatate.md\/ro\/#\/schema\/logo\/image\/"}}]}},"_links":{"self":[{"href":"https:\/\/sanatate.md\/ro\/wp-json\/wp\/v2\/pages\/65968","targetHints":{"allow":["GET"]}}],"collection":[{"href":"https:\/\/sanatate.md\/ro\/wp-json\/wp\/v2\/pages"}],"about":[{"href":"https:\/\/sanatate.md\/ro\/wp-json\/wp\/v2\/types\/page"}],"author":[{"embeddable":true,"href":"https:\/\/sanatate.md\/ro\/wp-json\/wp\/v2\/users\/28"}],"replies":[{"embeddable":true,"href":"https:\/\/sanatate.md\/ro\/wp-json\/wp\/v2\/comments?post=65968"}],"version-history":[{"count":0,"href":"https:\/\/sanatate.md\/ro\/wp-json\/wp\/v2\/pages\/65968\/revisions"}],"up":[{"embeddable":true,"href":"https:\/\/sanatate.md\/ro\/wp-json\/wp\/v2\/pages\/53002"}],"wp:attachment":[{"href":"https:\/\/sanatate.md\/ro\/wp-json\/wp\/v2\/media?parent=65968"}],"curies":[{"name":"wp","href":"https:\/\/api.w.org\/{rel}","templated":true}]}}