{"id":66172,"date":"2018-10-02T15:45:10","date_gmt":"2018-10-02T12:45:10","guid":{"rendered":"https:\/\/sanatate.md\/?page_id=66172"},"modified":"2018-10-02T15:45:10","modified_gmt":"2018-10-02T12:45:10","slug":"ovaricovaricocela","status":"publish","type":"page","link":"https:\/\/sanatate.md\/ro\/boli-si-tratament\/boli-ale-femeilor\/ovaricovaricocela\/","title":{"rendered":"Ovaricovaricocela"},"content":{"rendered":"<p>Ovaricovaricocela este caracterizat\u0103 prin vene varicoase ale ovarului. P\u00e2n\u0103 \u00een prezent, aceast\u0103 boal\u0103 nu a fost \u00eenc\u0103 studiat\u0103 pe deplin, astfel c\u0103 acest diagnostic este stabilit \u00een cazuri foarte rare.<\/p>\n<p>Mul\u021bi exper\u021bi consider\u0103 c\u0103 boala este la fel de r\u0103sp\u00e2ndit\u0103 la femei ca \u0219i la b\u0103rba\u021bi. Bolile sunt foarte asem\u0103n\u0103toare \u00een genez\u0103 \u0219i dezvoltare. Femeile au, de obicei, un ovar pe partea st\u00e2ng\u0103, iar b\u0103rba\u021bii au un testicul st\u00e2ng. Asemenea tr\u0103s\u0103turi sunt asociate cu structura sistemului venoas al corpului uman. Cu toate acestea, patologia la b\u0103rba\u021bi se trateaz\u0103 cu succes, iar ovarikovaricocela este diagnosticat de c\u0103tre medici accidental la efectuarea examin\u0103rii unei femei din alte motive.<\/p>\n<h3>Cauzele<\/h3>\n<p>La femeile tinere, care \u00eenc\u0103 nu au n\u0103scut, l\u0103rgirea venelor la ovarele apar pe fondul sl\u0103biciunii inerente a pere\u021bilor vaselor. De asemenea, stagnarea s\u00e2ngelui venos din organele pelviene se poate dezvolta ca urmare a inflama\u021biilor avute. L\u0103rgirea venelor \u00een ovare poate fi facilitat\u0103 de perioada de sarcin\u0103, de na\u0219tere, \u00een special de cele cu complica\u021bii.<br \/>\nAceast\u0103 boal\u0103 poate provoca disfunc\u021bia ovarelor, \u00eentreruperea artificial\u0103 a sarcinii \u0219i infertilit\u0103\u021bii, precum \u0219i provocarea dezvolt\u0103rii proceselor inflamatorii.<\/p>\n<h3>Simptomatologia<\/h3>\n<p>\u00cen majoritatea cazurilor, boala este \u00eenso\u021bit\u0103 de simptomele:<\/p>\n<p>\u2022 durere \u00een abdomen, care uneori intr\u0103 \u00eentr-o form\u0103 cronic\u0103 \u0219i radiaz\u0103 \u00een coloana vertebral\u0103;<br \/>\n\u2022 menstrua\u021bie cu scurgeri mici sau mare;<br \/>\n\u2022 structura ovarelor cap\u0103t\u0103 o form\u0103 specific\u0103;<br \/>\n\u2022 \u00eentre menstrua\u021bii apar s\u00e2nger\u0103ri.<\/p>\n<p>Femeile cu acest diagnostic nu pot indica \u00eentotdeauna \u00een mod clar localizarea durerii. \u00cen majoritatea cazurilor, examinarea ginecologului nu precizeaz\u0103 patologii.<\/p>\n<h3>Diagnosticarea<\/h3>\n<p>Diagnosticarea maladiei se face prin metodele:<\/p>\n<p>\u2022 rentgenografie;<br \/>\n\u2022 ultrasunete (transvaginal).<\/p>\n<p>\u00cen ultimii ani, ultrasunetele au fost completate cu scanare Doppler \u00een culori, care permite de stabilit nivelul de aprovizionare cu s\u00e2nge a organelor interne. Metodele de tratament conservator ajut\u0103 la reducerea u\u0219oar\u0103 a semnelor de ovaricovaricotsele.<br \/>\nAceast\u0103 boal\u0103 poate fi tratat\u0103 doar prin metoda chirurgical\u0103. Tehnicile moderne sugereaz\u0103 o embolizare a venelor ovariene, \u00een timpul c\u0103rora, sub anestezie local\u0103, se introduce un cateter special \u00een ven\u0103 \u00een zona inghinal\u0103 printr-o punc\u021bie cu diametru mic. \u00cen continuare, prin acest cateter se \u00eentroduce o solu\u021bie de tip\u00a0sclerozant, \u00een unele cazuri spirala special\u0103, face posibil\u0103 blocarea lumenului \u00een vas. Dup\u0103 o atare interven\u021bie, pacienta este externat\u0103 cel mult peste dou\u0103 zile.<\/p>\n<p>&nbsp;<\/p>\n","protected":false},"excerpt":{"rendered":"<p>Ovaricovaricocela este caracterizat\u0103 prin vene varicoase ale ovarului. P\u00e2n\u0103 \u00een prezent, aceast\u0103 boal\u0103 nu a fost \u00eenc\u0103 studiat\u0103 pe deplin, astfel c\u0103 acest diagnostic este stabilit \u00een cazuri foarte rare. Mul\u021bi exper\u021bi consider\u0103 c\u0103 boala este la fel de r\u0103sp\u00e2ndit\u0103 la femei ca \u0219i la b\u0103rba\u021bi. Bolile sunt foarte asem\u0103n\u0103toare \u00een genez\u0103 \u0219i dezvoltare. Femeile [&hellip;]<\/p>\n","protected":false},"author":28,"featured_media":0,"parent":38235,"menu_order":0,"comment_status":"closed","ping_status":"closed","template":"","meta":{"inline_featured_image":false,"footnotes":""},"class_list":["post-66172","page","type-page","status-publish"],"yoast_head":"<!-- This site is optimized with the Yoast SEO plugin v27.3 - https:\/\/yoast.com\/product\/yoast-seo-wordpress\/ -->\n<title>Ovaricovaricocela<\/title>\n<meta name=\"description\" content=\"P\u00e2n\u0103 \u00een prezent, aceast\u0103 boal\u0103 nu a fost \u00eenc\u0103 studiat\u0103 pe deplin, astfel c\u0103 acest diagnostic este stabilit \u00een cazuri foarte rare.\" \/>\n<meta name=\"robots\" content=\"index, follow, max-snippet:-1, max-image-preview:large, max-video-preview:-1\" \/>\n<link rel=\"canonical\" href=\"https:\/\/sanatate.md\/ro\/boli-si-tratament\/boli-ale-femeilor\/ovaricovaricocela\/\" \/>\n<meta property=\"og:locale\" content=\"ro_RO\" \/>\n<meta property=\"og:type\" content=\"article\" \/>\n<meta property=\"og:title\" content=\"Ovaricovaricocela\" \/>\n<meta property=\"og:description\" content=\"P\u00e2n\u0103 \u00een prezent, aceast\u0103 boal\u0103 nu a fost \u00eenc\u0103 studiat\u0103 pe deplin, astfel c\u0103 acest diagnostic este stabilit \u00een cazuri foarte rare.\" \/>\n<meta property=\"og:url\" content=\"https:\/\/sanatate.md\/ro\/boli-si-tratament\/boli-ale-femeilor\/ovaricovaricocela\/\" \/>\n<meta property=\"og:site_name\" content=\"Sanatate.md\" \/>\n<meta name=\"twitter:card\" content=\"summary_large_image\" \/>\n<meta name=\"twitter:label1\" content=\"Timp estimat pentru citire\" \/>\n\t<meta name=\"twitter:data1\" content=\"2 minute\" \/>\n<script type=\"application\/ld+json\" class=\"yoast-schema-graph\">{\"@context\":\"https:\\\/\\\/schema.org\",\"@graph\":[{\"@type\":\"WebPage\",\"@id\":\"https:\\\/\\\/sanatate.md\\\/ro\\\/boli-si-tratament\\\/boli-ale-femeilor\\\/ovaricovaricocela\\\/\",\"url\":\"https:\\\/\\\/sanatate.md\\\/ro\\\/boli-si-tratament\\\/boli-ale-femeilor\\\/ovaricovaricocela\\\/\",\"name\":\"Ovaricovaricocela\",\"isPartOf\":{\"@id\":\"https:\\\/\\\/sanatate.md\\\/ro\\\/#website\"},\"datePublished\":\"2018-10-02T12:45:10+00:00\",\"description\":\"P\u00e2n\u0103 \u00een prezent, aceast\u0103 boal\u0103 nu a fost \u00eenc\u0103 studiat\u0103 pe deplin, astfel c\u0103 acest diagnostic este stabilit \u00een cazuri foarte rare.\",\"breadcrumb\":{\"@id\":\"https:\\\/\\\/sanatate.md\\\/ro\\\/boli-si-tratament\\\/boli-ale-femeilor\\\/ovaricovaricocela\\\/#breadcrumb\"},\"inLanguage\":\"ro-RO\",\"potentialAction\":[{\"@type\":\"ReadAction\",\"target\":[\"https:\\\/\\\/sanatate.md\\\/ro\\\/boli-si-tratament\\\/boli-ale-femeilor\\\/ovaricovaricocela\\\/\"]}]},{\"@type\":\"BreadcrumbList\",\"@id\":\"https:\\\/\\\/sanatate.md\\\/ro\\\/boli-si-tratament\\\/boli-ale-femeilor\\\/ovaricovaricocela\\\/#breadcrumb\",\"itemListElement\":[{\"@type\":\"ListItem\",\"position\":1,\"name\":\"\u0413\u043b\u0430\u0432\u043d\u0430\u044f \u0441\u0442\u0440\u0430\u043d\u0438\u0446\u0430\",\"item\":\"https:\\\/\\\/sanatate.md\\\/ro\\\/\"},{\"@type\":\"ListItem\",\"position\":2,\"name\":\"Boli si tratament\",\"item\":\"https:\\\/\\\/sanatate.md\\\/ro\\\/boli-si-tratament\\\/\"},{\"@type\":\"ListItem\",\"position\":3,\"name\":\"Boli ale femeilor\",\"item\":\"https:\\\/\\\/sanatate.md\\\/ro\\\/boli-si-tratament\\\/boli-ale-femeilor\\\/\"},{\"@type\":\"ListItem\",\"position\":4,\"name\":\"Ovaricovaricocela\"}]},{\"@type\":\"WebSite\",\"@id\":\"https:\\\/\\\/sanatate.md\\\/ro\\\/#website\",\"url\":\"https:\\\/\\\/sanatate.md\\\/ro\\\/\",\"name\":\"Sanatate.md\",\"description\":\"\u0416\u0443\u0440\u043d\u0430\u043b \u0434\u043b\u044f \u0432\u0441\u0435\u0439 \u0441\u0435\u043c\u044c\u0438 \u0432 \u041c\u043e\u043b\u0434\u043e\u0432\u0435\",\"publisher\":{\"@id\":\"https:\\\/\\\/sanatate.md\\\/ro\\\/#organization\"},\"potentialAction\":[{\"@type\":\"SearchAction\",\"target\":{\"@type\":\"EntryPoint\",\"urlTemplate\":\"https:\\\/\\\/sanatate.md\\\/ro\\\/?s={search_term_string}\"},\"query-input\":{\"@type\":\"PropertyValueSpecification\",\"valueRequired\":true,\"valueName\":\"search_term_string\"}}],\"inLanguage\":\"ro-RO\"},{\"@type\":\"Organization\",\"@id\":\"https:\\\/\\\/sanatate.md\\\/ro\\\/#organization\",\"name\":\"SANATATE\",\"url\":\"https:\\\/\\\/sanatate.md\\\/ro\\\/\",\"logo\":{\"@type\":\"ImageObject\",\"inLanguage\":\"ro-RO\",\"@id\":\"https:\\\/\\\/sanatate.md\\\/ro\\\/#\\\/schema\\\/logo\\\/image\\\/\",\"url\":\"https:\\\/\\\/sanatate.md\\\/wp-content\\\/uploads\\\/2022\\\/01\\\/sanatate-logo.svg\",\"contentUrl\":\"https:\\\/\\\/sanatate.md\\\/wp-content\\\/uploads\\\/2022\\\/01\\\/sanatate-logo.svg\",\"width\":\"1024\",\"height\":\"1024\",\"caption\":\"SANATATE\"},\"image\":{\"@id\":\"https:\\\/\\\/sanatate.md\\\/ro\\\/#\\\/schema\\\/logo\\\/image\\\/\"}}]}<\/script>\n<!-- \/ Yoast SEO plugin. -->","yoast_head_json":{"title":"Ovaricovaricocela","description":"P\u00e2n\u0103 \u00een prezent, aceast\u0103 boal\u0103 nu a fost \u00eenc\u0103 studiat\u0103 pe deplin, astfel c\u0103 acest diagnostic este stabilit \u00een cazuri foarte rare.","robots":{"index":"index","follow":"follow","max-snippet":"max-snippet:-1","max-image-preview":"max-image-preview:large","max-video-preview":"max-video-preview:-1"},"canonical":"https:\/\/sanatate.md\/ro\/boli-si-tratament\/boli-ale-femeilor\/ovaricovaricocela\/","og_locale":"ro_RO","og_type":"article","og_title":"Ovaricovaricocela","og_description":"P\u00e2n\u0103 \u00een prezent, aceast\u0103 boal\u0103 nu a fost \u00eenc\u0103 studiat\u0103 pe deplin, astfel c\u0103 acest diagnostic este stabilit \u00een cazuri foarte rare.","og_url":"https:\/\/sanatate.md\/ro\/boli-si-tratament\/boli-ale-femeilor\/ovaricovaricocela\/","og_site_name":"Sanatate.md","twitter_card":"summary_large_image","twitter_misc":{"Timp estimat pentru citire":"2 minute"},"schema":{"@context":"https:\/\/schema.org","@graph":[{"@type":"WebPage","@id":"https:\/\/sanatate.md\/ro\/boli-si-tratament\/boli-ale-femeilor\/ovaricovaricocela\/","url":"https:\/\/sanatate.md\/ro\/boli-si-tratament\/boli-ale-femeilor\/ovaricovaricocela\/","name":"Ovaricovaricocela","isPartOf":{"@id":"https:\/\/sanatate.md\/ro\/#website"},"datePublished":"2018-10-02T12:45:10+00:00","description":"P\u00e2n\u0103 \u00een prezent, aceast\u0103 boal\u0103 nu a fost \u00eenc\u0103 studiat\u0103 pe deplin, astfel c\u0103 acest diagnostic este stabilit \u00een cazuri foarte rare.","breadcrumb":{"@id":"https:\/\/sanatate.md\/ro\/boli-si-tratament\/boli-ale-femeilor\/ovaricovaricocela\/#breadcrumb"},"inLanguage":"ro-RO","potentialAction":[{"@type":"ReadAction","target":["https:\/\/sanatate.md\/ro\/boli-si-tratament\/boli-ale-femeilor\/ovaricovaricocela\/"]}]},{"@type":"BreadcrumbList","@id":"https:\/\/sanatate.md\/ro\/boli-si-tratament\/boli-ale-femeilor\/ovaricovaricocela\/#breadcrumb","itemListElement":[{"@type":"ListItem","position":1,"name":"\u0413\u043b\u0430\u0432\u043d\u0430\u044f \u0441\u0442\u0440\u0430\u043d\u0438\u0446\u0430","item":"https:\/\/sanatate.md\/ro\/"},{"@type":"ListItem","position":2,"name":"Boli si tratament","item":"https:\/\/sanatate.md\/ro\/boli-si-tratament\/"},{"@type":"ListItem","position":3,"name":"Boli ale femeilor","item":"https:\/\/sanatate.md\/ro\/boli-si-tratament\/boli-ale-femeilor\/"},{"@type":"ListItem","position":4,"name":"Ovaricovaricocela"}]},{"@type":"WebSite","@id":"https:\/\/sanatate.md\/ro\/#website","url":"https:\/\/sanatate.md\/ro\/","name":"Sanatate.md","description":"\u0416\u0443\u0440\u043d\u0430\u043b \u0434\u043b\u044f \u0432\u0441\u0435\u0439 \u0441\u0435\u043c\u044c\u0438 \u0432 \u041c\u043e\u043b\u0434\u043e\u0432\u0435","publisher":{"@id":"https:\/\/sanatate.md\/ro\/#organization"},"potentialAction":[{"@type":"SearchAction","target":{"@type":"EntryPoint","urlTemplate":"https:\/\/sanatate.md\/ro\/?s={search_term_string}"},"query-input":{"@type":"PropertyValueSpecification","valueRequired":true,"valueName":"search_term_string"}}],"inLanguage":"ro-RO"},{"@type":"Organization","@id":"https:\/\/sanatate.md\/ro\/#organization","name":"SANATATE","url":"https:\/\/sanatate.md\/ro\/","logo":{"@type":"ImageObject","inLanguage":"ro-RO","@id":"https:\/\/sanatate.md\/ro\/#\/schema\/logo\/image\/","url":"https:\/\/sanatate.md\/wp-content\/uploads\/2022\/01\/sanatate-logo.svg","contentUrl":"https:\/\/sanatate.md\/wp-content\/uploads\/2022\/01\/sanatate-logo.svg","width":"1024","height":"1024","caption":"SANATATE"},"image":{"@id":"https:\/\/sanatate.md\/ro\/#\/schema\/logo\/image\/"}}]}},"_links":{"self":[{"href":"https:\/\/sanatate.md\/ro\/wp-json\/wp\/v2\/pages\/66172","targetHints":{"allow":["GET"]}}],"collection":[{"href":"https:\/\/sanatate.md\/ro\/wp-json\/wp\/v2\/pages"}],"about":[{"href":"https:\/\/sanatate.md\/ro\/wp-json\/wp\/v2\/types\/page"}],"author":[{"embeddable":true,"href":"https:\/\/sanatate.md\/ro\/wp-json\/wp\/v2\/users\/28"}],"replies":[{"embeddable":true,"href":"https:\/\/sanatate.md\/ro\/wp-json\/wp\/v2\/comments?post=66172"}],"version-history":[{"count":0,"href":"https:\/\/sanatate.md\/ro\/wp-json\/wp\/v2\/pages\/66172\/revisions"}],"up":[{"embeddable":true,"href":"https:\/\/sanatate.md\/ro\/wp-json\/wp\/v2\/pages\/38235"}],"wp:attachment":[{"href":"https:\/\/sanatate.md\/ro\/wp-json\/wp\/v2\/media?parent=66172"}],"curies":[{"name":"wp","href":"https:\/\/api.w.org\/{rel}","templated":true}]}}