{"id":66176,"date":"2018-10-02T16:08:31","date_gmt":"2018-10-02T13:08:31","guid":{"rendered":"https:\/\/sanatate.md\/?page_id=66176"},"modified":"2018-10-02T16:08:31","modified_gmt":"2018-10-02T13:08:31","slug":"carcinomatoza-meningelor","status":"publish","type":"page","link":"https:\/\/sanatate.md\/ro\/boli-si-tratament\/bolile-oncologice\/carcinomatoza-meningelor\/","title":{"rendered":"Carcinomatoza meningelor"},"content":{"rendered":"<p>Boala este exprimat\u0103 prin \u00eens\u0103m\u00e2n\u021barea membranei cerebrale de c\u0103tre celulele tumorilor maligne \u0219i se dezvolt\u0103 la 5-10% dintre pacien\u021bii cu cancer. Infiltrarea cu celulele tumorale a nervilor craniului \u0219i m\u0103duvei spin\u0103rii \u00een majoritatea cazurilor, creeaz\u0103 obstacole \u00een circula\u021bia normal\u0103 a fluidului cerebro-spinal, care provoac\u0103 hidrocefalie.<br \/>\nSe dezvolt\u0103 o afec\u021biune dureroas\u0103 \u00een cazul leucemiei sau limfomei, gliomei, forma\u021biunilor maligne ale glandei mamare \u0219i pl\u0103m\u00e2nilor, meduloblastomiei. \u00cen acest caz, tumoarea se r\u0103sp\u00e2nde\u0219te prin membrana moale a creierului \u00een mod hematogen.<br \/>\nMaladia dat\u0103 se dezvolt\u0103 pe fundalul cancerului de s\u00e2n, dar se \u00eent\u00e2lne\u0219te rar.<\/p>\n<h3>Carcinomatoza meningelor: simptome<\/h3>\n<p>Semnele principale ale unei afec\u021biuni dureroase sunt:<\/p>\n<p>\u2022 dureri;<br \/>\n\u2022 grea\u021b\u0103, precum \u0219i v\u0103rs\u0103turi;<br \/>\n\u2022 convulsii;<br \/>\n\u2022 tulbur\u0103ri ale st\u0103rii mentale;<br \/>\n\u2022 con\u0219tiin\u021b\u0103 confuz\u0103;<br \/>\n\u2022 afazie;<br \/>\n\u2022 semne de anomalii ale func\u021bion\u0103rii nervilor cranieni (ame\u021beli, pierderea par\u021bial\u0103 sau complet\u0103 a auzului \u0219i a vederii);<br \/>\n\u2022 meningismul;<br \/>\n\u2022 mers leg\u0103nat;<br \/>\n\u2022 sl\u0103biciune muscular\u0103;<br \/>\n\u2022 sindromul \u201dcoad\u0103 de cal\u201d;<br \/>\n\u2022 tulbur\u0103ri senzoriale prin metoda segmentar\u0103.<\/p>\n<h3>Diagnosticare<\/h3>\n<p>Medicii efectueaz\u0103 anamneza \u0219i examinarea neurologic\u0103. Studiul de rezonan\u021b\u0103 magnetic\u0103 a creierului \u0219i m\u0103duvei spin\u0103rii depisteaz\u0103 schimb\u0103ri pe cochiliile moi ale creierului , iar, uneori, doar amplificarea semnalului acestora.<br \/>\nTomografia computerizat\u0103 nu sesizeaz\u0103 \u00eentotdeauna aceste schimb\u0103ri. Diagnosticul final se bazeaz\u0103 pe rezultatele unei examin\u0103ri citologice ale fluidului cefalorahidian. Punc\u021bia primar\u0103 doar \u00een \u0219aizeci la sut\u0103 din cazuri confirm\u0103 ipotezele medicilor, astfel \u00eenc\u00e2t \u00een \u200b\u200bjum\u0103tate din cazuri punc\u021bia ar trebui repetat\u0103.<br \/>\nConform datelor statistice, \u00een jum\u0103tate din cazuri, cre\u0219terea presiunii CSF \u0219i nivelul de glucoz\u0103 sunt mai mici de 40 mg \/ dl; aproximativ 70% din cazurile de cetoz\u0103 sunt mai mari de 4 \/ \u03bcL; \u00een 80% din cazuri cantitatea de proteine \u200b\u200bdep\u0103\u0219e\u0219te 50 mg \/ dl.<\/p>\n<h3>Tratamentul<\/h3>\n<p>Sunt posibile urm\u0103toarele op\u021biuni:<br \/>\n\u2022 radioterapia;<br \/>\n\u2022 chimioterapie \u00een doze mari<br \/>\n\u2022 pentru a reduce edemul se utilizeaz\u0103 glucocorticoizii;<br \/>\n\u2022 este indicat\u0103 terapia anti convulsivant\u0103.<\/p>\n<h3>Note importante<\/h3>\n<p>Dac\u0103 terapia a fost ineficient\u0103, carcinomatoza meningelor este nefavorabil\u0103. \u00cen cazul recuren\u021bei izolate a leucemiei sau limfomului, pronosticul este neclar, dar mai favorabil dec\u00e2t \u00een \u200b\u200bcazul men\u021bionat mai sus.<\/p>\n<p>\u00cen caz de meduloblastom, speran\u021ba medie de via\u021b\u0103 este de la un an la trei ani. Carcinomatoza meningeal\u0103 are o etiologie neinfec\u021bioas\u0103, metastazele se manifest\u0103 mai devreme dec\u00e2t boala primar\u0103, prin urmare prognoza este nefavorabil\u0103.<\/p>\n","protected":false},"excerpt":{"rendered":"<p>Boala este exprimat\u0103 prin \u00eens\u0103m\u00e2n\u021barea membranei cerebrale de c\u0103tre celulele tumorilor maligne \u0219i se dezvolt\u0103 la 5-10% dintre pacien\u021bii cu cancer. Infiltrarea cu celulele tumorale a nervilor craniului \u0219i m\u0103duvei spin\u0103rii \u00een majoritatea cazurilor, creeaz\u0103 obstacole \u00een circula\u021bia normal\u0103 a fluidului cerebro-spinal, care provoac\u0103 hidrocefalie. Se dezvolt\u0103 o afec\u021biune dureroas\u0103 \u00een cazul leucemiei sau limfomei, [&hellip;]<\/p>\n","protected":false},"author":28,"featured_media":0,"parent":53023,"menu_order":0,"comment_status":"closed","ping_status":"closed","template":"","meta":{"inline_featured_image":false,"footnotes":""},"class_list":["post-66176","page","type-page","status-publish"],"yoast_head":"<!-- This site is optimized with the Yoast SEO plugin v27.3 - https:\/\/yoast.com\/product\/yoast-seo-wordpress\/ -->\n<title>Carcinomatoza meningelor<\/title>\n<meta name=\"description\" content=\"Boala este exprimat\u0103 prin \u00eens\u0103m\u00e2n\u021barea membranei cerebrale de c\u0103tre celulele tumorilor maligne \u0219i se dezvolt\u0103 la 5-10% dintre pacien\u021bii cu cancer.\" \/>\n<meta name=\"robots\" content=\"index, follow, max-snippet:-1, max-image-preview:large, max-video-preview:-1\" \/>\n<link rel=\"canonical\" href=\"https:\/\/sanatate.md\/ro\/boli-si-tratament\/bolile-oncologice\/carcinomatoza-meningelor\/\" \/>\n<meta property=\"og:locale\" content=\"ro_RO\" \/>\n<meta property=\"og:type\" content=\"article\" \/>\n<meta property=\"og:title\" content=\"Carcinomatoza meningelor\" \/>\n<meta property=\"og:description\" content=\"Boala este exprimat\u0103 prin \u00eens\u0103m\u00e2n\u021barea membranei cerebrale de c\u0103tre celulele tumorilor maligne \u0219i se dezvolt\u0103 la 5-10% dintre pacien\u021bii cu cancer.\" \/>\n<meta property=\"og:url\" content=\"https:\/\/sanatate.md\/ro\/boli-si-tratament\/bolile-oncologice\/carcinomatoza-meningelor\/\" \/>\n<meta property=\"og:site_name\" content=\"Sanatate.md\" \/>\n<meta name=\"twitter:card\" content=\"summary_large_image\" \/>\n<meta name=\"twitter:label1\" content=\"Timp estimat pentru citire\" \/>\n\t<meta name=\"twitter:data1\" content=\"2 minute\" \/>\n<script type=\"application\/ld+json\" class=\"yoast-schema-graph\">{\"@context\":\"https:\\\/\\\/schema.org\",\"@graph\":[{\"@type\":\"WebPage\",\"@id\":\"https:\\\/\\\/sanatate.md\\\/ro\\\/boli-si-tratament\\\/bolile-oncologice\\\/carcinomatoza-meningelor\\\/\",\"url\":\"https:\\\/\\\/sanatate.md\\\/ro\\\/boli-si-tratament\\\/bolile-oncologice\\\/carcinomatoza-meningelor\\\/\",\"name\":\"Carcinomatoza meningelor\",\"isPartOf\":{\"@id\":\"https:\\\/\\\/sanatate.md\\\/ro\\\/#website\"},\"datePublished\":\"2018-10-02T13:08:31+00:00\",\"description\":\"Boala este exprimat\u0103 prin \u00eens\u0103m\u00e2n\u021barea membranei cerebrale de c\u0103tre celulele tumorilor maligne \u0219i se dezvolt\u0103 la 5-10% dintre pacien\u021bii cu cancer.\",\"breadcrumb\":{\"@id\":\"https:\\\/\\\/sanatate.md\\\/ro\\\/boli-si-tratament\\\/bolile-oncologice\\\/carcinomatoza-meningelor\\\/#breadcrumb\"},\"inLanguage\":\"ro-RO\",\"potentialAction\":[{\"@type\":\"ReadAction\",\"target\":[\"https:\\\/\\\/sanatate.md\\\/ro\\\/boli-si-tratament\\\/bolile-oncologice\\\/carcinomatoza-meningelor\\\/\"]}]},{\"@type\":\"BreadcrumbList\",\"@id\":\"https:\\\/\\\/sanatate.md\\\/ro\\\/boli-si-tratament\\\/bolile-oncologice\\\/carcinomatoza-meningelor\\\/#breadcrumb\",\"itemListElement\":[{\"@type\":\"ListItem\",\"position\":1,\"name\":\"\u0413\u043b\u0430\u0432\u043d\u0430\u044f \u0441\u0442\u0440\u0430\u043d\u0438\u0446\u0430\",\"item\":\"https:\\\/\\\/sanatate.md\\\/ro\\\/\"},{\"@type\":\"ListItem\",\"position\":2,\"name\":\"Boli si tratament\",\"item\":\"https:\\\/\\\/sanatate.md\\\/ro\\\/boli-si-tratament\\\/\"},{\"@type\":\"ListItem\",\"position\":3,\"name\":\"Bolile oncologice\",\"item\":\"https:\\\/\\\/sanatate.md\\\/ro\\\/boli-si-tratament\\\/bolile-oncologice\\\/\"},{\"@type\":\"ListItem\",\"position\":4,\"name\":\"Carcinomatoza meningelor\"}]},{\"@type\":\"WebSite\",\"@id\":\"https:\\\/\\\/sanatate.md\\\/ro\\\/#website\",\"url\":\"https:\\\/\\\/sanatate.md\\\/ro\\\/\",\"name\":\"Sanatate.md\",\"description\":\"\u0416\u0443\u0440\u043d\u0430\u043b \u0434\u043b\u044f \u0432\u0441\u0435\u0439 \u0441\u0435\u043c\u044c\u0438 \u0432 \u041c\u043e\u043b\u0434\u043e\u0432\u0435\",\"publisher\":{\"@id\":\"https:\\\/\\\/sanatate.md\\\/ro\\\/#organization\"},\"potentialAction\":[{\"@type\":\"SearchAction\",\"target\":{\"@type\":\"EntryPoint\",\"urlTemplate\":\"https:\\\/\\\/sanatate.md\\\/ro\\\/?s={search_term_string}\"},\"query-input\":{\"@type\":\"PropertyValueSpecification\",\"valueRequired\":true,\"valueName\":\"search_term_string\"}}],\"inLanguage\":\"ro-RO\"},{\"@type\":\"Organization\",\"@id\":\"https:\\\/\\\/sanatate.md\\\/ro\\\/#organization\",\"name\":\"SANATATE\",\"url\":\"https:\\\/\\\/sanatate.md\\\/ro\\\/\",\"logo\":{\"@type\":\"ImageObject\",\"inLanguage\":\"ro-RO\",\"@id\":\"https:\\\/\\\/sanatate.md\\\/ro\\\/#\\\/schema\\\/logo\\\/image\\\/\",\"url\":\"https:\\\/\\\/sanatate.md\\\/wp-content\\\/uploads\\\/2022\\\/01\\\/sanatate-logo.svg\",\"contentUrl\":\"https:\\\/\\\/sanatate.md\\\/wp-content\\\/uploads\\\/2022\\\/01\\\/sanatate-logo.svg\",\"width\":\"1024\",\"height\":\"1024\",\"caption\":\"SANATATE\"},\"image\":{\"@id\":\"https:\\\/\\\/sanatate.md\\\/ro\\\/#\\\/schema\\\/logo\\\/image\\\/\"}}]}<\/script>\n<!-- \/ Yoast SEO plugin. -->","yoast_head_json":{"title":"Carcinomatoza meningelor","description":"Boala este exprimat\u0103 prin \u00eens\u0103m\u00e2n\u021barea membranei cerebrale de c\u0103tre celulele tumorilor maligne \u0219i se dezvolt\u0103 la 5-10% dintre pacien\u021bii cu cancer.","robots":{"index":"index","follow":"follow","max-snippet":"max-snippet:-1","max-image-preview":"max-image-preview:large","max-video-preview":"max-video-preview:-1"},"canonical":"https:\/\/sanatate.md\/ro\/boli-si-tratament\/bolile-oncologice\/carcinomatoza-meningelor\/","og_locale":"ro_RO","og_type":"article","og_title":"Carcinomatoza meningelor","og_description":"Boala este exprimat\u0103 prin \u00eens\u0103m\u00e2n\u021barea membranei cerebrale de c\u0103tre celulele tumorilor maligne \u0219i se dezvolt\u0103 la 5-10% dintre pacien\u021bii cu cancer.","og_url":"https:\/\/sanatate.md\/ro\/boli-si-tratament\/bolile-oncologice\/carcinomatoza-meningelor\/","og_site_name":"Sanatate.md","twitter_card":"summary_large_image","twitter_misc":{"Timp estimat pentru citire":"2 minute"},"schema":{"@context":"https:\/\/schema.org","@graph":[{"@type":"WebPage","@id":"https:\/\/sanatate.md\/ro\/boli-si-tratament\/bolile-oncologice\/carcinomatoza-meningelor\/","url":"https:\/\/sanatate.md\/ro\/boli-si-tratament\/bolile-oncologice\/carcinomatoza-meningelor\/","name":"Carcinomatoza meningelor","isPartOf":{"@id":"https:\/\/sanatate.md\/ro\/#website"},"datePublished":"2018-10-02T13:08:31+00:00","description":"Boala este exprimat\u0103 prin \u00eens\u0103m\u00e2n\u021barea membranei cerebrale de c\u0103tre celulele tumorilor maligne \u0219i se dezvolt\u0103 la 5-10% dintre pacien\u021bii cu cancer.","breadcrumb":{"@id":"https:\/\/sanatate.md\/ro\/boli-si-tratament\/bolile-oncologice\/carcinomatoza-meningelor\/#breadcrumb"},"inLanguage":"ro-RO","potentialAction":[{"@type":"ReadAction","target":["https:\/\/sanatate.md\/ro\/boli-si-tratament\/bolile-oncologice\/carcinomatoza-meningelor\/"]}]},{"@type":"BreadcrumbList","@id":"https:\/\/sanatate.md\/ro\/boli-si-tratament\/bolile-oncologice\/carcinomatoza-meningelor\/#breadcrumb","itemListElement":[{"@type":"ListItem","position":1,"name":"\u0413\u043b\u0430\u0432\u043d\u0430\u044f \u0441\u0442\u0440\u0430\u043d\u0438\u0446\u0430","item":"https:\/\/sanatate.md\/ro\/"},{"@type":"ListItem","position":2,"name":"Boli si tratament","item":"https:\/\/sanatate.md\/ro\/boli-si-tratament\/"},{"@type":"ListItem","position":3,"name":"Bolile oncologice","item":"https:\/\/sanatate.md\/ro\/boli-si-tratament\/bolile-oncologice\/"},{"@type":"ListItem","position":4,"name":"Carcinomatoza meningelor"}]},{"@type":"WebSite","@id":"https:\/\/sanatate.md\/ro\/#website","url":"https:\/\/sanatate.md\/ro\/","name":"Sanatate.md","description":"\u0416\u0443\u0440\u043d\u0430\u043b \u0434\u043b\u044f \u0432\u0441\u0435\u0439 \u0441\u0435\u043c\u044c\u0438 \u0432 \u041c\u043e\u043b\u0434\u043e\u0432\u0435","publisher":{"@id":"https:\/\/sanatate.md\/ro\/#organization"},"potentialAction":[{"@type":"SearchAction","target":{"@type":"EntryPoint","urlTemplate":"https:\/\/sanatate.md\/ro\/?s={search_term_string}"},"query-input":{"@type":"PropertyValueSpecification","valueRequired":true,"valueName":"search_term_string"}}],"inLanguage":"ro-RO"},{"@type":"Organization","@id":"https:\/\/sanatate.md\/ro\/#organization","name":"SANATATE","url":"https:\/\/sanatate.md\/ro\/","logo":{"@type":"ImageObject","inLanguage":"ro-RO","@id":"https:\/\/sanatate.md\/ro\/#\/schema\/logo\/image\/","url":"https:\/\/sanatate.md\/wp-content\/uploads\/2022\/01\/sanatate-logo.svg","contentUrl":"https:\/\/sanatate.md\/wp-content\/uploads\/2022\/01\/sanatate-logo.svg","width":"1024","height":"1024","caption":"SANATATE"},"image":{"@id":"https:\/\/sanatate.md\/ro\/#\/schema\/logo\/image\/"}}]}},"_links":{"self":[{"href":"https:\/\/sanatate.md\/ro\/wp-json\/wp\/v2\/pages\/66176","targetHints":{"allow":["GET"]}}],"collection":[{"href":"https:\/\/sanatate.md\/ro\/wp-json\/wp\/v2\/pages"}],"about":[{"href":"https:\/\/sanatate.md\/ro\/wp-json\/wp\/v2\/types\/page"}],"author":[{"embeddable":true,"href":"https:\/\/sanatate.md\/ro\/wp-json\/wp\/v2\/users\/28"}],"replies":[{"embeddable":true,"href":"https:\/\/sanatate.md\/ro\/wp-json\/wp\/v2\/comments?post=66176"}],"version-history":[{"count":0,"href":"https:\/\/sanatate.md\/ro\/wp-json\/wp\/v2\/pages\/66176\/revisions"}],"up":[{"embeddable":true,"href":"https:\/\/sanatate.md\/ro\/wp-json\/wp\/v2\/pages\/53023"}],"wp:attachment":[{"href":"https:\/\/sanatate.md\/ro\/wp-json\/wp\/v2\/media?parent=66176"}],"curies":[{"name":"wp","href":"https:\/\/api.w.org\/{rel}","templated":true}]}}