{"id":66180,"date":"2018-10-02T16:19:28","date_gmt":"2018-10-02T13:19:28","guid":{"rendered":"https:\/\/sanatate.md\/?page_id=66180"},"modified":"2018-10-02T16:19:28","modified_gmt":"2018-10-02T13:19:28","slug":"impactul-nervos","status":"publish","type":"page","link":"https:\/\/sanatate.md\/ro\/boli-si-tratament\/boli-neurologice\/impactul-nervos\/","title":{"rendered":"Impactul nervos"},"content":{"rendered":"<p>Boal\u0103 se dezvolt\u0103 prin strivirea termina\u021biilor nervoase ce iese din m\u0103duva spin\u0103rii, a vertebrelor adiacente, herniei, mu\u0219chilor spasmodici, tendoanelor, cartilajului, tumorilor etc.<br \/>\nStarea patologic\u0103 se manifest\u0103 prin durere sever\u0103 de alt\u0103 natur\u0103: \u00eenjunghiere, arsur\u0103. Pot fi afecta\u021bi nervii cu localizare diferit\u0103, dar cel mai adesea nervul sciatic \u0219i nervii coloanei cervicale.<\/p>\n<h3>\u00cen func\u021bie de locul de origine al st\u0103rii morbide, exist\u0103:<\/h3>\n<p>\u2022 ischialgia (pacientul simte dureri intense la nivelul feselor, sacrumului, coapsei);<br \/>\n\u2022 lumboschialgia (manifestat\u0103 prin durere la partea inferioar\u0103 a spatelui, fesei, spatele piciorului);<br \/>\n\u2022 lombulgia (pacientul are durere la nivelul spatelui);<br \/>\n\u2022 cervicobrahialgia (dureri de g\u00e2t \u0219i bra\u021b);<br \/>\n\u2022 cervicalgia (dureri severe s \u00een g\u00e2t) .<br \/>\nTrebuie remarcat faptul, c\u0103 \u00eempreun\u0103 cu senza\u021biile de durere enumerate, o persoan\u0103 poate pierde sensibilitatea anumitor grupuri musculare, se deregleaz\u0103 activitatea organelor \u0219i a sistemelor. Totul depinde d ce nervi au fost afecta\u021bi: sensibili, vegetativi sau motori. Atunci c\u00e2nd nervii sensibili sunt bloca\u021bi, o persoan\u0103 se consult\u0103 imediat cu un medic din cauza durerii severe. \u00cen starea dureroas\u0103 a nervilor vegetativi \u0219i motorii, durerea poate fi suportat\u0103, astfel persoana \u00eent\u00e2rzie cu vizita la medic, \u0219i aceast\u0103 stare duce la dezvoltarea complica\u021biilor.<\/p>\n<h3>Simptomele<\/h3>\n<p>Strangularea nervului: simptomele bolii depind \u00een mod direct de localizare, prezen\u021ba procesului inflamator, cauzele \u0219i gradul de strangulare. \u00cen majoritatea cazurilor, pacientul simte durere acut\u0103 \u00een zona dat\u0103, orice mi\u0219care agraveaz\u0103 mai mult starea.<\/p>\n<p>Cazurile severe de compresie a nervului sciatic \u0219i termina\u021biile nervoase ale tuturor p\u0103r\u021bilor coloanei vertebrale pot face complica\u021bii grave: compresia creierului, afectarea func\u021biilor motorii, sensibilitatea, pareza, paralizia. Simptomele st\u0103rii patologice depind de cauza care provoac\u0103 pruritul, precum \u0219i de localizarea nervului \u0219i a func\u021biilor sale.<\/p>\n<p>Speciali\u0219tii identific\u0103 urm\u0103toarele semne ale bolii:<\/p>\n<p>1. Strangularea nervului \u00een coloana vertebral\u0103 &#8211; persoana simte o furnic\u0103tur\u0103 \u0219i durere, care iradiaz\u0103 \u00een membrele inferioare. Piciorul devine inactiv, atunci c\u00e2nd se plimb\u0103 sau se ridic\u0103 \u00een picioare, pacientul simte durere. Durerea mai intens\u0103 se manifest\u0103 dac\u0103 nervul este prins de o hernie.<br \/>\nDac\u0103 exist\u0103 inflama\u021bia nervului, e vorba despre radiculit\u0103. Uneori ea are loc pe fundalul excesului de greutate. \u00cen acest caz, se recomand\u0103 fizioterapia \u0219i terapia de exerci\u021bii, terapia manual\u0103 e contraindicat\u0103.<br \/>\n2. Leziuni ale nervului cervical &#8211; mu\u0219chii g\u00e2tului sunt tensiona\u021bi, durerea se intensific\u0103 atunci c\u00e2nd \u00eencerca\u021bi s\u0103 \u00eentoarce\u021bi capul sau c\u00e2nd este \u021binut\u0103 o pozi\u021bie mult timp. Cauza poate fi osteohondroza, subluxa\u021bia, prolapsul sau trauma. Tratamentul se efectueaz\u0103 cu ajutorul masajului \u0219i terapiei manuale, care permite eliminarea durerii \u0219i restabilirea loca\u021biei normale a discurilor.<br \/>\n3. Atunci c\u00e2nd nervul senzorial este strivit, durerea poate avea un caracter diferit: de arsur\u0103, \u00eempuns\u0103tur\u0103.<br \/>\n4. Sugrumarea nervului coloanei vertebrale toracice duce la nevralgie intercostal\u0103. Senza\u021biile dureroase trebuie diferen\u021biate de atacurile de inim\u0103. Durerea \u00een nervul afectat spre deosebire de inim\u0103, nu trece \u00eentr-o stare de pauz\u0103 \u0219i odihn\u0103. Simptomele se intensific\u0103 \u00een timpul mi\u0219c\u0103rii, c\u00e2nd \u00eencerca\u021bi s\u0103 palpa\u021bi zona inflamat\u0103.<br \/>\n5. Compresia nervului sciatic se manifest\u0103 prin durere intens\u0103 la nivelul feselor, iradiind \u00een membrele inferioare, p\u00e2n\u0103 la c\u0103lc\u00e2ie. 6.Afectarea nervului radial conduce la faptul, c\u0103 o persoan\u0103 nu poate \u00eendoi membrele superioare. Semnele depind de locul compresiei nervoase.<br \/>\n7. \u00cen starea dureroas\u0103 a nervilor cotului, degetele \u0219i m\u00e2inile pierd sensibilitatea, alimentarea lor cu s\u00e2nge este tulburat\u0103. Senza\u021biile de durere iradiaz\u0103 \u00een degetul mic.<br \/>\n8. Sugrumareanervului genital &#8211; creeaz\u0103 durere \u0219i disconfort \u00een perineu, sl\u0103biciune, senza\u021bie de corp str\u0103in \u00een anus \u0219i uretr\u0103.<\/p>\n<p>\u00cen majoritatea cazurilor, c\u00e2nd nervii sunt bloca\u021bi, zona procesului patologic se umfl\u0103, devine ro\u0219ie \u0219i devine dureroas\u0103 la atingere. Pacientul simte sl\u0103biciune \u00een locul compresiei nervoase, pot exista crampe musculare. Semnele unei st\u0103ri dureroase sunt agravate noaptea, \u00een caz de tuse, str\u0103nut, mi\u0219c\u0103ri \u0219i \u00een frig.<\/p>\n<h3>Cauzele unei st\u0103ri dureroase<\/h3>\n<p>\u00cen majoritatea cazurilor \u2013 este prezen\u021ba osteohondrozei.\u00a0Boala este o degenerare a cartilajelor discurilor intervertebrali, ca urmare, lumenul dintre vertebre se \u00eengusteaz\u0103 \u0219i nervul este strivit.\u00a0Hipertensiunea muscular\u0103 contribuie la agravarea situa\u021biei, durerea devine \u0219i mai intens\u0103.<br \/>\nStrangularea nervilor \u00eentrerupe asigurarea cu s\u00e2nge, func\u021bionarea defectuoas\u0103 a diferitelor organe \u0219i sisteme. Compresia prelungit\u0103 a termina\u021biilor nervoase duce la moartea lor, pierderea sensibilit\u0103\u021bii corpului, inflama\u021bii.<\/p>\n<p>Speciali\u0219tii identific\u0103 \u0219i alte cauze ale st\u0103rii de boal\u0103:<br \/>\n\u2022 mi\u0219c\u0103ri bru\u0219te sau incomode;<br \/>\n\u2022 supra solicitarea coloanei vertebrale, mai ales dup\u0103 o perioad\u0103 de odihn\u0103 prelungit\u0103;<br \/>\n\u2022 diverse leziuni: c\u0103deri, disloc\u0103ri, fisuri, fracturi, v\u00e2n\u0103t\u0103i etc.<br \/>\n\u2022 patologii congenitale sau dob\u00e2ndite ale coloanei vertebrale;<br \/>\n\u2022 insuficien\u021b\u0103 hormonal\u0103 \u00een organism;<br \/>\n\u2022 perioad\u0103 postoperatorie;<br \/>\n\u2022 boli infec\u021bioase;<br \/>\n\u2022 osteohondroz\u0103 \u0219i complica\u021bii la fondul acesteia;<br \/>\n\u2022 deplasarea discurilor vertebrale;<br \/>\n\u2022 excesul de greutate, obezitatea;<br \/>\n\u2022 spasme musculare;<br \/>\n\u2022 forma\u021biuni maligne \u0219i benigne.<\/p>\n<p>Factorii de risc, care contribuie la dezvoltarea bolilor, sunt: \u200b\u200bpredispozi\u021bia genetic\u0103, activitate fizic\u0103 persistent\u0103 ridicat\u0103, scolioza \u0219i alte tulbur\u0103ri de postur\u0103, sarcina.<\/p>\n<h3>Diagnosticarea<\/h3>\n<p>Pentru a face diagnosticul corect e necesar\u0103 imagistica prin rezonan\u021b\u0103 magnetic\u0103. Zona din care apar senza\u021biile dureroase este verificat\u0103. Examinarea cu raze X poate dezv\u0103lui localizarea nervului, prins de oase \u0219i, de asemenea, pentru a vedea eventualele complica\u021bii.<\/p>\n<h3>Tratamentul<\/h3>\n<p>\u00cen caz de simptomele de mai sus, e necesar de adresat la medic. Auto-tratamentul poate doar complica situa\u021bia. Specialistul va stabili cauzele bolii \u0219i va stabili tactici de tratament. \u00cenainte de sosirea unui specialist, pacientul trebuie plasat pe o suprafa\u021b\u0103 plat\u0103 \u0219i s\u0103 ia calmante.<br \/>\n\u00cen prezent tratamentul unei afec\u021biuni dureroase nu este o problem\u0103 dificil\u0103. Pacientul simte o ameliorare chiar dup\u0103 prima vizit\u0103 la un specialist. Un efect bun poate fi realizat cu ajutorul acupuncturii, diferite tipuri de masaj, terapie manual\u0103. Aceste proceduri scot spasmele musculare, restabile\u0219te pozi\u021bia normal\u0103 a discurilor, elimin\u0103 durerea \u0219i elibereaz\u0103 nervul comprimat.<br \/>\nPrincipiul tratamentului este de a reduce sindromul durerii \u0219i apoi s\u0103 se elimine cauzele bolii. \u00cen condi\u021bii severe, este indicat\u0103 interven\u021bia chirurgical\u0103.<\/p>\n<p>Ameliorarea durerii si reducerea inflama\u021biei in aceast\u0103 patologie se face cu medicamente antiinflamatoare neteroidiene: Voltaren, Movalis, Diclofenac, Diklobern, Fenilbutazona etc. Dac\u0103 starea dureroas\u0103 a fost cauzat\u0103 de spasme musculare, se ia Midokalm. Pacientului \u00eei sunt prescrise \u0219i vitamine din grupa B.<\/p>\n<p>\u00cen paralel, este indicat\u0103 fizioterapia:<br \/>\n\u2022 UHF;<br \/>\n\u2022 electroforeza;<br \/>\n\u2022 acupunctura;<br \/>\n\u2022 aplica\u021biile cu cear\u0103;<br \/>\n\u2022 gimnastica terapeutic\u0103.<\/p>\n<p>Dup\u0103 eliminarea durerii, \u00eencepe eliminarea cauzei bolii:<br \/>\n\u2022 dac\u0103 nervul este blocat ca urmare a unei traume, este posibil\u0103 interven\u021bia chirurgical\u0103;<br \/>\n\u2022 dac\u0103 cauza durerii este o tumoare &#8212; pacientul este consultat de un oncolog.<br \/>\nPacientului i se recomand\u0103 regim de pat. Salteaua trebuie s\u0103 fie v\u00e2rtoas\u0103 \u0219i s\u0103 nu se \u00eendoaie. Dac\u0103 o persoan\u0103 are probleme cu excesul de greutate, are nevoie de o consulta\u021bie a dieteticianului.<\/p>\n<p>Rezultatul unui tratament adecvat nu se va a\u0219tepta mult timp:<br \/>\n\u2022 durerile se vor mic\u0219ora;<br \/>\n\u2022 nervul va fi eliberat, impulsurile nervoase vor reveni;<br \/>\n\u2022 inflama\u021bia va disp\u0103rea;<br \/>\n\u2022 va fi restabilit\u0103 circula\u021bia normal\u0103 a s\u00e2ngelui \u00een zonele problematice;<br \/>\n\u2022 starea general\u0103 a pacientului se va \u00eembun\u0103t\u0103\u021bi, activitatea motrice \u0219i eficien\u021ba vor cre\u0219te;<br \/>\n\u2022 calitatea vie\u021bii va fi restabilit\u0103.<br \/>\nTrebuie re\u021binut faptul c\u0103 maladia dat\u0103 este grav\u0103. Tratamentul poate fi rezultativ numai dac\u0103 cauza patologiei a fost clarificat\u0103 p\u00e2n\u0103 la sf\u00e2r\u0219it. Tratamentul \u00eentrerupt poate duce la consecin\u021be grave \u0219i chiar interven\u021bii chirurgicale.<\/p>\n<h3>Prevenirea st\u0103rii bolii:<\/h3>\n<p>\u2022 obezitatea &#8211; excesul acesteia duce la \u00eenc\u0103lcarea tulbur\u0103rilor nervoase lombare \u00een func\u021bionarea coloanei vertebrale, formarea de hernii, distrugerea discurilor;<br \/>\n\u2022 corectarea \u021binutei incorecte &#8211; scolioz\u0103, g\u00e2rbovire, cifoza afecteaz\u0103 negativ coloana vertebral\u0103 \u0219i de multe ori duce la comprimarea termina\u021biilor nervoase;<br \/>\n\u2022 educa\u021bie fizic\u0103 \u0219i sport, \u00een special pentru cei ce duc un mod sedentar de via\u021b\u0103;<br \/>\n\u2022 distribuirea uniform\u0103 a greut\u0103\u021bilor pe ambele bra\u021be atunci c\u00e2nd poart\u0103 gen\u021bi, rucsacuri, deoarece starea dureroas\u0103 poate apare nu numai din cauza unei activit\u0103\u021bi fizice, dar, de asemenea, \u0219i din cazul unei expuneri unilaterale;<br \/>\n\u2022 respectarea siguran\u021bei la locul de munc\u0103 \u0219i prevenirea accidentelor;<br \/>\n\u2022 nu se recomand\u0103 mi\u0219c\u0103ri rapide dup\u0103 repaus;<br \/>\n\u2022 e necesar\u0103 utilizarea saltelelor \u0219i pernelor ortopedice;<br \/>\n\u2022 adresarea la timp la speciali\u0219ti nu numai la necesitatea unui tratament, ci \u0219i pentru inspec\u021bii de rutin\u0103, poate preveni dezvoltarea bolii.<\/p>\n<p>Respectarea acestor reguli simple poate reduce riscul apari\u021biei unei tulbur\u0103ri nervoase.<\/p>\n","protected":false},"excerpt":{"rendered":"<p>Boal\u0103 se dezvolt\u0103 prin strivirea termina\u021biilor nervoase ce iese din m\u0103duva spin\u0103rii, a vertebrelor adiacente, herniei, mu\u0219chilor spasmodici, tendoanelor, cartilajului, tumorilor etc. Starea patologic\u0103 se manifest\u0103 prin durere sever\u0103 de alt\u0103 natur\u0103: \u00eenjunghiere, arsur\u0103. Pot fi afecta\u021bi nervii cu localizare diferit\u0103, dar cel mai adesea nervul sciatic \u0219i nervii coloanei cervicale. \u00cen func\u021bie de locul [&hellip;]<\/p>\n","protected":false},"author":28,"featured_media":0,"parent":52978,"menu_order":0,"comment_status":"closed","ping_status":"closed","template":"","meta":{"inline_featured_image":false,"footnotes":""},"class_list":["post-66180","page","type-page","status-publish"],"yoast_head":"<!-- This site is optimized with the Yoast SEO plugin v27.3 - https:\/\/yoast.com\/product\/yoast-seo-wordpress\/ -->\n<title>Impactul nervos<\/title>\n<meta name=\"description\" content=\"Boal\u0103 se dezvolt\u0103 prin strivirea termina\u021biilor nervoase ce iese din m\u0103duva spin\u0103rii, a vertebrelor adiacente, herniei, mu\u0219chilor spasmodici, tendoanelor, cartilajului, tumorilor etc.\" \/>\n<meta name=\"robots\" content=\"index, follow, max-snippet:-1, max-image-preview:large, max-video-preview:-1\" \/>\n<link rel=\"canonical\" href=\"https:\/\/sanatate.md\/ro\/boli-si-tratament\/boli-neurologice\/impactul-nervos\/\" \/>\n<meta property=\"og:locale\" content=\"ro_RO\" \/>\n<meta property=\"og:type\" content=\"article\" \/>\n<meta property=\"og:title\" content=\"Impactul nervos\" \/>\n<meta property=\"og:description\" content=\"Boal\u0103 se dezvolt\u0103 prin strivirea termina\u021biilor nervoase ce iese din m\u0103duva spin\u0103rii, a vertebrelor adiacente, herniei, mu\u0219chilor spasmodici, tendoanelor, cartilajului, tumorilor etc.\" \/>\n<meta property=\"og:url\" content=\"https:\/\/sanatate.md\/ro\/boli-si-tratament\/boli-neurologice\/impactul-nervos\/\" \/>\n<meta property=\"og:site_name\" content=\"Sanatate.md\" \/>\n<meta name=\"twitter:card\" content=\"summary_large_image\" \/>\n<meta name=\"twitter:label1\" content=\"Timp estimat pentru citire\" \/>\n\t<meta name=\"twitter:data1\" content=\"7 minute\" \/>\n<script type=\"application\/ld+json\" class=\"yoast-schema-graph\">{\"@context\":\"https:\\\/\\\/schema.org\",\"@graph\":[{\"@type\":\"WebPage\",\"@id\":\"https:\\\/\\\/sanatate.md\\\/ro\\\/boli-si-tratament\\\/boli-neurologice\\\/impactul-nervos\\\/\",\"url\":\"https:\\\/\\\/sanatate.md\\\/ro\\\/boli-si-tratament\\\/boli-neurologice\\\/impactul-nervos\\\/\",\"name\":\"Impactul nervos\",\"isPartOf\":{\"@id\":\"https:\\\/\\\/sanatate.md\\\/ro\\\/#website\"},\"datePublished\":\"2018-10-02T13:19:28+00:00\",\"description\":\"Boal\u0103 se dezvolt\u0103 prin strivirea termina\u021biilor nervoase ce iese din m\u0103duva spin\u0103rii, a vertebrelor adiacente, herniei, mu\u0219chilor spasmodici, tendoanelor, cartilajului, tumorilor etc.\",\"breadcrumb\":{\"@id\":\"https:\\\/\\\/sanatate.md\\\/ro\\\/boli-si-tratament\\\/boli-neurologice\\\/impactul-nervos\\\/#breadcrumb\"},\"inLanguage\":\"ro-RO\",\"potentialAction\":[{\"@type\":\"ReadAction\",\"target\":[\"https:\\\/\\\/sanatate.md\\\/ro\\\/boli-si-tratament\\\/boli-neurologice\\\/impactul-nervos\\\/\"]}]},{\"@type\":\"BreadcrumbList\",\"@id\":\"https:\\\/\\\/sanatate.md\\\/ro\\\/boli-si-tratament\\\/boli-neurologice\\\/impactul-nervos\\\/#breadcrumb\",\"itemListElement\":[{\"@type\":\"ListItem\",\"position\":1,\"name\":\"\u0413\u043b\u0430\u0432\u043d\u0430\u044f \u0441\u0442\u0440\u0430\u043d\u0438\u0446\u0430\",\"item\":\"https:\\\/\\\/sanatate.md\\\/ro\\\/\"},{\"@type\":\"ListItem\",\"position\":2,\"name\":\"Boli si tratament\",\"item\":\"https:\\\/\\\/sanatate.md\\\/ro\\\/boli-si-tratament\\\/\"},{\"@type\":\"ListItem\",\"position\":3,\"name\":\"Boli neurologice\",\"item\":\"https:\\\/\\\/sanatate.md\\\/ro\\\/boli-si-tratament\\\/boli-neurologice\\\/\"},{\"@type\":\"ListItem\",\"position\":4,\"name\":\"Impactul nervos\"}]},{\"@type\":\"WebSite\",\"@id\":\"https:\\\/\\\/sanatate.md\\\/ro\\\/#website\",\"url\":\"https:\\\/\\\/sanatate.md\\\/ro\\\/\",\"name\":\"Sanatate.md\",\"description\":\"\u0416\u0443\u0440\u043d\u0430\u043b \u0434\u043b\u044f \u0432\u0441\u0435\u0439 \u0441\u0435\u043c\u044c\u0438 \u0432 \u041c\u043e\u043b\u0434\u043e\u0432\u0435\",\"publisher\":{\"@id\":\"https:\\\/\\\/sanatate.md\\\/ro\\\/#organization\"},\"potentialAction\":[{\"@type\":\"SearchAction\",\"target\":{\"@type\":\"EntryPoint\",\"urlTemplate\":\"https:\\\/\\\/sanatate.md\\\/ro\\\/?s={search_term_string}\"},\"query-input\":{\"@type\":\"PropertyValueSpecification\",\"valueRequired\":true,\"valueName\":\"search_term_string\"}}],\"inLanguage\":\"ro-RO\"},{\"@type\":\"Organization\",\"@id\":\"https:\\\/\\\/sanatate.md\\\/ro\\\/#organization\",\"name\":\"SANATATE\",\"url\":\"https:\\\/\\\/sanatate.md\\\/ro\\\/\",\"logo\":{\"@type\":\"ImageObject\",\"inLanguage\":\"ro-RO\",\"@id\":\"https:\\\/\\\/sanatate.md\\\/ro\\\/#\\\/schema\\\/logo\\\/image\\\/\",\"url\":\"https:\\\/\\\/sanatate.md\\\/wp-content\\\/uploads\\\/2022\\\/01\\\/sanatate-logo.svg\",\"contentUrl\":\"https:\\\/\\\/sanatate.md\\\/wp-content\\\/uploads\\\/2022\\\/01\\\/sanatate-logo.svg\",\"width\":\"1024\",\"height\":\"1024\",\"caption\":\"SANATATE\"},\"image\":{\"@id\":\"https:\\\/\\\/sanatate.md\\\/ro\\\/#\\\/schema\\\/logo\\\/image\\\/\"}}]}<\/script>\n<!-- \/ Yoast SEO plugin. -->","yoast_head_json":{"title":"Impactul nervos","description":"Boal\u0103 se dezvolt\u0103 prin strivirea termina\u021biilor nervoase ce iese din m\u0103duva spin\u0103rii, a vertebrelor adiacente, herniei, mu\u0219chilor spasmodici, tendoanelor, cartilajului, tumorilor etc.","robots":{"index":"index","follow":"follow","max-snippet":"max-snippet:-1","max-image-preview":"max-image-preview:large","max-video-preview":"max-video-preview:-1"},"canonical":"https:\/\/sanatate.md\/ro\/boli-si-tratament\/boli-neurologice\/impactul-nervos\/","og_locale":"ro_RO","og_type":"article","og_title":"Impactul nervos","og_description":"Boal\u0103 se dezvolt\u0103 prin strivirea termina\u021biilor nervoase ce iese din m\u0103duva spin\u0103rii, a vertebrelor adiacente, herniei, mu\u0219chilor spasmodici, tendoanelor, cartilajului, tumorilor etc.","og_url":"https:\/\/sanatate.md\/ro\/boli-si-tratament\/boli-neurologice\/impactul-nervos\/","og_site_name":"Sanatate.md","twitter_card":"summary_large_image","twitter_misc":{"Timp estimat pentru citire":"7 minute"},"schema":{"@context":"https:\/\/schema.org","@graph":[{"@type":"WebPage","@id":"https:\/\/sanatate.md\/ro\/boli-si-tratament\/boli-neurologice\/impactul-nervos\/","url":"https:\/\/sanatate.md\/ro\/boli-si-tratament\/boli-neurologice\/impactul-nervos\/","name":"Impactul nervos","isPartOf":{"@id":"https:\/\/sanatate.md\/ro\/#website"},"datePublished":"2018-10-02T13:19:28+00:00","description":"Boal\u0103 se dezvolt\u0103 prin strivirea termina\u021biilor nervoase ce iese din m\u0103duva spin\u0103rii, a vertebrelor adiacente, herniei, mu\u0219chilor spasmodici, tendoanelor, cartilajului, tumorilor etc.","breadcrumb":{"@id":"https:\/\/sanatate.md\/ro\/boli-si-tratament\/boli-neurologice\/impactul-nervos\/#breadcrumb"},"inLanguage":"ro-RO","potentialAction":[{"@type":"ReadAction","target":["https:\/\/sanatate.md\/ro\/boli-si-tratament\/boli-neurologice\/impactul-nervos\/"]}]},{"@type":"BreadcrumbList","@id":"https:\/\/sanatate.md\/ro\/boli-si-tratament\/boli-neurologice\/impactul-nervos\/#breadcrumb","itemListElement":[{"@type":"ListItem","position":1,"name":"\u0413\u043b\u0430\u0432\u043d\u0430\u044f \u0441\u0442\u0440\u0430\u043d\u0438\u0446\u0430","item":"https:\/\/sanatate.md\/ro\/"},{"@type":"ListItem","position":2,"name":"Boli si tratament","item":"https:\/\/sanatate.md\/ro\/boli-si-tratament\/"},{"@type":"ListItem","position":3,"name":"Boli neurologice","item":"https:\/\/sanatate.md\/ro\/boli-si-tratament\/boli-neurologice\/"},{"@type":"ListItem","position":4,"name":"Impactul nervos"}]},{"@type":"WebSite","@id":"https:\/\/sanatate.md\/ro\/#website","url":"https:\/\/sanatate.md\/ro\/","name":"Sanatate.md","description":"\u0416\u0443\u0440\u043d\u0430\u043b \u0434\u043b\u044f \u0432\u0441\u0435\u0439 \u0441\u0435\u043c\u044c\u0438 \u0432 \u041c\u043e\u043b\u0434\u043e\u0432\u0435","publisher":{"@id":"https:\/\/sanatate.md\/ro\/#organization"},"potentialAction":[{"@type":"SearchAction","target":{"@type":"EntryPoint","urlTemplate":"https:\/\/sanatate.md\/ro\/?s={search_term_string}"},"query-input":{"@type":"PropertyValueSpecification","valueRequired":true,"valueName":"search_term_string"}}],"inLanguage":"ro-RO"},{"@type":"Organization","@id":"https:\/\/sanatate.md\/ro\/#organization","name":"SANATATE","url":"https:\/\/sanatate.md\/ro\/","logo":{"@type":"ImageObject","inLanguage":"ro-RO","@id":"https:\/\/sanatate.md\/ro\/#\/schema\/logo\/image\/","url":"https:\/\/sanatate.md\/wp-content\/uploads\/2022\/01\/sanatate-logo.svg","contentUrl":"https:\/\/sanatate.md\/wp-content\/uploads\/2022\/01\/sanatate-logo.svg","width":"1024","height":"1024","caption":"SANATATE"},"image":{"@id":"https:\/\/sanatate.md\/ro\/#\/schema\/logo\/image\/"}}]}},"_links":{"self":[{"href":"https:\/\/sanatate.md\/ro\/wp-json\/wp\/v2\/pages\/66180","targetHints":{"allow":["GET"]}}],"collection":[{"href":"https:\/\/sanatate.md\/ro\/wp-json\/wp\/v2\/pages"}],"about":[{"href":"https:\/\/sanatate.md\/ro\/wp-json\/wp\/v2\/types\/page"}],"author":[{"embeddable":true,"href":"https:\/\/sanatate.md\/ro\/wp-json\/wp\/v2\/users\/28"}],"replies":[{"embeddable":true,"href":"https:\/\/sanatate.md\/ro\/wp-json\/wp\/v2\/comments?post=66180"}],"version-history":[{"count":0,"href":"https:\/\/sanatate.md\/ro\/wp-json\/wp\/v2\/pages\/66180\/revisions"}],"up":[{"embeddable":true,"href":"https:\/\/sanatate.md\/ro\/wp-json\/wp\/v2\/pages\/52978"}],"wp:attachment":[{"href":"https:\/\/sanatate.md\/ro\/wp-json\/wp\/v2\/media?parent=66180"}],"curies":[{"name":"wp","href":"https:\/\/api.w.org\/{rel}","templated":true}]}}