{"id":66188,"date":"2018-10-02T16:49:44","date_gmt":"2018-10-02T13:49:44","guid":{"rendered":"https:\/\/sanatate.md\/?page_id=66188"},"modified":"2018-10-02T16:49:44","modified_gmt":"2018-10-02T13:49:44","slug":"wen","status":"publish","type":"page","link":"https:\/\/sanatate.md\/ro\/boli-si-tratament\/bolile-chirurgicale\/wen\/","title":{"rendered":"Wen"},"content":{"rendered":"<p>Wen este o tumoare asem\u0103n\u0103toare chistului, care con\u021bine secre\u021bia glandelor sebacee. Wen poate afecta oricare parte a corpului, dar cel mai adesea sunt situate pe fa\u021b\u0103, pe cap, pe trunchi, pe membrele superioare.<\/p>\n<p>Exist\u0103 cazuri c\u00e2nd Wen a fost detectat pe scrot.<\/p>\n<p>De regul\u0103, aceste tumori chistice nu apar singure, ci sunt multiple. Gr\u0103simile sau lipomii sunt doar un defect cosmetic \u0219i nu se dezvolt\u0103 \u00een forma\u021biuni maligne.<\/p>\n<h3>Motivele<\/h3>\n<p>Maladia apare datorit\u0103 bloc\u0103rii deschiderii canalului glandei sebacee. Cel pu\u021bin, a\u0219a cred reprezentan\u021bii medicinii tradi\u021bionale. Oponen\u021bii lor, reprezentan\u021bii medicinei de alternative, cred c\u0103 este murd\u0103ria acumulat\u0103 \u00een i corpul uman. Versiune este pus\u0103 la \u00eendoial\u0103 \u0219i nu are nici o explica\u021bie \u0219tiin\u021bific\u0103.<\/p>\n<h3>Simptomele<\/h3>\n<p>Wen-ul este nedureros. Locul unde se formeaz\u0103 sub piele devine mai v\u00eertos. Unii s-ar putea s\u0103 nu creasc\u0103.<\/p>\n<h3>Diagnosticarea<\/h3>\n<p>La examinare medicul depisteaz\u0103 o tumoare de form\u0103 rotund\u0103, de consisten\u021b\u0103 moale, de m\u0103rime de la cinci milimetri la patruzeci \u0219i mai mult. Pielea este de obicei neschimbat\u0103, dar poate fi pu\u021bin rolie, dac\u0103 apare o infec\u021bie.<\/p>\n<h3>Tratamentul<\/h3>\n<p>Tratamentul se efectueaz\u0103 prin metoda interven\u021biei chirurgicale. Form\u0103rile mici sunt excizate sub anestezie local\u0103, cele mari &#8211; anestezie general\u0103.<\/p>\n","protected":false},"excerpt":{"rendered":"<p>Wen este o tumoare asem\u0103n\u0103toare chistului, care con\u021bine secre\u021bia glandelor sebacee. Wen poate afecta oricare parte a corpului, dar cel mai adesea sunt situate pe fa\u021b\u0103, pe cap, pe trunchi, pe membrele superioare. Exist\u0103 cazuri c\u00e2nd Wen a fost detectat pe scrot. De regul\u0103, aceste tumori chistice nu apar singure, ci sunt multiple. Gr\u0103simile sau [&hellip;]<\/p>\n","protected":false},"author":28,"featured_media":0,"parent":53032,"menu_order":0,"comment_status":"closed","ping_status":"closed","template":"","meta":{"inline_featured_image":false,"footnotes":""},"class_list":["post-66188","page","type-page","status-publish"],"yoast_head":"<!-- This site is optimized with the Yoast SEO plugin v27.3 - https:\/\/yoast.com\/product\/yoast-seo-wordpress\/ -->\n<title>Wen este o tumoare asem\u0103n\u0103toare chistului<\/title>\n<meta name=\"description\" content=\"Wen poate afecta oricare parte a corpului, dar cel mai adesea sunt situate pe fa\u021b\u0103, pe cap, pe trunchi, pe membrele superioare.\" \/>\n<meta name=\"robots\" content=\"index, follow, max-snippet:-1, max-image-preview:large, max-video-preview:-1\" \/>\n<link rel=\"canonical\" href=\"https:\/\/sanatate.md\/ro\/boli-si-tratament\/bolile-chirurgicale\/wen\/\" \/>\n<meta property=\"og:locale\" content=\"ro_RO\" \/>\n<meta property=\"og:type\" content=\"article\" \/>\n<meta property=\"og:title\" content=\"Wen este o tumoare asem\u0103n\u0103toare chistului\" \/>\n<meta property=\"og:description\" content=\"Wen poate afecta oricare parte a corpului, dar cel mai adesea sunt situate pe fa\u021b\u0103, pe cap, pe trunchi, pe membrele superioare.\" \/>\n<meta property=\"og:url\" content=\"https:\/\/sanatate.md\/ro\/boli-si-tratament\/bolile-chirurgicale\/wen\/\" \/>\n<meta property=\"og:site_name\" content=\"Sanatate.md\" \/>\n<meta name=\"twitter:card\" content=\"summary_large_image\" \/>\n<meta name=\"twitter:label1\" content=\"Timp estimat pentru citire\" \/>\n\t<meta name=\"twitter:data1\" content=\"1 minut\" \/>\n<script type=\"application\/ld+json\" class=\"yoast-schema-graph\">{\"@context\":\"https:\\\/\\\/schema.org\",\"@graph\":[{\"@type\":\"WebPage\",\"@id\":\"https:\\\/\\\/sanatate.md\\\/ro\\\/boli-si-tratament\\\/bolile-chirurgicale\\\/wen\\\/\",\"url\":\"https:\\\/\\\/sanatate.md\\\/ro\\\/boli-si-tratament\\\/bolile-chirurgicale\\\/wen\\\/\",\"name\":\"Wen este o tumoare asem\u0103n\u0103toare chistului\",\"isPartOf\":{\"@id\":\"https:\\\/\\\/sanatate.md\\\/ro\\\/#website\"},\"datePublished\":\"2018-10-02T13:49:44+00:00\",\"description\":\"Wen poate afecta oricare parte a corpului, dar cel mai adesea sunt situate pe fa\u021b\u0103, pe cap, pe trunchi, pe membrele superioare.\",\"breadcrumb\":{\"@id\":\"https:\\\/\\\/sanatate.md\\\/ro\\\/boli-si-tratament\\\/bolile-chirurgicale\\\/wen\\\/#breadcrumb\"},\"inLanguage\":\"ro-RO\",\"potentialAction\":[{\"@type\":\"ReadAction\",\"target\":[\"https:\\\/\\\/sanatate.md\\\/ro\\\/boli-si-tratament\\\/bolile-chirurgicale\\\/wen\\\/\"]}]},{\"@type\":\"BreadcrumbList\",\"@id\":\"https:\\\/\\\/sanatate.md\\\/ro\\\/boli-si-tratament\\\/bolile-chirurgicale\\\/wen\\\/#breadcrumb\",\"itemListElement\":[{\"@type\":\"ListItem\",\"position\":1,\"name\":\"\u0413\u043b\u0430\u0432\u043d\u0430\u044f \u0441\u0442\u0440\u0430\u043d\u0438\u0446\u0430\",\"item\":\"https:\\\/\\\/sanatate.md\\\/ro\\\/\"},{\"@type\":\"ListItem\",\"position\":2,\"name\":\"Boli si tratament\",\"item\":\"https:\\\/\\\/sanatate.md\\\/ro\\\/boli-si-tratament\\\/\"},{\"@type\":\"ListItem\",\"position\":3,\"name\":\"Bolile chirurgicale\",\"item\":\"https:\\\/\\\/sanatate.md\\\/ro\\\/boli-si-tratament\\\/bolile-chirurgicale\\\/\"},{\"@type\":\"ListItem\",\"position\":4,\"name\":\"Wen\"}]},{\"@type\":\"WebSite\",\"@id\":\"https:\\\/\\\/sanatate.md\\\/ro\\\/#website\",\"url\":\"https:\\\/\\\/sanatate.md\\\/ro\\\/\",\"name\":\"Sanatate.md\",\"description\":\"\u0416\u0443\u0440\u043d\u0430\u043b \u0434\u043b\u044f \u0432\u0441\u0435\u0439 \u0441\u0435\u043c\u044c\u0438 \u0432 \u041c\u043e\u043b\u0434\u043e\u0432\u0435\",\"publisher\":{\"@id\":\"https:\\\/\\\/sanatate.md\\\/ro\\\/#organization\"},\"potentialAction\":[{\"@type\":\"SearchAction\",\"target\":{\"@type\":\"EntryPoint\",\"urlTemplate\":\"https:\\\/\\\/sanatate.md\\\/ro\\\/?s={search_term_string}\"},\"query-input\":{\"@type\":\"PropertyValueSpecification\",\"valueRequired\":true,\"valueName\":\"search_term_string\"}}],\"inLanguage\":\"ro-RO\"},{\"@type\":\"Organization\",\"@id\":\"https:\\\/\\\/sanatate.md\\\/ro\\\/#organization\",\"name\":\"SANATATE\",\"url\":\"https:\\\/\\\/sanatate.md\\\/ro\\\/\",\"logo\":{\"@type\":\"ImageObject\",\"inLanguage\":\"ro-RO\",\"@id\":\"https:\\\/\\\/sanatate.md\\\/ro\\\/#\\\/schema\\\/logo\\\/image\\\/\",\"url\":\"https:\\\/\\\/sanatate.md\\\/wp-content\\\/uploads\\\/2022\\\/01\\\/sanatate-logo.svg\",\"contentUrl\":\"https:\\\/\\\/sanatate.md\\\/wp-content\\\/uploads\\\/2022\\\/01\\\/sanatate-logo.svg\",\"width\":\"1024\",\"height\":\"1024\",\"caption\":\"SANATATE\"},\"image\":{\"@id\":\"https:\\\/\\\/sanatate.md\\\/ro\\\/#\\\/schema\\\/logo\\\/image\\\/\"}}]}<\/script>\n<!-- \/ Yoast SEO plugin. -->","yoast_head_json":{"title":"Wen este o tumoare asem\u0103n\u0103toare chistului","description":"Wen poate afecta oricare parte a corpului, dar cel mai adesea sunt situate pe fa\u021b\u0103, pe cap, pe trunchi, pe membrele superioare.","robots":{"index":"index","follow":"follow","max-snippet":"max-snippet:-1","max-image-preview":"max-image-preview:large","max-video-preview":"max-video-preview:-1"},"canonical":"https:\/\/sanatate.md\/ro\/boli-si-tratament\/bolile-chirurgicale\/wen\/","og_locale":"ro_RO","og_type":"article","og_title":"Wen este o tumoare asem\u0103n\u0103toare chistului","og_description":"Wen poate afecta oricare parte a corpului, dar cel mai adesea sunt situate pe fa\u021b\u0103, pe cap, pe trunchi, pe membrele superioare.","og_url":"https:\/\/sanatate.md\/ro\/boli-si-tratament\/bolile-chirurgicale\/wen\/","og_site_name":"Sanatate.md","twitter_card":"summary_large_image","twitter_misc":{"Timp estimat pentru citire":"1 minut"},"schema":{"@context":"https:\/\/schema.org","@graph":[{"@type":"WebPage","@id":"https:\/\/sanatate.md\/ro\/boli-si-tratament\/bolile-chirurgicale\/wen\/","url":"https:\/\/sanatate.md\/ro\/boli-si-tratament\/bolile-chirurgicale\/wen\/","name":"Wen este o tumoare asem\u0103n\u0103toare chistului","isPartOf":{"@id":"https:\/\/sanatate.md\/ro\/#website"},"datePublished":"2018-10-02T13:49:44+00:00","description":"Wen poate afecta oricare parte a corpului, dar cel mai adesea sunt situate pe fa\u021b\u0103, pe cap, pe trunchi, pe membrele superioare.","breadcrumb":{"@id":"https:\/\/sanatate.md\/ro\/boli-si-tratament\/bolile-chirurgicale\/wen\/#breadcrumb"},"inLanguage":"ro-RO","potentialAction":[{"@type":"ReadAction","target":["https:\/\/sanatate.md\/ro\/boli-si-tratament\/bolile-chirurgicale\/wen\/"]}]},{"@type":"BreadcrumbList","@id":"https:\/\/sanatate.md\/ro\/boli-si-tratament\/bolile-chirurgicale\/wen\/#breadcrumb","itemListElement":[{"@type":"ListItem","position":1,"name":"\u0413\u043b\u0430\u0432\u043d\u0430\u044f \u0441\u0442\u0440\u0430\u043d\u0438\u0446\u0430","item":"https:\/\/sanatate.md\/ro\/"},{"@type":"ListItem","position":2,"name":"Boli si tratament","item":"https:\/\/sanatate.md\/ro\/boli-si-tratament\/"},{"@type":"ListItem","position":3,"name":"Bolile chirurgicale","item":"https:\/\/sanatate.md\/ro\/boli-si-tratament\/bolile-chirurgicale\/"},{"@type":"ListItem","position":4,"name":"Wen"}]},{"@type":"WebSite","@id":"https:\/\/sanatate.md\/ro\/#website","url":"https:\/\/sanatate.md\/ro\/","name":"Sanatate.md","description":"\u0416\u0443\u0440\u043d\u0430\u043b \u0434\u043b\u044f \u0432\u0441\u0435\u0439 \u0441\u0435\u043c\u044c\u0438 \u0432 \u041c\u043e\u043b\u0434\u043e\u0432\u0435","publisher":{"@id":"https:\/\/sanatate.md\/ro\/#organization"},"potentialAction":[{"@type":"SearchAction","target":{"@type":"EntryPoint","urlTemplate":"https:\/\/sanatate.md\/ro\/?s={search_term_string}"},"query-input":{"@type":"PropertyValueSpecification","valueRequired":true,"valueName":"search_term_string"}}],"inLanguage":"ro-RO"},{"@type":"Organization","@id":"https:\/\/sanatate.md\/ro\/#organization","name":"SANATATE","url":"https:\/\/sanatate.md\/ro\/","logo":{"@type":"ImageObject","inLanguage":"ro-RO","@id":"https:\/\/sanatate.md\/ro\/#\/schema\/logo\/image\/","url":"https:\/\/sanatate.md\/wp-content\/uploads\/2022\/01\/sanatate-logo.svg","contentUrl":"https:\/\/sanatate.md\/wp-content\/uploads\/2022\/01\/sanatate-logo.svg","width":"1024","height":"1024","caption":"SANATATE"},"image":{"@id":"https:\/\/sanatate.md\/ro\/#\/schema\/logo\/image\/"}}]}},"_links":{"self":[{"href":"https:\/\/sanatate.md\/ro\/wp-json\/wp\/v2\/pages\/66188","targetHints":{"allow":["GET"]}}],"collection":[{"href":"https:\/\/sanatate.md\/ro\/wp-json\/wp\/v2\/pages"}],"about":[{"href":"https:\/\/sanatate.md\/ro\/wp-json\/wp\/v2\/types\/page"}],"author":[{"embeddable":true,"href":"https:\/\/sanatate.md\/ro\/wp-json\/wp\/v2\/users\/28"}],"replies":[{"embeddable":true,"href":"https:\/\/sanatate.md\/ro\/wp-json\/wp\/v2\/comments?post=66188"}],"version-history":[{"count":0,"href":"https:\/\/sanatate.md\/ro\/wp-json\/wp\/v2\/pages\/66188\/revisions"}],"up":[{"embeddable":true,"href":"https:\/\/sanatate.md\/ro\/wp-json\/wp\/v2\/pages\/53032"}],"wp:attachment":[{"href":"https:\/\/sanatate.md\/ro\/wp-json\/wp\/v2\/media?parent=66188"}],"curies":[{"name":"wp","href":"https:\/\/api.w.org\/{rel}","templated":true}]}}