{"id":66194,"date":"2018-10-02T17:38:54","date_gmt":"2018-10-02T14:38:54","guid":{"rendered":"https:\/\/sanatate.md\/?page_id=66194"},"modified":"2018-10-02T17:38:54","modified_gmt":"2018-10-02T14:38:54","slug":"boala-lui-reiter","status":"publish","type":"page","link":"https:\/\/sanatate.md\/ro\/boli-si-tratament\/bolile-copiilor\/boala-lui-reiter\/","title":{"rendered":"Boala lui Reiter"},"content":{"rendered":"<p>Boala lui Reiter este o maladie a genezei infec\u021bioase, care este transmis\u0103 sexual. Boala se caracterizeaz\u0103 prin afectarea ochilor, organelor sistemului genito-urinar \u00een combina\u021bie cu afectarea sistemului osteoarticular.<\/p>\n<h3>Cauzele<\/h3>\n<p>Boala lui Reiter apare ca urmare a infec\u021biei cu anumite tipuri de hlamidie. Microorganismele afecteaz\u0103 \u00een majoritatea cazurilor zonele mucoase ale corpului, penetr\u00e2nd prin organele sistemului reproduc\u0103tor. De asemenea, prin organele genitale boala afecteaz\u0103 \u0219i a alte organe.<br \/>\nBoala e specific\u0103 pentru ambele sexe, dar cel mai adesea este diagnosticat\u0103 la b\u0103rba\u021bi la o v\u00e2rst\u0103 fraged\u0103. Hlamidia poate s\u0103 nu se simt\u0103 mult timp, ceea ce duce ulterior la condi\u021bii \u0219i exacerb\u0103ri recurente, precum \u0219i la tipul cronic al bolii.<\/p>\n<h3>Simptomatologia<\/h3>\n<p>Perioada de incuba\u021bie dureaz\u0103 de la 7 la 14 zile. Boala \u00eencepe cu uretrita, care este \u00eenso\u021bit\u0103 de senza\u021bii dureroase atunci c\u00e2nd urineaz\u0103. Exist\u0103 cazuri \u00een care inflama\u021bia are loc f\u0103r\u0103 semne speciale \u0219i se poate manifesta numai \u00een analiza de laborator a urinei.<br \/>\nDup\u0103 o s\u0103pt\u0103m\u00e2n\u0103 sau dou\u0103, durerea apare \u00een articula\u021biile mari, cel mai adesea \u00een genunchi. Pielea articula\u021biei inflamate se \u00eenfierb\u00e2nte. \u00cen timp, durerea devine mai pronun\u021bat\u0103, iar pielea se edimeaz\u0103.<br \/>\nDup\u0103 un timp, acelea\u0219i simptome apar \u0219i la cel\u0103lalt genunchi. Potrivit statisticilor, \u00een medie, pe \u00eentreaga perioad\u0103 a procesului inflamator, sunt afectate patru &#8211; cinci articula\u021bii.<\/p>\n<p>Principalele simptome ale bolii lui Reiter:<br \/>\n\u2022 sl\u0103biciune general\u0103;<br \/>\n\u2022 febr\u0103;<br \/>\n\u2022 conjunctivit\u0103;<br \/>\n\u2022 la b\u0103rba\u021bi, pielea este afectat\u0103 de leziuni ulceroase pe penis \u0219i pe mucoasa oral\u0103;<br \/>\n\u2022 apari\u021bia unor pete de culoare ro\u0219ie pe palme, picioare sau pe \u00eentregul corp, \u00een locul c\u0103rora se formeaz\u0103 cruste cu \u00eengro\u0219ire;<br \/>\n\u2022 \u00eenfr\u00e2ngerea pl\u0103cii unghiilor, unghiile fragile.<\/p>\n<p>Adesea, boala lui Reiter este grav\u0103 \u0219i greu tratabil\u0103. \u00cen jum\u0103tate din cazuri, pot ap\u0103rea focare recurente, iar \u00eentr-un sfert din cazuri boala devine cronic\u0103, ceea ce duce la complica\u021bii, inclusiv la dizabilitate.Diagnosticul bolii este f\u0103cut de un medic infec\u021bionist.<\/p>\n<h3>Tratamentul<\/h3>\n<p>Dac\u0103 este tratat\u0103 o singur\u0103 persoan\u0103 din cuplu, boala lui Reiter devine cronic\u0103. Pentru tratamentul eficient, este necesar s\u0103 se trateze \u00een acela\u0219i timp at\u00e2t pacientul, c\u00e2t \u0219i partenerul s\u0103u.<\/p>\n<h3>Profilaxia<\/h3>\n<p>M\u0103surile preventive:<br \/>\n\u2022 un partener sexual stabil;<br \/>\n\u2022 utilizarea contracep\u021biei;<br \/>\n\u2022 educa\u021bia sexual\u0103 de la o v\u00e2rst\u0103 fraged\u0103.<\/p>\n","protected":false},"excerpt":{"rendered":"<p>Boala lui Reiter este o maladie a genezei infec\u021bioase, care este transmis\u0103 sexual. Boala se caracterizeaz\u0103 prin afectarea ochilor, organelor sistemului genito-urinar \u00een combina\u021bie cu afectarea sistemului osteoarticular. Cauzele Boala lui Reiter apare ca urmare a infec\u021biei cu anumite tipuri de hlamidie. Microorganismele afecteaz\u0103 \u00een majoritatea cazurilor zonele mucoase ale corpului, penetr\u00e2nd prin organele sistemului [&hellip;]<\/p>\n","protected":false},"author":28,"featured_media":0,"parent":43635,"menu_order":0,"comment_status":"closed","ping_status":"closed","template":"","meta":{"inline_featured_image":false,"footnotes":""},"class_list":["post-66194","page","type-page","status-publish"],"yoast_head":"<!-- This site is optimized with the Yoast SEO plugin v27.3 - https:\/\/yoast.com\/product\/yoast-seo-wordpress\/ -->\n<title>Boala lui Reiter<\/title>\n<meta name=\"description\" content=\"Boala lui Reiter este o maladie a genezei infec\u021bioase, care este transmis\u0103 sexual. Boala se caracterizeaz\u0103 prin afectarea ochilor, organelor sistemului genito-urinar \u00een combina\u021bie cu afectarea sistemului osteoarticular.\" \/>\n<meta name=\"robots\" content=\"index, follow, max-snippet:-1, max-image-preview:large, max-video-preview:-1\" \/>\n<link rel=\"canonical\" href=\"https:\/\/sanatate.md\/ro\/boli-si-tratament\/bolile-copiilor\/boala-lui-reiter\/\" \/>\n<meta property=\"og:locale\" content=\"ro_RO\" \/>\n<meta property=\"og:type\" content=\"article\" \/>\n<meta property=\"og:title\" content=\"Boala lui Reiter\" \/>\n<meta property=\"og:description\" content=\"Boala lui Reiter este o maladie a genezei infec\u021bioase, care este transmis\u0103 sexual. Boala se caracterizeaz\u0103 prin afectarea ochilor, organelor sistemului genito-urinar \u00een combina\u021bie cu afectarea sistemului osteoarticular.\" \/>\n<meta property=\"og:url\" content=\"https:\/\/sanatate.md\/ro\/boli-si-tratament\/bolile-copiilor\/boala-lui-reiter\/\" \/>\n<meta property=\"og:site_name\" content=\"Sanatate.md\" \/>\n<meta name=\"twitter:card\" content=\"summary_large_image\" \/>\n<meta name=\"twitter:label1\" content=\"Timp estimat pentru citire\" \/>\n\t<meta name=\"twitter:data1\" content=\"2 minute\" \/>\n<script type=\"application\/ld+json\" class=\"yoast-schema-graph\">{\"@context\":\"https:\\\/\\\/schema.org\",\"@graph\":[{\"@type\":\"WebPage\",\"@id\":\"https:\\\/\\\/sanatate.md\\\/ro\\\/boli-si-tratament\\\/bolile-copiilor\\\/boala-lui-reiter\\\/\",\"url\":\"https:\\\/\\\/sanatate.md\\\/ro\\\/boli-si-tratament\\\/bolile-copiilor\\\/boala-lui-reiter\\\/\",\"name\":\"Boala lui Reiter\",\"isPartOf\":{\"@id\":\"https:\\\/\\\/sanatate.md\\\/ro\\\/#website\"},\"datePublished\":\"2018-10-02T14:38:54+00:00\",\"description\":\"Boala lui Reiter este o maladie a genezei infec\u021bioase, care este transmis\u0103 sexual. Boala se caracterizeaz\u0103 prin afectarea ochilor, organelor sistemului genito-urinar \u00een combina\u021bie cu afectarea sistemului osteoarticular.\",\"breadcrumb\":{\"@id\":\"https:\\\/\\\/sanatate.md\\\/ro\\\/boli-si-tratament\\\/bolile-copiilor\\\/boala-lui-reiter\\\/#breadcrumb\"},\"inLanguage\":\"ro-RO\",\"potentialAction\":[{\"@type\":\"ReadAction\",\"target\":[\"https:\\\/\\\/sanatate.md\\\/ro\\\/boli-si-tratament\\\/bolile-copiilor\\\/boala-lui-reiter\\\/\"]}]},{\"@type\":\"BreadcrumbList\",\"@id\":\"https:\\\/\\\/sanatate.md\\\/ro\\\/boli-si-tratament\\\/bolile-copiilor\\\/boala-lui-reiter\\\/#breadcrumb\",\"itemListElement\":[{\"@type\":\"ListItem\",\"position\":1,\"name\":\"\u0413\u043b\u0430\u0432\u043d\u0430\u044f \u0441\u0442\u0440\u0430\u043d\u0438\u0446\u0430\",\"item\":\"https:\\\/\\\/sanatate.md\\\/ro\\\/\"},{\"@type\":\"ListItem\",\"position\":2,\"name\":\"Boli si tratament\",\"item\":\"https:\\\/\\\/sanatate.md\\\/ro\\\/boli-si-tratament\\\/\"},{\"@type\":\"ListItem\",\"position\":3,\"name\":\"Bolile copiilor\",\"item\":\"https:\\\/\\\/sanatate.md\\\/ro\\\/boli-si-tratament\\\/bolile-copiilor\\\/\"},{\"@type\":\"ListItem\",\"position\":4,\"name\":\"Boala lui Reiter\"}]},{\"@type\":\"WebSite\",\"@id\":\"https:\\\/\\\/sanatate.md\\\/ro\\\/#website\",\"url\":\"https:\\\/\\\/sanatate.md\\\/ro\\\/\",\"name\":\"Sanatate.md\",\"description\":\"\u0416\u0443\u0440\u043d\u0430\u043b \u0434\u043b\u044f \u0432\u0441\u0435\u0439 \u0441\u0435\u043c\u044c\u0438 \u0432 \u041c\u043e\u043b\u0434\u043e\u0432\u0435\",\"publisher\":{\"@id\":\"https:\\\/\\\/sanatate.md\\\/ro\\\/#organization\"},\"potentialAction\":[{\"@type\":\"SearchAction\",\"target\":{\"@type\":\"EntryPoint\",\"urlTemplate\":\"https:\\\/\\\/sanatate.md\\\/ro\\\/?s={search_term_string}\"},\"query-input\":{\"@type\":\"PropertyValueSpecification\",\"valueRequired\":true,\"valueName\":\"search_term_string\"}}],\"inLanguage\":\"ro-RO\"},{\"@type\":\"Organization\",\"@id\":\"https:\\\/\\\/sanatate.md\\\/ro\\\/#organization\",\"name\":\"SANATATE\",\"url\":\"https:\\\/\\\/sanatate.md\\\/ro\\\/\",\"logo\":{\"@type\":\"ImageObject\",\"inLanguage\":\"ro-RO\",\"@id\":\"https:\\\/\\\/sanatate.md\\\/ro\\\/#\\\/schema\\\/logo\\\/image\\\/\",\"url\":\"https:\\\/\\\/sanatate.md\\\/wp-content\\\/uploads\\\/2022\\\/01\\\/sanatate-logo.svg\",\"contentUrl\":\"https:\\\/\\\/sanatate.md\\\/wp-content\\\/uploads\\\/2022\\\/01\\\/sanatate-logo.svg\",\"width\":\"1024\",\"height\":\"1024\",\"caption\":\"SANATATE\"},\"image\":{\"@id\":\"https:\\\/\\\/sanatate.md\\\/ro\\\/#\\\/schema\\\/logo\\\/image\\\/\"}}]}<\/script>\n<!-- \/ Yoast SEO plugin. -->","yoast_head_json":{"title":"Boala lui Reiter","description":"Boala lui Reiter este o maladie a genezei infec\u021bioase, care este transmis\u0103 sexual. Boala se caracterizeaz\u0103 prin afectarea ochilor, organelor sistemului genito-urinar \u00een combina\u021bie cu afectarea sistemului osteoarticular.","robots":{"index":"index","follow":"follow","max-snippet":"max-snippet:-1","max-image-preview":"max-image-preview:large","max-video-preview":"max-video-preview:-1"},"canonical":"https:\/\/sanatate.md\/ro\/boli-si-tratament\/bolile-copiilor\/boala-lui-reiter\/","og_locale":"ro_RO","og_type":"article","og_title":"Boala lui Reiter","og_description":"Boala lui Reiter este o maladie a genezei infec\u021bioase, care este transmis\u0103 sexual. Boala se caracterizeaz\u0103 prin afectarea ochilor, organelor sistemului genito-urinar \u00een combina\u021bie cu afectarea sistemului osteoarticular.","og_url":"https:\/\/sanatate.md\/ro\/boli-si-tratament\/bolile-copiilor\/boala-lui-reiter\/","og_site_name":"Sanatate.md","twitter_card":"summary_large_image","twitter_misc":{"Timp estimat pentru citire":"2 minute"},"schema":{"@context":"https:\/\/schema.org","@graph":[{"@type":"WebPage","@id":"https:\/\/sanatate.md\/ro\/boli-si-tratament\/bolile-copiilor\/boala-lui-reiter\/","url":"https:\/\/sanatate.md\/ro\/boli-si-tratament\/bolile-copiilor\/boala-lui-reiter\/","name":"Boala lui Reiter","isPartOf":{"@id":"https:\/\/sanatate.md\/ro\/#website"},"datePublished":"2018-10-02T14:38:54+00:00","description":"Boala lui Reiter este o maladie a genezei infec\u021bioase, care este transmis\u0103 sexual. Boala se caracterizeaz\u0103 prin afectarea ochilor, organelor sistemului genito-urinar \u00een combina\u021bie cu afectarea sistemului osteoarticular.","breadcrumb":{"@id":"https:\/\/sanatate.md\/ro\/boli-si-tratament\/bolile-copiilor\/boala-lui-reiter\/#breadcrumb"},"inLanguage":"ro-RO","potentialAction":[{"@type":"ReadAction","target":["https:\/\/sanatate.md\/ro\/boli-si-tratament\/bolile-copiilor\/boala-lui-reiter\/"]}]},{"@type":"BreadcrumbList","@id":"https:\/\/sanatate.md\/ro\/boli-si-tratament\/bolile-copiilor\/boala-lui-reiter\/#breadcrumb","itemListElement":[{"@type":"ListItem","position":1,"name":"\u0413\u043b\u0430\u0432\u043d\u0430\u044f \u0441\u0442\u0440\u0430\u043d\u0438\u0446\u0430","item":"https:\/\/sanatate.md\/ro\/"},{"@type":"ListItem","position":2,"name":"Boli si tratament","item":"https:\/\/sanatate.md\/ro\/boli-si-tratament\/"},{"@type":"ListItem","position":3,"name":"Bolile copiilor","item":"https:\/\/sanatate.md\/ro\/boli-si-tratament\/bolile-copiilor\/"},{"@type":"ListItem","position":4,"name":"Boala lui Reiter"}]},{"@type":"WebSite","@id":"https:\/\/sanatate.md\/ro\/#website","url":"https:\/\/sanatate.md\/ro\/","name":"Sanatate.md","description":"\u0416\u0443\u0440\u043d\u0430\u043b \u0434\u043b\u044f \u0432\u0441\u0435\u0439 \u0441\u0435\u043c\u044c\u0438 \u0432 \u041c\u043e\u043b\u0434\u043e\u0432\u0435","publisher":{"@id":"https:\/\/sanatate.md\/ro\/#organization"},"potentialAction":[{"@type":"SearchAction","target":{"@type":"EntryPoint","urlTemplate":"https:\/\/sanatate.md\/ro\/?s={search_term_string}"},"query-input":{"@type":"PropertyValueSpecification","valueRequired":true,"valueName":"search_term_string"}}],"inLanguage":"ro-RO"},{"@type":"Organization","@id":"https:\/\/sanatate.md\/ro\/#organization","name":"SANATATE","url":"https:\/\/sanatate.md\/ro\/","logo":{"@type":"ImageObject","inLanguage":"ro-RO","@id":"https:\/\/sanatate.md\/ro\/#\/schema\/logo\/image\/","url":"https:\/\/sanatate.md\/wp-content\/uploads\/2022\/01\/sanatate-logo.svg","contentUrl":"https:\/\/sanatate.md\/wp-content\/uploads\/2022\/01\/sanatate-logo.svg","width":"1024","height":"1024","caption":"SANATATE"},"image":{"@id":"https:\/\/sanatate.md\/ro\/#\/schema\/logo\/image\/"}}]}},"_links":{"self":[{"href":"https:\/\/sanatate.md\/ro\/wp-json\/wp\/v2\/pages\/66194","targetHints":{"allow":["GET"]}}],"collection":[{"href":"https:\/\/sanatate.md\/ro\/wp-json\/wp\/v2\/pages"}],"about":[{"href":"https:\/\/sanatate.md\/ro\/wp-json\/wp\/v2\/types\/page"}],"author":[{"embeddable":true,"href":"https:\/\/sanatate.md\/ro\/wp-json\/wp\/v2\/users\/28"}],"replies":[{"embeddable":true,"href":"https:\/\/sanatate.md\/ro\/wp-json\/wp\/v2\/comments?post=66194"}],"version-history":[{"count":0,"href":"https:\/\/sanatate.md\/ro\/wp-json\/wp\/v2\/pages\/66194\/revisions"}],"up":[{"embeddable":true,"href":"https:\/\/sanatate.md\/ro\/wp-json\/wp\/v2\/pages\/43635"}],"wp:attachment":[{"href":"https:\/\/sanatate.md\/ro\/wp-json\/wp\/v2\/media?parent=66194"}],"curies":[{"name":"wp","href":"https:\/\/api.w.org\/{rel}","templated":true}]}}