{"id":66199,"date":"2018-10-02T17:47:22","date_gmt":"2018-10-02T14:47:22","guid":{"rendered":"https:\/\/sanatate.md\/?page_id=66199"},"modified":"2018-10-02T17:47:22","modified_gmt":"2018-10-02T14:47:22","slug":"granulomul-venereal-donovanoza","status":"publish","type":"page","link":"https:\/\/sanatate.md\/ro\/boli-si-tratament\/boli-venerice\/granulomul-venereal-donovanoza\/","title":{"rendered":"Granulomul venereal (donovanoz\u0103)"},"content":{"rendered":"<p>Granulomul veneric mai are un nume &#8211; donovanoza. Aceast\u0103 boal\u0103 este cronic\u0103, progreseaz\u0103 lent \u0219i este cauzat\u0103 de hlamida Argan-Vianna.<\/p>\n<h3>Caracteristicile<\/h3>\n<p>O tr\u0103s\u0103tur\u0103 specific\u0103 a acestei boli este dezvoltarea ulcera\u021biilor pielii de tip granulomatoase, precum \u0219i a \u021besutului subcutanat \u00een perineu \u0219i \u00een zona genital\u0103. Foarte des, numele unui granulom venerabil este confundat cu limfogranulomul inghinal.<br \/>\nGranulomul venoas a fost descoperit \u00een India \u00een anul 1882.<\/p>\n<h3>Etiologia<\/h3>\n<p>Agentul etiologic al bolii a fost identificat pentru prima dat\u0103 \u00een anul 1905 de c\u0103tre medicul din Irlanda C. Donovan, care a descris incluziunile intracelulare \u00een lichidul din leziunea, situat\u0103 \u00een cavitatea bucal\u0103 a pacientului. Prin urmare, agentul cauzal al acestei boli mai are un nume &#8211; Taurus Donovan.<br \/>\nPatogenii granuloamei venerice sunt hlamidele pleomorfe cu o l\u0103\u021bime de 0,5 &#8211; la 0,7 microni, iar lungimea &#8211; 1-2 microni. Capetele acestora sunt rotunjite \u0219i pot fi individuale sau \u00eentr-un grup (chist). \u00cen majoritatea cazurilor, sunt \u00eentr-o capsul\u0103.<\/p>\n<h3>Metodele de transmitere<\/h3>\n<p>Aceast\u0103 boal\u0103 afecteaz\u0103 numai oamenii. \u00cen cele mai multe cazuri, infec\u021bia se transmite, de regul\u0103, pe cale sexual\u0103. R\u0103sp\u00e2ndirea acestui tip de infec\u021bie este favorizat\u0103 de condi\u021biile climatice umede \u0219i de temperatura aerului \u00eenconjur\u0103tor. Apari\u021bia \u0219i r\u0103sp\u00e2ndirea granulomei venerice a bolii poate surveni din lipsa de igien\u0103, precum \u0219i din cauza rela\u021biilor sexuae ocazionale.<\/p>\n<h3>Caracteristicile epidemiologice<\/h3>\n<p>Granuloma veneric\u0103 este destul de r\u0103sp\u00e2ndit\u0103 \u00een regiunile sudice ale Chinei, Asiei de Sud-Est, Sud \u0219i Africii Centrale, precum \u0219i \u00een alte \u021b\u0103ri cu clim\u0103 cald\u0103 umed\u0103. \u00cen Statele Unite aceast\u0103 boal\u0103 este foarte des diagnosticat\u0103 pe coasta Golfului Mexic, insulele Atlanticului. \u00cen \u021b\u0103rile europene aceast\u0103 afec\u021biune este extrem de rar\u0103.<br \/>\nUnii cercet\u0103tori consider\u0103, c\u0103 boala este mai des diagnosticat\u0103 la b\u0103rba\u021bi dec\u00e2t la femei. Perioada de incuba\u021bie poate dura p\u00e2n\u0103 la trei luni \u0219i mai mult. Hlamidele infec\u021bioase penetreaz\u0103 suprafa\u021ba afectat\u0103 a pielii \u0219i mucoaselor, care rezult\u0103 \u00een procesele inflamatorii ce apar la nivelul dermului, uneori inflama\u021bia poate aparea \u00een \u021besutul subcutanat.<\/p>\n<p>La etapa ini\u021bial\u0103 a bolii apar papule, care se ridica deasupra suprafe\u021bei pielii \u0219i au dimensiunea unui bob de maz\u0103re. \u00cen unele cazuri, boala se poate manifesta ptin umfl\u0103turi pe piele de diferite dimensiuni, care devin mai moi dup\u0103 apari\u021bia unui abces mic. \u00cen viitor, aceast\u0103 umflare se desparte \u0219i se dezvolt\u0103 \u00een ulcera\u021bie cu nuan\u021b\u0103 purpurie str\u0103lucitoare . Exist\u0103 durere, apar granula\u021bii abundente cu margini ondulate sau de form\u0103 din\u021bat\u0103.<br \/>\nUnii exper\u021bi consider\u0103 c\u0103 susceptibilitatea individual\u0103 la aceast\u0103 boal\u0103 are un rol important.<\/p>\n<h3>Complica\u021biile<\/h3>\n<p>Femeile dezvolt\u0103 uneori complica\u021bii ale acestei afec\u021biuni. Ca rezultat se pot m\u0103ri organele sistemului reproductiv, \u00eengustarea anusului, vaginului si uretrei. Este posibil\u0103, de asemenea, deformarea organelor sistemului de reproducere. La reprezentan\u021bii sexului masculin se dezvolta fimoza, necroza genital\u0103 \u0219.a.<br \/>\n\u00cen unele cazuri se stabile\u0219te carcinomul de tip epidermoidal. Aceast\u0103 boal\u0103 poate provoca dificult\u0103\u021bi \u00een procesul de urinare, contact sexual, defecare, munc\u0103. De asemenea, pacientului \u00eei este dificil s\u0103 se mi\u0219te \u00een cazul \u00een care exist\u0103 o afectare extins\u0103 a organelor de reproducere \u0219i ale anusului. Tratamentul este indicat de c\u0103tre speciali\u0219ti numai dup\u0103 o examinare complet\u0103 \u0219i prin stabilirea unui diagnostic corect.<\/p>\n","protected":false},"excerpt":{"rendered":"<p>Granulomul veneric mai are un nume &#8211; donovanoza. Aceast\u0103 boal\u0103 este cronic\u0103, progreseaz\u0103 lent \u0219i este cauzat\u0103 de hlamida Argan-Vianna. Caracteristicile O tr\u0103s\u0103tur\u0103 specific\u0103 a acestei boli este dezvoltarea ulcera\u021biilor pielii de tip granulomatoase, precum \u0219i a \u021besutului subcutanat \u00een perineu \u0219i \u00een zona genital\u0103. Foarte des, numele unui granulom venerabil este confundat cu limfogranulomul [&hellip;]<\/p>\n","protected":false},"author":28,"featured_media":0,"parent":43639,"menu_order":0,"comment_status":"closed","ping_status":"closed","template":"","meta":{"inline_featured_image":false,"footnotes":""},"class_list":["post-66199","page","type-page","status-publish"],"yoast_head":"<!-- This site is optimized with the Yoast SEO plugin v27.3 - https:\/\/yoast.com\/product\/yoast-seo-wordpress\/ -->\n<title>Granulomul venereal (donovanoz\u0103)<\/title>\n<meta name=\"description\" content=\"Granulomul veneric mai are un nume - donovanoza. Aceast\u0103 boal\u0103 este cronic\u0103, progreseaz\u0103 lent \u0219i este cauzat\u0103 de hlamida Argan-Vianna.\" \/>\n<meta name=\"robots\" content=\"index, follow, max-snippet:-1, max-image-preview:large, max-video-preview:-1\" \/>\n<link rel=\"canonical\" href=\"https:\/\/sanatate.md\/ro\/boli-si-tratament\/boli-venerice\/granulomul-venereal-donovanoza\/\" \/>\n<meta property=\"og:locale\" content=\"ro_RO\" \/>\n<meta property=\"og:type\" content=\"article\" \/>\n<meta property=\"og:title\" content=\"Granulomul venereal (donovanoz\u0103)\" \/>\n<meta property=\"og:description\" content=\"Granulomul veneric mai are un nume - donovanoza. Aceast\u0103 boal\u0103 este cronic\u0103, progreseaz\u0103 lent \u0219i este cauzat\u0103 de hlamida Argan-Vianna.\" \/>\n<meta property=\"og:url\" content=\"https:\/\/sanatate.md\/ro\/boli-si-tratament\/boli-venerice\/granulomul-venereal-donovanoza\/\" \/>\n<meta property=\"og:site_name\" content=\"Sanatate.md\" \/>\n<meta name=\"twitter:card\" content=\"summary_large_image\" \/>\n<meta name=\"twitter:label1\" content=\"Timp estimat pentru citire\" \/>\n\t<meta name=\"twitter:data1\" content=\"3 minute\" \/>\n<script type=\"application\/ld+json\" class=\"yoast-schema-graph\">{\"@context\":\"https:\\\/\\\/schema.org\",\"@graph\":[{\"@type\":\"WebPage\",\"@id\":\"https:\\\/\\\/sanatate.md\\\/ro\\\/boli-si-tratament\\\/boli-venerice\\\/granulomul-venereal-donovanoza\\\/\",\"url\":\"https:\\\/\\\/sanatate.md\\\/ro\\\/boli-si-tratament\\\/boli-venerice\\\/granulomul-venereal-donovanoza\\\/\",\"name\":\"Granulomul venereal (donovanoz\u0103)\",\"isPartOf\":{\"@id\":\"https:\\\/\\\/sanatate.md\\\/ro\\\/#website\"},\"datePublished\":\"2018-10-02T14:47:22+00:00\",\"description\":\"Granulomul veneric mai are un nume - donovanoza. Aceast\u0103 boal\u0103 este cronic\u0103, progreseaz\u0103 lent \u0219i este cauzat\u0103 de hlamida Argan-Vianna.\",\"breadcrumb\":{\"@id\":\"https:\\\/\\\/sanatate.md\\\/ro\\\/boli-si-tratament\\\/boli-venerice\\\/granulomul-venereal-donovanoza\\\/#breadcrumb\"},\"inLanguage\":\"ro-RO\",\"potentialAction\":[{\"@type\":\"ReadAction\",\"target\":[\"https:\\\/\\\/sanatate.md\\\/ro\\\/boli-si-tratament\\\/boli-venerice\\\/granulomul-venereal-donovanoza\\\/\"]}]},{\"@type\":\"BreadcrumbList\",\"@id\":\"https:\\\/\\\/sanatate.md\\\/ro\\\/boli-si-tratament\\\/boli-venerice\\\/granulomul-venereal-donovanoza\\\/#breadcrumb\",\"itemListElement\":[{\"@type\":\"ListItem\",\"position\":1,\"name\":\"\u0413\u043b\u0430\u0432\u043d\u0430\u044f \u0441\u0442\u0440\u0430\u043d\u0438\u0446\u0430\",\"item\":\"https:\\\/\\\/sanatate.md\\\/ro\\\/\"},{\"@type\":\"ListItem\",\"position\":2,\"name\":\"Boli si tratament\",\"item\":\"https:\\\/\\\/sanatate.md\\\/ro\\\/boli-si-tratament\\\/\"},{\"@type\":\"ListItem\",\"position\":3,\"name\":\"Boli venerice\",\"item\":\"https:\\\/\\\/sanatate.md\\\/ro\\\/boli-si-tratament\\\/boli-venerice\\\/\"},{\"@type\":\"ListItem\",\"position\":4,\"name\":\"Granulomul venereal (donovanoz\u0103)\"}]},{\"@type\":\"WebSite\",\"@id\":\"https:\\\/\\\/sanatate.md\\\/ro\\\/#website\",\"url\":\"https:\\\/\\\/sanatate.md\\\/ro\\\/\",\"name\":\"Sanatate.md\",\"description\":\"\u0416\u0443\u0440\u043d\u0430\u043b \u0434\u043b\u044f \u0432\u0441\u0435\u0439 \u0441\u0435\u043c\u044c\u0438 \u0432 \u041c\u043e\u043b\u0434\u043e\u0432\u0435\",\"publisher\":{\"@id\":\"https:\\\/\\\/sanatate.md\\\/ro\\\/#organization\"},\"potentialAction\":[{\"@type\":\"SearchAction\",\"target\":{\"@type\":\"EntryPoint\",\"urlTemplate\":\"https:\\\/\\\/sanatate.md\\\/ro\\\/?s={search_term_string}\"},\"query-input\":{\"@type\":\"PropertyValueSpecification\",\"valueRequired\":true,\"valueName\":\"search_term_string\"}}],\"inLanguage\":\"ro-RO\"},{\"@type\":\"Organization\",\"@id\":\"https:\\\/\\\/sanatate.md\\\/ro\\\/#organization\",\"name\":\"SANATATE\",\"url\":\"https:\\\/\\\/sanatate.md\\\/ro\\\/\",\"logo\":{\"@type\":\"ImageObject\",\"inLanguage\":\"ro-RO\",\"@id\":\"https:\\\/\\\/sanatate.md\\\/ro\\\/#\\\/schema\\\/logo\\\/image\\\/\",\"url\":\"https:\\\/\\\/sanatate.md\\\/wp-content\\\/uploads\\\/2022\\\/01\\\/sanatate-logo.svg\",\"contentUrl\":\"https:\\\/\\\/sanatate.md\\\/wp-content\\\/uploads\\\/2022\\\/01\\\/sanatate-logo.svg\",\"width\":\"1024\",\"height\":\"1024\",\"caption\":\"SANATATE\"},\"image\":{\"@id\":\"https:\\\/\\\/sanatate.md\\\/ro\\\/#\\\/schema\\\/logo\\\/image\\\/\"}}]}<\/script>\n<!-- \/ Yoast SEO plugin. -->","yoast_head_json":{"title":"Granulomul venereal (donovanoz\u0103)","description":"Granulomul veneric mai are un nume - donovanoza. Aceast\u0103 boal\u0103 este cronic\u0103, progreseaz\u0103 lent \u0219i este cauzat\u0103 de hlamida Argan-Vianna.","robots":{"index":"index","follow":"follow","max-snippet":"max-snippet:-1","max-image-preview":"max-image-preview:large","max-video-preview":"max-video-preview:-1"},"canonical":"https:\/\/sanatate.md\/ro\/boli-si-tratament\/boli-venerice\/granulomul-venereal-donovanoza\/","og_locale":"ro_RO","og_type":"article","og_title":"Granulomul venereal (donovanoz\u0103)","og_description":"Granulomul veneric mai are un nume - donovanoza. Aceast\u0103 boal\u0103 este cronic\u0103, progreseaz\u0103 lent \u0219i este cauzat\u0103 de hlamida Argan-Vianna.","og_url":"https:\/\/sanatate.md\/ro\/boli-si-tratament\/boli-venerice\/granulomul-venereal-donovanoza\/","og_site_name":"Sanatate.md","twitter_card":"summary_large_image","twitter_misc":{"Timp estimat pentru citire":"3 minute"},"schema":{"@context":"https:\/\/schema.org","@graph":[{"@type":"WebPage","@id":"https:\/\/sanatate.md\/ro\/boli-si-tratament\/boli-venerice\/granulomul-venereal-donovanoza\/","url":"https:\/\/sanatate.md\/ro\/boli-si-tratament\/boli-venerice\/granulomul-venereal-donovanoza\/","name":"Granulomul venereal (donovanoz\u0103)","isPartOf":{"@id":"https:\/\/sanatate.md\/ro\/#website"},"datePublished":"2018-10-02T14:47:22+00:00","description":"Granulomul veneric mai are un nume - donovanoza. Aceast\u0103 boal\u0103 este cronic\u0103, progreseaz\u0103 lent \u0219i este cauzat\u0103 de hlamida Argan-Vianna.","breadcrumb":{"@id":"https:\/\/sanatate.md\/ro\/boli-si-tratament\/boli-venerice\/granulomul-venereal-donovanoza\/#breadcrumb"},"inLanguage":"ro-RO","potentialAction":[{"@type":"ReadAction","target":["https:\/\/sanatate.md\/ro\/boli-si-tratament\/boli-venerice\/granulomul-venereal-donovanoza\/"]}]},{"@type":"BreadcrumbList","@id":"https:\/\/sanatate.md\/ro\/boli-si-tratament\/boli-venerice\/granulomul-venereal-donovanoza\/#breadcrumb","itemListElement":[{"@type":"ListItem","position":1,"name":"\u0413\u043b\u0430\u0432\u043d\u0430\u044f \u0441\u0442\u0440\u0430\u043d\u0438\u0446\u0430","item":"https:\/\/sanatate.md\/ro\/"},{"@type":"ListItem","position":2,"name":"Boli si tratament","item":"https:\/\/sanatate.md\/ro\/boli-si-tratament\/"},{"@type":"ListItem","position":3,"name":"Boli venerice","item":"https:\/\/sanatate.md\/ro\/boli-si-tratament\/boli-venerice\/"},{"@type":"ListItem","position":4,"name":"Granulomul venereal (donovanoz\u0103)"}]},{"@type":"WebSite","@id":"https:\/\/sanatate.md\/ro\/#website","url":"https:\/\/sanatate.md\/ro\/","name":"Sanatate.md","description":"\u0416\u0443\u0440\u043d\u0430\u043b \u0434\u043b\u044f \u0432\u0441\u0435\u0439 \u0441\u0435\u043c\u044c\u0438 \u0432 \u041c\u043e\u043b\u0434\u043e\u0432\u0435","publisher":{"@id":"https:\/\/sanatate.md\/ro\/#organization"},"potentialAction":[{"@type":"SearchAction","target":{"@type":"EntryPoint","urlTemplate":"https:\/\/sanatate.md\/ro\/?s={search_term_string}"},"query-input":{"@type":"PropertyValueSpecification","valueRequired":true,"valueName":"search_term_string"}}],"inLanguage":"ro-RO"},{"@type":"Organization","@id":"https:\/\/sanatate.md\/ro\/#organization","name":"SANATATE","url":"https:\/\/sanatate.md\/ro\/","logo":{"@type":"ImageObject","inLanguage":"ro-RO","@id":"https:\/\/sanatate.md\/ro\/#\/schema\/logo\/image\/","url":"https:\/\/sanatate.md\/wp-content\/uploads\/2022\/01\/sanatate-logo.svg","contentUrl":"https:\/\/sanatate.md\/wp-content\/uploads\/2022\/01\/sanatate-logo.svg","width":"1024","height":"1024","caption":"SANATATE"},"image":{"@id":"https:\/\/sanatate.md\/ro\/#\/schema\/logo\/image\/"}}]}},"_links":{"self":[{"href":"https:\/\/sanatate.md\/ro\/wp-json\/wp\/v2\/pages\/66199","targetHints":{"allow":["GET"]}}],"collection":[{"href":"https:\/\/sanatate.md\/ro\/wp-json\/wp\/v2\/pages"}],"about":[{"href":"https:\/\/sanatate.md\/ro\/wp-json\/wp\/v2\/types\/page"}],"author":[{"embeddable":true,"href":"https:\/\/sanatate.md\/ro\/wp-json\/wp\/v2\/users\/28"}],"replies":[{"embeddable":true,"href":"https:\/\/sanatate.md\/ro\/wp-json\/wp\/v2\/comments?post=66199"}],"version-history":[{"count":0,"href":"https:\/\/sanatate.md\/ro\/wp-json\/wp\/v2\/pages\/66199\/revisions"}],"up":[{"embeddable":true,"href":"https:\/\/sanatate.md\/ro\/wp-json\/wp\/v2\/pages\/43639"}],"wp:attachment":[{"href":"https:\/\/sanatate.md\/ro\/wp-json\/wp\/v2\/media?parent=66199"}],"curies":[{"name":"wp","href":"https:\/\/api.w.org\/{rel}","templated":true}]}}