{"id":66223,"date":"2018-10-03T11:16:55","date_gmt":"2018-10-03T08:16:55","guid":{"rendered":"https:\/\/sanatate.md\/?page_id=66223"},"modified":"2018-10-03T11:16:55","modified_gmt":"2018-10-03T08:16:55","slug":"herpes-genital-herpes-pe-buze","status":"publish","type":"page","link":"https:\/\/sanatate.md\/ro\/boli-si-tratament\/boli-venerice\/herpes-genital-herpes-pe-buze\/","title":{"rendered":"Herpes genital. Herpes pe buze"},"content":{"rendered":"<p>Cel mai des \u00eent\u00eelnit virus pe glob este virusul herpes simplex, care a infectat 65% &#8211; 90% din oameni.<\/p>\n<p>Exist\u0103 dou\u0103 tipuri de herpes:<\/p>\n<p>\u2022 herpes labial &#8211; cu r\u0103ni dureroase \u0219i bule de lichid pe buze \u0219i \u00een cavitatea bucal\u0103;<br \/>\n\u2022 herpes genital \u2013 cu r\u0103ni \u0219i bule distribuite pe organele genitale \u0219i anus.<\/p>\n<p>De-a lungul ultimilor ani, cea mai frecvent\u0103 cauz\u0103 de infectie cu herpes genital este o form\u0103 de herpes labial, care se transmite prin sex oral. Dup\u0103 ceva timp, bulele se sparg spontan, \u0219i exist\u0103 o vindecare treptat\u0103.<\/p>\n<h3>Simptomatologia<\/h3>\n<p>Majoritatea oamenilor pot fi purtatori al primului tip de herpes \u0219i nu \u0219tiu despre aceasta, pentru c\u0103, \u00een unele cazuri, e posibil s\u0103 nu se developeze. Persoanele, care au suferit de herpes cel pu\u021bin o dat\u0103, pot repeta perioade de manifest\u0103ri recurente ale bolii.<br \/>\nHerpesul recidiv poate ap\u0103rea din cauza epuiz\u0103ri puterilor, hipotermiei, dup\u0103 o situa\u021be de stres, la un deficit de vitamine, sl\u0103birii sistemului imunitar, precum si in timpul menstrua\u021biei la femei.<br \/>\nMedicina de ast\u0103zi nu poate oferi medicamente, care ar permite s\u0103 scape de aceast\u0103 boal\u0103, deoarece virusul herpetic ramane \u00een celulele nervoase pe via\u021b\u0103. Cu toate acestea, exist\u0103 medicamente care pot ajuta la reducerea frecven\u021bei recidivelor \u0219i a severit\u0103\u021bii acestora.<\/p>\n<h3>Herpesul labial<\/h3>\n<p>Acest herpes este de primul tip \u0219i se transmite prin zonele deteriorate ale pielii \u0219i salivei. Infectarea se produce c\u00e2nd se utilizeaz\u0103 lucrurile altor persoane:<br \/>\n\u2022 tac\u00e2muri;<br \/>\n\u2022 periu\u021b\u0103 de din\u021bi;<br \/>\n\u2022 produse de igien\u0103 personal\u0103 etc.<\/p>\n<p>Herpesul, de asemenea, se transmite prin s\u0103rut. Infec\u021bia apare pe buze \u0219i \u00een cavitatea bucal\u0103 \u0219i este exprimat\u0103 prin vezici dureroase, care se p\u0103streaz\u0103 de la dou\u0103 p\u00e2n\u0103 la trei s\u0103pt\u0103m\u00e2ni. P\u00e2n\u0103 la acel moment, \u00een zonele afectate pot ap\u0103rea furnic\u0103turi nepl\u0103cute \u0219i disconfort, senza\u021bii caracteristice de m\u00e2nc\u0103rime \u0219i de arsur\u0103. De asemenea, herpesul poate provoca o cre\u0219tere a temperaturii corpului \u0219i a dureri musculare. Astfel de simptome nu sunt specifice pentru to\u021bi oamenii.<\/p>\n<p>Purt\u0103torii de virus, care nu au simptoame, sunt de 2 ori mai mul\u021bi decat persoanele cu simptome tipice de herpes. \u00cen general, perioada de s\u0103 fie purt\u0103tori ale bolii, infect\u00e2nd partenerii incubare este de dou\u0103 p\u00e2n\u0103 la dou\u0103sprezece zile dup\u0103 infectare. \u00cen cele mai multe cazuri, infec\u021bia cu herpes labial apare \u00een copil\u0103rie.<\/p>\n<h3>Herpes genital<\/h3>\n<p>Acest tip de herpes se transmite \u00een timpul actului sexual vaginal, anal sau oral. Infectarea se poate produce la atingerea pielei pacientului de o piele s\u0103n\u0103toas\u0103 \u0219i are loc chiar \u0219i \u00een cazul, \u00een care pe piele sau membranele mucoase nu apar bule sau erup\u021bii cutanate caracteristice.<br \/>\nDeseori, oamenii nu-s con\u0219tien\u021bi c\u0103 sunt infecta\u021bi cu herpes, \u0219i continu\u0103 sexuali. Protec\u021bia acestui tip de boal\u0103, se face, \u00een unele cazuri, utiliz\u00e2nd un prezervativ. Dar nu este o garan\u021bie absolut\u0103, deoarece zona afectat\u0103 poate fi \u0219i pielea, care nu este acoperit\u0103 de acesta.<\/p>\n<p>Herpesul dat la femei este mai frecvent dec\u00e2t la b\u0103rba\u021bi, deoarece se datoreaz\u0103 faptului c\u0103 transmiterea Herpes-ului se produce de la sexul masculin la feminin. Un alt motiv pentru dezvoltarea lui la femei este transmiterea de c\u0103tre mam\u0103 la copil \u00een timpul travaliului, ceea ce poate duce la probleme foarte grave.<br \/>\nRiscul cre\u0219te \u00een cazul primei infec\u021bii \u00een timpul sarcinii. \u00cen cazul herpesului genital la femei care nasc, \u00een cele mai multe cazuri, se efectuat o cezarian\u0103.<br \/>\nDe multe ori, boala trece neobservat\u0103 si far\u0103 simptome, uneori pot s\u0103 apar\u0103 erup\u021bii cutanate minore. Micile leziuni pot ap\u0103rea nu numai pe organele genitale, dar, de asemenea, pe fese, \u0219olduri, spate mai aproape de anus, \u00een zona inghinal\u0103.<\/p>\n<p>Primele simptome ale acestui tip de herpes apar \u00een primele dou\u0103 s\u0103pt\u0103m\u00e2ni dup\u0103 infectare, \u0219i pot fi destul de dureroase. Bulele se sparg \u0219i se vindec\u0103 \u00een termen de dou\u0103 &#8211; patru s\u0103pt\u0103m\u00e2ni. De asemenea, simptomele seam\u0103n\u0103 cu cele de grip\u0103: febr\u0103 \u0219i inflamarea ganglionilor limfatici.<br \/>\nLa cei mai mul\u021bi oameni, care sufer\u0103 de herpes, perioadele recurente apar de 4-5 ori de-a lungul anilor, dar, \u00een timp, ele pot devein mai pu\u021bin active.<\/p>\n","protected":false},"excerpt":{"rendered":"<p>Cel mai des \u00eent\u00eelnit virus pe glob este virusul herpes simplex, care a infectat 65% &#8211; 90% din oameni. Exist\u0103 dou\u0103 tipuri de herpes: \u2022 herpes labial &#8211; cu r\u0103ni dureroase \u0219i bule de lichid pe buze \u0219i \u00een cavitatea bucal\u0103; \u2022 herpes genital \u2013 cu r\u0103ni \u0219i bule distribuite pe organele genitale \u0219i anus. [&hellip;]<\/p>\n","protected":false},"author":28,"featured_media":0,"parent":43639,"menu_order":0,"comment_status":"closed","ping_status":"closed","template":"","meta":{"inline_featured_image":false,"footnotes":""},"class_list":["post-66223","page","type-page","status-publish"],"yoast_head":"<!-- This site is optimized with the Yoast SEO plugin v27.3 - https:\/\/yoast.com\/product\/yoast-seo-wordpress\/ -->\n<title>Herpes genital. Herpes pe buze<\/title>\n<meta name=\"description\" content=\"Cel mai des \u00eent\u00eelnit virus pe glob este virusul herpes simplex, care a infectat 65% - 90% din oameni.\" \/>\n<meta name=\"robots\" content=\"index, follow, max-snippet:-1, max-image-preview:large, max-video-preview:-1\" \/>\n<link rel=\"canonical\" href=\"https:\/\/sanatate.md\/ro\/boli-si-tratament\/boli-venerice\/herpes-genital-herpes-pe-buze\/\" \/>\n<meta property=\"og:locale\" content=\"ro_RO\" \/>\n<meta property=\"og:type\" content=\"article\" \/>\n<meta property=\"og:title\" content=\"Herpes genital. Herpes pe buze\" \/>\n<meta property=\"og:description\" content=\"Cel mai des \u00eent\u00eelnit virus pe glob este virusul herpes simplex, care a infectat 65% - 90% din oameni.\" \/>\n<meta property=\"og:url\" content=\"https:\/\/sanatate.md\/ro\/boli-si-tratament\/boli-venerice\/herpes-genital-herpes-pe-buze\/\" \/>\n<meta property=\"og:site_name\" content=\"Sanatate.md\" \/>\n<meta name=\"twitter:card\" content=\"summary_large_image\" \/>\n<meta name=\"twitter:label1\" content=\"Timp estimat pentru citire\" \/>\n\t<meta name=\"twitter:data1\" content=\"4 minute\" \/>\n<script type=\"application\/ld+json\" class=\"yoast-schema-graph\">{\"@context\":\"https:\\\/\\\/schema.org\",\"@graph\":[{\"@type\":\"WebPage\",\"@id\":\"https:\\\/\\\/sanatate.md\\\/ro\\\/boli-si-tratament\\\/boli-venerice\\\/herpes-genital-herpes-pe-buze\\\/\",\"url\":\"https:\\\/\\\/sanatate.md\\\/ro\\\/boli-si-tratament\\\/boli-venerice\\\/herpes-genital-herpes-pe-buze\\\/\",\"name\":\"Herpes genital. Herpes pe buze\",\"isPartOf\":{\"@id\":\"https:\\\/\\\/sanatate.md\\\/ro\\\/#website\"},\"datePublished\":\"2018-10-03T08:16:55+00:00\",\"description\":\"Cel mai des \u00eent\u00eelnit virus pe glob este virusul herpes simplex, care a infectat 65% - 90% din oameni.\",\"breadcrumb\":{\"@id\":\"https:\\\/\\\/sanatate.md\\\/ro\\\/boli-si-tratament\\\/boli-venerice\\\/herpes-genital-herpes-pe-buze\\\/#breadcrumb\"},\"inLanguage\":\"ro-RO\",\"potentialAction\":[{\"@type\":\"ReadAction\",\"target\":[\"https:\\\/\\\/sanatate.md\\\/ro\\\/boli-si-tratament\\\/boli-venerice\\\/herpes-genital-herpes-pe-buze\\\/\"]}]},{\"@type\":\"BreadcrumbList\",\"@id\":\"https:\\\/\\\/sanatate.md\\\/ro\\\/boli-si-tratament\\\/boli-venerice\\\/herpes-genital-herpes-pe-buze\\\/#breadcrumb\",\"itemListElement\":[{\"@type\":\"ListItem\",\"position\":1,\"name\":\"\u0413\u043b\u0430\u0432\u043d\u0430\u044f \u0441\u0442\u0440\u0430\u043d\u0438\u0446\u0430\",\"item\":\"https:\\\/\\\/sanatate.md\\\/ro\\\/\"},{\"@type\":\"ListItem\",\"position\":2,\"name\":\"Boli si tratament\",\"item\":\"https:\\\/\\\/sanatate.md\\\/ro\\\/boli-si-tratament\\\/\"},{\"@type\":\"ListItem\",\"position\":3,\"name\":\"Boli venerice\",\"item\":\"https:\\\/\\\/sanatate.md\\\/ro\\\/boli-si-tratament\\\/boli-venerice\\\/\"},{\"@type\":\"ListItem\",\"position\":4,\"name\":\"Herpes genital. Herpes pe buze\"}]},{\"@type\":\"WebSite\",\"@id\":\"https:\\\/\\\/sanatate.md\\\/ro\\\/#website\",\"url\":\"https:\\\/\\\/sanatate.md\\\/ro\\\/\",\"name\":\"Sanatate.md\",\"description\":\"\u0416\u0443\u0440\u043d\u0430\u043b \u0434\u043b\u044f \u0432\u0441\u0435\u0439 \u0441\u0435\u043c\u044c\u0438 \u0432 \u041c\u043e\u043b\u0434\u043e\u0432\u0435\",\"publisher\":{\"@id\":\"https:\\\/\\\/sanatate.md\\\/ro\\\/#organization\"},\"potentialAction\":[{\"@type\":\"SearchAction\",\"target\":{\"@type\":\"EntryPoint\",\"urlTemplate\":\"https:\\\/\\\/sanatate.md\\\/ro\\\/?s={search_term_string}\"},\"query-input\":{\"@type\":\"PropertyValueSpecification\",\"valueRequired\":true,\"valueName\":\"search_term_string\"}}],\"inLanguage\":\"ro-RO\"},{\"@type\":\"Organization\",\"@id\":\"https:\\\/\\\/sanatate.md\\\/ro\\\/#organization\",\"name\":\"SANATATE\",\"url\":\"https:\\\/\\\/sanatate.md\\\/ro\\\/\",\"logo\":{\"@type\":\"ImageObject\",\"inLanguage\":\"ro-RO\",\"@id\":\"https:\\\/\\\/sanatate.md\\\/ro\\\/#\\\/schema\\\/logo\\\/image\\\/\",\"url\":\"https:\\\/\\\/sanatate.md\\\/wp-content\\\/uploads\\\/2022\\\/01\\\/sanatate-logo.svg\",\"contentUrl\":\"https:\\\/\\\/sanatate.md\\\/wp-content\\\/uploads\\\/2022\\\/01\\\/sanatate-logo.svg\",\"width\":\"1024\",\"height\":\"1024\",\"caption\":\"SANATATE\"},\"image\":{\"@id\":\"https:\\\/\\\/sanatate.md\\\/ro\\\/#\\\/schema\\\/logo\\\/image\\\/\"}}]}<\/script>\n<!-- \/ Yoast SEO plugin. -->","yoast_head_json":{"title":"Herpes genital. Herpes pe buze","description":"Cel mai des \u00eent\u00eelnit virus pe glob este virusul herpes simplex, care a infectat 65% - 90% din oameni.","robots":{"index":"index","follow":"follow","max-snippet":"max-snippet:-1","max-image-preview":"max-image-preview:large","max-video-preview":"max-video-preview:-1"},"canonical":"https:\/\/sanatate.md\/ro\/boli-si-tratament\/boli-venerice\/herpes-genital-herpes-pe-buze\/","og_locale":"ro_RO","og_type":"article","og_title":"Herpes genital. Herpes pe buze","og_description":"Cel mai des \u00eent\u00eelnit virus pe glob este virusul herpes simplex, care a infectat 65% - 90% din oameni.","og_url":"https:\/\/sanatate.md\/ro\/boli-si-tratament\/boli-venerice\/herpes-genital-herpes-pe-buze\/","og_site_name":"Sanatate.md","twitter_card":"summary_large_image","twitter_misc":{"Timp estimat pentru citire":"4 minute"},"schema":{"@context":"https:\/\/schema.org","@graph":[{"@type":"WebPage","@id":"https:\/\/sanatate.md\/ro\/boli-si-tratament\/boli-venerice\/herpes-genital-herpes-pe-buze\/","url":"https:\/\/sanatate.md\/ro\/boli-si-tratament\/boli-venerice\/herpes-genital-herpes-pe-buze\/","name":"Herpes genital. Herpes pe buze","isPartOf":{"@id":"https:\/\/sanatate.md\/ro\/#website"},"datePublished":"2018-10-03T08:16:55+00:00","description":"Cel mai des \u00eent\u00eelnit virus pe glob este virusul herpes simplex, care a infectat 65% - 90% din oameni.","breadcrumb":{"@id":"https:\/\/sanatate.md\/ro\/boli-si-tratament\/boli-venerice\/herpes-genital-herpes-pe-buze\/#breadcrumb"},"inLanguage":"ro-RO","potentialAction":[{"@type":"ReadAction","target":["https:\/\/sanatate.md\/ro\/boli-si-tratament\/boli-venerice\/herpes-genital-herpes-pe-buze\/"]}]},{"@type":"BreadcrumbList","@id":"https:\/\/sanatate.md\/ro\/boli-si-tratament\/boli-venerice\/herpes-genital-herpes-pe-buze\/#breadcrumb","itemListElement":[{"@type":"ListItem","position":1,"name":"\u0413\u043b\u0430\u0432\u043d\u0430\u044f \u0441\u0442\u0440\u0430\u043d\u0438\u0446\u0430","item":"https:\/\/sanatate.md\/ro\/"},{"@type":"ListItem","position":2,"name":"Boli si tratament","item":"https:\/\/sanatate.md\/ro\/boli-si-tratament\/"},{"@type":"ListItem","position":3,"name":"Boli venerice","item":"https:\/\/sanatate.md\/ro\/boli-si-tratament\/boli-venerice\/"},{"@type":"ListItem","position":4,"name":"Herpes genital. Herpes pe buze"}]},{"@type":"WebSite","@id":"https:\/\/sanatate.md\/ro\/#website","url":"https:\/\/sanatate.md\/ro\/","name":"Sanatate.md","description":"\u0416\u0443\u0440\u043d\u0430\u043b \u0434\u043b\u044f \u0432\u0441\u0435\u0439 \u0441\u0435\u043c\u044c\u0438 \u0432 \u041c\u043e\u043b\u0434\u043e\u0432\u0435","publisher":{"@id":"https:\/\/sanatate.md\/ro\/#organization"},"potentialAction":[{"@type":"SearchAction","target":{"@type":"EntryPoint","urlTemplate":"https:\/\/sanatate.md\/ro\/?s={search_term_string}"},"query-input":{"@type":"PropertyValueSpecification","valueRequired":true,"valueName":"search_term_string"}}],"inLanguage":"ro-RO"},{"@type":"Organization","@id":"https:\/\/sanatate.md\/ro\/#organization","name":"SANATATE","url":"https:\/\/sanatate.md\/ro\/","logo":{"@type":"ImageObject","inLanguage":"ro-RO","@id":"https:\/\/sanatate.md\/ro\/#\/schema\/logo\/image\/","url":"https:\/\/sanatate.md\/wp-content\/uploads\/2022\/01\/sanatate-logo.svg","contentUrl":"https:\/\/sanatate.md\/wp-content\/uploads\/2022\/01\/sanatate-logo.svg","width":"1024","height":"1024","caption":"SANATATE"},"image":{"@id":"https:\/\/sanatate.md\/ro\/#\/schema\/logo\/image\/"}}]}},"_links":{"self":[{"href":"https:\/\/sanatate.md\/ro\/wp-json\/wp\/v2\/pages\/66223","targetHints":{"allow":["GET"]}}],"collection":[{"href":"https:\/\/sanatate.md\/ro\/wp-json\/wp\/v2\/pages"}],"about":[{"href":"https:\/\/sanatate.md\/ro\/wp-json\/wp\/v2\/types\/page"}],"author":[{"embeddable":true,"href":"https:\/\/sanatate.md\/ro\/wp-json\/wp\/v2\/users\/28"}],"replies":[{"embeddable":true,"href":"https:\/\/sanatate.md\/ro\/wp-json\/wp\/v2\/comments?post=66223"}],"version-history":[{"count":0,"href":"https:\/\/sanatate.md\/ro\/wp-json\/wp\/v2\/pages\/66223\/revisions"}],"up":[{"embeddable":true,"href":"https:\/\/sanatate.md\/ro\/wp-json\/wp\/v2\/pages\/43639"}],"wp:attachment":[{"href":"https:\/\/sanatate.md\/ro\/wp-json\/wp\/v2\/media?parent=66223"}],"curies":[{"name":"wp","href":"https:\/\/api.w.org\/{rel}","templated":true}]}}