{"id":66227,"date":"2018-10-03T11:47:52","date_gmt":"2018-10-03T08:47:52","guid":{"rendered":"https:\/\/sanatate.md\/?page_id=66227"},"modified":"2018-10-03T11:47:52","modified_gmt":"2018-10-03T08:47:52","slug":"trichomoniaza","status":"publish","type":"page","link":"https:\/\/sanatate.md\/ro\/boli-si-tratament\/boli-venerice\/trichomoniaza\/","title":{"rendered":"Trichomoniaza"},"content":{"rendered":"<p>Infectarea se face pe cale sexual\u0103, starea morbid\u0103 provoac\u0103 inflama\u021bii ale tractului urinar \u0219i simptomatica este identic\u0103 cu inflamarea tractului urinar. Poate fi \u00een combinare cu diferite infec\u021bii genitale: micoplasma, ureaplasma etc.<\/p>\n<p>\u00cen faza acut\u0103 b\u0103rba\u021bii sufer\u0103 de durere la urinare, iar la femei boala se manifest\u0103 prin elimin\u0103ri multiple, disconfort \u0219i arsuri. Atunci c\u00e2nd e netratat\u0103 boala se transform\u0103 \u00een prostatit\u0103, se dezvolt\u0103 infertilitatea primar\u0103 sau secundar\u0103, anomalii fetale la femeile gravide.<\/p>\n<p>Agent al infec\u021biei e Trichomonas vaginale. Parazitul p\u0103trunde \u00een uretr\u0103 la barba\u021bi \u0219i de acolo se r\u0103sp\u00e2nde\u0219te \u00een zona urogenital\u0103. La femei ea tr\u0103ie\u0219te \u00een vagin, zona vaginal\u0103 a canalului cervical \u0219i uretr\u0103. La sexul feminin starea de boal\u0103 este diagnosticat\u0103 mai des dec\u00e2t la b\u0103rba\u021bi. Boala se developeaz\u0103 mai viu \u0219i femeile apeleaz\u0103 la medici mai des pentru prevenirea ei. Potrivit statisticilor trichomoniaza este asociat\u0103 cu femeile tinere.<br \/>\n\u00cen timpul na\u0219terii p\u00e2n\u0103 la 5% din copii se molipsesc de la mam\u0103. Dar boala la nou-nascu\u021bi este u\u0219oara \u0219i ei sunt capabili s\u0103 o neutralizeze \u00een mod independent f\u0103r\u0103 tratament.<br \/>\nB\u0103rba\u021bii \u00een majoritatea cazurilor sunt doar purt\u0103tori ai infec\u021biei. Ea nu se manifest\u0103 \u00een nici un fel. Cu toate acestea, lipsa tratamentului poate provoca NGU, prostatit\u0103 cronic\u0103, iar inflama\u021bia \u00een testicule \u00eei poate face infertili, din cauza activit\u0103\u021bii sc\u00eezute a spermei.<br \/>\nInfectarea se face pe cale sexual\u0103, dar e posibil\u0103 si o infec\u021bie banal\u0103. Acest lucru se intampl\u0103 rar. Boala este diagnosticat\u0103 foarte des \u0219i e pe linia \u00eent\u00eei de r\u00e2nd cu alte infec\u021bii genitale.<\/p>\n<p>Potrivit investiga\u021biilor recente, infec\u021bia provoac\u0103 dezvoltarea unor boli grave, cum ar fi:<br \/>\n\u2022 diabetul;<br \/>\n\u2022 mastopatia;<br \/>\n\u2022 forma\u021biuni maligne.<\/p>\n<h3>Caracteristicile agentului patogen<\/h3>\n<p>Agen\u021bii patogeni reprezint\u0103 o form\u0103 vaginal\u0103 de parazi\u021bi din ordinul celor mai simple microorganisme. Ele au flagel, datorit\u0103 c\u0103ruia se mi\u0219c\u0103 repede. Agen\u021bii cauzali nu au sex, sunt omnivori \u0219i se pot multiplica rapid \u00een absen\u021ba oxigenului \u0219i la o temperatur\u0103 identic\u0103 cu cea a corpului uman. Ei se fixeaz\u0103 pe pere\u021bii membranelor mucoase \u0219i provoac\u0103 inflama\u021bii. Produsele activit\u0103\u021bii vitale a parazi\u021bilor sunt otr\u0103vitoare corpului uman, deprim\u0103 sistemul imunitar.<\/p>\n<p>Trichomonasa poate tr\u0103i \u00een s\u00e2ngele infectat, p\u0103trunz\u00e2nd prin limf\u0103, folosind hialuronidaza &#8211; o enzim\u0103 special\u0103. Parazi\u021bi posed\u0103 o capacitate uimitoare de a prinde r\u0103d\u0103cini \u00een corpul uman: u\u0219or \u00ee\u0219i schimb\u0103 forma, deseori iau forma celulelor sangvine, ceea ce face dificil de a stabili diagnosticul. Ei pot chiar s\u0103 &#8220;atrag\u0103&#8221; alte bacterii \u0219i astfel s\u0103 reduc\u0103 capacitatea sistemului imunitar de a le neutraliza. Gonococii, ureaplasma si alte microorganisme d\u0103unatoare, nimerind \u00een interiorul acestor parazi\u021b, sunt proteja\u021bi \u0219i nu se distrug chiar \u0219i la administrarea celor mai puternice antibiotice.<\/p>\n<p>Trichomonadele sunt capabile s\u0103 r\u0103sp\u00e2ndeasc\u0103 prin s\u00e2nge al\u021bi viru\u0219i \u0219i bacterii \u00een \u00eentregul corp uman. Ele afecteaz\u0103 epiteliul, reduc imunitatea \u0219i \u00een acest fel faciliteaz\u0103 \u00eentroducerea \u00een organism a diferitor agen\u021bi patologici a bolilor cu transmitere sexual\u0103, inclusiv HIV.<br \/>\n\u00cen prezent exist\u0103 tratamente eficiente pentru mai multe infectii cu transmitere sexual\u0103, dar vindecarea de trihomoniaz\u0103 nu este u\u0219oar\u0103 din motivul c\u0103 agentul cauzal este acoperit cu un \u00eenveli\u0219 non-proteine, care nu reac\u021bioneaz\u0103 la antibiotice.<\/p>\n<h3>Semnele trichomoniei<\/h3>\n<p>Perioada latent\u0103 a infec\u021biei poate dura de la c\u00e2teva zile la dou\u0103 luni. \u00cen cazul \u00een care boala se dezvolta sub forma subacut\u0103, primele simptome pot s\u0103 apar\u0103 chiar \u0219i dup\u0103 5-6 luni \u00eentr-o perioad\u0103 de declin a imunit\u0103\u021bii, la agravarea altor boli cronice sau acute. \u00cen func\u021bie de severitatea simptomelor, trichomoniaza poate s\u0103 apar\u0103 \u00eentr-o form\u0103 acut\u0103, \u0219tears\u0103 \u0219i cronic\u0103.<\/p>\n<p>B\u0103rba\u021bii pot fi purt\u0103tori ai unei st\u0103ri morbide, dar pot s\u0103 nu arate deloc semne.<br \/>\n\u00cen form\u0103 acut\u0103, se observ\u0103 urm\u0103toarele manifest\u0103ri la femei:<br \/>\n\u2022 elimin\u0103ri sub form\u0103 de spum\u0103 g\u0103lbuie sau verde, cu miros nepl\u0103cut;<br \/>\n\u2022 inflamarea \u0219i iritarea mucoaselor organelor genitale interne;<br \/>\n\u2022 dermatit\u0103 pe partea interioar\u0103 a coapsei;<br \/>\n\u2022 procese erozive pe genitale;<br \/>\n\u2022 m\u00e2nc\u0103rime, disconfort;<br \/>\n\u2022 durere \u0219i arsur\u0103 \u00een timpul actului sexual;<br \/>\n\u2022 durere \u00een abdomen.<\/p>\n<h3>Simptomele<\/h3>\n<p>Ele se agraveaz\u0103 \u00eenainte de menstrua\u021bie. O afec\u021biune dureroas\u0103 \u00een copil\u0103rie este diagnosticat\u0103 extrem de rar, de obicei infec\u021bia se transmite pe cale familial\u0103 de la mam\u0103 la copil. Fata dezvolt\u0103 vulvovaginit\u0103 pe fundalul infec\u021biei. \u00cen form\u0103 acut\u0103 simptomele sunt identice cu manifest\u0103rile bolii la adul\u021bi.<\/p>\n<p>La b\u0103rba\u021bi boal\u0103 se manifest\u0103 ca Trichomonas uretrita. Este afectat\u0103 uretra, apar secre\u021bii purulente, \u00eenso\u021bite de m\u00e2nc\u0103rime, care se atest\u0103 dup\u0103 actul sexual sau urinare. Eroziile membranelor mucoase sunt diagnosticate extrem de rar. Simptomele depind de form\u0103 \u0219i la boala cronic\u0103 sunt pu\u021bin vizibile. Purt\u0103tori ai agentului patogen sunt acei b\u0103rba\u021bi la care boala a fost detectat\u0103 \u00een laborator, dar care nu au absolut nicio manifestare. Forma \u0219tears\u0103 este foarte periculoas\u0103, deoarece pacientul nu \u0219tie despre problema sa \u0219i devine surs\u0103 a infec\u021biei \u0219i propria sa infec\u021bie secundar\u0103.<\/p>\n<p>Infec\u021bia este periculoas\u0103, deoarece cre\u0219te riscul de transmitere a altor boli prin actul sexual, precum \u0219i patologii in timpul sarcinii \u0219i boli multiple \u00een zonei urogenitale.<br \/>\n\u00cen orice caz, nu se recomand\u0103 o autotratare: patogenul devine mai agresiv, ia forme latente \u0219i atipice, iar pentru a face un diagnostic corect \u0219i pentru a sc\u0103pa de infec\u021bie sever\u0103 \u00een acest caz &#8211; va fi foarte dificil.<\/p>\n<h3>Diagnosticarea<\/h3>\n<p>Diagnosticul se bazeaz\u0103 pe o examinare detaliat\u0103 \u0219i pe studii de laborator. Specialistul analizeaz\u0103 pl\u00e2ngerile bolnavilor. La femei cerceteaz\u0103 procesele inflamatorii ale vaginului. Micile hemoragii focale sunt vizibile pe cervixul uterului.<br \/>\nConfirmarea prezen\u021bei agen\u021bilor patogeni se stabile\u0219te prin:<br \/>\n\u2022 microscopie (frotiuri) de microflor\u0103 vaginal\u0103 la femei \u0219i uretr\u0103 la b\u0103rba\u021bi;<br \/>\n\u2022 cercetarea microbiologic\u0103, care utilizeaz\u0103 microflora artificial\u0103 a nutrien\u021bilor;<br \/>\n\u2022 PCR.<\/p>\n<h3>Tratamentul<\/h3>\n<p>Tratamentul este necesar, indiferent dac\u0103 exist\u0103 sau nu semne de afec\u021biune dureroas\u0103. Cura complet\u0103 e obligatorie, deoarece o imunitatea stabil\u0103 \u00eempotriva parazitului nu este format\u0103.<br \/>\n\u00cen tratamentul bolii sunt implica\u021bi ginecologi, urologi \u0219i venerologi. Deoarece Trichomonas nu reac\u021bioneaz\u0103 la antibiotice pentru tratament se recomand\u0103 preparate anti-parazitare: 5-nitroimidazoli:<br \/>\n\u2022 Tinidazol;<br \/>\n\u2022 Ternidazol;<br \/>\n\u2022 Metronidazol.<\/p>\n<p>Tratamentul femeilor gravide se efectueaz\u0103 exclusiv \u00een perioada de 4-6 luni de sarcin\u0103, astfel \u00eenc\u00e2t efectele secundare s\u0103 nu d\u0103uneze dezvolt\u0103rii f\u0103tului. \u00cen timpul tratamentului este interzis consumul tuturor b\u0103uturilor alcoolice \u00een orice cantitate.<br \/>\n\u00cen cazuri severe, este indicat tratamentul stimulant \u00eenainte de a lua medicamentele principale. Terapia local\u0103 \u0219i simptomatic\u0103 este prescris\u0103 de un specialist. Dac\u0103 se depisteaz\u0103 alte infec\u021bii cu transmitere sexual\u0103, se prescriu antibiotice. Pe perioada tratamentului este interzis actul sexual.<\/p>\n<p>Succesul tratamentului depinde de starea sistemului imunitar al pacientului \u0219i normalizarea microflorei \u00een zona urogenital\u0103. Dac\u0103 agentul patogen a fost rezistent la un anumit medicament, acesta este \u00eenlocuit cu altul, schimb\u00e2nd doza \u0219i durata administr\u0103rii. Doar atunci v\u0103 fi rezultativ \u0219i pozitiv.<br \/>\nDac\u0103 \u00een organism se depisteaz\u0103 un trichomon, este necesar s\u0103 se informeze partenerul despre prezen\u021ba bolii \u0219i s\u0103 se \u00eenceap\u0103 tratamentul \u00eempreun\u0103.<br \/>\nSchimbarea frecvent\u0103 a partenerilor sexuali m\u0103resc riscul de infectare cu transmitere sexual\u0103. Ave\u021bi grij\u0103 de dvs. \u0219i de cei dragi. Consecin\u021bele sunt nepl\u0103cute.<\/p>\n","protected":false},"excerpt":{"rendered":"<p>Infectarea se face pe cale sexual\u0103, starea morbid\u0103 provoac\u0103 inflama\u021bii ale tractului urinar \u0219i simptomatica este identic\u0103 cu inflamarea tractului urinar. Poate fi \u00een combinare cu diferite infec\u021bii genitale: micoplasma, ureaplasma etc. \u00cen faza acut\u0103 b\u0103rba\u021bii sufer\u0103 de durere la urinare, iar la femei boala se manifest\u0103 prin elimin\u0103ri multiple, disconfort \u0219i arsuri. Atunci c\u00e2nd [&hellip;]<\/p>\n","protected":false},"author":28,"featured_media":0,"parent":43639,"menu_order":0,"comment_status":"closed","ping_status":"closed","template":"","meta":{"inline_featured_image":false,"footnotes":""},"class_list":["post-66227","page","type-page","status-publish"],"yoast_head":"<!-- This site is optimized with the Yoast SEO plugin v27.3 - https:\/\/yoast.com\/product\/yoast-seo-wordpress\/ -->\n<title>Trichomoniaza<\/title>\n<meta name=\"description\" content=\"Infectarea se face pe cale sexual\u0103, starea morbid\u0103 provoac\u0103 inflama\u021bii ale tractului urinar \u0219i simptomatica este identic\u0103 cu inflamarea tractului urinar.\" \/>\n<meta name=\"robots\" content=\"index, follow, max-snippet:-1, max-image-preview:large, max-video-preview:-1\" \/>\n<link rel=\"canonical\" href=\"https:\/\/sanatate.md\/ro\/boli-si-tratament\/boli-venerice\/trichomoniaza\/\" \/>\n<meta property=\"og:locale\" content=\"ro_RO\" \/>\n<meta property=\"og:type\" content=\"article\" \/>\n<meta property=\"og:title\" content=\"Trichomoniaza\" \/>\n<meta property=\"og:description\" content=\"Infectarea se face pe cale sexual\u0103, starea morbid\u0103 provoac\u0103 inflama\u021bii ale tractului urinar \u0219i simptomatica este identic\u0103 cu inflamarea tractului urinar.\" \/>\n<meta property=\"og:url\" content=\"https:\/\/sanatate.md\/ro\/boli-si-tratament\/boli-venerice\/trichomoniaza\/\" \/>\n<meta property=\"og:site_name\" content=\"Sanatate.md\" \/>\n<meta name=\"twitter:card\" content=\"summary_large_image\" \/>\n<meta name=\"twitter:label1\" content=\"Timp estimat pentru citire\" \/>\n\t<meta name=\"twitter:data1\" content=\"6 minute\" \/>\n<script type=\"application\/ld+json\" class=\"yoast-schema-graph\">{\"@context\":\"https:\\\/\\\/schema.org\",\"@graph\":[{\"@type\":\"WebPage\",\"@id\":\"https:\\\/\\\/sanatate.md\\\/ro\\\/boli-si-tratament\\\/boli-venerice\\\/trichomoniaza\\\/\",\"url\":\"https:\\\/\\\/sanatate.md\\\/ro\\\/boli-si-tratament\\\/boli-venerice\\\/trichomoniaza\\\/\",\"name\":\"Trichomoniaza\",\"isPartOf\":{\"@id\":\"https:\\\/\\\/sanatate.md\\\/ro\\\/#website\"},\"datePublished\":\"2018-10-03T08:47:52+00:00\",\"description\":\"Infectarea se face pe cale sexual\u0103, starea morbid\u0103 provoac\u0103 inflama\u021bii ale tractului urinar \u0219i simptomatica este identic\u0103 cu inflamarea tractului urinar.\",\"breadcrumb\":{\"@id\":\"https:\\\/\\\/sanatate.md\\\/ro\\\/boli-si-tratament\\\/boli-venerice\\\/trichomoniaza\\\/#breadcrumb\"},\"inLanguage\":\"ro-RO\",\"potentialAction\":[{\"@type\":\"ReadAction\",\"target\":[\"https:\\\/\\\/sanatate.md\\\/ro\\\/boli-si-tratament\\\/boli-venerice\\\/trichomoniaza\\\/\"]}]},{\"@type\":\"BreadcrumbList\",\"@id\":\"https:\\\/\\\/sanatate.md\\\/ro\\\/boli-si-tratament\\\/boli-venerice\\\/trichomoniaza\\\/#breadcrumb\",\"itemListElement\":[{\"@type\":\"ListItem\",\"position\":1,\"name\":\"\u0413\u043b\u0430\u0432\u043d\u0430\u044f \u0441\u0442\u0440\u0430\u043d\u0438\u0446\u0430\",\"item\":\"https:\\\/\\\/sanatate.md\\\/ro\\\/\"},{\"@type\":\"ListItem\",\"position\":2,\"name\":\"Boli si tratament\",\"item\":\"https:\\\/\\\/sanatate.md\\\/ro\\\/boli-si-tratament\\\/\"},{\"@type\":\"ListItem\",\"position\":3,\"name\":\"Boli venerice\",\"item\":\"https:\\\/\\\/sanatate.md\\\/ro\\\/boli-si-tratament\\\/boli-venerice\\\/\"},{\"@type\":\"ListItem\",\"position\":4,\"name\":\"Trichomoniaza\"}]},{\"@type\":\"WebSite\",\"@id\":\"https:\\\/\\\/sanatate.md\\\/ro\\\/#website\",\"url\":\"https:\\\/\\\/sanatate.md\\\/ro\\\/\",\"name\":\"Sanatate.md\",\"description\":\"\u0416\u0443\u0440\u043d\u0430\u043b \u0434\u043b\u044f \u0432\u0441\u0435\u0439 \u0441\u0435\u043c\u044c\u0438 \u0432 \u041c\u043e\u043b\u0434\u043e\u0432\u0435\",\"publisher\":{\"@id\":\"https:\\\/\\\/sanatate.md\\\/ro\\\/#organization\"},\"potentialAction\":[{\"@type\":\"SearchAction\",\"target\":{\"@type\":\"EntryPoint\",\"urlTemplate\":\"https:\\\/\\\/sanatate.md\\\/ro\\\/?s={search_term_string}\"},\"query-input\":{\"@type\":\"PropertyValueSpecification\",\"valueRequired\":true,\"valueName\":\"search_term_string\"}}],\"inLanguage\":\"ro-RO\"},{\"@type\":\"Organization\",\"@id\":\"https:\\\/\\\/sanatate.md\\\/ro\\\/#organization\",\"name\":\"SANATATE\",\"url\":\"https:\\\/\\\/sanatate.md\\\/ro\\\/\",\"logo\":{\"@type\":\"ImageObject\",\"inLanguage\":\"ro-RO\",\"@id\":\"https:\\\/\\\/sanatate.md\\\/ro\\\/#\\\/schema\\\/logo\\\/image\\\/\",\"url\":\"https:\\\/\\\/sanatate.md\\\/wp-content\\\/uploads\\\/2022\\\/01\\\/sanatate-logo.svg\",\"contentUrl\":\"https:\\\/\\\/sanatate.md\\\/wp-content\\\/uploads\\\/2022\\\/01\\\/sanatate-logo.svg\",\"width\":\"1024\",\"height\":\"1024\",\"caption\":\"SANATATE\"},\"image\":{\"@id\":\"https:\\\/\\\/sanatate.md\\\/ro\\\/#\\\/schema\\\/logo\\\/image\\\/\"}}]}<\/script>\n<!-- \/ Yoast SEO plugin. -->","yoast_head_json":{"title":"Trichomoniaza","description":"Infectarea se face pe cale sexual\u0103, starea morbid\u0103 provoac\u0103 inflama\u021bii ale tractului urinar \u0219i simptomatica este identic\u0103 cu inflamarea tractului urinar.","robots":{"index":"index","follow":"follow","max-snippet":"max-snippet:-1","max-image-preview":"max-image-preview:large","max-video-preview":"max-video-preview:-1"},"canonical":"https:\/\/sanatate.md\/ro\/boli-si-tratament\/boli-venerice\/trichomoniaza\/","og_locale":"ro_RO","og_type":"article","og_title":"Trichomoniaza","og_description":"Infectarea se face pe cale sexual\u0103, starea morbid\u0103 provoac\u0103 inflama\u021bii ale tractului urinar \u0219i simptomatica este identic\u0103 cu inflamarea tractului urinar.","og_url":"https:\/\/sanatate.md\/ro\/boli-si-tratament\/boli-venerice\/trichomoniaza\/","og_site_name":"Sanatate.md","twitter_card":"summary_large_image","twitter_misc":{"Timp estimat pentru citire":"6 minute"},"schema":{"@context":"https:\/\/schema.org","@graph":[{"@type":"WebPage","@id":"https:\/\/sanatate.md\/ro\/boli-si-tratament\/boli-venerice\/trichomoniaza\/","url":"https:\/\/sanatate.md\/ro\/boli-si-tratament\/boli-venerice\/trichomoniaza\/","name":"Trichomoniaza","isPartOf":{"@id":"https:\/\/sanatate.md\/ro\/#website"},"datePublished":"2018-10-03T08:47:52+00:00","description":"Infectarea se face pe cale sexual\u0103, starea morbid\u0103 provoac\u0103 inflama\u021bii ale tractului urinar \u0219i simptomatica este identic\u0103 cu inflamarea tractului urinar.","breadcrumb":{"@id":"https:\/\/sanatate.md\/ro\/boli-si-tratament\/boli-venerice\/trichomoniaza\/#breadcrumb"},"inLanguage":"ro-RO","potentialAction":[{"@type":"ReadAction","target":["https:\/\/sanatate.md\/ro\/boli-si-tratament\/boli-venerice\/trichomoniaza\/"]}]},{"@type":"BreadcrumbList","@id":"https:\/\/sanatate.md\/ro\/boli-si-tratament\/boli-venerice\/trichomoniaza\/#breadcrumb","itemListElement":[{"@type":"ListItem","position":1,"name":"\u0413\u043b\u0430\u0432\u043d\u0430\u044f \u0441\u0442\u0440\u0430\u043d\u0438\u0446\u0430","item":"https:\/\/sanatate.md\/ro\/"},{"@type":"ListItem","position":2,"name":"Boli si tratament","item":"https:\/\/sanatate.md\/ro\/boli-si-tratament\/"},{"@type":"ListItem","position":3,"name":"Boli venerice","item":"https:\/\/sanatate.md\/ro\/boli-si-tratament\/boli-venerice\/"},{"@type":"ListItem","position":4,"name":"Trichomoniaza"}]},{"@type":"WebSite","@id":"https:\/\/sanatate.md\/ro\/#website","url":"https:\/\/sanatate.md\/ro\/","name":"Sanatate.md","description":"\u0416\u0443\u0440\u043d\u0430\u043b \u0434\u043b\u044f \u0432\u0441\u0435\u0439 \u0441\u0435\u043c\u044c\u0438 \u0432 \u041c\u043e\u043b\u0434\u043e\u0432\u0435","publisher":{"@id":"https:\/\/sanatate.md\/ro\/#organization"},"potentialAction":[{"@type":"SearchAction","target":{"@type":"EntryPoint","urlTemplate":"https:\/\/sanatate.md\/ro\/?s={search_term_string}"},"query-input":{"@type":"PropertyValueSpecification","valueRequired":true,"valueName":"search_term_string"}}],"inLanguage":"ro-RO"},{"@type":"Organization","@id":"https:\/\/sanatate.md\/ro\/#organization","name":"SANATATE","url":"https:\/\/sanatate.md\/ro\/","logo":{"@type":"ImageObject","inLanguage":"ro-RO","@id":"https:\/\/sanatate.md\/ro\/#\/schema\/logo\/image\/","url":"https:\/\/sanatate.md\/wp-content\/uploads\/2022\/01\/sanatate-logo.svg","contentUrl":"https:\/\/sanatate.md\/wp-content\/uploads\/2022\/01\/sanatate-logo.svg","width":"1024","height":"1024","caption":"SANATATE"},"image":{"@id":"https:\/\/sanatate.md\/ro\/#\/schema\/logo\/image\/"}}]}},"_links":{"self":[{"href":"https:\/\/sanatate.md\/ro\/wp-json\/wp\/v2\/pages\/66227","targetHints":{"allow":["GET"]}}],"collection":[{"href":"https:\/\/sanatate.md\/ro\/wp-json\/wp\/v2\/pages"}],"about":[{"href":"https:\/\/sanatate.md\/ro\/wp-json\/wp\/v2\/types\/page"}],"author":[{"embeddable":true,"href":"https:\/\/sanatate.md\/ro\/wp-json\/wp\/v2\/users\/28"}],"replies":[{"embeddable":true,"href":"https:\/\/sanatate.md\/ro\/wp-json\/wp\/v2\/comments?post=66227"}],"version-history":[{"count":0,"href":"https:\/\/sanatate.md\/ro\/wp-json\/wp\/v2\/pages\/66227\/revisions"}],"up":[{"embeddable":true,"href":"https:\/\/sanatate.md\/ro\/wp-json\/wp\/v2\/pages\/43639"}],"wp:attachment":[{"href":"https:\/\/sanatate.md\/ro\/wp-json\/wp\/v2\/media?parent=66227"}],"curies":[{"name":"wp","href":"https:\/\/api.w.org\/{rel}","templated":true}]}}