{"id":66231,"date":"2018-10-03T11:56:15","date_gmt":"2018-10-03T08:56:15","guid":{"rendered":"https:\/\/sanatate.md\/?page_id=66231"},"modified":"2018-10-03T11:56:15","modified_gmt":"2018-10-03T08:56:15","slug":"ureaplasmosis","status":"publish","type":"page","link":"https:\/\/sanatate.md\/ro\/boli-si-tratament\/boli-venerice\/ureaplasmosis\/","title":{"rendered":"Ureaplasmosis"},"content":{"rendered":"<p>Ureaplasmoza este o boal\u0103 a tractului genital transmis\u0103 sexual. Boala e provoacat\u0103 de bacteria Ureaplasma urealyticum, din familia Micoplasmataceae \u0219i care are cea mai mic\u0103 dimensiune dintre toate bacteriile, care-s situate extracelular. Oamenii de \u0219tiin\u021b\u0103 cred c\u0103 Ureaplasma urealyticum este o parte din microflora non-patogen uman\u0103 \u0219i la rezisten\u021ba ridicat\u0103 a organismului nu provoac\u0103 nici un r\u0103u. Patologia se dezvolt\u0103 numai cu condi\u021bii favorabile pentru agentul patogen.<\/p>\n<h3>Cauzele apari\u021biei<\/h3>\n<p>\u00cen ciuda faptului c\u0103 bacteriile pot intra \u00een microflora uman\u0103 normal\u0103, ele sunt transmise \u0219i pe cale sexual\u0103. Infec\u021bia este transmis\u0103 de la mam\u0103 la f\u0103t \u00een uter \u0219i de la mam\u0103 la copil \u00een timpul na\u0219terii. C\u00e2nd agentul patogen este transmis prin contactul genital, perioada de incuba\u021bie este de 1-2 s\u0103pt\u0103m\u00e2ni.<\/p>\n<h3>Simptomele<\/h3>\n<p>Se atest\u0103 o stare dureroas\u0103, \u00een cele mai multe cazuri boala se dezvolt\u0103 sub form\u0103 de inflama\u021bie a uretrei. La reprezentan\u021bii sexului masculin se complic\u0103 prin epididimit\u0103, prostatit\u0103. La femei infec\u021bia duce la inflama\u021bia cervical\u0103 (endocervicit), cistit\u0103. Ureaplasmosis este periculoas\u0103 pentru femeile gravide: pot provoca tulbur\u0103ri grave ale sarcinii p\u00e2n\u0103 la moartea f\u0103tului, avortul spontan sau na\u0219tere prematur\u0103.<\/p>\n<p>Exper\u021bii nu au studiat pe deplin problema dac\u0103 ureaplasmoza poate cauza infertilitate. Dar cercet\u0103rile au ar\u0103tat, c\u0103 dup\u0103 vindecare femeile, care \u00eenainte nu au putut concepe un copil, devin gravide \u00een mod natural. La nou-n\u0103scu\u021bi agentul cauzal poate provoca boli grave ale sistemului respirator. Oamenii de \u0219tiin\u021b\u0103 au efectuat cercet\u0103ri la maimu\u021be \u0219i au demonstrat, c\u0103 bacteriile au un impact negativ asupra lichidului amniotic \u0219i cauzeaz\u0103 formarea patologiilor organelor respiratorii ale f\u0103tului.<\/p>\n<p>La persoanele cu imunitatea slab\u0103, ureaplasmoza afecteaz\u0103 \u021besutul conjunctiv \u0219i articula\u021biile. Activitatea enzimatic\u0103 a bacteriilor promoveaz\u0103 formarea de pietre de fosfat \u00een rinichi.<br \/>\nBoala nu are simptome specifice, dar contribuie la dezvoltarea multor patologii:<br \/>\n\u2022 uretrit\u0103;<br \/>\n\u2022 cistit\u0103;<br \/>\n\u2022 urolitiaz\u0103;<br \/>\n\u2022 endometrita\u0103;<br \/>\n\u2022 artrit\u0103 infec\u021bioas\u0103;<br \/>\n\u2022 chorioamnionit\u0103;<br \/>\n\u2022 meningit\u0103;<br \/>\n\u2022 bacteremie;<br \/>\n\u2022 pneumonie;<br \/>\n\u2022 na\u0219tere prematur\u0103.<br \/>\nProcesele cronice inflamatorii \u00een cervix, provocate de acest tip de infec\u021bie, fac eroziune.<\/p>\n<h3>Prevalen\u021ba bolii<\/h3>\n<p>Conform statisticilor, agentul patogen poate fi detectat in 40-80% la femei, care au o via\u021b\u0103 activ\u0103 sexual\u0103, iar infec\u021bia este asimptomatic\u0103. La b\u0103rba\u021bi ureaplasmoza este diagnosticat\u0103 mai rar. Motivele acestui fenomen nu este \u00eenc\u0103 pe deplin \u00een\u021beles, dar dup\u0103 tratament femeia poate face o posibil\u0103 infec\u021bie secundar\u0103 cu acela\u0219i partener, \u00een cazul dac\u0103 b\u0103rbatul nu a f\u0103cut un tratament.<br \/>\nAcest lucru sugereaz\u0103, c\u0103 la b\u0103rba\u021bi este dificil s\u0103 se identifice ureaplasma cu metodele de diagnostic existente, deoarece ele sunt imperfecte. Chiar dac\u0103 infec\u021bia la b\u0103rba\u021bi nu a fost g\u0103sit\u0103, iar studiul partenerii a ar\u0103tat pozitiv pentru ureaplasmosis, trebuie eliminate toate focarele poten\u021biale de infec\u021bie, \u00een primul r\u00e2nd &#8211; al prostatei.<\/p>\n<h3>Diagnosticarea<\/h3>\n<p>Cea mai corect\u0103 metod\u0103 de diagnostic este metoda bacteriologic\u0103. Se utilizeaz\u0103 o reac\u021bie \u00een lan\u021b a polimerazei: se determin\u0103 prezen\u021ba ADN-ului agentului patogen \u00een proba de la pacient. Aceast\u0103 metod\u0103 se caracterizeaz\u0103 prin precizie \u0219i sensibilitate ridicat\u0103.<br \/>\nMaterialul pentru cercetare este mucusul din uretr\u0103, vagin (la femei), a prostatei (b\u0103rba\u021bi) \u0219i anus, la ambele sexe.<\/p>\n<p>Deoarece infec\u021bia este asimptomatic\u0103, dar cauzeaz\u0103 deseori diverse boli, indica\u021biile pentru sondaj sunt:<br \/>\n\u2022 semne de infec\u021bie a tractului genito-urinar, care pot rezulta din infec\u021bii sexuale;<br \/>\n\u2022 diverse complica\u021bii provocate de acest tip de bacterie \u2013 inflama\u021bii pelviene, epididimit\u0103, infertilitate etc;<br \/>\n\u2022 identificarea contactelor sexuale \u0219i notificarea partenerilor;<br \/>\n\u2022 screening-ul femeilor cu v\u00e2rsta sub 25 de ani, care au parteneri sexuali multipli \u0219i care nu utilizeaz\u0103 metode de contracep\u021bie, precum \u0219i femeile \u00eens\u0103rcinate;<br \/>\n\u2022 excluderea ureaplasme p\u00e2n\u0103 la diferite interven\u021bii medicale: avort artificial, FIV, contraceptive intrauterine, p\u00e2n\u0103 la planificarea sarcinii la femeile din perioada fertil\u0103.<\/p>\n<h3>Tratamentul<\/h3>\n<p>Condi\u021bia morbid\u0103 este r\u0103sp\u00e2ndit\u0103 \u00een r\u00e2ndul persoanelor care au o via\u021b\u0103 sexual\u0103 activ\u0103. \u00cen acela\u0219i timp, majoritatea nu au nici o infec\u021bie \u0219i nu d\u0103uneaz\u0103 s\u0103n\u0103t\u0103\u021bii lor. Dar Mycoplasma \u0219i Ureaplasma pot manifesta complica\u021bii severe la persoanele cu un sistem imunitar sl\u0103bit \u0219i poate provoca daune semnificative pentru s\u0103n\u0103tatea nou-n\u0103scu\u021bilor, iar \u00een unele cazuri chiar provoca moartea f\u0103tului. Tratamentul ureaplasmozei la femeile gravide este o condi\u021bie necesar\u0103, avertiz\u00e2nd consecin\u021bele grave.<\/p>\n<p>Infec\u021bia se poate activa \u00een timpul perioadei de sl\u0103bire a rezisten\u021bei unui organism:<br \/>\n\u2022 dup\u0103 boli;<br \/>\n\u2022 dup\u0103 interven\u021bii chirurgicale;<br \/>\n\u2022 \u00eempotriva radia\u021biilor \u0219i a chimioterapiei;<br \/>\n\u2022 \u00een situa\u021bii stresante;<br \/>\n\u2022 ureaplasma \u00een timpul sarcinii.<\/p>\n<p>Exper\u021bii sus\u021bin, c\u0103 este obligatoriu s\u0103 efectueze tratamentul, \u00een special, la acele cupluri, care planific\u0103 o sarcin\u0103. Tratamentul ureaplasmozei se efectueaz\u0103 cu antibiotice-macrolide \u0219i fluorochinolone. P\u00e2n\u0103 de cur\u00e2nd, infec\u021bia a fost \u00eenvins\u0103 de doxiciclin\u0103, \u00eens\u0103 \u00een stadiul actual acest tratament nu aduce un rezultat pozitiv.<br \/>\nAcum, infec\u021bia cu succes e atacat\u0103 de Unidox Solutab &#8211; antibiotic din grupul de tetraciclin\u0103 sub form\u0103 de tablete g\u0103lbui. Antibioticul este foarte puternic, de aceea e necesar s\u0103 fie prescris de un medic, dac\u0103 se exclude alergia. Doza de medicament \u0219i durata tratamentului depind de natura infec\u021biei \u0219i sunt prescrise de un specialist. Tabletele se iau cu ap\u0103, \u00eenc\u00e2t antibioticul este mai bine absorbit \u00een organism. \u00cen majoritatea cazurilor, durata tratamentului este de 7 zile, dup\u0103 care se efectueaz\u0103 un diagnostic repetat. \u00cen absen\u021ba complica\u021biilor, tratamentul este \u00eentrerupt.<\/p>\n<p>\u00cen paralel cu administrarea medicamentului, este prescris\u0103 o diet\u0103 bogat\u0103 \u00een calorii. Este interzis\u0103 utilizarea laptelui \u0219i a produselor lactate \u00een timpul tratamentului, deoarece acestea reduc \u00een mod semnificativ efectul Unidox Solutaba. De asemenea, este interzis\u0103 consumarea b\u0103uturilor alcoolice, deoarece antibioticele \u0219i alcoolul sunt incompatibile. Nu se recomand\u0103 s\u0103 face\u021bi plaj\u0103, s\u0103 vizita\u021bi solarul \u0219i b\u0103ile, s\u0103 admite\u021bi cazuri de hipotermie \u00een timpul tratamentului.<br \/>\nTerapia este complex\u0103, pacien\u021bii primesc fonduri pentru a \u00eembun\u0103t\u0103\u021bi imunitatea \u0219i probioticele, care contribuie la conservarea microflorei stomacului \u00een condi\u021bii normale. Pentru a preveni apari\u021bia recidivilor, se recomand\u0103 un al doilea studiu la c\u00e2teva luni dup\u0103 tratament.<\/p>\n<p>Este contraindicat\u0103 utilizarea medicamentului \u00een perioada sarcinii \u0219i al\u0103pt\u0103rii, deoarece antibioticul poate penetra placenta \u0219i poate afecta negativ dezvoltarea f\u0103tului. Unidox Solutab se acumuleaz\u0103 \u00een laptele matern \u0219i poate d\u0103una copilului. Contraindica\u021biile sunt, de asemenea, pentru rinichi \u0219i ficat, v\u00e2rsta pacientului fiind de p\u00e2n\u0103 la 8 ani. Formele cronice ale st\u0103rii de boal\u0103, pe l\u00e2ng\u0103 antibiotice, necesit\u0103 utilizarea de medicamente imunostimulante.<\/p>\n","protected":false},"excerpt":{"rendered":"<p>Ureaplasmoza este o boal\u0103 a tractului genital transmis\u0103 sexual. Boala e provoacat\u0103 de bacteria Ureaplasma urealyticum, din familia Micoplasmataceae \u0219i care are cea mai mic\u0103 dimensiune dintre toate bacteriile, care-s situate extracelular. Oamenii de \u0219tiin\u021b\u0103 cred c\u0103 Ureaplasma urealyticum este o parte din microflora non-patogen uman\u0103 \u0219i la rezisten\u021ba ridicat\u0103 a organismului nu provoac\u0103 nici [&hellip;]<\/p>\n","protected":false},"author":28,"featured_media":0,"parent":43639,"menu_order":0,"comment_status":"closed","ping_status":"closed","template":"","meta":{"inline_featured_image":false,"footnotes":""},"class_list":["post-66231","page","type-page","status-publish"],"yoast_head":"<!-- This site is optimized with the Yoast SEO plugin v27.3 - https:\/\/yoast.com\/product\/yoast-seo-wordpress\/ -->\n<title>Ureaplasmosis<\/title>\n<meta name=\"description\" content=\"Boala e provoacat\u0103 de bacteria Ureaplasma urealyticum, din familia Micoplasmataceae \u0219i care are cea mai mic\u0103 dimensiune dintre toate bacteriile, care-s situate extracelular.\" \/>\n<meta name=\"robots\" content=\"index, follow, max-snippet:-1, max-image-preview:large, max-video-preview:-1\" \/>\n<link rel=\"canonical\" href=\"https:\/\/sanatate.md\/ro\/boli-si-tratament\/boli-venerice\/ureaplasmosis\/\" \/>\n<meta property=\"og:locale\" content=\"ro_RO\" \/>\n<meta property=\"og:type\" content=\"article\" \/>\n<meta property=\"og:title\" content=\"Ureaplasmosis\" \/>\n<meta property=\"og:description\" content=\"Boala e provoacat\u0103 de bacteria Ureaplasma urealyticum, din familia Micoplasmataceae \u0219i care are cea mai mic\u0103 dimensiune dintre toate bacteriile, care-s situate extracelular.\" \/>\n<meta property=\"og:url\" content=\"https:\/\/sanatate.md\/ro\/boli-si-tratament\/boli-venerice\/ureaplasmosis\/\" \/>\n<meta property=\"og:site_name\" content=\"Sanatate.md\" \/>\n<meta name=\"twitter:card\" content=\"summary_large_image\" \/>\n<meta name=\"twitter:label1\" content=\"Timp estimat pentru citire\" \/>\n\t<meta name=\"twitter:data1\" content=\"5 minute\" \/>\n<script type=\"application\/ld+json\" class=\"yoast-schema-graph\">{\"@context\":\"https:\\\/\\\/schema.org\",\"@graph\":[{\"@type\":\"WebPage\",\"@id\":\"https:\\\/\\\/sanatate.md\\\/ro\\\/boli-si-tratament\\\/boli-venerice\\\/ureaplasmosis\\\/\",\"url\":\"https:\\\/\\\/sanatate.md\\\/ro\\\/boli-si-tratament\\\/boli-venerice\\\/ureaplasmosis\\\/\",\"name\":\"Ureaplasmosis\",\"isPartOf\":{\"@id\":\"https:\\\/\\\/sanatate.md\\\/ro\\\/#website\"},\"datePublished\":\"2018-10-03T08:56:15+00:00\",\"description\":\"Boala e provoacat\u0103 de bacteria Ureaplasma urealyticum, din familia Micoplasmataceae \u0219i care are cea mai mic\u0103 dimensiune dintre toate bacteriile, care-s situate extracelular.\",\"breadcrumb\":{\"@id\":\"https:\\\/\\\/sanatate.md\\\/ro\\\/boli-si-tratament\\\/boli-venerice\\\/ureaplasmosis\\\/#breadcrumb\"},\"inLanguage\":\"ro-RO\",\"potentialAction\":[{\"@type\":\"ReadAction\",\"target\":[\"https:\\\/\\\/sanatate.md\\\/ro\\\/boli-si-tratament\\\/boli-venerice\\\/ureaplasmosis\\\/\"]}]},{\"@type\":\"BreadcrumbList\",\"@id\":\"https:\\\/\\\/sanatate.md\\\/ro\\\/boli-si-tratament\\\/boli-venerice\\\/ureaplasmosis\\\/#breadcrumb\",\"itemListElement\":[{\"@type\":\"ListItem\",\"position\":1,\"name\":\"\u0413\u043b\u0430\u0432\u043d\u0430\u044f \u0441\u0442\u0440\u0430\u043d\u0438\u0446\u0430\",\"item\":\"https:\\\/\\\/sanatate.md\\\/ro\\\/\"},{\"@type\":\"ListItem\",\"position\":2,\"name\":\"Boli si tratament\",\"item\":\"https:\\\/\\\/sanatate.md\\\/ro\\\/boli-si-tratament\\\/\"},{\"@type\":\"ListItem\",\"position\":3,\"name\":\"Boli venerice\",\"item\":\"https:\\\/\\\/sanatate.md\\\/ro\\\/boli-si-tratament\\\/boli-venerice\\\/\"},{\"@type\":\"ListItem\",\"position\":4,\"name\":\"Ureaplasmosis\"}]},{\"@type\":\"WebSite\",\"@id\":\"https:\\\/\\\/sanatate.md\\\/ro\\\/#website\",\"url\":\"https:\\\/\\\/sanatate.md\\\/ro\\\/\",\"name\":\"Sanatate.md\",\"description\":\"\u0416\u0443\u0440\u043d\u0430\u043b \u0434\u043b\u044f \u0432\u0441\u0435\u0439 \u0441\u0435\u043c\u044c\u0438 \u0432 \u041c\u043e\u043b\u0434\u043e\u0432\u0435\",\"publisher\":{\"@id\":\"https:\\\/\\\/sanatate.md\\\/ro\\\/#organization\"},\"potentialAction\":[{\"@type\":\"SearchAction\",\"target\":{\"@type\":\"EntryPoint\",\"urlTemplate\":\"https:\\\/\\\/sanatate.md\\\/ro\\\/?s={search_term_string}\"},\"query-input\":{\"@type\":\"PropertyValueSpecification\",\"valueRequired\":true,\"valueName\":\"search_term_string\"}}],\"inLanguage\":\"ro-RO\"},{\"@type\":\"Organization\",\"@id\":\"https:\\\/\\\/sanatate.md\\\/ro\\\/#organization\",\"name\":\"SANATATE\",\"url\":\"https:\\\/\\\/sanatate.md\\\/ro\\\/\",\"logo\":{\"@type\":\"ImageObject\",\"inLanguage\":\"ro-RO\",\"@id\":\"https:\\\/\\\/sanatate.md\\\/ro\\\/#\\\/schema\\\/logo\\\/image\\\/\",\"url\":\"https:\\\/\\\/sanatate.md\\\/wp-content\\\/uploads\\\/2022\\\/01\\\/sanatate-logo.svg\",\"contentUrl\":\"https:\\\/\\\/sanatate.md\\\/wp-content\\\/uploads\\\/2022\\\/01\\\/sanatate-logo.svg\",\"width\":\"1024\",\"height\":\"1024\",\"caption\":\"SANATATE\"},\"image\":{\"@id\":\"https:\\\/\\\/sanatate.md\\\/ro\\\/#\\\/schema\\\/logo\\\/image\\\/\"}}]}<\/script>\n<!-- \/ Yoast SEO plugin. -->","yoast_head_json":{"title":"Ureaplasmosis","description":"Boala e provoacat\u0103 de bacteria Ureaplasma urealyticum, din familia Micoplasmataceae \u0219i care are cea mai mic\u0103 dimensiune dintre toate bacteriile, care-s situate extracelular.","robots":{"index":"index","follow":"follow","max-snippet":"max-snippet:-1","max-image-preview":"max-image-preview:large","max-video-preview":"max-video-preview:-1"},"canonical":"https:\/\/sanatate.md\/ro\/boli-si-tratament\/boli-venerice\/ureaplasmosis\/","og_locale":"ro_RO","og_type":"article","og_title":"Ureaplasmosis","og_description":"Boala e provoacat\u0103 de bacteria Ureaplasma urealyticum, din familia Micoplasmataceae \u0219i care are cea mai mic\u0103 dimensiune dintre toate bacteriile, care-s situate extracelular.","og_url":"https:\/\/sanatate.md\/ro\/boli-si-tratament\/boli-venerice\/ureaplasmosis\/","og_site_name":"Sanatate.md","twitter_card":"summary_large_image","twitter_misc":{"Timp estimat pentru citire":"5 minute"},"schema":{"@context":"https:\/\/schema.org","@graph":[{"@type":"WebPage","@id":"https:\/\/sanatate.md\/ro\/boli-si-tratament\/boli-venerice\/ureaplasmosis\/","url":"https:\/\/sanatate.md\/ro\/boli-si-tratament\/boli-venerice\/ureaplasmosis\/","name":"Ureaplasmosis","isPartOf":{"@id":"https:\/\/sanatate.md\/ro\/#website"},"datePublished":"2018-10-03T08:56:15+00:00","description":"Boala e provoacat\u0103 de bacteria Ureaplasma urealyticum, din familia Micoplasmataceae \u0219i care are cea mai mic\u0103 dimensiune dintre toate bacteriile, care-s situate extracelular.","breadcrumb":{"@id":"https:\/\/sanatate.md\/ro\/boli-si-tratament\/boli-venerice\/ureaplasmosis\/#breadcrumb"},"inLanguage":"ro-RO","potentialAction":[{"@type":"ReadAction","target":["https:\/\/sanatate.md\/ro\/boli-si-tratament\/boli-venerice\/ureaplasmosis\/"]}]},{"@type":"BreadcrumbList","@id":"https:\/\/sanatate.md\/ro\/boli-si-tratament\/boli-venerice\/ureaplasmosis\/#breadcrumb","itemListElement":[{"@type":"ListItem","position":1,"name":"\u0413\u043b\u0430\u0432\u043d\u0430\u044f \u0441\u0442\u0440\u0430\u043d\u0438\u0446\u0430","item":"https:\/\/sanatate.md\/ro\/"},{"@type":"ListItem","position":2,"name":"Boli si tratament","item":"https:\/\/sanatate.md\/ro\/boli-si-tratament\/"},{"@type":"ListItem","position":3,"name":"Boli venerice","item":"https:\/\/sanatate.md\/ro\/boli-si-tratament\/boli-venerice\/"},{"@type":"ListItem","position":4,"name":"Ureaplasmosis"}]},{"@type":"WebSite","@id":"https:\/\/sanatate.md\/ro\/#website","url":"https:\/\/sanatate.md\/ro\/","name":"Sanatate.md","description":"\u0416\u0443\u0440\u043d\u0430\u043b \u0434\u043b\u044f \u0432\u0441\u0435\u0439 \u0441\u0435\u043c\u044c\u0438 \u0432 \u041c\u043e\u043b\u0434\u043e\u0432\u0435","publisher":{"@id":"https:\/\/sanatate.md\/ro\/#organization"},"potentialAction":[{"@type":"SearchAction","target":{"@type":"EntryPoint","urlTemplate":"https:\/\/sanatate.md\/ro\/?s={search_term_string}"},"query-input":{"@type":"PropertyValueSpecification","valueRequired":true,"valueName":"search_term_string"}}],"inLanguage":"ro-RO"},{"@type":"Organization","@id":"https:\/\/sanatate.md\/ro\/#organization","name":"SANATATE","url":"https:\/\/sanatate.md\/ro\/","logo":{"@type":"ImageObject","inLanguage":"ro-RO","@id":"https:\/\/sanatate.md\/ro\/#\/schema\/logo\/image\/","url":"https:\/\/sanatate.md\/wp-content\/uploads\/2022\/01\/sanatate-logo.svg","contentUrl":"https:\/\/sanatate.md\/wp-content\/uploads\/2022\/01\/sanatate-logo.svg","width":"1024","height":"1024","caption":"SANATATE"},"image":{"@id":"https:\/\/sanatate.md\/ro\/#\/schema\/logo\/image\/"}}]}},"_links":{"self":[{"href":"https:\/\/sanatate.md\/ro\/wp-json\/wp\/v2\/pages\/66231","targetHints":{"allow":["GET"]}}],"collection":[{"href":"https:\/\/sanatate.md\/ro\/wp-json\/wp\/v2\/pages"}],"about":[{"href":"https:\/\/sanatate.md\/ro\/wp-json\/wp\/v2\/types\/page"}],"author":[{"embeddable":true,"href":"https:\/\/sanatate.md\/ro\/wp-json\/wp\/v2\/users\/28"}],"replies":[{"embeddable":true,"href":"https:\/\/sanatate.md\/ro\/wp-json\/wp\/v2\/comments?post=66231"}],"version-history":[{"count":0,"href":"https:\/\/sanatate.md\/ro\/wp-json\/wp\/v2\/pages\/66231\/revisions"}],"up":[{"embeddable":true,"href":"https:\/\/sanatate.md\/ro\/wp-json\/wp\/v2\/pages\/43639"}],"wp:attachment":[{"href":"https:\/\/sanatate.md\/ro\/wp-json\/wp\/v2\/media?parent=66231"}],"curies":[{"name":"wp","href":"https:\/\/api.w.org\/{rel}","templated":true}]}}