{"id":66235,"date":"2018-10-03T12:05:02","date_gmt":"2018-10-03T09:05:02","guid":{"rendered":"https:\/\/sanatate.md\/?page_id=66235"},"modified":"2018-10-03T12:05:02","modified_gmt":"2018-10-03T09:05:02","slug":"tumorile-coloanei-vertebrale-si-maduvei-spinarii","status":"publish","type":"page","link":"https:\/\/sanatate.md\/ro\/boli-si-tratament\/bolile-oncologice\/tumorile-coloanei-vertebrale-si-maduvei-spinarii\/","title":{"rendered":"Tumorile coloanei vertebrale \u0219i m\u0103duvei spin\u0103rii"},"content":{"rendered":"<p>Tumorile coloanei vertebrale \u0219i m\u0103duvei spin\u0103rii &#8211; e o boal\u0103 destul de rar\u0103, reprezent\u00e2nd aproximativ 0,5% din toate condi\u021biile canceroase. Aceste tumori sunt maligne \u0219i benigne.<br \/>\nTumorile spatelui, \u00een ciuda faptului c\u0103 sunt maligne sau benigne, cauzeaz\u0103 adesea dizabilit\u0103\u021bi \u0219i chiar amenin\u021b\u0103 via\u021ba pacientului. Dar medicina modern\u0103 a dezvoltat noi metode de tratament, care dau un rezultat bun.<\/p>\n<p>Tumora primar\u0103 este cea care apare \u00een m\u0103duva spin\u0103rii. Cea secundar\u0103 este o metastaz\u0103, care a p\u0103truns de la alte organe sau \u021besuturi.<\/p>\n<h3>Tumorile m\u0103duvei spin\u0103rii: clasificarea<\/h3>\n<p>Exist\u0103 mai multe clasific\u0103ri ale st\u0103rilor de boal\u0103:<\/p>\n<ul>\n<li>\u00een ceea ce prive\u0219te m\u0103duva spin\u0103rii: tumorile extramedulare ale m\u0103duvei spin\u0103rii \u0219i tumorile intramedulare ale m\u0103duvei spin\u0103rii (p\u00e2n\u0103 la 70% din toate tumorile localiz\u0103rii numite);<\/li>\n<li>\u00een raport cu carcasa tare a creierului: epidural \u0219i subdural (acestea din urm\u0103 reprezint\u0103 80% din tumorile de acest tip);<\/li>\n<li>la locul localiz\u0103rii: neoplasmele p\u0103r\u021bilor cervicale, toracice, lombare, sacre \u0219i r\u0103d\u0103cinile cozii de cai;<\/li>\n<li>pe histologie.<\/li>\n<\/ul>\n<h3>Tumorile m\u0103duvei spin\u0103rii la copii<\/h3>\n<p>Neoplasmele m\u0103duvei spin\u0103rii la copii reprezint\u0103 aproximativ 2% din st\u0103rile de boal\u0103 ale sistemului nervos. La copii ele sunt observate \u00een cazuri rare \u0219i constituie aproximativ 7% din toate neoplasmele. Boala afecteaz\u0103 mai frecvent copiii de v\u00e2rst\u0103 \u0219colar\u0103. Cauzele dezvolt\u0103rii tumorilor nu au fost \u00eenc\u0103 elucidate. Dar exper\u021bii asociaz\u0103 apari\u021bia lor cu impactul radia\u021biilor, chimicalelor \u0219i gazelor nocive, modul gre\u0219it de via\u021b\u0103 al p\u0103rin\u021bilor \u0219i predispozi\u021bia genetic\u0103.<\/p>\n<h3>Simptomele<\/h3>\n<p>Durerile de spate sunt semnul principal al unei st\u0103ri dureroase \u0219i este cel mai adesea localizat\u0103 \u00een partea inferioar\u0103 a spatelui. Durerea se agraveaz\u0103 noaptea, \u00een timpul trezirii \u0219i scul\u0103rii din pat. Ea se r\u0103sp\u00e2nde\u0219te la membrele inferioare \u0219i superioare \u0219i se declan\u0219eaz\u0103 \u00een ciuda tratamentului.<br \/>\nMialgia se dezvolt\u0103, scade sensibilitatea care dispare \u00een timp. Bolnavului \u00eei este dificil s\u0103 se mi\u0219te. Sunt posibile paralizii, disfunc\u021bii ale vezicii urinare, intestinelor, dezvoltarea curburii coloanei vertebrale (lordoz\u0103, scolioz\u0103). Neoplasmele coloanei vertebrale progreseaz\u0103, dar tumorile benigne pot cre\u0219te pe parcursul anilor \u0219i nu se manifest\u0103 \u00een nici un fel.<\/p>\n<h3>Diagnosticarea<\/h3>\n<p>Deoarece tumorile m\u0103duvei spin\u0103rii sunt destul de rare \u0219i simptomele sunt similare cu toate bolile coloanei vertebrale, ele sunt diagnosticate accidental. Este foarte important\u0103 identificarea tumorii \u00eentr-un stadiu incipient, deci dac\u0103 ave\u021bi probleme cu spatele, trebuie s\u0103 trece\u021bi prin tomografie computerizat\u0103, mielografie, imagistic\u0103 prin rezonan\u021b\u0103 magnetic\u0103. Dac\u0103 se constat\u0103 o tumoare, este indicat\u0103 o biopsie.<\/p>\n<h3>Tratamentul bolii<\/h3>\n<p>Majoritatea tumorilor spinale sunt tratate prin metod\u0103 chirurgical\u0103: tumora este \u00eendep\u0103rtat\u0103 complet printr-un microscop opera\u021bional. Dac\u0103 interven\u021bia chirurgical\u0103 nu este posibil\u0103 din cauza v\u00e2rstei sau st\u0103rii pacientului, sunt indicate chimioterapia, radioterapia \u0219i tratamentul medicamentos.<\/p>\n<h3>Efectele<\/h3>\n<p>Dup\u0103 o interven\u021bie chirurgical\u0103, pacientul r\u0103m\u00e2ne \u00een spital timp de p\u00e2n\u0103 la zece zile. Apoi are nevoie de reabilitare. Rezultatul depinde de faptul dac\u0103 tumoarea a fost malign\u0103 sau benign\u0103. Tumorile primare sunt \u00een majoritatea cazurilor tratate chirurgical. Dac\u0103 tumora este secundar\u0103, interven\u021bia chirurgical\u0103 poate s\u0103 nu dea rezultate, deoarece boala s-a declan\u0219at deja.<\/p>\n","protected":false},"excerpt":{"rendered":"<p>Tumorile coloanei vertebrale \u0219i m\u0103duvei spin\u0103rii &#8211; e o boal\u0103 destul de rar\u0103, reprezent\u00e2nd aproximativ 0,5% din toate condi\u021biile canceroase. Aceste tumori sunt maligne \u0219i benigne. Tumorile spatelui, \u00een ciuda faptului c\u0103 sunt maligne sau benigne, cauzeaz\u0103 adesea dizabilit\u0103\u021bi \u0219i chiar amenin\u021b\u0103 via\u021ba pacientului. Dar medicina modern\u0103 a dezvoltat noi metode de tratament, care dau [&hellip;]<\/p>\n","protected":false},"author":28,"featured_media":0,"parent":53023,"menu_order":0,"comment_status":"closed","ping_status":"closed","template":"","meta":{"inline_featured_image":false,"footnotes":""},"class_list":["post-66235","page","type-page","status-publish"],"yoast_head":"<!-- This site is optimized with the Yoast SEO plugin v27.3 - https:\/\/yoast.com\/product\/yoast-seo-wordpress\/ -->\n<title>Tumorile coloanei vertebrale \u0219i m\u0103duvei spin\u0103rii<\/title>\n<meta name=\"description\" content=\"Tumorile coloanei vertebrale \u0219i m\u0103duvei spin\u0103rii - e o boal\u0103 destul de rar\u0103, reprezent\u00e2nd aproximativ 0,5% din toate condi\u021biile canceroase.\" \/>\n<meta name=\"robots\" content=\"index, follow, max-snippet:-1, max-image-preview:large, max-video-preview:-1\" \/>\n<link rel=\"canonical\" href=\"https:\/\/sanatate.md\/ro\/boli-si-tratament\/bolile-oncologice\/tumorile-coloanei-vertebrale-si-maduvei-spinarii\/\" \/>\n<meta property=\"og:locale\" content=\"ro_RO\" \/>\n<meta property=\"og:type\" content=\"article\" \/>\n<meta property=\"og:title\" content=\"Tumorile coloanei vertebrale \u0219i m\u0103duvei spin\u0103rii\" \/>\n<meta property=\"og:description\" content=\"Tumorile coloanei vertebrale \u0219i m\u0103duvei spin\u0103rii - e o boal\u0103 destul de rar\u0103, reprezent\u00e2nd aproximativ 0,5% din toate condi\u021biile canceroase.\" \/>\n<meta property=\"og:url\" content=\"https:\/\/sanatate.md\/ro\/boli-si-tratament\/bolile-oncologice\/tumorile-coloanei-vertebrale-si-maduvei-spinarii\/\" \/>\n<meta property=\"og:site_name\" content=\"Sanatate.md\" \/>\n<meta name=\"twitter:card\" content=\"summary_large_image\" \/>\n<meta name=\"twitter:label1\" content=\"Timp estimat pentru citire\" \/>\n\t<meta name=\"twitter:data1\" content=\"3 minute\" \/>\n<script type=\"application\/ld+json\" class=\"yoast-schema-graph\">{\"@context\":\"https:\\\/\\\/schema.org\",\"@graph\":[{\"@type\":\"WebPage\",\"@id\":\"https:\\\/\\\/sanatate.md\\\/ro\\\/boli-si-tratament\\\/bolile-oncologice\\\/tumorile-coloanei-vertebrale-si-maduvei-spinarii\\\/\",\"url\":\"https:\\\/\\\/sanatate.md\\\/ro\\\/boli-si-tratament\\\/bolile-oncologice\\\/tumorile-coloanei-vertebrale-si-maduvei-spinarii\\\/\",\"name\":\"Tumorile coloanei vertebrale \u0219i m\u0103duvei spin\u0103rii\",\"isPartOf\":{\"@id\":\"https:\\\/\\\/sanatate.md\\\/ro\\\/#website\"},\"datePublished\":\"2018-10-03T09:05:02+00:00\",\"description\":\"Tumorile coloanei vertebrale \u0219i m\u0103duvei spin\u0103rii - e o boal\u0103 destul de rar\u0103, reprezent\u00e2nd aproximativ 0,5% din toate condi\u021biile canceroase.\",\"breadcrumb\":{\"@id\":\"https:\\\/\\\/sanatate.md\\\/ro\\\/boli-si-tratament\\\/bolile-oncologice\\\/tumorile-coloanei-vertebrale-si-maduvei-spinarii\\\/#breadcrumb\"},\"inLanguage\":\"ro-RO\",\"potentialAction\":[{\"@type\":\"ReadAction\",\"target\":[\"https:\\\/\\\/sanatate.md\\\/ro\\\/boli-si-tratament\\\/bolile-oncologice\\\/tumorile-coloanei-vertebrale-si-maduvei-spinarii\\\/\"]}]},{\"@type\":\"BreadcrumbList\",\"@id\":\"https:\\\/\\\/sanatate.md\\\/ro\\\/boli-si-tratament\\\/bolile-oncologice\\\/tumorile-coloanei-vertebrale-si-maduvei-spinarii\\\/#breadcrumb\",\"itemListElement\":[{\"@type\":\"ListItem\",\"position\":1,\"name\":\"\u0413\u043b\u0430\u0432\u043d\u0430\u044f \u0441\u0442\u0440\u0430\u043d\u0438\u0446\u0430\",\"item\":\"https:\\\/\\\/sanatate.md\\\/ro\\\/\"},{\"@type\":\"ListItem\",\"position\":2,\"name\":\"Boli si tratament\",\"item\":\"https:\\\/\\\/sanatate.md\\\/ro\\\/boli-si-tratament\\\/\"},{\"@type\":\"ListItem\",\"position\":3,\"name\":\"Bolile oncologice\",\"item\":\"https:\\\/\\\/sanatate.md\\\/ro\\\/boli-si-tratament\\\/bolile-oncologice\\\/\"},{\"@type\":\"ListItem\",\"position\":4,\"name\":\"Tumorile coloanei vertebrale \u0219i m\u0103duvei spin\u0103rii\"}]},{\"@type\":\"WebSite\",\"@id\":\"https:\\\/\\\/sanatate.md\\\/ro\\\/#website\",\"url\":\"https:\\\/\\\/sanatate.md\\\/ro\\\/\",\"name\":\"Sanatate.md\",\"description\":\"\u0416\u0443\u0440\u043d\u0430\u043b \u0434\u043b\u044f \u0432\u0441\u0435\u0439 \u0441\u0435\u043c\u044c\u0438 \u0432 \u041c\u043e\u043b\u0434\u043e\u0432\u0435\",\"publisher\":{\"@id\":\"https:\\\/\\\/sanatate.md\\\/ro\\\/#organization\"},\"potentialAction\":[{\"@type\":\"SearchAction\",\"target\":{\"@type\":\"EntryPoint\",\"urlTemplate\":\"https:\\\/\\\/sanatate.md\\\/ro\\\/?s={search_term_string}\"},\"query-input\":{\"@type\":\"PropertyValueSpecification\",\"valueRequired\":true,\"valueName\":\"search_term_string\"}}],\"inLanguage\":\"ro-RO\"},{\"@type\":\"Organization\",\"@id\":\"https:\\\/\\\/sanatate.md\\\/ro\\\/#organization\",\"name\":\"SANATATE\",\"url\":\"https:\\\/\\\/sanatate.md\\\/ro\\\/\",\"logo\":{\"@type\":\"ImageObject\",\"inLanguage\":\"ro-RO\",\"@id\":\"https:\\\/\\\/sanatate.md\\\/ro\\\/#\\\/schema\\\/logo\\\/image\\\/\",\"url\":\"https:\\\/\\\/sanatate.md\\\/wp-content\\\/uploads\\\/2022\\\/01\\\/sanatate-logo.svg\",\"contentUrl\":\"https:\\\/\\\/sanatate.md\\\/wp-content\\\/uploads\\\/2022\\\/01\\\/sanatate-logo.svg\",\"width\":\"1024\",\"height\":\"1024\",\"caption\":\"SANATATE\"},\"image\":{\"@id\":\"https:\\\/\\\/sanatate.md\\\/ro\\\/#\\\/schema\\\/logo\\\/image\\\/\"}}]}<\/script>\n<!-- \/ Yoast SEO plugin. -->","yoast_head_json":{"title":"Tumorile coloanei vertebrale \u0219i m\u0103duvei spin\u0103rii","description":"Tumorile coloanei vertebrale \u0219i m\u0103duvei spin\u0103rii - e o boal\u0103 destul de rar\u0103, reprezent\u00e2nd aproximativ 0,5% din toate condi\u021biile canceroase.","robots":{"index":"index","follow":"follow","max-snippet":"max-snippet:-1","max-image-preview":"max-image-preview:large","max-video-preview":"max-video-preview:-1"},"canonical":"https:\/\/sanatate.md\/ro\/boli-si-tratament\/bolile-oncologice\/tumorile-coloanei-vertebrale-si-maduvei-spinarii\/","og_locale":"ro_RO","og_type":"article","og_title":"Tumorile coloanei vertebrale \u0219i m\u0103duvei spin\u0103rii","og_description":"Tumorile coloanei vertebrale \u0219i m\u0103duvei spin\u0103rii - e o boal\u0103 destul de rar\u0103, reprezent\u00e2nd aproximativ 0,5% din toate condi\u021biile canceroase.","og_url":"https:\/\/sanatate.md\/ro\/boli-si-tratament\/bolile-oncologice\/tumorile-coloanei-vertebrale-si-maduvei-spinarii\/","og_site_name":"Sanatate.md","twitter_card":"summary_large_image","twitter_misc":{"Timp estimat pentru citire":"3 minute"},"schema":{"@context":"https:\/\/schema.org","@graph":[{"@type":"WebPage","@id":"https:\/\/sanatate.md\/ro\/boli-si-tratament\/bolile-oncologice\/tumorile-coloanei-vertebrale-si-maduvei-spinarii\/","url":"https:\/\/sanatate.md\/ro\/boli-si-tratament\/bolile-oncologice\/tumorile-coloanei-vertebrale-si-maduvei-spinarii\/","name":"Tumorile coloanei vertebrale \u0219i m\u0103duvei spin\u0103rii","isPartOf":{"@id":"https:\/\/sanatate.md\/ro\/#website"},"datePublished":"2018-10-03T09:05:02+00:00","description":"Tumorile coloanei vertebrale \u0219i m\u0103duvei spin\u0103rii - e o boal\u0103 destul de rar\u0103, reprezent\u00e2nd aproximativ 0,5% din toate condi\u021biile canceroase.","breadcrumb":{"@id":"https:\/\/sanatate.md\/ro\/boli-si-tratament\/bolile-oncologice\/tumorile-coloanei-vertebrale-si-maduvei-spinarii\/#breadcrumb"},"inLanguage":"ro-RO","potentialAction":[{"@type":"ReadAction","target":["https:\/\/sanatate.md\/ro\/boli-si-tratament\/bolile-oncologice\/tumorile-coloanei-vertebrale-si-maduvei-spinarii\/"]}]},{"@type":"BreadcrumbList","@id":"https:\/\/sanatate.md\/ro\/boli-si-tratament\/bolile-oncologice\/tumorile-coloanei-vertebrale-si-maduvei-spinarii\/#breadcrumb","itemListElement":[{"@type":"ListItem","position":1,"name":"\u0413\u043b\u0430\u0432\u043d\u0430\u044f \u0441\u0442\u0440\u0430\u043d\u0438\u0446\u0430","item":"https:\/\/sanatate.md\/ro\/"},{"@type":"ListItem","position":2,"name":"Boli si tratament","item":"https:\/\/sanatate.md\/ro\/boli-si-tratament\/"},{"@type":"ListItem","position":3,"name":"Bolile oncologice","item":"https:\/\/sanatate.md\/ro\/boli-si-tratament\/bolile-oncologice\/"},{"@type":"ListItem","position":4,"name":"Tumorile coloanei vertebrale \u0219i m\u0103duvei spin\u0103rii"}]},{"@type":"WebSite","@id":"https:\/\/sanatate.md\/ro\/#website","url":"https:\/\/sanatate.md\/ro\/","name":"Sanatate.md","description":"\u0416\u0443\u0440\u043d\u0430\u043b \u0434\u043b\u044f \u0432\u0441\u0435\u0439 \u0441\u0435\u043c\u044c\u0438 \u0432 \u041c\u043e\u043b\u0434\u043e\u0432\u0435","publisher":{"@id":"https:\/\/sanatate.md\/ro\/#organization"},"potentialAction":[{"@type":"SearchAction","target":{"@type":"EntryPoint","urlTemplate":"https:\/\/sanatate.md\/ro\/?s={search_term_string}"},"query-input":{"@type":"PropertyValueSpecification","valueRequired":true,"valueName":"search_term_string"}}],"inLanguage":"ro-RO"},{"@type":"Organization","@id":"https:\/\/sanatate.md\/ro\/#organization","name":"SANATATE","url":"https:\/\/sanatate.md\/ro\/","logo":{"@type":"ImageObject","inLanguage":"ro-RO","@id":"https:\/\/sanatate.md\/ro\/#\/schema\/logo\/image\/","url":"https:\/\/sanatate.md\/wp-content\/uploads\/2022\/01\/sanatate-logo.svg","contentUrl":"https:\/\/sanatate.md\/wp-content\/uploads\/2022\/01\/sanatate-logo.svg","width":"1024","height":"1024","caption":"SANATATE"},"image":{"@id":"https:\/\/sanatate.md\/ro\/#\/schema\/logo\/image\/"}}]}},"_links":{"self":[{"href":"https:\/\/sanatate.md\/ro\/wp-json\/wp\/v2\/pages\/66235","targetHints":{"allow":["GET"]}}],"collection":[{"href":"https:\/\/sanatate.md\/ro\/wp-json\/wp\/v2\/pages"}],"about":[{"href":"https:\/\/sanatate.md\/ro\/wp-json\/wp\/v2\/types\/page"}],"author":[{"embeddable":true,"href":"https:\/\/sanatate.md\/ro\/wp-json\/wp\/v2\/users\/28"}],"replies":[{"embeddable":true,"href":"https:\/\/sanatate.md\/ro\/wp-json\/wp\/v2\/comments?post=66235"}],"version-history":[{"count":0,"href":"https:\/\/sanatate.md\/ro\/wp-json\/wp\/v2\/pages\/66235\/revisions"}],"up":[{"embeddable":true,"href":"https:\/\/sanatate.md\/ro\/wp-json\/wp\/v2\/pages\/53023"}],"wp:attachment":[{"href":"https:\/\/sanatate.md\/ro\/wp-json\/wp\/v2\/media?parent=66235"}],"curies":[{"name":"wp","href":"https:\/\/api.w.org\/{rel}","templated":true}]}}