{"id":66357,"date":"2018-10-05T16:01:54","date_gmt":"2018-10-05T13:01:54","guid":{"rendered":"https:\/\/sanatate.md\/?page_id=66357"},"modified":"2018-10-05T16:01:54","modified_gmt":"2018-10-05T13:01:54","slug":"sacroileita","status":"publish","type":"page","link":"https:\/\/sanatate.md\/ro\/boli-si-tratament\/boli-ale-articulatiilor\/sacroileita\/","title":{"rendered":"Sacroileita"},"content":{"rendered":"<p>Sacroileita este o stare boln\u0103vicioas\u0103 inflamatorie a articula\u021biei sacroiliace. \u00cen cazul inflam\u0103rii ambelor articula\u021bii boala devine \u0219i mai complicat\u0103 deoarece se mai dezvolt\u0103 spondilita anchilozant\u0103 \u0219i afec\u021biunile reumatismale (sindromul Reiter \u0219i artrita psoriazic\u0103).<\/p>\n<h3>Cauze<\/h3>\n<p>\u00cen majoritatea cazurilor boala se dezvolt\u0103 ca urmare a tulbur\u0103rilor metabolice din organism. Dar sacroileita poate fi provocat\u0103 \u0219i de traume, disloc\u0103ri, tumori ale articula\u021biilor, suprasolicitare \u0219i \/ sau entors\u0103.<\/p>\n<h3>Simptomele sacroileitei<\/h3>\n<p>Simptomele sacroileitei sunt identice celor ale artritei acute sau cronice care la ultimele stadii ale bolii duc la imobilitate (anchilozate) sau deformarea segmentar\u0103 a coloanei vertebrale. Sacroileita anchilozant\u0103 \u00een majoritatea cazurilor este \u00eenso\u021bit\u0103 de procesele reumatice. Starea boln\u0103vicioas\u0103 deformant\u0103 se manifest\u0103 prin dezvoltarea osteofitelor de-a lungul marginilor articula\u021biei.<\/p>\n<p>Senza\u021biile dureroase \u00een cazul maladiei date se activeaz\u0103 \u00een sacrum,ele pot fi spontane, permanente sau se pot manifesta ca convulsii. La unii pacien\u021bi durerea se estompeaz\u0103 atunci c\u00e2nd se afl\u0103 \u00een pozi\u021bie imobil\u0103 \u0219i \u00eencepe s\u0103 se acutizeze atunci c\u00e2nd \u00eencep s\u0103 se mi\u0219te, s\u0103 stea a\u0219eza\u021bi, s\u0103 stea \u00een picioare un timp \u00eendelungat, s\u0103 se aplece, s\u0103 mi\u0219te din picioare \u00een special \u00eendoite la articula\u021bia genunchiului sau \u0219oldului. Durerea se poate r\u0103sp\u00e2ndi \u00een partea inferioar\u0103 a spatelui, membrele inferioare \u0219i fese asem\u0103n\u0103toare unui lumbago. Cele mai dureroase puncte se afl\u0103 de partea sacrumului sub osul posterior abdominal \u00een zona feselor. Durerea se agraveaz\u0103 prin presarea sacrului \u00een fa\u021b\u0103 prin peritoneu.<\/p>\n<h3>Graduri de sacroileit\u0103<\/h3>\n<p>Speciali\u0219tii identific\u0103 urm\u0103toarele grade ale sacroileitei:<br \/>\n\u2022 gradul I &#8211; simptomele sunt \u0219terse uneori apare durerea \u00een spate, care ajune p\u00e2n\u0103 la tendoanele lui Ahile;<br \/>\n\u2022 al doilea &#8211; apar dureri la nivelul feselor \u0219i coapselor; pacientul simte dureri de caracter t\u0103ios \u00een partea inferioar\u0103 a spatelui ceea ce reduce mobilitatea vertebrelor; deform\u0103rile coloanei vertebrale se pot dezvolta deja \u00een acest stadiu;<br \/>\n\u2022 gradul trei &#8211; anchiloz\u0103 sacrumal\u0103, precum \u0219i a oaselor ileale; patologia este u\u0219or de depistat prin examinarea cu raze X; la pacient se manifest\u0103 radiculita, crampele \u0219i mialghiile, se observ\u0103 salturi ale tensiunii arteriale.<br \/>\nTipuri<br \/>\n\u00cen func\u021bie de localizarea procesului inflamator se disting urm\u0103toarele tipuri de boal\u0103:<br \/>\n\u2022 amplasat\u0103 \u00een partea dreapt\u0103;<br \/>\n\u2022 amplasat\u0103 \u00een partea st\u00e2ng\u0103;<br \/>\n\u2022 amplasat\u0103 \u00een ambele p\u0103r\u021bi.<br \/>\nDiagnosticare<br \/>\nRadiografia imaginii clinice permite stabilirea unui diagnostic corect.<\/p>\n<h3>Tratare<\/h3>\n<p>Pacientului i se recomand\u0103 terapia antiinflamatorie, care este prescris\u0103 \u00een func\u021bie de cauza dezvolt\u0103rii st\u0103rii de boal\u0103: antibiotice, butadion\u0103, salicilate. \u00cen cazul tulbur\u0103rilor metabolice vor fi prescrise pentru administrare Atofan-ul \u0219i Urodan-ul.<br \/>\nUn efect bun se poate ob\u021bine datorit\u0103 terapiei fizice care prevede urm\u0103toarele:<br \/>\n\u2022 UHF;<br \/>\n\u2022 diatermie;<br \/>\n\u2022 galvanizarea ionic\u0103 transversal\u0103;<br \/>\n\u2022 parafin\u0103;<br \/>\n\u2022 ozocerit\u0103;<br \/>\n\u2022 balneoterapie \u0219i hidroterapi<\/p>\n","protected":false},"excerpt":{"rendered":"<p>Sacroileita este o stare boln\u0103vicioas\u0103 inflamatorie a articula\u021biei sacroiliace. \u00cen cazul inflam\u0103rii ambelor articula\u021bii boala devine \u0219i mai complicat\u0103 deoarece se mai dezvolt\u0103 spondilita anchilozant\u0103 \u0219i afec\u021biunile reumatismale (sindromul Reiter \u0219i artrita psoriazic\u0103). Cauze \u00cen majoritatea cazurilor boala se dezvolt\u0103 ca urmare a tulbur\u0103rilor metabolice din organism. Dar sacroileita poate fi provocat\u0103 \u0219i de traume, [&hellip;]<\/p>\n","protected":false},"author":28,"featured_media":0,"parent":53005,"menu_order":0,"comment_status":"closed","ping_status":"closed","template":"","meta":{"inline_featured_image":false,"footnotes":""},"class_list":["post-66357","page","type-page","status-publish"],"yoast_head":"<!-- This site is optimized with the Yoast SEO plugin v27.3 - https:\/\/yoast.com\/product\/yoast-seo-wordpress\/ -->\n<title>Sacroileita<\/title>\n<meta name=\"description\" content=\"\u00cen cazul inflam\u0103rii ambelor articula\u021bii boala devine \u0219i mai complicat\u0103 deoarece se mai dezvolt\u0103 spondilita anchilozant\u0103 \u0219i afec\u021biunile reumatismale (sindromul Reiter \u0219i artrita psoriazic\u0103).\" \/>\n<meta name=\"robots\" content=\"index, follow, max-snippet:-1, max-image-preview:large, max-video-preview:-1\" \/>\n<link rel=\"canonical\" href=\"https:\/\/sanatate.md\/ro\/boli-si-tratament\/boli-ale-articulatiilor\/sacroileita\/\" \/>\n<meta property=\"og:locale\" content=\"ro_RO\" \/>\n<meta property=\"og:type\" content=\"article\" \/>\n<meta property=\"og:title\" content=\"Sacroileita\" \/>\n<meta property=\"og:description\" content=\"\u00cen cazul inflam\u0103rii ambelor articula\u021bii boala devine \u0219i mai complicat\u0103 deoarece se mai dezvolt\u0103 spondilita anchilozant\u0103 \u0219i afec\u021biunile reumatismale (sindromul Reiter \u0219i artrita psoriazic\u0103).\" \/>\n<meta property=\"og:url\" content=\"https:\/\/sanatate.md\/ro\/boli-si-tratament\/boli-ale-articulatiilor\/sacroileita\/\" \/>\n<meta property=\"og:site_name\" content=\"Sanatate.md\" \/>\n<meta name=\"twitter:card\" content=\"summary_large_image\" \/>\n<meta name=\"twitter:label1\" content=\"Timp estimat pentru citire\" \/>\n\t<meta name=\"twitter:data1\" content=\"2 minute\" \/>\n<script type=\"application\/ld+json\" class=\"yoast-schema-graph\">{\"@context\":\"https:\\\/\\\/schema.org\",\"@graph\":[{\"@type\":\"WebPage\",\"@id\":\"https:\\\/\\\/sanatate.md\\\/ro\\\/boli-si-tratament\\\/boli-ale-articulatiilor\\\/sacroileita\\\/\",\"url\":\"https:\\\/\\\/sanatate.md\\\/ro\\\/boli-si-tratament\\\/boli-ale-articulatiilor\\\/sacroileita\\\/\",\"name\":\"Sacroileita\",\"isPartOf\":{\"@id\":\"https:\\\/\\\/sanatate.md\\\/ro\\\/#website\"},\"datePublished\":\"2018-10-05T13:01:54+00:00\",\"description\":\"\u00cen cazul inflam\u0103rii ambelor articula\u021bii boala devine \u0219i mai complicat\u0103 deoarece se mai dezvolt\u0103 spondilita anchilozant\u0103 \u0219i afec\u021biunile reumatismale (sindromul Reiter \u0219i artrita psoriazic\u0103).\",\"breadcrumb\":{\"@id\":\"https:\\\/\\\/sanatate.md\\\/ro\\\/boli-si-tratament\\\/boli-ale-articulatiilor\\\/sacroileita\\\/#breadcrumb\"},\"inLanguage\":\"ro-RO\",\"potentialAction\":[{\"@type\":\"ReadAction\",\"target\":[\"https:\\\/\\\/sanatate.md\\\/ro\\\/boli-si-tratament\\\/boli-ale-articulatiilor\\\/sacroileita\\\/\"]}]},{\"@type\":\"BreadcrumbList\",\"@id\":\"https:\\\/\\\/sanatate.md\\\/ro\\\/boli-si-tratament\\\/boli-ale-articulatiilor\\\/sacroileita\\\/#breadcrumb\",\"itemListElement\":[{\"@type\":\"ListItem\",\"position\":1,\"name\":\"\u0413\u043b\u0430\u0432\u043d\u0430\u044f \u0441\u0442\u0440\u0430\u043d\u0438\u0446\u0430\",\"item\":\"https:\\\/\\\/sanatate.md\\\/ro\\\/\"},{\"@type\":\"ListItem\",\"position\":2,\"name\":\"Boli si tratament\",\"item\":\"https:\\\/\\\/sanatate.md\\\/ro\\\/boli-si-tratament\\\/\"},{\"@type\":\"ListItem\",\"position\":3,\"name\":\"Boli ale articula\u021biilor\",\"item\":\"https:\\\/\\\/sanatate.md\\\/ro\\\/boli-si-tratament\\\/boli-ale-articulatiilor\\\/\"},{\"@type\":\"ListItem\",\"position\":4,\"name\":\"Sacroileita\"}]},{\"@type\":\"WebSite\",\"@id\":\"https:\\\/\\\/sanatate.md\\\/ro\\\/#website\",\"url\":\"https:\\\/\\\/sanatate.md\\\/ro\\\/\",\"name\":\"Sanatate.md\",\"description\":\"\u0416\u0443\u0440\u043d\u0430\u043b \u0434\u043b\u044f \u0432\u0441\u0435\u0439 \u0441\u0435\u043c\u044c\u0438 \u0432 \u041c\u043e\u043b\u0434\u043e\u0432\u0435\",\"publisher\":{\"@id\":\"https:\\\/\\\/sanatate.md\\\/ro\\\/#organization\"},\"potentialAction\":[{\"@type\":\"SearchAction\",\"target\":{\"@type\":\"EntryPoint\",\"urlTemplate\":\"https:\\\/\\\/sanatate.md\\\/ro\\\/?s={search_term_string}\"},\"query-input\":{\"@type\":\"PropertyValueSpecification\",\"valueRequired\":true,\"valueName\":\"search_term_string\"}}],\"inLanguage\":\"ro-RO\"},{\"@type\":\"Organization\",\"@id\":\"https:\\\/\\\/sanatate.md\\\/ro\\\/#organization\",\"name\":\"SANATATE\",\"url\":\"https:\\\/\\\/sanatate.md\\\/ro\\\/\",\"logo\":{\"@type\":\"ImageObject\",\"inLanguage\":\"ro-RO\",\"@id\":\"https:\\\/\\\/sanatate.md\\\/ro\\\/#\\\/schema\\\/logo\\\/image\\\/\",\"url\":\"https:\\\/\\\/sanatate.md\\\/wp-content\\\/uploads\\\/2022\\\/01\\\/sanatate-logo.svg\",\"contentUrl\":\"https:\\\/\\\/sanatate.md\\\/wp-content\\\/uploads\\\/2022\\\/01\\\/sanatate-logo.svg\",\"width\":\"1024\",\"height\":\"1024\",\"caption\":\"SANATATE\"},\"image\":{\"@id\":\"https:\\\/\\\/sanatate.md\\\/ro\\\/#\\\/schema\\\/logo\\\/image\\\/\"}}]}<\/script>\n<!-- \/ Yoast SEO plugin. -->","yoast_head_json":{"title":"Sacroileita","description":"\u00cen cazul inflam\u0103rii ambelor articula\u021bii boala devine \u0219i mai complicat\u0103 deoarece se mai dezvolt\u0103 spondilita anchilozant\u0103 \u0219i afec\u021biunile reumatismale (sindromul Reiter \u0219i artrita psoriazic\u0103).","robots":{"index":"index","follow":"follow","max-snippet":"max-snippet:-1","max-image-preview":"max-image-preview:large","max-video-preview":"max-video-preview:-1"},"canonical":"https:\/\/sanatate.md\/ro\/boli-si-tratament\/boli-ale-articulatiilor\/sacroileita\/","og_locale":"ro_RO","og_type":"article","og_title":"Sacroileita","og_description":"\u00cen cazul inflam\u0103rii ambelor articula\u021bii boala devine \u0219i mai complicat\u0103 deoarece se mai dezvolt\u0103 spondilita anchilozant\u0103 \u0219i afec\u021biunile reumatismale (sindromul Reiter \u0219i artrita psoriazic\u0103).","og_url":"https:\/\/sanatate.md\/ro\/boli-si-tratament\/boli-ale-articulatiilor\/sacroileita\/","og_site_name":"Sanatate.md","twitter_card":"summary_large_image","twitter_misc":{"Timp estimat pentru citire":"2 minute"},"schema":{"@context":"https:\/\/schema.org","@graph":[{"@type":"WebPage","@id":"https:\/\/sanatate.md\/ro\/boli-si-tratament\/boli-ale-articulatiilor\/sacroileita\/","url":"https:\/\/sanatate.md\/ro\/boli-si-tratament\/boli-ale-articulatiilor\/sacroileita\/","name":"Sacroileita","isPartOf":{"@id":"https:\/\/sanatate.md\/ro\/#website"},"datePublished":"2018-10-05T13:01:54+00:00","description":"\u00cen cazul inflam\u0103rii ambelor articula\u021bii boala devine \u0219i mai complicat\u0103 deoarece se mai dezvolt\u0103 spondilita anchilozant\u0103 \u0219i afec\u021biunile reumatismale (sindromul Reiter \u0219i artrita psoriazic\u0103).","breadcrumb":{"@id":"https:\/\/sanatate.md\/ro\/boli-si-tratament\/boli-ale-articulatiilor\/sacroileita\/#breadcrumb"},"inLanguage":"ro-RO","potentialAction":[{"@type":"ReadAction","target":["https:\/\/sanatate.md\/ro\/boli-si-tratament\/boli-ale-articulatiilor\/sacroileita\/"]}]},{"@type":"BreadcrumbList","@id":"https:\/\/sanatate.md\/ro\/boli-si-tratament\/boli-ale-articulatiilor\/sacroileita\/#breadcrumb","itemListElement":[{"@type":"ListItem","position":1,"name":"\u0413\u043b\u0430\u0432\u043d\u0430\u044f \u0441\u0442\u0440\u0430\u043d\u0438\u0446\u0430","item":"https:\/\/sanatate.md\/ro\/"},{"@type":"ListItem","position":2,"name":"Boli si tratament","item":"https:\/\/sanatate.md\/ro\/boli-si-tratament\/"},{"@type":"ListItem","position":3,"name":"Boli ale articula\u021biilor","item":"https:\/\/sanatate.md\/ro\/boli-si-tratament\/boli-ale-articulatiilor\/"},{"@type":"ListItem","position":4,"name":"Sacroileita"}]},{"@type":"WebSite","@id":"https:\/\/sanatate.md\/ro\/#website","url":"https:\/\/sanatate.md\/ro\/","name":"Sanatate.md","description":"\u0416\u0443\u0440\u043d\u0430\u043b \u0434\u043b\u044f \u0432\u0441\u0435\u0439 \u0441\u0435\u043c\u044c\u0438 \u0432 \u041c\u043e\u043b\u0434\u043e\u0432\u0435","publisher":{"@id":"https:\/\/sanatate.md\/ro\/#organization"},"potentialAction":[{"@type":"SearchAction","target":{"@type":"EntryPoint","urlTemplate":"https:\/\/sanatate.md\/ro\/?s={search_term_string}"},"query-input":{"@type":"PropertyValueSpecification","valueRequired":true,"valueName":"search_term_string"}}],"inLanguage":"ro-RO"},{"@type":"Organization","@id":"https:\/\/sanatate.md\/ro\/#organization","name":"SANATATE","url":"https:\/\/sanatate.md\/ro\/","logo":{"@type":"ImageObject","inLanguage":"ro-RO","@id":"https:\/\/sanatate.md\/ro\/#\/schema\/logo\/image\/","url":"https:\/\/sanatate.md\/wp-content\/uploads\/2022\/01\/sanatate-logo.svg","contentUrl":"https:\/\/sanatate.md\/wp-content\/uploads\/2022\/01\/sanatate-logo.svg","width":"1024","height":"1024","caption":"SANATATE"},"image":{"@id":"https:\/\/sanatate.md\/ro\/#\/schema\/logo\/image\/"}}]}},"_links":{"self":[{"href":"https:\/\/sanatate.md\/ro\/wp-json\/wp\/v2\/pages\/66357","targetHints":{"allow":["GET"]}}],"collection":[{"href":"https:\/\/sanatate.md\/ro\/wp-json\/wp\/v2\/pages"}],"about":[{"href":"https:\/\/sanatate.md\/ro\/wp-json\/wp\/v2\/types\/page"}],"author":[{"embeddable":true,"href":"https:\/\/sanatate.md\/ro\/wp-json\/wp\/v2\/users\/28"}],"replies":[{"embeddable":true,"href":"https:\/\/sanatate.md\/ro\/wp-json\/wp\/v2\/comments?post=66357"}],"version-history":[{"count":0,"href":"https:\/\/sanatate.md\/ro\/wp-json\/wp\/v2\/pages\/66357\/revisions"}],"up":[{"embeddable":true,"href":"https:\/\/sanatate.md\/ro\/wp-json\/wp\/v2\/pages\/53005"}],"wp:attachment":[{"href":"https:\/\/sanatate.md\/ro\/wp-json\/wp\/v2\/media?parent=66357"}],"curies":[{"name":"wp","href":"https:\/\/api.w.org\/{rel}","templated":true}]}}