{"id":66362,"date":"2018-10-05T16:09:43","date_gmt":"2018-10-05T13:09:43","guid":{"rendered":"https:\/\/sanatate.md\/?page_id=66362"},"modified":"2018-10-05T16:09:43","modified_gmt":"2018-10-05T13:09:43","slug":"neurofibromatoza","status":"publish","type":"page","link":"https:\/\/sanatate.md\/ro\/boli-si-tratament\/bolile-oncologice\/neurofibromatoza\/","title":{"rendered":"Neurofibromatoza"},"content":{"rendered":"<p>Neurofibromatoza se caracterizeaz\u0103 prin formarea de componente tumorale pe \u021besuturile sistemului nervos \u0219i drept rezultat apar diferite procese anormale \u00een sistemul osos \u0219i pe stratul cutanat. Aceast\u0103 boal\u0103 este de character autosomal dominant \u0219i este diagnosticat\u0103 \u00een acela\u0219i mod at\u00e2t la femei c\u00e2t \u0219i b\u0103rba\u021bi,ea se manifest\u0103 la unul din 35.000 de nou-n\u0103scu\u021bi.<\/p>\n<h3>Neurofibromatoza: cauze<\/h3>\n<p>\u00cen jum\u0103tate din cazuri boala este de origine ereditar\u0103, cealalt\u0103 jum\u0103tate este rezultatul proceselor de muta\u021bie spontan\u0103. NF1 are o penetrare de 100 de% &#8211; pacien\u021bii sunt purt\u0103tori ai genei patologice, dar forma de severitate a patologiilor defecte poate varia. Deci, \u00eentr-o singur\u0103 familie pot fi diagnosticate at\u00e2t semne u\u0219or exprimate ale bolii c\u00e2t \u0219i forme severe. Riscul de a mo\u0219teni o gen\u0103 patologic\u0103 este de 50 de% atunci c\u00e2nd cel pu\u021bin unul dintre p\u0103rin\u021bi este diagnosticat cu NF1 \u0219i de 66,7% dac\u0103 ambii au NF1.<\/p>\n<h3>Tipuri<\/h3>\n<p>Exist\u0103 astfel de tipuri ale bolii:<br \/>\n\u2022 neurofibromatoza de tip 1;<br \/>\n\u2022 neurofibromatoza de tip 2.<\/p>\n<h3>Simptome<\/h3>\n<p>De regul\u0103, neurofibromii sunt diagnostica\u021bi \u00een timpul pubert\u0103\u021bii \u0219i, uneori, neurofibromatoza survine la sugari. Primul semn \u00eel constituie petele pigmentate. Aceste pete nu sunt dureroase, nu provoac\u0103 m\u00e2nc\u0103rime \u0219i niciodat\u0103 nu se transform\u0103 \u00een ceva serios, ele pot ap\u0103rea oriunde pe corp, \u0219i, uneori, &#8211; pe fa\u021b\u0103.<br \/>\nNi\u0219te pistrui mici apar \u00een zona axilelor mici sau a perineului. Neurofibromii sunt tumori benigne care apar pe trunchiurile nervoase \u0219i ramurile lor, ei apar \u00een cele mai multe cazuri dup\u0103 v\u00e2rsta de dou\u0103zeci de ani. \u00cen cazul \u00een care apar astfel de pete ele se localizeaz\u0103 \u00een mai multe locuri.<\/p>\n<p>Neurofibromatoza cutanat\u0103 este caracterizat\u0103 prin apari\u021bia unor formatiuni asem\u0103n\u0103toare tumorilor profunde de-asupra c\u0103rora se formeaz\u0103 o hernie \u00een form\u0103 de tuberculi \u0219i atunci cand este palpat\u0103 se creaz\u0103 impresia asem\u0103n\u0103toare cu efectul c\u0103derii \u00een vid.<\/p>\n<h3>Neurofibromatoza sub form\u0103 de tumoare<\/h3>\n<p>Forma\u021biunile tumorale care se formeaz\u0103 \u00een urma maladiei date au un ton normal al pielii; \u00een unele cazuri arat\u0103 ca un flux alb-roz cu o str\u0103lucire u\u0219or maronie. Tumoarea poate avea dimensiuni diferite. Sunt \u00eent\u00e2lnite neurofibre de tip plexiform, care se caracterizeaz\u0103 prin cre\u0219teri asem\u0103n\u0103toare tumorii. Acestea sunt localizate pe suprafa\u021ba pielii care urmeaz\u0103 cursul nervilor cranieni \u0219i nervilor din regiunea cervical\u0103 sau \u00een conexiunile de \u021besut ad\u00e2nc. \u00cen procesul de palpare a acestor neurofibromuri, este sim\u021bit\u0103 consolidarea trunchiurilor sinuoase ale sistemului nervos.<br \/>\nNeurofibromii pot ajunge la dimensiuni foarte mari \u00een unele cazuri grave. Cauzele extinderii sunt, de obicei, traumele sau perioade de sarcin\u0103<\/p>\n<p>\u00cen unele cazuri se manifest\u0103 urm\u0103toarele simptome ca:<br \/>\n\u2022 durere sau parestezie;<br \/>\n\u2022 m\u00e2nc\u0103rime a pielii;<br \/>\n\u2022 mi\u0219c\u0103ri musculare;<br \/>\n\u2022 asimetria fe\u021bei, extremit\u0103\u021bilor superioare \u0219i inferioare (\u00een cazul unei leziunii<br \/>\na sistemului osos \u00een zona de tip neurofibrom plexiform).<\/p>\n<h3>Diagnosticare<\/h3>\n<p>\u00cen majoritatea cazurilor neurofibromatoza este diagnosticat\u0103 prin intermediul unei examin\u0103ri vizuale a pacientului de c\u0103tre un medic care cunoa\u0219te simptomatologia bolii. Pentru a preciza diagnosticul, medicul mai poate indica \u0219i o investiga\u021bie suplimentar\u0103 ca:<br \/>\n\u2022 razele X \u0219i alte investiga\u021bii care utilizeaz\u0103 echipamente medicale speciale;<br \/>\n\u2022 un test de s\u00e2nge pentru determinarea defectelor genetice care sunt responsabile de dezvoltarea bolii date.<\/p>\n<h3>Tratare<\/h3>\n<p>\u0218tiin\u021ba modern\u0103 nu a identificat metodele pentru vindecarea complet\u0103 a neurofibromatozelor. Totu\u0219i \u00een tratament se acord\u0103 o mare aten\u021bie a trat\u0103rii complica\u021biilor \u0219i consecin\u021belor ale acestei boli ceea ce la r\u00e2ndul s\u0103u este destul de eficient. Cu ajutorul interven\u021biei chirurgicale se poate realiza excizia tumorilor dureroase \u0219i anormale de pe piele, dar \u00een cele mai multe cazuri, din p\u0103cate, acestea se dezvolt\u0103 adesea din nou.<\/p>\n","protected":false},"excerpt":{"rendered":"<p>Neurofibromatoza se caracterizeaz\u0103 prin formarea de componente tumorale pe \u021besuturile sistemului nervos \u0219i drept rezultat apar diferite procese anormale \u00een sistemul osos \u0219i pe stratul cutanat. Aceast\u0103 boal\u0103 este de character autosomal dominant \u0219i este diagnosticat\u0103 \u00een acela\u0219i mod at\u00e2t la femei c\u00e2t \u0219i b\u0103rba\u021bi,ea se manifest\u0103 la unul din 35.000 de nou-n\u0103scu\u021bi. Neurofibromatoza: cauze [&hellip;]<\/p>\n","protected":false},"author":28,"featured_media":0,"parent":53023,"menu_order":0,"comment_status":"closed","ping_status":"closed","template":"","meta":{"inline_featured_image":false,"footnotes":""},"class_list":["post-66362","page","type-page","status-publish"],"yoast_head":"<!-- This site is optimized with the Yoast SEO plugin v27.3 - https:\/\/yoast.com\/product\/yoast-seo-wordpress\/ -->\n<title>Neurofibromatoza<\/title>\n<meta name=\"description\" content=\"Neurofibromatoza se caracterizeaz\u0103 prin formarea de componente tumorale pe \u021besuturile sistemului nervos \u0219i drept rezultat apar diferite procese anormale \u00een sistemul osos \u0219i pe stratul cutanat.\" \/>\n<meta name=\"robots\" content=\"index, follow, max-snippet:-1, max-image-preview:large, max-video-preview:-1\" \/>\n<link rel=\"canonical\" href=\"https:\/\/sanatate.md\/ro\/boli-si-tratament\/bolile-oncologice\/neurofibromatoza\/\" \/>\n<meta property=\"og:locale\" content=\"ro_RO\" \/>\n<meta property=\"og:type\" content=\"article\" \/>\n<meta property=\"og:title\" content=\"Neurofibromatoza\" \/>\n<meta property=\"og:description\" content=\"Neurofibromatoza se caracterizeaz\u0103 prin formarea de componente tumorale pe \u021besuturile sistemului nervos \u0219i drept rezultat apar diferite procese anormale \u00een sistemul osos \u0219i pe stratul cutanat.\" \/>\n<meta property=\"og:url\" content=\"https:\/\/sanatate.md\/ro\/boli-si-tratament\/bolile-oncologice\/neurofibromatoza\/\" \/>\n<meta property=\"og:site_name\" content=\"Sanatate.md\" \/>\n<meta name=\"twitter:card\" content=\"summary_large_image\" \/>\n<meta name=\"twitter:label1\" content=\"Timp estimat pentru citire\" \/>\n\t<meta name=\"twitter:data1\" content=\"3 minute\" \/>\n<script type=\"application\/ld+json\" class=\"yoast-schema-graph\">{\"@context\":\"https:\\\/\\\/schema.org\",\"@graph\":[{\"@type\":\"WebPage\",\"@id\":\"https:\\\/\\\/sanatate.md\\\/ro\\\/boli-si-tratament\\\/bolile-oncologice\\\/neurofibromatoza\\\/\",\"url\":\"https:\\\/\\\/sanatate.md\\\/ro\\\/boli-si-tratament\\\/bolile-oncologice\\\/neurofibromatoza\\\/\",\"name\":\"Neurofibromatoza\",\"isPartOf\":{\"@id\":\"https:\\\/\\\/sanatate.md\\\/ro\\\/#website\"},\"datePublished\":\"2018-10-05T13:09:43+00:00\",\"description\":\"Neurofibromatoza se caracterizeaz\u0103 prin formarea de componente tumorale pe \u021besuturile sistemului nervos \u0219i drept rezultat apar diferite procese anormale \u00een sistemul osos \u0219i pe stratul cutanat.\",\"breadcrumb\":{\"@id\":\"https:\\\/\\\/sanatate.md\\\/ro\\\/boli-si-tratament\\\/bolile-oncologice\\\/neurofibromatoza\\\/#breadcrumb\"},\"inLanguage\":\"ro-RO\",\"potentialAction\":[{\"@type\":\"ReadAction\",\"target\":[\"https:\\\/\\\/sanatate.md\\\/ro\\\/boli-si-tratament\\\/bolile-oncologice\\\/neurofibromatoza\\\/\"]}]},{\"@type\":\"BreadcrumbList\",\"@id\":\"https:\\\/\\\/sanatate.md\\\/ro\\\/boli-si-tratament\\\/bolile-oncologice\\\/neurofibromatoza\\\/#breadcrumb\",\"itemListElement\":[{\"@type\":\"ListItem\",\"position\":1,\"name\":\"\u0413\u043b\u0430\u0432\u043d\u0430\u044f \u0441\u0442\u0440\u0430\u043d\u0438\u0446\u0430\",\"item\":\"https:\\\/\\\/sanatate.md\\\/ro\\\/\"},{\"@type\":\"ListItem\",\"position\":2,\"name\":\"Boli si tratament\",\"item\":\"https:\\\/\\\/sanatate.md\\\/ro\\\/boli-si-tratament\\\/\"},{\"@type\":\"ListItem\",\"position\":3,\"name\":\"Bolile oncologice\",\"item\":\"https:\\\/\\\/sanatate.md\\\/ro\\\/boli-si-tratament\\\/bolile-oncologice\\\/\"},{\"@type\":\"ListItem\",\"position\":4,\"name\":\"Neurofibromatoza\"}]},{\"@type\":\"WebSite\",\"@id\":\"https:\\\/\\\/sanatate.md\\\/ro\\\/#website\",\"url\":\"https:\\\/\\\/sanatate.md\\\/ro\\\/\",\"name\":\"Sanatate.md\",\"description\":\"\u0416\u0443\u0440\u043d\u0430\u043b \u0434\u043b\u044f \u0432\u0441\u0435\u0439 \u0441\u0435\u043c\u044c\u0438 \u0432 \u041c\u043e\u043b\u0434\u043e\u0432\u0435\",\"publisher\":{\"@id\":\"https:\\\/\\\/sanatate.md\\\/ro\\\/#organization\"},\"potentialAction\":[{\"@type\":\"SearchAction\",\"target\":{\"@type\":\"EntryPoint\",\"urlTemplate\":\"https:\\\/\\\/sanatate.md\\\/ro\\\/?s={search_term_string}\"},\"query-input\":{\"@type\":\"PropertyValueSpecification\",\"valueRequired\":true,\"valueName\":\"search_term_string\"}}],\"inLanguage\":\"ro-RO\"},{\"@type\":\"Organization\",\"@id\":\"https:\\\/\\\/sanatate.md\\\/ro\\\/#organization\",\"name\":\"SANATATE\",\"url\":\"https:\\\/\\\/sanatate.md\\\/ro\\\/\",\"logo\":{\"@type\":\"ImageObject\",\"inLanguage\":\"ro-RO\",\"@id\":\"https:\\\/\\\/sanatate.md\\\/ro\\\/#\\\/schema\\\/logo\\\/image\\\/\",\"url\":\"https:\\\/\\\/sanatate.md\\\/wp-content\\\/uploads\\\/2022\\\/01\\\/sanatate-logo.svg\",\"contentUrl\":\"https:\\\/\\\/sanatate.md\\\/wp-content\\\/uploads\\\/2022\\\/01\\\/sanatate-logo.svg\",\"width\":\"1024\",\"height\":\"1024\",\"caption\":\"SANATATE\"},\"image\":{\"@id\":\"https:\\\/\\\/sanatate.md\\\/ro\\\/#\\\/schema\\\/logo\\\/image\\\/\"}}]}<\/script>\n<!-- \/ Yoast SEO plugin. -->","yoast_head_json":{"title":"Neurofibromatoza","description":"Neurofibromatoza se caracterizeaz\u0103 prin formarea de componente tumorale pe \u021besuturile sistemului nervos \u0219i drept rezultat apar diferite procese anormale \u00een sistemul osos \u0219i pe stratul cutanat.","robots":{"index":"index","follow":"follow","max-snippet":"max-snippet:-1","max-image-preview":"max-image-preview:large","max-video-preview":"max-video-preview:-1"},"canonical":"https:\/\/sanatate.md\/ro\/boli-si-tratament\/bolile-oncologice\/neurofibromatoza\/","og_locale":"ro_RO","og_type":"article","og_title":"Neurofibromatoza","og_description":"Neurofibromatoza se caracterizeaz\u0103 prin formarea de componente tumorale pe \u021besuturile sistemului nervos \u0219i drept rezultat apar diferite procese anormale \u00een sistemul osos \u0219i pe stratul cutanat.","og_url":"https:\/\/sanatate.md\/ro\/boli-si-tratament\/bolile-oncologice\/neurofibromatoza\/","og_site_name":"Sanatate.md","twitter_card":"summary_large_image","twitter_misc":{"Timp estimat pentru citire":"3 minute"},"schema":{"@context":"https:\/\/schema.org","@graph":[{"@type":"WebPage","@id":"https:\/\/sanatate.md\/ro\/boli-si-tratament\/bolile-oncologice\/neurofibromatoza\/","url":"https:\/\/sanatate.md\/ro\/boli-si-tratament\/bolile-oncologice\/neurofibromatoza\/","name":"Neurofibromatoza","isPartOf":{"@id":"https:\/\/sanatate.md\/ro\/#website"},"datePublished":"2018-10-05T13:09:43+00:00","description":"Neurofibromatoza se caracterizeaz\u0103 prin formarea de componente tumorale pe \u021besuturile sistemului nervos \u0219i drept rezultat apar diferite procese anormale \u00een sistemul osos \u0219i pe stratul cutanat.","breadcrumb":{"@id":"https:\/\/sanatate.md\/ro\/boli-si-tratament\/bolile-oncologice\/neurofibromatoza\/#breadcrumb"},"inLanguage":"ro-RO","potentialAction":[{"@type":"ReadAction","target":["https:\/\/sanatate.md\/ro\/boli-si-tratament\/bolile-oncologice\/neurofibromatoza\/"]}]},{"@type":"BreadcrumbList","@id":"https:\/\/sanatate.md\/ro\/boli-si-tratament\/bolile-oncologice\/neurofibromatoza\/#breadcrumb","itemListElement":[{"@type":"ListItem","position":1,"name":"\u0413\u043b\u0430\u0432\u043d\u0430\u044f \u0441\u0442\u0440\u0430\u043d\u0438\u0446\u0430","item":"https:\/\/sanatate.md\/ro\/"},{"@type":"ListItem","position":2,"name":"Boli si tratament","item":"https:\/\/sanatate.md\/ro\/boli-si-tratament\/"},{"@type":"ListItem","position":3,"name":"Bolile oncologice","item":"https:\/\/sanatate.md\/ro\/boli-si-tratament\/bolile-oncologice\/"},{"@type":"ListItem","position":4,"name":"Neurofibromatoza"}]},{"@type":"WebSite","@id":"https:\/\/sanatate.md\/ro\/#website","url":"https:\/\/sanatate.md\/ro\/","name":"Sanatate.md","description":"\u0416\u0443\u0440\u043d\u0430\u043b \u0434\u043b\u044f \u0432\u0441\u0435\u0439 \u0441\u0435\u043c\u044c\u0438 \u0432 \u041c\u043e\u043b\u0434\u043e\u0432\u0435","publisher":{"@id":"https:\/\/sanatate.md\/ro\/#organization"},"potentialAction":[{"@type":"SearchAction","target":{"@type":"EntryPoint","urlTemplate":"https:\/\/sanatate.md\/ro\/?s={search_term_string}"},"query-input":{"@type":"PropertyValueSpecification","valueRequired":true,"valueName":"search_term_string"}}],"inLanguage":"ro-RO"},{"@type":"Organization","@id":"https:\/\/sanatate.md\/ro\/#organization","name":"SANATATE","url":"https:\/\/sanatate.md\/ro\/","logo":{"@type":"ImageObject","inLanguage":"ro-RO","@id":"https:\/\/sanatate.md\/ro\/#\/schema\/logo\/image\/","url":"https:\/\/sanatate.md\/wp-content\/uploads\/2022\/01\/sanatate-logo.svg","contentUrl":"https:\/\/sanatate.md\/wp-content\/uploads\/2022\/01\/sanatate-logo.svg","width":"1024","height":"1024","caption":"SANATATE"},"image":{"@id":"https:\/\/sanatate.md\/ro\/#\/schema\/logo\/image\/"}}]}},"_links":{"self":[{"href":"https:\/\/sanatate.md\/ro\/wp-json\/wp\/v2\/pages\/66362","targetHints":{"allow":["GET"]}}],"collection":[{"href":"https:\/\/sanatate.md\/ro\/wp-json\/wp\/v2\/pages"}],"about":[{"href":"https:\/\/sanatate.md\/ro\/wp-json\/wp\/v2\/types\/page"}],"author":[{"embeddable":true,"href":"https:\/\/sanatate.md\/ro\/wp-json\/wp\/v2\/users\/28"}],"replies":[{"embeddable":true,"href":"https:\/\/sanatate.md\/ro\/wp-json\/wp\/v2\/comments?post=66362"}],"version-history":[{"count":0,"href":"https:\/\/sanatate.md\/ro\/wp-json\/wp\/v2\/pages\/66362\/revisions"}],"up":[{"embeddable":true,"href":"https:\/\/sanatate.md\/ro\/wp-json\/wp\/v2\/pages\/53023"}],"wp:attachment":[{"href":"https:\/\/sanatate.md\/ro\/wp-json\/wp\/v2\/media?parent=66362"}],"curies":[{"name":"wp","href":"https:\/\/api.w.org\/{rel}","templated":true}]}}