{"id":66368,"date":"2018-10-05T16:18:45","date_gmt":"2018-10-05T13:18:45","guid":{"rendered":"https:\/\/sanatate.md\/?page_id=66368"},"modified":"2018-10-05T16:18:45","modified_gmt":"2018-10-05T13:18:45","slug":"gonoreea","status":"publish","type":"page","link":"https:\/\/sanatate.md\/ro\/boli-si-tratament\/boli-venerice\/gonoreea\/","title":{"rendered":"Gonoreea"},"content":{"rendered":"<p>Gonoreea este una dintre infec\u021biile cu transmitere sexual\u0103. Boala este provocat\u0103 de gonococcus Neisseria gonorrhoeae \u0219i imunitatea la gonoree nu este dezvoltat\u0103: fiind bolnav\u0103 o dat\u0103, o persoan\u0103 nu este protejat\u0103 de reinfectare \u00een viitor.<br \/>\nGonococii se dezvolt\u0103 pe membranele mucoase ale organelor genitale, uretrale, rectului \u0219i faringelui (\u00een cazul \u00een care a fost prezent sexul anal sau oral), \u00een conjunctiv\u0103 (boala se nume\u0219te \u00een acest caz &#8220;blenrea&#8221;).<\/p>\n<h3>Gonoreea la femei \u0219i b\u0103rba\u021bi<\/h3>\n<p>Boala se poate r\u0103sp\u00e2ndi \u00een diferite p\u0103r\u021bi ale corpului (articula\u021bii, s\u00e2nge, piele \u0219i chiar inim\u0103). O femeie gravid\u0103 infectat\u0103 cu gonoree poate transmite boala ei nou-n\u0103scutului \u00een timpul travaliului. La un bebelu\u0219 pe fondul gonoreei, se pot dezvolta urm\u0103toarele maladii ca: meningita, sepsisul \u0219i alte boli.<br \/>\nTratamentul la timp \u00eenceput s\u0103 prognozeaz\u0103 un rezultat favorabil \u0219i, de regul\u0103, nu provoac\u0103 complica\u021bii grave. \u00cen cazul \u00een care tratamentul nu este efectuat la reprezentantele genului femenin se poate infecta uterul \u0219i apendicele cee ace la r\u00e2ndul s\u0103u poate determina infertilitatea \u0219i sarcina ectopic\u0103.<br \/>\nLa b\u0103rba\u021bi, boala este \u00eenso\u021bit\u0103 de prostatit\u0103 \u0219i epididimit\u0103.<\/p>\n<h3>Simptome<\/h3>\n<p>Perioada de incuba\u021bie a gonoreei nu este lung\u0103 &#8211; numai de la dou\u0103 p\u00e2n\u0103 la cinci zile, c\u00e2teodat\u0103 dureaz\u0103 de la dou\u0103zeci p\u00e2n\u0103 la treizeci de zile.<br \/>\nAdesea, o persoan\u0103 infectat\u0103 nu \u0219tie despre infec\u021bie, ceea ce duce la infectarea partenerilor. \u00cen cele mai multe cazuri, boala este asimptomatic\u0103 la femei \u0219i anume din aceast\u0103 cauz\u0103 se adreseaz\u0103 mai rar la speciali\u0219ti.<br \/>\nOrganismul masculin este foarte sensibil la gonococi \u0219i nu poate ignora simptomele nepl\u0103cute pentru o lung\u0103 perioad\u0103 de timp deoarece apar: dureri \u00een timpul urin\u0103rii, elimin\u0103ri nespecifice din penis, febra. Femeile au elimin\u0103ri vaginale \u0219i s\u00e2nger\u0103ri.<\/p>\n","protected":false},"excerpt":{"rendered":"<p>Gonoreea este una dintre infec\u021biile cu transmitere sexual\u0103. Boala este provocat\u0103 de gonococcus Neisseria gonorrhoeae \u0219i imunitatea la gonoree nu este dezvoltat\u0103: fiind bolnav\u0103 o dat\u0103, o persoan\u0103 nu este protejat\u0103 de reinfectare \u00een viitor. Gonococii se dezvolt\u0103 pe membranele mucoase ale organelor genitale, uretrale, rectului \u0219i faringelui (\u00een cazul \u00een care a fost prezent [&hellip;]<\/p>\n","protected":false},"author":28,"featured_media":0,"parent":43639,"menu_order":0,"comment_status":"closed","ping_status":"closed","template":"","meta":{"inline_featured_image":false,"footnotes":""},"class_list":["post-66368","page","type-page","status-publish"],"yoast_head":"<!-- This site is optimized with the Yoast SEO plugin v27.3 - https:\/\/yoast.com\/product\/yoast-seo-wordpress\/ -->\n<title>Gonoreea<\/title>\n<meta name=\"description\" content=\"Gonoreea este una dintre infec\u021biile cu transmitere sexual\u0103. Boala este provocat\u0103 de gonococcus Neisseria gonorrhoeae \u0219i imunitatea la gonoree nu este dezvoltat\u0103: fiind bolnav\u0103 o dat\u0103, o persoan\u0103 nu este protejat\u0103 de reinfectare \u00een viitor.\" \/>\n<meta name=\"robots\" content=\"index, follow, max-snippet:-1, max-image-preview:large, max-video-preview:-1\" \/>\n<link rel=\"canonical\" href=\"https:\/\/sanatate.md\/ro\/boli-si-tratament\/boli-venerice\/gonoreea\/\" \/>\n<meta property=\"og:locale\" content=\"ro_RO\" \/>\n<meta property=\"og:type\" content=\"article\" \/>\n<meta property=\"og:title\" content=\"Gonoreea\" \/>\n<meta property=\"og:description\" content=\"Gonoreea este una dintre infec\u021biile cu transmitere sexual\u0103. Boala este provocat\u0103 de gonococcus Neisseria gonorrhoeae \u0219i imunitatea la gonoree nu este dezvoltat\u0103: fiind bolnav\u0103 o dat\u0103, o persoan\u0103 nu este protejat\u0103 de reinfectare \u00een viitor.\" \/>\n<meta property=\"og:url\" content=\"https:\/\/sanatate.md\/ro\/boli-si-tratament\/boli-venerice\/gonoreea\/\" \/>\n<meta property=\"og:site_name\" content=\"Sanatate.md\" \/>\n<meta name=\"twitter:card\" content=\"summary_large_image\" \/>\n<meta name=\"twitter:label1\" content=\"Timp estimat pentru citire\" \/>\n\t<meta name=\"twitter:data1\" content=\"2 minute\" \/>\n<script type=\"application\/ld+json\" class=\"yoast-schema-graph\">{\"@context\":\"https:\\\/\\\/schema.org\",\"@graph\":[{\"@type\":\"WebPage\",\"@id\":\"https:\\\/\\\/sanatate.md\\\/ro\\\/boli-si-tratament\\\/boli-venerice\\\/gonoreea\\\/\",\"url\":\"https:\\\/\\\/sanatate.md\\\/ro\\\/boli-si-tratament\\\/boli-venerice\\\/gonoreea\\\/\",\"name\":\"Gonoreea\",\"isPartOf\":{\"@id\":\"https:\\\/\\\/sanatate.md\\\/ro\\\/#website\"},\"datePublished\":\"2018-10-05T13:18:45+00:00\",\"description\":\"Gonoreea este una dintre infec\u021biile cu transmitere sexual\u0103. Boala este provocat\u0103 de gonococcus Neisseria gonorrhoeae \u0219i imunitatea la gonoree nu este dezvoltat\u0103: fiind bolnav\u0103 o dat\u0103, o persoan\u0103 nu este protejat\u0103 de reinfectare \u00een viitor.\",\"breadcrumb\":{\"@id\":\"https:\\\/\\\/sanatate.md\\\/ro\\\/boli-si-tratament\\\/boli-venerice\\\/gonoreea\\\/#breadcrumb\"},\"inLanguage\":\"ro-RO\",\"potentialAction\":[{\"@type\":\"ReadAction\",\"target\":[\"https:\\\/\\\/sanatate.md\\\/ro\\\/boli-si-tratament\\\/boli-venerice\\\/gonoreea\\\/\"]}]},{\"@type\":\"BreadcrumbList\",\"@id\":\"https:\\\/\\\/sanatate.md\\\/ro\\\/boli-si-tratament\\\/boli-venerice\\\/gonoreea\\\/#breadcrumb\",\"itemListElement\":[{\"@type\":\"ListItem\",\"position\":1,\"name\":\"\u0413\u043b\u0430\u0432\u043d\u0430\u044f \u0441\u0442\u0440\u0430\u043d\u0438\u0446\u0430\",\"item\":\"https:\\\/\\\/sanatate.md\\\/ro\\\/\"},{\"@type\":\"ListItem\",\"position\":2,\"name\":\"Boli si tratament\",\"item\":\"https:\\\/\\\/sanatate.md\\\/ro\\\/boli-si-tratament\\\/\"},{\"@type\":\"ListItem\",\"position\":3,\"name\":\"Boli venerice\",\"item\":\"https:\\\/\\\/sanatate.md\\\/ro\\\/boli-si-tratament\\\/boli-venerice\\\/\"},{\"@type\":\"ListItem\",\"position\":4,\"name\":\"Gonoreea\"}]},{\"@type\":\"WebSite\",\"@id\":\"https:\\\/\\\/sanatate.md\\\/ro\\\/#website\",\"url\":\"https:\\\/\\\/sanatate.md\\\/ro\\\/\",\"name\":\"Sanatate.md\",\"description\":\"\u0416\u0443\u0440\u043d\u0430\u043b \u0434\u043b\u044f \u0432\u0441\u0435\u0439 \u0441\u0435\u043c\u044c\u0438 \u0432 \u041c\u043e\u043b\u0434\u043e\u0432\u0435\",\"publisher\":{\"@id\":\"https:\\\/\\\/sanatate.md\\\/ro\\\/#organization\"},\"potentialAction\":[{\"@type\":\"SearchAction\",\"target\":{\"@type\":\"EntryPoint\",\"urlTemplate\":\"https:\\\/\\\/sanatate.md\\\/ro\\\/?s={search_term_string}\"},\"query-input\":{\"@type\":\"PropertyValueSpecification\",\"valueRequired\":true,\"valueName\":\"search_term_string\"}}],\"inLanguage\":\"ro-RO\"},{\"@type\":\"Organization\",\"@id\":\"https:\\\/\\\/sanatate.md\\\/ro\\\/#organization\",\"name\":\"SANATATE\",\"url\":\"https:\\\/\\\/sanatate.md\\\/ro\\\/\",\"logo\":{\"@type\":\"ImageObject\",\"inLanguage\":\"ro-RO\",\"@id\":\"https:\\\/\\\/sanatate.md\\\/ro\\\/#\\\/schema\\\/logo\\\/image\\\/\",\"url\":\"https:\\\/\\\/sanatate.md\\\/wp-content\\\/uploads\\\/2022\\\/01\\\/sanatate-logo.svg\",\"contentUrl\":\"https:\\\/\\\/sanatate.md\\\/wp-content\\\/uploads\\\/2022\\\/01\\\/sanatate-logo.svg\",\"width\":\"1024\",\"height\":\"1024\",\"caption\":\"SANATATE\"},\"image\":{\"@id\":\"https:\\\/\\\/sanatate.md\\\/ro\\\/#\\\/schema\\\/logo\\\/image\\\/\"}}]}<\/script>\n<!-- \/ Yoast SEO plugin. -->","yoast_head_json":{"title":"Gonoreea","description":"Gonoreea este una dintre infec\u021biile cu transmitere sexual\u0103. Boala este provocat\u0103 de gonococcus Neisseria gonorrhoeae \u0219i imunitatea la gonoree nu este dezvoltat\u0103: fiind bolnav\u0103 o dat\u0103, o persoan\u0103 nu este protejat\u0103 de reinfectare \u00een viitor.","robots":{"index":"index","follow":"follow","max-snippet":"max-snippet:-1","max-image-preview":"max-image-preview:large","max-video-preview":"max-video-preview:-1"},"canonical":"https:\/\/sanatate.md\/ro\/boli-si-tratament\/boli-venerice\/gonoreea\/","og_locale":"ro_RO","og_type":"article","og_title":"Gonoreea","og_description":"Gonoreea este una dintre infec\u021biile cu transmitere sexual\u0103. Boala este provocat\u0103 de gonococcus Neisseria gonorrhoeae \u0219i imunitatea la gonoree nu este dezvoltat\u0103: fiind bolnav\u0103 o dat\u0103, o persoan\u0103 nu este protejat\u0103 de reinfectare \u00een viitor.","og_url":"https:\/\/sanatate.md\/ro\/boli-si-tratament\/boli-venerice\/gonoreea\/","og_site_name":"Sanatate.md","twitter_card":"summary_large_image","twitter_misc":{"Timp estimat pentru citire":"2 minute"},"schema":{"@context":"https:\/\/schema.org","@graph":[{"@type":"WebPage","@id":"https:\/\/sanatate.md\/ro\/boli-si-tratament\/boli-venerice\/gonoreea\/","url":"https:\/\/sanatate.md\/ro\/boli-si-tratament\/boli-venerice\/gonoreea\/","name":"Gonoreea","isPartOf":{"@id":"https:\/\/sanatate.md\/ro\/#website"},"datePublished":"2018-10-05T13:18:45+00:00","description":"Gonoreea este una dintre infec\u021biile cu transmitere sexual\u0103. Boala este provocat\u0103 de gonococcus Neisseria gonorrhoeae \u0219i imunitatea la gonoree nu este dezvoltat\u0103: fiind bolnav\u0103 o dat\u0103, o persoan\u0103 nu este protejat\u0103 de reinfectare \u00een viitor.","breadcrumb":{"@id":"https:\/\/sanatate.md\/ro\/boli-si-tratament\/boli-venerice\/gonoreea\/#breadcrumb"},"inLanguage":"ro-RO","potentialAction":[{"@type":"ReadAction","target":["https:\/\/sanatate.md\/ro\/boli-si-tratament\/boli-venerice\/gonoreea\/"]}]},{"@type":"BreadcrumbList","@id":"https:\/\/sanatate.md\/ro\/boli-si-tratament\/boli-venerice\/gonoreea\/#breadcrumb","itemListElement":[{"@type":"ListItem","position":1,"name":"\u0413\u043b\u0430\u0432\u043d\u0430\u044f \u0441\u0442\u0440\u0430\u043d\u0438\u0446\u0430","item":"https:\/\/sanatate.md\/ro\/"},{"@type":"ListItem","position":2,"name":"Boli si tratament","item":"https:\/\/sanatate.md\/ro\/boli-si-tratament\/"},{"@type":"ListItem","position":3,"name":"Boli venerice","item":"https:\/\/sanatate.md\/ro\/boli-si-tratament\/boli-venerice\/"},{"@type":"ListItem","position":4,"name":"Gonoreea"}]},{"@type":"WebSite","@id":"https:\/\/sanatate.md\/ro\/#website","url":"https:\/\/sanatate.md\/ro\/","name":"Sanatate.md","description":"\u0416\u0443\u0440\u043d\u0430\u043b \u0434\u043b\u044f \u0432\u0441\u0435\u0439 \u0441\u0435\u043c\u044c\u0438 \u0432 \u041c\u043e\u043b\u0434\u043e\u0432\u0435","publisher":{"@id":"https:\/\/sanatate.md\/ro\/#organization"},"potentialAction":[{"@type":"SearchAction","target":{"@type":"EntryPoint","urlTemplate":"https:\/\/sanatate.md\/ro\/?s={search_term_string}"},"query-input":{"@type":"PropertyValueSpecification","valueRequired":true,"valueName":"search_term_string"}}],"inLanguage":"ro-RO"},{"@type":"Organization","@id":"https:\/\/sanatate.md\/ro\/#organization","name":"SANATATE","url":"https:\/\/sanatate.md\/ro\/","logo":{"@type":"ImageObject","inLanguage":"ro-RO","@id":"https:\/\/sanatate.md\/ro\/#\/schema\/logo\/image\/","url":"https:\/\/sanatate.md\/wp-content\/uploads\/2022\/01\/sanatate-logo.svg","contentUrl":"https:\/\/sanatate.md\/wp-content\/uploads\/2022\/01\/sanatate-logo.svg","width":"1024","height":"1024","caption":"SANATATE"},"image":{"@id":"https:\/\/sanatate.md\/ro\/#\/schema\/logo\/image\/"}}]}},"_links":{"self":[{"href":"https:\/\/sanatate.md\/ro\/wp-json\/wp\/v2\/pages\/66368","targetHints":{"allow":["GET"]}}],"collection":[{"href":"https:\/\/sanatate.md\/ro\/wp-json\/wp\/v2\/pages"}],"about":[{"href":"https:\/\/sanatate.md\/ro\/wp-json\/wp\/v2\/types\/page"}],"author":[{"embeddable":true,"href":"https:\/\/sanatate.md\/ro\/wp-json\/wp\/v2\/users\/28"}],"replies":[{"embeddable":true,"href":"https:\/\/sanatate.md\/ro\/wp-json\/wp\/v2\/comments?post=66368"}],"version-history":[{"count":0,"href":"https:\/\/sanatate.md\/ro\/wp-json\/wp\/v2\/pages\/66368\/revisions"}],"up":[{"embeddable":true,"href":"https:\/\/sanatate.md\/ro\/wp-json\/wp\/v2\/pages\/43639"}],"wp:attachment":[{"href":"https:\/\/sanatate.md\/ro\/wp-json\/wp\/v2\/media?parent=66368"}],"curies":[{"name":"wp","href":"https:\/\/api.w.org\/{rel}","templated":true}]}}