{"id":66372,"date":"2018-10-05T16:48:50","date_gmt":"2018-10-05T13:48:50","guid":{"rendered":"https:\/\/sanatate.md\/?page_id=66372"},"modified":"2018-10-05T16:48:50","modified_gmt":"2018-10-05T13:48:50","slug":"microcefalia","status":"publish","type":"page","link":"https:\/\/sanatate.md\/ro\/boli-si-tratament\/boli-neurologice\/microcefalia\/","title":{"rendered":"Microcefalia"},"content":{"rendered":"<p>Microcefalia este o patologie manifestat\u0103 prin dimensiuni mici ale capului datorit\u0103 unui creier mic. Din cauza bolii, capul este de dou\u0103 ori \u0219i c\u00e2teodat\u0103 de trei ori mai mic dec\u00e2t cel normal.<\/p>\n<h3>Cauzele unei st\u0103ri dureroase<\/h3>\n<p>Microcefalia la copii poate fi congenital\u0103 sau apare in primul an de via\u021b\u0103 al unui copil. Capul se opre\u0219te \u00een cre\u0219tere, nu cre\u0219te nici creierul, dar fa\u021ba se dezvolt\u0103 f\u0103r\u0103 patologii. Ca urmare, capul copilului este dispropor\u021bionat de mic, fa\u021ba \u0219i fruntea sunt mari. Pe m\u0103sur\u0103 ce copilul cre\u0219te, capul dispropor\u021bionat de mic devine foarte vizibil.<\/p>\n<h3>Microcefalie: cauzele bolii pot fi diferite<\/h3>\n<p>Cauzele bolii sunt diferite:<\/p>\n<ul>\n<li>expunerea mamei la radia\u021bie;<\/li>\n<li>bolile infec\u021bioase;<\/li>\n<li>tulbur\u0103rile genetice.<\/li>\n<\/ul>\n<p>Microcefalia la nivelul f\u0103tului se dezvolt\u0103 ca urmare a infec\u021biilor, care \u00eel afecteaz\u0103 \u00een uter (rubeola, citomegalovirusul, toxoplasmoza).<\/p>\n<p>Boala se dezvolt\u0103 pe fondul sindroamelor:<\/p>\n<ul>\n<li>Edwards;<\/li>\n<li>Patau;<\/li>\n<li>\u021bip\u0103tul pisicii;<\/li>\n<li>Prader-Willi;<\/li>\n<li>Miller;<\/li>\n<li>sindromul alcoolic al f\u0103tului.<\/li>\n<\/ul>\n<h3>Microcefalia: simptomele bolii sunt pronun\u021bate<\/h3>\n<p>Creierul este foarte mic, uneori greutatea lui este de numai cinci sute &#8211; \u0219ase sute de grame. \u00cen organ se depisteaz\u0103 simptomele patologiilor de dezvoltare brute: macro- \u0219i microgiria, ageneza corpusului callos, lisencefalia, heterotopia. Sectoarele frontale \u0219i temporale ale creierului sunt de dimensiuni mici, astfel \u00eenc\u00e2t creierului este neacoperit. Cele mai multe convolu\u021bii \u0219i brazde lipsesc. Ganglionii bazali, spre deosebire de cortexul cerebral, sunt mult mai bine dezvolta\u021bi.<br \/>\n\u00cen cele mai multe cazuri, tuberculul optic, cerebelul, creierul stem \u0219i piramida medulla oblongat\u0103 sunt reduse.<\/p>\n<h3>Diagnosticarea afec\u021biunii dureroase<\/h3>\n<p>Diagnosticul se bazeaz\u0103 pe studiere: dimensiunile reduse ale capului \u0219i inteligen\u021ba subdezvoltat\u0103 sunt dovada incontestabil\u0103 a bolii.<br \/>\nEste necesar\u0103 diferen\u021bierea microcefaliei de craniostenoz\u0103 &#8211; cea din urm\u0103 se caracterizeaz\u0103 prin modific\u0103ri ale craniogramei.<\/p>\n<h3>Microcefalia: tratamentul afec\u021biunii dureroase<\/h3>\n<p>Un tratament special nu exist\u0103, prin urmare, tratamentul simptomatic este efectuat pentru a elimina simptomele emergente. Prognoza este nefavorabil\u0103, persoanele, care au un astfel de diagnostic, nu tr\u0103iesc mult, deoarece creierul lor nu este capabil s\u0103 func\u021bioneze cu for\u021b\u0103 maxim\u0103.<br \/>\nCopiii cu microcefalie primar\u0103 frecventeaz\u0103 o \u0219coal\u0103 auxiliar\u0103; iar pacien\u021bii cu microcefalie secundar\u0103 au nevoie de o \u00eengrijire constant\u0103.<br \/>\n\u0423\u043d\u0438\u043a\u0430\u043b\u044c\u043d\u043e\u0441\u0442<\/p>\n","protected":false},"excerpt":{"rendered":"<p>Microcefalia este o patologie manifestat\u0103 prin dimensiuni mici ale capului datorit\u0103 unui creier mic. Din cauza bolii, capul este de dou\u0103 ori \u0219i c\u00e2teodat\u0103 de trei ori mai mic dec\u00e2t cel normal. Cauzele unei st\u0103ri dureroase Microcefalia la copii poate fi congenital\u0103 sau apare in primul an de via\u021b\u0103 al unui copil. Capul se opre\u0219te [&hellip;]<\/p>\n","protected":false},"author":28,"featured_media":0,"parent":52978,"menu_order":0,"comment_status":"closed","ping_status":"closed","template":"","meta":{"inline_featured_image":false,"footnotes":""},"class_list":["post-66372","page","type-page","status-publish"],"yoast_head":"<!-- This site is optimized with the Yoast SEO plugin v27.3 - https:\/\/yoast.com\/product\/yoast-seo-wordpress\/ -->\n<title>Microcefalia<\/title>\n<meta name=\"description\" content=\"Microcefalia este o patologie manifestat\u0103 prin dimensiuni mici ale capului datorit\u0103 unui creier mic.\" \/>\n<meta name=\"robots\" content=\"index, follow, max-snippet:-1, max-image-preview:large, max-video-preview:-1\" \/>\n<link rel=\"canonical\" href=\"https:\/\/sanatate.md\/ro\/boli-si-tratament\/boli-neurologice\/microcefalia\/\" \/>\n<meta property=\"og:locale\" content=\"ro_RO\" \/>\n<meta property=\"og:type\" content=\"article\" \/>\n<meta property=\"og:title\" content=\"Microcefalia\" \/>\n<meta property=\"og:description\" content=\"Microcefalia este o patologie manifestat\u0103 prin dimensiuni mici ale capului datorit\u0103 unui creier mic.\" \/>\n<meta property=\"og:url\" content=\"https:\/\/sanatate.md\/ro\/boli-si-tratament\/boli-neurologice\/microcefalia\/\" \/>\n<meta property=\"og:site_name\" content=\"Sanatate.md\" \/>\n<meta name=\"twitter:card\" content=\"summary_large_image\" \/>\n<meta name=\"twitter:label1\" content=\"Timp estimat pentru citire\" \/>\n\t<meta name=\"twitter:data1\" content=\"2 minute\" \/>\n<script type=\"application\/ld+json\" class=\"yoast-schema-graph\">{\"@context\":\"https:\\\/\\\/schema.org\",\"@graph\":[{\"@type\":\"WebPage\",\"@id\":\"https:\\\/\\\/sanatate.md\\\/ro\\\/boli-si-tratament\\\/boli-neurologice\\\/microcefalia\\\/\",\"url\":\"https:\\\/\\\/sanatate.md\\\/ro\\\/boli-si-tratament\\\/boli-neurologice\\\/microcefalia\\\/\",\"name\":\"Microcefalia\",\"isPartOf\":{\"@id\":\"https:\\\/\\\/sanatate.md\\\/ro\\\/#website\"},\"datePublished\":\"2018-10-05T13:48:50+00:00\",\"description\":\"Microcefalia este o patologie manifestat\u0103 prin dimensiuni mici ale capului datorit\u0103 unui creier mic.\",\"breadcrumb\":{\"@id\":\"https:\\\/\\\/sanatate.md\\\/ro\\\/boli-si-tratament\\\/boli-neurologice\\\/microcefalia\\\/#breadcrumb\"},\"inLanguage\":\"ro-RO\",\"potentialAction\":[{\"@type\":\"ReadAction\",\"target\":[\"https:\\\/\\\/sanatate.md\\\/ro\\\/boli-si-tratament\\\/boli-neurologice\\\/microcefalia\\\/\"]}]},{\"@type\":\"BreadcrumbList\",\"@id\":\"https:\\\/\\\/sanatate.md\\\/ro\\\/boli-si-tratament\\\/boli-neurologice\\\/microcefalia\\\/#breadcrumb\",\"itemListElement\":[{\"@type\":\"ListItem\",\"position\":1,\"name\":\"\u0413\u043b\u0430\u0432\u043d\u0430\u044f \u0441\u0442\u0440\u0430\u043d\u0438\u0446\u0430\",\"item\":\"https:\\\/\\\/sanatate.md\\\/ro\\\/\"},{\"@type\":\"ListItem\",\"position\":2,\"name\":\"Boli si tratament\",\"item\":\"https:\\\/\\\/sanatate.md\\\/ro\\\/boli-si-tratament\\\/\"},{\"@type\":\"ListItem\",\"position\":3,\"name\":\"Boli neurologice\",\"item\":\"https:\\\/\\\/sanatate.md\\\/ro\\\/boli-si-tratament\\\/boli-neurologice\\\/\"},{\"@type\":\"ListItem\",\"position\":4,\"name\":\"Microcefalia\"}]},{\"@type\":\"WebSite\",\"@id\":\"https:\\\/\\\/sanatate.md\\\/ro\\\/#website\",\"url\":\"https:\\\/\\\/sanatate.md\\\/ro\\\/\",\"name\":\"Sanatate.md\",\"description\":\"\u0416\u0443\u0440\u043d\u0430\u043b \u0434\u043b\u044f \u0432\u0441\u0435\u0439 \u0441\u0435\u043c\u044c\u0438 \u0432 \u041c\u043e\u043b\u0434\u043e\u0432\u0435\",\"publisher\":{\"@id\":\"https:\\\/\\\/sanatate.md\\\/ro\\\/#organization\"},\"potentialAction\":[{\"@type\":\"SearchAction\",\"target\":{\"@type\":\"EntryPoint\",\"urlTemplate\":\"https:\\\/\\\/sanatate.md\\\/ro\\\/?s={search_term_string}\"},\"query-input\":{\"@type\":\"PropertyValueSpecification\",\"valueRequired\":true,\"valueName\":\"search_term_string\"}}],\"inLanguage\":\"ro-RO\"},{\"@type\":\"Organization\",\"@id\":\"https:\\\/\\\/sanatate.md\\\/ro\\\/#organization\",\"name\":\"SANATATE\",\"url\":\"https:\\\/\\\/sanatate.md\\\/ro\\\/\",\"logo\":{\"@type\":\"ImageObject\",\"inLanguage\":\"ro-RO\",\"@id\":\"https:\\\/\\\/sanatate.md\\\/ro\\\/#\\\/schema\\\/logo\\\/image\\\/\",\"url\":\"https:\\\/\\\/sanatate.md\\\/wp-content\\\/uploads\\\/2022\\\/01\\\/sanatate-logo.svg\",\"contentUrl\":\"https:\\\/\\\/sanatate.md\\\/wp-content\\\/uploads\\\/2022\\\/01\\\/sanatate-logo.svg\",\"width\":\"1024\",\"height\":\"1024\",\"caption\":\"SANATATE\"},\"image\":{\"@id\":\"https:\\\/\\\/sanatate.md\\\/ro\\\/#\\\/schema\\\/logo\\\/image\\\/\"}}]}<\/script>\n<!-- \/ Yoast SEO plugin. -->","yoast_head_json":{"title":"Microcefalia","description":"Microcefalia este o patologie manifestat\u0103 prin dimensiuni mici ale capului datorit\u0103 unui creier mic.","robots":{"index":"index","follow":"follow","max-snippet":"max-snippet:-1","max-image-preview":"max-image-preview:large","max-video-preview":"max-video-preview:-1"},"canonical":"https:\/\/sanatate.md\/ro\/boli-si-tratament\/boli-neurologice\/microcefalia\/","og_locale":"ro_RO","og_type":"article","og_title":"Microcefalia","og_description":"Microcefalia este o patologie manifestat\u0103 prin dimensiuni mici ale capului datorit\u0103 unui creier mic.","og_url":"https:\/\/sanatate.md\/ro\/boli-si-tratament\/boli-neurologice\/microcefalia\/","og_site_name":"Sanatate.md","twitter_card":"summary_large_image","twitter_misc":{"Timp estimat pentru citire":"2 minute"},"schema":{"@context":"https:\/\/schema.org","@graph":[{"@type":"WebPage","@id":"https:\/\/sanatate.md\/ro\/boli-si-tratament\/boli-neurologice\/microcefalia\/","url":"https:\/\/sanatate.md\/ro\/boli-si-tratament\/boli-neurologice\/microcefalia\/","name":"Microcefalia","isPartOf":{"@id":"https:\/\/sanatate.md\/ro\/#website"},"datePublished":"2018-10-05T13:48:50+00:00","description":"Microcefalia este o patologie manifestat\u0103 prin dimensiuni mici ale capului datorit\u0103 unui creier mic.","breadcrumb":{"@id":"https:\/\/sanatate.md\/ro\/boli-si-tratament\/boli-neurologice\/microcefalia\/#breadcrumb"},"inLanguage":"ro-RO","potentialAction":[{"@type":"ReadAction","target":["https:\/\/sanatate.md\/ro\/boli-si-tratament\/boli-neurologice\/microcefalia\/"]}]},{"@type":"BreadcrumbList","@id":"https:\/\/sanatate.md\/ro\/boli-si-tratament\/boli-neurologice\/microcefalia\/#breadcrumb","itemListElement":[{"@type":"ListItem","position":1,"name":"\u0413\u043b\u0430\u0432\u043d\u0430\u044f \u0441\u0442\u0440\u0430\u043d\u0438\u0446\u0430","item":"https:\/\/sanatate.md\/ro\/"},{"@type":"ListItem","position":2,"name":"Boli si tratament","item":"https:\/\/sanatate.md\/ro\/boli-si-tratament\/"},{"@type":"ListItem","position":3,"name":"Boli neurologice","item":"https:\/\/sanatate.md\/ro\/boli-si-tratament\/boli-neurologice\/"},{"@type":"ListItem","position":4,"name":"Microcefalia"}]},{"@type":"WebSite","@id":"https:\/\/sanatate.md\/ro\/#website","url":"https:\/\/sanatate.md\/ro\/","name":"Sanatate.md","description":"\u0416\u0443\u0440\u043d\u0430\u043b \u0434\u043b\u044f \u0432\u0441\u0435\u0439 \u0441\u0435\u043c\u044c\u0438 \u0432 \u041c\u043e\u043b\u0434\u043e\u0432\u0435","publisher":{"@id":"https:\/\/sanatate.md\/ro\/#organization"},"potentialAction":[{"@type":"SearchAction","target":{"@type":"EntryPoint","urlTemplate":"https:\/\/sanatate.md\/ro\/?s={search_term_string}"},"query-input":{"@type":"PropertyValueSpecification","valueRequired":true,"valueName":"search_term_string"}}],"inLanguage":"ro-RO"},{"@type":"Organization","@id":"https:\/\/sanatate.md\/ro\/#organization","name":"SANATATE","url":"https:\/\/sanatate.md\/ro\/","logo":{"@type":"ImageObject","inLanguage":"ro-RO","@id":"https:\/\/sanatate.md\/ro\/#\/schema\/logo\/image\/","url":"https:\/\/sanatate.md\/wp-content\/uploads\/2022\/01\/sanatate-logo.svg","contentUrl":"https:\/\/sanatate.md\/wp-content\/uploads\/2022\/01\/sanatate-logo.svg","width":"1024","height":"1024","caption":"SANATATE"},"image":{"@id":"https:\/\/sanatate.md\/ro\/#\/schema\/logo\/image\/"}}]}},"_links":{"self":[{"href":"https:\/\/sanatate.md\/ro\/wp-json\/wp\/v2\/pages\/66372","targetHints":{"allow":["GET"]}}],"collection":[{"href":"https:\/\/sanatate.md\/ro\/wp-json\/wp\/v2\/pages"}],"about":[{"href":"https:\/\/sanatate.md\/ro\/wp-json\/wp\/v2\/types\/page"}],"author":[{"embeddable":true,"href":"https:\/\/sanatate.md\/ro\/wp-json\/wp\/v2\/users\/28"}],"replies":[{"embeddable":true,"href":"https:\/\/sanatate.md\/ro\/wp-json\/wp\/v2\/comments?post=66372"}],"version-history":[{"count":0,"href":"https:\/\/sanatate.md\/ro\/wp-json\/wp\/v2\/pages\/66372\/revisions"}],"up":[{"embeddable":true,"href":"https:\/\/sanatate.md\/ro\/wp-json\/wp\/v2\/pages\/52978"}],"wp:attachment":[{"href":"https:\/\/sanatate.md\/ro\/wp-json\/wp\/v2\/media?parent=66372"}],"curies":[{"name":"wp","href":"https:\/\/api.w.org\/{rel}","templated":true}]}}