{"id":66376,"date":"2018-10-05T16:57:23","date_gmt":"2018-10-05T13:57:23","guid":{"rendered":"https:\/\/sanatate.md\/?page_id=66376"},"modified":"2018-10-05T17:02:18","modified_gmt":"2018-10-05T14:02:18","slug":"boala-peyronie","status":"publish","type":"page","link":"https:\/\/sanatate.md\/ro\/boli-si-tratament\/boli-masculine\/boala-peyronie\/","title":{"rendered":"Boala Peyronie"},"content":{"rendered":"<p>Boala Peyronie nu e o boal\u0103 foarte frecvent\u0103 \u0219i este marcat\u0103 de prezen\u021ba structurii fibroase \u00een corpurile cavernoase ale penisului masculin. Boala Peyronie este o\u00a0afectiune genital\u0103 masculin\u0103\u00a0ce const\u0103 \u00een curbarea anormal\u0103 a penisului dat\u0103 de o cicatrice a \u021besutului. Curbarea poate fi atat de sever\u0103, \u00eenc\u00e2t impiedic\u0103 penetrarea in timpul actului sexual. Boala Peyronie este mai frecvent\u0103 la varsta mijlocie \u0219i la barba\u021bii in varsta.<\/p>\n<p>\u0218tiin\u021ba modern\u0103 nu a stabilit motivele exacte de apari\u021bie a acestei patologii, dar unii oameni de \u0219tiin\u021b\u0103 cred c\u0103 aceast\u0103 boal\u0103 se poate manifesta ca urmare a cicatriz\u0103rii \u021besuturilor cauzate de deteriorarea organului \u00een stadii incipiente (contuzie, r\u0103nire). Boala se caracterizeaz\u0103 prin simptome specifice, \u00eens\u0103 numai un medic poate face diagnosticul corect.<\/p>\n<h3>Clasificarea<\/h3>\n<p>Curbura organului sexual la b\u0103rba\u021bi poate fi congenital\u0103 sau dob\u00e2ndit\u0103. C\u00e2nd curbura este congenital\u0103, formarea pl\u0103cilor este pu\u021bin probabil\u0103, de\u0219i \u00een corpurile cavernoase exist\u0103 coarde care pot provoca curbura penisului.<\/p>\n<h3>Simptomatologia<\/h3>\n<p>Primele semne de boal\u0103 sunt vizibile \u00een timpul examin\u0103rii ini\u021biale, deoarece sigiliile pe penis sunt umezite cu u\u0219urin\u021b\u0103. Aproximativ 30% dintre pacien\u021bi sufer\u0103 de fibroz\u0103 &#8211; procesul de cre\u0219tere a \u021besutului cicatrizat \u00een corpurile cavernoase. Acest lucru poate duce la astfel de st\u0103ri, cum ar fi:<\/p>\n<ul>\n<li>\u00eenc\u0103lcarea erec\u021biei;<\/li>\n<li>durere \u00een timpul actului sexual;<\/li>\n<li>curbura penisului.<\/li>\n<\/ul>\n<p>Stadiul terminal al bolii se caracterizeaz\u0103 prin schimb\u0103ri \u00een cicatrizare, ce duce la un act sexual incomod \u0219i, uneori, la imposibilitatea implement\u0103rii sale. \u00cen acest stadiu, boala lui Peyronie este diagnosticat\u0103, deoarece b\u0103rba\u021bii nu acord\u0103 suficient\u0103 aten\u021bie dificult\u0103\u021bilor \u00eent\u00e2lnite \u00een procesul actului sexual \u0219i nu fac obiectul unei examin\u0103ri adecvate.<\/p>\n<h3>Tratamentul<\/h3>\n<p>\u00cen absen\u021ba disconfortului \u0219i a tulbur\u0103rilor de activitate sexual\u0103, nu este nevoie \u00een mod special de un curs terapeutic. Tratamentul bolii este efectuat \u00eentr-un timp scurt, deoarece decurge \u00eentr-o form\u0103 u\u0219oar\u0103. Aceast\u0103 patologie nu poate afecta func\u021biile sexuale ale masculului. Atunci c\u00e2nd face\u021bi un diagnostic, se recomand\u0103 s\u0103 consulta\u021bi un sexolog \u0219i un psiholog pentru a men\u021bine o via\u021b\u0103 sexual\u0103 activ\u0103.<\/p>\n","protected":false},"excerpt":{"rendered":"<p>Boala Peyronie nu e o boal\u0103 foarte frecvent\u0103 \u0219i este marcat\u0103 de prezen\u021ba structurii fibroase \u00een corpurile cavernoase ale penisului masculin. Boala Peyronie este o\u00a0afectiune genital\u0103 masculin\u0103\u00a0ce const\u0103 \u00een curbarea anormal\u0103 a penisului dat\u0103 de o cicatrice a \u021besutului. Curbarea poate fi atat de sever\u0103, \u00eenc\u00e2t impiedic\u0103 penetrarea in timpul actului sexual. Boala Peyronie este [&hellip;]<\/p>\n","protected":false},"author":28,"featured_media":0,"parent":52970,"menu_order":0,"comment_status":"closed","ping_status":"closed","template":"","meta":{"inline_featured_image":false,"footnotes":""},"class_list":["post-66376","page","type-page","status-publish"],"yoast_head":"<!-- This site is optimized with the Yoast SEO plugin v27.3 - https:\/\/yoast.com\/product\/yoast-seo-wordpress\/ -->\n<title>Boala Peyronie<\/title>\n<meta name=\"description\" content=\"Boala Peyronie nu e o boal\u0103 foarte frecvent\u0103 \u0219i este marcat\u0103 de prezen\u021ba structurii fibroase \u00een corpurile cavernoase ale penisului masculin.\" \/>\n<meta name=\"robots\" content=\"index, follow, max-snippet:-1, max-image-preview:large, max-video-preview:-1\" \/>\n<link rel=\"canonical\" href=\"https:\/\/sanatate.md\/ro\/boli-si-tratament\/boli-masculine\/boala-peyronie\/\" \/>\n<meta property=\"og:locale\" content=\"ro_RO\" \/>\n<meta property=\"og:type\" content=\"article\" \/>\n<meta property=\"og:title\" content=\"Boala Peyronie\" \/>\n<meta property=\"og:description\" content=\"Boala Peyronie nu e o boal\u0103 foarte frecvent\u0103 \u0219i este marcat\u0103 de prezen\u021ba structurii fibroase \u00een corpurile cavernoase ale penisului masculin.\" \/>\n<meta property=\"og:url\" content=\"https:\/\/sanatate.md\/ro\/boli-si-tratament\/boli-masculine\/boala-peyronie\/\" \/>\n<meta property=\"og:site_name\" content=\"Sanatate.md\" \/>\n<meta property=\"article:modified_time\" content=\"2018-10-05T14:02:18+00:00\" \/>\n<meta name=\"twitter:card\" content=\"summary_large_image\" \/>\n<meta name=\"twitter:label1\" content=\"Timp estimat pentru citire\" \/>\n\t<meta name=\"twitter:data1\" content=\"2 minute\" \/>\n<script type=\"application\/ld+json\" class=\"yoast-schema-graph\">{\"@context\":\"https:\\\/\\\/schema.org\",\"@graph\":[{\"@type\":\"WebPage\",\"@id\":\"https:\\\/\\\/sanatate.md\\\/ro\\\/boli-si-tratament\\\/boli-masculine\\\/boala-peyronie\\\/\",\"url\":\"https:\\\/\\\/sanatate.md\\\/ro\\\/boli-si-tratament\\\/boli-masculine\\\/boala-peyronie\\\/\",\"name\":\"Boala Peyronie\",\"isPartOf\":{\"@id\":\"https:\\\/\\\/sanatate.md\\\/ro\\\/#website\"},\"datePublished\":\"2018-10-05T13:57:23+00:00\",\"dateModified\":\"2018-10-05T14:02:18+00:00\",\"description\":\"Boala Peyronie nu e o boal\u0103 foarte frecvent\u0103 \u0219i este marcat\u0103 de prezen\u021ba structurii fibroase \u00een corpurile cavernoase ale penisului masculin.\",\"breadcrumb\":{\"@id\":\"https:\\\/\\\/sanatate.md\\\/ro\\\/boli-si-tratament\\\/boli-masculine\\\/boala-peyronie\\\/#breadcrumb\"},\"inLanguage\":\"ro-RO\",\"potentialAction\":[{\"@type\":\"ReadAction\",\"target\":[\"https:\\\/\\\/sanatate.md\\\/ro\\\/boli-si-tratament\\\/boli-masculine\\\/boala-peyronie\\\/\"]}]},{\"@type\":\"BreadcrumbList\",\"@id\":\"https:\\\/\\\/sanatate.md\\\/ro\\\/boli-si-tratament\\\/boli-masculine\\\/boala-peyronie\\\/#breadcrumb\",\"itemListElement\":[{\"@type\":\"ListItem\",\"position\":1,\"name\":\"\u0413\u043b\u0430\u0432\u043d\u0430\u044f \u0441\u0442\u0440\u0430\u043d\u0438\u0446\u0430\",\"item\":\"https:\\\/\\\/sanatate.md\\\/ro\\\/\"},{\"@type\":\"ListItem\",\"position\":2,\"name\":\"Boli si tratament\",\"item\":\"https:\\\/\\\/sanatate.md\\\/ro\\\/boli-si-tratament\\\/\"},{\"@type\":\"ListItem\",\"position\":3,\"name\":\"Boli masculine\",\"item\":\"https:\\\/\\\/sanatate.md\\\/ro\\\/boli-si-tratament\\\/boli-masculine\\\/\"},{\"@type\":\"ListItem\",\"position\":4,\"name\":\"Boala Peyronie\"}]},{\"@type\":\"WebSite\",\"@id\":\"https:\\\/\\\/sanatate.md\\\/ro\\\/#website\",\"url\":\"https:\\\/\\\/sanatate.md\\\/ro\\\/\",\"name\":\"Sanatate.md\",\"description\":\"\u0416\u0443\u0440\u043d\u0430\u043b \u0434\u043b\u044f \u0432\u0441\u0435\u0439 \u0441\u0435\u043c\u044c\u0438 \u0432 \u041c\u043e\u043b\u0434\u043e\u0432\u0435\",\"publisher\":{\"@id\":\"https:\\\/\\\/sanatate.md\\\/ro\\\/#organization\"},\"potentialAction\":[{\"@type\":\"SearchAction\",\"target\":{\"@type\":\"EntryPoint\",\"urlTemplate\":\"https:\\\/\\\/sanatate.md\\\/ro\\\/?s={search_term_string}\"},\"query-input\":{\"@type\":\"PropertyValueSpecification\",\"valueRequired\":true,\"valueName\":\"search_term_string\"}}],\"inLanguage\":\"ro-RO\"},{\"@type\":\"Organization\",\"@id\":\"https:\\\/\\\/sanatate.md\\\/ro\\\/#organization\",\"name\":\"SANATATE\",\"url\":\"https:\\\/\\\/sanatate.md\\\/ro\\\/\",\"logo\":{\"@type\":\"ImageObject\",\"inLanguage\":\"ro-RO\",\"@id\":\"https:\\\/\\\/sanatate.md\\\/ro\\\/#\\\/schema\\\/logo\\\/image\\\/\",\"url\":\"https:\\\/\\\/sanatate.md\\\/wp-content\\\/uploads\\\/2022\\\/01\\\/sanatate-logo.svg\",\"contentUrl\":\"https:\\\/\\\/sanatate.md\\\/wp-content\\\/uploads\\\/2022\\\/01\\\/sanatate-logo.svg\",\"width\":\"1024\",\"height\":\"1024\",\"caption\":\"SANATATE\"},\"image\":{\"@id\":\"https:\\\/\\\/sanatate.md\\\/ro\\\/#\\\/schema\\\/logo\\\/image\\\/\"}}]}<\/script>\n<!-- \/ Yoast SEO plugin. -->","yoast_head_json":{"title":"Boala Peyronie","description":"Boala Peyronie nu e o boal\u0103 foarte frecvent\u0103 \u0219i este marcat\u0103 de prezen\u021ba structurii fibroase \u00een corpurile cavernoase ale penisului masculin.","robots":{"index":"index","follow":"follow","max-snippet":"max-snippet:-1","max-image-preview":"max-image-preview:large","max-video-preview":"max-video-preview:-1"},"canonical":"https:\/\/sanatate.md\/ro\/boli-si-tratament\/boli-masculine\/boala-peyronie\/","og_locale":"ro_RO","og_type":"article","og_title":"Boala Peyronie","og_description":"Boala Peyronie nu e o boal\u0103 foarte frecvent\u0103 \u0219i este marcat\u0103 de prezen\u021ba structurii fibroase \u00een corpurile cavernoase ale penisului masculin.","og_url":"https:\/\/sanatate.md\/ro\/boli-si-tratament\/boli-masculine\/boala-peyronie\/","og_site_name":"Sanatate.md","article_modified_time":"2018-10-05T14:02:18+00:00","twitter_card":"summary_large_image","twitter_misc":{"Timp estimat pentru citire":"2 minute"},"schema":{"@context":"https:\/\/schema.org","@graph":[{"@type":"WebPage","@id":"https:\/\/sanatate.md\/ro\/boli-si-tratament\/boli-masculine\/boala-peyronie\/","url":"https:\/\/sanatate.md\/ro\/boli-si-tratament\/boli-masculine\/boala-peyronie\/","name":"Boala Peyronie","isPartOf":{"@id":"https:\/\/sanatate.md\/ro\/#website"},"datePublished":"2018-10-05T13:57:23+00:00","dateModified":"2018-10-05T14:02:18+00:00","description":"Boala Peyronie nu e o boal\u0103 foarte frecvent\u0103 \u0219i este marcat\u0103 de prezen\u021ba structurii fibroase \u00een corpurile cavernoase ale penisului masculin.","breadcrumb":{"@id":"https:\/\/sanatate.md\/ro\/boli-si-tratament\/boli-masculine\/boala-peyronie\/#breadcrumb"},"inLanguage":"ro-RO","potentialAction":[{"@type":"ReadAction","target":["https:\/\/sanatate.md\/ro\/boli-si-tratament\/boli-masculine\/boala-peyronie\/"]}]},{"@type":"BreadcrumbList","@id":"https:\/\/sanatate.md\/ro\/boli-si-tratament\/boli-masculine\/boala-peyronie\/#breadcrumb","itemListElement":[{"@type":"ListItem","position":1,"name":"\u0413\u043b\u0430\u0432\u043d\u0430\u044f \u0441\u0442\u0440\u0430\u043d\u0438\u0446\u0430","item":"https:\/\/sanatate.md\/ro\/"},{"@type":"ListItem","position":2,"name":"Boli si tratament","item":"https:\/\/sanatate.md\/ro\/boli-si-tratament\/"},{"@type":"ListItem","position":3,"name":"Boli masculine","item":"https:\/\/sanatate.md\/ro\/boli-si-tratament\/boli-masculine\/"},{"@type":"ListItem","position":4,"name":"Boala Peyronie"}]},{"@type":"WebSite","@id":"https:\/\/sanatate.md\/ro\/#website","url":"https:\/\/sanatate.md\/ro\/","name":"Sanatate.md","description":"\u0416\u0443\u0440\u043d\u0430\u043b \u0434\u043b\u044f \u0432\u0441\u0435\u0439 \u0441\u0435\u043c\u044c\u0438 \u0432 \u041c\u043e\u043b\u0434\u043e\u0432\u0435","publisher":{"@id":"https:\/\/sanatate.md\/ro\/#organization"},"potentialAction":[{"@type":"SearchAction","target":{"@type":"EntryPoint","urlTemplate":"https:\/\/sanatate.md\/ro\/?s={search_term_string}"},"query-input":{"@type":"PropertyValueSpecification","valueRequired":true,"valueName":"search_term_string"}}],"inLanguage":"ro-RO"},{"@type":"Organization","@id":"https:\/\/sanatate.md\/ro\/#organization","name":"SANATATE","url":"https:\/\/sanatate.md\/ro\/","logo":{"@type":"ImageObject","inLanguage":"ro-RO","@id":"https:\/\/sanatate.md\/ro\/#\/schema\/logo\/image\/","url":"https:\/\/sanatate.md\/wp-content\/uploads\/2022\/01\/sanatate-logo.svg","contentUrl":"https:\/\/sanatate.md\/wp-content\/uploads\/2022\/01\/sanatate-logo.svg","width":"1024","height":"1024","caption":"SANATATE"},"image":{"@id":"https:\/\/sanatate.md\/ro\/#\/schema\/logo\/image\/"}}]}},"_links":{"self":[{"href":"https:\/\/sanatate.md\/ro\/wp-json\/wp\/v2\/pages\/66376","targetHints":{"allow":["GET"]}}],"collection":[{"href":"https:\/\/sanatate.md\/ro\/wp-json\/wp\/v2\/pages"}],"about":[{"href":"https:\/\/sanatate.md\/ro\/wp-json\/wp\/v2\/types\/page"}],"author":[{"embeddable":true,"href":"https:\/\/sanatate.md\/ro\/wp-json\/wp\/v2\/users\/28"}],"replies":[{"embeddable":true,"href":"https:\/\/sanatate.md\/ro\/wp-json\/wp\/v2\/comments?post=66376"}],"version-history":[{"count":0,"href":"https:\/\/sanatate.md\/ro\/wp-json\/wp\/v2\/pages\/66376\/revisions"}],"up":[{"embeddable":true,"href":"https:\/\/sanatate.md\/ro\/wp-json\/wp\/v2\/pages\/52970"}],"wp:attachment":[{"href":"https:\/\/sanatate.md\/ro\/wp-json\/wp\/v2\/media?parent=66376"}],"curies":[{"name":"wp","href":"https:\/\/api.w.org\/{rel}","templated":true}]}}