{"id":66384,"date":"2018-10-05T17:32:55","date_gmt":"2018-10-05T14:32:55","guid":{"rendered":"https:\/\/sanatate.md\/?page_id=66384"},"modified":"2018-10-05T17:32:55","modified_gmt":"2018-10-05T14:32:55","slug":"comotia","status":"publish","type":"page","link":"https:\/\/sanatate.md\/ro\/boli-si-tratament\/boli-ale-creierului\/comotia\/","title":{"rendered":"Como\u021bia"},"content":{"rendered":"<p>Aceast\u0103 afec\u021biune este caracterizat\u0103 ca o form\u0103 u\u0219oar\u0103 a tuturor leziunilor capului. Nu cauzeaz\u0103 modific\u0103ri ale creierului, ci doar tulbur\u0103ri func\u021bionale temporare. Se crede c\u0103 como\u021bia nu reprezint\u0103 un pericol pentru via\u021ba uman\u0103, \u00eens\u0103 necesit\u0103 un tratament \u0219i o observa\u021bie a medicului.<\/p>\n<h3>Motivele<\/h3>\n<p>Mai adesea aceast\u0103 patologie apare \u00een perioada copil\u0103riei, la adolescen\u021bi \u0219i tineri din cauza accidentelor rutiere, a v\u0103t\u0103m\u0103rilor \u00een sport \u0219i, uneori, chiar a criminalit\u0103\u021bii.<\/p>\n<p>Como\u021biile reprezint\u0103 90% din toate leziunile capului. Aceasta se datoreaz\u0103 activit\u0103\u021bii crescute a copilului \u0219i a unui nivel mic de fric\u0103 \u0219i, de asemenea, pentru c\u0103 to\u021bi copiii sunt foarte curio\u0219i. Situa\u021bia duce adesea la leziuni, nu numai legate de creier. Mecanismul de agitare este simplu: \u00een timpul unei lovituri la cap sau chiar poate c\u0103z\u00e2nd pe fese, creierul este agitat \u00een interiorul craniului sub influen\u021ba mecanicii. \u00cen acest timp, \u00een interiorul creierului apar tulbur\u0103ri ale neuronilor, spasme ale vaselor de s\u00e2nge, tulbur\u0103ri scurte ale fluxului sangvin, ceea ce duce la apari\u021bia simptomelor clinice, care vor fi diferite pentru grade diferite de severitate.<\/p>\n<h3>Gradul de como\u021bie<\/h3>\n<p>Diferen\u021bierea gradului de como\u021bie e o condi\u021bionalitate. Ele sunt determinate de timpul c\u00e2t persoana \u00een cauz\u0103 a pierdut cuno\u0219tiin\u021ba.<br \/>\nExist\u0103 3 de grade:<br \/>\ncomo\u021bie u\u0219oar\u0103 &#8211; pierderea cuno\u0219tin\u021bei timp de cel mult 5 minute, starea victimei este satisf\u0103c\u0103toare;<br \/>\ngrad moderat de como\u021bie &#8211; pacientul \u00ee\u0219i pierde cuno\u0219tin\u021ba pentru 5-10 minute, starea de severitate moderat\u0103;<br \/>\ncontuzie sever\u0103 &#8211; pierderea cuno\u0219tin\u021bei este de 15 minute sau mai mult, pacientul poate c\u0103dea \u00eentr-o com\u0103. Pacientul are nevoie de \u00eengrijire specializat\u0103 urgent\u0103.<\/p>\n<h3>Simptomele<\/h3>\n<p>Imediat dup\u0103 traum\u0103, pacientul se poate pl\u00e2nge de:<\/p>\n<ul>\n<li>v\u0103rs\u0103turi, care au fost de 1- 2 ori;<\/li>\n<li>modificarea \u00een respira\u021bie, care devine mai frecvent\u0103;<\/li>\n<li>cre\u0219terea frecven\u021bei cardiace;<\/li>\n<li>pierderi de memorie la evenimentele anterioare traumei.<\/li>\n<\/ul>\n<p>Peste un timp, aceste simptome trec. Dup\u0103 restabilirea memoriei \u0219i a cuno\u0219tin\u021bei, r\u0103m\u00e2n prezente urm\u0103toarele semne de como\u021bie:<\/p>\n<ul>\n<li>ame\u021beli;<\/li>\n<li>sl\u0103biciune general\u0103 a bra\u021belor \u0219i picioarelor;<\/li>\n<li>dureri de cap pe locul leziunii sau pe \u00eentregul cap;<\/li>\n<li>apari\u021bia gre\u021bii;<\/li>\n<li>confuzie;<\/li>\n<li>reac\u021bie crescuta la stimulan\u021bii externi &#8211; lumin\u0103, sunet;<\/li>\n<li>probleme cu tensiunea arterial\u0103.<\/li>\n<\/ul>\n<p>Deseori cauza nu este r\u0103nirea \u00eens\u0103\u0219i, ci un \u0219oc puternic \u0219i un sentiment de fric\u0103.<\/p>\n<p>Dup\u0103 examinarea neurologic\u0103, pot fi identificate urm\u0103toarele probleme:<\/p>\n<ul>\n<li>constric\u021bia sau dilatarea pupilelor, \u00een timp ce reac\u021bia la lumin\u0103 va r\u0103m\u00e2ne normal\u0103;<\/li>\n<li>o \u0219chiop\u0103tare u\u0219oar\u0103 \u00een timpul mersului sau \u00een pozi\u021bia Romberg (\u00een picioare, cu ochii \u00eenchi\u0219i \u0219i bra\u021bele \u00eentinse);<\/li>\n<li>dureri la m\u0219carea ochilor.<\/li>\n<\/ul>\n<p>Exist\u0103, de asemenea, simptome, care pot determina gradul severit\u0103\u021bii traumei:<\/p>\n<ul>\n<li>como\u021bie u\u0219oar\u0103 \u2013 simptomele nu vor fi pronun\u021bate, pierderea pe termen scurt a cuno\u0219tin\u021bei sau lipsa ei.\u00a0Trebuie s\u0103 v\u0103 consulte un doctor, iar tratamentul se face la domiciliu;<\/li>\n<li>cu severitate moderat\u0103 &#8211; simptomele vor fi mai pronun\u021bate, iar pierderea cuno\u0219tin\u021bei va fi mai lung\u0103. Este necesar s\u0103 se efectueze examin\u0103ri suplimentare pentru a exclude hematomul creierului;<\/li>\n<li>la una sever\u0103, poate fi afectat\u0103 func\u021bia respiratorie \u0219i ap\u0103rea probleme cu inima, coma, precum \u0219i principalele simptome specific cauzei.<\/li>\n<\/ul>\n<p>Oamenii adesea se \u00eentreb\u0103: &#8220;La contuzie poate s\u0103 apar\u0103 o temperatur\u0103?&#8221; Da, poate. Dar \u00een cazul dac\u0103 pacientul este \u00eentr-o stare moderat\u0103 sau sever\u0103, deoarece gradul de leziune cerebral\u0103 este mai mare \u0219i vor exista mai multe tulbur\u0103ri. Poate fi afectat centrul de termoreglare \u0219i atunci vor ap\u0103rea schimb\u0103ri \u00een temperatura corpului sau corpul poate reac\u021biona la leziune \u00een acest fel.<\/p>\n<h3>Diagnosticul como\u021biei<\/h3>\n<p>Diagnosticul devine mai u\u0219or de stabilit dac\u0103 au fost martori la incident, care ar putea spune \u00een detalii despre ce s-a \u00eent\u00e2mplat \u0219i cum s-a \u00eent\u00e2mplat. De asemenea, prezen\u021ba v\u00e2n\u0103t\u0103ilor lor sau r\u0103nilor pe cap le faciliteaz\u0103 medicilor posibilitatea de a stabili consecin\u021bele situa\u021bie.<\/p>\n<p>\u00cen plus, se face RMN cerebral, CT \u0219i raze X pentru a stabili un diagnostic diferen\u021bial cu condi\u021bii cum ar fi hematomul cerebral, hemoragia subarahnoid\u0103 \u0219i o fractur\u0103 a bazei craniului. Se efectueaz\u0103, de asemenea, o analiz\u0103 general\u0103 a s\u00e2ngelui, a urinei, dac\u0103 este necesar &#8211; biochimie, se ia s\u00e2nge pentru stabilirea prezen\u021bei stupefiantelor, test de alcool (dac\u0103 mirosul de alcool a fost prezent \u00een timpul unei examin\u0103ri obiective).<\/p>\n<h3>Tratamentul<\/h3>\n<p>Pentru \u00eenceput, pacientul este spitalizat, indiferent de gradul de severitate al traumei. Aici va fi stabilit cu mai mult\u0103 precizie diagnosticul final. Pacientul va fi sub supravegherea medicilor p\u00e2n\u0103 la 3 zile, dac\u0103 e nevoie de mai mult &#8211; medicii \u00eel vor asista.<\/p>\n<p>Se respect\u0103 regimul de pat, odihn\u0103. Pe \u00eentreaga durat\u0103 a tratamentului, pacientului I se interzice s\u0103 citeasc\u0103, s\u0103 urm\u0103reasc\u0103 emisiunile televizate, s\u0103 utilizeze telefonul, computerul.<br \/>\nAlegerea medicamentului pentru tratarea como\u021biei creierului este determinat de prezen\u021ba simptomelor (terapia simptomatic\u0103) \u0219i de folosirea neuroprotectorilor (pentru a restabili func\u021biile creierului care au fost afectate).<\/p>\n<h3>Tratamentul simptomatic:<\/h3>\n<ul>\n<li>pentru dureri de cap se iau analgezice &#8211; Solpadein, Spazmalgon, Pentalgin;<\/li>\n<li>la ame\u021beli &#8211; Platyphylline cu Papaverine, Vestibo;<\/li>\n<li>sedative \u2013de cele mai multe ori acestea sunt remedii pe baz\u0103 de plante;<\/li>\n<li>somnifere pentru a \u00eembun\u0103t\u0103\u021bi somnul \u0219i odihna;<\/li>\n<li>vitamine, dieta cu proteine \u200b\u200bdin lapte;<\/li>\n<li>la grea\u021b\u0103 sau v\u0103rs\u0103turi &#8211; Metoclopramid\u0103.<\/li>\n<\/ul>\n<p>Neuroprotectorii &#8211; Piracetam, Tiocetam, Actovegin.<\/p>\n<p>De asemenea, se prescriu medicamente pentru a \u00eembun\u0103t\u0103\u021bi circula\u021bia sanvin\u0103 \u00een creier &#8211; Trental, Cavinton.<\/p>\n<p>Primul ajutor \u00een caz de como\u021bie:<\/p>\n<ul>\n<li>a\u0219eza\u021bi pacientul pe o parte sau \u00eentoarce\u021bi \u2013I capul pe o parte pentru a preveni aspira\u021bia de vomit;<\/li>\n<li>asigura\u021bi-l cu aer curat;<\/li>\n<li>crea\u021bii condi\u021bii pentru odihn\u0103;<\/li>\n<li>nu v\u0103 \u00eendep\u0103rta\u021bi de victim\u0103, nu-i da\u021bi nimic s\u0103 bea \u0219i s\u0103 m\u0103n\u00e2nce;<\/li>\n<li>dac\u0103 exist\u0103 o v\u0103t\u0103mare vizibil\u0103 pe cap &#8211; o prelucra\u021bi \u0219i pansa\u021bi-o;<\/li>\n<li>p\u00e2n\u0103 la sosirea ambulan\u021bei nu se ia niciun medicament.<\/li>\n<\/ul>\n<h3>Consecin\u021bele contuziei<\/h3>\n<p>\u00cen cele mai multe cazuri, recuperarea pacientului este complet\u0103. Exist\u0103 unele cazuri, c\u00e2nd apar simptome astenice &#8211; concentrare sc\u0103zut\u0103, sl\u0103birea memoriei, anxietate \u0219i iritabilitate, somn deranjat, dispari\u021bia poftei de m\u00e2ncare, cefalee.<\/p>\n","protected":false},"excerpt":{"rendered":"<p>Aceast\u0103 afec\u021biune este caracterizat\u0103 ca o form\u0103 u\u0219oar\u0103 a tuturor leziunilor capului. Nu cauzeaz\u0103 modific\u0103ri ale creierului, ci doar tulbur\u0103ri func\u021bionale temporare. Se crede c\u0103 como\u021bia nu reprezint\u0103 un pericol pentru via\u021ba uman\u0103, \u00eens\u0103 necesit\u0103 un tratament \u0219i o observa\u021bie a medicului. Motivele Mai adesea aceast\u0103 patologie apare \u00een perioada copil\u0103riei, la adolescen\u021bi \u0219i tineri [&hellip;]<\/p>\n","protected":false},"author":28,"featured_media":0,"parent":53012,"menu_order":0,"comment_status":"closed","ping_status":"closed","template":"","meta":{"inline_featured_image":false,"footnotes":""},"class_list":["post-66384","page","type-page","status-publish"],"yoast_head":"<!-- This site is optimized with the Yoast SEO plugin v27.3 - https:\/\/yoast.com\/product\/yoast-seo-wordpress\/ -->\n<title>\u0421omo\u021bie<\/title>\n<meta name=\"description\" content=\"Aceast\u0103 afec\u021biune este caracterizat\u0103 ca o form\u0103 u\u0219oar\u0103 a tuturor leziunilor capului. Nu cauzeaz\u0103 modific\u0103ri ale creierului, ci doar tulbur\u0103ri func\u021bionale temporare.\" \/>\n<meta name=\"robots\" content=\"index, follow, max-snippet:-1, max-image-preview:large, max-video-preview:-1\" \/>\n<link rel=\"canonical\" href=\"https:\/\/sanatate.md\/ro\/boli-si-tratament\/boli-ale-creierului\/comotia\/\" \/>\n<meta property=\"og:locale\" content=\"ro_RO\" \/>\n<meta property=\"og:type\" content=\"article\" \/>\n<meta property=\"og:title\" content=\"\u0421omo\u021bie\" \/>\n<meta property=\"og:description\" content=\"Aceast\u0103 afec\u021biune este caracterizat\u0103 ca o form\u0103 u\u0219oar\u0103 a tuturor leziunilor capului. Nu cauzeaz\u0103 modific\u0103ri ale creierului, ci doar tulbur\u0103ri func\u021bionale temporare.\" \/>\n<meta property=\"og:url\" content=\"https:\/\/sanatate.md\/ro\/boli-si-tratament\/boli-ale-creierului\/comotia\/\" \/>\n<meta property=\"og:site_name\" content=\"Sanatate.md\" \/>\n<meta name=\"twitter:card\" content=\"summary_large_image\" \/>\n<meta name=\"twitter:label1\" content=\"Timp estimat pentru citire\" \/>\n\t<meta name=\"twitter:data1\" content=\"5 minute\" \/>\n<script type=\"application\/ld+json\" class=\"yoast-schema-graph\">{\"@context\":\"https:\\\/\\\/schema.org\",\"@graph\":[{\"@type\":\"WebPage\",\"@id\":\"https:\\\/\\\/sanatate.md\\\/ro\\\/boli-si-tratament\\\/boli-ale-creierului\\\/comotia\\\/\",\"url\":\"https:\\\/\\\/sanatate.md\\\/ro\\\/boli-si-tratament\\\/boli-ale-creierului\\\/comotia\\\/\",\"name\":\"\u0421omo\u021bie\",\"isPartOf\":{\"@id\":\"https:\\\/\\\/sanatate.md\\\/ro\\\/#website\"},\"datePublished\":\"2018-10-05T14:32:55+00:00\",\"description\":\"Aceast\u0103 afec\u021biune este caracterizat\u0103 ca o form\u0103 u\u0219oar\u0103 a tuturor leziunilor capului. Nu cauzeaz\u0103 modific\u0103ri ale creierului, ci doar tulbur\u0103ri func\u021bionale temporare.\",\"breadcrumb\":{\"@id\":\"https:\\\/\\\/sanatate.md\\\/ro\\\/boli-si-tratament\\\/boli-ale-creierului\\\/comotia\\\/#breadcrumb\"},\"inLanguage\":\"ro-RO\",\"potentialAction\":[{\"@type\":\"ReadAction\",\"target\":[\"https:\\\/\\\/sanatate.md\\\/ro\\\/boli-si-tratament\\\/boli-ale-creierului\\\/comotia\\\/\"]}]},{\"@type\":\"BreadcrumbList\",\"@id\":\"https:\\\/\\\/sanatate.md\\\/ro\\\/boli-si-tratament\\\/boli-ale-creierului\\\/comotia\\\/#breadcrumb\",\"itemListElement\":[{\"@type\":\"ListItem\",\"position\":1,\"name\":\"\u0413\u043b\u0430\u0432\u043d\u0430\u044f \u0441\u0442\u0440\u0430\u043d\u0438\u0446\u0430\",\"item\":\"https:\\\/\\\/sanatate.md\\\/ro\\\/\"},{\"@type\":\"ListItem\",\"position\":2,\"name\":\"Boli si tratament\",\"item\":\"https:\\\/\\\/sanatate.md\\\/ro\\\/boli-si-tratament\\\/\"},{\"@type\":\"ListItem\",\"position\":3,\"name\":\"Boli ale creierului\",\"item\":\"https:\\\/\\\/sanatate.md\\\/ro\\\/boli-si-tratament\\\/boli-ale-creierului\\\/\"},{\"@type\":\"ListItem\",\"position\":4,\"name\":\"Como\u021bia\"}]},{\"@type\":\"WebSite\",\"@id\":\"https:\\\/\\\/sanatate.md\\\/ro\\\/#website\",\"url\":\"https:\\\/\\\/sanatate.md\\\/ro\\\/\",\"name\":\"Sanatate.md\",\"description\":\"\u0416\u0443\u0440\u043d\u0430\u043b \u0434\u043b\u044f \u0432\u0441\u0435\u0439 \u0441\u0435\u043c\u044c\u0438 \u0432 \u041c\u043e\u043b\u0434\u043e\u0432\u0435\",\"publisher\":{\"@id\":\"https:\\\/\\\/sanatate.md\\\/ro\\\/#organization\"},\"potentialAction\":[{\"@type\":\"SearchAction\",\"target\":{\"@type\":\"EntryPoint\",\"urlTemplate\":\"https:\\\/\\\/sanatate.md\\\/ro\\\/?s={search_term_string}\"},\"query-input\":{\"@type\":\"PropertyValueSpecification\",\"valueRequired\":true,\"valueName\":\"search_term_string\"}}],\"inLanguage\":\"ro-RO\"},{\"@type\":\"Organization\",\"@id\":\"https:\\\/\\\/sanatate.md\\\/ro\\\/#organization\",\"name\":\"SANATATE\",\"url\":\"https:\\\/\\\/sanatate.md\\\/ro\\\/\",\"logo\":{\"@type\":\"ImageObject\",\"inLanguage\":\"ro-RO\",\"@id\":\"https:\\\/\\\/sanatate.md\\\/ro\\\/#\\\/schema\\\/logo\\\/image\\\/\",\"url\":\"https:\\\/\\\/sanatate.md\\\/wp-content\\\/uploads\\\/2022\\\/01\\\/sanatate-logo.svg\",\"contentUrl\":\"https:\\\/\\\/sanatate.md\\\/wp-content\\\/uploads\\\/2022\\\/01\\\/sanatate-logo.svg\",\"width\":\"1024\",\"height\":\"1024\",\"caption\":\"SANATATE\"},\"image\":{\"@id\":\"https:\\\/\\\/sanatate.md\\\/ro\\\/#\\\/schema\\\/logo\\\/image\\\/\"}}]}<\/script>\n<!-- \/ Yoast SEO plugin. -->","yoast_head_json":{"title":"\u0421omo\u021bie","description":"Aceast\u0103 afec\u021biune este caracterizat\u0103 ca o form\u0103 u\u0219oar\u0103 a tuturor leziunilor capului. Nu cauzeaz\u0103 modific\u0103ri ale creierului, ci doar tulbur\u0103ri func\u021bionale temporare.","robots":{"index":"index","follow":"follow","max-snippet":"max-snippet:-1","max-image-preview":"max-image-preview:large","max-video-preview":"max-video-preview:-1"},"canonical":"https:\/\/sanatate.md\/ro\/boli-si-tratament\/boli-ale-creierului\/comotia\/","og_locale":"ro_RO","og_type":"article","og_title":"\u0421omo\u021bie","og_description":"Aceast\u0103 afec\u021biune este caracterizat\u0103 ca o form\u0103 u\u0219oar\u0103 a tuturor leziunilor capului. Nu cauzeaz\u0103 modific\u0103ri ale creierului, ci doar tulbur\u0103ri func\u021bionale temporare.","og_url":"https:\/\/sanatate.md\/ro\/boli-si-tratament\/boli-ale-creierului\/comotia\/","og_site_name":"Sanatate.md","twitter_card":"summary_large_image","twitter_misc":{"Timp estimat pentru citire":"5 minute"},"schema":{"@context":"https:\/\/schema.org","@graph":[{"@type":"WebPage","@id":"https:\/\/sanatate.md\/ro\/boli-si-tratament\/boli-ale-creierului\/comotia\/","url":"https:\/\/sanatate.md\/ro\/boli-si-tratament\/boli-ale-creierului\/comotia\/","name":"\u0421omo\u021bie","isPartOf":{"@id":"https:\/\/sanatate.md\/ro\/#website"},"datePublished":"2018-10-05T14:32:55+00:00","description":"Aceast\u0103 afec\u021biune este caracterizat\u0103 ca o form\u0103 u\u0219oar\u0103 a tuturor leziunilor capului. Nu cauzeaz\u0103 modific\u0103ri ale creierului, ci doar tulbur\u0103ri func\u021bionale temporare.","breadcrumb":{"@id":"https:\/\/sanatate.md\/ro\/boli-si-tratament\/boli-ale-creierului\/comotia\/#breadcrumb"},"inLanguage":"ro-RO","potentialAction":[{"@type":"ReadAction","target":["https:\/\/sanatate.md\/ro\/boli-si-tratament\/boli-ale-creierului\/comotia\/"]}]},{"@type":"BreadcrumbList","@id":"https:\/\/sanatate.md\/ro\/boli-si-tratament\/boli-ale-creierului\/comotia\/#breadcrumb","itemListElement":[{"@type":"ListItem","position":1,"name":"\u0413\u043b\u0430\u0432\u043d\u0430\u044f \u0441\u0442\u0440\u0430\u043d\u0438\u0446\u0430","item":"https:\/\/sanatate.md\/ro\/"},{"@type":"ListItem","position":2,"name":"Boli si tratament","item":"https:\/\/sanatate.md\/ro\/boli-si-tratament\/"},{"@type":"ListItem","position":3,"name":"Boli ale creierului","item":"https:\/\/sanatate.md\/ro\/boli-si-tratament\/boli-ale-creierului\/"},{"@type":"ListItem","position":4,"name":"Como\u021bia"}]},{"@type":"WebSite","@id":"https:\/\/sanatate.md\/ro\/#website","url":"https:\/\/sanatate.md\/ro\/","name":"Sanatate.md","description":"\u0416\u0443\u0440\u043d\u0430\u043b \u0434\u043b\u044f \u0432\u0441\u0435\u0439 \u0441\u0435\u043c\u044c\u0438 \u0432 \u041c\u043e\u043b\u0434\u043e\u0432\u0435","publisher":{"@id":"https:\/\/sanatate.md\/ro\/#organization"},"potentialAction":[{"@type":"SearchAction","target":{"@type":"EntryPoint","urlTemplate":"https:\/\/sanatate.md\/ro\/?s={search_term_string}"},"query-input":{"@type":"PropertyValueSpecification","valueRequired":true,"valueName":"search_term_string"}}],"inLanguage":"ro-RO"},{"@type":"Organization","@id":"https:\/\/sanatate.md\/ro\/#organization","name":"SANATATE","url":"https:\/\/sanatate.md\/ro\/","logo":{"@type":"ImageObject","inLanguage":"ro-RO","@id":"https:\/\/sanatate.md\/ro\/#\/schema\/logo\/image\/","url":"https:\/\/sanatate.md\/wp-content\/uploads\/2022\/01\/sanatate-logo.svg","contentUrl":"https:\/\/sanatate.md\/wp-content\/uploads\/2022\/01\/sanatate-logo.svg","width":"1024","height":"1024","caption":"SANATATE"},"image":{"@id":"https:\/\/sanatate.md\/ro\/#\/schema\/logo\/image\/"}}]}},"_links":{"self":[{"href":"https:\/\/sanatate.md\/ro\/wp-json\/wp\/v2\/pages\/66384","targetHints":{"allow":["GET"]}}],"collection":[{"href":"https:\/\/sanatate.md\/ro\/wp-json\/wp\/v2\/pages"}],"about":[{"href":"https:\/\/sanatate.md\/ro\/wp-json\/wp\/v2\/types\/page"}],"author":[{"embeddable":true,"href":"https:\/\/sanatate.md\/ro\/wp-json\/wp\/v2\/users\/28"}],"replies":[{"embeddable":true,"href":"https:\/\/sanatate.md\/ro\/wp-json\/wp\/v2\/comments?post=66384"}],"version-history":[{"count":0,"href":"https:\/\/sanatate.md\/ro\/wp-json\/wp\/v2\/pages\/66384\/revisions"}],"up":[{"embeddable":true,"href":"https:\/\/sanatate.md\/ro\/wp-json\/wp\/v2\/pages\/53012"}],"wp:attachment":[{"href":"https:\/\/sanatate.md\/ro\/wp-json\/wp\/v2\/media?parent=66384"}],"curies":[{"name":"wp","href":"https:\/\/api.w.org\/{rel}","templated":true}]}}