{"id":66488,"date":"2018-10-09T14:45:45","date_gmt":"2018-10-09T11:45:45","guid":{"rendered":"https:\/\/sanatate.md\/?page_id=66488"},"modified":"2018-10-09T14:45:45","modified_gmt":"2018-10-09T11:45:45","slug":"infectiile-din-categoria-torch","status":"publish","type":"page","link":"https:\/\/sanatate.md\/ro\/boli-si-tratament\/boli-infectioase\/infectiile-din-categoria-torch\/","title":{"rendered":"Infec\u021biile din categoria ToRCh"},"content":{"rendered":"<p>Infec\u021biile din categoria ToRCh sunt agen\u021bii cauzali ai celor mai frecvente infec\u021bii intrauterine ca:<br \/>\n\u2022 toxoplasmoza;<br \/>\n\u2022 rubeola;<br \/>\n\u2022 infec\u021bia cu citomegalovirus;<br \/>\n\u2022 infec\u021bie cauzat\u0103 de virusul herpes simplex.<\/p>\n<p>Aceste infec\u021bii sunt destul de inofensive, dar pentru un copil care nu s-a n\u0103scut \u00eenc\u0103, acestea sunt foarte periculoase \u0219i prezint\u0103 o amenin\u021bare.<\/p>\n<h3>Particularit\u0103\u021bile infec\u021biilor din categoria ToRCh<\/h3>\n<p>Infec\u021biile din categoria ToRCh sunt periculoase pentru dezvoltarea normal\u0103 a copilului \u00een timpul sarcinii, prin urmare, \u00eenainte de planificarea conceperii, este necesar\u0103 realizarea analizei cu privire la aceast\u0103 infec\u021bie. Dac\u0103 anticorpii la aceste infec\u021bii se g\u0103sesc \u00een s\u00e2nge atunci femeia poate planifica o sarcin\u0103, dar dac\u0103 nu exist\u0103 anticorpi, concep\u021bia este am\u00e2nat\u0103 pe o perioad\u0103 oarecare \u0219i aceasta este supus\u0103 unui tratament pentru siguran\u021ba at\u00e2t a copilul nen\u0103scut,c\u00e2t \u0219i a femeii \u00eens\u0103\u0219i.<\/p>\n<p>Adesea, femeile tinere nu consider\u0103 c\u0103 infec\u021biile din categoria ToRCh sunt un motiv pentru \u00eengrijorare, iar majoritatea nici nu \u0219tiu nimic despre astfel de infec\u021bii \u0219i posibilele consecin\u021be. Astfel, este necesar s\u0103 se treac\u0103 testele c\u00e2t mai cur\u00e2nd posibil dac\u0103 femeia este deja gravid\u0103.<\/p>\n<p>Practic, toate infec\u021biile rch nu difer\u0103 \u00een simptome \u0219i nu se pot manifesta, prin urmare, testele ar trebui s\u0103 fie efectuate indiferent de starea de s\u0103n\u0103tate pentrue a ob\u021bine descifr\u0103rile complexe ale acestora.<\/p>\n<h3>Variet\u0103\u021bile infec\u021biilor ToRCh<\/h3>\n<p>1. Toxoplasmoza este o boal\u0103 care apare sub influen\u021ba unui organism simplu unicelular &#8211; Toxoplasma. Principala surs\u0103 a acestei infec\u021bii sunt pisicile. De asemenea, infec\u021bia poate fi ob\u021binut\u0103 prin intermediul m\u00e2inilor murdare \u0219i a c\u0103rnii prost prelucrate.<br \/>\nDac\u0103 o persoan\u0103 este s\u0103n\u0103toas\u0103, atunci o astfel de infec\u021bie nu reprezint\u0103 o amenin\u021bare pentru s\u0103n\u0103tatea sa, dar pentru copilul nen\u0103scut, dac\u0103 femeia a fost infectat\u0103 cu toxoplasmoz\u0103 \u0219i pentru o persoan\u0103 cu imunitate redus\u0103, boala poate avea consecin\u021be periculoase.<\/p>\n<p>Dac\u0103 o femeie \u00eenainte de sarcin\u0103 a suferit deja toxoplasmoz\u0103, atunci nici copilul, nici ea nu vor fi supu\u0219i pericolului.. Dac\u0103 diagnosticul de infec\u021bii rch a determinat prezen\u021ba toxoplasmozei la o femeie \u00eens\u0103rcinat\u0103 atunci pot ap\u0103rea complica\u021bii grave pentru copilul nen\u0103scut. Prin urmare, astfel de teste trebuie f\u0103cute \u00eenainte de concep\u021bie.<\/p>\n<p>Pentru o femeie s\u0103n\u0103toas\u0103 \u00een timpul sarcinii ar trebui de redus riscul de a contracta aceast\u0103 afec\u021biune \u0219i prin urmare se recomand\u0103 respectarea urm\u0103toarelor reguli:<\/p>\n<ul>\n<li>excluderea contactului cu pisicile;<\/li>\n<li>efectuarea corect\u0103 a prelucr\u0103rii termice a produselor din carne;<\/li>\n<li>lucrul \u00een gr\u0103din\u0103 sau livad\u0103 exclusiv \u00een m\u0103nu\u0219i;<\/li>\n<li>sp\u0103larea m\u00e2inilor c\u00e2t mai des posibil \u0219i monitorizarea igienei individuale a corpului.<\/li>\n<\/ul>\n<p>Se recomand\u0103 efectuarea unui test pentru toxoplasmoz\u0103 de mai multe ori pe \u00eentreaga perioad\u0103 a sarcinii \u0219i, dac\u0103 este posibil, \u00een acela\u0219i laborator. Faptul este c\u0103 rezultatele analizelor care se desf\u0103\u0219oar\u0103 \u00een diferite institu\u021bii, foarte des pot varia.<\/p>\n<p>2. Rubeola este o boal\u0103 din grupul de infec\u021bii ToRCh. Aceast\u0103 boal\u0103 este cunoscut\u0103 ca o boal\u0103 care afecteaz\u0103 copiii \u0219i nu reprezint\u0103 o amenin\u021bare deosebit\u0103. Persoanele care au suferit de rubeol\u0103 beneficiaz\u0103 de o imunitate suficient de stabil\u0103 deoarece oamenii se \u00eemboln\u0103vesc de asemenea boal\u0103 doar o singur\u0103 dat\u0103.<br \/>\nPentru o femeie \u00eens\u0103rcinat\u0103 rubeola este o boal\u0103 foarte periculoas\u0103 deoarece prezint\u0103 o amenin\u021bare ireparabil\u0103 pentru un copil nen\u0103scut. La etapa actual\u0103 nu exist\u0103 m\u0103suri preventive pentru rubeol\u0103 \u0219i cea mai bun\u0103 op\u021biune este vaccinarea cu c\u00e2teva luni \u00eenainte de sarcina planificat\u0103.<\/p>\n<p>3. Virusul herpes simplex \u0219i citomegalovirusul sunt virusi pu\u021bin cunoscu\u021bi din grupul infec\u021bios ToRCh. Infec\u021bia tipului de citomegalovirus este o boal\u0103 infec\u021bioas\u0103 care apare ca urmare a activit\u0103\u021bii agentului cauzator al citomegalovirusului. Pentru o persoan\u0103 s\u0103n\u0103toas\u0103 acest virus nu reprezint\u0103 o amenin\u021bare \u0219i nu prezint\u0103 anumite simptome. Pentru o persoan\u0103 cu imunitate redus\u0103 el poate avea un efect ireparabil \u0219i poate distruge toate organele \u0219i sistemele.<\/p>\n<p>O astfel de infec\u021bie este transmis\u0103 sexual, prin s\u00e2nge, \u00een timpul travaliului \u0219i al\u0103pt\u0103rii de la femeie la copil. Cytomegalovirusul are un efect negativ asupra femeii \u00eens\u0103rcinate \u0219i \u00een stadiul activ poate afecta \u00een mod semnificativ starea de s\u0103n\u0103tate a copilului. O analiz\u0103 a anticorpilor la acest agent patogen este, de asemenea, recomandat\u0103 \u00eenainte de sarcin\u0103.<br \/>\nDac\u0103 astfel de anticorpi nu au fost depista\u021bi atunci femeia trebuie supus\u0103 unui test de s\u00e2nge \u00een fiecare lun\u0103 \u0219i aceasta va permite depistarea infec\u021biei \u00een stadiul ini\u021bial. Dac\u0103 anticorpii au fost depista\u021bi, dar se dovede\u0219te c\u0103 femeia este purt\u0103toarea pasiv\u0103 a acestui virus, atunci ea trebuie s\u0103-\u0219i men\u021bin\u0103 imunitatea cu preparate speciale.<\/p>\n<p>Nu numai mama poate infecta un copil, dar \u0219i tat\u0103l, deci este recomandat s\u0103 fie testat \u0219i tata pentru tipul de infec\u021bie ToRCh dac\u0103 acesta a hot\u0103r\u00e2t s\u0103 devin\u0103 tat\u0103.<\/p>\n<p>Exist\u0103 dou\u0103 tipuri de virus herpes simplex:<br \/>\n\u2022 Primul tip afecteaz\u0103 mucoasa oral\u0103 \u0219i pielea buzelor;<br \/>\n\u2022 Cel de-al doilea tip de herpes (herpesul urogenital) se formeaz\u0103 pe organele genitale.<br \/>\nInfectarea cu herpes este posibil\u0103 \u00een astfel de cazuri:<br \/>\n\u2022 de la o persoan\u0103 bolnav\u0103 prin pic\u0103turi de aer;<br \/>\n\u2022 de la o femeie \u00eens\u0103rcinat\u0103 la un copil nen\u0103scut;<br \/>\n\u2022 prin un act sexual.<\/p>\n<p>Atunci c\u00e2nd o femeie este infectat\u0103 cu herpes \u00eenainte de sarcin\u0103, anticorpii sunt transmi\u0219i \u00eempreun\u0103 cu virusul la f\u0103t \u0219i, \u00een majoritatea cazurilor, nu reprezint\u0103 o amenin\u021bare special\u0103.<br \/>\nDac\u0103 boala apare \u00een timpul sarcinii, aceasta poate provoca apari\u021bia infec\u021biei intrauterine, care la r\u00e2ndul s\u0103u cauzeaz\u0103 complica\u021bii \u0219i consecin\u021be grave. Medicii recomand\u0103 efectuarea de teste \u0219i studii \u00een faza de planificare a unei sarcini viitoare, at\u00e2t pentru femei, c\u00e2t \u0219i pentru b\u0103rba\u021bi.<\/p>\n","protected":false},"excerpt":{"rendered":"<p>Infec\u021biile din categoria ToRCh sunt agen\u021bii cauzali ai celor mai frecvente infec\u021bii intrauterine ca: \u2022 toxoplasmoza; \u2022 rubeola; \u2022 infec\u021bia cu citomegalovirus; \u2022 infec\u021bie cauzat\u0103 de virusul herpes simplex. Aceste infec\u021bii sunt destul de inofensive, dar pentru un copil care nu s-a n\u0103scut \u00eenc\u0103, acestea sunt foarte periculoase \u0219i prezint\u0103 o amenin\u021bare. Particularit\u0103\u021bile infec\u021biilor din [&hellip;]<\/p>\n","protected":false},"author":28,"featured_media":0,"parent":43668,"menu_order":0,"comment_status":"closed","ping_status":"closed","template":"","meta":{"inline_featured_image":false,"footnotes":""},"class_list":["post-66488","page","type-page","status-publish"],"yoast_head":"<!-- This site is optimized with the Yoast SEO plugin v27.3 - https:\/\/yoast.com\/product\/yoast-seo-wordpress\/ -->\n<title>Infec\u021biile din categoria ToRCh<\/title>\n<meta name=\"description\" content=\"Aceste infec\u021bii sunt destul de inofensive, dar pentru un copil care nu s-a n\u0103scut \u00eenc\u0103, acestea sunt foarte periculoase \u0219i prezint\u0103 o amenin\u021bare.\" \/>\n<meta name=\"robots\" content=\"index, follow, max-snippet:-1, max-image-preview:large, max-video-preview:-1\" \/>\n<link rel=\"canonical\" href=\"https:\/\/sanatate.md\/ro\/boli-si-tratament\/boli-infectioase\/infectiile-din-categoria-torch\/\" \/>\n<meta property=\"og:locale\" content=\"ro_RO\" \/>\n<meta property=\"og:type\" content=\"article\" \/>\n<meta property=\"og:title\" content=\"Infec\u021biile din categoria ToRCh\" \/>\n<meta property=\"og:description\" content=\"Aceste infec\u021bii sunt destul de inofensive, dar pentru un copil care nu s-a n\u0103scut \u00eenc\u0103, acestea sunt foarte periculoase \u0219i prezint\u0103 o amenin\u021bare.\" \/>\n<meta property=\"og:url\" content=\"https:\/\/sanatate.md\/ro\/boli-si-tratament\/boli-infectioase\/infectiile-din-categoria-torch\/\" \/>\n<meta property=\"og:site_name\" content=\"Sanatate.md\" \/>\n<meta name=\"twitter:card\" content=\"summary_large_image\" \/>\n<meta name=\"twitter:label1\" content=\"Timp estimat pentru citire\" \/>\n\t<meta name=\"twitter:data1\" content=\"5 minute\" \/>\n<script type=\"application\/ld+json\" class=\"yoast-schema-graph\">{\"@context\":\"https:\\\/\\\/schema.org\",\"@graph\":[{\"@type\":\"WebPage\",\"@id\":\"https:\\\/\\\/sanatate.md\\\/ro\\\/boli-si-tratament\\\/boli-infectioase\\\/infectiile-din-categoria-torch\\\/\",\"url\":\"https:\\\/\\\/sanatate.md\\\/ro\\\/boli-si-tratament\\\/boli-infectioase\\\/infectiile-din-categoria-torch\\\/\",\"name\":\"Infec\u021biile din categoria ToRCh\",\"isPartOf\":{\"@id\":\"https:\\\/\\\/sanatate.md\\\/ro\\\/#website\"},\"datePublished\":\"2018-10-09T11:45:45+00:00\",\"description\":\"Aceste infec\u021bii sunt destul de inofensive, dar pentru un copil care nu s-a n\u0103scut \u00eenc\u0103, acestea sunt foarte periculoase \u0219i prezint\u0103 o amenin\u021bare.\",\"breadcrumb\":{\"@id\":\"https:\\\/\\\/sanatate.md\\\/ro\\\/boli-si-tratament\\\/boli-infectioase\\\/infectiile-din-categoria-torch\\\/#breadcrumb\"},\"inLanguage\":\"ro-RO\",\"potentialAction\":[{\"@type\":\"ReadAction\",\"target\":[\"https:\\\/\\\/sanatate.md\\\/ro\\\/boli-si-tratament\\\/boli-infectioase\\\/infectiile-din-categoria-torch\\\/\"]}]},{\"@type\":\"BreadcrumbList\",\"@id\":\"https:\\\/\\\/sanatate.md\\\/ro\\\/boli-si-tratament\\\/boli-infectioase\\\/infectiile-din-categoria-torch\\\/#breadcrumb\",\"itemListElement\":[{\"@type\":\"ListItem\",\"position\":1,\"name\":\"\u0413\u043b\u0430\u0432\u043d\u0430\u044f \u0441\u0442\u0440\u0430\u043d\u0438\u0446\u0430\",\"item\":\"https:\\\/\\\/sanatate.md\\\/ro\\\/\"},{\"@type\":\"ListItem\",\"position\":2,\"name\":\"Boli si tratament\",\"item\":\"https:\\\/\\\/sanatate.md\\\/ro\\\/boli-si-tratament\\\/\"},{\"@type\":\"ListItem\",\"position\":3,\"name\":\"Boli infec\u021bioase\",\"item\":\"https:\\\/\\\/sanatate.md\\\/ro\\\/boli-si-tratament\\\/boli-infectioase\\\/\"},{\"@type\":\"ListItem\",\"position\":4,\"name\":\"Infec\u021biile din categoria ToRCh\"}]},{\"@type\":\"WebSite\",\"@id\":\"https:\\\/\\\/sanatate.md\\\/ro\\\/#website\",\"url\":\"https:\\\/\\\/sanatate.md\\\/ro\\\/\",\"name\":\"Sanatate.md\",\"description\":\"\u0416\u0443\u0440\u043d\u0430\u043b \u0434\u043b\u044f \u0432\u0441\u0435\u0439 \u0441\u0435\u043c\u044c\u0438 \u0432 \u041c\u043e\u043b\u0434\u043e\u0432\u0435\",\"publisher\":{\"@id\":\"https:\\\/\\\/sanatate.md\\\/ro\\\/#organization\"},\"potentialAction\":[{\"@type\":\"SearchAction\",\"target\":{\"@type\":\"EntryPoint\",\"urlTemplate\":\"https:\\\/\\\/sanatate.md\\\/ro\\\/?s={search_term_string}\"},\"query-input\":{\"@type\":\"PropertyValueSpecification\",\"valueRequired\":true,\"valueName\":\"search_term_string\"}}],\"inLanguage\":\"ro-RO\"},{\"@type\":\"Organization\",\"@id\":\"https:\\\/\\\/sanatate.md\\\/ro\\\/#organization\",\"name\":\"SANATATE\",\"url\":\"https:\\\/\\\/sanatate.md\\\/ro\\\/\",\"logo\":{\"@type\":\"ImageObject\",\"inLanguage\":\"ro-RO\",\"@id\":\"https:\\\/\\\/sanatate.md\\\/ro\\\/#\\\/schema\\\/logo\\\/image\\\/\",\"url\":\"https:\\\/\\\/sanatate.md\\\/wp-content\\\/uploads\\\/2022\\\/01\\\/sanatate-logo.svg\",\"contentUrl\":\"https:\\\/\\\/sanatate.md\\\/wp-content\\\/uploads\\\/2022\\\/01\\\/sanatate-logo.svg\",\"width\":\"1024\",\"height\":\"1024\",\"caption\":\"SANATATE\"},\"image\":{\"@id\":\"https:\\\/\\\/sanatate.md\\\/ro\\\/#\\\/schema\\\/logo\\\/image\\\/\"}}]}<\/script>\n<!-- \/ Yoast SEO plugin. -->","yoast_head_json":{"title":"Infec\u021biile din categoria ToRCh","description":"Aceste infec\u021bii sunt destul de inofensive, dar pentru un copil care nu s-a n\u0103scut \u00eenc\u0103, acestea sunt foarte periculoase \u0219i prezint\u0103 o amenin\u021bare.","robots":{"index":"index","follow":"follow","max-snippet":"max-snippet:-1","max-image-preview":"max-image-preview:large","max-video-preview":"max-video-preview:-1"},"canonical":"https:\/\/sanatate.md\/ro\/boli-si-tratament\/boli-infectioase\/infectiile-din-categoria-torch\/","og_locale":"ro_RO","og_type":"article","og_title":"Infec\u021biile din categoria ToRCh","og_description":"Aceste infec\u021bii sunt destul de inofensive, dar pentru un copil care nu s-a n\u0103scut \u00eenc\u0103, acestea sunt foarte periculoase \u0219i prezint\u0103 o amenin\u021bare.","og_url":"https:\/\/sanatate.md\/ro\/boli-si-tratament\/boli-infectioase\/infectiile-din-categoria-torch\/","og_site_name":"Sanatate.md","twitter_card":"summary_large_image","twitter_misc":{"Timp estimat pentru citire":"5 minute"},"schema":{"@context":"https:\/\/schema.org","@graph":[{"@type":"WebPage","@id":"https:\/\/sanatate.md\/ro\/boli-si-tratament\/boli-infectioase\/infectiile-din-categoria-torch\/","url":"https:\/\/sanatate.md\/ro\/boli-si-tratament\/boli-infectioase\/infectiile-din-categoria-torch\/","name":"Infec\u021biile din categoria ToRCh","isPartOf":{"@id":"https:\/\/sanatate.md\/ro\/#website"},"datePublished":"2018-10-09T11:45:45+00:00","description":"Aceste infec\u021bii sunt destul de inofensive, dar pentru un copil care nu s-a n\u0103scut \u00eenc\u0103, acestea sunt foarte periculoase \u0219i prezint\u0103 o amenin\u021bare.","breadcrumb":{"@id":"https:\/\/sanatate.md\/ro\/boli-si-tratament\/boli-infectioase\/infectiile-din-categoria-torch\/#breadcrumb"},"inLanguage":"ro-RO","potentialAction":[{"@type":"ReadAction","target":["https:\/\/sanatate.md\/ro\/boli-si-tratament\/boli-infectioase\/infectiile-din-categoria-torch\/"]}]},{"@type":"BreadcrumbList","@id":"https:\/\/sanatate.md\/ro\/boli-si-tratament\/boli-infectioase\/infectiile-din-categoria-torch\/#breadcrumb","itemListElement":[{"@type":"ListItem","position":1,"name":"\u0413\u043b\u0430\u0432\u043d\u0430\u044f \u0441\u0442\u0440\u0430\u043d\u0438\u0446\u0430","item":"https:\/\/sanatate.md\/ro\/"},{"@type":"ListItem","position":2,"name":"Boli si tratament","item":"https:\/\/sanatate.md\/ro\/boli-si-tratament\/"},{"@type":"ListItem","position":3,"name":"Boli infec\u021bioase","item":"https:\/\/sanatate.md\/ro\/boli-si-tratament\/boli-infectioase\/"},{"@type":"ListItem","position":4,"name":"Infec\u021biile din categoria ToRCh"}]},{"@type":"WebSite","@id":"https:\/\/sanatate.md\/ro\/#website","url":"https:\/\/sanatate.md\/ro\/","name":"Sanatate.md","description":"\u0416\u0443\u0440\u043d\u0430\u043b \u0434\u043b\u044f \u0432\u0441\u0435\u0439 \u0441\u0435\u043c\u044c\u0438 \u0432 \u041c\u043e\u043b\u0434\u043e\u0432\u0435","publisher":{"@id":"https:\/\/sanatate.md\/ro\/#organization"},"potentialAction":[{"@type":"SearchAction","target":{"@type":"EntryPoint","urlTemplate":"https:\/\/sanatate.md\/ro\/?s={search_term_string}"},"query-input":{"@type":"PropertyValueSpecification","valueRequired":true,"valueName":"search_term_string"}}],"inLanguage":"ro-RO"},{"@type":"Organization","@id":"https:\/\/sanatate.md\/ro\/#organization","name":"SANATATE","url":"https:\/\/sanatate.md\/ro\/","logo":{"@type":"ImageObject","inLanguage":"ro-RO","@id":"https:\/\/sanatate.md\/ro\/#\/schema\/logo\/image\/","url":"https:\/\/sanatate.md\/wp-content\/uploads\/2022\/01\/sanatate-logo.svg","contentUrl":"https:\/\/sanatate.md\/wp-content\/uploads\/2022\/01\/sanatate-logo.svg","width":"1024","height":"1024","caption":"SANATATE"},"image":{"@id":"https:\/\/sanatate.md\/ro\/#\/schema\/logo\/image\/"}}]}},"_links":{"self":[{"href":"https:\/\/sanatate.md\/ro\/wp-json\/wp\/v2\/pages\/66488","targetHints":{"allow":["GET"]}}],"collection":[{"href":"https:\/\/sanatate.md\/ro\/wp-json\/wp\/v2\/pages"}],"about":[{"href":"https:\/\/sanatate.md\/ro\/wp-json\/wp\/v2\/types\/page"}],"author":[{"embeddable":true,"href":"https:\/\/sanatate.md\/ro\/wp-json\/wp\/v2\/users\/28"}],"replies":[{"embeddable":true,"href":"https:\/\/sanatate.md\/ro\/wp-json\/wp\/v2\/comments?post=66488"}],"version-history":[{"count":0,"href":"https:\/\/sanatate.md\/ro\/wp-json\/wp\/v2\/pages\/66488\/revisions"}],"up":[{"embeddable":true,"href":"https:\/\/sanatate.md\/ro\/wp-json\/wp\/v2\/pages\/43668"}],"wp:attachment":[{"href":"https:\/\/sanatate.md\/ro\/wp-json\/wp\/v2\/media?parent=66488"}],"curies":[{"name":"wp","href":"https:\/\/api.w.org\/{rel}","templated":true}]}}