{"id":66495,"date":"2018-10-09T15:34:37","date_gmt":"2018-10-09T12:34:37","guid":{"rendered":"https:\/\/sanatate.md\/?page_id=66495"},"modified":"2018-10-09T15:34:37","modified_gmt":"2018-10-09T12:34:37","slug":"diareea","status":"publish","type":"page","link":"https:\/\/sanatate.md\/ro\/boli-si-tratament\/boli-ale-tractului-gastro-intestinal\/diareea\/","title":{"rendered":"Diareea"},"content":{"rendered":"<p>Diareea se caracterizeaz\u0103 prin scaune frecvente lichide. De regul\u0103, deversarea este de aproximativ 300 g pe zi.<\/p>\n<p>Cauza unei atare st\u0103ri poate fi:<br \/>\n\u2022 cre\u0219terea activit\u0103\u021bii intestinale de producere a apei \u0219i a sodiului;<br \/>\n\u2022 absorb\u021bia sc\u0103zut\u0103 a apei \u0219i a electroli\u021bilor;<br \/>\n\u2022 afectarea func\u021biei motrice a sistemului digestiv;<br \/>\n\u2022 eliberarea sporit\u0103 a apei \u0219i a electroli\u021bilor \u00een lumenul intestinal.<br \/>\nCre\u0219terea secre\u021biei \u00een intestinul sub\u021bire poate fi declan\u0219at de:<br \/>\n\u2022 organisme patogene;<br \/>\n\u2022 neoplasme care elibereaz\u0103 hormoni cu reziduri de aminoacizi;<br \/>\n\u2022 boala Zollinger-Ellison;<br \/>\n\u2022 disbacterioz\u0103;<br \/>\n\u2022 malabsorb\u021bie (de exemplu, boala celiac\u0103);<br \/>\n\u2022 tumori maligne ale pancreasului \u0219i inflama\u021biile acestuia;<br \/>\n\u2022 icter mecanic;<br \/>\n\u2022 ac\u021biunea unor laxative: sulfat de magneziu, lactoz\u0103.<br \/>\nPeristaltismul intestinal este perturbat \u00een timpul dezvolt\u0103rii sindromului intestinului iritabil, dup\u0103 luarea anumitor laxative (castorca, Bisacodil). Nivelurile ridicate de ap\u0103 \u0219i electroli\u021bi provoac\u0103 eliberarea de proteine \u200b\u200b\u00een lumenul intestinal prin \u021besuturile mucoaselor deteriorate \u00een boala Crohn, tuberculoza intestinal\u0103, tumori maligne \u0219i multe alte boli.<\/p>\n<h3>Simptomele bolii<\/h3>\n<p>Scaunul devine mai frecvente , sunt mai apoase \u0219i fluide. Cu o secre\u021bie crescut\u0103 \u00een intestinul sub\u021bire, deversarea este abundent\u0103 \u0219i apoas\u0103, la diareea hiperosmolar\u0103, scaunul devine, de regul\u0103, mai frecvent \u0219i apar buc\u0103\u021bi de alimente nedigerate. Boala este caracterizat\u0103 de scaun non-abundent, frecvent \u0219i fluid. Cu diaree hiperexudativ\u0103, scaunul este lichid, apar impurit\u0103\u021bi din puroi \u0219i s\u00e2nge.<br \/>\nCompozi\u021bia fecalelor poate determina severitatea bolii, de exemplu, prezen\u021ba s\u00e2ngelui indic\u0103 defecte ale colonului, puroiului \u0219i mucusului &#8211; prezen\u021ba inflama\u021biei.<br \/>\nLa o persoan\u0103 cu dizenterie, fecalele la prima consisten\u021b\u0103 groas\u0103 devin apoi lichide, cu s\u00e2nge \u0219i mucus. La pacien\u021bii cu amoebioz\u0103, fecalele con\u021bin mucus sticlos \u0219i s\u00e2nge \u0219i seam\u0103n\u0103 cu jeleu de zmeur\u0103.<br \/>\n\u00cen pancreatita cronic\u0103, fecalele sunt grase, iar particulele de gr\u0103sime sunt vizibile.<\/p>\n<h3>Cursul bolii<\/h3>\n<p>Exper\u021bii identific\u0103 form\u0103 de diaree acut\u0103 (p\u00e2n\u0103 la dou\u0103zeci de zile) \u0219i form\u0103 cronic\u0103 (mai mult de trei s\u0103pt\u0103m\u00e2ni). Dezvoltarea formei acute provoac\u0103 boli infec\u021bioase \u0219i inflamatorii ale intestinelor (salmoneloz\u0103, dizenterie, boala Crohn, colit\u0103 ulcerativ\u0103), medicamente pe termen lung, \u00een special antibiotice \u0219i laxative.<br \/>\nForma acut\u0103 se caracterizeaz\u0103 prin intoxica\u021bie ridicat\u0103, febr\u0103, anorexie, v\u0103rs\u0103turi. Cauza diareei prelungite pe fundalul gastroenteritei acute pot fi invaziile helmintice, infec\u021biile, intestinul gros iritat \u0219i bolile neidentificate anterior (ulcere, colit\u0103 cronic\u0103).<\/p>\n<p>Forma cronic\u0103 a bolii este o manifestare a unor astfel de patologii func\u021bionale \u0219i organice precum:<br \/>\n\u2022 iritarea colonului;<br \/>\n\u2022 neoplasme intestinale;<br \/>\n\u2022 colita pe solul ulcerului;<br \/>\n\u2022 boala Crohn;<br \/>\n\u2022 sindrom de malabsorb\u021bie.<br \/>\nDiareea este \u00eenso\u021bit\u0103 de durere \u00een zona hipogastrului cu astfel de boli:<br \/>\n\u2022 diverticuloz\u0103;<br \/>\n\u2022 boala Crohn;<br \/>\n\u2022 iritarea colonului;<br \/>\n\u2022 malignitate.<\/p>\n<p>Pe fundalul pancreatitei, sindromului Zollinger-Ellison, pacientul simte durere \u00een partea superioar\u0103 a abdomenului. De regul\u0103, \u00een colita ulcerativ\u0103, diareea nu este \u00eenso\u021bit\u0103 de durere.<br \/>\nMirosul nepl\u0103cut de grea\u021b\u0103 al fecalelor, alc\u0103tuite din alimente slab digerate, tumultuoase, balonare &#8211; sunt simptome ce se reg\u0103sesc \u00een multe boli ale sistemului digestiv. Dac\u0103 diareea nu este frecvent\u0103, boala nu afecteaz\u0103 starea general\u0103 a pacientului. Diareea cronic\u0103 \u0219i prelungit\u0103 duce la dezechilibru \u00een organism, pierderea electroli\u021bilor, epuizarea cronic\u0103, deficien\u021be ale vitaminelor, modific\u0103ri patologice \u00een organele interne.<br \/>\nStudiile bacteriologice permit stabilirea cauzei bolii.<\/p>\n<h3>Tratamentul<\/h3>\n<p>Tratamentul se bazeaz\u0103 pe eliminarea cauzei, care a condus la boal\u0103. Dac\u0103 motivul este ascuns, se recomand\u0103: Creon, Mezim Forte, Festal.<br \/>\nPacientul trebuie s\u0103 urmeze o diet\u0103 strict\u0103, este interzis\u0103 utilizarea de produse care pot spori motorica func\u021bional\u0103 a intestinului.<br \/>\nPentru a restabili microflora, se prescriu preparate antibacteriene, se prefer\u0103 medicamente care nu distrug echilibrul intestinal: Intetrix, Nifuroxazide etc.<\/p>\n<p>Se recomand\u0103 medicamentele bactericide:<br \/>\n\u2022 Bifidumbacterin;<br \/>\n\u2022 Lactobacterin;<br \/>\n\u2022 Bifikol;<br \/>\n\u2022 Bakti subtil;<br \/>\n\u2022 Linex; Enterol;<br \/>\n\u2022 Flivivin BS;<br \/>\n\u2022 Hilak Forte.<\/p>\n<p>Carbonat de calciu, bismut, tanalbin sunt utilizate pentru ameliorarea simptomelor.<br \/>\nPentru tratament sunt folosite c0u succes decocturi de plante medicinale: coaja de stejar, rizomi serpentine, fructe de cire\u0219. Afinele, florile de mu\u0219e\u021bel, de arin, tinctura de Beladona au un efect astringent.<\/p>\n<p>Pacientului \u00eei sunt prescrise &#8211; Smekta, Tannakomp.<br \/>\nNo-spa \u0219i papaverina \u00eencetinesc peristaltismul intestinal, Loperamida (Imodium) este utilizat\u0103 cu succes pentru a trata diareea, este indicat pentru gastroenterit\u0103 acut\u0103 \u0219i tulbur\u0103ri de tip motor. Loperamida este administrat\u0103 \u00een 4 mg dup\u0103 apari\u021bia diareei, apoi 2 mg dup\u0103 fiecare scaun.<\/p>\n<p>\u00cen cazul deshidrat\u0103rii e necesar\u0103 o:<br \/>\n\u2022 aprovizionare intravenoas\u0103 a organismului cu ap\u0103, medicamente;<br \/>\n\u2022 solu\u021bii de dezinfectare (Citroglucosolan, Gastrolit, Regidron).<\/p>\n<p>&nbsp;<\/p>\n","protected":false},"excerpt":{"rendered":"<p>Diareea se caracterizeaz\u0103 prin scaune frecvente lichide. De regul\u0103, deversarea este de aproximativ 300 g pe zi. Cauza unei atare st\u0103ri poate fi: \u2022 cre\u0219terea activit\u0103\u021bii intestinale de producere a apei \u0219i a sodiului; \u2022 absorb\u021bia sc\u0103zut\u0103 a apei \u0219i a electroli\u021bilor; \u2022 afectarea func\u021biei motrice a sistemului digestiv; \u2022 eliberarea sporit\u0103 a apei \u0219i [&hellip;]<\/p>\n","protected":false},"author":28,"featured_media":0,"parent":52944,"menu_order":0,"comment_status":"closed","ping_status":"closed","template":"","meta":{"inline_featured_image":false,"footnotes":""},"class_list":["post-66495","page","type-page","status-publish"],"yoast_head":"<!-- This site is optimized with the Yoast SEO plugin v27.3 - https:\/\/yoast.com\/product\/yoast-seo-wordpress\/ -->\n<title>Diareea<\/title>\n<meta name=\"description\" content=\"Diareea se caracterizeaz\u0103 prin scaune frecvente lichide. De regul\u0103, deversarea este de aproximativ 300 g pe zi.\" \/>\n<meta name=\"robots\" content=\"index, follow, max-snippet:-1, max-image-preview:large, max-video-preview:-1\" \/>\n<link rel=\"canonical\" href=\"https:\/\/sanatate.md\/ro\/boli-si-tratament\/boli-ale-tractului-gastro-intestinal\/diareea\/\" \/>\n<meta property=\"og:locale\" content=\"ro_RO\" \/>\n<meta property=\"og:type\" content=\"article\" \/>\n<meta property=\"og:title\" content=\"Diareea\" \/>\n<meta property=\"og:description\" content=\"Diareea se caracterizeaz\u0103 prin scaune frecvente lichide. De regul\u0103, deversarea este de aproximativ 300 g pe zi.\" \/>\n<meta property=\"og:url\" content=\"https:\/\/sanatate.md\/ro\/boli-si-tratament\/boli-ale-tractului-gastro-intestinal\/diareea\/\" \/>\n<meta property=\"og:site_name\" content=\"Sanatate.md\" \/>\n<meta name=\"twitter:card\" content=\"summary_large_image\" \/>\n<meta name=\"twitter:label1\" content=\"Timp estimat pentru citire\" \/>\n\t<meta name=\"twitter:data1\" content=\"4 minute\" \/>\n<script type=\"application\/ld+json\" class=\"yoast-schema-graph\">{\"@context\":\"https:\\\/\\\/schema.org\",\"@graph\":[{\"@type\":\"WebPage\",\"@id\":\"https:\\\/\\\/sanatate.md\\\/ro\\\/boli-si-tratament\\\/boli-ale-tractului-gastro-intestinal\\\/diareea\\\/\",\"url\":\"https:\\\/\\\/sanatate.md\\\/ro\\\/boli-si-tratament\\\/boli-ale-tractului-gastro-intestinal\\\/diareea\\\/\",\"name\":\"Diareea\",\"isPartOf\":{\"@id\":\"https:\\\/\\\/sanatate.md\\\/ro\\\/#website\"},\"datePublished\":\"2018-10-09T12:34:37+00:00\",\"description\":\"Diareea se caracterizeaz\u0103 prin scaune frecvente lichide. De regul\u0103, deversarea este de aproximativ 300 g pe zi.\",\"breadcrumb\":{\"@id\":\"https:\\\/\\\/sanatate.md\\\/ro\\\/boli-si-tratament\\\/boli-ale-tractului-gastro-intestinal\\\/diareea\\\/#breadcrumb\"},\"inLanguage\":\"ro-RO\",\"potentialAction\":[{\"@type\":\"ReadAction\",\"target\":[\"https:\\\/\\\/sanatate.md\\\/ro\\\/boli-si-tratament\\\/boli-ale-tractului-gastro-intestinal\\\/diareea\\\/\"]}]},{\"@type\":\"BreadcrumbList\",\"@id\":\"https:\\\/\\\/sanatate.md\\\/ro\\\/boli-si-tratament\\\/boli-ale-tractului-gastro-intestinal\\\/diareea\\\/#breadcrumb\",\"itemListElement\":[{\"@type\":\"ListItem\",\"position\":1,\"name\":\"\u0413\u043b\u0430\u0432\u043d\u0430\u044f \u0441\u0442\u0440\u0430\u043d\u0438\u0446\u0430\",\"item\":\"https:\\\/\\\/sanatate.md\\\/ro\\\/\"},{\"@type\":\"ListItem\",\"position\":2,\"name\":\"Boli si tratament\",\"item\":\"https:\\\/\\\/sanatate.md\\\/ro\\\/boli-si-tratament\\\/\"},{\"@type\":\"ListItem\",\"position\":3,\"name\":\"Boli ale tractului gastro-intestinal\",\"item\":\"https:\\\/\\\/sanatate.md\\\/ro\\\/boli-si-tratament\\\/boli-ale-tractului-gastro-intestinal\\\/\"},{\"@type\":\"ListItem\",\"position\":4,\"name\":\"Diareea\"}]},{\"@type\":\"WebSite\",\"@id\":\"https:\\\/\\\/sanatate.md\\\/ro\\\/#website\",\"url\":\"https:\\\/\\\/sanatate.md\\\/ro\\\/\",\"name\":\"Sanatate.md\",\"description\":\"\u0416\u0443\u0440\u043d\u0430\u043b \u0434\u043b\u044f \u0432\u0441\u0435\u0439 \u0441\u0435\u043c\u044c\u0438 \u0432 \u041c\u043e\u043b\u0434\u043e\u0432\u0435\",\"publisher\":{\"@id\":\"https:\\\/\\\/sanatate.md\\\/ro\\\/#organization\"},\"potentialAction\":[{\"@type\":\"SearchAction\",\"target\":{\"@type\":\"EntryPoint\",\"urlTemplate\":\"https:\\\/\\\/sanatate.md\\\/ro\\\/?s={search_term_string}\"},\"query-input\":{\"@type\":\"PropertyValueSpecification\",\"valueRequired\":true,\"valueName\":\"search_term_string\"}}],\"inLanguage\":\"ro-RO\"},{\"@type\":\"Organization\",\"@id\":\"https:\\\/\\\/sanatate.md\\\/ro\\\/#organization\",\"name\":\"SANATATE\",\"url\":\"https:\\\/\\\/sanatate.md\\\/ro\\\/\",\"logo\":{\"@type\":\"ImageObject\",\"inLanguage\":\"ro-RO\",\"@id\":\"https:\\\/\\\/sanatate.md\\\/ro\\\/#\\\/schema\\\/logo\\\/image\\\/\",\"url\":\"https:\\\/\\\/sanatate.md\\\/wp-content\\\/uploads\\\/2022\\\/01\\\/sanatate-logo.svg\",\"contentUrl\":\"https:\\\/\\\/sanatate.md\\\/wp-content\\\/uploads\\\/2022\\\/01\\\/sanatate-logo.svg\",\"width\":\"1024\",\"height\":\"1024\",\"caption\":\"SANATATE\"},\"image\":{\"@id\":\"https:\\\/\\\/sanatate.md\\\/ro\\\/#\\\/schema\\\/logo\\\/image\\\/\"}}]}<\/script>\n<!-- \/ Yoast SEO plugin. -->","yoast_head_json":{"title":"Diareea","description":"Diareea se caracterizeaz\u0103 prin scaune frecvente lichide. De regul\u0103, deversarea este de aproximativ 300 g pe zi.","robots":{"index":"index","follow":"follow","max-snippet":"max-snippet:-1","max-image-preview":"max-image-preview:large","max-video-preview":"max-video-preview:-1"},"canonical":"https:\/\/sanatate.md\/ro\/boli-si-tratament\/boli-ale-tractului-gastro-intestinal\/diareea\/","og_locale":"ro_RO","og_type":"article","og_title":"Diareea","og_description":"Diareea se caracterizeaz\u0103 prin scaune frecvente lichide. De regul\u0103, deversarea este de aproximativ 300 g pe zi.","og_url":"https:\/\/sanatate.md\/ro\/boli-si-tratament\/boli-ale-tractului-gastro-intestinal\/diareea\/","og_site_name":"Sanatate.md","twitter_card":"summary_large_image","twitter_misc":{"Timp estimat pentru citire":"4 minute"},"schema":{"@context":"https:\/\/schema.org","@graph":[{"@type":"WebPage","@id":"https:\/\/sanatate.md\/ro\/boli-si-tratament\/boli-ale-tractului-gastro-intestinal\/diareea\/","url":"https:\/\/sanatate.md\/ro\/boli-si-tratament\/boli-ale-tractului-gastro-intestinal\/diareea\/","name":"Diareea","isPartOf":{"@id":"https:\/\/sanatate.md\/ro\/#website"},"datePublished":"2018-10-09T12:34:37+00:00","description":"Diareea se caracterizeaz\u0103 prin scaune frecvente lichide. De regul\u0103, deversarea este de aproximativ 300 g pe zi.","breadcrumb":{"@id":"https:\/\/sanatate.md\/ro\/boli-si-tratament\/boli-ale-tractului-gastro-intestinal\/diareea\/#breadcrumb"},"inLanguage":"ro-RO","potentialAction":[{"@type":"ReadAction","target":["https:\/\/sanatate.md\/ro\/boli-si-tratament\/boli-ale-tractului-gastro-intestinal\/diareea\/"]}]},{"@type":"BreadcrumbList","@id":"https:\/\/sanatate.md\/ro\/boli-si-tratament\/boli-ale-tractului-gastro-intestinal\/diareea\/#breadcrumb","itemListElement":[{"@type":"ListItem","position":1,"name":"\u0413\u043b\u0430\u0432\u043d\u0430\u044f \u0441\u0442\u0440\u0430\u043d\u0438\u0446\u0430","item":"https:\/\/sanatate.md\/ro\/"},{"@type":"ListItem","position":2,"name":"Boli si tratament","item":"https:\/\/sanatate.md\/ro\/boli-si-tratament\/"},{"@type":"ListItem","position":3,"name":"Boli ale tractului gastro-intestinal","item":"https:\/\/sanatate.md\/ro\/boli-si-tratament\/boli-ale-tractului-gastro-intestinal\/"},{"@type":"ListItem","position":4,"name":"Diareea"}]},{"@type":"WebSite","@id":"https:\/\/sanatate.md\/ro\/#website","url":"https:\/\/sanatate.md\/ro\/","name":"Sanatate.md","description":"\u0416\u0443\u0440\u043d\u0430\u043b \u0434\u043b\u044f \u0432\u0441\u0435\u0439 \u0441\u0435\u043c\u044c\u0438 \u0432 \u041c\u043e\u043b\u0434\u043e\u0432\u0435","publisher":{"@id":"https:\/\/sanatate.md\/ro\/#organization"},"potentialAction":[{"@type":"SearchAction","target":{"@type":"EntryPoint","urlTemplate":"https:\/\/sanatate.md\/ro\/?s={search_term_string}"},"query-input":{"@type":"PropertyValueSpecification","valueRequired":true,"valueName":"search_term_string"}}],"inLanguage":"ro-RO"},{"@type":"Organization","@id":"https:\/\/sanatate.md\/ro\/#organization","name":"SANATATE","url":"https:\/\/sanatate.md\/ro\/","logo":{"@type":"ImageObject","inLanguage":"ro-RO","@id":"https:\/\/sanatate.md\/ro\/#\/schema\/logo\/image\/","url":"https:\/\/sanatate.md\/wp-content\/uploads\/2022\/01\/sanatate-logo.svg","contentUrl":"https:\/\/sanatate.md\/wp-content\/uploads\/2022\/01\/sanatate-logo.svg","width":"1024","height":"1024","caption":"SANATATE"},"image":{"@id":"https:\/\/sanatate.md\/ro\/#\/schema\/logo\/image\/"}}]}},"_links":{"self":[{"href":"https:\/\/sanatate.md\/ro\/wp-json\/wp\/v2\/pages\/66495","targetHints":{"allow":["GET"]}}],"collection":[{"href":"https:\/\/sanatate.md\/ro\/wp-json\/wp\/v2\/pages"}],"about":[{"href":"https:\/\/sanatate.md\/ro\/wp-json\/wp\/v2\/types\/page"}],"author":[{"embeddable":true,"href":"https:\/\/sanatate.md\/ro\/wp-json\/wp\/v2\/users\/28"}],"replies":[{"embeddable":true,"href":"https:\/\/sanatate.md\/ro\/wp-json\/wp\/v2\/comments?post=66495"}],"version-history":[{"count":0,"href":"https:\/\/sanatate.md\/ro\/wp-json\/wp\/v2\/pages\/66495\/revisions"}],"up":[{"embeddable":true,"href":"https:\/\/sanatate.md\/ro\/wp-json\/wp\/v2\/pages\/52944"}],"wp:attachment":[{"href":"https:\/\/sanatate.md\/ro\/wp-json\/wp\/v2\/media?parent=66495"}],"curies":[{"name":"wp","href":"https:\/\/api.w.org\/{rel}","templated":true}]}}