{"id":66529,"date":"2018-10-10T10:41:48","date_gmt":"2018-10-10T07:41:48","guid":{"rendered":"https:\/\/sanatate.md\/?page_id=66529"},"modified":"2018-10-10T10:41:48","modified_gmt":"2018-10-10T07:41:48","slug":"micoplasmoza","status":"publish","type":"page","link":"https:\/\/sanatate.md\/ro\/boli-si-tratament\/boli-venerice\/micoplasmoza\/","title":{"rendered":"Micoplasmoza"},"content":{"rendered":"<p>Micoplasmoza mai are \u0219i denumirea de &#8220;ureaplasmoz\u0103&#8221; \u0219i se caracterizeaz\u0103 prin procese infec\u021bioase \u00een sistemul urogenital. Agen\u021bii cauzali ai acestei boli sunt microorganismele care apar\u021bin genului Mycoplasmataceae.<\/p>\n<h3>Istoria descoperirii micoplasmei \u0219i caracteristicile ei<\/h3>\n<p>Mycoplasma a fost descoperit\u0103 \u00een anii 50 ai secolului al XX-lea. Aceast\u0103 bacterie nu are perete celular. Aproximativ 100 de tipuri de micoplasme sunt cunoscute de c\u0103tre \u0219tiin\u021ba modern\u0103. \u00cen corpul uman se pot dezvolta 14 specii ale acestei bacterii. Numai unele specii pot provoca boli, printre care mycoplasma genitalium \u0219i mycoplasma hominis care sunt agen\u021bi cauzatori ai bolilor organelor pelvine.<\/p>\n<p>Toate micoplasmele, spre deosebire de alte infec\u021bii ale sistemului reproduc\u0103tor, pot afecta orice compu\u0219i \u0219i organe tisulare, inclusiv \u0219i spermatozoizii ceea ce duce la sc\u0103derea num\u0103rului sau la sporirea inactivit\u0103\u021bii lor.<\/p>\n<p>Majoritatea micoplasmelor sunt catalizatorii care accelereaz\u0103 cursul unor astfel de boli cum ar fi:<br \/>\n\u2022 infec\u021bia cu HIV;<br \/>\n\u2022 prezen\u021ba unei tumori;<br \/>\n\u2022 artrita.<\/p>\n<h3>Simptome<\/h3>\n<p>\u00cen prezen\u021ba micoplasmei \u00een organism, semnele bolii pot fi absente. O caracteristic\u0103 unic\u0103 a micoplasmelor este capacitatea lor de a se adapta \u0219i de a se masca ca compu\u0219i celulari umani, care \u00een majoritatea cazurilor nu permite sistemului imunitar s\u0103 determine prezen\u021ba unui parazit \u00een organism. Din aceast\u0103 cauz\u0103 boala evolueaz\u0103 f\u0103r\u0103 aproape nici un simptom.<\/p>\n<p>Dac\u0103 sistemul imunitar a determinat existen\u021ba micoplasmei \u00een organism atunci simptomele se vor manifesta \u00een felul urm\u0103tor:<br \/>\n\u2022 urinare frecvent\u0103 cu disconfort caracteristic;<br \/>\n\u2022 elimin\u0103ri u\u0219oare din vagin;<br \/>\n\u2022 m\u00e2nc\u0103rimi, arsuri \u00een zona organelor externe ale sistemului reproduc\u0103tor.<\/p>\n<h3>Diagnosticare<\/h3>\n<p>Bolile ca chlamydia, ureaplasmoza, micoplasmoza se caracterizeaz\u0103 printr-o perioad\u0103 de incuba\u021bie care dureaz\u0103 \u00eentre dou\u0103 \u0219i patru s\u0103pt\u0103m\u00e2ni. Apari\u021bia unor boli cum ar fi ureaplasmoza, micoplasmoza, chlamydia, trichomoniaza, nu au simptome caracteristice, prin urmare, diagnosticul originii procesului infec\u021bios ar trebui s\u0103 se bazeze numai pe metodele de diagnosticare de laborator.<\/p>\n<h3>Complica\u021bii<\/h3>\n<p>Atunci c\u00e2nd tratamentul nu este realizat la timp sau se dezvolt\u0103 progresia tardiv\u0103 a acestei boli pot ap\u0103rea asemenea complica\u021bii ca:<br \/>\n\u2022 la b\u0103rba\u021bi, testicule \u0219i prostata vor fi afectate;<br \/>\n\u2022 la femei are de suferit adnexa.<\/p>\n<h3>Ureaplasmoza \u0219i micoplasmoza: tratament<\/h3>\n<p>Bolile de ureaplasmoz\u0103, micoplasmoza trebuie tratate strict sub supravegherea unui medic \u00een condi\u021bii de sta\u021bionar deoarece aceste infec\u021bii sunt greu de recunoscut. Nu se recomand\u0103 cu fermitate auto-tratamentul bolilor precum gonoreea, ureaplasmoza, micoplasmoza, chlamydia.<\/p>\n<p>\u00cen unele cazuri micoplasma poate fi combinat\u0103 cu diferite infec\u021bii ale sistemului reproduc\u0103tor \u0219i anume din aceast\u0103 cauz\u0103 tratamentul de sinest\u0103t\u0103tor poate duce la rezultate ireversibile \u0219i poate trece \u00een o boal\u0103 cronic\u0103 ceea ce la r\u00e2ndul s\u0103u va complica \u0219i va prelungi \u00een mod semnificativ cursul tratamentului. Ureaplasmoza, micoplasmoza \u00een timpul sarcinii trebuie tratat\u0103 numai \u00eentr-o institu\u021bie medical\u0103.<\/p>\n<h3>Profilaxie<\/h3>\n<p>Pentru a preveni bolile precum ureaplazmoza, micoplasmoza, gardnereloza atunci c\u00e2nd v\u0103 schimba\u021bi partenerul sexual trebuie s\u0103 utiliza\u021bi contraceptive (de exemplu prezervativul) \u00een combina\u021bie cu utilizarea substan\u021belor dezinfectante ca:<br \/>\n\u2022 Spray-ul intim;<br \/>\n\u2022 Miramistinul<\/p>\n<p>Dup\u0103 schimbarea partenerului, dac\u0103 contracep\u021bia nu a fost utilizat\u0103, chiar dac\u0103 nu exist\u0103 anumite manifest\u0103ri, este necesar s\u0103 se efectueze o examinare aprofundat\u0103 dup\u0103 trei s\u0103pt\u0103m\u00e2ni.<br \/>\nDac\u0103 o femeie planific\u0103 o sarcin\u0103 sau este deja \u00eens\u0103rcinat\u0103, cuplul trebuie s\u0103 fie examinat \u0219i testat pentru micoplasmoz\u0103 \u00een mod obligatoriu. Dac\u0103 se confirm\u0103 mioplasmoza, tratamentul trebuie s\u0103 fie realizat de c\u0103tre ambii parteneri.<\/p>\n","protected":false},"excerpt":{"rendered":"<p>Micoplasmoza mai are \u0219i denumirea de &#8220;ureaplasmoz\u0103&#8221; \u0219i se caracterizeaz\u0103 prin procese infec\u021bioase \u00een sistemul urogenital. Agen\u021bii cauzali ai acestei boli sunt microorganismele care apar\u021bin genului Mycoplasmataceae. Istoria descoperirii micoplasmei \u0219i caracteristicile ei Mycoplasma a fost descoperit\u0103 \u00een anii 50 ai secolului al XX-lea. Aceast\u0103 bacterie nu are perete celular. Aproximativ 100 de tipuri de [&hellip;]<\/p>\n","protected":false},"author":28,"featured_media":0,"parent":43639,"menu_order":0,"comment_status":"closed","ping_status":"closed","template":"","meta":{"inline_featured_image":false,"footnotes":""},"class_list":["post-66529","page","type-page","status-publish"],"yoast_head":"<!-- This site is optimized with the Yoast SEO plugin v27.3 - https:\/\/yoast.com\/product\/yoast-seo-wordpress\/ -->\n<title>Micoplasmoza<\/title>\n<meta name=\"description\" content=\"Micoplasmoza mai are \u0219i denumirea de &quot;ureaplasmoz\u0103&quot; \u0219i se caracterizeaz\u0103 prin procese infec\u021bioase \u00een sistemul urogenital.\" \/>\n<meta name=\"robots\" content=\"index, follow, max-snippet:-1, max-image-preview:large, max-video-preview:-1\" \/>\n<link rel=\"canonical\" href=\"https:\/\/sanatate.md\/ro\/boli-si-tratament\/boli-venerice\/micoplasmoza\/\" \/>\n<meta property=\"og:locale\" content=\"ro_RO\" \/>\n<meta property=\"og:type\" content=\"article\" \/>\n<meta property=\"og:title\" content=\"Micoplasmoza\" \/>\n<meta property=\"og:description\" content=\"Micoplasmoza mai are \u0219i denumirea de &quot;ureaplasmoz\u0103&quot; \u0219i se caracterizeaz\u0103 prin procese infec\u021bioase \u00een sistemul urogenital.\" \/>\n<meta property=\"og:url\" content=\"https:\/\/sanatate.md\/ro\/boli-si-tratament\/boli-venerice\/micoplasmoza\/\" \/>\n<meta property=\"og:site_name\" content=\"Sanatate.md\" \/>\n<meta name=\"twitter:card\" content=\"summary_large_image\" \/>\n<meta name=\"twitter:label1\" content=\"Timp estimat pentru citire\" \/>\n\t<meta name=\"twitter:data1\" content=\"3 minute\" \/>\n<script type=\"application\/ld+json\" class=\"yoast-schema-graph\">{\"@context\":\"https:\\\/\\\/schema.org\",\"@graph\":[{\"@type\":\"WebPage\",\"@id\":\"https:\\\/\\\/sanatate.md\\\/ro\\\/boli-si-tratament\\\/boli-venerice\\\/micoplasmoza\\\/\",\"url\":\"https:\\\/\\\/sanatate.md\\\/ro\\\/boli-si-tratament\\\/boli-venerice\\\/micoplasmoza\\\/\",\"name\":\"Micoplasmoza\",\"isPartOf\":{\"@id\":\"https:\\\/\\\/sanatate.md\\\/ro\\\/#website\"},\"datePublished\":\"2018-10-10T07:41:48+00:00\",\"description\":\"Micoplasmoza mai are \u0219i denumirea de \\\"ureaplasmoz\u0103\\\" \u0219i se caracterizeaz\u0103 prin procese infec\u021bioase \u00een sistemul urogenital.\",\"breadcrumb\":{\"@id\":\"https:\\\/\\\/sanatate.md\\\/ro\\\/boli-si-tratament\\\/boli-venerice\\\/micoplasmoza\\\/#breadcrumb\"},\"inLanguage\":\"ro-RO\",\"potentialAction\":[{\"@type\":\"ReadAction\",\"target\":[\"https:\\\/\\\/sanatate.md\\\/ro\\\/boli-si-tratament\\\/boli-venerice\\\/micoplasmoza\\\/\"]}]},{\"@type\":\"BreadcrumbList\",\"@id\":\"https:\\\/\\\/sanatate.md\\\/ro\\\/boli-si-tratament\\\/boli-venerice\\\/micoplasmoza\\\/#breadcrumb\",\"itemListElement\":[{\"@type\":\"ListItem\",\"position\":1,\"name\":\"\u0413\u043b\u0430\u0432\u043d\u0430\u044f \u0441\u0442\u0440\u0430\u043d\u0438\u0446\u0430\",\"item\":\"https:\\\/\\\/sanatate.md\\\/ro\\\/\"},{\"@type\":\"ListItem\",\"position\":2,\"name\":\"Boli si tratament\",\"item\":\"https:\\\/\\\/sanatate.md\\\/ro\\\/boli-si-tratament\\\/\"},{\"@type\":\"ListItem\",\"position\":3,\"name\":\"Boli venerice\",\"item\":\"https:\\\/\\\/sanatate.md\\\/ro\\\/boli-si-tratament\\\/boli-venerice\\\/\"},{\"@type\":\"ListItem\",\"position\":4,\"name\":\"Micoplasmoza\"}]},{\"@type\":\"WebSite\",\"@id\":\"https:\\\/\\\/sanatate.md\\\/ro\\\/#website\",\"url\":\"https:\\\/\\\/sanatate.md\\\/ro\\\/\",\"name\":\"Sanatate.md\",\"description\":\"\u0416\u0443\u0440\u043d\u0430\u043b \u0434\u043b\u044f \u0432\u0441\u0435\u0439 \u0441\u0435\u043c\u044c\u0438 \u0432 \u041c\u043e\u043b\u0434\u043e\u0432\u0435\",\"publisher\":{\"@id\":\"https:\\\/\\\/sanatate.md\\\/ro\\\/#organization\"},\"potentialAction\":[{\"@type\":\"SearchAction\",\"target\":{\"@type\":\"EntryPoint\",\"urlTemplate\":\"https:\\\/\\\/sanatate.md\\\/ro\\\/?s={search_term_string}\"},\"query-input\":{\"@type\":\"PropertyValueSpecification\",\"valueRequired\":true,\"valueName\":\"search_term_string\"}}],\"inLanguage\":\"ro-RO\"},{\"@type\":\"Organization\",\"@id\":\"https:\\\/\\\/sanatate.md\\\/ro\\\/#organization\",\"name\":\"SANATATE\",\"url\":\"https:\\\/\\\/sanatate.md\\\/ro\\\/\",\"logo\":{\"@type\":\"ImageObject\",\"inLanguage\":\"ro-RO\",\"@id\":\"https:\\\/\\\/sanatate.md\\\/ro\\\/#\\\/schema\\\/logo\\\/image\\\/\",\"url\":\"https:\\\/\\\/sanatate.md\\\/wp-content\\\/uploads\\\/2022\\\/01\\\/sanatate-logo.svg\",\"contentUrl\":\"https:\\\/\\\/sanatate.md\\\/wp-content\\\/uploads\\\/2022\\\/01\\\/sanatate-logo.svg\",\"width\":\"1024\",\"height\":\"1024\",\"caption\":\"SANATATE\"},\"image\":{\"@id\":\"https:\\\/\\\/sanatate.md\\\/ro\\\/#\\\/schema\\\/logo\\\/image\\\/\"}}]}<\/script>\n<!-- \/ Yoast SEO plugin. -->","yoast_head_json":{"title":"Micoplasmoza","description":"Micoplasmoza mai are \u0219i denumirea de \"ureaplasmoz\u0103\" \u0219i se caracterizeaz\u0103 prin procese infec\u021bioase \u00een sistemul urogenital.","robots":{"index":"index","follow":"follow","max-snippet":"max-snippet:-1","max-image-preview":"max-image-preview:large","max-video-preview":"max-video-preview:-1"},"canonical":"https:\/\/sanatate.md\/ro\/boli-si-tratament\/boli-venerice\/micoplasmoza\/","og_locale":"ro_RO","og_type":"article","og_title":"Micoplasmoza","og_description":"Micoplasmoza mai are \u0219i denumirea de \"ureaplasmoz\u0103\" \u0219i se caracterizeaz\u0103 prin procese infec\u021bioase \u00een sistemul urogenital.","og_url":"https:\/\/sanatate.md\/ro\/boli-si-tratament\/boli-venerice\/micoplasmoza\/","og_site_name":"Sanatate.md","twitter_card":"summary_large_image","twitter_misc":{"Timp estimat pentru citire":"3 minute"},"schema":{"@context":"https:\/\/schema.org","@graph":[{"@type":"WebPage","@id":"https:\/\/sanatate.md\/ro\/boli-si-tratament\/boli-venerice\/micoplasmoza\/","url":"https:\/\/sanatate.md\/ro\/boli-si-tratament\/boli-venerice\/micoplasmoza\/","name":"Micoplasmoza","isPartOf":{"@id":"https:\/\/sanatate.md\/ro\/#website"},"datePublished":"2018-10-10T07:41:48+00:00","description":"Micoplasmoza mai are \u0219i denumirea de \"ureaplasmoz\u0103\" \u0219i se caracterizeaz\u0103 prin procese infec\u021bioase \u00een sistemul urogenital.","breadcrumb":{"@id":"https:\/\/sanatate.md\/ro\/boli-si-tratament\/boli-venerice\/micoplasmoza\/#breadcrumb"},"inLanguage":"ro-RO","potentialAction":[{"@type":"ReadAction","target":["https:\/\/sanatate.md\/ro\/boli-si-tratament\/boli-venerice\/micoplasmoza\/"]}]},{"@type":"BreadcrumbList","@id":"https:\/\/sanatate.md\/ro\/boli-si-tratament\/boli-venerice\/micoplasmoza\/#breadcrumb","itemListElement":[{"@type":"ListItem","position":1,"name":"\u0413\u043b\u0430\u0432\u043d\u0430\u044f \u0441\u0442\u0440\u0430\u043d\u0438\u0446\u0430","item":"https:\/\/sanatate.md\/ro\/"},{"@type":"ListItem","position":2,"name":"Boli si tratament","item":"https:\/\/sanatate.md\/ro\/boli-si-tratament\/"},{"@type":"ListItem","position":3,"name":"Boli venerice","item":"https:\/\/sanatate.md\/ro\/boli-si-tratament\/boli-venerice\/"},{"@type":"ListItem","position":4,"name":"Micoplasmoza"}]},{"@type":"WebSite","@id":"https:\/\/sanatate.md\/ro\/#website","url":"https:\/\/sanatate.md\/ro\/","name":"Sanatate.md","description":"\u0416\u0443\u0440\u043d\u0430\u043b \u0434\u043b\u044f \u0432\u0441\u0435\u0439 \u0441\u0435\u043c\u044c\u0438 \u0432 \u041c\u043e\u043b\u0434\u043e\u0432\u0435","publisher":{"@id":"https:\/\/sanatate.md\/ro\/#organization"},"potentialAction":[{"@type":"SearchAction","target":{"@type":"EntryPoint","urlTemplate":"https:\/\/sanatate.md\/ro\/?s={search_term_string}"},"query-input":{"@type":"PropertyValueSpecification","valueRequired":true,"valueName":"search_term_string"}}],"inLanguage":"ro-RO"},{"@type":"Organization","@id":"https:\/\/sanatate.md\/ro\/#organization","name":"SANATATE","url":"https:\/\/sanatate.md\/ro\/","logo":{"@type":"ImageObject","inLanguage":"ro-RO","@id":"https:\/\/sanatate.md\/ro\/#\/schema\/logo\/image\/","url":"https:\/\/sanatate.md\/wp-content\/uploads\/2022\/01\/sanatate-logo.svg","contentUrl":"https:\/\/sanatate.md\/wp-content\/uploads\/2022\/01\/sanatate-logo.svg","width":"1024","height":"1024","caption":"SANATATE"},"image":{"@id":"https:\/\/sanatate.md\/ro\/#\/schema\/logo\/image\/"}}]}},"_links":{"self":[{"href":"https:\/\/sanatate.md\/ro\/wp-json\/wp\/v2\/pages\/66529","targetHints":{"allow":["GET"]}}],"collection":[{"href":"https:\/\/sanatate.md\/ro\/wp-json\/wp\/v2\/pages"}],"about":[{"href":"https:\/\/sanatate.md\/ro\/wp-json\/wp\/v2\/types\/page"}],"author":[{"embeddable":true,"href":"https:\/\/sanatate.md\/ro\/wp-json\/wp\/v2\/users\/28"}],"replies":[{"embeddable":true,"href":"https:\/\/sanatate.md\/ro\/wp-json\/wp\/v2\/comments?post=66529"}],"version-history":[{"count":0,"href":"https:\/\/sanatate.md\/ro\/wp-json\/wp\/v2\/pages\/66529\/revisions"}],"up":[{"embeddable":true,"href":"https:\/\/sanatate.md\/ro\/wp-json\/wp\/v2\/pages\/43639"}],"wp:attachment":[{"href":"https:\/\/sanatate.md\/ro\/wp-json\/wp\/v2\/media?parent=66529"}],"curies":[{"name":"wp","href":"https:\/\/api.w.org\/{rel}","templated":true}]}}