{"id":66805,"date":"2018-10-16T14:32:18","date_gmt":"2018-10-16T11:32:18","guid":{"rendered":"https:\/\/sanatate.md\/?page_id=66805"},"modified":"2018-10-16T14:32:18","modified_gmt":"2018-10-16T11:32:18","slug":"dischinezie-intestinala","status":"publish","type":"page","link":"https:\/\/sanatate.md\/ro\/boli-si-tratament\/boli-ale-tractului-gastro-intestinal\/dischinezie-intestinala\/","title":{"rendered":"Dischinezie intestinal\u0103"},"content":{"rendered":"<p>Dischineziei intestinale i se mai spune: colit\u0103 spastica \u0219i sindromul intestinului iritabil. Aceast\u0103 boal\u0103 este caracterizat\u0103 prin afectarea func\u021biei motrice a colonului \u0219i a intestinului sub\u021bire, care nu sunt cauzate de leziuni de tip organic. Boala apare pe fondul durerii, tulbur\u0103rilor de func\u021bionare a intestinului, precum \u0219i a cre\u0219terii produc\u021biei de mucus.<br \/>\nAceast\u0103 afec\u021biune este diagnosticat\u0103 la 50% dintre pacien\u021bii care merg la un centru medical pentru tulbur\u0103ri digestive.<\/p>\n<h3>Cauzele<\/h3>\n<p>Cauzele dischineziei intestinale:<br \/>\n\u2022 tulbur\u0103ri neurotice;<br \/>\n\u2022 distonie vegetativ\u0103 a sistemului nervos;<br \/>\n\u2022 situa\u021bii de stres \u0219i conflicte;<br \/>\n\u2022 tulbur\u0103ri diencefalice;<br \/>\n\u2022 factor ereditar;<br \/>\n\u2022 tulbur\u0103ri endocrine.<br \/>\nDac\u0103 apar dischineziile \u00een diferite zone ale intestinului, se pot dezvolta modific\u0103ri ale tipului hiperkinetic \u0219i hipokinetic \u0219i, \u00een unele cazuri, se pot dezvolta combina\u021bii ale celor dou\u0103 tipuri.<\/p>\n<h3>Simptomatologia<\/h3>\n<p>Simptomele dischineziei intestinale:<br \/>\n1. Senza\u021bii dureroase \u00een abdomen, f\u0103r\u0103 localizare clar\u0103 pe fundalul scaunului obi\u0219nuit, cu o produc\u021bie crescut\u0103 de mucus, care apar periodic \u0219i dureaz\u0103 de la c\u00e2teva minute p\u00e2n\u0103 la dou\u0103 sau trei zile; durerea poate fi de alt\u0103 natur\u0103 &#8211; \u00een func\u021bie de sentimentul de presiune din abdomenul inferior p\u00e2n\u0103 la colicul prelungit. Un astfel de sindrom de durere este adesea confundat cu un atac de apendicit\u0103 \u0219i poate fi efectuat\u0103 interven\u021bia chirurgical\u0103.<br \/>\n2. Sunt posibile constipa\u021bii, care deseori se alterneaz\u0103 cu diaree, de obicei diminea\u021ba dup\u0103 micul dejun. \u00cen unele cazuri, \u00een fecale poate fi g\u0103sit mucus.<\/p>\n<h3>Diagnosticarea<\/h3>\n<p>Diagnosticul poate fi stabilit numai dup\u0103 excluderea bolilor de tip organic cu simptome similare. Identificarea hiperemiei mucusului colonului se face folosind endoscopia. \u00cen procesul de cercetare se constat\u0103, c\u0103 membrana colonului este acoperit\u0103 cu mucus.<br \/>\nStudiile microscopice \u0219i biochimice ale masei fecale \u00een cele mai multe cazuri nu semnaleaz\u0103 schimb\u0103ri. Spre deosebire de constipa\u021bie, \u00een cazul aceastei maladii constipa\u021bia se alterneaza cu diareea cu un adaos caracteristic de mucus. \u00cen unele cazuri, mucusul se poate separa sub form\u0103 de membrane, sindromul de durere sever\u0103 fiind foarte pronun\u021bat, uneori p\u00e2n\u0103 la atacuri de colic\u0103 intestinal\u0103.<\/p>\n<p>Se constat\u0103 de asemenea o contrac\u021bie spasmatic\u0103 a buclelor intestinale \u0219i o sensibilitate caracteristic\u0103 la palpare, iar \u00een rect nu exist\u0103 agreg\u0103ri fecale mari.<\/p>\n<h3>Tratamentul<\/h3>\n<p>Ca tratament se recomand\u0103 o diet\u0103, \u00een care alimentele s\u0103 fie digestibile. E necesar\u0103 reducerea la minimum a uniformit\u0103\u021bii alimentelor \u0219i, de asemenea, evitarea restric\u021biilor alimentare. Sunt prescrise sedative \u0219i tranchilizante:<br \/>\n\u2022 bromuri;<br \/>\n\u2022 Trioxazin;<br \/>\n\u2022 Melipramin\u0103;<br \/>\n\u2022 Diazepam;<br \/>\n\u2022 Elenium \u0219i al\u021bii.<\/p>\n<p>De asemenea se recomand\u0103:<br \/>\n\u2022 \u00eenc\u0103lzirea regiunii burtei;<br \/>\n\u2022 b\u0103i de oxigen \u0219i de conifere;<br \/>\n\u2022 \u00eempachet\u0103ri umede;<br \/>\n\u2022 diatermie;<br \/>\n\u2022 aplica\u021bii de ozocherit\u0103 pe abdomenul inferior;<br \/>\n\u2022 acupunctur\u0103.<\/p>\n<p>M\u0103suri preventive:<br \/>\n\u2022 tratamentul la timp;<br \/>\n\u2022 respectarea regimului zilei cu organizarea odihnei dup\u0103 ziua de lucru, \u00een zilele libere, \u00een vacan\u021b\u0103;<br \/>\n\u2022 activitatea fizic\u0103;<br \/>\n\u2022 sport.<\/p>\n","protected":false},"excerpt":{"rendered":"<p>Dischineziei intestinale i se mai spune: colit\u0103 spastica \u0219i sindromul intestinului iritabil. Aceast\u0103 boal\u0103 este caracterizat\u0103 prin afectarea func\u021biei motrice a colonului \u0219i a intestinului sub\u021bire, care nu sunt cauzate de leziuni de tip organic. Boala apare pe fondul durerii, tulbur\u0103rilor de func\u021bionare a intestinului, precum \u0219i a cre\u0219terii produc\u021biei de mucus. Aceast\u0103 afec\u021biune este [&hellip;]<\/p>\n","protected":false},"author":28,"featured_media":0,"parent":52944,"menu_order":0,"comment_status":"closed","ping_status":"closed","template":"","meta":{"inline_featured_image":false,"footnotes":""},"class_list":["post-66805","page","type-page","status-publish"],"yoast_head":"<!-- This site is optimized with the Yoast SEO plugin v27.3 - https:\/\/yoast.com\/product\/yoast-seo-wordpress\/ -->\n<title>Dischinezie intestinal\u0103<\/title>\n<meta name=\"description\" content=\"Aceast\u0103 boal\u0103 este caracterizat\u0103 prin afectarea func\u021biei motrice a colonului \u0219i a intestinului sub\u021bire, care nu sunt cauzate de leziuni de tip organic.\" \/>\n<meta name=\"robots\" content=\"index, follow, max-snippet:-1, max-image-preview:large, max-video-preview:-1\" \/>\n<link rel=\"canonical\" href=\"https:\/\/sanatate.md\/ro\/boli-si-tratament\/boli-ale-tractului-gastro-intestinal\/dischinezie-intestinala\/\" \/>\n<meta property=\"og:locale\" content=\"ro_RO\" \/>\n<meta property=\"og:type\" content=\"article\" \/>\n<meta property=\"og:title\" content=\"Dischinezie intestinal\u0103\" \/>\n<meta property=\"og:description\" content=\"Aceast\u0103 boal\u0103 este caracterizat\u0103 prin afectarea func\u021biei motrice a colonului \u0219i a intestinului sub\u021bire, care nu sunt cauzate de leziuni de tip organic.\" \/>\n<meta property=\"og:url\" content=\"https:\/\/sanatate.md\/ro\/boli-si-tratament\/boli-ale-tractului-gastro-intestinal\/dischinezie-intestinala\/\" \/>\n<meta property=\"og:site_name\" content=\"Sanatate.md\" \/>\n<meta name=\"twitter:card\" content=\"summary_large_image\" \/>\n<meta name=\"twitter:label1\" content=\"Timp estimat pentru citire\" \/>\n\t<meta name=\"twitter:data1\" content=\"2 minute\" \/>\n<script type=\"application\/ld+json\" class=\"yoast-schema-graph\">{\"@context\":\"https:\\\/\\\/schema.org\",\"@graph\":[{\"@type\":\"WebPage\",\"@id\":\"https:\\\/\\\/sanatate.md\\\/ro\\\/boli-si-tratament\\\/boli-ale-tractului-gastro-intestinal\\\/dischinezie-intestinala\\\/\",\"url\":\"https:\\\/\\\/sanatate.md\\\/ro\\\/boli-si-tratament\\\/boli-ale-tractului-gastro-intestinal\\\/dischinezie-intestinala\\\/\",\"name\":\"Dischinezie intestinal\u0103\",\"isPartOf\":{\"@id\":\"https:\\\/\\\/sanatate.md\\\/ro\\\/#website\"},\"datePublished\":\"2018-10-16T11:32:18+00:00\",\"description\":\"Aceast\u0103 boal\u0103 este caracterizat\u0103 prin afectarea func\u021biei motrice a colonului \u0219i a intestinului sub\u021bire, care nu sunt cauzate de leziuni de tip organic.\",\"breadcrumb\":{\"@id\":\"https:\\\/\\\/sanatate.md\\\/ro\\\/boli-si-tratament\\\/boli-ale-tractului-gastro-intestinal\\\/dischinezie-intestinala\\\/#breadcrumb\"},\"inLanguage\":\"ro-RO\",\"potentialAction\":[{\"@type\":\"ReadAction\",\"target\":[\"https:\\\/\\\/sanatate.md\\\/ro\\\/boli-si-tratament\\\/boli-ale-tractului-gastro-intestinal\\\/dischinezie-intestinala\\\/\"]}]},{\"@type\":\"BreadcrumbList\",\"@id\":\"https:\\\/\\\/sanatate.md\\\/ro\\\/boli-si-tratament\\\/boli-ale-tractului-gastro-intestinal\\\/dischinezie-intestinala\\\/#breadcrumb\",\"itemListElement\":[{\"@type\":\"ListItem\",\"position\":1,\"name\":\"\u0413\u043b\u0430\u0432\u043d\u0430\u044f \u0441\u0442\u0440\u0430\u043d\u0438\u0446\u0430\",\"item\":\"https:\\\/\\\/sanatate.md\\\/ro\\\/\"},{\"@type\":\"ListItem\",\"position\":2,\"name\":\"Boli si tratament\",\"item\":\"https:\\\/\\\/sanatate.md\\\/ro\\\/boli-si-tratament\\\/\"},{\"@type\":\"ListItem\",\"position\":3,\"name\":\"Boli ale tractului gastro-intestinal\",\"item\":\"https:\\\/\\\/sanatate.md\\\/ro\\\/boli-si-tratament\\\/boli-ale-tractului-gastro-intestinal\\\/\"},{\"@type\":\"ListItem\",\"position\":4,\"name\":\"Dischinezie intestinal\u0103\"}]},{\"@type\":\"WebSite\",\"@id\":\"https:\\\/\\\/sanatate.md\\\/ro\\\/#website\",\"url\":\"https:\\\/\\\/sanatate.md\\\/ro\\\/\",\"name\":\"Sanatate.md\",\"description\":\"\u0416\u0443\u0440\u043d\u0430\u043b \u0434\u043b\u044f \u0432\u0441\u0435\u0439 \u0441\u0435\u043c\u044c\u0438 \u0432 \u041c\u043e\u043b\u0434\u043e\u0432\u0435\",\"publisher\":{\"@id\":\"https:\\\/\\\/sanatate.md\\\/ro\\\/#organization\"},\"potentialAction\":[{\"@type\":\"SearchAction\",\"target\":{\"@type\":\"EntryPoint\",\"urlTemplate\":\"https:\\\/\\\/sanatate.md\\\/ro\\\/?s={search_term_string}\"},\"query-input\":{\"@type\":\"PropertyValueSpecification\",\"valueRequired\":true,\"valueName\":\"search_term_string\"}}],\"inLanguage\":\"ro-RO\"},{\"@type\":\"Organization\",\"@id\":\"https:\\\/\\\/sanatate.md\\\/ro\\\/#organization\",\"name\":\"SANATATE\",\"url\":\"https:\\\/\\\/sanatate.md\\\/ro\\\/\",\"logo\":{\"@type\":\"ImageObject\",\"inLanguage\":\"ro-RO\",\"@id\":\"https:\\\/\\\/sanatate.md\\\/ro\\\/#\\\/schema\\\/logo\\\/image\\\/\",\"url\":\"https:\\\/\\\/sanatate.md\\\/wp-content\\\/uploads\\\/2022\\\/01\\\/sanatate-logo.svg\",\"contentUrl\":\"https:\\\/\\\/sanatate.md\\\/wp-content\\\/uploads\\\/2022\\\/01\\\/sanatate-logo.svg\",\"width\":\"1024\",\"height\":\"1024\",\"caption\":\"SANATATE\"},\"image\":{\"@id\":\"https:\\\/\\\/sanatate.md\\\/ro\\\/#\\\/schema\\\/logo\\\/image\\\/\"}}]}<\/script>\n<!-- \/ Yoast SEO plugin. -->","yoast_head_json":{"title":"Dischinezie intestinal\u0103","description":"Aceast\u0103 boal\u0103 este caracterizat\u0103 prin afectarea func\u021biei motrice a colonului \u0219i a intestinului sub\u021bire, care nu sunt cauzate de leziuni de tip organic.","robots":{"index":"index","follow":"follow","max-snippet":"max-snippet:-1","max-image-preview":"max-image-preview:large","max-video-preview":"max-video-preview:-1"},"canonical":"https:\/\/sanatate.md\/ro\/boli-si-tratament\/boli-ale-tractului-gastro-intestinal\/dischinezie-intestinala\/","og_locale":"ro_RO","og_type":"article","og_title":"Dischinezie intestinal\u0103","og_description":"Aceast\u0103 boal\u0103 este caracterizat\u0103 prin afectarea func\u021biei motrice a colonului \u0219i a intestinului sub\u021bire, care nu sunt cauzate de leziuni de tip organic.","og_url":"https:\/\/sanatate.md\/ro\/boli-si-tratament\/boli-ale-tractului-gastro-intestinal\/dischinezie-intestinala\/","og_site_name":"Sanatate.md","twitter_card":"summary_large_image","twitter_misc":{"Timp estimat pentru citire":"2 minute"},"schema":{"@context":"https:\/\/schema.org","@graph":[{"@type":"WebPage","@id":"https:\/\/sanatate.md\/ro\/boli-si-tratament\/boli-ale-tractului-gastro-intestinal\/dischinezie-intestinala\/","url":"https:\/\/sanatate.md\/ro\/boli-si-tratament\/boli-ale-tractului-gastro-intestinal\/dischinezie-intestinala\/","name":"Dischinezie intestinal\u0103","isPartOf":{"@id":"https:\/\/sanatate.md\/ro\/#website"},"datePublished":"2018-10-16T11:32:18+00:00","description":"Aceast\u0103 boal\u0103 este caracterizat\u0103 prin afectarea func\u021biei motrice a colonului \u0219i a intestinului sub\u021bire, care nu sunt cauzate de leziuni de tip organic.","breadcrumb":{"@id":"https:\/\/sanatate.md\/ro\/boli-si-tratament\/boli-ale-tractului-gastro-intestinal\/dischinezie-intestinala\/#breadcrumb"},"inLanguage":"ro-RO","potentialAction":[{"@type":"ReadAction","target":["https:\/\/sanatate.md\/ro\/boli-si-tratament\/boli-ale-tractului-gastro-intestinal\/dischinezie-intestinala\/"]}]},{"@type":"BreadcrumbList","@id":"https:\/\/sanatate.md\/ro\/boli-si-tratament\/boli-ale-tractului-gastro-intestinal\/dischinezie-intestinala\/#breadcrumb","itemListElement":[{"@type":"ListItem","position":1,"name":"\u0413\u043b\u0430\u0432\u043d\u0430\u044f \u0441\u0442\u0440\u0430\u043d\u0438\u0446\u0430","item":"https:\/\/sanatate.md\/ro\/"},{"@type":"ListItem","position":2,"name":"Boli si tratament","item":"https:\/\/sanatate.md\/ro\/boli-si-tratament\/"},{"@type":"ListItem","position":3,"name":"Boli ale tractului gastro-intestinal","item":"https:\/\/sanatate.md\/ro\/boli-si-tratament\/boli-ale-tractului-gastro-intestinal\/"},{"@type":"ListItem","position":4,"name":"Dischinezie intestinal\u0103"}]},{"@type":"WebSite","@id":"https:\/\/sanatate.md\/ro\/#website","url":"https:\/\/sanatate.md\/ro\/","name":"Sanatate.md","description":"\u0416\u0443\u0440\u043d\u0430\u043b \u0434\u043b\u044f \u0432\u0441\u0435\u0439 \u0441\u0435\u043c\u044c\u0438 \u0432 \u041c\u043e\u043b\u0434\u043e\u0432\u0435","publisher":{"@id":"https:\/\/sanatate.md\/ro\/#organization"},"potentialAction":[{"@type":"SearchAction","target":{"@type":"EntryPoint","urlTemplate":"https:\/\/sanatate.md\/ro\/?s={search_term_string}"},"query-input":{"@type":"PropertyValueSpecification","valueRequired":true,"valueName":"search_term_string"}}],"inLanguage":"ro-RO"},{"@type":"Organization","@id":"https:\/\/sanatate.md\/ro\/#organization","name":"SANATATE","url":"https:\/\/sanatate.md\/ro\/","logo":{"@type":"ImageObject","inLanguage":"ro-RO","@id":"https:\/\/sanatate.md\/ro\/#\/schema\/logo\/image\/","url":"https:\/\/sanatate.md\/wp-content\/uploads\/2022\/01\/sanatate-logo.svg","contentUrl":"https:\/\/sanatate.md\/wp-content\/uploads\/2022\/01\/sanatate-logo.svg","width":"1024","height":"1024","caption":"SANATATE"},"image":{"@id":"https:\/\/sanatate.md\/ro\/#\/schema\/logo\/image\/"}}]}},"_links":{"self":[{"href":"https:\/\/sanatate.md\/ro\/wp-json\/wp\/v2\/pages\/66805","targetHints":{"allow":["GET"]}}],"collection":[{"href":"https:\/\/sanatate.md\/ro\/wp-json\/wp\/v2\/pages"}],"about":[{"href":"https:\/\/sanatate.md\/ro\/wp-json\/wp\/v2\/types\/page"}],"author":[{"embeddable":true,"href":"https:\/\/sanatate.md\/ro\/wp-json\/wp\/v2\/users\/28"}],"replies":[{"embeddable":true,"href":"https:\/\/sanatate.md\/ro\/wp-json\/wp\/v2\/comments?post=66805"}],"version-history":[{"count":0,"href":"https:\/\/sanatate.md\/ro\/wp-json\/wp\/v2\/pages\/66805\/revisions"}],"up":[{"embeddable":true,"href":"https:\/\/sanatate.md\/ro\/wp-json\/wp\/v2\/pages\/52944"}],"wp:attachment":[{"href":"https:\/\/sanatate.md\/ro\/wp-json\/wp\/v2\/media?parent=66805"}],"curies":[{"name":"wp","href":"https:\/\/api.w.org\/{rel}","templated":true}]}}