{"id":66809,"date":"2018-10-16T14:42:21","date_gmt":"2018-10-16T11:42:21","guid":{"rendered":"https:\/\/sanatate.md\/?page_id=66809"},"modified":"2018-10-16T14:42:21","modified_gmt":"2018-10-16T11:42:21","slug":"sciatica","status":"publish","type":"page","link":"https:\/\/sanatate.md\/ro\/boli-si-tratament\/boli-neurologice\/sciatica\/","title":{"rendered":"Sciatica"},"content":{"rendered":"<p>Sciatica este o durere, care este asociat\u0103 cu v\u0103t\u0103marea sau iritarea unui nerv sciatic. Nervul sciatic este cel mai mare nerv din corpul uman, care \u00eencepe la cinci nivele ale m\u0103duvei spin\u0103rii \u00een coloana lombar\u0103, apoi coboar\u0103 la extremitatea inferioar\u0103, se \u00eemparte \u00een mici \u00eencheieturi nervoase, care deservesc \u0219oldul, genunchiul, gamba, articula\u021bia gleznei, talpa \u0219i degetele membrelor inferioare.<\/p>\n<h3>Speciile<\/h3>\n<p>Sciatica &#8211; inflama\u021bia nervului sciatic &#8211; e de urm\u0103toarele tipuri:<br \/>\n\u2022 sciatica superioar\u0103 &#8211; caracterizat\u0103 prin leziunea cordonului \u0219i partea extra dual\u0103 a coloanei vertebrale;<br \/>\n\u2022 sciatica mijlocie &#8211; caracterizat\u0103 prin boala plexului;<br \/>\n\u2022 sciatica inferioar\u0103 &#8211; caracterizat\u0103 prin deteriorarea nervului sciatic.<\/p>\n<p>Cauzele sciatice:<br \/>\n\u2022 hipotermie;<br \/>\n\u2022 osteohondroz\u0103;<br \/>\n\u2022 procese de deformare \u00een discurile intervertebrale;<br \/>\n\u2022 spondiloz\u0103;<br \/>\n\u2022 artrit\u0103;<br \/>\n\u2022 procese degenerative ale discurilor intervertebrale;<br \/>\n\u2022 diabetul;<br \/>\n\u2022 traume;<br \/>\n\u2022 constipa\u021bie;<br \/>\n\u2022 sarcini pe coloana vertebral\u0103.<\/p>\n<p>\u00cen timpul sarcinii sciatica apare ca urmare a unei cre\u0219teri a uterului, care \u00eencepe s\u0103 apese mai multe organe interne, inclusiv nervul sciatic.<\/p>\n<h3>Simptomele<\/h3>\n<p>Spre deosebire de alte forme de durere \u00een spate, sciatica difer\u0103 prin faptul c\u0103 o omul are doi nervi sciatici, iar sindromul durerii este de obicei observat \u00eentr-unul. Durerea are caracterul \u0219ocurilor electrice. Este posibil s\u0103 existe \u0219i o senza\u021bie de arsur\u0103 la membrele inferioare sau o senza\u021bie caracteristic\u0103 de furnic\u0103turi. Severitatea durerii se poate manifesta at\u00e2t \u00een \u200b\u200bform\u0103 u\u0219oar\u0103, c\u00e2t \u0219i mai intens\u0103. Unii pacien\u021bi au durere numai \u00eentr-o singur\u0103 zon\u0103 a piciorului, iar amor\u021beal\u0103 cu senza\u021bii de furnic\u0103turi&#8211; \u00eentr-o alt\u0103 parte a aceluia\u0219i picior. \u00cen unele cazuri, se poate sim\u021bi \u0219i o sl\u0103biciune muscular\u0103.<\/p>\n<h3>Tratamentul<\/h3>\n<p>Tratament este medicamentos cu preparate anti-inflamatorii, care ajut\u0103 la ameliorarea durerii. De asemenea, se iau unguente pentru sciatic\u0103. E binevenit un masaj pentru sciatic\u0103 \u0219i, uneori, se aplic\u0103 \u0219i injec\u021bii pentru sciatic\u0103.<br \/>\nPentru tratament este recomandat\u0103 gimnastica curativ\u0103. Exerci\u021biile pentru sciatic\u0103 vor oferi o oportunitate de a relaxa nervul sciatic, de a \u00eembun\u0103t\u0103\u021bi metabolismul \u0219i de a accelera procesul de recuperare.<\/p>\n","protected":false},"excerpt":{"rendered":"<p>Sciatica este o durere, care este asociat\u0103 cu v\u0103t\u0103marea sau iritarea unui nerv sciatic. Nervul sciatic este cel mai mare nerv din corpul uman, care \u00eencepe la cinci nivele ale m\u0103duvei spin\u0103rii \u00een coloana lombar\u0103, apoi coboar\u0103 la extremitatea inferioar\u0103, se \u00eemparte \u00een mici \u00eencheieturi nervoase, care deservesc \u0219oldul, genunchiul, gamba, articula\u021bia gleznei, talpa \u0219i [&hellip;]<\/p>\n","protected":false},"author":28,"featured_media":0,"parent":52978,"menu_order":0,"comment_status":"closed","ping_status":"closed","template":"","meta":{"inline_featured_image":false,"footnotes":""},"class_list":["post-66809","page","type-page","status-publish"],"yoast_head":"<!-- This site is optimized with the Yoast SEO plugin v27.3 - https:\/\/yoast.com\/product\/yoast-seo-wordpress\/ -->\n<title>Sciatica<\/title>\n<meta name=\"description\" content=\"Sciatica este o durere, care este asociat\u0103 cu v\u0103t\u0103marea sau iritarea unui nerv sciatic. Nervul sciatic este cel mai mare nerv din corpul uman\" \/>\n<meta name=\"robots\" content=\"index, follow, max-snippet:-1, max-image-preview:large, max-video-preview:-1\" \/>\n<link rel=\"canonical\" href=\"https:\/\/sanatate.md\/ro\/boli-si-tratament\/boli-neurologice\/sciatica\/\" \/>\n<meta property=\"og:locale\" content=\"ro_RO\" \/>\n<meta property=\"og:type\" content=\"article\" \/>\n<meta property=\"og:title\" content=\"Sciatica\" \/>\n<meta property=\"og:description\" content=\"Sciatica este o durere, care este asociat\u0103 cu v\u0103t\u0103marea sau iritarea unui nerv sciatic. Nervul sciatic este cel mai mare nerv din corpul uman\" \/>\n<meta property=\"og:url\" content=\"https:\/\/sanatate.md\/ro\/boli-si-tratament\/boli-neurologice\/sciatica\/\" \/>\n<meta property=\"og:site_name\" content=\"Sanatate.md\" \/>\n<meta name=\"twitter:card\" content=\"summary_large_image\" \/>\n<meta name=\"twitter:label1\" content=\"Timp estimat pentru citire\" \/>\n\t<meta name=\"twitter:data1\" content=\"2 minute\" \/>\n<script type=\"application\/ld+json\" class=\"yoast-schema-graph\">{\"@context\":\"https:\\\/\\\/schema.org\",\"@graph\":[{\"@type\":\"WebPage\",\"@id\":\"https:\\\/\\\/sanatate.md\\\/ro\\\/boli-si-tratament\\\/boli-neurologice\\\/sciatica\\\/\",\"url\":\"https:\\\/\\\/sanatate.md\\\/ro\\\/boli-si-tratament\\\/boli-neurologice\\\/sciatica\\\/\",\"name\":\"Sciatica\",\"isPartOf\":{\"@id\":\"https:\\\/\\\/sanatate.md\\\/ro\\\/#website\"},\"datePublished\":\"2018-10-16T11:42:21+00:00\",\"description\":\"Sciatica este o durere, care este asociat\u0103 cu v\u0103t\u0103marea sau iritarea unui nerv sciatic. Nervul sciatic este cel mai mare nerv din corpul uman\",\"breadcrumb\":{\"@id\":\"https:\\\/\\\/sanatate.md\\\/ro\\\/boli-si-tratament\\\/boli-neurologice\\\/sciatica\\\/#breadcrumb\"},\"inLanguage\":\"ro-RO\",\"potentialAction\":[{\"@type\":\"ReadAction\",\"target\":[\"https:\\\/\\\/sanatate.md\\\/ro\\\/boli-si-tratament\\\/boli-neurologice\\\/sciatica\\\/\"]}]},{\"@type\":\"BreadcrumbList\",\"@id\":\"https:\\\/\\\/sanatate.md\\\/ro\\\/boli-si-tratament\\\/boli-neurologice\\\/sciatica\\\/#breadcrumb\",\"itemListElement\":[{\"@type\":\"ListItem\",\"position\":1,\"name\":\"\u0413\u043b\u0430\u0432\u043d\u0430\u044f \u0441\u0442\u0440\u0430\u043d\u0438\u0446\u0430\",\"item\":\"https:\\\/\\\/sanatate.md\\\/ro\\\/\"},{\"@type\":\"ListItem\",\"position\":2,\"name\":\"Boli si tratament\",\"item\":\"https:\\\/\\\/sanatate.md\\\/ro\\\/boli-si-tratament\\\/\"},{\"@type\":\"ListItem\",\"position\":3,\"name\":\"Boli neurologice\",\"item\":\"https:\\\/\\\/sanatate.md\\\/ro\\\/boli-si-tratament\\\/boli-neurologice\\\/\"},{\"@type\":\"ListItem\",\"position\":4,\"name\":\"Sciatica\"}]},{\"@type\":\"WebSite\",\"@id\":\"https:\\\/\\\/sanatate.md\\\/ro\\\/#website\",\"url\":\"https:\\\/\\\/sanatate.md\\\/ro\\\/\",\"name\":\"Sanatate.md\",\"description\":\"\u0416\u0443\u0440\u043d\u0430\u043b \u0434\u043b\u044f \u0432\u0441\u0435\u0439 \u0441\u0435\u043c\u044c\u0438 \u0432 \u041c\u043e\u043b\u0434\u043e\u0432\u0435\",\"publisher\":{\"@id\":\"https:\\\/\\\/sanatate.md\\\/ro\\\/#organization\"},\"potentialAction\":[{\"@type\":\"SearchAction\",\"target\":{\"@type\":\"EntryPoint\",\"urlTemplate\":\"https:\\\/\\\/sanatate.md\\\/ro\\\/?s={search_term_string}\"},\"query-input\":{\"@type\":\"PropertyValueSpecification\",\"valueRequired\":true,\"valueName\":\"search_term_string\"}}],\"inLanguage\":\"ro-RO\"},{\"@type\":\"Organization\",\"@id\":\"https:\\\/\\\/sanatate.md\\\/ro\\\/#organization\",\"name\":\"SANATATE\",\"url\":\"https:\\\/\\\/sanatate.md\\\/ro\\\/\",\"logo\":{\"@type\":\"ImageObject\",\"inLanguage\":\"ro-RO\",\"@id\":\"https:\\\/\\\/sanatate.md\\\/ro\\\/#\\\/schema\\\/logo\\\/image\\\/\",\"url\":\"https:\\\/\\\/sanatate.md\\\/wp-content\\\/uploads\\\/2022\\\/01\\\/sanatate-logo.svg\",\"contentUrl\":\"https:\\\/\\\/sanatate.md\\\/wp-content\\\/uploads\\\/2022\\\/01\\\/sanatate-logo.svg\",\"width\":\"1024\",\"height\":\"1024\",\"caption\":\"SANATATE\"},\"image\":{\"@id\":\"https:\\\/\\\/sanatate.md\\\/ro\\\/#\\\/schema\\\/logo\\\/image\\\/\"}}]}<\/script>\n<!-- \/ Yoast SEO plugin. -->","yoast_head_json":{"title":"Sciatica","description":"Sciatica este o durere, care este asociat\u0103 cu v\u0103t\u0103marea sau iritarea unui nerv sciatic. Nervul sciatic este cel mai mare nerv din corpul uman","robots":{"index":"index","follow":"follow","max-snippet":"max-snippet:-1","max-image-preview":"max-image-preview:large","max-video-preview":"max-video-preview:-1"},"canonical":"https:\/\/sanatate.md\/ro\/boli-si-tratament\/boli-neurologice\/sciatica\/","og_locale":"ro_RO","og_type":"article","og_title":"Sciatica","og_description":"Sciatica este o durere, care este asociat\u0103 cu v\u0103t\u0103marea sau iritarea unui nerv sciatic. Nervul sciatic este cel mai mare nerv din corpul uman","og_url":"https:\/\/sanatate.md\/ro\/boli-si-tratament\/boli-neurologice\/sciatica\/","og_site_name":"Sanatate.md","twitter_card":"summary_large_image","twitter_misc":{"Timp estimat pentru citire":"2 minute"},"schema":{"@context":"https:\/\/schema.org","@graph":[{"@type":"WebPage","@id":"https:\/\/sanatate.md\/ro\/boli-si-tratament\/boli-neurologice\/sciatica\/","url":"https:\/\/sanatate.md\/ro\/boli-si-tratament\/boli-neurologice\/sciatica\/","name":"Sciatica","isPartOf":{"@id":"https:\/\/sanatate.md\/ro\/#website"},"datePublished":"2018-10-16T11:42:21+00:00","description":"Sciatica este o durere, care este asociat\u0103 cu v\u0103t\u0103marea sau iritarea unui nerv sciatic. Nervul sciatic este cel mai mare nerv din corpul uman","breadcrumb":{"@id":"https:\/\/sanatate.md\/ro\/boli-si-tratament\/boli-neurologice\/sciatica\/#breadcrumb"},"inLanguage":"ro-RO","potentialAction":[{"@type":"ReadAction","target":["https:\/\/sanatate.md\/ro\/boli-si-tratament\/boli-neurologice\/sciatica\/"]}]},{"@type":"BreadcrumbList","@id":"https:\/\/sanatate.md\/ro\/boli-si-tratament\/boli-neurologice\/sciatica\/#breadcrumb","itemListElement":[{"@type":"ListItem","position":1,"name":"\u0413\u043b\u0430\u0432\u043d\u0430\u044f \u0441\u0442\u0440\u0430\u043d\u0438\u0446\u0430","item":"https:\/\/sanatate.md\/ro\/"},{"@type":"ListItem","position":2,"name":"Boli si tratament","item":"https:\/\/sanatate.md\/ro\/boli-si-tratament\/"},{"@type":"ListItem","position":3,"name":"Boli neurologice","item":"https:\/\/sanatate.md\/ro\/boli-si-tratament\/boli-neurologice\/"},{"@type":"ListItem","position":4,"name":"Sciatica"}]},{"@type":"WebSite","@id":"https:\/\/sanatate.md\/ro\/#website","url":"https:\/\/sanatate.md\/ro\/","name":"Sanatate.md","description":"\u0416\u0443\u0440\u043d\u0430\u043b \u0434\u043b\u044f \u0432\u0441\u0435\u0439 \u0441\u0435\u043c\u044c\u0438 \u0432 \u041c\u043e\u043b\u0434\u043e\u0432\u0435","publisher":{"@id":"https:\/\/sanatate.md\/ro\/#organization"},"potentialAction":[{"@type":"SearchAction","target":{"@type":"EntryPoint","urlTemplate":"https:\/\/sanatate.md\/ro\/?s={search_term_string}"},"query-input":{"@type":"PropertyValueSpecification","valueRequired":true,"valueName":"search_term_string"}}],"inLanguage":"ro-RO"},{"@type":"Organization","@id":"https:\/\/sanatate.md\/ro\/#organization","name":"SANATATE","url":"https:\/\/sanatate.md\/ro\/","logo":{"@type":"ImageObject","inLanguage":"ro-RO","@id":"https:\/\/sanatate.md\/ro\/#\/schema\/logo\/image\/","url":"https:\/\/sanatate.md\/wp-content\/uploads\/2022\/01\/sanatate-logo.svg","contentUrl":"https:\/\/sanatate.md\/wp-content\/uploads\/2022\/01\/sanatate-logo.svg","width":"1024","height":"1024","caption":"SANATATE"},"image":{"@id":"https:\/\/sanatate.md\/ro\/#\/schema\/logo\/image\/"}}]}},"_links":{"self":[{"href":"https:\/\/sanatate.md\/ro\/wp-json\/wp\/v2\/pages\/66809","targetHints":{"allow":["GET"]}}],"collection":[{"href":"https:\/\/sanatate.md\/ro\/wp-json\/wp\/v2\/pages"}],"about":[{"href":"https:\/\/sanatate.md\/ro\/wp-json\/wp\/v2\/types\/page"}],"author":[{"embeddable":true,"href":"https:\/\/sanatate.md\/ro\/wp-json\/wp\/v2\/users\/28"}],"replies":[{"embeddable":true,"href":"https:\/\/sanatate.md\/ro\/wp-json\/wp\/v2\/comments?post=66809"}],"version-history":[{"count":0,"href":"https:\/\/sanatate.md\/ro\/wp-json\/wp\/v2\/pages\/66809\/revisions"}],"up":[{"embeddable":true,"href":"https:\/\/sanatate.md\/ro\/wp-json\/wp\/v2\/pages\/52978"}],"wp:attachment":[{"href":"https:\/\/sanatate.md\/ro\/wp-json\/wp\/v2\/media?parent=66809"}],"curies":[{"name":"wp","href":"https:\/\/api.w.org\/{rel}","templated":true}]}}