{"id":66813,"date":"2018-10-16T14:50:24","date_gmt":"2018-10-16T11:50:24","guid":{"rendered":"https:\/\/sanatate.md\/?page_id=66813"},"modified":"2018-10-16T14:50:24","modified_gmt":"2018-10-16T11:50:24","slug":"opisthotonus","status":"publish","type":"page","link":"https:\/\/sanatate.md\/ro\/boli-si-tratament\/boli-neurologice\/opisthotonus\/","title":{"rendered":"Opisthotonus"},"content":{"rendered":"<p>Opisthotonus se manifest\u0103 ca spasm prelungit al mu\u0219chilor spatelui, duc\u00e2nd la pozi\u021bia de arc de cerc a acestuia. Aceast\u0103 boal\u0103 este o expresie extrem\u0103 a rigidit\u0103\u021bii de tip decerebra\u021bi.<\/p>\n<h3>Cauzele<\/h3>\n<p>Aceast\u0103 boal\u0103 poate ap\u0103rea \u00een cazurile:<br \/>\n\u2022 opisthoton cu tetanos; \u2022 opisthotonusul la nou-n\u0103scu\u021bi se manifest\u0103 prin paralizie cu leziuni la nivelul creierului mijlociu, podului sau altor patologii din creier;<br \/>\n\u2022 leucodistrofie.<br \/>\n\u00cen cele mai multe cazuri starea convulsiv\u0103 se men\u021bine pentru o lung\u0103 perioad\u0103.<\/p>\n<h3>Simptomatologia<\/h3>\n<p>Un simptom caracteristic al opisthotonului este pozi\u021bia corpului pacientului.<br \/>\nOpisthotonus: cauzele \u0219i tratamentul depind de boal\u0103, pe fondul c\u0103ruia au ap\u0103rut simptomele acestei boli.<\/p>\n<h3>Tratamentul<\/h3>\n<p>\u00cen cazurile de manifestare acut\u0103 a opistotonului, pentru a evita apari\u021bia paraliziei activit\u0103\u021bii respiratorii conform semnelor vitale, este necesar\u0103 internarea urgent\u0103 \u00een departamentul de resuscitare neurochirurgie pentru a elimina compresia creierului \u0219i dislocarea trunchiului s\u0103u.<\/p>\n","protected":false},"excerpt":{"rendered":"<p>Opisthotonus se manifest\u0103 ca spasm prelungit al mu\u0219chilor spatelui, duc\u00e2nd la pozi\u021bia de arc de cerc a acestuia. Aceast\u0103 boal\u0103 este o expresie extrem\u0103 a rigidit\u0103\u021bii de tip decerebra\u021bi. Cauzele Aceast\u0103 boal\u0103 poate ap\u0103rea \u00een cazurile: \u2022 opisthoton cu tetanos; \u2022 opisthotonusul la nou-n\u0103scu\u021bi se manifest\u0103 prin paralizie cu leziuni la nivelul creierului mijlociu, podului [&hellip;]<\/p>\n","protected":false},"author":28,"featured_media":0,"parent":52978,"menu_order":0,"comment_status":"closed","ping_status":"closed","template":"","meta":{"inline_featured_image":false,"footnotes":""},"class_list":["post-66813","page","type-page","status-publish"],"yoast_head":"<!-- This site is optimized with the Yoast SEO plugin v27.3 - https:\/\/yoast.com\/product\/yoast-seo-wordpress\/ -->\n<title>Opisthotonus<\/title>\n<meta name=\"description\" content=\"Opisthotonus se manifest\u0103 ca spasm prelungit al mu\u0219chilor spatelui, duc\u00e2nd la pozi\u021bia de arc de cerc a acestuia.\" \/>\n<meta name=\"robots\" content=\"index, follow, max-snippet:-1, max-image-preview:large, max-video-preview:-1\" \/>\n<link rel=\"canonical\" href=\"https:\/\/sanatate.md\/ro\/boli-si-tratament\/boli-neurologice\/opisthotonus\/\" \/>\n<meta property=\"og:locale\" content=\"ro_RO\" \/>\n<meta property=\"og:type\" content=\"article\" \/>\n<meta property=\"og:title\" content=\"Opisthotonus\" \/>\n<meta property=\"og:description\" content=\"Opisthotonus se manifest\u0103 ca spasm prelungit al mu\u0219chilor spatelui, duc\u00e2nd la pozi\u021bia de arc de cerc a acestuia.\" \/>\n<meta property=\"og:url\" content=\"https:\/\/sanatate.md\/ro\/boli-si-tratament\/boli-neurologice\/opisthotonus\/\" \/>\n<meta property=\"og:site_name\" content=\"Sanatate.md\" \/>\n<meta name=\"twitter:card\" content=\"summary_large_image\" \/>\n<meta name=\"twitter:label1\" content=\"Timp estimat pentru citire\" \/>\n\t<meta name=\"twitter:data1\" content=\"1 minut\" \/>\n<script type=\"application\/ld+json\" class=\"yoast-schema-graph\">{\"@context\":\"https:\\\/\\\/schema.org\",\"@graph\":[{\"@type\":\"WebPage\",\"@id\":\"https:\\\/\\\/sanatate.md\\\/ro\\\/boli-si-tratament\\\/boli-neurologice\\\/opisthotonus\\\/\",\"url\":\"https:\\\/\\\/sanatate.md\\\/ro\\\/boli-si-tratament\\\/boli-neurologice\\\/opisthotonus\\\/\",\"name\":\"Opisthotonus\",\"isPartOf\":{\"@id\":\"https:\\\/\\\/sanatate.md\\\/ro\\\/#website\"},\"datePublished\":\"2018-10-16T11:50:24+00:00\",\"description\":\"Opisthotonus se manifest\u0103 ca spasm prelungit al mu\u0219chilor spatelui, duc\u00e2nd la pozi\u021bia de arc de cerc a acestuia.\",\"breadcrumb\":{\"@id\":\"https:\\\/\\\/sanatate.md\\\/ro\\\/boli-si-tratament\\\/boli-neurologice\\\/opisthotonus\\\/#breadcrumb\"},\"inLanguage\":\"ro-RO\",\"potentialAction\":[{\"@type\":\"ReadAction\",\"target\":[\"https:\\\/\\\/sanatate.md\\\/ro\\\/boli-si-tratament\\\/boli-neurologice\\\/opisthotonus\\\/\"]}]},{\"@type\":\"BreadcrumbList\",\"@id\":\"https:\\\/\\\/sanatate.md\\\/ro\\\/boli-si-tratament\\\/boli-neurologice\\\/opisthotonus\\\/#breadcrumb\",\"itemListElement\":[{\"@type\":\"ListItem\",\"position\":1,\"name\":\"\u0413\u043b\u0430\u0432\u043d\u0430\u044f \u0441\u0442\u0440\u0430\u043d\u0438\u0446\u0430\",\"item\":\"https:\\\/\\\/sanatate.md\\\/ro\\\/\"},{\"@type\":\"ListItem\",\"position\":2,\"name\":\"Boli si tratament\",\"item\":\"https:\\\/\\\/sanatate.md\\\/ro\\\/boli-si-tratament\\\/\"},{\"@type\":\"ListItem\",\"position\":3,\"name\":\"Boli neurologice\",\"item\":\"https:\\\/\\\/sanatate.md\\\/ro\\\/boli-si-tratament\\\/boli-neurologice\\\/\"},{\"@type\":\"ListItem\",\"position\":4,\"name\":\"Opisthotonus\"}]},{\"@type\":\"WebSite\",\"@id\":\"https:\\\/\\\/sanatate.md\\\/ro\\\/#website\",\"url\":\"https:\\\/\\\/sanatate.md\\\/ro\\\/\",\"name\":\"Sanatate.md\",\"description\":\"\u0416\u0443\u0440\u043d\u0430\u043b \u0434\u043b\u044f \u0432\u0441\u0435\u0439 \u0441\u0435\u043c\u044c\u0438 \u0432 \u041c\u043e\u043b\u0434\u043e\u0432\u0435\",\"publisher\":{\"@id\":\"https:\\\/\\\/sanatate.md\\\/ro\\\/#organization\"},\"potentialAction\":[{\"@type\":\"SearchAction\",\"target\":{\"@type\":\"EntryPoint\",\"urlTemplate\":\"https:\\\/\\\/sanatate.md\\\/ro\\\/?s={search_term_string}\"},\"query-input\":{\"@type\":\"PropertyValueSpecification\",\"valueRequired\":true,\"valueName\":\"search_term_string\"}}],\"inLanguage\":\"ro-RO\"},{\"@type\":\"Organization\",\"@id\":\"https:\\\/\\\/sanatate.md\\\/ro\\\/#organization\",\"name\":\"SANATATE\",\"url\":\"https:\\\/\\\/sanatate.md\\\/ro\\\/\",\"logo\":{\"@type\":\"ImageObject\",\"inLanguage\":\"ro-RO\",\"@id\":\"https:\\\/\\\/sanatate.md\\\/ro\\\/#\\\/schema\\\/logo\\\/image\\\/\",\"url\":\"https:\\\/\\\/sanatate.md\\\/wp-content\\\/uploads\\\/2022\\\/01\\\/sanatate-logo.svg\",\"contentUrl\":\"https:\\\/\\\/sanatate.md\\\/wp-content\\\/uploads\\\/2022\\\/01\\\/sanatate-logo.svg\",\"width\":\"1024\",\"height\":\"1024\",\"caption\":\"SANATATE\"},\"image\":{\"@id\":\"https:\\\/\\\/sanatate.md\\\/ro\\\/#\\\/schema\\\/logo\\\/image\\\/\"}}]}<\/script>\n<!-- \/ Yoast SEO plugin. -->","yoast_head_json":{"title":"Opisthotonus","description":"Opisthotonus se manifest\u0103 ca spasm prelungit al mu\u0219chilor spatelui, duc\u00e2nd la pozi\u021bia de arc de cerc a acestuia.","robots":{"index":"index","follow":"follow","max-snippet":"max-snippet:-1","max-image-preview":"max-image-preview:large","max-video-preview":"max-video-preview:-1"},"canonical":"https:\/\/sanatate.md\/ro\/boli-si-tratament\/boli-neurologice\/opisthotonus\/","og_locale":"ro_RO","og_type":"article","og_title":"Opisthotonus","og_description":"Opisthotonus se manifest\u0103 ca spasm prelungit al mu\u0219chilor spatelui, duc\u00e2nd la pozi\u021bia de arc de cerc a acestuia.","og_url":"https:\/\/sanatate.md\/ro\/boli-si-tratament\/boli-neurologice\/opisthotonus\/","og_site_name":"Sanatate.md","twitter_card":"summary_large_image","twitter_misc":{"Timp estimat pentru citire":"1 minut"},"schema":{"@context":"https:\/\/schema.org","@graph":[{"@type":"WebPage","@id":"https:\/\/sanatate.md\/ro\/boli-si-tratament\/boli-neurologice\/opisthotonus\/","url":"https:\/\/sanatate.md\/ro\/boli-si-tratament\/boli-neurologice\/opisthotonus\/","name":"Opisthotonus","isPartOf":{"@id":"https:\/\/sanatate.md\/ro\/#website"},"datePublished":"2018-10-16T11:50:24+00:00","description":"Opisthotonus se manifest\u0103 ca spasm prelungit al mu\u0219chilor spatelui, duc\u00e2nd la pozi\u021bia de arc de cerc a acestuia.","breadcrumb":{"@id":"https:\/\/sanatate.md\/ro\/boli-si-tratament\/boli-neurologice\/opisthotonus\/#breadcrumb"},"inLanguage":"ro-RO","potentialAction":[{"@type":"ReadAction","target":["https:\/\/sanatate.md\/ro\/boli-si-tratament\/boli-neurologice\/opisthotonus\/"]}]},{"@type":"BreadcrumbList","@id":"https:\/\/sanatate.md\/ro\/boli-si-tratament\/boli-neurologice\/opisthotonus\/#breadcrumb","itemListElement":[{"@type":"ListItem","position":1,"name":"\u0413\u043b\u0430\u0432\u043d\u0430\u044f \u0441\u0442\u0440\u0430\u043d\u0438\u0446\u0430","item":"https:\/\/sanatate.md\/ro\/"},{"@type":"ListItem","position":2,"name":"Boli si tratament","item":"https:\/\/sanatate.md\/ro\/boli-si-tratament\/"},{"@type":"ListItem","position":3,"name":"Boli neurologice","item":"https:\/\/sanatate.md\/ro\/boli-si-tratament\/boli-neurologice\/"},{"@type":"ListItem","position":4,"name":"Opisthotonus"}]},{"@type":"WebSite","@id":"https:\/\/sanatate.md\/ro\/#website","url":"https:\/\/sanatate.md\/ro\/","name":"Sanatate.md","description":"\u0416\u0443\u0440\u043d\u0430\u043b \u0434\u043b\u044f \u0432\u0441\u0435\u0439 \u0441\u0435\u043c\u044c\u0438 \u0432 \u041c\u043e\u043b\u0434\u043e\u0432\u0435","publisher":{"@id":"https:\/\/sanatate.md\/ro\/#organization"},"potentialAction":[{"@type":"SearchAction","target":{"@type":"EntryPoint","urlTemplate":"https:\/\/sanatate.md\/ro\/?s={search_term_string}"},"query-input":{"@type":"PropertyValueSpecification","valueRequired":true,"valueName":"search_term_string"}}],"inLanguage":"ro-RO"},{"@type":"Organization","@id":"https:\/\/sanatate.md\/ro\/#organization","name":"SANATATE","url":"https:\/\/sanatate.md\/ro\/","logo":{"@type":"ImageObject","inLanguage":"ro-RO","@id":"https:\/\/sanatate.md\/ro\/#\/schema\/logo\/image\/","url":"https:\/\/sanatate.md\/wp-content\/uploads\/2022\/01\/sanatate-logo.svg","contentUrl":"https:\/\/sanatate.md\/wp-content\/uploads\/2022\/01\/sanatate-logo.svg","width":"1024","height":"1024","caption":"SANATATE"},"image":{"@id":"https:\/\/sanatate.md\/ro\/#\/schema\/logo\/image\/"}}]}},"_links":{"self":[{"href":"https:\/\/sanatate.md\/ro\/wp-json\/wp\/v2\/pages\/66813","targetHints":{"allow":["GET"]}}],"collection":[{"href":"https:\/\/sanatate.md\/ro\/wp-json\/wp\/v2\/pages"}],"about":[{"href":"https:\/\/sanatate.md\/ro\/wp-json\/wp\/v2\/types\/page"}],"author":[{"embeddable":true,"href":"https:\/\/sanatate.md\/ro\/wp-json\/wp\/v2\/users\/28"}],"replies":[{"embeddable":true,"href":"https:\/\/sanatate.md\/ro\/wp-json\/wp\/v2\/comments?post=66813"}],"version-history":[{"count":0,"href":"https:\/\/sanatate.md\/ro\/wp-json\/wp\/v2\/pages\/66813\/revisions"}],"up":[{"embeddable":true,"href":"https:\/\/sanatate.md\/ro\/wp-json\/wp\/v2\/pages\/52978"}],"wp:attachment":[{"href":"https:\/\/sanatate.md\/ro\/wp-json\/wp\/v2\/media?parent=66813"}],"curies":[{"name":"wp","href":"https:\/\/api.w.org\/{rel}","templated":true}]}}