{"id":66934,"date":"2018-10-18T15:18:09","date_gmt":"2018-10-18T12:18:09","guid":{"rendered":"https:\/\/sanatate.md\/?page_id=66934"},"modified":"2018-10-18T15:18:09","modified_gmt":"2018-10-18T12:18:09","slug":"menopauza","status":"publish","type":"page","link":"https:\/\/sanatate.md\/ro\/boli-si-tratament\/boli-ale-femeilor\/menopauza\/","title":{"rendered":"Menopauza"},"content":{"rendered":"<p>Menopauza nu este o boal\u0103, este un fenomen fiziologic \u00eent\u00e2lnit la toate femeile. Din punct de vedere etimologic, termenul \u201emenopauz\u0103\u201d \u00ee\u015fi are originea \u00een limba greac\u0103 (menos=hemoragie, pausa=sf\u00e2r\u015fit) definin\u00e2nd finalul menstrua\u0163iei.<\/p>\n<h3>Cauzele<\/h3>\n<p>Din punct de vedere fiziologic, menopauza se caracterizeaz\u0103 printr-o deficien\u0163\u0103 permanent\u0103 \u015fi ireversibil\u0103 de hormoni estrogeni.<br \/>\nOvarele refuz\u0103 s\u0103 r\u0103spund\u0103 la hormoni produ\u0219i de glanda pituitara, este o \u00eenc\u0103lcare a ciclului menstrual, scade \u0219i apoi dispare posibilitatea de fertilizare, \u0219i c\u0103 rezultatul final conduce la o \u00eencetare complet\u0103 a menstruatiei si menopauza.<\/p>\n<p>Perioada de menopauz\u0103<br \/>\nExper\u021bii identific\u0103 perioadele:<br \/>\n\u2022 premenopauza;<br \/>\n\u2022 menopauza;<br \/>\n\u2022 perimenopauza;<br \/>\n\u2022 postmenopauza.<br \/>\nProcesul de \u00eemb\u0103tr\u00e2nire a reproducerii este destul de lung: dup\u0103 treizeci \u0219i cinci de ani, cu mult \u00eenainte de menopauz\u0103, fertilitatea femeii scade &#8211; acesta este \u00eenceputul menopauzei, de\u0219i menopauza \u00eencepe mult mai t\u00e2rziu, dup\u0103 cincisprezece &#8211; dou\u0103zeci de ani. Probabil debutul precoce al menopauzei \u0219i apari\u021bia simptomelor precoce ale sindromului de menopauz\u0103 \u00een cazul unei deficien\u021be pronun\u021bate de estrogen.<\/p>\n<h3>Simptomele afec\u021biunii<\/h3>\n<p>Primele semne ale st\u0103rii climaterice sunt tulbur\u0103ri de natur\u0103 vascular\u0103: se manifest\u0103 printr-o senza\u0163ie brutal\u0103 de c\u0103ldur\u0103 la nivelul por\u0163iunii superioare a corpului (cap, g\u00e2t, torace), \u00eenso\u0163it\u0103 de transpira\u0163ii abundente \u015fi ro\u015fea\u0163\u0103. Bufeurile se asociaz\u0103 cu o senza\u0163ie de sufocare \u015fi produc o stare marcat\u0103 de discomfort. Exist\u0103 ame\u021beli \u0219i zgomote \u00een urechi.<br \/>\nAceste semne pot s\u0103 apar\u0103 indiferent de ora din zi \u0219i s\u0103 dureze c\u00e2teva secunde sau minute. Uneori ele apar ca urmare a excita\u021biei, a defec\u021biunilor nervoase sau a suprasolicit\u0103rii. Semnele de menopauz\u0103 pot constitui o \u00eenc\u0103lcare a naturii neuropsihice, manifestat\u0103 prin femeile dezechilibrate, care sunt \u00eensp\u0103im\u00e2ntate de abordarea v\u00e2rstei \u00eenaintate, de schimb\u0103rile de aspect, ca urmare a faptului c\u0103 o femeie \u00ee\u0219i poate pierde fosta atractivitate.<\/p>\n<h3>Semnele caracteristice<\/h3>\n<p>\u00cen majoritatea cazurilor menopauza este \u00eenso\u021bit\u0103 de tulbur\u0103ri endocrine: func\u021biile glandei tiroide, glandele suprarenale, procesele metabolice etc. sunt, \u00een general, perturbate. Func\u021bia glandei tiroide \u00een aceast\u0103 perioad\u0103 este sporit\u0103, metabolismul bazal cre\u0219te, la unele femei nivelul de iod din s\u00e2nge este peste norm\u0103.<\/p>\n<p>\u00cen aceast\u0103 perioad\u0103, corpul feminin este \u00eencordat \u0219i \u021bine de restructurarea sistemelor nervoase \u0219i endocrine. \u00a0Manifest\u0103rile obi\u015fnuite ale menopauzei sunt: iritabilitatea, schimb\u0103rile bru\u015fte de dispozi\u0163ie, oboseala, st\u0103ri depresive, anxietatea, tulbur\u0103ri de memorie \u015fi de concentrarea, sc\u0103derea capacit\u0103\u0163ii de efort, insomnii, labilitate emo\u0163ional\u0103, modific\u0103ri ale libidoului.<br \/>\nSubstan\u021ba cortical\u0103 a glandelor suprarenale completeaz\u0103 \u0219i compenseaz\u0103 func\u021biile glandelor sexuale, astfel \u00eenc\u00e2t perioada dat\u0103, natura \u0219i durata acesteia depind \u00een mare m\u0103sur\u0103 de capacitatea cortexului suprarenale de a \u00eendeplini func\u021bii compensatorii.<\/p>\n<p>Adinamia, tensiune arterial\u0103 ridicat\u0103, \u00eentreruperi \u00een activitatea sistemului cardiovascular &#8211; dovad\u0103 a unei schimb\u0103ri \u00een func\u021biile glandelor suprarenale.<\/p>\n<p>La unele femei, aceste simptome apar \u00een monoterapie, \u00een timp ce \u00een altele, \u00eentr-un complex, sub forma unui sindrom.<\/p>\n<p>Sindromul menopauzal apare \u00een timpul menstrua\u021biei, \u00eenainte \u0219i dup\u0103 menstrua\u021bie, precum \u0219i \u00een timpul menopauzei. Sindromul este foarte pronun\u021bat \u00een perioadele de premenopauz\u0103 \u0219i menopauz\u0103.<\/p>\n<h3>Complica\u021bii<\/h3>\n<p>S\u00e2ngerarea uterin\u0103 este o complica\u021bie sever\u0103 ale menopauzei, la femei dup\u0103 v\u00e2rsta de 40 de ani, ele reprezint\u0103 aproximativ 60% din toate s\u00e2nger\u0103rile \u00een aceast\u0103 perioad\u0103 de v\u00e2rst\u0103.<\/p>\n<p>Faptul este c\u0103 func\u021bia hormonal\u0103 a apendicelor genitale feminine se opre\u0219te treptat. Perturbarea dezvolt\u0103rii foliculului sau a corpului luteal apare la debutul st\u0103rii de boal\u0103 \u0219i cauzeaz\u0103 s\u00e2nger\u0103ri disfunc\u021bionale. Procesul de ovula\u021bie \u0219i formarea corpusului luteal sunt \u00eentrerupte, se dezvolt\u0103 persisten\u021ba foliculului &#8211; ciclul menstrual devine anovulator. Ca urmare, modific\u0103rile ciclice ale mucoasei uterine sunt perturbate, stratul endometrial cre\u0219te.<\/p>\n<p>Hiperplazia chistic\u0103 glandular\u0103 are un curs lung, deoarece absen\u021ba corpului luteal \u0219i a progesteronului determin\u0103 absen\u021ba fazei secretoare. Endometrul \u00eengro\u0219at este respins aleator \u0219i nesistematic, duc\u00e2nd la s\u00e2nger\u0103ri grave.<\/p>\n<p>Caracterul menopauzal apare mai rar dec\u00e2t menstrua\u021bia normal\u0103, uneori \u00een ziua menstrua\u021biei preconizate sau cu c\u00e2teva zile mai devreme. Aceste procese patologice pot dura c\u00e2teva s\u0103pt\u0103m\u00e2ni sau luni, ceea ce este foarte periculos pentru s\u0103n\u0103tate \u0219i, \u00een cazuri grave, pentru via\u021ba unei femei.<\/p>\n<p>Hormonii \u00een menopauz\u0103 contribuie la eliminarea problemelor ap\u0103rute \u0219i opresc s\u00e2ngerarea. De regul\u0103, chiar \u0219i dup\u0103 s\u00e2nger\u0103ri prelungite, anemia la femei nu se dezvolt\u0103, acest lucru se \u00eent\u00e2mpl\u0103 numai \u00een cazurile \u00een care menopauza apare pe fondul fibromilor uterini.<\/p>\n","protected":false},"excerpt":{"rendered":"<p>Menopauza nu este o boal\u0103, este un fenomen fiziologic \u00eent\u00e2lnit la toate femeile. Din punct de vedere etimologic, termenul \u201emenopauz\u0103\u201d \u00ee\u015fi are originea \u00een limba greac\u0103 (menos=hemoragie, pausa=sf\u00e2r\u015fit) definin\u00e2nd finalul menstrua\u0163iei. Cauzele Din punct de vedere fiziologic, menopauza se caracterizeaz\u0103 printr-o deficien\u0163\u0103 permanent\u0103 \u015fi ireversibil\u0103 de hormoni estrogeni. Ovarele refuz\u0103 s\u0103 r\u0103spund\u0103 la hormoni produ\u0219i [&hellip;]<\/p>\n","protected":false},"author":28,"featured_media":0,"parent":38235,"menu_order":0,"comment_status":"closed","ping_status":"closed","template":"","meta":{"inline_featured_image":false,"footnotes":""},"class_list":["post-66934","page","type-page","status-publish"],"yoast_head":"<!-- This site is optimized with the Yoast SEO plugin v27.3 - https:\/\/yoast.com\/product\/yoast-seo-wordpress\/ -->\n<title>Menopauza<\/title>\n<meta name=\"description\" content=\"Din punct de vedere etimologic, termenul \u201emenopauz\u0103\u201d \u00ee\u015fi are originea \u00een limba greac\u0103 (menos = hemoragie, pausa = sf\u00e2r\u015fit) definin\u00e2nd finalul menstrua\u0163iei.\" \/>\n<meta name=\"robots\" content=\"index, follow, max-snippet:-1, max-image-preview:large, max-video-preview:-1\" \/>\n<link rel=\"canonical\" href=\"https:\/\/sanatate.md\/ro\/boli-si-tratament\/boli-ale-femeilor\/menopauza\/\" \/>\n<meta property=\"og:locale\" content=\"ro_RO\" \/>\n<meta property=\"og:type\" content=\"article\" \/>\n<meta property=\"og:title\" content=\"Menopauza\" \/>\n<meta property=\"og:description\" content=\"Din punct de vedere etimologic, termenul \u201emenopauz\u0103\u201d \u00ee\u015fi are originea \u00een limba greac\u0103 (menos = hemoragie, pausa = sf\u00e2r\u015fit) definin\u00e2nd finalul menstrua\u0163iei.\" \/>\n<meta property=\"og:url\" content=\"https:\/\/sanatate.md\/ro\/boli-si-tratament\/boli-ale-femeilor\/menopauza\/\" \/>\n<meta property=\"og:site_name\" content=\"Sanatate.md\" \/>\n<meta name=\"twitter:card\" content=\"summary_large_image\" \/>\n<meta name=\"twitter:label1\" content=\"Timp estimat pentru citire\" \/>\n\t<meta name=\"twitter:data1\" content=\"4 minute\" \/>\n<script type=\"application\/ld+json\" class=\"yoast-schema-graph\">{\"@context\":\"https:\\\/\\\/schema.org\",\"@graph\":[{\"@type\":\"WebPage\",\"@id\":\"https:\\\/\\\/sanatate.md\\\/ro\\\/boli-si-tratament\\\/boli-ale-femeilor\\\/menopauza\\\/\",\"url\":\"https:\\\/\\\/sanatate.md\\\/ro\\\/boli-si-tratament\\\/boli-ale-femeilor\\\/menopauza\\\/\",\"name\":\"Menopauza\",\"isPartOf\":{\"@id\":\"https:\\\/\\\/sanatate.md\\\/ro\\\/#website\"},\"datePublished\":\"2018-10-18T12:18:09+00:00\",\"description\":\"Din punct de vedere etimologic, termenul \u201emenopauz\u0103\u201d \u00ee\u015fi are originea \u00een limba greac\u0103 (menos = hemoragie, pausa = sf\u00e2r\u015fit) definin\u00e2nd finalul menstrua\u0163iei.\",\"breadcrumb\":{\"@id\":\"https:\\\/\\\/sanatate.md\\\/ro\\\/boli-si-tratament\\\/boli-ale-femeilor\\\/menopauza\\\/#breadcrumb\"},\"inLanguage\":\"ro-RO\",\"potentialAction\":[{\"@type\":\"ReadAction\",\"target\":[\"https:\\\/\\\/sanatate.md\\\/ro\\\/boli-si-tratament\\\/boli-ale-femeilor\\\/menopauza\\\/\"]}]},{\"@type\":\"BreadcrumbList\",\"@id\":\"https:\\\/\\\/sanatate.md\\\/ro\\\/boli-si-tratament\\\/boli-ale-femeilor\\\/menopauza\\\/#breadcrumb\",\"itemListElement\":[{\"@type\":\"ListItem\",\"position\":1,\"name\":\"\u0413\u043b\u0430\u0432\u043d\u0430\u044f \u0441\u0442\u0440\u0430\u043d\u0438\u0446\u0430\",\"item\":\"https:\\\/\\\/sanatate.md\\\/ro\\\/\"},{\"@type\":\"ListItem\",\"position\":2,\"name\":\"Boli si tratament\",\"item\":\"https:\\\/\\\/sanatate.md\\\/ro\\\/boli-si-tratament\\\/\"},{\"@type\":\"ListItem\",\"position\":3,\"name\":\"Boli ale femeilor\",\"item\":\"https:\\\/\\\/sanatate.md\\\/ro\\\/boli-si-tratament\\\/boli-ale-femeilor\\\/\"},{\"@type\":\"ListItem\",\"position\":4,\"name\":\"Menopauza\"}]},{\"@type\":\"WebSite\",\"@id\":\"https:\\\/\\\/sanatate.md\\\/ro\\\/#website\",\"url\":\"https:\\\/\\\/sanatate.md\\\/ro\\\/\",\"name\":\"Sanatate.md\",\"description\":\"\u0416\u0443\u0440\u043d\u0430\u043b \u0434\u043b\u044f \u0432\u0441\u0435\u0439 \u0441\u0435\u043c\u044c\u0438 \u0432 \u041c\u043e\u043b\u0434\u043e\u0432\u0435\",\"publisher\":{\"@id\":\"https:\\\/\\\/sanatate.md\\\/ro\\\/#organization\"},\"potentialAction\":[{\"@type\":\"SearchAction\",\"target\":{\"@type\":\"EntryPoint\",\"urlTemplate\":\"https:\\\/\\\/sanatate.md\\\/ro\\\/?s={search_term_string}\"},\"query-input\":{\"@type\":\"PropertyValueSpecification\",\"valueRequired\":true,\"valueName\":\"search_term_string\"}}],\"inLanguage\":\"ro-RO\"},{\"@type\":\"Organization\",\"@id\":\"https:\\\/\\\/sanatate.md\\\/ro\\\/#organization\",\"name\":\"SANATATE\",\"url\":\"https:\\\/\\\/sanatate.md\\\/ro\\\/\",\"logo\":{\"@type\":\"ImageObject\",\"inLanguage\":\"ro-RO\",\"@id\":\"https:\\\/\\\/sanatate.md\\\/ro\\\/#\\\/schema\\\/logo\\\/image\\\/\",\"url\":\"https:\\\/\\\/sanatate.md\\\/wp-content\\\/uploads\\\/2022\\\/01\\\/sanatate-logo.svg\",\"contentUrl\":\"https:\\\/\\\/sanatate.md\\\/wp-content\\\/uploads\\\/2022\\\/01\\\/sanatate-logo.svg\",\"width\":\"1024\",\"height\":\"1024\",\"caption\":\"SANATATE\"},\"image\":{\"@id\":\"https:\\\/\\\/sanatate.md\\\/ro\\\/#\\\/schema\\\/logo\\\/image\\\/\"}}]}<\/script>\n<!-- \/ Yoast SEO plugin. -->","yoast_head_json":{"title":"Menopauza","description":"Din punct de vedere etimologic, termenul \u201emenopauz\u0103\u201d \u00ee\u015fi are originea \u00een limba greac\u0103 (menos = hemoragie, pausa = sf\u00e2r\u015fit) definin\u00e2nd finalul menstrua\u0163iei.","robots":{"index":"index","follow":"follow","max-snippet":"max-snippet:-1","max-image-preview":"max-image-preview:large","max-video-preview":"max-video-preview:-1"},"canonical":"https:\/\/sanatate.md\/ro\/boli-si-tratament\/boli-ale-femeilor\/menopauza\/","og_locale":"ro_RO","og_type":"article","og_title":"Menopauza","og_description":"Din punct de vedere etimologic, termenul \u201emenopauz\u0103\u201d \u00ee\u015fi are originea \u00een limba greac\u0103 (menos = hemoragie, pausa = sf\u00e2r\u015fit) definin\u00e2nd finalul menstrua\u0163iei.","og_url":"https:\/\/sanatate.md\/ro\/boli-si-tratament\/boli-ale-femeilor\/menopauza\/","og_site_name":"Sanatate.md","twitter_card":"summary_large_image","twitter_misc":{"Timp estimat pentru citire":"4 minute"},"schema":{"@context":"https:\/\/schema.org","@graph":[{"@type":"WebPage","@id":"https:\/\/sanatate.md\/ro\/boli-si-tratament\/boli-ale-femeilor\/menopauza\/","url":"https:\/\/sanatate.md\/ro\/boli-si-tratament\/boli-ale-femeilor\/menopauza\/","name":"Menopauza","isPartOf":{"@id":"https:\/\/sanatate.md\/ro\/#website"},"datePublished":"2018-10-18T12:18:09+00:00","description":"Din punct de vedere etimologic, termenul \u201emenopauz\u0103\u201d \u00ee\u015fi are originea \u00een limba greac\u0103 (menos = hemoragie, pausa = sf\u00e2r\u015fit) definin\u00e2nd finalul menstrua\u0163iei.","breadcrumb":{"@id":"https:\/\/sanatate.md\/ro\/boli-si-tratament\/boli-ale-femeilor\/menopauza\/#breadcrumb"},"inLanguage":"ro-RO","potentialAction":[{"@type":"ReadAction","target":["https:\/\/sanatate.md\/ro\/boli-si-tratament\/boli-ale-femeilor\/menopauza\/"]}]},{"@type":"BreadcrumbList","@id":"https:\/\/sanatate.md\/ro\/boli-si-tratament\/boli-ale-femeilor\/menopauza\/#breadcrumb","itemListElement":[{"@type":"ListItem","position":1,"name":"\u0413\u043b\u0430\u0432\u043d\u0430\u044f \u0441\u0442\u0440\u0430\u043d\u0438\u0446\u0430","item":"https:\/\/sanatate.md\/ro\/"},{"@type":"ListItem","position":2,"name":"Boli si tratament","item":"https:\/\/sanatate.md\/ro\/boli-si-tratament\/"},{"@type":"ListItem","position":3,"name":"Boli ale femeilor","item":"https:\/\/sanatate.md\/ro\/boli-si-tratament\/boli-ale-femeilor\/"},{"@type":"ListItem","position":4,"name":"Menopauza"}]},{"@type":"WebSite","@id":"https:\/\/sanatate.md\/ro\/#website","url":"https:\/\/sanatate.md\/ro\/","name":"Sanatate.md","description":"\u0416\u0443\u0440\u043d\u0430\u043b \u0434\u043b\u044f \u0432\u0441\u0435\u0439 \u0441\u0435\u043c\u044c\u0438 \u0432 \u041c\u043e\u043b\u0434\u043e\u0432\u0435","publisher":{"@id":"https:\/\/sanatate.md\/ro\/#organization"},"potentialAction":[{"@type":"SearchAction","target":{"@type":"EntryPoint","urlTemplate":"https:\/\/sanatate.md\/ro\/?s={search_term_string}"},"query-input":{"@type":"PropertyValueSpecification","valueRequired":true,"valueName":"search_term_string"}}],"inLanguage":"ro-RO"},{"@type":"Organization","@id":"https:\/\/sanatate.md\/ro\/#organization","name":"SANATATE","url":"https:\/\/sanatate.md\/ro\/","logo":{"@type":"ImageObject","inLanguage":"ro-RO","@id":"https:\/\/sanatate.md\/ro\/#\/schema\/logo\/image\/","url":"https:\/\/sanatate.md\/wp-content\/uploads\/2022\/01\/sanatate-logo.svg","contentUrl":"https:\/\/sanatate.md\/wp-content\/uploads\/2022\/01\/sanatate-logo.svg","width":"1024","height":"1024","caption":"SANATATE"},"image":{"@id":"https:\/\/sanatate.md\/ro\/#\/schema\/logo\/image\/"}}]}},"_links":{"self":[{"href":"https:\/\/sanatate.md\/ro\/wp-json\/wp\/v2\/pages\/66934","targetHints":{"allow":["GET"]}}],"collection":[{"href":"https:\/\/sanatate.md\/ro\/wp-json\/wp\/v2\/pages"}],"about":[{"href":"https:\/\/sanatate.md\/ro\/wp-json\/wp\/v2\/types\/page"}],"author":[{"embeddable":true,"href":"https:\/\/sanatate.md\/ro\/wp-json\/wp\/v2\/users\/28"}],"replies":[{"embeddable":true,"href":"https:\/\/sanatate.md\/ro\/wp-json\/wp\/v2\/comments?post=66934"}],"version-history":[{"count":0,"href":"https:\/\/sanatate.md\/ro\/wp-json\/wp\/v2\/pages\/66934\/revisions"}],"up":[{"embeddable":true,"href":"https:\/\/sanatate.md\/ro\/wp-json\/wp\/v2\/pages\/38235"}],"wp:attachment":[{"href":"https:\/\/sanatate.md\/ro\/wp-json\/wp\/v2\/media?parent=66934"}],"curies":[{"name":"wp","href":"https:\/\/api.w.org\/{rel}","templated":true}]}}