{"id":66943,"date":"2018-10-18T15:40:00","date_gmt":"2018-10-18T12:40:00","guid":{"rendered":"https:\/\/sanatate.md\/?page_id=66943"},"modified":"2018-10-18T15:40:00","modified_gmt":"2018-10-18T12:40:00","slug":"polinoza","status":"publish","type":"page","link":"https:\/\/sanatate.md\/ro\/boli-si-tratament\/boli-alergice\/polinoza\/","title":{"rendered":"Polinoza"},"content":{"rendered":"<p>Boala Polinoza mai are un nume \u2013 rinoconjunctivit\u0103 alergic\u0103. Ea este sezonier\u0103 \u0219i e cauzat\u0103 de reac\u021bia formei hiperactive \u00een sistemul imun la polenul unor plante. \u00cen unele surse medicale se mai nume\u0219te &#8220;febra f\u00e2nului&#8221; sau &#8220;catargul de prim\u0103var\u0103&#8221;.<\/p>\n<h3>Motivele<\/h3>\n<p>Polinoza sezonier\u0103 coincide cu perioada de \u00eenflorire a unor specii de plante, care provoac\u0103 o reac\u021bie alergic\u0103. Aceste plante sunt:<br \/>\n\u2022 mesteac\u0103nul;<br \/>\n\u2022 stejarul;<br \/>\n\u2022 plopul;<br \/>\n\u2022 p\u0103p\u0103dia.<\/p>\n<p>Ast\u0103zi des se vorbe\u0219te despre ambrozie &#8211; o plant\u0103 care provoac\u0103 alergii chiar \u0219i la acei, care nu au fost anterior predispu\u0219i la manifest\u0103ri alergice. De asemenea, polinoza apare adesea \u00een timpul sarcinii, c\u00e2nd organismul nu se poate confrunta cu alergiile.<br \/>\nPolinoza: acutizarea<br \/>\nBoala se poate \u00eenr\u0103ut\u0103\u021bi dup\u0103 o lung\u0103 \u0219edere pe strad\u0103 sau \u00eentr-o camer\u0103 \u00een care ferestrele sunt larg deschise. De asemenea, polinoza poate fi exacerbat\u0103 diminea\u021ba sau pe vreme uscat\u0103, cu v\u00e2nt: \u00een astfel de perioade, \u00een aer se afl\u0103 concentra\u021bii ridicate de polen de plante, cum ar fi pelinul, ambrozia, secara, urzica \u0219i altele.<\/p>\n<h3>Polinoz\u0103: simptomele<\/h3>\n<p>Manifest\u0103rile febrei f\u00e2nului sunt tipice:<br \/>\n\u2022 guturai;<br \/>\n\u2022 m\u00e2nc\u0103rime \u0219i arsur\u0103 \u00een zona aripilor nasului;<br \/>\n\u2022 str\u0103nuturi frecvente;<br \/>\n\u2022 conjunctivit\u0103;<br \/>\n\u2022 l\u0103cr\u0103mare abundent\u0103;<br \/>\n\u2022 ro\u0219ea\u021b\u0103, umflarea nasului \u0219i a mucoasei ochilor.<br \/>\nUnii pacien\u021bi se pl\u00e2ng de o \u00een\u0103du\u0219eal\u0103 u\u0219oar\u0103 \u0219i de o tuse uscat\u0103 \u0219i grea, care sunt semne de astmul la polen. Polinoza se poate dezvolta, de asemenea, pe fondul bolilor alergice cum ar fi dermatita atopic\u0103, angioedemul \u0219i altele. Astfel, pe fundalul unor boli, se poate dezvolta polinoza cronic\u0103.<\/p>\n<h3>Diagnosticarea<\/h3>\n<p>\u00cen afar\u0103 de simptomele externe, boala poate fi diagnosticat\u0103 dup\u0103 ce au fost luate probe de alergen\u021bi pe piele \u0219i au fost determinate imunoglobuline de clas\u0103 E de form\u0103 alergen\u0103 specific\u0103 alergenilor din polenul plantelor.<\/p>\n<h3>Tratamentul<\/h3>\n<p>Tratamentul acestei boli const\u0103 \u00een utilizarea medicamentelor din grupul antihistaminic, precum \u0219i \u00een tratamentul simptomatic \u00een timpul perioadei de exacerbare:<br \/>\n\u2022 spray-uri, pic\u0103turi nazale;<br \/>\n\u2022 pic\u0103turi pentru ochi.<br \/>\nEste foarte important s\u0103 se minimizeze contactul cu polenul. Trebuie remarcat c\u0103 aceast\u0103 boal\u0103 chiar \u0219i \u00eentr-un ora\u0219 cu o popula\u021bie mare poate s\u0103 apar\u0103 destul de intens, deoarece, r\u0103sp\u00e2ndindu-se polenul colecteaz\u0103 compu\u0219ii periculo\u0219i de praf, a gazelor de e\u0219apament, ceea ce duce la apari\u021bia \u0219i mai agresiv\u0103 a bolii.<\/p>\n<h3>Recomand\u0103ri<\/h3>\n<p>\u00cen perioada de exacerbare a bolii, persoanelor predispuse la alergii, li se recomand\u0103:<br \/>\n\u2022 aerisirea camerelor \u0219i p\u0103strarea cur\u0103\u021beniei \u00een apartament sau \u00een cas\u0103;<br \/>\n\u2022 utilizarea produselor cosmetice cu un nivel redus de alergen\u021bi;<br \/>\n\u2022 este interzis\u0103 utilizarea aromaterapiei.<\/p>\n<p>\u00cen caz de polinoz\u0103 ar trebui respectat\u0103 o diet\u0103 ce include urm\u0103toarele produse:<br \/>\n\u2022 carne de vit\u0103 sau de porc cu con\u021binut sc\u0103zut de gr\u0103simi, carne de pui;<br \/>\n\u2022 produse lactate cu un procent redus de gr\u0103simi;<br \/>\n\u2022 zarzavaturi;<br \/>\n\u2022 legume: spanac, castrave\u021bi, dovlecei;<br \/>\n\u2022 cereale;<br \/>\n\u2022 fructe: pere, mere verzi, c\u0103psuni;<br \/>\n\u2022 ap\u0103 mineral\u0103 necarbonat\u0103.<\/p>\n","protected":false},"excerpt":{"rendered":"<p>Boala Polinoza mai are un nume \u2013 rinoconjunctivit\u0103 alergic\u0103. Ea este sezonier\u0103 \u0219i e cauzat\u0103 de reac\u021bia formei hiperactive \u00een sistemul imun la polenul unor plante. \u00cen unele surse medicale se mai nume\u0219te &#8220;febra f\u00e2nului&#8221; sau &#8220;catargul de prim\u0103var\u0103&#8221;. Motivele Polinoza sezonier\u0103 coincide cu perioada de \u00eenflorire a unor specii de plante, care provoac\u0103 o [&hellip;]<\/p>\n","protected":false},"author":28,"featured_media":0,"parent":38228,"menu_order":0,"comment_status":"closed","ping_status":"closed","template":"","meta":{"inline_featured_image":false,"footnotes":""},"class_list":["post-66943","page","type-page","status-publish"],"yoast_head":"<!-- This site is optimized with the Yoast SEO plugin v27.3 - https:\/\/yoast.com\/product\/yoast-seo-wordpress\/ -->\n<title>Polinoza<\/title>\n<meta name=\"description\" content=\"Boala Polinoza mai are un nume \u2013 rinoconjunctivit\u0103 alergic\u0103. Ea este sezonier\u0103 \u0219i e cauzat\u0103 de reac\u021bia formei hiperactive \u00een sistemul imun la polenul unor plante.\" \/>\n<meta name=\"robots\" content=\"index, follow, max-snippet:-1, max-image-preview:large, max-video-preview:-1\" \/>\n<link rel=\"canonical\" href=\"https:\/\/sanatate.md\/ro\/boli-si-tratament\/boli-alergice\/polinoza\/\" \/>\n<meta property=\"og:locale\" content=\"ro_RO\" \/>\n<meta property=\"og:type\" content=\"article\" \/>\n<meta property=\"og:title\" content=\"Polinoza\" \/>\n<meta property=\"og:description\" content=\"Boala Polinoza mai are un nume \u2013 rinoconjunctivit\u0103 alergic\u0103. Ea este sezonier\u0103 \u0219i e cauzat\u0103 de reac\u021bia formei hiperactive \u00een sistemul imun la polenul unor plante.\" \/>\n<meta property=\"og:url\" content=\"https:\/\/sanatate.md\/ro\/boli-si-tratament\/boli-alergice\/polinoza\/\" \/>\n<meta property=\"og:site_name\" content=\"Sanatate.md\" \/>\n<meta name=\"twitter:card\" content=\"summary_large_image\" \/>\n<meta name=\"twitter:label1\" content=\"Timp estimat pentru citire\" \/>\n\t<meta name=\"twitter:data1\" content=\"2 minute\" \/>\n<script type=\"application\/ld+json\" class=\"yoast-schema-graph\">{\"@context\":\"https:\\\/\\\/schema.org\",\"@graph\":[{\"@type\":\"WebPage\",\"@id\":\"https:\\\/\\\/sanatate.md\\\/ro\\\/boli-si-tratament\\\/boli-alergice\\\/polinoza\\\/\",\"url\":\"https:\\\/\\\/sanatate.md\\\/ro\\\/boli-si-tratament\\\/boli-alergice\\\/polinoza\\\/\",\"name\":\"Polinoza\",\"isPartOf\":{\"@id\":\"https:\\\/\\\/sanatate.md\\\/ro\\\/#website\"},\"datePublished\":\"2018-10-18T12:40:00+00:00\",\"description\":\"Boala Polinoza mai are un nume \u2013 rinoconjunctivit\u0103 alergic\u0103. Ea este sezonier\u0103 \u0219i e cauzat\u0103 de reac\u021bia formei hiperactive \u00een sistemul imun la polenul unor plante.\",\"breadcrumb\":{\"@id\":\"https:\\\/\\\/sanatate.md\\\/ro\\\/boli-si-tratament\\\/boli-alergice\\\/polinoza\\\/#breadcrumb\"},\"inLanguage\":\"ro-RO\",\"potentialAction\":[{\"@type\":\"ReadAction\",\"target\":[\"https:\\\/\\\/sanatate.md\\\/ro\\\/boli-si-tratament\\\/boli-alergice\\\/polinoza\\\/\"]}]},{\"@type\":\"BreadcrumbList\",\"@id\":\"https:\\\/\\\/sanatate.md\\\/ro\\\/boli-si-tratament\\\/boli-alergice\\\/polinoza\\\/#breadcrumb\",\"itemListElement\":[{\"@type\":\"ListItem\",\"position\":1,\"name\":\"\u0413\u043b\u0430\u0432\u043d\u0430\u044f \u0441\u0442\u0440\u0430\u043d\u0438\u0446\u0430\",\"item\":\"https:\\\/\\\/sanatate.md\\\/ro\\\/\"},{\"@type\":\"ListItem\",\"position\":2,\"name\":\"Boli si tratament\",\"item\":\"https:\\\/\\\/sanatate.md\\\/ro\\\/boli-si-tratament\\\/\"},{\"@type\":\"ListItem\",\"position\":3,\"name\":\"Boli alergice\",\"item\":\"https:\\\/\\\/sanatate.md\\\/ro\\\/boli-si-tratament\\\/boli-alergice\\\/\"},{\"@type\":\"ListItem\",\"position\":4,\"name\":\"Polinoza\"}]},{\"@type\":\"WebSite\",\"@id\":\"https:\\\/\\\/sanatate.md\\\/ro\\\/#website\",\"url\":\"https:\\\/\\\/sanatate.md\\\/ro\\\/\",\"name\":\"Sanatate.md\",\"description\":\"\u0416\u0443\u0440\u043d\u0430\u043b \u0434\u043b\u044f \u0432\u0441\u0435\u0439 \u0441\u0435\u043c\u044c\u0438 \u0432 \u041c\u043e\u043b\u0434\u043e\u0432\u0435\",\"publisher\":{\"@id\":\"https:\\\/\\\/sanatate.md\\\/ro\\\/#organization\"},\"potentialAction\":[{\"@type\":\"SearchAction\",\"target\":{\"@type\":\"EntryPoint\",\"urlTemplate\":\"https:\\\/\\\/sanatate.md\\\/ro\\\/?s={search_term_string}\"},\"query-input\":{\"@type\":\"PropertyValueSpecification\",\"valueRequired\":true,\"valueName\":\"search_term_string\"}}],\"inLanguage\":\"ro-RO\"},{\"@type\":\"Organization\",\"@id\":\"https:\\\/\\\/sanatate.md\\\/ro\\\/#organization\",\"name\":\"SANATATE\",\"url\":\"https:\\\/\\\/sanatate.md\\\/ro\\\/\",\"logo\":{\"@type\":\"ImageObject\",\"inLanguage\":\"ro-RO\",\"@id\":\"https:\\\/\\\/sanatate.md\\\/ro\\\/#\\\/schema\\\/logo\\\/image\\\/\",\"url\":\"https:\\\/\\\/sanatate.md\\\/wp-content\\\/uploads\\\/2022\\\/01\\\/sanatate-logo.svg\",\"contentUrl\":\"https:\\\/\\\/sanatate.md\\\/wp-content\\\/uploads\\\/2022\\\/01\\\/sanatate-logo.svg\",\"width\":\"1024\",\"height\":\"1024\",\"caption\":\"SANATATE\"},\"image\":{\"@id\":\"https:\\\/\\\/sanatate.md\\\/ro\\\/#\\\/schema\\\/logo\\\/image\\\/\"}}]}<\/script>\n<!-- \/ Yoast SEO plugin. -->","yoast_head_json":{"title":"Polinoza","description":"Boala Polinoza mai are un nume \u2013 rinoconjunctivit\u0103 alergic\u0103. Ea este sezonier\u0103 \u0219i e cauzat\u0103 de reac\u021bia formei hiperactive \u00een sistemul imun la polenul unor plante.","robots":{"index":"index","follow":"follow","max-snippet":"max-snippet:-1","max-image-preview":"max-image-preview:large","max-video-preview":"max-video-preview:-1"},"canonical":"https:\/\/sanatate.md\/ro\/boli-si-tratament\/boli-alergice\/polinoza\/","og_locale":"ro_RO","og_type":"article","og_title":"Polinoza","og_description":"Boala Polinoza mai are un nume \u2013 rinoconjunctivit\u0103 alergic\u0103. Ea este sezonier\u0103 \u0219i e cauzat\u0103 de reac\u021bia formei hiperactive \u00een sistemul imun la polenul unor plante.","og_url":"https:\/\/sanatate.md\/ro\/boli-si-tratament\/boli-alergice\/polinoza\/","og_site_name":"Sanatate.md","twitter_card":"summary_large_image","twitter_misc":{"Timp estimat pentru citire":"2 minute"},"schema":{"@context":"https:\/\/schema.org","@graph":[{"@type":"WebPage","@id":"https:\/\/sanatate.md\/ro\/boli-si-tratament\/boli-alergice\/polinoza\/","url":"https:\/\/sanatate.md\/ro\/boli-si-tratament\/boli-alergice\/polinoza\/","name":"Polinoza","isPartOf":{"@id":"https:\/\/sanatate.md\/ro\/#website"},"datePublished":"2018-10-18T12:40:00+00:00","description":"Boala Polinoza mai are un nume \u2013 rinoconjunctivit\u0103 alergic\u0103. Ea este sezonier\u0103 \u0219i e cauzat\u0103 de reac\u021bia formei hiperactive \u00een sistemul imun la polenul unor plante.","breadcrumb":{"@id":"https:\/\/sanatate.md\/ro\/boli-si-tratament\/boli-alergice\/polinoza\/#breadcrumb"},"inLanguage":"ro-RO","potentialAction":[{"@type":"ReadAction","target":["https:\/\/sanatate.md\/ro\/boli-si-tratament\/boli-alergice\/polinoza\/"]}]},{"@type":"BreadcrumbList","@id":"https:\/\/sanatate.md\/ro\/boli-si-tratament\/boli-alergice\/polinoza\/#breadcrumb","itemListElement":[{"@type":"ListItem","position":1,"name":"\u0413\u043b\u0430\u0432\u043d\u0430\u044f \u0441\u0442\u0440\u0430\u043d\u0438\u0446\u0430","item":"https:\/\/sanatate.md\/ro\/"},{"@type":"ListItem","position":2,"name":"Boli si tratament","item":"https:\/\/sanatate.md\/ro\/boli-si-tratament\/"},{"@type":"ListItem","position":3,"name":"Boli alergice","item":"https:\/\/sanatate.md\/ro\/boli-si-tratament\/boli-alergice\/"},{"@type":"ListItem","position":4,"name":"Polinoza"}]},{"@type":"WebSite","@id":"https:\/\/sanatate.md\/ro\/#website","url":"https:\/\/sanatate.md\/ro\/","name":"Sanatate.md","description":"\u0416\u0443\u0440\u043d\u0430\u043b \u0434\u043b\u044f \u0432\u0441\u0435\u0439 \u0441\u0435\u043c\u044c\u0438 \u0432 \u041c\u043e\u043b\u0434\u043e\u0432\u0435","publisher":{"@id":"https:\/\/sanatate.md\/ro\/#organization"},"potentialAction":[{"@type":"SearchAction","target":{"@type":"EntryPoint","urlTemplate":"https:\/\/sanatate.md\/ro\/?s={search_term_string}"},"query-input":{"@type":"PropertyValueSpecification","valueRequired":true,"valueName":"search_term_string"}}],"inLanguage":"ro-RO"},{"@type":"Organization","@id":"https:\/\/sanatate.md\/ro\/#organization","name":"SANATATE","url":"https:\/\/sanatate.md\/ro\/","logo":{"@type":"ImageObject","inLanguage":"ro-RO","@id":"https:\/\/sanatate.md\/ro\/#\/schema\/logo\/image\/","url":"https:\/\/sanatate.md\/wp-content\/uploads\/2022\/01\/sanatate-logo.svg","contentUrl":"https:\/\/sanatate.md\/wp-content\/uploads\/2022\/01\/sanatate-logo.svg","width":"1024","height":"1024","caption":"SANATATE"},"image":{"@id":"https:\/\/sanatate.md\/ro\/#\/schema\/logo\/image\/"}}]}},"_links":{"self":[{"href":"https:\/\/sanatate.md\/ro\/wp-json\/wp\/v2\/pages\/66943","targetHints":{"allow":["GET"]}}],"collection":[{"href":"https:\/\/sanatate.md\/ro\/wp-json\/wp\/v2\/pages"}],"about":[{"href":"https:\/\/sanatate.md\/ro\/wp-json\/wp\/v2\/types\/page"}],"author":[{"embeddable":true,"href":"https:\/\/sanatate.md\/ro\/wp-json\/wp\/v2\/users\/28"}],"replies":[{"embeddable":true,"href":"https:\/\/sanatate.md\/ro\/wp-json\/wp\/v2\/comments?post=66943"}],"version-history":[{"count":0,"href":"https:\/\/sanatate.md\/ro\/wp-json\/wp\/v2\/pages\/66943\/revisions"}],"up":[{"embeddable":true,"href":"https:\/\/sanatate.md\/ro\/wp-json\/wp\/v2\/pages\/38228"}],"wp:attachment":[{"href":"https:\/\/sanatate.md\/ro\/wp-json\/wp\/v2\/media?parent=66943"}],"curies":[{"name":"wp","href":"https:\/\/api.w.org\/{rel}","templated":true}]}}