{"id":66959,"date":"2018-10-18T16:41:04","date_gmt":"2018-10-18T13:41:04","guid":{"rendered":"https:\/\/sanatate.md\/?page_id=66959"},"modified":"2018-10-18T16:41:04","modified_gmt":"2018-10-18T13:41:04","slug":"extractia-dintilor-chirurgie","status":"publish","type":"page","link":"https:\/\/sanatate.md\/ro\/boli-si-tratament\/boli-ale-dintilor-si-ale-cavitatii-bucale\/extractia-dintilor-chirurgie\/","title":{"rendered":"Extrac\u021bia din\u021bilor (chirurgie)"},"content":{"rendered":"<p>Extragerea din\u021bilor (chirurgie) este o m\u0103sur\u0103 extrem\u0103 \u00een stomatologie, se realizeaz\u0103 numai \u00een cazurile \u00een care este imposibil s\u0103 fie salvat dintele. Aceast\u0103 procedur\u0103 promoveaz\u0103 prevenirea cariilor \u0219i a tehnologiilor, care pot salva dintele. Lipsa unui singur dinte duce la tulbur\u0103ri estetice \u0219i func\u021bionale grave. De exemplu, \u00eendep\u0103rtarea unuia dintre din\u021bii inferiori conduce la faptul c\u0103 dintele superior, plasat deasupra locului dintelui scos, coboar\u0103 mai jos. Absen\u021ba multor din\u021bi duce la deformarea f\u0103lcilor, pr\u0103bu\u0219irea obrajilor. Apar dificult\u0103\u021bi la pronun\u021bare \u0219i mestecatul alimentelor.<\/p>\n<h3>Indica\u021bii pentru procedur\u0103<\/h3>\n<p>Motivele pentru extrac\u021bia din\u021bilor:<br \/>\n1. Infec\u021biile &#8211; principalul motiv pentru care dintele trebuie \u00eendep\u0103rtat.<br \/>\n2. Deteriorarea grav\u0103 a din\u021bilor prin carie, atunci c\u00e2nd nu mai pot fi supu\u0219i recuper\u0103rii.<br \/>\n3. Parodontita &#8211; dac\u0103 tratamentul nu a adus efectul a\u0219teptat, acesta este \u00eendep\u0103rtat.<br \/>\n4. \u00cendep\u0103rtarea dintelui de \u00een\u021belepciune se face pentru c\u0103, \u00een majoritatea cazurilor, cre\u0219te str\u00e2mb, provoac\u0103 disconfort. Plasarea dentar\u0103 incorect\u0103 afecteaz\u0103 forma mu\u0219c\u0103turii sau influen\u021beaz\u0103 formarea corect\u0103 a danturii, poate, de asemenea, s\u0103 determine \u00eendep\u0103rtarea acestuia.<br \/>\n5. Leziuni la nivelul maxilarului, dup\u0103 care sunt din\u021bi rup\u021bi sau din\u021bii sunt at\u00e2t de sl\u0103bi\u021bi \u00eenc\u00e2t nu e posibil s\u0103 fie salva\u021bi.<\/p>\n<h3>Metodele de extrac\u021bie a din\u021bilor<\/h3>\n<p>Stomatologia se dezvolt\u0103 \u00een permanen\u021b\u0103. Ast\u0103zi \u00een loc de proteze, se utilizeaz\u0103 deja implanturi, dar metodele de extragere a din\u021bilor au r\u0103mas tradi\u021bionale. Extragerea din\u021bilor se poate face \u00een dou\u0103 moduri: simple \u0219i chirurgicale:<\/p>\n<p>1. Metoda simpl\u0103 e folosita dac\u0103 coroana este suficient de puternica \u0219i chirurgul o poate extrage cu cle\u0219tele special. Aceast\u0103 metod\u0103 este folosita la parodontit\u0103, deoarece dintele este p\u0103strat in acest caz, numai \u021besutul din jurul acestuia este distrus.<br \/>\n2. Metoda chirurgical\u0103 &#8211; specialistul nu poate scoate dintele dintr-o coroan\u0103, deoarece este distrus. Chirurgul dezvele\u0219te gingia pentru a asigura accesul la r\u0103d\u0103cina dintelui. Exper\u021bii numesc aceast\u0103 metod\u0103 dificil\u0103 sau atipic\u0103, dup\u0103 efectuarea procedurii, fragmentele dentare sunt \u00eendep\u0103rtate folosind ultrasunete, iar antibioticele sunt prescrise pacientului pentru a reduce riscul dezvolt\u0103rii procesului inflamator.<br \/>\nAnestezia<\/p>\n<p>\u00cen vremurile vechi, oamenii foloseau diferite mijloace pentru a atenua durerea \u00een timpul extrac\u021biei din\u021bilor. De exemplu, aztecii credeau c\u0103 durerea ar putea fi redus\u0103 cu extract din r\u0103d\u0103cin\u0103 de mandragor\u0103, \u00een Egiptul antic, durerea era atenuat\u0103 cu ajutorul gr\u0103simii crocodilului sacru, care locuie\u0219te \u00een Nil. \u00cen secolul al XIX-lea durerea era u\u0219urat\u0103 cu ajutorul eterului, pu\u021bin mai t\u00e2rziu &#8211; cu oxid de azot, cloroform.<\/p>\n<p>De\u0219i anestezia eteric\u0103 a fost folosit\u0103 pentru prima dat\u0103 \u00een stomatologie la 19 decembrie 1846, chiar \u0219i \u00een prima jum\u0103tate a secolului al XX-lea, din\u021bii erau &#8220;\u00eendep\u0103rta\u021bi&#8221; f\u0103r\u0103 anestezie, de\u0219i la vremea respectiv\u0103 Novocaine era deja sintetizat\u0103. Ast\u0103zi procedura dat\u0103 este efectuat\u0103 f\u0103r\u0103 durere datorit\u0103 anestezicelor moderne din ultima genera\u021bie. \u00cendep\u0103rtarea din\u021bilor sub anestezie general\u0103 este o procedur\u0103 simpl\u0103 \u0219i nu trebuie s\u0103 v\u0103 fie team\u0103.<\/p>\n<h3>Exist\u0103 2 metode de anestezie:<\/h3>\n<p>1. Aplicarea (extern\u0103, non-injectabil\u0103) &#8211; anestezie superficial\u0103 cu preparate tisulare \u00een jurul dintelui. Anestezicul lubrifiaz\u0103 zona dorit\u0103, care \u00ee\u0219i pierde sensibilitatea. Aceast\u0103 metod\u0103 este utilizat\u0103 la \u00eendep\u0103rtarea din\u021bilor de lapte la copii sau \u00eenainte de a utiliza anestezia prin injec\u021bie pentru al izola pe pacient de senza\u021bii nepl\u0103cute.<\/p>\n<p>2. Anestezia prin injec\u021bie poate fi de patru tipuri: conducere, infiltrare, intraligamentar\u0103 \u0219i intraosos. Conductorul v\u0103 permite s\u0103 \u00eendep\u0103rta\u021bi mai mul\u021bi din\u021bi dintr-o dat\u0103, deoarece injec\u021bia se face \u00een zona ramifica\u021biei nervului \u0219i, ca rezultat, \u00eentregul nerv este blocat. Anestezia prin infiltrare &#8211; injec\u021bia anestezic\u0103 se efectueaz\u0103 \u00een zona de proiec\u021bie a v\u00e2rfului r\u0103d\u0103cinii dintelui. Intr-o anestesie intraligamentar\u0103 injec\u021bia se efectueaz\u0103 prin gingie \u00een ligamentul parodontal al dintelui folosind o sering\u0103 special\u0103 cu un dozator care permite utilizarea unei cantit\u0103\u021bi minime de anestezic. Anestezia intraosoas\u0103 este una dintre cele mai eficiente metode, deoarece injec\u021bia este efectuat\u0103 direct \u00een osul spongios.<\/p>\n<p>Exist\u0103 \u0219i alte metode de anestezie: utilizarea undelor electromagnetice, temperaturilor sc\u0103zute, introducerea medicamentelor prin electroforez\u0103 etc. De regul\u0103, anestezia local\u0103 se efectueaz\u0103 \u00een timpul extrac\u021biei din\u021bilor. Anestezia general\u0103 se utilizeaz\u0103 \u00een cazuri rare, de exemplu atunci c\u00e2nd este necesar\u0103 scoaterea mai multor din\u021bi simultan sau se prevede o interven\u021bie chirurgical\u0103 complex\u0103 asociat\u0103 cu diferite complica\u021bii (\u00eendep\u0103rtarea chistului din\u021bilor, \u00eendep\u0103rtarea r\u0103d\u0103cinii dintelui, procesul inflamator, abcesul etc.).<\/p>\n<h3>Analgezice<\/h3>\n<p>Nu toate anestezicele sunt adecvate \u0219i utilizate pentru extrac\u021bia din\u021bilor. \u00cen stomatologie capul de list\u0103 \u00eencepe cu Novocain\u0103. Dar la etapa actual\u0103, acest medicament este rar folosit, deoarece provoac\u0103 alergii. Novocaina are multe efecte secundare: cefalee, ame\u021beli, sl\u0103biciune \u0219i sc\u0103derea tensiunii arteriale. \u00cen plus, acest medicament nu are efect puternic \u0219i efectul lui este sporit de Adrenalin\u0103. Amestecul dat este contraindicat la pacien\u021bii cu hipertensiune arterial\u0103.<\/p>\n<p>Anestezia prin infiltrare se efectueaz\u0103 cu o solu\u021bie 0,5% de Lidocain\u0103, solu\u021bie conductiv\u0103 &#8211; 1% a aceluia\u0219i medicament. Anestezicele pot ad\u0103uga, de asemenea, reac\u021bii adverse: dureri de cap, oboseal\u0103, pierderea temporar\u0103 a sensibilit\u0103\u021bii, aritmie, hipotensiune arterial\u0103, urticarie.<br \/>\nAst\u0103zi cele mai populare \u0219i mai eficiente sunt medicamentele bazate pe artizan:<br \/>\n\u2022 Ultracain D-S;<br \/>\n\u2022 Ubistezin;<br \/>\n\u2022 Septanest.<\/p>\n<p>Exper\u021bii cred c\u0103 aceste anestezice sunt cele mai bune \u0219i ac\u021bioneaz\u0103 o lung\u0103 perioad\u0103 &#8211; dup\u0103 10 minute dup\u0103 introducerea medicamentului \u0219i p\u00e2n\u0103 la 3,5 ore.Sunt posibile reac\u021bii adverse ale medicamentului: hipotensiune arterial\u0103, tremur, dureri de cap, grea\u021b\u0103, v\u0103rs\u0103turi, \u00een cazuri rare &#8211; aritmie. Medicamentele sunt contraindicate la pacien\u021bii cu diagnostice:<br \/>\n\u2022 meningit\u0103;<br \/>\n\u2022 neoplasme;<br \/>\n\u2022 poliomielita;<br \/>\n\u2022 osteoporoz\u0103;<br \/>\n\u2022 hipotensiune arterial\u0103;<br \/>\n\u2022 spondilit\u0103;<br \/>\n\u2022 tuberculoz\u0103.<\/p>\n<p>\u00cen timpul sarcinii, din\u021bii nu sunt \u00eendep\u0103rta\u021bi, acest lucru trebuie luat \u00een considerare \u00eenainte de planificarea ei, deoarece utilizarea anestezicelor poate duce la o sc\u0103dere a frecven\u021bei cardiace a f\u0103tului. Anestezia, \u00een plus fa\u021b\u0103 de substan\u021ba activ\u0103 artizana, con\u021bine \u0219i adrenalina, care \u00eengusteaz\u0103 vasele la locul inject\u0103rii, se absoarbe lent \u0219i are o activitate aproximativ de o or\u0103. Uneori, odat\u0103 cu introducerea de anestezice \u00een s\u00e2nge sau nerv de c\u0103tre un medic insuficient experimentat, pot ap\u0103rea zone ischemice.<br \/>\nUltracain D-C \u0219i Septanest au, de asemenea, con\u021bin adrenalin\u0103 \u00een compozi\u021bia lor, de aceea sunt contraindicate pacien\u021bilor cu tahicardie, aritmie \u0219i anumite tipuri de glaucom.<\/p>\n<h3>Extragerea din\u021bilor de \u00een\u021belepciune<\/h3>\n<p>C\u00e2nd sunt \u00eendep\u0103rta\u021bi din\u021bii de \u00een\u021belepciune pot fi utilizate toate anestezicele de mai sus, iar metoda de administrare a acestora depinde de situa\u021bia specific\u0103.<br \/>\nDup\u0103 cum arat\u0103 practica, \u00eendep\u0103rtarea celui de-al optulea dinte \u00een majoritatea cazurilor nu este cauzat\u0103 de starea sa, ci de pozi\u021bia gre\u0219it\u0103. Cele mai dificile patologii includ distopia \u0219i reten\u021bia.<\/p>\n<p>Distopia &#8211; un dinte \u00een timpul cre\u0219terii s-a deplasat pe o parte sau s-a \u00eentors \u00een jurul axei sale. La reten\u021bie dintele de \u00een\u021belepciune a \u00eenceput s\u0103 creasc\u0103, dar s-a stopat. \u00cen acest caz, dentistul incizeaz\u0103 gingia \u0219i scoate dintele subdezvoltat. Gingia este cusut\u0103 dup\u0103 \u00eendep\u0103rtarea dintelui. Astfel de interven\u021bii chirurgicale se efectueaz\u0103 sub anestezie local\u0103, \u00een cazuri grave &#8211; generale.<\/p>\n<h3>\u00cendep\u0103rtarea din\u021bilor de lapte<\/h3>\n<p>Din\u021bii bebelu\u0219ilor, care nu pot fi trata\u021bi sau au provocat un proces inflamator al osului, trebuie scos. \u00cen cazul \u00een care dintele de lapte se clatin\u0103 \u0219i nu sunt necesare eforturi speciale pentru \u00eendep\u0103rtarea acestuia, se aplic\u0103 anestezie de aplicare. Un gel sau un aerosol se aplic\u0103 pe gingie, utiliz\u00e2nd un tampon de vat\u0103 la o rat\u0103 de 3 mg pe 1 kg de greutate corporal\u0103 a micului pacient. \u00cen cazul \u00een care dintele se \u021bine str\u00e2ns, dar trebuie \u00eendep\u0103rtat, se efectueaz\u0103 anestezie prin infiltrare: dentistul face o injec\u021bie cu anestezice din gingie \u0219i din limb\u0103. Anestezia se utilizeaz\u0103 \u00een urm\u0103toarele doze: pentru fiecare 20 kg de greutate corporal\u0103 a copilului &#8211; de la 0,25 p\u00e2n\u0103 la 1 ml de anestezic<\/p>\n<p>Copiii suport\u0103 bine analgezice, dar \u00eenainte de a le folosi, trebuie s\u0103 v\u0103 asigura\u021bi c\u0103 el are o inim\u0103 s\u0103n\u0103toas\u0103 \u0219i nu este alergic.<\/p>\n<h3>Anestezia dup\u0103 \u00eendep\u0103rtare<\/h3>\n<p>Dup\u0103 ce dintele este \u00eendep\u0103rtat, rana \u00eencepe s\u0103 doar\u0103. O durere deosebit de intens\u0103 se manifest\u0103 dup\u0103 \u00eendep\u0103rtarea din\u021bilor de \u00een\u021belepciune, deoarece localizarea lor complic\u0103 foarte mult opera\u021bia, iar chirurgul trebuie s\u0103 \u00eencerce din greu s\u0103-i extrag\u0103. Speciali\u0219tii \u00een acest caz recomand\u0103 utilizarea ketanilor, capabile s\u0103 atenueze durerea. Medicamentul se administreaz\u0103 de 3 ori pe zi la fiecare 6 ore, durata tratamentului nu dep\u0103\u0219e\u0219te 7 zile.<\/p>\n<p>Acest medicament este contraindicat la pacien\u021bii cu astm bronhic, procesele ulcerative \u00een stomac sau duoden, patologia rinichilor, femeile gravide \u0219i mamele care al\u0103pteaz\u0103. Efectele secundare pot fi: somnolen\u021b\u0103, sete, palpita\u021bii ale inimii.<\/p>\n<h3>Recomand\u0103ri dup\u0103 opera\u021bie<\/h3>\n<p>Dup\u0103 \u00eendep\u0103rtarea din\u021bilor, trebuie s\u0103 respecta\u021bi regulile:<br \/>\n\u2022 \u00een primele 24 de ore dup\u0103 extragerea din\u021bilor, nu v\u0103 pute\u021bi cl\u0103ti gura \u0219i pute\u021bi lua b\u0103uturi alcoolice;<br \/>\n\u2022 alimentele trebuie s\u0103 fie calde \u0219i moi; supele rase sunt cele mai potrivite;<br \/>\n\u2022 nu este recomandat\u0103 atingerea locului cu limba sau utilizarea \u00een acest scop a unor obiecte;<br \/>\n\u2022 mesteca\u021bi m\u00e2ncare \u00een partea unde sunt localiza\u021bi din\u021bii s\u0103n\u0103to\u0219i; \u2022 v\u0103 sp\u0103la\u021bi pe din\u021bi numai a doua zi.<\/p>\n<h3>Extragerea din\u021bilor: complica\u021biile<\/h3>\n<p>Dac\u0103 la c\u00e2teva zile dup\u0103 \u00eendep\u0103rtarea dintelui, rana r\u0103m\u00e2ne umflat\u0103 \u0219i a \u00eenceput s\u0103 doar\u0103, este necesar s\u0103 se consulte urgent un medic. Medicina moderna sugereaz\u0103 \u00eenlocuirea dintelui extras cu un implant imediat, dar cel mai bine este sa ai grija de din\u021bi s\u0103 previi aceste masuri radical<\/p>\n","protected":false},"excerpt":{"rendered":"<p>Extragerea din\u021bilor (chirurgie) este o m\u0103sur\u0103 extrem\u0103 \u00een stomatologie, se realizeaz\u0103 numai \u00een cazurile \u00een care este imposibil s\u0103 fie salvat dintele. Aceast\u0103 procedur\u0103 promoveaz\u0103 prevenirea cariilor \u0219i a tehnologiilor, care pot salva dintele. Lipsa unui singur dinte duce la tulbur\u0103ri estetice \u0219i func\u021bionale grave. De exemplu, \u00eendep\u0103rtarea unuia dintre din\u021bii inferiori conduce la faptul [&hellip;]<\/p>\n","protected":false},"author":28,"featured_media":0,"parent":52993,"menu_order":0,"comment_status":"closed","ping_status":"closed","template":"","meta":{"inline_featured_image":false,"footnotes":""},"class_list":["post-66959","page","type-page","status-publish"],"yoast_head":"<!-- This site is optimized with the Yoast SEO plugin v27.3 - https:\/\/yoast.com\/product\/yoast-seo-wordpress\/ -->\n<title>Extrac\u021bia din\u021bilor (chirurgie)<\/title>\n<meta name=\"description\" content=\"Extragerea din\u021bilor (chirurgie) este o m\u0103sur\u0103 extrem\u0103 \u00een stomatologie, se realizeaz\u0103 numai \u00een cazurile \u00een care este imposibil s\u0103 fie salvat dintele.\" \/>\n<meta name=\"robots\" content=\"index, follow, max-snippet:-1, max-image-preview:large, max-video-preview:-1\" \/>\n<link rel=\"canonical\" href=\"https:\/\/sanatate.md\/ro\/boli-si-tratament\/boli-ale-dintilor-si-ale-cavitatii-bucale\/extractia-dintilor-chirurgie\/\" \/>\n<meta property=\"og:locale\" content=\"ro_RO\" \/>\n<meta property=\"og:type\" content=\"article\" \/>\n<meta property=\"og:title\" content=\"Extrac\u021bia din\u021bilor (chirurgie)\" \/>\n<meta property=\"og:description\" content=\"Extragerea din\u021bilor (chirurgie) este o m\u0103sur\u0103 extrem\u0103 \u00een stomatologie, se realizeaz\u0103 numai \u00een cazurile \u00een care este imposibil s\u0103 fie salvat dintele.\" \/>\n<meta property=\"og:url\" content=\"https:\/\/sanatate.md\/ro\/boli-si-tratament\/boli-ale-dintilor-si-ale-cavitatii-bucale\/extractia-dintilor-chirurgie\/\" \/>\n<meta property=\"og:site_name\" content=\"Sanatate.md\" \/>\n<meta name=\"twitter:card\" content=\"summary_large_image\" \/>\n<meta name=\"twitter:label1\" content=\"Timp estimat pentru citire\" \/>\n\t<meta name=\"twitter:data1\" content=\"8 minute\" \/>\n<script type=\"application\/ld+json\" class=\"yoast-schema-graph\">{\"@context\":\"https:\\\/\\\/schema.org\",\"@graph\":[{\"@type\":\"WebPage\",\"@id\":\"https:\\\/\\\/sanatate.md\\\/ro\\\/boli-si-tratament\\\/boli-ale-dintilor-si-ale-cavitatii-bucale\\\/extractia-dintilor-chirurgie\\\/\",\"url\":\"https:\\\/\\\/sanatate.md\\\/ro\\\/boli-si-tratament\\\/boli-ale-dintilor-si-ale-cavitatii-bucale\\\/extractia-dintilor-chirurgie\\\/\",\"name\":\"Extrac\u021bia din\u021bilor (chirurgie)\",\"isPartOf\":{\"@id\":\"https:\\\/\\\/sanatate.md\\\/ro\\\/#website\"},\"datePublished\":\"2018-10-18T13:41:04+00:00\",\"description\":\"Extragerea din\u021bilor (chirurgie) este o m\u0103sur\u0103 extrem\u0103 \u00een stomatologie, se realizeaz\u0103 numai \u00een cazurile \u00een care este imposibil s\u0103 fie salvat dintele.\",\"breadcrumb\":{\"@id\":\"https:\\\/\\\/sanatate.md\\\/ro\\\/boli-si-tratament\\\/boli-ale-dintilor-si-ale-cavitatii-bucale\\\/extractia-dintilor-chirurgie\\\/#breadcrumb\"},\"inLanguage\":\"ro-RO\",\"potentialAction\":[{\"@type\":\"ReadAction\",\"target\":[\"https:\\\/\\\/sanatate.md\\\/ro\\\/boli-si-tratament\\\/boli-ale-dintilor-si-ale-cavitatii-bucale\\\/extractia-dintilor-chirurgie\\\/\"]}]},{\"@type\":\"BreadcrumbList\",\"@id\":\"https:\\\/\\\/sanatate.md\\\/ro\\\/boli-si-tratament\\\/boli-ale-dintilor-si-ale-cavitatii-bucale\\\/extractia-dintilor-chirurgie\\\/#breadcrumb\",\"itemListElement\":[{\"@type\":\"ListItem\",\"position\":1,\"name\":\"\u0413\u043b\u0430\u0432\u043d\u0430\u044f \u0441\u0442\u0440\u0430\u043d\u0438\u0446\u0430\",\"item\":\"https:\\\/\\\/sanatate.md\\\/ro\\\/\"},{\"@type\":\"ListItem\",\"position\":2,\"name\":\"Boli si tratament\",\"item\":\"https:\\\/\\\/sanatate.md\\\/ro\\\/boli-si-tratament\\\/\"},{\"@type\":\"ListItem\",\"position\":3,\"name\":\"Boli ale din\u021bilor \u0219i ale cavit\u0103\u021bii bucale\",\"item\":\"https:\\\/\\\/sanatate.md\\\/ro\\\/boli-si-tratament\\\/boli-ale-dintilor-si-ale-cavitatii-bucale\\\/\"},{\"@type\":\"ListItem\",\"position\":4,\"name\":\"Extrac\u021bia din\u021bilor (chirurgie)\"}]},{\"@type\":\"WebSite\",\"@id\":\"https:\\\/\\\/sanatate.md\\\/ro\\\/#website\",\"url\":\"https:\\\/\\\/sanatate.md\\\/ro\\\/\",\"name\":\"Sanatate.md\",\"description\":\"\u0416\u0443\u0440\u043d\u0430\u043b \u0434\u043b\u044f \u0432\u0441\u0435\u0439 \u0441\u0435\u043c\u044c\u0438 \u0432 \u041c\u043e\u043b\u0434\u043e\u0432\u0435\",\"publisher\":{\"@id\":\"https:\\\/\\\/sanatate.md\\\/ro\\\/#organization\"},\"potentialAction\":[{\"@type\":\"SearchAction\",\"target\":{\"@type\":\"EntryPoint\",\"urlTemplate\":\"https:\\\/\\\/sanatate.md\\\/ro\\\/?s={search_term_string}\"},\"query-input\":{\"@type\":\"PropertyValueSpecification\",\"valueRequired\":true,\"valueName\":\"search_term_string\"}}],\"inLanguage\":\"ro-RO\"},{\"@type\":\"Organization\",\"@id\":\"https:\\\/\\\/sanatate.md\\\/ro\\\/#organization\",\"name\":\"SANATATE\",\"url\":\"https:\\\/\\\/sanatate.md\\\/ro\\\/\",\"logo\":{\"@type\":\"ImageObject\",\"inLanguage\":\"ro-RO\",\"@id\":\"https:\\\/\\\/sanatate.md\\\/ro\\\/#\\\/schema\\\/logo\\\/image\\\/\",\"url\":\"https:\\\/\\\/sanatate.md\\\/wp-content\\\/uploads\\\/2022\\\/01\\\/sanatate-logo.svg\",\"contentUrl\":\"https:\\\/\\\/sanatate.md\\\/wp-content\\\/uploads\\\/2022\\\/01\\\/sanatate-logo.svg\",\"width\":\"1024\",\"height\":\"1024\",\"caption\":\"SANATATE\"},\"image\":{\"@id\":\"https:\\\/\\\/sanatate.md\\\/ro\\\/#\\\/schema\\\/logo\\\/image\\\/\"}}]}<\/script>\n<!-- \/ Yoast SEO plugin. -->","yoast_head_json":{"title":"Extrac\u021bia din\u021bilor (chirurgie)","description":"Extragerea din\u021bilor (chirurgie) este o m\u0103sur\u0103 extrem\u0103 \u00een stomatologie, se realizeaz\u0103 numai \u00een cazurile \u00een care este imposibil s\u0103 fie salvat dintele.","robots":{"index":"index","follow":"follow","max-snippet":"max-snippet:-1","max-image-preview":"max-image-preview:large","max-video-preview":"max-video-preview:-1"},"canonical":"https:\/\/sanatate.md\/ro\/boli-si-tratament\/boli-ale-dintilor-si-ale-cavitatii-bucale\/extractia-dintilor-chirurgie\/","og_locale":"ro_RO","og_type":"article","og_title":"Extrac\u021bia din\u021bilor (chirurgie)","og_description":"Extragerea din\u021bilor (chirurgie) este o m\u0103sur\u0103 extrem\u0103 \u00een stomatologie, se realizeaz\u0103 numai \u00een cazurile \u00een care este imposibil s\u0103 fie salvat dintele.","og_url":"https:\/\/sanatate.md\/ro\/boli-si-tratament\/boli-ale-dintilor-si-ale-cavitatii-bucale\/extractia-dintilor-chirurgie\/","og_site_name":"Sanatate.md","twitter_card":"summary_large_image","twitter_misc":{"Timp estimat pentru citire":"8 minute"},"schema":{"@context":"https:\/\/schema.org","@graph":[{"@type":"WebPage","@id":"https:\/\/sanatate.md\/ro\/boli-si-tratament\/boli-ale-dintilor-si-ale-cavitatii-bucale\/extractia-dintilor-chirurgie\/","url":"https:\/\/sanatate.md\/ro\/boli-si-tratament\/boli-ale-dintilor-si-ale-cavitatii-bucale\/extractia-dintilor-chirurgie\/","name":"Extrac\u021bia din\u021bilor (chirurgie)","isPartOf":{"@id":"https:\/\/sanatate.md\/ro\/#website"},"datePublished":"2018-10-18T13:41:04+00:00","description":"Extragerea din\u021bilor (chirurgie) este o m\u0103sur\u0103 extrem\u0103 \u00een stomatologie, se realizeaz\u0103 numai \u00een cazurile \u00een care este imposibil s\u0103 fie salvat dintele.","breadcrumb":{"@id":"https:\/\/sanatate.md\/ro\/boli-si-tratament\/boli-ale-dintilor-si-ale-cavitatii-bucale\/extractia-dintilor-chirurgie\/#breadcrumb"},"inLanguage":"ro-RO","potentialAction":[{"@type":"ReadAction","target":["https:\/\/sanatate.md\/ro\/boli-si-tratament\/boli-ale-dintilor-si-ale-cavitatii-bucale\/extractia-dintilor-chirurgie\/"]}]},{"@type":"BreadcrumbList","@id":"https:\/\/sanatate.md\/ro\/boli-si-tratament\/boli-ale-dintilor-si-ale-cavitatii-bucale\/extractia-dintilor-chirurgie\/#breadcrumb","itemListElement":[{"@type":"ListItem","position":1,"name":"\u0413\u043b\u0430\u0432\u043d\u0430\u044f \u0441\u0442\u0440\u0430\u043d\u0438\u0446\u0430","item":"https:\/\/sanatate.md\/ro\/"},{"@type":"ListItem","position":2,"name":"Boli si tratament","item":"https:\/\/sanatate.md\/ro\/boli-si-tratament\/"},{"@type":"ListItem","position":3,"name":"Boli ale din\u021bilor \u0219i ale cavit\u0103\u021bii bucale","item":"https:\/\/sanatate.md\/ro\/boli-si-tratament\/boli-ale-dintilor-si-ale-cavitatii-bucale\/"},{"@type":"ListItem","position":4,"name":"Extrac\u021bia din\u021bilor (chirurgie)"}]},{"@type":"WebSite","@id":"https:\/\/sanatate.md\/ro\/#website","url":"https:\/\/sanatate.md\/ro\/","name":"Sanatate.md","description":"\u0416\u0443\u0440\u043d\u0430\u043b \u0434\u043b\u044f \u0432\u0441\u0435\u0439 \u0441\u0435\u043c\u044c\u0438 \u0432 \u041c\u043e\u043b\u0434\u043e\u0432\u0435","publisher":{"@id":"https:\/\/sanatate.md\/ro\/#organization"},"potentialAction":[{"@type":"SearchAction","target":{"@type":"EntryPoint","urlTemplate":"https:\/\/sanatate.md\/ro\/?s={search_term_string}"},"query-input":{"@type":"PropertyValueSpecification","valueRequired":true,"valueName":"search_term_string"}}],"inLanguage":"ro-RO"},{"@type":"Organization","@id":"https:\/\/sanatate.md\/ro\/#organization","name":"SANATATE","url":"https:\/\/sanatate.md\/ro\/","logo":{"@type":"ImageObject","inLanguage":"ro-RO","@id":"https:\/\/sanatate.md\/ro\/#\/schema\/logo\/image\/","url":"https:\/\/sanatate.md\/wp-content\/uploads\/2022\/01\/sanatate-logo.svg","contentUrl":"https:\/\/sanatate.md\/wp-content\/uploads\/2022\/01\/sanatate-logo.svg","width":"1024","height":"1024","caption":"SANATATE"},"image":{"@id":"https:\/\/sanatate.md\/ro\/#\/schema\/logo\/image\/"}}]}},"_links":{"self":[{"href":"https:\/\/sanatate.md\/ro\/wp-json\/wp\/v2\/pages\/66959","targetHints":{"allow":["GET"]}}],"collection":[{"href":"https:\/\/sanatate.md\/ro\/wp-json\/wp\/v2\/pages"}],"about":[{"href":"https:\/\/sanatate.md\/ro\/wp-json\/wp\/v2\/types\/page"}],"author":[{"embeddable":true,"href":"https:\/\/sanatate.md\/ro\/wp-json\/wp\/v2\/users\/28"}],"replies":[{"embeddable":true,"href":"https:\/\/sanatate.md\/ro\/wp-json\/wp\/v2\/comments?post=66959"}],"version-history":[{"count":0,"href":"https:\/\/sanatate.md\/ro\/wp-json\/wp\/v2\/pages\/66959\/revisions"}],"up":[{"embeddable":true,"href":"https:\/\/sanatate.md\/ro\/wp-json\/wp\/v2\/pages\/52993"}],"wp:attachment":[{"href":"https:\/\/sanatate.md\/ro\/wp-json\/wp\/v2\/media?parent=66959"}],"curies":[{"name":"wp","href":"https:\/\/api.w.org\/{rel}","templated":true}]}}