{"id":66963,"date":"2018-10-18T16:49:44","date_gmt":"2018-10-18T13:49:44","guid":{"rendered":"https:\/\/sanatate.md\/?page_id=66963"},"modified":"2018-10-18T16:49:44","modified_gmt":"2018-10-18T13:49:44","slug":"nevus-flaming-pete-de-vin","status":"publish","type":"page","link":"https:\/\/sanatate.md\/ro\/boli-si-tratament\/boli-de-piele\/nevus-flaming-pete-de-vin\/","title":{"rendered":"Nevus flaming (pete de vin)"},"content":{"rendered":"<p>Nevus flaming (pete de vin) &#8211; pete plate din diferite nuan\u021be de ro\u0219u cu margini clare, de dimensiuni si num\u0103r diferit.<\/p>\n<p>Sunt cazuri c\u00e2nd sunt afectate jum\u0103tate din pielea corpului. De cele mai multe ori, acestea sunt situate pe partea lateral\u0103 a fe\u021bei, pe piele sub p\u0103r, pe g\u00e2t (partea din spate). Uneori sunt pete \u0219i pe membranele mucoase. Unele sunt \u00eenn\u0103scute, \u00een unele cazuri, capabile s\u0103 progreseze.<\/p>\n<p>Aceast\u0103 form\u0103 de hemangiom este un simptom al unor st\u0103ri de boal\u0103:<br \/>\n\u2022 Sturge-Weber-Krabbe;<br \/>\n\u2022 Kliphela &#8211; Trenone;<br \/>\n\u2022 Rubinstein-Teybi;<br \/>\n\u2022 Beckwith-Wiedemann.<\/p>\n<h3>Tratamentul<\/h3>\n<p>P\u00e2n\u0103 nu demult boala era tratat\u0103 prin transplantul pielii. Dar aceast\u0103 metod\u0103 este scump\u0103, traumatic\u0103, foarte dureroas\u0103 \u0219i lung\u0103 \u00een timp. Uneori, ca rezultat al tratamentului, se formeaz\u0103 cicatrice, care provoac\u0103 un disconfort semnificativ.<\/p>\n<p>La un diagnostic de &#8220;nevus flaming&#8221; cea mai eficient\u0103 metod\u0103 este \u00eendep\u0103rtarea cu laser. Procedura este nedureroas\u0103 \u0219i nu necesit\u0103 o perioad\u0103 lung\u0103 de recuperare.<\/p>\n","protected":false},"excerpt":{"rendered":"<p>Nevus flaming (pete de vin) &#8211; pete plate din diferite nuan\u021be de ro\u0219u cu margini clare, de dimensiuni si num\u0103r diferit. Sunt cazuri c\u00e2nd sunt afectate jum\u0103tate din pielea corpului. De cele mai multe ori, acestea sunt situate pe partea lateral\u0103 a fe\u021bei, pe piele sub p\u0103r, pe g\u00e2t (partea din spate). Uneori sunt pete [&hellip;]<\/p>\n","protected":false},"author":28,"featured_media":0,"parent":38239,"menu_order":0,"comment_status":"closed","ping_status":"closed","template":"","meta":{"inline_featured_image":false,"footnotes":""},"class_list":["post-66963","page","type-page","status-publish"],"yoast_head":"<!-- This site is optimized with the Yoast SEO plugin v27.3 - https:\/\/yoast.com\/product\/yoast-seo-wordpress\/ -->\n<title>Nevus flaming (pete de vin)<\/title>\n<meta name=\"description\" content=\"Nevus flaming (pete de vin) - pete plate din diferite nuan\u021be de ro\u0219u cu margini clare, de dimensiuni si num\u0103r diferit.\" \/>\n<meta name=\"robots\" content=\"index, follow, max-snippet:-1, max-image-preview:large, max-video-preview:-1\" \/>\n<link rel=\"canonical\" href=\"https:\/\/sanatate.md\/ro\/boli-si-tratament\/boli-de-piele\/nevus-flaming-pete-de-vin\/\" \/>\n<meta property=\"og:locale\" content=\"ro_RO\" \/>\n<meta property=\"og:type\" content=\"article\" \/>\n<meta property=\"og:title\" content=\"Nevus flaming (pete de vin)\" \/>\n<meta property=\"og:description\" content=\"Nevus flaming (pete de vin) - pete plate din diferite nuan\u021be de ro\u0219u cu margini clare, de dimensiuni si num\u0103r diferit.\" \/>\n<meta property=\"og:url\" content=\"https:\/\/sanatate.md\/ro\/boli-si-tratament\/boli-de-piele\/nevus-flaming-pete-de-vin\/\" \/>\n<meta property=\"og:site_name\" content=\"Sanatate.md\" \/>\n<meta name=\"twitter:card\" content=\"summary_large_image\" \/>\n<meta name=\"twitter:label1\" content=\"Timp estimat pentru citire\" \/>\n\t<meta name=\"twitter:data1\" content=\"1 minut\" \/>\n<script type=\"application\/ld+json\" class=\"yoast-schema-graph\">{\"@context\":\"https:\\\/\\\/schema.org\",\"@graph\":[{\"@type\":\"WebPage\",\"@id\":\"https:\\\/\\\/sanatate.md\\\/ro\\\/boli-si-tratament\\\/boli-de-piele\\\/nevus-flaming-pete-de-vin\\\/\",\"url\":\"https:\\\/\\\/sanatate.md\\\/ro\\\/boli-si-tratament\\\/boli-de-piele\\\/nevus-flaming-pete-de-vin\\\/\",\"name\":\"Nevus flaming (pete de vin)\",\"isPartOf\":{\"@id\":\"https:\\\/\\\/sanatate.md\\\/ro\\\/#website\"},\"datePublished\":\"2018-10-18T13:49:44+00:00\",\"description\":\"Nevus flaming (pete de vin) - pete plate din diferite nuan\u021be de ro\u0219u cu margini clare, de dimensiuni si num\u0103r diferit.\",\"breadcrumb\":{\"@id\":\"https:\\\/\\\/sanatate.md\\\/ro\\\/boli-si-tratament\\\/boli-de-piele\\\/nevus-flaming-pete-de-vin\\\/#breadcrumb\"},\"inLanguage\":\"ro-RO\",\"potentialAction\":[{\"@type\":\"ReadAction\",\"target\":[\"https:\\\/\\\/sanatate.md\\\/ro\\\/boli-si-tratament\\\/boli-de-piele\\\/nevus-flaming-pete-de-vin\\\/\"]}]},{\"@type\":\"BreadcrumbList\",\"@id\":\"https:\\\/\\\/sanatate.md\\\/ro\\\/boli-si-tratament\\\/boli-de-piele\\\/nevus-flaming-pete-de-vin\\\/#breadcrumb\",\"itemListElement\":[{\"@type\":\"ListItem\",\"position\":1,\"name\":\"\u0413\u043b\u0430\u0432\u043d\u0430\u044f \u0441\u0442\u0440\u0430\u043d\u0438\u0446\u0430\",\"item\":\"https:\\\/\\\/sanatate.md\\\/ro\\\/\"},{\"@type\":\"ListItem\",\"position\":2,\"name\":\"Boli si tratament\",\"item\":\"https:\\\/\\\/sanatate.md\\\/ro\\\/boli-si-tratament\\\/\"},{\"@type\":\"ListItem\",\"position\":3,\"name\":\"Boli de piele\",\"item\":\"https:\\\/\\\/sanatate.md\\\/ro\\\/boli-si-tratament\\\/boli-de-piele\\\/\"},{\"@type\":\"ListItem\",\"position\":4,\"name\":\"Nevus flaming (pete de vin)\"}]},{\"@type\":\"WebSite\",\"@id\":\"https:\\\/\\\/sanatate.md\\\/ro\\\/#website\",\"url\":\"https:\\\/\\\/sanatate.md\\\/ro\\\/\",\"name\":\"Sanatate.md\",\"description\":\"\u0416\u0443\u0440\u043d\u0430\u043b \u0434\u043b\u044f \u0432\u0441\u0435\u0439 \u0441\u0435\u043c\u044c\u0438 \u0432 \u041c\u043e\u043b\u0434\u043e\u0432\u0435\",\"publisher\":{\"@id\":\"https:\\\/\\\/sanatate.md\\\/ro\\\/#organization\"},\"potentialAction\":[{\"@type\":\"SearchAction\",\"target\":{\"@type\":\"EntryPoint\",\"urlTemplate\":\"https:\\\/\\\/sanatate.md\\\/ro\\\/?s={search_term_string}\"},\"query-input\":{\"@type\":\"PropertyValueSpecification\",\"valueRequired\":true,\"valueName\":\"search_term_string\"}}],\"inLanguage\":\"ro-RO\"},{\"@type\":\"Organization\",\"@id\":\"https:\\\/\\\/sanatate.md\\\/ro\\\/#organization\",\"name\":\"SANATATE\",\"url\":\"https:\\\/\\\/sanatate.md\\\/ro\\\/\",\"logo\":{\"@type\":\"ImageObject\",\"inLanguage\":\"ro-RO\",\"@id\":\"https:\\\/\\\/sanatate.md\\\/ro\\\/#\\\/schema\\\/logo\\\/image\\\/\",\"url\":\"https:\\\/\\\/sanatate.md\\\/wp-content\\\/uploads\\\/2022\\\/01\\\/sanatate-logo.svg\",\"contentUrl\":\"https:\\\/\\\/sanatate.md\\\/wp-content\\\/uploads\\\/2022\\\/01\\\/sanatate-logo.svg\",\"width\":\"1024\",\"height\":\"1024\",\"caption\":\"SANATATE\"},\"image\":{\"@id\":\"https:\\\/\\\/sanatate.md\\\/ro\\\/#\\\/schema\\\/logo\\\/image\\\/\"}}]}<\/script>\n<!-- \/ Yoast SEO plugin. -->","yoast_head_json":{"title":"Nevus flaming (pete de vin)","description":"Nevus flaming (pete de vin) - pete plate din diferite nuan\u021be de ro\u0219u cu margini clare, de dimensiuni si num\u0103r diferit.","robots":{"index":"index","follow":"follow","max-snippet":"max-snippet:-1","max-image-preview":"max-image-preview:large","max-video-preview":"max-video-preview:-1"},"canonical":"https:\/\/sanatate.md\/ro\/boli-si-tratament\/boli-de-piele\/nevus-flaming-pete-de-vin\/","og_locale":"ro_RO","og_type":"article","og_title":"Nevus flaming (pete de vin)","og_description":"Nevus flaming (pete de vin) - pete plate din diferite nuan\u021be de ro\u0219u cu margini clare, de dimensiuni si num\u0103r diferit.","og_url":"https:\/\/sanatate.md\/ro\/boli-si-tratament\/boli-de-piele\/nevus-flaming-pete-de-vin\/","og_site_name":"Sanatate.md","twitter_card":"summary_large_image","twitter_misc":{"Timp estimat pentru citire":"1 minut"},"schema":{"@context":"https:\/\/schema.org","@graph":[{"@type":"WebPage","@id":"https:\/\/sanatate.md\/ro\/boli-si-tratament\/boli-de-piele\/nevus-flaming-pete-de-vin\/","url":"https:\/\/sanatate.md\/ro\/boli-si-tratament\/boli-de-piele\/nevus-flaming-pete-de-vin\/","name":"Nevus flaming (pete de vin)","isPartOf":{"@id":"https:\/\/sanatate.md\/ro\/#website"},"datePublished":"2018-10-18T13:49:44+00:00","description":"Nevus flaming (pete de vin) - pete plate din diferite nuan\u021be de ro\u0219u cu margini clare, de dimensiuni si num\u0103r diferit.","breadcrumb":{"@id":"https:\/\/sanatate.md\/ro\/boli-si-tratament\/boli-de-piele\/nevus-flaming-pete-de-vin\/#breadcrumb"},"inLanguage":"ro-RO","potentialAction":[{"@type":"ReadAction","target":["https:\/\/sanatate.md\/ro\/boli-si-tratament\/boli-de-piele\/nevus-flaming-pete-de-vin\/"]}]},{"@type":"BreadcrumbList","@id":"https:\/\/sanatate.md\/ro\/boli-si-tratament\/boli-de-piele\/nevus-flaming-pete-de-vin\/#breadcrumb","itemListElement":[{"@type":"ListItem","position":1,"name":"\u0413\u043b\u0430\u0432\u043d\u0430\u044f \u0441\u0442\u0440\u0430\u043d\u0438\u0446\u0430","item":"https:\/\/sanatate.md\/ro\/"},{"@type":"ListItem","position":2,"name":"Boli si tratament","item":"https:\/\/sanatate.md\/ro\/boli-si-tratament\/"},{"@type":"ListItem","position":3,"name":"Boli de piele","item":"https:\/\/sanatate.md\/ro\/boli-si-tratament\/boli-de-piele\/"},{"@type":"ListItem","position":4,"name":"Nevus flaming (pete de vin)"}]},{"@type":"WebSite","@id":"https:\/\/sanatate.md\/ro\/#website","url":"https:\/\/sanatate.md\/ro\/","name":"Sanatate.md","description":"\u0416\u0443\u0440\u043d\u0430\u043b \u0434\u043b\u044f \u0432\u0441\u0435\u0439 \u0441\u0435\u043c\u044c\u0438 \u0432 \u041c\u043e\u043b\u0434\u043e\u0432\u0435","publisher":{"@id":"https:\/\/sanatate.md\/ro\/#organization"},"potentialAction":[{"@type":"SearchAction","target":{"@type":"EntryPoint","urlTemplate":"https:\/\/sanatate.md\/ro\/?s={search_term_string}"},"query-input":{"@type":"PropertyValueSpecification","valueRequired":true,"valueName":"search_term_string"}}],"inLanguage":"ro-RO"},{"@type":"Organization","@id":"https:\/\/sanatate.md\/ro\/#organization","name":"SANATATE","url":"https:\/\/sanatate.md\/ro\/","logo":{"@type":"ImageObject","inLanguage":"ro-RO","@id":"https:\/\/sanatate.md\/ro\/#\/schema\/logo\/image\/","url":"https:\/\/sanatate.md\/wp-content\/uploads\/2022\/01\/sanatate-logo.svg","contentUrl":"https:\/\/sanatate.md\/wp-content\/uploads\/2022\/01\/sanatate-logo.svg","width":"1024","height":"1024","caption":"SANATATE"},"image":{"@id":"https:\/\/sanatate.md\/ro\/#\/schema\/logo\/image\/"}}]}},"_links":{"self":[{"href":"https:\/\/sanatate.md\/ro\/wp-json\/wp\/v2\/pages\/66963","targetHints":{"allow":["GET"]}}],"collection":[{"href":"https:\/\/sanatate.md\/ro\/wp-json\/wp\/v2\/pages"}],"about":[{"href":"https:\/\/sanatate.md\/ro\/wp-json\/wp\/v2\/types\/page"}],"author":[{"embeddable":true,"href":"https:\/\/sanatate.md\/ro\/wp-json\/wp\/v2\/users\/28"}],"replies":[{"embeddable":true,"href":"https:\/\/sanatate.md\/ro\/wp-json\/wp\/v2\/comments?post=66963"}],"version-history":[{"count":0,"href":"https:\/\/sanatate.md\/ro\/wp-json\/wp\/v2\/pages\/66963\/revisions"}],"up":[{"embeddable":true,"href":"https:\/\/sanatate.md\/ro\/wp-json\/wp\/v2\/pages\/38239"}],"wp:attachment":[{"href":"https:\/\/sanatate.md\/ro\/wp-json\/wp\/v2\/media?parent=66963"}],"curies":[{"name":"wp","href":"https:\/\/api.w.org\/{rel}","templated":true}]}}