{"id":66967,"date":"2018-10-18T16:59:33","date_gmt":"2018-10-18T13:59:33","guid":{"rendered":"https:\/\/sanatate.md\/?page_id=66967"},"modified":"2018-10-18T16:59:33","modified_gmt":"2018-10-18T13:59:33","slug":"migraine-nevralgie","status":"publish","type":"page","link":"https:\/\/sanatate.md\/ro\/boli-si-tratament\/boli-neurologice\/migraine-nevralgie\/","title":{"rendered":"Migraine nevralgie"},"content":{"rendered":"<p>Migrena nevralgic\u0103 este caracterizat\u0103 de paroxisme de durere sever\u0103 \u00een t\u00e2mple, care se repet\u0103 de mai multe ori pe parcursul zilei. Optzeci la sut\u0103 dintre pacien\u021bi sufer\u0103 de atacuri de migren\u0103 timp de una p\u00e2n\u0103 la dou\u0103 luni, urmat\u0103 de o perioad\u0103 de lini\u0219te de cinci p\u00e2n\u0103 la zece luni.<\/p>\n<h3>Cauzele<\/h3>\n<p>Medicina modern\u0103 nu a stabilit cauzele unui astfel de fenomen, cum ar fi durerea de cap a fasciculului &#8211; nevralgia migrenei.<\/p>\n<h3>Simptomatologia<\/h3>\n<p>Simptome:<br \/>\n\u2022 durerile unilaterale care radiaz\u0103 la zona g\u00e2tului, spre urechi \u0219i maxilar apar \u0219i dispar brusc;<br \/>\n\u2022 l\u0103cr\u0103mare intens\u0103;<br \/>\n\u2022 hipersaliva\u021bie;<br \/>\n\u2022 conjunctivit\u0103;<br \/>\n\u2022 rinoree;<br \/>\n\u2022 paliditatea fe\u021bei;<br \/>\n\u2022 hiperemia fe\u021bei;<br \/>\n\u2022 senza\u021bie de flux de s\u00e2nge \u00een partea superioar\u0103 a corpului;<br \/>\n\u2022 dureri severe de cap, care sunt \u00eenso\u021bite \u0219i \u021bipetele bolnavului.<\/p>\n<p>Durata atacului dureros variaz\u0103 de la cinci &#8211; zece minute p\u00e2n\u0103 la una &#8211; dou\u0103 ore de mai multe ori pe zi. O serie de dureri poate \u021bine de la c\u00e2teva zile la c\u00e2teva luni. Asemenea dureri de serie alterneaz\u0103 cu perioade lungi de lini\u0219te absolut\u0103.<\/p>\n<p>Potrivit statisticilor, aceast\u0103 boal\u0103 afecteaz\u0103 mai mul\u021bi b\u0103rba\u021bii dec\u00e2t femeile. Nevralgia migrenelor difer\u0103 de un atac de migren\u0103 prin apari\u021bia \u0219i \u00eencetarea brusc\u0103, repetate de c\u00e2teva ori pe zi. Nevralgia nervului trigeminal se caracterizeaz\u0103 prin durere pentru una sau dou\u0103 minute, un astfel de atac poate provoca o conversa\u021bie, alimentare \u0219i r\u0103cirea.<\/p>\n<h3>Diagnosticarea<\/h3>\n<p>Diagnosticul diferen\u021bial al acestei boli trebuie s\u0103 fie efectuat \u00eempreun\u0103 cu diagnosticul unor astfel de boli:<br \/>\n\u2022 migren\u0103;<br \/>\n\u2022 nevralgia tipului trigeminal;<br \/>\n\u2022 arterit\u0103 temporal\u0103;<br \/>\n\u2022 Sindromul Reader.<br \/>\n\u00cen unele cazuri, este diagnosticat\u0103 cefalgia clusterului, nevralgia periodic\u0103 a migrenei de la Harris.<\/p>\n<h3>Migraine nevralgie: tratament<\/h3>\n<p>Atacurile de nevralgie sever\u0103 a migrenei pot fi eliminate cu ajutorul medicamentelor din grupul glucocorticoid (Prednisolon la o doz\u0103 de 20-30 mg pe zi), Carbonat de litiu (600-700 mg pe zi).<\/p>\n<p>Combina\u021bia de antidepresive cu a blocante, cum ar fi Amitriptyline Coaxil cu Anaprilin, este considerat\u0103 eficient\u0103. Se recomand\u0103, de asemenea, s\u0103 se urmeze un curs de hipnoterapie \u0219i autotrenizare. Cel mai eficient rezultat poate fi ob\u021binut prin trecerea unui tratament de tip combinat.<\/p>\n","protected":false},"excerpt":{"rendered":"<p>Migrena nevralgic\u0103 este caracterizat\u0103 de paroxisme de durere sever\u0103 \u00een t\u00e2mple, care se repet\u0103 de mai multe ori pe parcursul zilei. Optzeci la sut\u0103 dintre pacien\u021bi sufer\u0103 de atacuri de migren\u0103 timp de una p\u00e2n\u0103 la dou\u0103 luni, urmat\u0103 de o perioad\u0103 de lini\u0219te de cinci p\u00e2n\u0103 la zece luni. Cauzele Medicina modern\u0103 nu a [&hellip;]<\/p>\n","protected":false},"author":28,"featured_media":0,"parent":52978,"menu_order":0,"comment_status":"closed","ping_status":"closed","template":"","meta":{"inline_featured_image":false,"footnotes":""},"class_list":["post-66967","page","type-page","status-publish"],"yoast_head":"<!-- This site is optimized with the Yoast SEO plugin v27.3 - https:\/\/yoast.com\/product\/yoast-seo-wordpress\/ -->\n<title>Migraine nevralgie<\/title>\n<meta name=\"description\" content=\"Migrena nevralgic\u0103 este caracterizat\u0103 de paroxisme de durere sever\u0103 \u00een t\u00e2mple, care se repet\u0103 de mai multe ori pe parcursul zilei.\" \/>\n<meta name=\"robots\" content=\"index, follow, max-snippet:-1, max-image-preview:large, max-video-preview:-1\" \/>\n<link rel=\"canonical\" href=\"https:\/\/sanatate.md\/ro\/boli-si-tratament\/boli-neurologice\/migraine-nevralgie\/\" \/>\n<meta property=\"og:locale\" content=\"ro_RO\" \/>\n<meta property=\"og:type\" content=\"article\" \/>\n<meta property=\"og:title\" content=\"Migraine nevralgie\" \/>\n<meta property=\"og:description\" content=\"Migrena nevralgic\u0103 este caracterizat\u0103 de paroxisme de durere sever\u0103 \u00een t\u00e2mple, care se repet\u0103 de mai multe ori pe parcursul zilei.\" \/>\n<meta property=\"og:url\" content=\"https:\/\/sanatate.md\/ro\/boli-si-tratament\/boli-neurologice\/migraine-nevralgie\/\" \/>\n<meta property=\"og:site_name\" content=\"Sanatate.md\" \/>\n<meta name=\"twitter:card\" content=\"summary_large_image\" \/>\n<meta name=\"twitter:label1\" content=\"Timp estimat pentru citire\" \/>\n\t<meta name=\"twitter:data1\" content=\"2 minute\" \/>\n<script type=\"application\/ld+json\" class=\"yoast-schema-graph\">{\"@context\":\"https:\\\/\\\/schema.org\",\"@graph\":[{\"@type\":\"WebPage\",\"@id\":\"https:\\\/\\\/sanatate.md\\\/ro\\\/boli-si-tratament\\\/boli-neurologice\\\/migraine-nevralgie\\\/\",\"url\":\"https:\\\/\\\/sanatate.md\\\/ro\\\/boli-si-tratament\\\/boli-neurologice\\\/migraine-nevralgie\\\/\",\"name\":\"Migraine nevralgie\",\"isPartOf\":{\"@id\":\"https:\\\/\\\/sanatate.md\\\/ro\\\/#website\"},\"datePublished\":\"2018-10-18T13:59:33+00:00\",\"description\":\"Migrena nevralgic\u0103 este caracterizat\u0103 de paroxisme de durere sever\u0103 \u00een t\u00e2mple, care se repet\u0103 de mai multe ori pe parcursul zilei.\",\"breadcrumb\":{\"@id\":\"https:\\\/\\\/sanatate.md\\\/ro\\\/boli-si-tratament\\\/boli-neurologice\\\/migraine-nevralgie\\\/#breadcrumb\"},\"inLanguage\":\"ro-RO\",\"potentialAction\":[{\"@type\":\"ReadAction\",\"target\":[\"https:\\\/\\\/sanatate.md\\\/ro\\\/boli-si-tratament\\\/boli-neurologice\\\/migraine-nevralgie\\\/\"]}]},{\"@type\":\"BreadcrumbList\",\"@id\":\"https:\\\/\\\/sanatate.md\\\/ro\\\/boli-si-tratament\\\/boli-neurologice\\\/migraine-nevralgie\\\/#breadcrumb\",\"itemListElement\":[{\"@type\":\"ListItem\",\"position\":1,\"name\":\"\u0413\u043b\u0430\u0432\u043d\u0430\u044f \u0441\u0442\u0440\u0430\u043d\u0438\u0446\u0430\",\"item\":\"https:\\\/\\\/sanatate.md\\\/ro\\\/\"},{\"@type\":\"ListItem\",\"position\":2,\"name\":\"Boli si tratament\",\"item\":\"https:\\\/\\\/sanatate.md\\\/ro\\\/boli-si-tratament\\\/\"},{\"@type\":\"ListItem\",\"position\":3,\"name\":\"Boli neurologice\",\"item\":\"https:\\\/\\\/sanatate.md\\\/ro\\\/boli-si-tratament\\\/boli-neurologice\\\/\"},{\"@type\":\"ListItem\",\"position\":4,\"name\":\"Migraine nevralgie\"}]},{\"@type\":\"WebSite\",\"@id\":\"https:\\\/\\\/sanatate.md\\\/ro\\\/#website\",\"url\":\"https:\\\/\\\/sanatate.md\\\/ro\\\/\",\"name\":\"Sanatate.md\",\"description\":\"\u0416\u0443\u0440\u043d\u0430\u043b \u0434\u043b\u044f \u0432\u0441\u0435\u0439 \u0441\u0435\u043c\u044c\u0438 \u0432 \u041c\u043e\u043b\u0434\u043e\u0432\u0435\",\"publisher\":{\"@id\":\"https:\\\/\\\/sanatate.md\\\/ro\\\/#organization\"},\"potentialAction\":[{\"@type\":\"SearchAction\",\"target\":{\"@type\":\"EntryPoint\",\"urlTemplate\":\"https:\\\/\\\/sanatate.md\\\/ro\\\/?s={search_term_string}\"},\"query-input\":{\"@type\":\"PropertyValueSpecification\",\"valueRequired\":true,\"valueName\":\"search_term_string\"}}],\"inLanguage\":\"ro-RO\"},{\"@type\":\"Organization\",\"@id\":\"https:\\\/\\\/sanatate.md\\\/ro\\\/#organization\",\"name\":\"SANATATE\",\"url\":\"https:\\\/\\\/sanatate.md\\\/ro\\\/\",\"logo\":{\"@type\":\"ImageObject\",\"inLanguage\":\"ro-RO\",\"@id\":\"https:\\\/\\\/sanatate.md\\\/ro\\\/#\\\/schema\\\/logo\\\/image\\\/\",\"url\":\"https:\\\/\\\/sanatate.md\\\/wp-content\\\/uploads\\\/2022\\\/01\\\/sanatate-logo.svg\",\"contentUrl\":\"https:\\\/\\\/sanatate.md\\\/wp-content\\\/uploads\\\/2022\\\/01\\\/sanatate-logo.svg\",\"width\":\"1024\",\"height\":\"1024\",\"caption\":\"SANATATE\"},\"image\":{\"@id\":\"https:\\\/\\\/sanatate.md\\\/ro\\\/#\\\/schema\\\/logo\\\/image\\\/\"}}]}<\/script>\n<!-- \/ Yoast SEO plugin. -->","yoast_head_json":{"title":"Migraine nevralgie","description":"Migrena nevralgic\u0103 este caracterizat\u0103 de paroxisme de durere sever\u0103 \u00een t\u00e2mple, care se repet\u0103 de mai multe ori pe parcursul zilei.","robots":{"index":"index","follow":"follow","max-snippet":"max-snippet:-1","max-image-preview":"max-image-preview:large","max-video-preview":"max-video-preview:-1"},"canonical":"https:\/\/sanatate.md\/ro\/boli-si-tratament\/boli-neurologice\/migraine-nevralgie\/","og_locale":"ro_RO","og_type":"article","og_title":"Migraine nevralgie","og_description":"Migrena nevralgic\u0103 este caracterizat\u0103 de paroxisme de durere sever\u0103 \u00een t\u00e2mple, care se repet\u0103 de mai multe ori pe parcursul zilei.","og_url":"https:\/\/sanatate.md\/ro\/boli-si-tratament\/boli-neurologice\/migraine-nevralgie\/","og_site_name":"Sanatate.md","twitter_card":"summary_large_image","twitter_misc":{"Timp estimat pentru citire":"2 minute"},"schema":{"@context":"https:\/\/schema.org","@graph":[{"@type":"WebPage","@id":"https:\/\/sanatate.md\/ro\/boli-si-tratament\/boli-neurologice\/migraine-nevralgie\/","url":"https:\/\/sanatate.md\/ro\/boli-si-tratament\/boli-neurologice\/migraine-nevralgie\/","name":"Migraine nevralgie","isPartOf":{"@id":"https:\/\/sanatate.md\/ro\/#website"},"datePublished":"2018-10-18T13:59:33+00:00","description":"Migrena nevralgic\u0103 este caracterizat\u0103 de paroxisme de durere sever\u0103 \u00een t\u00e2mple, care se repet\u0103 de mai multe ori pe parcursul zilei.","breadcrumb":{"@id":"https:\/\/sanatate.md\/ro\/boli-si-tratament\/boli-neurologice\/migraine-nevralgie\/#breadcrumb"},"inLanguage":"ro-RO","potentialAction":[{"@type":"ReadAction","target":["https:\/\/sanatate.md\/ro\/boli-si-tratament\/boli-neurologice\/migraine-nevralgie\/"]}]},{"@type":"BreadcrumbList","@id":"https:\/\/sanatate.md\/ro\/boli-si-tratament\/boli-neurologice\/migraine-nevralgie\/#breadcrumb","itemListElement":[{"@type":"ListItem","position":1,"name":"\u0413\u043b\u0430\u0432\u043d\u0430\u044f \u0441\u0442\u0440\u0430\u043d\u0438\u0446\u0430","item":"https:\/\/sanatate.md\/ro\/"},{"@type":"ListItem","position":2,"name":"Boli si tratament","item":"https:\/\/sanatate.md\/ro\/boli-si-tratament\/"},{"@type":"ListItem","position":3,"name":"Boli neurologice","item":"https:\/\/sanatate.md\/ro\/boli-si-tratament\/boli-neurologice\/"},{"@type":"ListItem","position":4,"name":"Migraine nevralgie"}]},{"@type":"WebSite","@id":"https:\/\/sanatate.md\/ro\/#website","url":"https:\/\/sanatate.md\/ro\/","name":"Sanatate.md","description":"\u0416\u0443\u0440\u043d\u0430\u043b \u0434\u043b\u044f \u0432\u0441\u0435\u0439 \u0441\u0435\u043c\u044c\u0438 \u0432 \u041c\u043e\u043b\u0434\u043e\u0432\u0435","publisher":{"@id":"https:\/\/sanatate.md\/ro\/#organization"},"potentialAction":[{"@type":"SearchAction","target":{"@type":"EntryPoint","urlTemplate":"https:\/\/sanatate.md\/ro\/?s={search_term_string}"},"query-input":{"@type":"PropertyValueSpecification","valueRequired":true,"valueName":"search_term_string"}}],"inLanguage":"ro-RO"},{"@type":"Organization","@id":"https:\/\/sanatate.md\/ro\/#organization","name":"SANATATE","url":"https:\/\/sanatate.md\/ro\/","logo":{"@type":"ImageObject","inLanguage":"ro-RO","@id":"https:\/\/sanatate.md\/ro\/#\/schema\/logo\/image\/","url":"https:\/\/sanatate.md\/wp-content\/uploads\/2022\/01\/sanatate-logo.svg","contentUrl":"https:\/\/sanatate.md\/wp-content\/uploads\/2022\/01\/sanatate-logo.svg","width":"1024","height":"1024","caption":"SANATATE"},"image":{"@id":"https:\/\/sanatate.md\/ro\/#\/schema\/logo\/image\/"}}]}},"_links":{"self":[{"href":"https:\/\/sanatate.md\/ro\/wp-json\/wp\/v2\/pages\/66967","targetHints":{"allow":["GET"]}}],"collection":[{"href":"https:\/\/sanatate.md\/ro\/wp-json\/wp\/v2\/pages"}],"about":[{"href":"https:\/\/sanatate.md\/ro\/wp-json\/wp\/v2\/types\/page"}],"author":[{"embeddable":true,"href":"https:\/\/sanatate.md\/ro\/wp-json\/wp\/v2\/users\/28"}],"replies":[{"embeddable":true,"href":"https:\/\/sanatate.md\/ro\/wp-json\/wp\/v2\/comments?post=66967"}],"version-history":[{"count":0,"href":"https:\/\/sanatate.md\/ro\/wp-json\/wp\/v2\/pages\/66967\/revisions"}],"up":[{"embeddable":true,"href":"https:\/\/sanatate.md\/ro\/wp-json\/wp\/v2\/pages\/52978"}],"wp:attachment":[{"href":"https:\/\/sanatate.md\/ro\/wp-json\/wp\/v2\/media?parent=66967"}],"curies":[{"name":"wp","href":"https:\/\/api.w.org\/{rel}","templated":true}]}}